{"id":10386,"date":"2024-07-05T15:25:36","date_gmt":"2024-07-05T14:25:36","guid":{"rendered":"https:\/\/www.infinigate.com\/at\/?page_id=10386"},"modified":"2024-10-10T07:06:39","modified_gmt":"2024-10-10T05:06:39","slug":"seppmail-trainings","status":"publish","type":"page","link":"https:\/\/www.infinigate.com\/at\/akademie\/herstellerspezifische-trainings\/seppmail-trainings\/","title":{"rendered":"SEPPmail Trainings"},"content":{"rendered":"\n<figure class=\"wp-block-image alignfull size-large is-style-corner-overlay\"><img decoding=\"async\" src=\"https:\/\/www.infinigate.com\/at\/wp-content\/uploads\/sites\/29\/2024\/07\/HerstellerspezifischeTrainings_Header.jpg\" alt=\"Macmon Trainings\"\/><\/figure>\n\n\n\n<div class=\"wp-block-columns is-layout-flex wp-container-core-columns-is-layout-9d6595d7 wp-block-columns-is-layout-flex\">\n<div class=\"wp-block-column is-layout-flow wp-block-column-is-layout-flow\" style=\"flex-basis:66.66%\">\n<p>Als autorisierter Trainingspartner von SEPPmail bieten wir das offizielle Zertifizierungstraining an, welches sowohl f\u00fcr Reseller als auch f\u00fcr Endkunden zug\u00e4nglich ist.<\/p>\n<\/div>\n\n\n\n<div class=\"wp-block-column is-layout-flow wp-block-column-is-layout-flow\" style=\"flex-basis:33.33%\">\n<figure class=\"wp-block-image size-large is-resized\"><img decoding=\"async\" src=\"https:\/\/www.infinigate.com\/at\/wp-content\/uploads\/sites\/29\/2024\/05\/SeppMail.png\" alt=\"\" style=\"width:309px;height:auto\"\/><\/figure>\n<\/div>\n<\/div>\n\n\n\n<h2 class=\"wp-block-heading is-style-border-left wp-block-heading\">SEPPmail Trainings\u00fcbersicht<\/h2>\n\n\n\n<p class=\"alignwide has-text-align-wide\">Weitere Details zu den Inhalten des Trainings sowie eine \u00dcbersicht \u00fcber die angebotenen Termine k\u00f6nnen Sie hier entnehmen.<\/p>\n\n\n    <section class=\"cards wp-block animate cards--columns-2 cards--type--default alignfull\">\n        <div class=\"cards__inner\">\n            \n            <div class=\"cards__items\">\n                \n                \n                <article class=\"g-card animate-element has-white-background-color has-background has-link g-card--type--custom\">\r\n        <div class=\"g-card__inner\">\r\n                \r\n\r\n                                        <div class=\"g-card__header\">\r\n                    \r\n\r\n                        <h2 class=\"g-card__heading\">    <a rel=\"noopener\" href=\"https:\/\/idconnect.infinigate.de\/akademie?d=standard&#038;manufacturer=85265bedb8377cb3e23e87d0a6ed2056&#038;p=1\" target=\"_blank\">\r\n                SEPPmail Certified System Engineer            <\/a>\r\n<\/h2>\r\n                    \r\n                                            <div class=\"g-card__content\">\r\n                            <p>In unserem eint\u00e4gigen Training erhalten Sie eine strukturierte Einf\u00fchrung in die Grundlagen der E-Mail-Verschl\u00fcsselung. Unsere erfahrenen Trainer teilen ihre umfangreiche Erfahrung aus Installationen und Support und geben hilfreiche Tipps f\u00fcr die Planung, Inbetriebnahme und Verwaltung der SEPPmail Verschl\u00fcsselungsl\u00f6sung. Das Training umfasst praxisnahe \u00dcbungen in Labs.<\/p>\n                        <\/div>\r\n                    \r\n                    \r\n                                    <\/div>\r\n            \r\n            \r\n            \r\n            \r\n\r\n\r\n\r\n            \r\n                <a rel=\"noopener\" href=\"https:\/\/idconnect.infinigate.de\/akademie?d=standard&#038;manufacturer=85265bedb8377cb3e23e87d0a6ed2056&#038;p=1\" target=\"_blank\" class=\"g-button--arrow g-card__read-more\">\r\n                Termine            <\/a>\r\n\r\n                <\/div>\r\n    \r\n    \r\n    <\/article>\r\n            <\/div>\n\n            \n                <\/section>\n\n\n\n<div class=\"wp-block-columns is-layout-flex wp-container-core-columns-is-layout-9d6595d7 wp-block-columns-is-layout-flex\">\n<div class=\"wp-block-column is-layout-flow wp-block-column-is-layout-flow\">\n<figure class=\"wp-block-embed is-type-video is-provider-youtube wp-block-embed-youtube wp-embed-aspect-16-9 wp-has-aspect-ratio\"><div class=\"wp-block-embed__wrapper\">\n<iframe loading=\"lazy\" title=\"SEPPmail Certified System Engineer\" width=\"500\" height=\"281\" src=\"https:\/\/www.youtube.com\/embed\/Jvot3xA8prs?feature=oembed\" frameborder=\"0\" allow=\"accelerometer; autoplay; clipboard-write; encrypted-media; gyroscope; picture-in-picture; web-share\" referrerpolicy=\"strict-origin-when-cross-origin\" allowfullscreen><\/iframe>\n<\/div><figcaption class=\"wp-element-caption\">SEPPmail Certified System Engineer<\/figcaption><\/figure>\n<\/div>\n\n\n\n<div class=\"wp-block-column is-layout-flow wp-block-column-is-layout-flow\"><\/div>\n<\/div>\n\n\n\n<div class=\"wp-block-columns is-layout-flex wp-container-core-columns-is-layout-9d6595d7 wp-block-columns-is-layout-flex\">\n<div class=\"wp-block-column is-layout-flow wp-block-column-is-layout-flow\">\n<h2 class=\"wp-block-heading is-style-border-left wp-block-heading\">Partnerstatus<\/h2>\n\n\n\n<p>F\u00fcr das Erreichen bestimmter Partnerstatus sind unter anderem erfolgreich abgeschlossene Zertifizierungen erforderlich.<\/p>\n\n\n\n<p><strong>Bei SEPPmail ist dies wie folgt geregelt:<\/strong><\/p>\n\n\n\n<ul class=\"wp-block-list\">\n<li><strong>Standard-Partner<\/strong>: Keine zertifizierten SEPPmail Certified System Engineers erforderlich.<\/li>\n\n\n\n<li><strong>Silber-Partner<\/strong>: Mindestens ein zertifizierter SEPPmail Certified System Engineer erforderlich.<\/li>\n\n\n\n<li><strong>Gold-Partner<\/strong>: Mindestens zwei zertifizierte SEPPmail Certified System Engineers erforderlich.<\/li>\n<\/ul>\n\n\n\n<p>Diese Regelung stellt sicher, dass Partner auf den jeweiligen Stufen \u00fcber das notwendige Fachwissen verf\u00fcgen, um SEPPmail-L\u00f6sungen professionell und effektiv zu implementieren und zu unterst\u00fctzen.<\/p>\n<\/div>\n<\/div>\n\n\n\n&nbsp;\n\n\n\n<div class=\"wp-block-cover alignwide\"><span aria-hidden=\"true\" class=\"wp-block-cover__background has-blue-background-color has-background-dim-0 has-background-dim\"><\/span><img loading=\"lazy\" decoding=\"async\" width=\"1920\" height=\"1080\" class=\"wp-block-cover__image-background wp-image-4092\" alt=\"\" src=\"https:\/\/www.infinigate.com\/at\/wp-content\/uploads\/sites\/32\/2024\/03\/Digital_Textures_V2.jpg\" data-object-fit=\"cover\" srcset=\"https:\/\/www.infinigate.com\/at\/wp-content\/uploads\/sites\/29\/2024\/03\/Digital_Textures_V2.jpg 1920w, https:\/\/www.infinigate.com\/at\/wp-content\/uploads\/sites\/29\/2024\/03\/Digital_Textures_V2-300x169.jpg 300w, https:\/\/www.infinigate.com\/at\/wp-content\/uploads\/sites\/29\/2024\/03\/Digital_Textures_V2-1024x576.jpg 1024w, https:\/\/www.infinigate.com\/at\/wp-content\/uploads\/sites\/29\/2024\/03\/Digital_Textures_V2-768x432.jpg 768w, https:\/\/www.infinigate.com\/at\/wp-content\/uploads\/sites\/29\/2024\/03\/Digital_Textures_V2-1536x864.jpg 1536w\" sizes=\"auto, (max-width: 1920px) 100vw, 1920px\" \/><div class=\"wp-block-cover__inner-container is-layout-constrained wp-block-cover-is-layout-constrained\">\n<div class=\"wp-block-columns is-layout-flex wp-container-core-columns-is-layout-9d6595d7 wp-block-columns-is-layout-flex\" id=\"Kontakt\">\n<div class=\"wp-block-column is-layout-flow wp-block-column-is-layout-flow\" style=\"flex-basis:66.66%\">\n<h3 class=\"wp-block-heading has-text-align-left is-style-border-left has-white-color has-text-color has-link-color wp-elements-d487bc1b4571f39145b11c5a55357182\" id=\"h-kontakt-zum-akademie-team\">Kontakt zum Akademie Team<\/h3>\n\n\n\n<p>Sie haben Fragen? Unsere Akademie ist gerne f\u00fcr Sie da.<\/p>\n<\/div>\n\n\n\n<div class=\"wp-block-column is-vertically-aligned-center is-layout-flow wp-block-column-is-layout-flow\" style=\"flex-basis:33.33%\">\n<p class=\"has-text-align-center has-white-color has-text-color has-link-color wp-elements-c54ec4f8f6ced1f2b01cf0599b964d19\"><a href=\"mailto:akademie@infinigate.de\">akademie@infinigate.de<\/a><br><a href=\"tel:+498989048401\">+49 89 89048401<\/a><\/p>\n\n\n\n<div class=\"wp-block-buttons is-content-justification-center is-layout-flex wp-container-core-buttons-is-layout-16018d1d wp-block-buttons-is-layout-flex\">\n<div class=\"wp-block-button\"><a class=\"wp-block-button__link wp-element-button\" href=\"mailto:akademie@infinigate.de\" target=\"_blank\" rel=\"noreferrer noopener\">Kontakt aufnehmen<\/a><\/div>\n<\/div>\n<\/div>\n<\/div>\n<\/div><\/div>\n","protected":false},"excerpt":{"rendered":"<p>Als autorisierter Trainingspartner von SEPPmail bieten wir das offizielle Zertifizierungstraining an, welches sowohl f\u00fcr Reseller als auch f\u00fcr Endkunden zug\u00e4nglich&hellip;<\/p>\n","protected":false},"author":36,"featured_media":0,"parent":9664,"menu_order":35,"comment_status":"closed","ping_status":"closed","template":"","meta":{"_acf_changed":false,"footnotes":""},"folder":[390],"class_list":["post-10386","page","type-page","status-publish","hentry"],"acf":[],"distributor_meta":false,"distributor_terms":false,"distributor_media":false,"distributor_original_site_name":"Infinigate | Austria","distributor_original_site_url":"https:\/\/www.infinigate.com\/at","push-errors":false,"_links":{"self":[{"href":"https:\/\/www.infinigate.com\/at\/wp-json\/wp\/v2\/pages\/10386","targetHints":{"allow":["GET"]}}],"collection":[{"href":"https:\/\/www.infinigate.com\/at\/wp-json\/wp\/v2\/pages"}],"about":[{"href":"https:\/\/www.infinigate.com\/at\/wp-json\/wp\/v2\/types\/page"}],"author":[{"embeddable":true,"href":"https:\/\/www.infinigate.com\/at\/wp-json\/wp\/v2\/users\/36"}],"replies":[{"embeddable":true,"href":"https:\/\/www.infinigate.com\/at\/wp-json\/wp\/v2\/comments?post=10386"}],"version-history":[{"count":0,"href":"https:\/\/www.infinigate.com\/at\/wp-json\/wp\/v2\/pages\/10386\/revisions"}],"up":[{"embeddable":true,"href":"https:\/\/www.infinigate.com\/at\/wp-json\/wp\/v2\/pages\/9664"}],"wp:attachment":[{"href":"https:\/\/www.infinigate.com\/at\/wp-json\/wp\/v2\/media?parent=10386"}],"wp:term":[{"taxonomy":"folder","embeddable":true,"href":"https:\/\/www.infinigate.com\/at\/wp-json\/wp\/v2\/folder?post=10386"}],"curies":[{"name":"wp","href":"https:\/\/api.w.org\/{rel}","templated":true}]}}