{"id":10408,"date":"2024-07-08T09:16:06","date_gmt":"2024-07-08T08:16:06","guid":{"rendered":"https:\/\/www.infinigate.com\/at\/?page_id=10408"},"modified":"2024-07-09T17:01:40","modified_gmt":"2024-07-09T16:01:40","slug":"extreme-networks-im-gesundheitswesen","status":"publish","type":"page","link":"https:\/\/www.infinigate.com\/at\/lp\/h\/extreme-networks\/extreme-networks-im-gesundheitswesen\/","title":{"rendered":"Extreme Networks im Gesundheitswesen"},"content":{"rendered":"\n<div class=\"wp-block-columns is-layout-flex wp-container-core-columns-is-layout-9d6595d7 wp-block-columns-is-layout-flex\">\n<div class=\"wp-block-column is-layout-flow wp-block-column-is-layout-flow\">\n<figure class=\"wp-block-image size-full\"><img loading=\"lazy\" decoding=\"async\" width=\"1250\" height=\"350\" src=\"https:\/\/www.infinigate.com\/at\/wp-content\/uploads\/sites\/32\/2024\/07\/Extreme_IT-Business_Web-Banner_1250x350_1920x1920.jpg\" alt=\"\" class=\"wp-image-10670\" srcset=\"https:\/\/www.infinigate.com\/at\/wp-content\/uploads\/sites\/29\/2024\/07\/Extreme_IT-Business_Web-Banner_1250x350_1920x1920.jpg 1250w, https:\/\/www.infinigate.com\/at\/wp-content\/uploads\/sites\/29\/2024\/07\/Extreme_IT-Business_Web-Banner_1250x350_1920x1920-300x84.jpg 300w, https:\/\/www.infinigate.com\/at\/wp-content\/uploads\/sites\/29\/2024\/07\/Extreme_IT-Business_Web-Banner_1250x350_1920x1920-1024x287.jpg 1024w, https:\/\/www.infinigate.com\/at\/wp-content\/uploads\/sites\/29\/2024\/07\/Extreme_IT-Business_Web-Banner_1250x350_1920x1920-768x215.jpg 768w\" sizes=\"auto, (max-width: 1250px) 100vw, 1250px\" \/><\/figure>\n<\/div>\n<\/div>\n\n\n\n<h2 class=\"wp-block-heading wp-block-heading\" id=\"h-neugestaltung-von-it-netzwerken-im-gesundheitswesen\">Neugestaltung von IT-Netzwerken im Gesundheitswesen<\/h2>\n\n\n\n<div class=\"wp-block-columns is-layout-flex wp-container-core-columns-is-layout-9d6595d7 wp-block-columns-is-layout-flex\">\n<div class=\"wp-block-column is-layout-flow wp-block-column-is-layout-flow\">\n<p>Krankenh\u00e4user und andere Organisationen des Gesundheitswesens auf der ganzen Welt durchlaufen derzeit einen Wandel, um die bestm\u00f6gliche Patientenversorgung zu gew\u00e4hrleisten. Dabei verlassen sie sich auf Technologien, die f\u00fcr die Sicherheit, das Engagement und die Behandlung von Patienten von entscheidender Bedeutung sind. <\/p>\n\n\n\n<p>Der Schutz kritischer Patientendaten und die Einhaltung gesetzlicher Bestimmungen sind unerl\u00e4sslich, um Menschen, klinische Einrichtungen und dazugeh\u00f6rige Verm\u00f6genswerte vor der allgegenw\u00e4rtigen Gefahr von Verst\u00f6\u00dfen zu sch\u00fctzen. Extreme Networks ist sich bewusst, dass alle Handlungen und Entscheidungen, die Organisationen des Gesundheitswesens treffen, f\u00fcr ihre Patienten von entscheidender Bedeutung sind.<\/p>\n\n\n\n<div class=\"wp-block-buttons is-content-justification-left is-layout-flex wp-container-core-buttons-is-layout-fdcfc74e wp-block-buttons-is-layout-flex\">\n<div class=\"wp-block-button\"><a class=\"wp-block-button__link wp-element-button\" href=\"#download\">Zum Download Dokumente<\/a><\/div>\n<\/div>\n<\/div>\n\n\n\n<div class=\"wp-block-column is-layout-flow wp-block-column-is-layout-flow\">\n<p>Daher setzt Extreme Networks alles daran, die leistungsstarke Netzwerkinfrastruktur bereitzustellen, die zum Schutz, zur Wartung und zum Zugriff auf die wichtigsten Ressourcen ben\u00f6tigt wird.<\/p>\n\n\n\n<p>Extreme Networks hat ein zertifiziertes Healthcare Team, das Kunden (und Partnern) bei der Planung und Durchf\u00fchrung von Digitalisierungsprojekten sowohl mit langj\u00e4hriger Erfahrung als auch mit dem n\u00f6tigen Wissen zu den Richtlinien und F\u00f6rdervoraussetzungen zur Seite steht. Das Healthcare Team ber\u00e4t was bei Vorhaben zu beachten ist, um diese bestm\u00f6glich und technisch sinnvoll umzusetzen und Standards sowie festgelegte Rahmenbedingungen einzuhalten &#8211; Stichworte KHZG Beratung, Unterst\u00fctzung bei der Antragsstellung, IT Reifegradmodell und\/oder IT Strategie.<\/p>\n<\/div>\n<\/div>\n\n\n\n<div class=\"wp-block-columns is-layout-flex wp-container-core-columns-is-layout-9d6595d7 wp-block-columns-is-layout-flex\">\n<div class=\"wp-block-column is-layout-flow wp-block-column-is-layout-flow\">\n<h2 class=\"wp-block-heading wp-block-heading\" id=\"h-nis2-kommt\">NIS2 kommt!<\/h2>\n\n\n\n<div class=\"wp-block-columns is-layout-flex wp-container-core-columns-is-layout-9d6595d7 wp-block-columns-is-layout-flex\">\n<div class=\"wp-block-column is-layout-flow wp-block-column-is-layout-flow\" style=\"flex-basis:33.33%\">\n<p>In diesem Video erfahren Sie, welche Auswirkungen das IT-Sicherheitsgesetz hat und welche Anforderungen durch KRITIS\/NIS2 geregelt werden.<\/p>\n\n\n\n<p><strong>Paul Weissmann<\/strong> | Gr\u00fcnder von <a href=\"http:\/\/OpenKritis.de\" target=\"_blank\" rel=\"noreferrer noopener nofollow\">OpenKritis.de<\/a> gibt einen \u00dcberblick zu KRITIS\/NIS2 und <strong>Olaf Hagemann<\/strong> | Director of Systems Engineering DACH, wie die Extreme Networks L\u00f6sungen helfen k\u00f6nnen, die Vorgaben umzusetzen.<\/p>\n\n\n\n<div class=\"wp-block-buttons is-layout-flex wp-block-buttons-is-layout-flex\">\n<div class=\"wp-block-button\"><a class=\"wp-block-button__link wp-element-button\" href=\"https:\/\/attendee.gotowebinar.com\/recording\/8400259380588762627\" target=\"_blank\" rel=\"noreferrer noopener\">Zum Video on Demand<\/a><\/div>\n<\/div>\n<\/div>\n\n\n\n<div class=\"wp-block-column is-layout-flow wp-block-column-is-layout-flow\" style=\"flex-basis:66.66%\">\n<figure class=\"wp-block-image size-full\"><img loading=\"lazy\" decoding=\"async\" width=\"794\" height=\"382\" src=\"https:\/\/www.infinigate.com\/at\/wp-content\/uploads\/sites\/32\/2024\/07\/Screenshot_NIS2_Webinar.png\" alt=\"\" class=\"wp-image-11050\" srcset=\"https:\/\/www.infinigate.com\/at\/wp-content\/uploads\/sites\/29\/2024\/07\/Screenshot_NIS2_Webinar.png 794w, https:\/\/www.infinigate.com\/at\/wp-content\/uploads\/sites\/29\/2024\/07\/Screenshot_NIS2_Webinar-300x144.png 300w, https:\/\/www.infinigate.com\/at\/wp-content\/uploads\/sites\/29\/2024\/07\/Screenshot_NIS2_Webinar-768x369.png 768w\" sizes=\"auto, (max-width: 794px) 100vw, 794px\" \/><\/figure>\n\n\n\n<figure class=\"wp-block-image size-full\"><img loading=\"lazy\" decoding=\"async\" width=\"801\" height=\"396\" src=\"https:\/\/www.infinigate.com\/at\/wp-content\/uploads\/sites\/32\/2024\/07\/Screenshot_NIS2_Webinar_Teil_Extreme.png\" alt=\"\" class=\"wp-image-11051\" srcset=\"https:\/\/www.infinigate.com\/at\/wp-content\/uploads\/sites\/29\/2024\/07\/Screenshot_NIS2_Webinar_Teil_Extreme.png 801w, https:\/\/www.infinigate.com\/at\/wp-content\/uploads\/sites\/29\/2024\/07\/Screenshot_NIS2_Webinar_Teil_Extreme-300x148.png 300w, https:\/\/www.infinigate.com\/at\/wp-content\/uploads\/sites\/29\/2024\/07\/Screenshot_NIS2_Webinar_Teil_Extreme-768x380.png 768w\" sizes=\"auto, (max-width: 801px) 100vw, 801px\" \/><\/figure>\n<\/div>\n<\/div>\n\n\n\n<h2 class=\"wp-block-heading wp-block-heading\" id=\"h-entdecken-sie-extreme-networks-im-gesundheitswesen\">Entdecken Sie Extreme Networks im Gesundheitswesen!<\/h2>\n\n\n\n<p>Laden Sie jetzt kostenlos unsere Dokumente herunter und erhalten Sie wertvolle Einblicke.<\/p>\n\n\n\n<div class=\"wp-block-columns is-layout-flex wp-container-core-columns-is-layout-9d6595d7 wp-block-columns-is-layout-flex\">\n<div class=\"wp-block-column is-layout-flow wp-block-column-is-layout-flow\">\n<figure class=\"wp-block-image size-full is-style-default\"><img loading=\"lazy\" decoding=\"async\" width=\"1275\" height=\"1650\" src=\"https:\/\/www.infinigate.com\/at\/wp-content\/uploads\/sites\/32\/2024\/07\/Extreme_Networks_for_Healthcare_LP.png\" alt=\"\" class=\"wp-image-11047\" srcset=\"https:\/\/www.infinigate.com\/at\/wp-content\/uploads\/sites\/29\/2024\/07\/Extreme_Networks_for_Healthcare_LP.png 1275w, https:\/\/www.infinigate.com\/at\/wp-content\/uploads\/sites\/29\/2024\/07\/Extreme_Networks_for_Healthcare_LP-232x300.png 232w, https:\/\/www.infinigate.com\/at\/wp-content\/uploads\/sites\/29\/2024\/07\/Extreme_Networks_for_Healthcare_LP-791x1024.png 791w, https:\/\/www.infinigate.com\/at\/wp-content\/uploads\/sites\/29\/2024\/07\/Extreme_Networks_for_Healthcare_LP-768x994.png 768w, https:\/\/www.infinigate.com\/at\/wp-content\/uploads\/sites\/29\/2024\/07\/Extreme_Networks_for_Healthcare_LP-1187x1536.png 1187w\" sizes=\"auto, (max-width: 1275px) 100vw, 1275px\" \/><figcaption class=\"wp-element-caption\">Extreme Networks im Gesundheitswesen<\/figcaption><\/figure>\n<\/div>\n\n\n\n<div class=\"wp-block-column is-layout-flow wp-block-column-is-layout-flow\">\n<figure class=\"wp-block-image\"><img loading=\"lazy\" decoding=\"async\" width=\"11269\" height=\"15938\" src=\"https:\/\/www.infinigate.com\/at\/wp-content\/uploads\/sites\/32\/2024\/07\/Extreme_Zertifikat_Krankenhauszukunftsfonds_LP.png\" alt=\"\" class=\"wp-image-11048\"\/><figcaption class=\"wp-element-caption\">Zertifikat Extreme Networks Krankenhausfonds<\/figcaption><\/figure>\n<\/div>\n<\/div>\n\n\n\n<div class=\"wp-block-columns is-layout-flex wp-container-core-columns-is-layout-9d6595d7 wp-block-columns-is-layout-flex\">\n<div class=\"wp-block-column is-layout-flow wp-block-column-is-layout-flow\">\n<figure class=\"wp-block-image size-large\"><img loading=\"lazy\" decoding=\"async\" width=\"1024\" height=\"576\" src=\"https:\/\/www.infinigate.com\/at\/wp-content\/uploads\/sites\/32\/2024\/07\/OpenKRITIS_Webinar_LP-1024x576.png\" alt=\"\" class=\"wp-image-11049\" srcset=\"https:\/\/www.infinigate.com\/at\/wp-content\/uploads\/sites\/29\/2024\/07\/OpenKRITIS_Webinar_LP-1024x576.png 1024w, https:\/\/www.infinigate.com\/at\/wp-content\/uploads\/sites\/29\/2024\/07\/OpenKRITIS_Webinar_LP-300x169.png 300w, https:\/\/www.infinigate.com\/at\/wp-content\/uploads\/sites\/29\/2024\/07\/OpenKRITIS_Webinar_LP-768x432.png 768w, https:\/\/www.infinigate.com\/at\/wp-content\/uploads\/sites\/29\/2024\/07\/OpenKRITIS_Webinar_LP-1536x864.png 1536w, https:\/\/www.infinigate.com\/at\/wp-content\/uploads\/sites\/29\/2024\/07\/OpenKRITIS_Webinar_LP-2048x1152.png 2048w\" sizes=\"auto, (max-width: 1024px) 100vw, 1024px\" \/><figcaption class=\"wp-element-caption\">Pr\u00e4sentation aus dem Webinar KRITIS\/NIS2 &amp; Extreme Networks<\/figcaption><\/figure>\n<\/div>\n<\/div>\n\n\n\n<h2 class=\"wp-block-heading wp-block-heading\" id=\"download\">Zum Download Dokumente:<\/h2>\n\n\n\n<iframe src=\"https:\/\/scnem2.com\/a.php?sid=7pqfv.12s7ref,f=7\" height=\"1300px\" title=\"description\"><\/iframe>\n<\/div>\n<\/div>\n\n\n\n<div class=\"wp-block-cover alignwide\" id=\"kontakt\"><span aria-hidden=\"true\" class=\"wp-block-cover__background has-blue-background-color has-background-dim-0 has-background-dim\"><\/span><img loading=\"lazy\" decoding=\"async\" width=\"1920\" height=\"1080\" class=\"wp-block-cover__image-background wp-image-4092\" alt=\"\" src=\"https:\/\/www.infinigate.com\/at\/wp-content\/uploads\/sites\/32\/2024\/03\/Digital_Textures_V2.jpg\" data-object-fit=\"cover\" srcset=\"https:\/\/www.infinigate.com\/at\/wp-content\/uploads\/sites\/29\/2024\/03\/Digital_Textures_V2.jpg 1920w, https:\/\/www.infinigate.com\/at\/wp-content\/uploads\/sites\/29\/2024\/03\/Digital_Textures_V2-300x169.jpg 300w, https:\/\/www.infinigate.com\/at\/wp-content\/uploads\/sites\/29\/2024\/03\/Digital_Textures_V2-1024x576.jpg 1024w, https:\/\/www.infinigate.com\/at\/wp-content\/uploads\/sites\/29\/2024\/03\/Digital_Textures_V2-768x432.jpg 768w, https:\/\/www.infinigate.com\/at\/wp-content\/uploads\/sites\/29\/2024\/03\/Digital_Textures_V2-1536x864.jpg 1536w\" sizes=\"auto, (max-width: 1920px) 100vw, 1920px\" \/><div class=\"wp-block-cover__inner-container is-layout-constrained wp-block-cover-is-layout-constrained\">\n<div class=\"wp-block-columns is-layout-flex wp-container-core-columns-is-layout-9d6595d7 wp-block-columns-is-layout-flex\">\n<div class=\"wp-block-column is-layout-flow wp-block-column-is-layout-flow\" style=\"flex-basis:66.66%\">\n<h3 class=\"wp-block-heading has-text-align-left is-style-border-left has-white-color has-text-color has-link-color wp-elements-2d9fe45117fc3d727cb9c78a9b4ab4f0\" id=\"h-kontakt-zum-extreme-networks-team\">Kontakt zum  Extreme Networks Team<\/h3>\n\n\n\n<p>Unser Extreme NetworksTeam unterst\u00fctzt Sie gerne bei Ihren vertrieblichen Anfragen, bei Pre-Sales Themen oder bei geplanten Marketing-Aktivit\u00e4ten.<\/p>\n<\/div>\n\n\n\n<div class=\"wp-block-column is-vertically-aligned-center is-layout-flow wp-block-column-is-layout-flow\" style=\"flex-basis:33.33%\">\n<p class=\"has-text-align-center has-white-color has-text-color has-link-color wp-elements-bed6311d6889f177b8efa3978b6e687d\"><a href=\"mailto:extreme@infinigate.de\">extreme@infinigate.de<\/a><br>+49 89 89048-370<\/p>\n\n\n\n<div class=\"wp-block-buttons is-content-justification-center is-layout-flex wp-container-core-buttons-is-layout-16018d1d wp-block-buttons-is-layout-flex\">\n<div class=\"wp-block-button\"><a class=\"wp-block-button__link wp-element-button\" href=\"https:\/\/infinigatecstg.wpengine.com\/contact\/\">Kontakt aufnehmen<\/a><\/div>\n<\/div>\n<\/div>\n<\/div>\n<\/div><\/div>\n","protected":false},"excerpt":{"rendered":"<p>Neugestaltung von IT-Netzwerken im Gesundheitswesen Krankenh\u00e4user und andere Organisationen des Gesundheitswesens auf der ganzen Welt durchlaufen derzeit einen Wandel, um&hellip;<\/p>\n","protected":false},"author":36,"featured_media":0,"parent":10465,"menu_order":0,"comment_status":"closed","ping_status":"closed","template":"","meta":{"_acf_changed":false,"footnotes":""},"folder":[423],"class_list":["post-10408","page","type-page","status-publish","hentry"],"acf":[],"distributor_meta":false,"distributor_terms":false,"distributor_media":false,"distributor_original_site_name":"Infinigate | Austria","distributor_original_site_url":"https:\/\/www.infinigate.com\/at","push-errors":false,"_links":{"self":[{"href":"https:\/\/www.infinigate.com\/at\/wp-json\/wp\/v2\/pages\/10408","targetHints":{"allow":["GET"]}}],"collection":[{"href":"https:\/\/www.infinigate.com\/at\/wp-json\/wp\/v2\/pages"}],"about":[{"href":"https:\/\/www.infinigate.com\/at\/wp-json\/wp\/v2\/types\/page"}],"author":[{"embeddable":true,"href":"https:\/\/www.infinigate.com\/at\/wp-json\/wp\/v2\/users\/36"}],"replies":[{"embeddable":true,"href":"https:\/\/www.infinigate.com\/at\/wp-json\/wp\/v2\/comments?post=10408"}],"version-history":[{"count":0,"href":"https:\/\/www.infinigate.com\/at\/wp-json\/wp\/v2\/pages\/10408\/revisions"}],"up":[{"embeddable":true,"href":"https:\/\/www.infinigate.com\/at\/wp-json\/wp\/v2\/pages\/10465"}],"wp:attachment":[{"href":"https:\/\/www.infinigate.com\/at\/wp-json\/wp\/v2\/media?parent=10408"}],"wp:term":[{"taxonomy":"folder","embeddable":true,"href":"https:\/\/www.infinigate.com\/at\/wp-json\/wp\/v2\/folder?post=10408"}],"curies":[{"name":"wp","href":"https:\/\/api.w.org\/{rel}","templated":true}]}}