{"id":12742,"date":"2024-07-22T08:37:12","date_gmt":"2024-07-22T07:37:12","guid":{"rendered":"https:\/\/www.infinigate.com\/at\/?page_id=12742"},"modified":"2024-10-10T07:39:42","modified_gmt":"2024-10-10T05:39:42","slug":"seppmail-lizenzmodelle","status":"publish","type":"page","link":"https:\/\/www.infinigate.com\/at\/lp\/h\/seppmail\/seppmail-lizenzmodelle\/","title":{"rendered":"SEPPmail Lizenzmodelle"},"content":{"rendered":"\n<div class=\"wp-block-columns is-layout-flex wp-container-core-columns-is-layout-9d6595d7 wp-block-columns-is-layout-flex\">\n<div class=\"wp-block-column is-layout-flow wp-block-column-is-layout-flow\" style=\"flex-basis:66.66%\">\n<p>W\u00e4hlen Sie das f\u00fcr Ihr Unternehmen optimale SEPPmail Lizenzmodell:<\/p>\n<\/div>\n\n\n\n<div class=\"wp-block-column is-layout-flow wp-block-column-is-layout-flow\" style=\"flex-basis:33.33%\">\n<figure class=\"wp-block-image size-large\"><img decoding=\"async\" src=\"https:\/\/www.infinigate.com\/at\/wp-content\/uploads\/sites\/29\/2024\/05\/SeppMail.png\" alt=\"\"\/><\/figure>\n<\/div>\n<\/div>\n\n\n\n<div class=\"wp-block-columns is-layout-flex wp-container-core-columns-is-layout-9d6595d7 wp-block-columns-is-layout-flex\">\n<div class=\"wp-block-column is-layout-flow wp-block-column-is-layout-flow\">\n<h4 class=\"wp-block-heading wp-block-heading\">Perpetual<\/h4>\n\n\n\n<p>Entscheidet sich ein Kunde f\u00fcr das Perpetual-(Kauf-)Lizenzmodell, erwirbt er ein dauerhaftes Nutzungsrecht an der Software.<br>Um seine SEPPmail Up-to-Date zu halten (Software-Updates und -Upgrades, Patches und Fixes), schlie\u00dft er zus\u00e4tzlich zu den Kauflizenzen einen <a href=\"https:\/\/downloads.seppmail.com\/wp-content\/uploads\/docu\/Maintenance-and-Support.pdf\" target=\"_blank\" rel=\"noreferrer noopener\">Software-Wartungsvertrag<\/a> ab.<br>Damit hat er zugleich Anspruch auf technischen Post-Sales-Support (1st Level: SEPPmail-Partner, 2nd Level Distributor, 3rd Level SEPPmail).<br>Der <a href=\"https:\/\/downloads.seppmail.com\/wp-content\/uploads\/docu\/Maintenance-and-Support.pdf\" target=\"_blank\" rel=\"noreferrer noopener\">Software-Wartungsvertrag<\/a> kann bei Ablauf wieder verl\u00e4ngert werden.<\/p>\n\n\n\n<p>Das Perpetual-Lizenzmodell erm\u00f6glicht dem Kunden, aus allen f\u00fcr das SEPPmail Secure E-Mail Gateway zur Verf\u00fcgung stehenden Funktionsmodulen auszuw\u00e4hlen, seine Installation nach seinen individuellen Bed\u00fcrfnissen zusammenzustellen und ggfs. sp\u00e4ter zu erweitern.<br>Die Domain-Encryption ist bereits in der Basis-Lizenz enthalten, die zusammen mit der Appliance-Lizenz ausgeliefert wird.<\/p>\n<\/div>\n\n\n\n<div class=\"wp-block-column is-layout-flow wp-block-column-is-layout-flow\">\n<h4 class=\"wp-block-heading wp-block-heading\">Subscription<\/h4>\n\n\n\n<p>Mit dem Subscription-(Miet-)Lizenzmodell entscheidet sich der Kunde f\u00fcr eine zeitlich beschr\u00e4nkte Nutzung der SEPPmail-L\u00f6sung.<br>Der <a href=\"https:\/\/downloads.seppmail.com\/wp-content\/uploads\/docu\/Maintenance-and-Support.pdf\" target=\"_blank\" rel=\"noreferrer noopener\">Software-Wartungsvertrag<\/a> ist hier bereits in allen Lizenzmodulen f\u00fcr die gew\u00e4hlte Mietlaufzeit inbegriffen und muss nicht separat hinzugebucht werden.<br>Bei Subscription ist die Domain-Encryption-Lizenz nicht automatisch in der Appliance-Lizenz enthalten und kann optional hinzu erworben werden.<br>Mit Ausnahme der &#8222;GINA Only&#8220;-Lizenzierung stehen dem Kunden auch bei Subscription alle SEPPmail Funktionsmodule f\u00fcr eine individuelle Konfiguration seiner L\u00f6sung zur Verf\u00fcgung.<\/p>\n\n\n\n<p>Nach Ablauf der erworbenen Subscription-Laufzeit ist zur weiteren Nutzung der SEPPmail eine Erneuerung der Subscription erforderlich.<\/p>\n<\/div>\n<\/div>\n\n\n\n<h4 class=\"wp-block-heading wp-block-heading\">Kostenvergleich<\/h4>\n\n\n\n<p>Bei einem Vergleich der Kosten der beiden Lizenzmodelle ist der typische Verlauf zu beobachten: In der initialen Anschaffung sind die Kosten beim Perpetual-Modell deutlich h\u00f6her als bei Subscription:<br>Dem Kostenblock Kauflizenz + Wartung bei Perpetual-Lizenzierung steht initial ein vergleichsweise niedriger Betrag f\u00fcr die Subscription im ersten Jahr gegen\u00fcber.<br>In den Folgejahren f\u00e4llt f\u00fcr die Perpetual-Lizenzen dagegen nur noch ein relativ geringer Betrag f\u00fcr die laufende Software-Wartung an, w\u00e4hrend bei Subscription wieder der gleiche Betrag wie im ersten Jahr zu Buche schl\u00e4gt.<br>Es ist zu erwarten, dass bei einer 1:1 Betrachtung der Break-Even zugunsten der Perpetual-Lizenzierung bei einer Gesamtkostenbetrachtung bei ca. drei Jahren liegt.<\/p>\n\n\n\n<p>Nachfolgende Diagramme veranschaulichen den Kostenverlauf am Beispiel einer typischen L\u00f6sungsgr\u00f6\u00dfe:<\/p>\n\n\n\n<div class=\"wp-block-columns is-layout-flex wp-container-core-columns-is-layout-9d6595d7 wp-block-columns-is-layout-flex\">\n<div class=\"wp-block-column is-layout-flow wp-block-column-is-layout-flow\">\n<figure class=\"wp-block-image size-large\"><img decoding=\"async\" src=\"https:\/\/www.infinigate.com\/at\/wp-content\/uploads\/sites\/29\/2024\/07\/SEPPmail_Lizenzierung_Landingpage_1.png\" alt=\"\"\/><\/figure>\n<\/div>\n\n\n\n<div class=\"wp-block-column is-layout-flow wp-block-column-is-layout-flow\">\n<figure class=\"wp-block-image size-large\"><img decoding=\"async\" src=\"https:\/\/www.infinigate.com\/at\/wp-content\/uploads\/sites\/29\/2024\/07\/SEPPmail_Lizenzierung_Landingpage_2.png\" alt=\"\"\/><\/figure>\n<\/div>\n<\/div>\n\n\n\n<div class=\"wp-block-cover alignwide\" id=\"kontakt\"><span aria-hidden=\"true\" class=\"wp-block-cover__background has-blue-background-color has-background-dim-0 has-background-dim\"><\/span><img loading=\"lazy\" decoding=\"async\" width=\"1920\" height=\"1080\" class=\"wp-block-cover__image-background wp-image-4092\" alt=\"\" src=\"https:\/\/www.infinigate.com\/at\/wp-content\/uploads\/sites\/32\/2024\/03\/Digital_Textures_V2.jpg\" data-object-fit=\"cover\" srcset=\"https:\/\/www.infinigate.com\/at\/wp-content\/uploads\/sites\/29\/2024\/03\/Digital_Textures_V2.jpg 1920w, https:\/\/www.infinigate.com\/at\/wp-content\/uploads\/sites\/29\/2024\/03\/Digital_Textures_V2-300x169.jpg 300w, https:\/\/www.infinigate.com\/at\/wp-content\/uploads\/sites\/29\/2024\/03\/Digital_Textures_V2-1024x576.jpg 1024w, https:\/\/www.infinigate.com\/at\/wp-content\/uploads\/sites\/29\/2024\/03\/Digital_Textures_V2-768x432.jpg 768w, https:\/\/www.infinigate.com\/at\/wp-content\/uploads\/sites\/29\/2024\/03\/Digital_Textures_V2-1536x864.jpg 1536w\" sizes=\"auto, (max-width: 1920px) 100vw, 1920px\" \/><div class=\"wp-block-cover__inner-container is-layout-constrained wp-block-cover-is-layout-constrained\">\n<div class=\"wp-block-columns is-layout-flex wp-container-core-columns-is-layout-9d6595d7 wp-block-columns-is-layout-flex\">\n<div class=\"wp-block-column is-layout-flow wp-block-column-is-layout-flow\" style=\"flex-basis:66.66%\">\n<h3 class=\"wp-block-heading has-text-align-left is-style-border-left has-white-color has-text-color has-link-color wp-elements-be8985e47fc939aee8a590f8a23c210c\" id=\"h-kontakt-zum-seppmail-team\">Kontakt zum SEPPmail Team<\/h3>\n\n\n\n<p>Unser SEPPmail Team unterst\u00fctzt Sie gerne bei Ihren vertrieblichen Anfragen, bei Pre-Sales Themen oder bei geplanten Marketing-Aktivit\u00e4ten.<\/p>\n<\/div>\n\n\n\n<div class=\"wp-block-column is-vertically-aligned-center is-layout-flow wp-block-column-is-layout-flow\" style=\"flex-basis:33.33%\">\n<p class=\"has-text-align-center has-white-color has-text-color has-link-color wp-elements-206e31bfab947f60eeb6b0479744bb65\"><a href=\"mailto:seppmail@infinigate.de\" target=\"_blank\" rel=\"noreferrer noopener\">seppmail@infinigate.de<\/a><br><a href=\"tel:+498989048391\">+49 89 89048-38<\/a><a href=\"tel:+498989048383\">3<\/a><\/p>\n\n\n\n<div class=\"wp-block-buttons is-content-justification-center is-layout-flex wp-container-core-buttons-is-layout-16018d1d wp-block-buttons-is-layout-flex\">\n<div class=\"wp-block-button\"><a class=\"wp-block-button__link wp-element-button\" href=\"mailto:seppmail@infinigate.de\" target=\"_blank\" rel=\"noreferrer noopener\">Kontakt aufnehmen<\/a><\/div>\n<\/div>\n<\/div>\n<\/div>\n<\/div><\/div>\n","protected":false},"excerpt":{"rendered":"<p>W\u00e4hlen Sie das f\u00fcr Ihr Unternehmen optimale SEPPmail Lizenzmodell: Perpetual Entscheidet sich ein Kunde f\u00fcr das Perpetual-(Kauf-)Lizenzmodell, erwirbt er ein&hellip;<\/p>\n","protected":false},"author":36,"featured_media":0,"parent":12750,"menu_order":0,"comment_status":"closed","ping_status":"closed","template":"","meta":{"_acf_changed":false,"footnotes":""},"folder":[434],"class_list":["post-12742","page","type-page","status-publish","hentry"],"acf":[],"distributor_meta":false,"distributor_terms":false,"distributor_media":false,"distributor_original_site_name":"Infinigate | Austria","distributor_original_site_url":"https:\/\/www.infinigate.com\/at","push-errors":false,"_links":{"self":[{"href":"https:\/\/www.infinigate.com\/at\/wp-json\/wp\/v2\/pages\/12742","targetHints":{"allow":["GET"]}}],"collection":[{"href":"https:\/\/www.infinigate.com\/at\/wp-json\/wp\/v2\/pages"}],"about":[{"href":"https:\/\/www.infinigate.com\/at\/wp-json\/wp\/v2\/types\/page"}],"author":[{"embeddable":true,"href":"https:\/\/www.infinigate.com\/at\/wp-json\/wp\/v2\/users\/36"}],"replies":[{"embeddable":true,"href":"https:\/\/www.infinigate.com\/at\/wp-json\/wp\/v2\/comments?post=12742"}],"version-history":[{"count":0,"href":"https:\/\/www.infinigate.com\/at\/wp-json\/wp\/v2\/pages\/12742\/revisions"}],"up":[{"embeddable":true,"href":"https:\/\/www.infinigate.com\/at\/wp-json\/wp\/v2\/pages\/12750"}],"wp:attachment":[{"href":"https:\/\/www.infinigate.com\/at\/wp-json\/wp\/v2\/media?parent=12742"}],"wp:term":[{"taxonomy":"folder","embeddable":true,"href":"https:\/\/www.infinigate.com\/at\/wp-json\/wp\/v2\/folder?post=12742"}],"curies":[{"name":"wp","href":"https:\/\/api.w.org\/{rel}","templated":true}]}}