{"id":12756,"date":"2024-07-22T09:15:19","date_gmt":"2024-07-22T08:15:19","guid":{"rendered":"https:\/\/www.infinigate.com\/at\/?page_id=12756"},"modified":"2024-08-20T10:45:21","modified_gmt":"2024-08-20T08:45:21","slug":"smart-start-in-die-cloud","status":"publish","type":"page","link":"https:\/\/www.infinigate.com\/at\/lp\/h\/dogado-partners\/smart-start-in-die-cloud\/","title":{"rendered":"Smart Start in die Cloud"},"content":{"rendered":"\n<figure class=\"wp-block-image alignfull size-large is-style-default\"><img decoding=\"async\" src=\"https:\/\/www.infinigate.com\/at\/wp-content\/uploads\/sites\/32\/2024\/07\/Header-image_1883x565.jpg\" alt=\"\"\/><\/figure>\n\n\n\n<h2 class=\"wp-block-heading alignwide has-text-align-left wp-block-heading\">Mit Ihrem <strong>deutschen Cloud- und Hosting-Anbieter<\/strong> dogado.partners <strong>an Ihrer Seite<\/strong><\/h2>\n\n\n\n<div class=\"wp-block-buttons alignwide is-content-justification-center is-layout-flex wp-container-core-buttons-is-layout-16018d1d wp-block-buttons-is-layout-flex\">\n<div class=\"wp-block-button\"><a class=\"wp-block-button__link wp-element-button\" href=\"https:\/\/outlook.office365.com\/book\/VereinbarenSieIhrenGesprchsterminfrdogadopartners@Infinigate.onmicrosoft.com\/\" target=\"_blank\" rel=\"noreferrer noopener\">Buchen Sie jetzt Ihren Beratungstermin<\/a><\/div>\n\n\n\n<div class=\"wp-block-button\"><a class=\"wp-block-button__link wp-element-button\" href=\"https:\/\/www.infinigate.com\/at\/hersteller\/dogado-partners\/\">Mehr zu dogado.partners<\/a><\/div>\n<\/div>\n\n\n\n<div class=\"wp-block-columns is-layout-flex wp-container-core-columns-is-layout-9d6595d7 wp-block-columns-is-layout-flex\">\n<div class=\"wp-block-column is-layout-flow wp-block-column-is-layout-flow\">\n<figure class=\"wp-block-image size-full\"><img loading=\"lazy\" decoding=\"async\" width=\"615\" height=\"308\" src=\"https:\/\/www.infinigate.com\/at\/wp-content\/uploads\/sites\/32\/2024\/07\/dogado_Kampagnen_Landingpage_Firewall_615x308.jpg\" alt=\"\" class=\"wp-image-13704\" srcset=\"https:\/\/www.infinigate.com\/at\/wp-content\/uploads\/sites\/29\/2024\/07\/dogado_Kampagnen_Landingpage_Firewall_615x308.jpg 615w, https:\/\/www.infinigate.com\/at\/wp-content\/uploads\/sites\/29\/2024\/07\/dogado_Kampagnen_Landingpage_Firewall_615x308-300x150.jpg 300w\" sizes=\"auto, (max-width: 615px) 100vw, 615px\" \/><\/figure>\n<\/div>\n\n\n\n<div class=\"wp-block-column is-layout-flow wp-block-column-is-layout-flow\">\n<h2 class=\"wp-block-heading wp-block-heading\"><br>Firewall Flexibilit\u00e4t<\/h2>\n\n\n\n<p>Ihre sensiblen Kunden w\u00fcnschen sich keinen halbherzigen Datenschutz bei internationalen Cloud-Anbietern? Dann migrieren Sie jetzt in die deutsche Cloud und bringen Sie die Lizenzen f\u00fcr Firewalls und weitere Sicherheitsl\u00f6sungen gleich mit!<\/p>\n\n\n\n<p>Profitieren Sie vom gro\u00dfen Infinigate Firewall Knowhow sowie Portfolio und bringen Sie Ihre Kunden flexibel in die Cloud.<\/p>\n<\/div>\n<\/div>\n\n\n\n<h2 class=\"wp-block-heading alignwide wp-block-heading\">Diese Firewalls bietet Ihnen Infinigate mit erstklassiger Zuverl\u00e4ssigkeit.<\/h2>\n\n\n\n<p class=\"alignwide has-text-align-wide\">Fortinet, SonicWall und Sophos bieten erstklassige Firewalls, die Ihr Netzwerk zuverl\u00e4ssig sch\u00fctzen. Mit dogado.partners erhalten Sie dazu exzellenten Support und ma\u00dfgeschneiderte Services. Diese Kombination sichert h\u00f6chste IT-Sicherheit und Effizienz f\u00fcr Ihr Unternehmen.<br><br><br><\/p>\n\n\n    <section class=\"cards wp-block animate cards--columns-3 cards--type--only-logo alignwide\">\n        <div class=\"cards__inner\">\n            \n            <div class=\"cards__items\">\n                \n                \n                <article style=\"--g-card--image--object-fit: contain;\" class=\"g-card animate-element has-white-background-color has-background has-image g-card--type--custom\">\r\n    \r\n            <div class=\"g-card__image\">\r\n                        <div class=\"g-card__image-inner img-fit\">\r\n                <img loading=\"lazy\" decoding=\"async\" width=\"240\" height=\"160\" src=\"https:\/\/www.infinigate.com\/at\/wp-content\/uploads\/sites\/29\/2024\/03\/Fortinet.svg\" class=\"attachment-medium_large size-medium_large\" alt=\"\" \/>            <\/div>\r\n            \r\n                    <\/div>\r\n    \r\n    <\/article>\r\n<article style=\"--g-card--image--object-fit: contain;\" class=\"g-card animate-element has-white-background-color has-background has-image g-card--type--custom\">\r\n    \r\n            <div class=\"g-card__image\">\r\n                        <div class=\"g-card__image-inner img-fit\">\r\n                <img loading=\"lazy\" decoding=\"async\" width=\"240\" height=\"160\" src=\"https:\/\/www.infinigate.com\/at\/wp-content\/uploads\/sites\/29\/2024\/03\/SonicWall.svg\" class=\"attachment-medium_large size-medium_large\" alt=\"\" \/>            <\/div>\r\n            \r\n                    <\/div>\r\n    \r\n    <\/article>\r\n<article style=\"--g-card--image--object-fit: contain;\" class=\"g-card animate-element has-white-background-color has-background has-image g-card--type--custom\">\r\n    \r\n            <div class=\"g-card__image\">\r\n                        <div class=\"g-card__image-inner img-fit\">\r\n                <img loading=\"lazy\" decoding=\"async\" width=\"240\" height=\"160\" src=\"https:\/\/www.infinigate.com\/at\/wp-content\/uploads\/sites\/29\/2024\/03\/Sophos.svg\" class=\"attachment-medium_large size-medium_large\" alt=\"\" \/>            <\/div>\r\n            \r\n                    <\/div>\r\n    \r\n    <\/article>\r\n            <\/div>\n\n            \n                <\/section>\n\n\n\n<div class=\"wp-block-columns is-layout-flex wp-container-core-columns-is-layout-9d6595d7 wp-block-columns-is-layout-flex\">\n<div class=\"wp-block-column is-layout-flow wp-block-column-is-layout-flow\">\n<figure class=\"wp-block-image size-full\"><img loading=\"lazy\" decoding=\"async\" width=\"473\" height=\"242\" src=\"https:\/\/www.infinigate.com\/at\/wp-content\/uploads\/sites\/32\/2024\/08\/start.jpg\" alt=\"\" class=\"wp-image-15106\" srcset=\"https:\/\/www.infinigate.com\/at\/wp-content\/uploads\/sites\/29\/2024\/08\/start.jpg 473w, https:\/\/www.infinigate.com\/at\/wp-content\/uploads\/sites\/29\/2024\/08\/start-300x153.jpg 300w\" sizes=\"auto, (max-width: 473px) 100vw, 473px\" \/><\/figure>\n<\/div>\n\n\n\n<div class=\"wp-block-column is-layout-flow wp-block-column-is-layout-flow\">\n<h2 class=\"wp-block-heading wp-block-heading\">Smart Start ins Cloud Business<\/h2>\n\n\n\n<p>Gerade in Krisenzeiten nutzen Unternehmen ihre Chance, bislang Bew\u00e4hrtes auf den Pr\u00fcfstand zu stellen. Vor allem der deutsche Mittelstand richtet sich derzeit neu aus und erneuert sowohl einzelne Gesch\u00e4ftsprozesse als auch komplette Gesch\u00e4ftsfelder. Ein gro\u00dfer Teil der Investitionen geht in die Digitalisierung, sodass die Nutzung digitaler Technologien inklusive k\u00fcnstlicher Intelligenz derzeit Hochkonjunktur hat. Erfahren Sie mehr dazu im <a href=\"https:\/\/www.infinigate.com\/at\/wp-content\/uploads\/sites\/32\/2024\/06\/Infinigate_dogado-partners-vdc-wegweiser-2024.pdf\">Wegweiser-PDF<\/a>.<\/p>\n<\/div>\n<\/div>\n\n\n\n<div class=\"wp-block-columns is-layout-flex wp-container-core-columns-is-layout-9d6595d7 wp-block-columns-is-layout-flex\">\n<div class=\"wp-block-column is-layout-flow wp-block-column-is-layout-flow\">\n<h2 class=\"wp-block-heading wp-block-heading\">Datensicherheit<\/h2>\n\n\n\n<p>Mit dem vDC von dogado.partners sind Sie und Ihre Kunden auf der sicheren Seite. Die Rechenzentren in Hannover, Leipzig und D\u00fcsseldorf sind nach ISO27001 zertifiziert und werden regelm\u00e4\u00dfig auf die Einhaltung der DSGVO \u00fcberpr\u00fcft. Das Cybersecurity-Team sorgt dar\u00fcber hinaus Tag und Nacht mit neuesten Technologien und KI-gest\u00fctzt daf\u00fcr, dass das Data Center bestm\u00f6glich vor Cyberangriffen gesch\u00fctzt ist.<\/p>\n<\/div>\n\n\n\n<div class=\"wp-block-column is-layout-flow wp-block-column-is-layout-flow\">\n<figure class=\"wp-block-image size-full\"><img loading=\"lazy\" decoding=\"async\" width=\"615\" height=\"308\" src=\"https:\/\/www.infinigate.com\/at\/wp-content\/uploads\/sites\/32\/2024\/07\/dogado_Kampagnen_Landingpage_Datenschutz_615x308.jpg\" alt=\"\" class=\"wp-image-13703\" srcset=\"https:\/\/www.infinigate.com\/at\/wp-content\/uploads\/sites\/29\/2024\/07\/dogado_Kampagnen_Landingpage_Datenschutz_615x308.jpg 615w, https:\/\/www.infinigate.com\/at\/wp-content\/uploads\/sites\/29\/2024\/07\/dogado_Kampagnen_Landingpage_Datenschutz_615x308-300x150.jpg 300w\" sizes=\"auto, (max-width: 615px) 100vw, 615px\" \/><\/figure>\n<\/div>\n<\/div>\n\n\n\n<div class=\"wp-block-columns is-layout-flex wp-container-core-columns-is-layout-9d6595d7 wp-block-columns-is-layout-flex\">\n<div class=\"wp-block-column is-layout-flow wp-block-column-is-layout-flow\">\n<figure class=\"wp-block-image size-full\"><img loading=\"lazy\" decoding=\"async\" width=\"615\" height=\"308\" src=\"https:\/\/www.infinigate.com\/at\/wp-content\/uploads\/sites\/32\/2024\/07\/dogado_Kampagnen_Landingpage_Support_615x308.jpg\" alt=\"\" class=\"wp-image-13705\" srcset=\"https:\/\/www.infinigate.com\/at\/wp-content\/uploads\/sites\/29\/2024\/07\/dogado_Kampagnen_Landingpage_Support_615x308.jpg 615w, https:\/\/www.infinigate.com\/at\/wp-content\/uploads\/sites\/29\/2024\/07\/dogado_Kampagnen_Landingpage_Support_615x308-300x150.jpg 300w\" sizes=\"auto, (max-width: 615px) 100vw, 615px\" \/><\/figure>\n<\/div>\n\n\n\n<div class=\"wp-block-column is-layout-flow wp-block-column-is-layout-flow\">\n<h2 class=\"wp-block-heading wp-block-heading\">Support, wie Sie Ihn brauchen<\/h2>\n\n\n\n<p>Egal ob in der Presales-Phase, w\u00e4hrend des Projektes oder im laufenden Projekt: dogado.partners und Infinigate l\u00e4sst Sie nicht im Regen stehen.<\/p>\n\n\n\n<ul class=\"wp-block-list\">\n<li>24\/7 Support von deutschsprachigem IT-Experten-Team<\/li>\n\n\n\n<li>Technischer Second-Level-Support<\/li>\n\n\n\n<li>Presales-Unterst\u00fctzung f\u00fcr Ihren Vertrieb durch Infinigate<\/li>\n<\/ul>\n<\/div>\n<\/div>\n\n\n\n<h2 class=\"wp-block-heading alignwide is-style-border-left wp-block-heading\" id=\"h-broschuren-nbsp-download\">Brosch\u00fcren&nbsp;Download<\/h2>\n\n\n\n<p class=\"alignwide has-text-align-wide\">Aktuelle Brosch\u00fcren und Datenbl\u00e4tter zu dogado.partners k\u00f6nnen Sie hier herunterladen.<\/p>\n\n\n    <section class=\"cards wp-block animate cards--columns-3 cards--type--default alignwide\">\n        <div class=\"cards__inner\">\n            \n            <div class=\"cards__items\">\n                \n                \n                <article class=\"g-card animate-element has-white-background-color has-background has-link g-card--type--custom\">\r\n        <div class=\"g-card__inner\">\r\n                \r\n\r\n                                        <div class=\"g-card__header\">\r\n                    \r\n\r\n                        <h2 class=\"g-card__heading\">    <a rel=\"noopener\" href=\"https:\/\/www.infinigate.com\/at\/wp-content\/uploads\/sites\/32\/2024\/08\/rz_Fact-Sheet-Veeam.pdf\" target=\"_blank\">\r\n                Fact-Sheet: Veeam            <\/a>\r\n<\/h2>\r\n                    \r\n                    \r\n                    \r\n                                    <\/div>\r\n            \r\n            \r\n            \r\n            \r\n\r\n\r\n\r\n            \r\n                <a rel=\"noopener\" href=\"https:\/\/www.infinigate.com\/at\/wp-content\/uploads\/sites\/32\/2024\/08\/rz_Fact-Sheet-Veeam.pdf\" target=\"_blank\" class=\"g-button--arrow g-card__read-more\">\r\n                Download            <\/a>\r\n\r\n                <\/div>\r\n    \r\n    \r\n    <\/article>\r\n<article class=\"g-card animate-element has-white-background-color has-background has-link g-card--type--custom\">\r\n        <div class=\"g-card__inner\">\r\n                \r\n\r\n                                        <div class=\"g-card__header\">\r\n                    \r\n\r\n                        <h2 class=\"g-card__heading\">    <a rel=\"noopener\" href=\"https:\/\/www.infinigate.com\/at\/wp-content\/uploads\/sites\/32\/2024\/06\/Sheet-Acronis_dogado_Infinigate.pdf\" target=\"_blank\">\r\n                Acronis Cyberprotect Cloud            <\/a>\r\n<\/h2>\r\n                    \r\n                    \r\n                    \r\n                                    <\/div>\r\n            \r\n            \r\n            \r\n            \r\n\r\n\r\n\r\n            \r\n                <a rel=\"noopener\" href=\"https:\/\/www.infinigate.com\/at\/wp-content\/uploads\/sites\/32\/2024\/06\/Sheet-Acronis_dogado_Infinigate.pdf\" target=\"_blank\" class=\"g-button--arrow g-card__read-more\">\r\n                Download            <\/a>\r\n\r\n                <\/div>\r\n    \r\n    \r\n    <\/article>\r\n<article class=\"g-card animate-element has-white-background-color has-background has-link g-card--type--custom\">\r\n        <div class=\"g-card__inner\">\r\n                \r\n\r\n                                        <div class=\"g-card__header\">\r\n                    \r\n\r\n                        <h2 class=\"g-card__heading\">    <a rel=\"noopener\" href=\"https:\/\/www.infinigate.com\/at\/wp-content\/uploads\/sites\/32\/2024\/06\/vDatacenter_dogado_Infinigate.pdf\" target=\"_blank\">\r\n                vDataCenter &#8211; Rechenzentrum in der Cloud            <\/a>\r\n<\/h2>\r\n                    \r\n                    \r\n                    \r\n                                    <\/div>\r\n            \r\n            \r\n            \r\n            \r\n\r\n\r\n\r\n            \r\n                <a rel=\"noopener\" href=\"https:\/\/www.infinigate.com\/at\/wp-content\/uploads\/sites\/32\/2024\/06\/vDatacenter_dogado_Infinigate.pdf\" target=\"_blank\" class=\"g-button--arrow g-card__read-more\">\r\n                Download            <\/a>\r\n\r\n                <\/div>\r\n    \r\n    \r\n    <\/article>\r\n            <\/div>\n\n            \n                <\/section>\n\n\n\n<div class=\"wp-block-cover alignwide\" id=\"kontakt\"><span aria-hidden=\"true\" class=\"wp-block-cover__background has-blue-background-color has-background-dim-0 has-background-dim\"><\/span><img loading=\"lazy\" decoding=\"async\" width=\"1920\" height=\"1080\" class=\"wp-block-cover__image-background wp-image-4092\" alt=\"\" src=\"https:\/\/www.infinigate.com\/at\/wp-content\/uploads\/sites\/32\/2024\/03\/Digital_Textures_V2.jpg\" data-object-fit=\"cover\" srcset=\"https:\/\/www.infinigate.com\/at\/wp-content\/uploads\/sites\/29\/2024\/03\/Digital_Textures_V2.jpg 1920w, https:\/\/www.infinigate.com\/at\/wp-content\/uploads\/sites\/29\/2024\/03\/Digital_Textures_V2-300x169.jpg 300w, https:\/\/www.infinigate.com\/at\/wp-content\/uploads\/sites\/29\/2024\/03\/Digital_Textures_V2-1024x576.jpg 1024w, https:\/\/www.infinigate.com\/at\/wp-content\/uploads\/sites\/29\/2024\/03\/Digital_Textures_V2-768x432.jpg 768w, https:\/\/www.infinigate.com\/at\/wp-content\/uploads\/sites\/29\/2024\/03\/Digital_Textures_V2-1536x864.jpg 1536w\" sizes=\"auto, (max-width: 1920px) 100vw, 1920px\" \/><div class=\"wp-block-cover__inner-container is-layout-constrained wp-block-cover-is-layout-constrained\">\n<div class=\"wp-block-columns is-layout-flex wp-container-core-columns-is-layout-9d6595d7 wp-block-columns-is-layout-flex\">\n<div class=\"wp-block-column is-layout-flow wp-block-column-is-layout-flow\" style=\"flex-basis:66.66%\">\n<h3 class=\"wp-block-heading has-text-align-left is-style-border-left has-white-color has-text-color has-link-color wp-elements-934ba64c7b1e77950899cd0da250a9b1\" id=\"h-kontakt-zum-dogado-partners-team\">Kontakt zum dogado.partners Team<\/h3>\n\n\n\n<p>Sie haben noch weitere Fragen zu dogado.partners? Unser Team ber\u00e4t Sie gerne.<\/p>\n<\/div>\n\n\n\n<div class=\"wp-block-column is-vertically-aligned-center is-layout-flow wp-block-column-is-layout-flow\" style=\"flex-basis:33.33%\">\n<p class=\"has-text-align-center has-white-color has-text-color has-link-color wp-elements-b7e79be0f1f50397a8e8e78f83d73d5e\"><a href=\"mailto:dogado.partners@infinigate.de\">dogado.partners@infinigate.de<\/a><br><a href=\"tel:00498989048399\">+49 89 89048-399<\/a><\/p>\n\n\n\n<div class=\"wp-block-buttons is-content-justification-center is-layout-flex wp-container-core-buttons-is-layout-16018d1d wp-block-buttons-is-layout-flex\">\n<div class=\"wp-block-button\"><a class=\"wp-block-button__link wp-element-button\" href=\"mailto:dogado.partners@infinigate.de\">Kontakt aufnehmen<\/a><\/div>\n<\/div>\n<\/div>\n<\/div>\n<\/div><\/div>\n","protected":false},"excerpt":{"rendered":"<p>Mit Ihrem deutschen Cloud- und Hosting-Anbieter dogado.partners an Ihrer Seite Firewall Flexibilit\u00e4t Ihre sensiblen Kunden w\u00fcnschen sich keinen halbherzigen Datenschutz&hellip;<\/p>\n","protected":false},"author":55,"featured_media":0,"parent":12754,"menu_order":0,"comment_status":"closed","ping_status":"closed","template":"","meta":{"_acf_changed":false,"footnotes":""},"folder":[435],"class_list":["post-12756","page","type-page","status-publish","hentry"],"acf":[],"distributor_meta":false,"distributor_terms":false,"distributor_media":false,"distributor_original_site_name":"Infinigate | Austria","distributor_original_site_url":"https:\/\/www.infinigate.com\/at","push-errors":false,"_links":{"self":[{"href":"https:\/\/www.infinigate.com\/at\/wp-json\/wp\/v2\/pages\/12756","targetHints":{"allow":["GET"]}}],"collection":[{"href":"https:\/\/www.infinigate.com\/at\/wp-json\/wp\/v2\/pages"}],"about":[{"href":"https:\/\/www.infinigate.com\/at\/wp-json\/wp\/v2\/types\/page"}],"author":[{"embeddable":true,"href":"https:\/\/www.infinigate.com\/at\/wp-json\/wp\/v2\/users\/55"}],"replies":[{"embeddable":true,"href":"https:\/\/www.infinigate.com\/at\/wp-json\/wp\/v2\/comments?post=12756"}],"version-history":[{"count":0,"href":"https:\/\/www.infinigate.com\/at\/wp-json\/wp\/v2\/pages\/12756\/revisions"}],"up":[{"embeddable":true,"href":"https:\/\/www.infinigate.com\/at\/wp-json\/wp\/v2\/pages\/12754"}],"wp:attachment":[{"href":"https:\/\/www.infinigate.com\/at\/wp-json\/wp\/v2\/media?parent=12756"}],"wp:term":[{"taxonomy":"folder","embeddable":true,"href":"https:\/\/www.infinigate.com\/at\/wp-json\/wp\/v2\/folder?post=12756"}],"curies":[{"name":"wp","href":"https:\/\/api.w.org\/{rel}","templated":true}]}}