{"id":12789,"date":"2024-07-22T13:44:11","date_gmt":"2024-07-22T12:44:11","guid":{"rendered":"https:\/\/www.infinigate.com\/at\/?page_id=12789"},"modified":"2025-09-18T22:22:40","modified_gmt":"2025-09-18T20:22:40","slug":"vorverkaufs-und-verkaufsbericht","status":"publish","type":"page","link":"https:\/\/www.infinigate.com\/at\/services\/vorverkaufs-und-verkaufsbericht\/","title":{"rendered":"Vorverkaufs- und Verkaufsbericht"},"content":{"rendered":"\n<figure class=\"wp-block-image alignfull size-full is-style-no-rounded-corners-no-drop-shadow\"><img decoding=\"async\" src=\"https:\/\/www.infinigate.com\/ch\/wp-content\/uploads\/sites\/21\/2024\/03\/verkauf_1.jpg\" alt=\"\" class=\"wp-image-5571\"\/><\/figure>\n\n\n\n<h3 class=\"wp-block-heading is-style-border-left wp-block-heading\">Ihre Kunden ben\u00f6tigen vom ersten Tag an einen effektiven und reaktionsschnellen technischen Support, um ihre kritischen Gesch\u00e4ftsabl\u00e4ufe aufrechtzuerhalten.<\/h3>\n\n\n\n<div class=\"wp-block-columns is-layout-flex wp-container-core-columns-is-layout-9d6595d7 wp-block-columns-is-layout-flex\">\n<div class=\"wp-block-column is-layout-flow wp-block-column-is-layout-flow\">\n<p class=\"is-style-default\">Dabei k\u00f6nnen Sie jedoch mit einer Reihe von Herausforderungen konfrontiert werden, die von fehlenden Qualifikationen und Ressourcen bis hin zu fehlenden definierten Prozessen oder erforderlichen Herstellerakkreditierungen reichen.<\/p>\n\n\n\n<p class=\"is-style-default\">Mit unseren vollst\u00e4ndig herstellerakkreditierten Support-Services k\u00f6nnen Sie Ihren Kunden selbst f\u00fcr die gr\u00f6\u00dften, komplexesten und kritischsten Netzwerk-, IT- und Sicherheitsumgebungen umfassende Sicherheit bieten.<\/p>\n\n\n\n<p>W\u00e4hrend sich die Support-Vertr\u00e4ge der Hersteller auf die L\u00f6sungen eines einzelnen OEMs konzentrieren, k\u00f6nnen wir in der Infrastruktur mehrerer Hersteller eine &#8222;Triage&#8220; durchf\u00fchren, um technische Probleme schneller zu erkennen und zu beheben.<\/p>\n<\/div>\n\n\n\n<div class=\"wp-block-column is-layout-flow wp-block-column-is-layout-flow\">\n<p>Auch bei den Reaktionszeiten sind wir sehr flexibel und k\u00f6nnen so sicherstellen, dass Ihre Kunden die schnelle Hilfe bekommen, die sie brauchen, wo und wann immer sie sie brauchen.<\/p>\n\n\n\n<p>Ob Sie nun planen, den Support f\u00fcr Ihre Endkunden mit eigenen Ressourcen zu unterst\u00fctzen, oder Sie sich entscheiden, Infinigate weiterhin f\u00fcr den Support Ihrer Endkunden zu nutzen um Ihre Endkunden langfristig zu unterst\u00fctzen, k\u00f6nnen wir Ihnen helfen kommerzielle M\u00f6glichkeiten zu maximieren und eine ausgezeichnete Kundenerfahrungen zu liefern.<\/p>\n<\/div>\n<\/div>\n\n\n\n<div class=\"wp-block-group alignfull has-grey-background-color has-background is-nowrap is-layout-flex wp-container-core-group-is-layout-ad2f72ca wp-block-group-is-layout-flex\">\n<div class=\"wp-block-columns is-layout-flex wp-container-core-columns-is-layout-9d6595d7 wp-block-columns-is-layout-flex\">\n<div class=\"wp-block-column is-layout-flow wp-block-column-is-layout-flow\">\n<h2 class=\"wp-block-heading is-style-border-left wp-block-heading\" id=\"h-pre-sales\">Pre-Sales<\/h2>\n\n\n\n<p class=\"is-style-large-body\">In der wichtigen ersten Phase des Vertriebs von IT- Security Produkten unterst\u00fctzen Sie unsere hersteller\u00fcbergreifend agierenden Pre-Sales Mitarbeiter. Ob es die Implementierung eines Produktes in die IT-Infrastruktur oder eine komplexe Projektanfrage ist \u2013 das Team steht bei umfassenden L\u00f6sungsans\u00e4tzen unterst\u00fctzend zur Verf\u00fcgung.<br><\/p>\n<\/div>\n\n\n\n<div class=\"wp-block-column is-layout-flow wp-block-column-is-layout-flow\">\n<figure class=\"wp-block-image size-large\"><img decoding=\"async\" src=\"https:\/\/www.infinigate.com\/de\/wp-content\/uploads\/sites\/25\/2024\/07\/Presales_Vorschaubild.jpg\" alt=\"Presales Service\" class=\"wp-image-5643\" style=\"aspect-ratio:4\/3;object-fit:cover\"\/><\/figure>\n<\/div>\n<\/div>\n<\/div>\n\n\n\n<div class=\"wp-block-columns alignfull has-blue-background-color has-background is-layout-flex wp-container-core-columns-is-layout-9d6595d7 wp-block-columns-is-layout-flex\">\n<div class=\"wp-block-column is-layout-flow wp-block-column-is-layout-flow\">    <section style=\"--content-grid--columns: 2;\" class=\"content-grid wp-block animate content-grid--2-columns alignfull\">\r\n        <div class=\"content-grid__inner\">\r\n            \r\n\r\n                                <h2 class=\"content-grid__heading has--heading-border\">Consulting &amp; Beratung &#8211; Kostenlos<\/h2>\r\n            \r\n\r\n            \r\n                                            <div class=\"content-grid__subheading\">\r\n                            <div class=\"cms-block pos-0 cms-block-text\">\n<div class=\"mb-3 mb-md-5 mt-2 mt-md-4 cms-block-container\">\n<div class=\"cms-block-container-row row cms-row \">\n<div class=\"col-12\" data-cms-element-id=\"603f46782c2d41d9856fc650d03657ff\">\n<div class=\"cms-element-text\">\n<div>Ob allgemeine Fragen, Einf\u00fchrung in spezielle Funktionen oder detaillierte Einblicke: Bereits im gesamten Presales-Zyklus werden Sie von erfahrenen Kollegen aus dem TechServices Team gerne unterst\u00fctzt.<\/div>\n<\/div>\n<\/div>\n<\/div>\n<\/div>\n<\/div>\n                        <\/div>\r\n                    \r\n                                                    \r\n                    \r\n                                                                        <div class=\"content-grid__items\">\r\n                                                                            <div class=\"content-grid__item has-background has-gray-25-background-color\">\r\n                                            \r\n                                                \r\n                                        \r\n                                                                                        <h3 class=\"content-grid__item__heading\">Produktberatung, Anforderungsanalyse, Erarbeitung von L\u00f6sungsvorschl\u00e4gen<\/h3>\r\n                                        \r\n                                                                        <div class=\" content-grid__item__subheading\">\r\n                                            <p>Neben allgemeiner Beratung zu den Produkten unserer Hersteller bieten wir auch die Analyse von Kundenanforderungen sowie das Design einer entsprechenden L\u00f6sung an. Auf diese Weise stellen wir sicher, dass komplexe IT-Installationen am Ende die W\u00fcnsche Ihrer Kunden in vollem Masse erf\u00fcllen.<\/p>\n                                <\/div>\r\n                                        \r\n                                                                        <div class=\"content-grid__item__link\">\r\n                                                <a  href=\"\/at\/services\/techservices\/\" target=\"\" class=\"g-button--arrow\">\r\n                Techservices-Team            <\/a>\r\n                                <\/div>\r\n                                        \r\n                        <\/div>\r\n                                                                            <div class=\"content-grid__item has-background has-gray-25-background-color\">\r\n                                            \r\n                                                \r\n                                        \r\n                                                                                        <h3 class=\"content-grid__item__heading\">Review von Konzepten<\/h3>\r\n                                        \r\n                                                                        <div class=\" content-grid__item__subheading\">\r\n                                            <p>Falls Sie sich nicht ganz sicher sind, ob die von Ihnen vorgesehene L\u00f6sung alle Anforderungen des Kunden abdecken kann, pr\u00fcfen unsere Produktspezialisten gerne das erarbeitete Konzept.<\/p>\n                                <\/div>\r\n                                        \r\n                                                                        <div class=\"content-grid__item__link\">\r\n                                                <a  href=\"\/at\/services\/techservices\/\" target=\"\" class=\"g-button--arrow\">\r\n                Techservices-Team            <\/a>\r\n                                <\/div>\r\n                                        \r\n                        <\/div>\r\n                                                                            <div class=\"content-grid__item has-background has-gray-25-background-color\">\r\n                                            \r\n                                                \r\n                                        \r\n                                                                                        <h3 class=\"content-grid__item__heading\">Teststellungen<\/h3>\r\n                                        \r\n                                                                        <div class=\" content-grid__item__subheading\">\r\n                                            <p>Gerne organisieren wir eine Teststellung f\u00fcr Sie und Ihren Kunden, damit dieser die gew\u00fcnschte L\u00f6sung bereits vor einem Kauf auf Herz und Nieren testen kann. F\u00fcr R\u00fcckfragen zu einzelnen Funktionen und deren Konfiguration stehen wir stets bereit.<\/p>\n                                <\/div>\r\n                                        \r\n                                                                        <div class=\"content-grid__item__link\">\r\n                                                <a  href=\"\/at\/services\/techservices\/\" target=\"\" class=\"g-button--arrow\">\r\n                Techservices-Team            <\/a>\r\n                                <\/div>\r\n                                        \r\n                        <\/div>\r\n                                                                            <div class=\"content-grid__item has-background has-gray-25-background-color\">\r\n                                            \r\n                                                \r\n                                        \r\n                                                                                        <h3 class=\"content-grid__item__heading\">Proof of Concept<\/h3>\r\n                                        \r\n                                                                        <div class=\" content-grid__item__subheading\">\r\n                                            <p>Ein Proof of Concept geht \u00fcber eine reine Teststellung hinaus. In diesem Fall f\u00fchren wir Sie und Ihren Kunden aktiv durch die Testphase, beginnend bei der Qualifizierung, \u00fcber Installation und Konfiguration bis hin zum finalen Abschlussgespr\u00e4ch.<\/p>\n                                <\/div>\r\n                                        \r\n                                                                        <div class=\"content-grid__item__link\">\r\n                                                <a  href=\"\/at\/services\/techservices\/\" target=\"\" class=\"g-button--arrow\">\r\n                Techservices-Team            <\/a>\r\n                                <\/div>\r\n                                        \r\n                        <\/div>\r\n                                                    <\/div>\r\n                                    <\/div>\r\n    <\/section>\r\n<\/div>\n<\/div>\n\n\n<section class=\"cta-banner wp-block alignfull\">\r\n    <div class=\"cta-banner__inner\">\r\n        <div class=\"cta-banner__content\">\r\n\r\n                                <h2 class=\"cta-banner__heading\"><p>Ben\u00f6tigen Sie weitere Unterst\u00fctzung bei unseren Dienstleistungen?<\/p>\n<\/h2>\r\n            \r\n                            <div class=\"cta-banner__subheading\">\r\n                    <p>Einer unserer Mitarbeiter hilft Ihnen gerne bei Ihrer Anfrage<\/p>\n                <\/div>\r\n                    <\/div>\r\n\r\n                    <div class=\"cta-banner__button\">\r\n                    <a  href=\"\/at\/kontakt\/\" target=\"\" class=\"g-button g-button--arrow\">\r\n                Kontakt aufnehmen            <\/a>\r\n            <\/div>\r\n            <\/div>\r\n\r\n    \r\n\r\n<\/section>\r\n","protected":false},"excerpt":{"rendered":"<p>Ihre Kunden ben\u00f6tigen vom ersten Tag an einen effektiven und reaktionsschnellen technischen Support, um ihre kritischen Gesch\u00e4ftsabl\u00e4ufe aufrechtzuerhalten. Dabei k\u00f6nnen&hellip;<\/p>\n","protected":false},"author":36,"featured_media":12790,"parent":851,"menu_order":0,"comment_status":"closed","ping_status":"closed","template":"","meta":{"_acf_changed":false,"footnotes":""},"folder":[431],"class_list":["post-12789","page","type-page","status-publish","has-post-thumbnail","hentry"],"acf":[],"distributor_meta":false,"distributor_terms":false,"distributor_media":false,"distributor_original_site_name":"Infinigate | Austria","distributor_original_site_url":"https:\/\/www.infinigate.com\/at","push-errors":false,"_links":{"self":[{"href":"https:\/\/www.infinigate.com\/at\/wp-json\/wp\/v2\/pages\/12789","targetHints":{"allow":["GET"]}}],"collection":[{"href":"https:\/\/www.infinigate.com\/at\/wp-json\/wp\/v2\/pages"}],"about":[{"href":"https:\/\/www.infinigate.com\/at\/wp-json\/wp\/v2\/types\/page"}],"author":[{"embeddable":true,"href":"https:\/\/www.infinigate.com\/at\/wp-json\/wp\/v2\/users\/36"}],"replies":[{"embeddable":true,"href":"https:\/\/www.infinigate.com\/at\/wp-json\/wp\/v2\/comments?post=12789"}],"version-history":[{"count":0,"href":"https:\/\/www.infinigate.com\/at\/wp-json\/wp\/v2\/pages\/12789\/revisions"}],"up":[{"embeddable":true,"href":"https:\/\/www.infinigate.com\/at\/wp-json\/wp\/v2\/pages\/851"}],"wp:featuredmedia":[{"embeddable":true,"href":"https:\/\/www.infinigate.com\/at\/wp-json\/wp\/v2\/media\/12790"}],"wp:attachment":[{"href":"https:\/\/www.infinigate.com\/at\/wp-json\/wp\/v2\/media?parent=12789"}],"wp:term":[{"taxonomy":"folder","embeddable":true,"href":"https:\/\/www.infinigate.com\/at\/wp-json\/wp\/v2\/folder?post=12789"}],"curies":[{"name":"wp","href":"https:\/\/api.w.org\/{rel}","templated":true}]}}