{"id":15236,"date":"2024-08-09T14:20:20","date_gmt":"2024-08-09T12:20:20","guid":{"rendered":"https:\/\/www.infinigate.com\/at\/?page_id=15236"},"modified":"2025-06-30T09:45:45","modified_gmt":"2025-06-30T07:45:45","slug":"starlink","status":"publish","type":"page","link":"https:\/\/www.infinigate.com\/at\/starlink\/","title":{"rendered":"StarLink"},"content":{"rendered":"\n<p>StarLink hat seinen Hauptsitz in Dubai und bietet profunde Kenntnisse der M\u00e4rkte im gesamten Nahen Osten, qualifiziertes technisches Fachwissen vor Ort, ein umfangreiches Vertriebsnetz sowie Anbieter von Nischentechnologien und -dienstleistungen.<\/p>\n\n\n\n<p>Der Starlink Solution Lifecycle hilft Partnern bei der Differenzierung ihrer Angebote und unterst\u00fctzt Kunden bei der Identifizierung von Schl\u00fcsselrisiken und der Festlegung von Priorit\u00e4ten f\u00fcr die Behebung ihrer IT-Sicherheitsl\u00fccken sowie bei der Verbesserung ihrer Rechenzentrums- und Cloud-Infrastruktur.<\/p>\n\n\n<section class=\"media-content wp-block media-content--left media-content--media-type--image has-gray-25-background-color has-background alignfull\">\r\n    <div class=\"media-content__inner\">\r\n        <div class=\"media-content__content\">\r\n                                <h2 class=\"media-content__heading\">StarLink auf einen Blick<\/h2>\r\n            \r\n            \r\n            <ul>\n<li>3500+ Unternehmens- und Regierungskunden<\/li>\n<li>1500 Partner<\/li>\n<li>18+ Jahre Erfahrung<\/li>\n<li>Vor-Ort-Pr\u00e4senz in 11 L\u00e4ndern<\/li>\n<\/ul>\n\r\n                    <\/div>\r\n\r\n                    <div class=\"media-content__media\">\r\n                <img loading=\"lazy\" decoding=\"async\" width=\"900\" height=\"600\" src=\"https:\/\/www.infinigate.com\/at\/wp-content\/uploads\/sites\/29\/2023\/04\/looking-at-figures.jpg\" class=\"attachment-super size-super\" alt=\"looking at figures\" sizes=\"auto, (max-width: 768px) 100vw, 50vw\" srcset=\"https:\/\/www.infinigate.com\/at\/wp-content\/uploads\/sites\/29\/2023\/04\/looking-at-figures.jpg 900w, https:\/\/www.infinigate.com\/at\/wp-content\/uploads\/sites\/29\/2023\/04\/looking-at-figures-300x200.jpg 300w, https:\/\/www.infinigate.com\/at\/wp-content\/uploads\/sites\/29\/2023\/04\/looking-at-figures-768x512.jpg 768w\" \/>            <\/div>\r\n            <\/div>\r\n<\/section>\r\n\n\n    <section style=\"--content-grid--columns: 1;\" class=\"content-grid wp-block animate content-grid--1-columns alignfull\">\r\n        <div class=\"content-grid__inner\">\r\n            \r\n\r\n                                <h2 class=\"content-grid__heading has--heading-border\">Durch die Erweiterung unserer Reichweite mit StarLink, ist Infinigate: <\/h2>\r\n            \r\n\r\n            \r\n                    \r\n                                                    \r\n                    \r\n                                                                        <div class=\"content-grid__items\">\r\n                                                                            <div class=\"content-grid__item \">\r\n                                                                                            <div class=\"content-grid__item__icon has-background\">\r\n                                                    <div class=\"content-grid__item__icon-inner\">\r\n                                                        <img loading=\"lazy\" decoding=\"async\" width=\"100\" height=\"100\" src=\"https:\/\/www.infinigate.com\/at\/wp-content\/uploads\/sites\/29\/2023\/04\/home-icon_pan-emea.svg\" class=\"attachment-medium_large size-medium_large\" alt=\"Pan-EMEA\" \/>                                                    <\/div>\r\n                                                <\/div>\r\n                                            \r\n                                                \r\n                                        \r\n                                                                                        <h3 class=\"content-grid__item__heading\">Ein echtes Pane-EMEA-Cybersicherheits-Powerhouse zu werden<\/h3>\r\n                                        \r\n                                                                        <div class=\" content-grid__item__subheading\">\r\n                                            <p>Wir haben unsere Lieferkapazit\u00e4ten \u00fcber 30 lokale Niederlassungen auf 50 L\u00e4nder ausgeweitet, so dass wir Partner und Endkunden in ganz Europa, dem Nahen Osten und Afrika betreuen k\u00f6nnen. Das bedeutet, dass wir jetzt die n\u00f6tige Gr\u00f6\u00dfe und Pr\u00e4senz haben, um das Wachstum unserer Partner in der gesamten EMEA-Region zu beschleunigen &#8211; unabh\u00e4ngig davon, wo sie t\u00e4tig sind.<\/p>\n                                <\/div>\r\n                                        \r\n                                        \r\n                        <\/div>\r\n                                                                            <div class=\"content-grid__item \">\r\n                                                                                            <div class=\"content-grid__item__icon has-background\">\r\n                                                    <div class=\"content-grid__item__icon-inner\">\r\n                                                        <img loading=\"lazy\" decoding=\"async\" width=\"100\" height=\"100\" src=\"https:\/\/www.infinigate.com\/at\/wp-content\/uploads\/sites\/29\/2023\/04\/icon_people.svg\" class=\"attachment-medium_large size-medium_large\" alt=\"icon people\" \/>                                                    <\/div>\r\n                                                <\/div>\r\n                                            \r\n                                                \r\n                                        \r\n                                                                                        <h3 class=\"content-grid__item__heading\">Unterst\u00fctzung von Resellern bei der Gewinnung von Kunden<\/h3>\r\n                                        \r\n                                                                        <div class=\" content-grid__item__subheading\">\r\n                                            <p>Wir nutzen die richtige Kombination aus menschlicher und digitaler Unterst\u00fctzung, um Wiederverk\u00e4ufern dabei zu helfen, ihre Teams weiterzubilden, hochwertige L\u00f6sungen f\u00fcr Kunden zu entwickeln, die Lieferf\u00e4higkeit zu verbessern und wettbewerbsf\u00e4higere Angebote zu erstellen. Dies alles f\u00fchrt zu neuen Umsatzm\u00f6glichkeiten und schnellem Wachstum f\u00fcr Reseller-Partner im Nahen Osten und Afrika.<\/p>\n                                <\/div>\r\n                                        \r\n                                        \r\n                        <\/div>\r\n                                                                            <div class=\"content-grid__item \">\r\n                                                                                            <div class=\"content-grid__item__icon has-background\">\r\n                                                    <div class=\"content-grid__item__icon-inner\">\r\n                                                        <img loading=\"lazy\" decoding=\"async\" width=\"100\" height=\"100\" src=\"https:\/\/www.infinigate.com\/at\/wp-content\/uploads\/sites\/29\/2023\/04\/home-icon_growth.svg\" class=\"attachment-medium_large size-medium_large\" alt=\"growth icon\" \/>                                                    <\/div>\r\n                                                <\/div>\r\n                                            \r\n                                                \r\n                                        \r\n                                                                                        <h3 class=\"content-grid__item__heading\">Beschleunigung des Wachstums von Technologieanbietern<\/h3>\r\n                                        \r\n                                                                        <div class=\" content-grid__item__subheading\">\r\n                                            <p>Wir bieten umfassende technische Vertriebsdienste und -unterst\u00fctzung sowie globale Logistik- und Marketingunterst\u00fctzung. Auf diese Weise schaffen wir die gr\u00f6\u00dften und effektivsten Vertriebskan\u00e4le f\u00fcr unsere H\u00e4ndlergemeinschaft im Nahen Osten und in Afrika.<\/p>\n                                <\/div>\r\n                                        \r\n                                        \r\n                        <\/div>\r\n                                                    <\/div>\r\n                                    <\/div>\r\n    <\/section>\r\n\n\n\n<div class=\"wp-block-buttons alignwide is-content-justification-center is-layout-flex wp-container-core-buttons-is-layout-16018d1d wp-block-buttons-is-layout-flex\">\n<div class=\"wp-block-button\"><a class=\"wp-block-button__link wp-element-button\" href=\"https:\/\/www.starlinkme.net\/\" target=\"_blank\" rel=\"noreferrer noopener\">Mehr \u00fcber StarLink erfahren<\/a><\/div>\n<\/div>\n","protected":false},"excerpt":{"rendered":"<p>StarLink hat seinen Hauptsitz in Dubai und bietet profunde Kenntnisse der M\u00e4rkte im gesamten Nahen Osten, qualifiziertes technisches Fachwissen vor&hellip;<\/p>\n","protected":false},"author":13,"featured_media":15237,"parent":0,"menu_order":0,"comment_status":"closed","ping_status":"closed","template":"","meta":{"_acf_changed":false,"footnotes":""},"folder":[],"class_list":["post-15236","page","type-page","status-publish","has-post-thumbnail","hentry"],"acf":[],"distributor_meta":false,"distributor_terms":false,"distributor_media":false,"distributor_original_site_name":"Infinigate | Austria","distributor_original_site_url":"https:\/\/www.infinigate.com\/at","push-errors":false,"_links":{"self":[{"href":"https:\/\/www.infinigate.com\/at\/wp-json\/wp\/v2\/pages\/15236","targetHints":{"allow":["GET"]}}],"collection":[{"href":"https:\/\/www.infinigate.com\/at\/wp-json\/wp\/v2\/pages"}],"about":[{"href":"https:\/\/www.infinigate.com\/at\/wp-json\/wp\/v2\/types\/page"}],"author":[{"embeddable":true,"href":"https:\/\/www.infinigate.com\/at\/wp-json\/wp\/v2\/users\/13"}],"replies":[{"embeddable":true,"href":"https:\/\/www.infinigate.com\/at\/wp-json\/wp\/v2\/comments?post=15236"}],"version-history":[{"count":0,"href":"https:\/\/www.infinigate.com\/at\/wp-json\/wp\/v2\/pages\/15236\/revisions"}],"wp:featuredmedia":[{"embeddable":true,"href":"https:\/\/www.infinigate.com\/at\/wp-json\/wp\/v2\/media\/15237"}],"wp:attachment":[{"href":"https:\/\/www.infinigate.com\/at\/wp-json\/wp\/v2\/media?parent=15236"}],"wp:term":[{"taxonomy":"folder","embeddable":true,"href":"https:\/\/www.infinigate.com\/at\/wp-json\/wp\/v2\/folder?post=15236"}],"curies":[{"name":"wp","href":"https:\/\/api.w.org\/{rel}","templated":true}]}}