{"id":15519,"date":"2024-08-12T11:37:16","date_gmt":"2024-08-12T09:37:16","guid":{"rendered":"https:\/\/www.infinigate.com\/at\/?page_id=15519"},"modified":"2025-07-01T01:20:19","modified_gmt":"2025-06-30T23:20:19","slug":"fokusthemen","status":"publish","type":"page","link":"https:\/\/www.infinigate.com\/at\/fokusthemen\/","title":{"rendered":"Fokusthemen"},"content":{"rendered":"\n\n    <section class=\"cards wp-block animate cards--columns-3 cards--type--default alignwide\">\n        <div class=\"cards__inner\">\n            \n            <div class=\"cards__items\">\n                \n                \n                <article class=\"g-card animate-element has-white-background-color has-background has-image has-link g-card--type--custom\">\r\n        <div class=\"g-card__inner\">\r\n                \r\n\r\n                                        <div class=\"g-card__header\">\r\n                    \r\n\r\n                        <h2 class=\"g-card__heading\">    <a href=\"\/at\/e-mail-security\/\">\r\n                E-Mail Security            <\/a>\r\n<\/h2>\r\n                    \r\n                                            <div class=\"g-card__content\">\r\n                            <p>Mitarbeitende werden mit Zeitdruck und immer besseren Phishing E-Mails konfrontiert und sollen hier jeden Tag die richtige Entscheidung treffen. Auch wenn es keinen perfekten Schutz gibt, so helfen unsere Hersteller Ihnen dabei, entsprechende Prozesse zu optimieren und den Usern bestimmte Entscheidungen abzunehmen oder Hilfe mit einzublenden.<\/p>\n                        <\/div>\r\n                    \r\n                    \r\n                                    <\/div>\r\n            \r\n            \r\n            \r\n            \r\n\r\n\r\n\r\n            \r\n                <a  href=\"\/at\/e-mail-security\/\" target=\"\" class=\"g-button--arrow g-card__read-more\">\r\n                Mehr erfahren            <\/a>\r\n\r\n                <\/div>\r\n    \r\n            <div class=\"g-card__image\">\r\n                        <div class=\"g-card__image-inner img-fit\">\r\n                <img loading=\"lazy\" decoding=\"async\" width=\"394\" height=\"300\" src=\"https:\/\/www.infinigate.com\/at\/wp-content\/uploads\/sites\/29\/2025\/06\/E-Mail-Security.webp\" class=\"attachment-medium_large size-medium_large\" alt=\"\" srcset=\"https:\/\/www.infinigate.com\/at\/wp-content\/uploads\/sites\/29\/2025\/06\/E-Mail-Security.webp 394w, https:\/\/www.infinigate.com\/at\/wp-content\/uploads\/sites\/29\/2025\/06\/E-Mail-Security-300x228.webp 300w\" sizes=\"auto, (max-width: 394px) 100vw, 394px\" \/>            <\/div>\r\n            \r\n                    <\/div>\r\n    \r\n    <\/article>\r\n<article class=\"g-card animate-element has-white-background-color has-background has-image has-link g-card--type--custom\">\r\n        <div class=\"g-card__inner\">\r\n                \r\n\r\n                                        <div class=\"g-card__header\">\r\n                    \r\n\r\n                        <h2 class=\"g-card__heading\">    <a href=\"\/at\/soc-mdr-loesungen\/\">\r\n                SOC\/MDR Konzepte &amp; L\u00f6sungen            <\/a>\r\n<\/h2>\r\n                    \r\n                                            <div class=\"g-card__content\">\r\n                            <p>Effektive Konzepte f\u00fcr den Bereich SOC &amp; MDR werden derzeit von IT-Dienstleistern und Endkunden stark nachgefragt. Pr\u00fcfen Sie jetzt in unserer \u00dcbersicht, welche Hersteller und Services Ihnen f\u00fcr den Ausbau Ihres SOC &amp; MDR Portfolios zur Verf\u00fcgung stehen.<\/p>\n                        <\/div>\r\n                    \r\n                    \r\n                                    <\/div>\r\n            \r\n            \r\n            \r\n            \r\n\r\n\r\n\r\n            \r\n                <a  href=\"\/at\/soc-mdr-loesungen\/\" target=\"\" class=\"g-button--arrow g-card__read-more\">\r\n                Mehr erfahren            <\/a>\r\n\r\n                <\/div>\r\n    \r\n            <div class=\"g-card__image\">\r\n                        <div class=\"g-card__image-inner img-fit\">\r\n                <img loading=\"lazy\" decoding=\"async\" width=\"615\" height=\"615\" src=\"https:\/\/www.infinigate.com\/at\/wp-content\/uploads\/sites\/29\/2024\/06\/VP_Thales_Cloud_615x615.jpg\" class=\"attachment-medium_large size-medium_large\" alt=\"SOC MDR Konzepte &amp; L\u00f6sungen\" srcset=\"https:\/\/www.infinigate.com\/at\/wp-content\/uploads\/sites\/29\/2024\/06\/VP_Thales_Cloud_615x615.jpg 615w, https:\/\/www.infinigate.com\/at\/wp-content\/uploads\/sites\/29\/2024\/06\/VP_Thales_Cloud_615x615-300x300.jpg 300w, https:\/\/www.infinigate.com\/at\/wp-content\/uploads\/sites\/29\/2024\/06\/VP_Thales_Cloud_615x615-150x150.jpg 150w\" sizes=\"auto, (max-width: 615px) 100vw, 615px\" \/>            <\/div>\r\n            \r\n                    <\/div>\r\n    \r\n    <\/article>\r\n<article class=\"g-card animate-element has-white-background-color has-background has-image has-link g-card--type--custom\">\r\n        <div class=\"g-card__inner\">\r\n                \r\n\r\n                                        <div class=\"g-card__header\">\r\n                    \r\n\r\n                        <h2 class=\"g-card__heading\">    <a href=\"\/at\/ot-security\/\">\r\n                OT Security            <\/a>\r\n<\/h2>\r\n                    \r\n                                            <div class=\"g-card__content\">\r\n                            <p>Operational Technology Security (OT Security) bezieht sich auf die Praktiken und Technologien, die eingesetzt werden, um die Sicherheit von industriellen Steuerungssystemen (Industrial Control Systems, ICS) und anderen kritischen Infrastrukturen zu gew\u00e4hrleisten.<\/p>\n                        <\/div>\r\n                    \r\n                    \r\n                                    <\/div>\r\n            \r\n            \r\n            \r\n            \r\n\r\n\r\n\r\n            \r\n                <a  href=\"\/at\/ot-security\/\" target=\"\" class=\"g-button--arrow g-card__read-more\">\r\n                Mehr erfahren            <\/a>\r\n\r\n                <\/div>\r\n    \r\n            <div class=\"g-card__image\">\r\n                        <div class=\"g-card__image-inner img-fit\">\r\n                <img loading=\"lazy\" decoding=\"async\" width=\"625\" height=\"625\" src=\"https:\/\/www.infinigate.com\/at\/wp-content\/uploads\/sites\/29\/2024\/06\/OT_Grafik_625x625.jpg\" class=\"attachment-medium_large size-medium_large\" alt=\"\" srcset=\"https:\/\/www.infinigate.com\/at\/wp-content\/uploads\/sites\/29\/2024\/06\/OT_Grafik_625x625.jpg 625w, https:\/\/www.infinigate.com\/at\/wp-content\/uploads\/sites\/29\/2024\/06\/OT_Grafik_625x625-300x300.jpg 300w, https:\/\/www.infinigate.com\/at\/wp-content\/uploads\/sites\/29\/2024\/06\/OT_Grafik_625x625-150x150.jpg 150w\" sizes=\"auto, (max-width: 625px) 100vw, 625px\" \/>            <\/div>\r\n            \r\n                    <\/div>\r\n    \r\n    <\/article>\r\n<article class=\"g-card animate-element has-white-background-color has-background has-image has-link g-card--type--custom\">\r\n        <div class=\"g-card__inner\">\r\n                \r\n\r\n                                        <div class=\"g-card__header\">\r\n                    \r\n\r\n                        <h2 class=\"g-card__heading\">    <a href=\"\/at\/services\/managed-services\/\">\r\n                MSP | Managed Security            <\/a>\r\n<\/h2>\r\n                    \r\n                                            <div class=\"g-card__content\">\r\n                            <p>Sie wollen MSP werden und eigene Managed Services aufbauen? Oder Sie m\u00f6chten Ihre vorhandenen Managed Security Services optimieren? Infinigate unterst\u00fctzt Sie auf Ihrem Weg zum M(S)SSP!<\/p>\n                        <\/div>\r\n                    \r\n                    \r\n                                    <\/div>\r\n            \r\n            \r\n            \r\n            \r\n\r\n\r\n\r\n            \r\n                <a  href=\"\/at\/services\/managed-services\/\" target=\"\" class=\"g-button--arrow g-card__read-more\">\r\n                Mehr erfahren            <\/a>\r\n\r\n                <\/div>\r\n    \r\n            <div class=\"g-card__image\">\r\n                        <div class=\"g-card__image-inner img-fit\">\r\n                <img loading=\"lazy\" decoding=\"async\" width=\"625\" height=\"625\" src=\"https:\/\/www.infinigate.com\/at\/wp-content\/uploads\/sites\/29\/2024\/07\/netzwerk2.jpg\" class=\"attachment-medium_large size-medium_large\" alt=\"MSP Managed Security\" srcset=\"https:\/\/www.infinigate.com\/at\/wp-content\/uploads\/sites\/29\/2024\/07\/netzwerk2.jpg 625w, https:\/\/www.infinigate.com\/at\/wp-content\/uploads\/sites\/29\/2024\/07\/netzwerk2-300x300.jpg 300w, https:\/\/www.infinigate.com\/at\/wp-content\/uploads\/sites\/29\/2024\/07\/netzwerk2-150x150.jpg 150w\" sizes=\"auto, (max-width: 625px) 100vw, 625px\" \/>            <\/div>\r\n            \r\n                    <\/div>\r\n    \r\n    <\/article>\r\n<article class=\"g-card animate-element has-white-background-color has-background has-image has-link g-card--type--custom\">\r\n        <div class=\"g-card__inner\">\r\n                \r\n\r\n                                        <div class=\"g-card__header\">\r\n                    \r\n\r\n                        <h2 class=\"g-card__heading\">    <a href=\"\/at\/sase-secure-access-services-edge\/\">\r\n                SASE (Secure Access Services Edge)            <\/a>\r\n<\/h2>\r\n                    \r\n                                            <div class=\"g-card__content\">\r\n                            <p>Cloudbasierte Dienste und immer mobiler agierende User erfordern andere Ans\u00e4tze, um das Sicherheitsniveau generell hochzuhalten.<\/p>\n                        <\/div>\r\n                    \r\n                    \r\n                                    <\/div>\r\n            \r\n            \r\n            \r\n            \r\n\r\n\r\n\r\n            \r\n                <a  href=\"\/at\/sase-secure-access-services-edge\/\" target=\"\" class=\"g-button--arrow g-card__read-more\">\r\n                Mehr erfahren            <\/a>\r\n\r\n                <\/div>\r\n    \r\n            <div class=\"g-card__image\">\r\n                        <div class=\"g-card__image-inner img-fit\">\r\n                <img loading=\"lazy\" decoding=\"async\" width=\"630\" height=\"630\" src=\"https:\/\/www.infinigate.com\/at\/wp-content\/uploads\/sites\/29\/2025\/04\/Reagieren-Sie-flexibel-auf-Kundenanforderungen-.webp\" class=\"attachment-medium_large size-medium_large\" alt=\"\" srcset=\"https:\/\/www.infinigate.com\/at\/wp-content\/uploads\/sites\/29\/2025\/04\/Reagieren-Sie-flexibel-auf-Kundenanforderungen-.webp 630w, https:\/\/www.infinigate.com\/at\/wp-content\/uploads\/sites\/29\/2025\/04\/Reagieren-Sie-flexibel-auf-Kundenanforderungen--300x300.webp 300w, https:\/\/www.infinigate.com\/at\/wp-content\/uploads\/sites\/29\/2025\/04\/Reagieren-Sie-flexibel-auf-Kundenanforderungen--150x150.webp 150w\" sizes=\"auto, (max-width: 630px) 100vw, 630px\" \/>            <\/div>\r\n            \r\n                    <\/div>\r\n    \r\n    <\/article>\r\n<article class=\"g-card animate-element has-white-background-color has-background has-image has-link g-card--type--custom\">\r\n        <div class=\"g-card__inner\">\r\n                \r\n\r\n                                        <div class=\"g-card__header\">\r\n                    \r\n\r\n                        <h2 class=\"g-card__heading\">    <a href=\"\/at\/dora-digital-operational-resilience-act\/\">\r\n                DORA (Digital Operational Resilience Act)            <\/a>\r\n<\/h2>\r\n                    \r\n                                            <div class=\"g-card__content\">\r\n                            <p>Der Digital Operational Resilience Act (DORA) wurde von der Europ\u00e4ischen Union geschaffen, um den Finanzsektor zu sichern. Machen Sie Ihre Kunden DORA-ready.<\/p>\n                        <\/div>\r\n                    \r\n                    \r\n                                    <\/div>\r\n            \r\n            \r\n            \r\n            \r\n\r\n\r\n\r\n            \r\n                <a  href=\"\/at\/dora-digital-operational-resilience-act\/\" target=\"\" class=\"g-button--arrow g-card__read-more\">\r\n                Mehr erfahren            <\/a>\r\n\r\n                <\/div>\r\n    \r\n            <div class=\"g-card__image\">\r\n                        <div class=\"g-card__image-inner img-fit\">\r\n                <img loading=\"lazy\" decoding=\"async\" width=\"768\" height=\"403\" src=\"https:\/\/www.infinigate.com\/at\/wp-content\/uploads\/sites\/29\/2025\/01\/DORA_Staerkung-von-Finanzunternehmen_1200x630-768x403.webp\" class=\"attachment-medium_large size-medium_large\" alt=\"\" srcset=\"https:\/\/www.infinigate.com\/at\/wp-content\/uploads\/sites\/29\/2025\/01\/DORA_Staerkung-von-Finanzunternehmen_1200x630-768x403.webp 768w, https:\/\/www.infinigate.com\/at\/wp-content\/uploads\/sites\/29\/2025\/01\/DORA_Staerkung-von-Finanzunternehmen_1200x630-300x158.webp 300w, https:\/\/www.infinigate.com\/at\/wp-content\/uploads\/sites\/29\/2025\/01\/DORA_Staerkung-von-Finanzunternehmen_1200x630-1024x538.webp 1024w, https:\/\/www.infinigate.com\/at\/wp-content\/uploads\/sites\/29\/2025\/01\/DORA_Staerkung-von-Finanzunternehmen_1200x630.webp 1200w\" sizes=\"auto, (max-width: 768px) 100vw, 768px\" \/>            <\/div>\r\n            \r\n                    <\/div>\r\n    \r\n    <\/article>\r\n<article class=\"g-card animate-element has-white-background-color has-background has-image has-link g-card--type--custom\">\r\n        <div class=\"g-card__inner\">\r\n                \r\n\r\n                                        <div class=\"g-card__header\">\r\n                    \r\n\r\n                        <h2 class=\"g-card__heading\">    <a href=\"\/at\/nis-2-richtlinie\/\">\r\n                NIS-2-Richtlinie            <\/a>\r\n<\/h2>\r\n                    \r\n                                            <div class=\"g-card__content\">\r\n                            <p>Machen Sie sich und Ihre Kunden NIS-2-ready. Wir unterst\u00fctzen Sie bei der technischen und vertrieblichen Umsetzung der NIS-2-Richtlinie.<\/p>\n                        <\/div>\r\n                    \r\n                    \r\n                                    <\/div>\r\n            \r\n            \r\n            \r\n            \r\n\r\n\r\n\r\n            \r\n                <a  href=\"\/at\/nis-2-richtlinie\/\" target=\"\" class=\"g-button--arrow g-card__read-more\">\r\n                Mehr erfahren            <\/a>\r\n\r\n                <\/div>\r\n    \r\n            <div class=\"g-card__image\">\r\n                        <div class=\"g-card__image-inner img-fit\">\r\n                <img loading=\"lazy\" decoding=\"async\" width=\"630\" height=\"300\" src=\"https:\/\/www.infinigate.com\/at\/wp-content\/uploads\/sites\/29\/2025\/01\/NIS-2_Netzwerk-und-Informationssicherheit_625x625.webp?ver=1737676525\" class=\"attachment-medium_large size-medium_large\" alt=\"\" srcset=\"https:\/\/www.infinigate.com\/at\/wp-content\/uploads\/sites\/29\/2025\/01\/NIS-2_Netzwerk-und-Informationssicherheit_625x625.webp 630w, https:\/\/www.infinigate.com\/at\/wp-content\/uploads\/sites\/29\/2025\/01\/NIS-2_Netzwerk-und-Informationssicherheit_625x625-300x143.webp 300w\" sizes=\"auto, (max-width: 630px) 100vw, 630px\" \/>            <\/div>\r\n            \r\n                    <\/div>\r\n    \r\n    <\/article>\r\n            <\/div>\n\n            \n                <\/section>\n","protected":false},"excerpt":{"rendered":"","protected":false},"author":36,"featured_media":12824,"parent":0,"menu_order":0,"comment_status":"closed","ping_status":"closed","template":"","meta":{"_acf_changed":false,"footnotes":""},"folder":[393],"class_list":["post-15519","page","type-page","status-publish","has-post-thumbnail","hentry"],"acf":[],"distributor_meta":false,"distributor_terms":false,"distributor_media":false,"distributor_original_site_name":"Infinigate | Austria","distributor_original_site_url":"https:\/\/www.infinigate.com\/at","push-errors":false,"_links":{"self":[{"href":"https:\/\/www.infinigate.com\/at\/wp-json\/wp\/v2\/pages\/15519","targetHints":{"allow":["GET"]}}],"collection":[{"href":"https:\/\/www.infinigate.com\/at\/wp-json\/wp\/v2\/pages"}],"about":[{"href":"https:\/\/www.infinigate.com\/at\/wp-json\/wp\/v2\/types\/page"}],"author":[{"embeddable":true,"href":"https:\/\/www.infinigate.com\/at\/wp-json\/wp\/v2\/users\/36"}],"replies":[{"embeddable":true,"href":"https:\/\/www.infinigate.com\/at\/wp-json\/wp\/v2\/comments?post=15519"}],"version-history":[{"count":0,"href":"https:\/\/www.infinigate.com\/at\/wp-json\/wp\/v2\/pages\/15519\/revisions"}],"wp:featuredmedia":[{"embeddable":true,"href":"https:\/\/www.infinigate.com\/at\/wp-json\/wp\/v2\/media\/12824"}],"wp:attachment":[{"href":"https:\/\/www.infinigate.com\/at\/wp-json\/wp\/v2\/media?parent=15519"}],"wp:term":[{"taxonomy":"folder","embeddable":true,"href":"https:\/\/www.infinigate.com\/at\/wp-json\/wp\/v2\/folder?post=15519"}],"curies":[{"name":"wp","href":"https:\/\/api.w.org\/{rel}","templated":true}]}}