{"id":17054,"date":"2025-01-23T09:00:30","date_gmt":"2025-01-23T08:00:30","guid":{"rendered":"https:\/\/www.infinigate.com\/at\/?page_id=17054"},"modified":"2026-03-25T13:43:12","modified_gmt":"2026-03-25T12:43:12","slug":"karriere","status":"publish","type":"page","link":"https:\/\/www.infinigate.com\/at\/karriere\/","title":{"rendered":"Karriere bei Infinigate"},"content":{"rendered":"\n<div class=\"wp-block-columns is-layout-flex wp-container-core-columns-is-layout-9d6595d7 wp-block-columns-is-layout-flex\">\n<div class=\"wp-block-column is-layout-flow wp-block-column-is-layout-flow\">\n<p class=\"is-style-large-body\">Als Value Added Distributor ist Infinigate auf den Vertrieb von IT-Sicherheitsprodukten und -l\u00f6sungen f\u00fcr den privaten und \u00f6ffentlichen Sektor spezialisiert.<\/p>\n<\/div>\n\n\n\n<div class=\"wp-block-column is-layout-flow wp-block-column-is-layout-flow\">\n<p class=\"is-style-large-body\">Das Unternehmen ist in 11 europ\u00e4ischen M\u00e4rkten t\u00e4tig und nutzt so seine Kaufkraft zum Vorteil seiner Kunden.<\/p>\n<\/div>\n<\/div>\n\n\n\n<figure class=\"wp-block-image alignfull size-full is-style-corner-overlay\"><img loading=\"lazy\" decoding=\"async\" width=\"1440\" height=\"510\" src=\"https:\/\/www.infinigate.com\/uk\/wp-content\/uploads\/sites\/23\/2023\/04\/Hero-image-careers.jpg\" alt=\"\" class=\"wp-image-2530\" srcset=\"https:\/\/www.infinigate.com\/at\/wp-content\/uploads\/sites\/29\/2023\/04\/Hero-image-careers.jpg 1440w, https:\/\/www.infinigate.com\/at\/wp-content\/uploads\/sites\/29\/2023\/04\/Hero-image-careers-300x106.jpg 300w, https:\/\/www.infinigate.com\/at\/wp-content\/uploads\/sites\/29\/2023\/04\/Hero-image-careers-1024x363.jpg 1024w, https:\/\/www.infinigate.com\/at\/wp-content\/uploads\/sites\/29\/2023\/04\/Hero-image-careers-768x272.jpg 768w\" sizes=\"auto, (max-width: 1440px) 100vw, 1440px\" \/><\/figure>\n\n\n\n<div class=\"wp-block-columns is-layout-flex wp-container-core-columns-is-layout-9d6595d7 wp-block-columns-is-layout-flex\">\n<div class=\"wp-block-column is-layout-flow wp-block-column-is-layout-flow\">\n<h2 class=\"wp-block-heading is-style-border-left wp-block-heading\" id=\"h-unser-team\">Unser Team<\/h2>\n\n\n\n<p>Bei Infinigate sind wir bestrebt, ein vielf\u00e4ltiges und integratives Arbeitsumfeld zu schaffen, in dem Unterschiede gesch\u00e4tzt und anerkannt werden.<\/p>\n\n\n\n<p>Das Infinigate-Team besteht aus Experten auf dem Gebiet der IT-Sicherheit sowie aus hochqualifizierten Support-Mitarbeitern. Die meisten unserer Teammitglieder sind langj\u00e4hrige Mitarbeiter, aber wir suchen st\u00e4ndig nach neuen Talenten, um unser expandierendes Unternehmen und unsere Kunden zu unterst\u00fctzen.<\/p>\n<\/div>\n\n\n\n<div class=\"wp-block-column is-layout-flow wp-block-column-is-layout-flow\">\n<h2 class=\"wp-block-heading is-style-border-left wp-block-heading\" id=\"h-unsere-firmenkultur-und-werte\">Unsere Firmenkultur und Werte<\/h2>\n\n\n\n<p>Unser Hauptaugenmerk liegt auf positiven Kundenergebnissen und langfristigen, stabilen Partnerschaften mit unseren Anbietern. Um dieses Ziel zu erreichen, setzen wir auf flache Hierarchien, leistungsstarke Teams, effiziente Entscheidungsfindungsprozesse und ein f\u00f6rderndes, lernendes Umfeld, das Leistung belohnt.<\/p>\n<\/div>\n<\/div>\n\n\n    <section style=\"--content-grid--columns: 3;\" class=\"content-grid wp-block animate content-grid--3-columns alignfull\">\r\n        <div class=\"content-grid__inner\">\r\n            \r\n\r\n            \r\n\r\n            \r\n                    \r\n                                                    \r\n                    \r\n                                                                        <div class=\"content-grid__items\">\r\n                                                                            <div class=\"content-grid__item has-background has-blue-background-color\">\r\n                                            \r\n                                                \r\n                                        \r\n                                                                                        <h3 class=\"content-grid__item__heading\">Wir \u00fcbernehmen Verantwortung<\/h3>\r\n                                        \r\n                                                                        <div class=\" content-grid__item__subheading\">\r\n                                            <p>Die Initiative f\u00fcr das Wachstum des Unternehmens, unserer Lieferanten und unserer Partner zu ergreifen, ist die Grundlage unserer Arbeit.<\/p>\n                                <\/div>\r\n                                        \r\n                                        \r\n                        <\/div>\r\n                                                                            <div class=\"content-grid__item has-background has-coral-background-color\">\r\n                                            \r\n                                                \r\n                                        \r\n                                                                                        <h3 class=\"content-grid__item__heading\">Wir sind ehrgeizig<\/h3>\r\n                                        \r\n                                                                        <div class=\" content-grid__item__subheading\">\r\n                                            <p>Wir schaffen Wachstum. Wir stellen den Status quo st\u00e4ndig in Frage, um ihn zu verbessern, und verwandeln Herausforderungen in Chancen und Ideen in kreative L\u00f6sungen.<\/p>\n                                <\/div>\r\n                                        \r\n                                        \r\n                        <\/div>\r\n                                                                            <div class=\"content-grid__item has-background has-blue-background-color\">\r\n                                            \r\n                                                \r\n                                        \r\n                                                                                        <h3 class=\"content-grid__item__heading\">Wir sind aufgeschlossen<\/h3>\r\n                                        \r\n                                                                        <div class=\" content-grid__item__subheading\">\r\n                                            <p>Wir managen den Wandel nicht nur, wir treiben ihn mit Innovation voran. Mit unserer Lernbereitschaft stellen wir uns den Herausforderungen von heute und morgen.<\/p>\n                                <\/div>\r\n                                        \r\n                                        \r\n                        <\/div>\r\n                                                    <\/div>\r\n                                    <\/div>\r\n    <\/section>\r\n\n\n<section class=\"media-content wp-block media-content--right media-content--media-type--image has-gray-25-background-color has-background alignfull\">\r\n    <div class=\"media-content__inner\">\r\n        <div class=\"media-content__content\">\r\n                                <h2 class=\"media-content__heading\">Deine Bewerbung<\/h2>\r\n            \r\n                                <h3 class=\"media-content__subheading\">Interessiert?<\/h3>\r\n            \r\n            <p>Dann freuen wir uns auf Deine aussagekr\u00e4ftige (Online-) Bewerbung.<\/p>\n<p>Infinigate \u00d6sterreich GmbH<br \/>\nPersonalabteilung<br \/>\nHirschstettner Stra\u00dfe 19 \/ Bauteil I \/ 4 Stock<br \/>\nA-1220 Wien<br \/>\n\u00d6sterreich<\/p>\n<p><a href=\"mailto:info@infinigate.at\" target=\"_blank\" rel=\"noopener\">info@infinigate.at<\/a><\/p>\n\r\n                    <\/div>\r\n\r\n                    <div class=\"media-content__media\">\r\n                <img loading=\"lazy\" decoding=\"async\" width=\"2048\" height=\"2048\" src=\"https:\/\/www.infinigate.com\/at\/wp-content\/uploads\/sites\/29\/2023\/10\/Firefly-Technical-woman-reading-off-tablet-in-high-tech-lounge-with-low-light-836621.jpg\" class=\"attachment-super size-super\" alt=\"\" sizes=\"auto, (max-width: 768px) 100vw, 50vw\" srcset=\"https:\/\/www.infinigate.com\/at\/wp-content\/uploads\/sites\/29\/2023\/10\/Firefly-Technical-woman-reading-off-tablet-in-high-tech-lounge-with-low-light-836621.jpg 2048w, https:\/\/www.infinigate.com\/at\/wp-content\/uploads\/sites\/29\/2023\/10\/Firefly-Technical-woman-reading-off-tablet-in-high-tech-lounge-with-low-light-836621-300x300.jpg 300w, https:\/\/www.infinigate.com\/at\/wp-content\/uploads\/sites\/29\/2023\/10\/Firefly-Technical-woman-reading-off-tablet-in-high-tech-lounge-with-low-light-836621-1024x1024.jpg 1024w, https:\/\/www.infinigate.com\/at\/wp-content\/uploads\/sites\/29\/2023\/10\/Firefly-Technical-woman-reading-off-tablet-in-high-tech-lounge-with-low-light-836621-150x150.jpg 150w, https:\/\/www.infinigate.com\/at\/wp-content\/uploads\/sites\/29\/2023\/10\/Firefly-Technical-woman-reading-off-tablet-in-high-tech-lounge-with-low-light-836621-768x768.jpg 768w, https:\/\/www.infinigate.com\/at\/wp-content\/uploads\/sites\/29\/2023\/10\/Firefly-Technical-woman-reading-off-tablet-in-high-tech-lounge-with-low-light-836621-1536x1536.jpg 1536w, https:\/\/www.infinigate.com\/at\/wp-content\/uploads\/sites\/29\/2023\/10\/Firefly-Technical-woman-reading-off-tablet-in-high-tech-lounge-with-low-light-836621-900x900.jpg 900w\" \/>            <\/div>\r\n            <\/div>\r\n<\/section>\r\n\n\n\n\n\n\n\n<h2 class=\"wp-block-heading is-style-border-left wp-block-heading\" id=\"h-jetzt-online-bewerben\">Jetzt online bewerben<\/h2>\n\n\n\n<p>Wir suchen Dich! Infinigate ist immer auf der Suche nach talentierten Mitarbeitern. Als junges und dynamisches Team bietet Infinigate ein angenehmes Arbeitsklima, wo jeder Freiraum hat um selbstst\u00e4ndig zu arbeiten und um seine Kreativit\u00e4t zu entfalten. Du m\u00f6chtest eine attraktive Zukunft mit uns starten? Dann sende uns Deine Bewerbungsunterlagen!<\/p>\n\n\n<section class=\"jobs wp-block animate has-gray-25-background-color has-background alignfull\">\r\n    <div class=\"jobs__inner\">\r\n        \r\n        \r\n        \r\n        \r\n                                <div class=\"jobs__items\">\r\n                                        <article class=\"job\">\r\n        <div class=\"job__inner\">\r\n                                <h4 class=\"job__heading\">Business Development Manager (w\/m\/d)<\/h4>\r\n            \r\n                            <div class=\"job__location\">\r\n                                            Infinigate \u00d6sterreich GmbH                                    <\/div>\r\n            \r\n            \r\n\r\n\r\n            <div class=\"job__link\">\r\n                                        <a  href=\"https:\/\/www.infinigate.com\/at\/jobs\/vertrieb\" target=\"\">\r\n                Mehr lesen            <\/a>\r\n                            <\/div>\r\n        <\/div>\r\n    <\/article>\r\n                            <\/div>\r\n        \r\n            <\/div>\r\n<\/section>\r\n","protected":false},"excerpt":{"rendered":"<p>Als Value Added Distributor ist Infinigate auf den Vertrieb von IT-Sicherheitsprodukten und -l\u00f6sungen f\u00fcr den privaten und \u00f6ffentlichen Sektor spezialisiert.&hellip;<\/p>\n","protected":false},"author":36,"featured_media":15931,"parent":0,"menu_order":0,"comment_status":"closed","ping_status":"closed","template":"","meta":{"_acf_changed":false,"footnotes":""},"folder":[495],"class_list":["post-17054","page","type-page","status-publish","has-post-thumbnail","hentry"],"acf":[],"distributor_meta":false,"distributor_terms":false,"distributor_media":false,"distributor_original_site_name":"Infinigate | Austria","distributor_original_site_url":"https:\/\/www.infinigate.com\/at","push-errors":false,"_links":{"self":[{"href":"https:\/\/www.infinigate.com\/at\/wp-json\/wp\/v2\/pages\/17054","targetHints":{"allow":["GET"]}}],"collection":[{"href":"https:\/\/www.infinigate.com\/at\/wp-json\/wp\/v2\/pages"}],"about":[{"href":"https:\/\/www.infinigate.com\/at\/wp-json\/wp\/v2\/types\/page"}],"author":[{"embeddable":true,"href":"https:\/\/www.infinigate.com\/at\/wp-json\/wp\/v2\/users\/36"}],"replies":[{"embeddable":true,"href":"https:\/\/www.infinigate.com\/at\/wp-json\/wp\/v2\/comments?post=17054"}],"version-history":[{"count":1,"href":"https:\/\/www.infinigate.com\/at\/wp-json\/wp\/v2\/pages\/17054\/revisions"}],"predecessor-version":[{"id":20378,"href":"https:\/\/www.infinigate.com\/at\/wp-json\/wp\/v2\/pages\/17054\/revisions\/20378"}],"wp:featuredmedia":[{"embeddable":true,"href":"https:\/\/www.infinigate.com\/at\/wp-json\/wp\/v2\/media\/15931"}],"wp:attachment":[{"href":"https:\/\/www.infinigate.com\/at\/wp-json\/wp\/v2\/media?parent=17054"}],"wp:term":[{"taxonomy":"folder","embeddable":true,"href":"https:\/\/www.infinigate.com\/at\/wp-json\/wp\/v2\/folder?post=17054"}],"curies":[{"name":"wp","href":"https:\/\/api.w.org\/{rel}","templated":true}]}}