{"id":6921,"date":"2024-06-21T01:44:12","date_gmt":"2024-06-21T00:44:12","guid":{"rendered":"https:\/\/www.infinigate.com\/at\/?page_id=6921"},"modified":"2024-10-10T07:56:30","modified_gmt":"2024-10-10T05:56:30","slug":"preisfindung","status":"publish","type":"page","link":"https:\/\/www.infinigate.com\/at\/services\/preisfindung\/","title":{"rendered":"Preisfindung"},"content":{"rendered":"\n<figure class=\"wp-block-image alignfull size-large is-style-corner-overlay\"><img decoding=\"async\" src=\"https:\/\/www.infinigate.com\/at\/wp-content\/uploads\/sites\/29\/2024\/06\/Preisfindung.jpeg\" alt=\"\"\/><\/figure>\n\n\n\n<h2 class=\"wp-block-heading is-style-border-left wp-block-heading\" id=\"h-ihre-preise-finden-sie-in-unserer-partnerwelt-durch\">Ihre <strong>Preise<\/strong> finden Sie in unserer Partnerwelt durch:<\/h2>\n\n\n\n<div class=\"wp-block-columns is-layout-flex wp-container-core-columns-is-layout-9d6595d7 wp-block-columns-is-layout-flex\">\n<div class=\"wp-block-column is-layout-flow wp-block-column-is-layout-flow\">\n<p><a href=\"#preislisten\">Generierung individueller Preislisten<br><\/a><a href=\"#pricebook\">Preislistenabonnement<br><\/a><a href=\"#pricefeeds\">Preislisten Import via FTP-Server (Pricefeeds)<br><\/a><a href=\"#api\">Abruf von Preis- und Produktinformationen via REST API<\/a><\/p>\n<\/div>\n\n\n\n<div class=\"wp-block-column is-layout-flow wp-block-column-is-layout-flow\">\n<p><\/p>\n<\/div>\n<\/div>\n\n\n\n<div class=\"wp-block-buttons is-layout-flex wp-block-buttons-is-layout-flex\">\n<div class=\"wp-block-button\"><a class=\"wp-block-button__link wp-element-button\" href=\"https:\/\/idconnect.infinigate.de\" target=\"_blank\" rel=\"noreferrer noopener\">Zur Partnerwelt<\/a><\/div>\n<\/div>\n\n\n\n<div class=\"wp-block-columns is-layout-flex wp-container-core-columns-is-layout-9d6595d7 wp-block-columns-is-layout-flex\">\n<div class=\"wp-block-column is-layout-flow wp-block-column-is-layout-flow\" id=\"preisfindung\">    <section class=\"cards wp-block animate cards--columns-2 cards--type--default alignwide\">\n        <div class=\"cards__inner\">\n            \n            <div class=\"cards__items\">\n                \n                \n                <article class=\"g-card animate-element has-white-background-color has-background g-card--type--custom\">\r\n        <div class=\"g-card__inner\">\r\n                \r\n\r\n                                        <div class=\"g-card__header\">\r\n                    \r\n\r\n                        <h2 class=\"g-card__heading\">1. Generierung individueller Preislisten im Pricebook<\/h2>\r\n                    \r\n                                            <div class=\"g-card__content\">\r\n                            <h6 id=\"preislisten\"><\/h6>\n<p>Als registrierter Partner bei der Infinigate Deutschland GmbH k\u00f6nnen Sie in der Infinigate Partnerwelt (Dashboard) auf unser Pricebook zugreifen. Dort finden Sie \u00fcber eine Herstellerauswahl alle tagesaktuellen Produkte und Preise mit Ihren individuellen Konditionen. Zudem haben Sie dort folgende M\u00f6glichkeiten:<\/p>\n<ul>\n<li>Preislisten f\u00fcr den Download generieren (xlsx, csv)<\/li>\n<li>Preislisten-Abonnements einrichten (monatlicher Versand einer Preisliste)<\/li>\n<li>Projekte anlegen<\/li>\n<li>Lagerbest\u00e4nde pr\u00fcfen (nicht f\u00fcr alle Hersteller m\u00f6glich)<\/li>\n<li>Bestellungen absetzen (nicht f\u00fcr alle Hersteller m\u00f6glich)<\/li>\n<\/ul>\n                        <\/div>\r\n                    \r\n                    \r\n                                    <\/div>\r\n            \r\n            \r\n            \r\n            \r\n\r\n\r\n\r\n            \r\n            \r\n                <\/div>\r\n    \r\n    \r\n    <\/article>\r\n<article class=\"g-card animate-element has-white-background-color has-background g-card--type--custom\">\r\n        <div class=\"g-card__inner\">\r\n                \r\n\r\n                                        <div class=\"g-card__header\">\r\n                    \r\n\r\n                        <h2 class=\"g-card__heading\">2. Preislistenabonnement im Pricebook<\/h2>\r\n                    \r\n                                            <div class=\"g-card__content\">\r\n                            <h6 id=\"pricebook\"><\/h6>\n<p>Sie k\u00f6nnen sich jederzeit tagesaktuell im Pricebook Ihre Preislisten zusammenstellen und herunterladen. Zus\u00e4tzlich k\u00f6nnen Sie sich dort aber auch ein Preislisten-Abonnement einrichten. Mit Anlage eines Abos erhalten Sie an jedem 5. des Monats Ihre Preisliste(n) automatisch von uns zugesandt. Beim Einrichten des Abos haben Sie au\u00dferdem die M\u00f6glichkeit, Kollegen aus Ihrer Firma mit in Kopie zu nehmen.<br \/>\nSie finden im Pricebook im Tutorial eine genaue Anleitung, wie das Abo in nur 2 Min erstellt werden kann.<\/p>\n                        <\/div>\r\n                    \r\n                    \r\n                                    <\/div>\r\n            \r\n            \r\n            \r\n            \r\n\r\n\r\n\r\n            \r\n            \r\n                <\/div>\r\n    \r\n    \r\n    <\/article>\r\n<article class=\"g-card animate-element has-white-background-color has-background g-card--type--custom\">\r\n        <div class=\"g-card__inner\">\r\n                \r\n\r\n                                        <div class=\"g-card__header\">\r\n                    \r\n\r\n                        <h2 class=\"g-card__heading\">3. Preislisten Import via FTP-Server (Pricefeeds)<\/h2>\r\n                    \r\n                                            <div class=\"g-card__content\">\r\n                            <h6 id=\"pricefeeds\"><\/h6>\n<p>Eine weitere M\u00f6glichkeit zur Preisfindung ist eine elektronische Preiseinlesung. Dabei \u00fcbermitteln wir Ihnen jede Nacht unsere Preisliste als Datei (csv, txt, xls) sicher \u00fcber einen FTP-Server f\u00fcr den Download. Diese PriceFeeds enthalten alle Produkte aus unserem Portfolio mit Hersteller-SKU, Beschreibung, tagesaktuellen Preisen, Ihrem Discount und Verf\u00fcgbarkeit und kann entweder f\u00fcr Ihr Warenwirtschaftssystem (z. B. c-entron) oder f\u00fcr die Handelsplattform ITscope\/COP genutzt werden.<br \/>\nBitte beachten Sie, dass Sie ohne ein eigenes, bei uns beantragtes PriceFeed in ITscope nur Standardpreise sehen und nicht die Preise mit Ihrem pers\u00f6nlichen Discount! Ihr angepasstes Pricefeed k\u00f6nnen Sie unter preisliste-support@infinigate.de anfordern.<\/p>\n                        <\/div>\r\n                    \r\n                    \r\n                                    <\/div>\r\n            \r\n            \r\n            \r\n            \r\n\r\n\r\n\r\n            \r\n            \r\n                <\/div>\r\n    \r\n    \r\n    <\/article>\r\n<article class=\"g-card animate-element has-white-background-color has-background g-card--type--custom\">\r\n        <div class=\"g-card__inner\">\r\n                \r\n\r\n                                        <div class=\"g-card__header\">\r\n                    \r\n\r\n                        <h2 class=\"g-card__heading\">4. Abruf von Preis- und Produktinformationen via REST API<\/h2>\r\n                    \r\n                                            <div class=\"g-card__content\">\r\n                            <h6 id=\"api\"><\/h6>\n<p>Die Infinigate API erm\u00f6glicht Ihnen im Zuge fortschreitender Automatisierung den Abruf von<\/p>\n<p>1. Produkt-bezogenen Daten<\/p>\n<ul>\n<li>Abruf Produktinfos [u.a. Infinigate\/Vendor SKU\/Produktbeschreibung\/Producttype]<\/li>\n<li>Abruf partner-spezifischer Preise [Abruf Listenpreis\/Abruf HEK]<\/li>\n<li>Abruf Lagerbest\u00e4nde in Echtzeit<\/li>\n<\/ul>\n<p>2. Transaktionalen Vorg\u00e4ngen<\/p>\n<ul>\n<li>Abruf von Rechnungsinformationen inkl. MSP Nutzungsdetails<\/li>\n<li>Abruf\/Platzierung von Angeboten [bald verf\u00fcgbar]<\/li>\n<li>Abruf\/Platzierung von Bestellungen [bald verf\u00fcgbar]<\/li>\n<\/ul>\n<p>Die API folgt hierbei dem RESTful-Standard, ist https-verschl\u00fcsselt und wird im JSON-Format bereitgestellt<\/p>\n                        <\/div>\r\n                    \r\n                    \r\n                                    <\/div>\r\n            \r\n            \r\n            \r\n            \r\n\r\n\r\n\r\n            \r\n            \r\n                <\/div>\r\n    \r\n    \r\n    <\/article>\r\n            <\/div>\n\n            \n                <\/section>\n<\/div>\n<\/div>\n\n\n\n<div class=\"wp-block-columns is-layout-flex wp-container-core-columns-is-layout-9d6595d7 wp-block-columns-is-layout-flex\">\n<div class=\"wp-block-column is-layout-flow wp-block-column-is-layout-flow\">\n<div class=\"wp-block-buttons is-layout-flex wp-block-buttons-is-layout-flex\">\n<div class=\"wp-block-button\"><a class=\"wp-block-button__link wp-element-button\" href=\"https:\/\/www.infinigate.com\/at\/services\/infinigate-api\/\">Weitere Infos zur API<\/a><\/div>\n<\/div>\n<\/div>\n\n\n\n<div class=\"wp-block-column is-layout-flow wp-block-column-is-layout-flow\">\n<div class=\"wp-block-buttons is-layout-flex wp-block-buttons-is-layout-flex\">\n<div class=\"wp-block-button\"><a class=\"wp-block-button__link wp-element-button\" href=\"https:\/\/www.infinigate.com\/at\/wp-content\/uploads\/sites\/29\/2024\/06\/Infinigate_API_FAQs_1.pdf\" target=\"_blank\" rel=\"noreferrer noopener\">API FAQs<\/a><\/div>\n<\/div>\n<\/div>\n\n\n\n<div class=\"wp-block-column is-layout-flow wp-block-column-is-layout-flow\"><\/div>\n<\/div>\n","protected":false},"excerpt":{"rendered":"<p>Ihre Preise finden Sie in unserer Partnerwelt durch: Generierung individueller PreislistenPreislistenabonnementPreislisten Import via FTP-Server (Pricefeeds)Abruf von Preis- und Produktinformationen via&hellip;<\/p>\n","protected":false},"author":36,"featured_media":0,"parent":851,"menu_order":0,"comment_status":"closed","ping_status":"closed","template":"","meta":{"_acf_changed":false,"footnotes":""},"folder":[431],"class_list":["post-6921","page","type-page","status-publish","hentry"],"acf":[],"distributor_meta":false,"distributor_terms":false,"distributor_media":false,"distributor_original_site_name":"Infinigate | Austria","distributor_original_site_url":"https:\/\/www.infinigate.com\/at","push-errors":false,"_links":{"self":[{"href":"https:\/\/www.infinigate.com\/at\/wp-json\/wp\/v2\/pages\/6921","targetHints":{"allow":["GET"]}}],"collection":[{"href":"https:\/\/www.infinigate.com\/at\/wp-json\/wp\/v2\/pages"}],"about":[{"href":"https:\/\/www.infinigate.com\/at\/wp-json\/wp\/v2\/types\/page"}],"author":[{"embeddable":true,"href":"https:\/\/www.infinigate.com\/at\/wp-json\/wp\/v2\/users\/36"}],"replies":[{"embeddable":true,"href":"https:\/\/www.infinigate.com\/at\/wp-json\/wp\/v2\/comments?post=6921"}],"version-history":[{"count":0,"href":"https:\/\/www.infinigate.com\/at\/wp-json\/wp\/v2\/pages\/6921\/revisions"}],"up":[{"embeddable":true,"href":"https:\/\/www.infinigate.com\/at\/wp-json\/wp\/v2\/pages\/851"}],"wp:attachment":[{"href":"https:\/\/www.infinigate.com\/at\/wp-json\/wp\/v2\/media?parent=6921"}],"wp:term":[{"taxonomy":"folder","embeddable":true,"href":"https:\/\/www.infinigate.com\/at\/wp-json\/wp\/v2\/folder?post=6921"}],"curies":[{"name":"wp","href":"https:\/\/api.w.org\/{rel}","templated":true}]}}