{"id":6942,"date":"2024-06-21T01:59:36","date_gmt":"2024-06-21T00:59:36","guid":{"rendered":"https:\/\/www.infinigate.com\/at\/?page_id=6942"},"modified":"2024-10-10T07:55:24","modified_gmt":"2024-10-10T05:55:24","slug":"infinigate-api","status":"publish","type":"page","link":"https:\/\/www.infinigate.com\/at\/services\/infinigate-api\/","title":{"rendered":"Infinigate API"},"content":{"rendered":"\n<div class=\"wp-block-columns is-layout-flex wp-container-core-columns-is-layout-9d6595d7 wp-block-columns-is-layout-flex\">\n<div class=\"wp-block-column is-layout-flow wp-block-column-is-layout-flow\">\n<p>\u00dcber unsere nahtlose API-Anbindung k\u00f6nnen Sie in Echtzeit auf Ihre individuellen Preis-, Produkt- und Rechnungsdaten zugreifen, ebenso wie auf die MSP-Nutzerdaten.<\/p>\n\n\n\n<p>Die Infinigate API gew\u00e4hrleistet dank erweiterter Automatisierung den Zugriff auf Produkt- und Preisinformationen, Lagerbest\u00e4nde und Rechnungsdaten, sowie auf die MSP-Nutzerdaten. Unsere API ber\u00fccksichtigt RESTful-Standards, gew\u00e4hrleistet Sicherheit durch HTTPS-Verschl\u00fcsselung und liefert Daten in einem strukturierten JSON-Format f\u00fcr eine optimierte Integration.<\/p>\n\n\n\n<div class=\"wp-block-buttons is-layout-flex wp-block-buttons-is-layout-flex\">\n<div class=\"wp-block-button\"><a class=\"wp-block-button__link wp-element-button\" href=\"https:\/\/www.infinigate.com\/at\/wp-content\/uploads\/sites\/29\/2024\/06\/Infinigate_API_FAQs_1.pdf\" target=\"_blank\" rel=\"noreferrer noopener\">FAQs<\/a><\/div>\n\n\n\n<div class=\"wp-block-button\"><a class=\"wp-block-button__link wp-element-button\" href=\"https:\/\/idconnect.infinigate.at\/Footer\/Resource-Centre\/API-Anbindung\" target=\"_blank\" rel=\"noreferrer noopener\">Zugang beantragen<\/a><\/div>\n<\/div>\n<\/div>\n\n\n\n<div class=\"wp-block-column is-layout-flow wp-block-column-is-layout-flow\">\n<figure class=\"wp-block-image alignfull size-large is-style-corner-overlay\"><img decoding=\"async\" src=\"https:\/\/www.infinigate.com\/at\/wp-content\/uploads\/sites\/29\/2024\/06\/api-anbindung.jpg\" alt=\"API Anbindung\"\/><\/figure>\n<\/div>\n<\/div>\n\n\n\n<h2 class=\"wp-block-heading wp-block-heading\" id=\"h-funktionsweise-einer-api-anbindung\">Funktionsweise einer <strong>API Anbindung<\/strong><\/h2>\n\n\n\n<p class=\"is-style-default\">Eine API (Application Programming Interface) ist ein Satz von Regeln, Protokollen und Werkzeugen, die es verschiedenen Softwareanwendungen erm\u00f6glichen, miteinander zu kommunizieren und zu interagieren. Sie definiert die Methoden und Datenformate, die Anwendungen verwenden k\u00f6nnen, um Informationen anzufordern und auszutauschen. APIs erm\u00f6glichen es Entwicklern, auf die Funktionen oder Daten einer anderen Anwendung, eines anderen Dienstes oder einer anderen Plattform zuzugreifen, ohne deren interne Funktionsweise verstehen zu m\u00fcssen.<\/p>\n\n\n\n<h2 class=\"wp-block-heading wp-block-heading\" id=\"h-infinigate-api\"><strong>Infinigate API<\/strong><\/h2>\n\n\n\n<div class=\"wp-block-columns is-layout-flex wp-container-core-columns-is-layout-9d6595d7 wp-block-columns-is-layout-flex\">\n<div class=\"wp-block-column is-layout-flow wp-block-column-is-layout-flow\">\n<p>Die Infinigate API erm\u00f6glicht es dem Benutzer, verschiedene produktbezogene Informationen abzurufen, einschlie\u00dflich, aber nicht beschr\u00e4nkt auf:<\/p>\n\n\n\n<ul class=\"wp-block-list\">\n<li>Infinigate\/Lieferanten SKU<\/li>\n\n\n\n<li>Produktbeschreibungen<\/li>\n\n\n\n<li>Produkttypen<\/li>\n\n\n\n<li>Endkundentyp<\/li>\n\n\n\n<li>Lizenztyp\/-art inkl. Laufzeiten<\/li>\n<\/ul>\n<\/div>\n\n\n\n<div class=\"wp-block-column is-layout-flow wp-block-column-is-layout-flow\">\n<p>Die Infinigate API unterst\u00fctzt verschiedene Transaktionsprozesse, darunter:<\/p>\n\n\n\n<ul class=\"wp-block-list\">\n<li>Abruf von Abrechnungsinformationen, einschlie\u00dflich MSP-Nutzungsdetails<\/li>\n\n\n\n<li>Abruf\/Platzierung von Angeboten (Beta-Funktion)<\/li>\n\n\n\n<li>Abruf\/Vermittlung von Bestellungen (Beta-Funktion)<\/li>\n<\/ul>\n<\/div>\n<\/div>\n\n\n\n<h2 class=\"wp-block-heading wp-block-heading\" id=\"h-noch-kein-infinigate-partner\">Noch kein <strong>Infinigate-Partner<\/strong><\/h2>\n\n\n\n<p>Erleben Sie unseren Mehrwert aus erster Hand. <a href=\"\/at\/partner-werden\/\">\u00dcbermitteln Sie Ihre Daten<\/a> und einer unserer Spezialisten wird sich mit Ihnen in Verbindung setzen, um Ihnen zu zeigen, warum wir der ideale Mehrwert-Distributor f\u00fcr all Ihre Bed\u00fcrfnisse sind.<\/p>\n","protected":false},"excerpt":{"rendered":"<p>\u00dcber unsere nahtlose API-Anbindung k\u00f6nnen Sie in Echtzeit auf Ihre individuellen Preis-, Produkt- und Rechnungsdaten zugreifen, ebenso wie auf die&hellip;<\/p>\n","protected":false},"author":36,"featured_media":0,"parent":851,"menu_order":0,"comment_status":"closed","ping_status":"closed","template":"","meta":{"_acf_changed":false,"footnotes":""},"folder":[431],"class_list":["post-6942","page","type-page","status-publish","hentry"],"acf":[],"distributor_meta":false,"distributor_terms":false,"distributor_media":false,"distributor_original_site_name":"Infinigate | Austria","distributor_original_site_url":"https:\/\/www.infinigate.com\/at","push-errors":false,"_links":{"self":[{"href":"https:\/\/www.infinigate.com\/at\/wp-json\/wp\/v2\/pages\/6942","targetHints":{"allow":["GET"]}}],"collection":[{"href":"https:\/\/www.infinigate.com\/at\/wp-json\/wp\/v2\/pages"}],"about":[{"href":"https:\/\/www.infinigate.com\/at\/wp-json\/wp\/v2\/types\/page"}],"author":[{"embeddable":true,"href":"https:\/\/www.infinigate.com\/at\/wp-json\/wp\/v2\/users\/36"}],"replies":[{"embeddable":true,"href":"https:\/\/www.infinigate.com\/at\/wp-json\/wp\/v2\/comments?post=6942"}],"version-history":[{"count":0,"href":"https:\/\/www.infinigate.com\/at\/wp-json\/wp\/v2\/pages\/6942\/revisions"}],"up":[{"embeddable":true,"href":"https:\/\/www.infinigate.com\/at\/wp-json\/wp\/v2\/pages\/851"}],"wp:attachment":[{"href":"https:\/\/www.infinigate.com\/at\/wp-json\/wp\/v2\/media?parent=6942"}],"wp:term":[{"taxonomy":"folder","embeddable":true,"href":"https:\/\/www.infinigate.com\/at\/wp-json\/wp\/v2\/folder?post=6942"}],"curies":[{"name":"wp","href":"https:\/\/api.w.org\/{rel}","templated":true}]}}