{"id":7018,"date":"2024-06-21T04:27:21","date_gmt":"2024-06-21T03:27:21","guid":{"rendered":"https:\/\/www.infinigate.com\/at\/?page_id=7018"},"modified":"2024-08-19T14:49:12","modified_gmt":"2024-08-19T12:49:12","slug":"impressum","status":"publish","type":"page","link":"https:\/\/www.infinigate.com\/at\/impressum\/","title":{"rendered":"Impressum"},"content":{"rendered":"\n<div class=\"wp-block-columns is-layout-flex wp-container-core-columns-is-layout-9d6595d7 wp-block-columns-is-layout-flex\">\n<div class=\"wp-block-column is-layout-flow wp-block-column-is-layout-flow\">\n<p><\/p>\n\n\n\n<p><strong>Infinigate \u00d6sterreich GmbH<br><\/strong>Hirschstettner Stra\u00dfe 19<br>1220 Wien<br>\u00d6sterreich<\/p>\n\n\n\n<p>Sitz der Gesellschaft: Wien<br>Umsatzsteuer-ID: ATU68602817<br>Finanzamt Wien 03<br>Steuernummer: 12 544\/1220<\/p>\n\n\n\n<p>T: +43 1 890 2197-0<br>E: info@infinigate.at<\/p>\n<\/div>\n<\/div>\n\n\n\n<p><strong>Gesch\u00e4ftsf\u00fchrer:<br><\/strong>Florian Jira<br>Dr. Jan Erbguth<\/p>\n\n\n\n<p><strong><br>Zahlungsverkehr Deutschland:<\/strong><br>UniCredit Bank&nbsp; W\u00e4hrung: EUR<br>SWIFT-Code: HYVEDEMMXXX<br>IBAN-Nr.: DE75 7002 0270 0085 8051 85<br><br>UniCredit Bank&nbsp; W\u00e4hrung: USD<br>SWIFT-Code: HYVEDEMMXXX<br>IBAN-Nr.: DE98 7002 0270 0885 8273 06<\/p>\n\n\n\n<p><\/p>\n\n\n\n<p><strong>Haftung f\u00fcr Inhalte:<br><\/strong>Obwohl wir uns um Aktualit\u00e4t, Vollst\u00e4ndigkeit und Richtigkeit der Inhalte unserer Seiten bem\u00fchen, k\u00f6nnen wir hierf\u00fcr keine Garantie \u00fcbernehmen. Nach \u00a77 Absatz 1 TDG sind wir als Dienstanbieter f\u00fcr eigene Inhalte auf unseren Seiten nach den allgemeinen Gesetzen verantwortlich. Eine Verpflichtung zur \u00dcberwachung \u00fcbermittelter oder gespeicherter fremder Informationen besteht jedoch nicht (\u00a7\u00a78-10 TDG). Sobald uns Rechtsverst\u00f6\u00dfe bekannt werden, werden wir die entsprechenden Inhalte umgehend entfernen. Eine dahingehende Haftung wird jedoch erst ab dem Zeitpunkt der Kenntnis konkreter Rechtsverletzungen \u00fcbernommen.<\/p>\n\n\n\n<p><strong>Haftung f\u00fcr Links:<br><\/strong>Unsere Seiten enthalten Links auf externe Webseiten Dritter. Auf die Inhalte dieser verlinkten Webseiten haben wir keinen Einfluss. F\u00fcr die Richtigkeit der Inhalte ist immer der jeweilige Anbieter oder Betreiber verantwortlich, weshalb wir diesbez\u00fcglich keinerlei Gew\u00e4hr \u00fcbernehmen. Die fremden Webseiten haben wir zum Zeitpunkt der Verlinkung auf m\u00f6gliche Rechtsverst\u00f6\u00dfe \u00fcberpr\u00fcft. Zum Zeitpunkt der Verlinkung waren keinerlei Rechtsverletzungen erkennbar. Eine st\u00e4ndige \u00dcberpr\u00fcfung s\u00e4mtlicher Inhalte der von uns verlinkten Seiten ohne tats\u00e4chliche Anhaltspunkte f\u00fcr einen Rechtsversto\u00df k\u00f6nnen wir nicht leisten. Falls uns Rechtsverletzungen bekannt werden, werden wir die entsprechenden Links sofort entfernen.<\/p>\n","protected":false},"excerpt":{"rendered":"<p>Infinigate \u00d6sterreich GmbHHirschstettner Stra\u00dfe 191220 Wien\u00d6sterreich Sitz der Gesellschaft: WienUmsatzsteuer-ID: ATU68602817Finanzamt Wien 03Steuernummer: 12 544\/1220 T: +43 1 890 2197-0E:&hellip;<\/p>\n","protected":false},"author":36,"featured_media":0,"parent":0,"menu_order":0,"comment_status":"closed","ping_status":"closed","template":"","meta":{"_acf_changed":false,"footnotes":""},"folder":[334],"class_list":["post-7018","page","type-page","status-publish","hentry"],"acf":[],"distributor_meta":false,"distributor_terms":false,"distributor_media":false,"distributor_original_site_name":"Infinigate | Austria","distributor_original_site_url":"https:\/\/www.infinigate.com\/at","push-errors":false,"_links":{"self":[{"href":"https:\/\/www.infinigate.com\/at\/wp-json\/wp\/v2\/pages\/7018","targetHints":{"allow":["GET"]}}],"collection":[{"href":"https:\/\/www.infinigate.com\/at\/wp-json\/wp\/v2\/pages"}],"about":[{"href":"https:\/\/www.infinigate.com\/at\/wp-json\/wp\/v2\/types\/page"}],"author":[{"embeddable":true,"href":"https:\/\/www.infinigate.com\/at\/wp-json\/wp\/v2\/users\/36"}],"replies":[{"embeddable":true,"href":"https:\/\/www.infinigate.com\/at\/wp-json\/wp\/v2\/comments?post=7018"}],"version-history":[{"count":0,"href":"https:\/\/www.infinigate.com\/at\/wp-json\/wp\/v2\/pages\/7018\/revisions"}],"wp:attachment":[{"href":"https:\/\/www.infinigate.com\/at\/wp-json\/wp\/v2\/media?parent=7018"}],"wp:term":[{"taxonomy":"folder","embeddable":true,"href":"https:\/\/www.infinigate.com\/at\/wp-json\/wp\/v2\/folder?post=7018"}],"curies":[{"name":"wp","href":"https:\/\/api.w.org\/{rel}","templated":true}]}}