{"id":7029,"date":"2024-06-21T06:22:58","date_gmt":"2024-06-21T05:22:58","guid":{"rendered":"https:\/\/www.infinigate.com\/at\/?page_id=7029"},"modified":"2024-10-10T06:59:31","modified_gmt":"2024-10-10T04:59:31","slug":"teilnahmebedingungen-akademie","status":"publish","type":"page","link":"https:\/\/www.infinigate.com\/at\/akademie\/teilnahmebedingungen-akademie\/","title":{"rendered":"Teilnahmebedingungen Infinigate Akademie"},"content":{"rendered":"\n<figure class=\"wp-block-image alignfull size-large\"><img decoding=\"async\" src=\"https:\/\/www.infinigate.com\/at\/wp-content\/uploads\/sites\/29\/2024\/06\/GettyImages-648950244-1920s.jpg\" alt=\"\"\/><\/figure>\n\n\n\n<div class=\"wp-block-columns is-layout-flex wp-container-core-columns-is-layout-9d6595d7 wp-block-columns-is-layout-flex\">\n<div class=\"wp-block-column is-layout-flow wp-block-column-is-layout-flow\">\n<h3 class=\"wp-block-heading wp-block-heading\" id=\"h-anmeldungen\">Anmeldungen<\/h3>\n\n\n\n<p>Anmeldungen haben bei Standardtrainings stets \u00fcber unsere Website, bei Inhouse- oder Individual-Trainings schriftlich per E-Mail an akademie@infinigate.de, zu erfolgen. Da die Teilnehmerzahl f\u00fcr unsere Trainings aus didaktischen Gr\u00fcnden begrenzt ist, werden Anmeldungen in der Reihenfolge ihres Eingangs ber\u00fccksichtigt. Der verbindliche Vertragsschluss erfolgt durch Anmeldebest\u00e4tigung der Infinigate Deutschland GmbH in Textform. Sollten Sie bis einer Woche vor Beginn des Trainings keine Benachrichtigung erhalten haben, bitten wir um Kontaktaufnahme per E-Mail unter akademie@infinigate.de oder telefonisch unter +49 89 89048-401. Mit der Anmeldung erkennen Sie diese Teilnahmebedingungen und die <a href=\"\/at\/agb\/\">AGB <\/a>der Infinigate Deutschland GmbH an.<\/p>\n\n\n\n<h3 class=\"wp-block-heading wp-block-heading\" id=\"h-gebuhren-rechnungsstellung\">Geb\u00fchren \/ Rechnungsstellung<\/h3>\n\n\n\n<p>Die in der Trainings\u00fcbersicht genannten Geb\u00fchren gelten pro Teilnehmer. Alle Preise sind freibleibend und verstehen sich zzgl. der gesetzlichen MwSt. Preis\u00e4nderungen behalten wir uns vor; die aktuellen Trainingsgeb\u00fchren k\u00f6nnen Sie jederzeit auf unserer Website beim jeweiligen Termin unter <a href=\"https:\/\/idconnect.infinigate.de\/akademie\/\" target=\"_blank\" rel=\"noreferrer noopener\">Termine &amp; Anmeldung<\/a> einsehen. Bei den auf der Website genannten Geb\u00fchren sind Irrt\u00fcmer und \u00c4nderungen vorbehalten. Rechnungen werden vor Trainingsbeginn gestellt und sind ohne Abzug binnen 14 Tagen f\u00e4llig. Die Infinigate beh\u00e4lt sich das Recht vor, Teilnehmer, deren Geb\u00fchr zu Beginn des Trainings nicht bezahlt ist, von der Teilnahme auszuschlie\u00dfen und Schadensersatz in H\u00f6he der Trainingsgeb\u00fchr zu berechnen.<\/p>\n\n\n\n<h3 class=\"wp-block-heading wp-block-heading\" id=\"h-umbuchungen\">Umbuchungen<\/h3>\n\n\n\n<p>Eine Umbuchung hat immer in Textform zu erfolgen. Sie k\u00f6nnen bis zum 22. Kalendertag vor Beginn kostenfrei auf einen anderen Termin umbuchen. Bei Umbuchungen zwischen dem 21. und 15. Kalendertag vor Trainingsbeginn wird eine Geb\u00fchr in H\u00f6he von 25% der Trainingsgeb\u00fchr in Rechnung gestellt. Bei Umbuchungen zwischen dem 14. und 8. Tag vor Trainingsbeginn f\u00e4llt eine Geb\u00fchr in H\u00f6he von 50% der Trainingsgeb\u00fchr an. Geht Ihre Umbuchung nach dem 7. Kalendertag vor Trainingsbeginn ein, so wird eine Geb\u00fchr in H\u00f6he von 90% der Trainingsgeb\u00fchr in Rechnung gestellt. Die M\u00f6glichkeit einer Umbuchung besteht nur einmal. Bei einer nochmaligen Umbuchung oder Stornierung wird 100% der Trainingsgeb\u00fchr in Rechnung gestellt. Sollten Sie an einem Training nicht pers\u00f6nlich teilnehmen k\u00f6nnen, k\u00f6nnen Sie einen Ersatzteilnehmer nennen. Es entstehen keine Zusatzkosten. Muss aus organisatorischen Gr\u00fcnden ein Trainingstermin seitens Infinigate abgesagt werden, so k\u00f6nnen \u00fcber die Trainingsgeb\u00fchr hinausgehende Anspr\u00fcche nicht geltend gemacht werden.<\/p>\n\n\n\n<h3 class=\"wp-block-heading wp-block-heading\" id=\"h-absage-storno\">Absage \/ Storno<\/h3>\n\n\n\n<p>Eine Stornierung hat immer in Textform zu erfolgen. Sie k\u00f6nnen bis zum 22. Kalendertag vor Trainingsbeginn kostenfrei stornieren. Bei Stornierungen zwischen dem 21. und 8. Kalendertag vor Trainingsbeginn wird eine Stornogeb\u00fchr in H\u00f6he von 50% der Trainingsgeb\u00fchr in Rechnung gestellt. Geht Ihre Stornierung nach dem 7. Kalendertag vor Trainingsbeginn bei uns ein, so ist die volle Trainingsgeb\u00fchr als Stornogeb\u00fchr f\u00e4llig. Bei kostenfreien Trainings gelten die Stornobestimmungen des jeweiligen Trainings. N\u00e4heres entnehmen Sie bitte der Trainingsbeschreibung.<\/p>\n\n\n\n<p>Die Infinigate Deutschland GmbH beh\u00e4lt sich vor, Pr\u00e4senzveranstaltungen kurzfristig in virtual Classrooms zu wandeln oder abzusagen. Im Falle der Wandlung in einen virtual Classroom hat der Teilnehmer das Recht, die Teilnahme am Training kostenfrei zu stornieren oder auf einen Ersatztermin umzubuchen. Im Falle der Absage entf\u00e4llt der Verg\u00fctungsanspruch der Infinigate. Weitergehende Anspr\u00fcche gegen die Infinigate entstehen nicht.<\/p>\n\n\n\n<h3 class=\"wp-block-heading wp-block-heading\" id=\"h-haftung\">Haftung<\/h3>\n\n\n\n<p>Erg\u00e4nzend zu Ziff. 11 der AGB der Infinigate Deutschland GmbH wird ausdr\u00fccklich darauf hingewiesen, dass keinerlei Haftung f\u00fcr Garderobe oder sonstige von dem Teilnehmer mitgebrachte Gegenst\u00e4nde \u00fcbernommen wird.<\/p>\n\n\n\n<h3 class=\"wp-block-heading wp-block-heading\" id=\"h-urheberrechte\">Urheberrechte<\/h3>\n\n\n\n<p>Sofern dem Teilnehmer Unterlagen \u00fcberlassen werden, steht ihm ein nicht ausschlie\u00dfliches und nicht \u00fcbertragbares Nutzungsrecht daran zu. Jeder Teilnehmer verpflichtet sich, die Urheberrechte von Infinigate und seinen Lieferanten zu beachten. Alle Rechte, auch \u00dcbersetzungen, Vervielf\u00e4ltigungen und Nachdruck von Trainingsunterlagen, auch auszugsweise, sind Infinigate und seinen Lieferanten vorbehalten. Ohne schriftliche Genehmigung von Infinigate d\u00fcrfen keine Reproduktionen vorgenommen werden.<\/p>\n\n\n\n<h3 class=\"wp-block-heading wp-block-heading\" id=\"h-allgemeine-geschaftsbedingungen\">Allgemeine Gesch\u00e4ftsbedingungen<\/h3>\n\n\n\n<p>Im \u00dcbrigen gelten die <a href=\"\/at\/agb\/\">Allgemeinen Gesch\u00e4ftsbedingungen<\/a> der Infinigate Deutschland GmbH.<\/p>\n<\/div>\n<\/div>\n","protected":false},"excerpt":{"rendered":"<p>Anmeldungen Anmeldungen haben bei Standardtrainings stets \u00fcber unsere Website, bei Inhouse- oder Individual-Trainings schriftlich per E-Mail an akademie@infinigate.de, zu erfolgen.&hellip;<\/p>\n","protected":false},"author":36,"featured_media":0,"parent":10901,"menu_order":0,"comment_status":"closed","ping_status":"closed","template":"","meta":{"_acf_changed":false,"footnotes":""},"folder":[390],"class_list":["post-7029","page","type-page","status-publish","hentry"],"acf":[],"distributor_meta":false,"distributor_terms":false,"distributor_media":false,"distributor_original_site_name":"Infinigate | Austria","distributor_original_site_url":"https:\/\/www.infinigate.com\/at","push-errors":false,"_links":{"self":[{"href":"https:\/\/www.infinigate.com\/at\/wp-json\/wp\/v2\/pages\/7029","targetHints":{"allow":["GET"]}}],"collection":[{"href":"https:\/\/www.infinigate.com\/at\/wp-json\/wp\/v2\/pages"}],"about":[{"href":"https:\/\/www.infinigate.com\/at\/wp-json\/wp\/v2\/types\/page"}],"author":[{"embeddable":true,"href":"https:\/\/www.infinigate.com\/at\/wp-json\/wp\/v2\/users\/36"}],"replies":[{"embeddable":true,"href":"https:\/\/www.infinigate.com\/at\/wp-json\/wp\/v2\/comments?post=7029"}],"version-history":[{"count":0,"href":"https:\/\/www.infinigate.com\/at\/wp-json\/wp\/v2\/pages\/7029\/revisions"}],"up":[{"embeddable":true,"href":"https:\/\/www.infinigate.com\/at\/wp-json\/wp\/v2\/pages\/10901"}],"wp:attachment":[{"href":"https:\/\/www.infinigate.com\/at\/wp-json\/wp\/v2\/media?parent=7029"}],"wp:term":[{"taxonomy":"folder","embeddable":true,"href":"https:\/\/www.infinigate.com\/at\/wp-json\/wp\/v2\/folder?post=7029"}],"curies":[{"name":"wp","href":"https:\/\/api.w.org\/{rel}","templated":true}]}}