{"id":7488,"date":"2024-06-25T01:17:52","date_gmt":"2024-06-25T00:17:52","guid":{"rendered":"https:\/\/www.infinigate.com\/at\/?page_id=7488"},"modified":"2025-06-29T21:40:59","modified_gmt":"2025-06-29T19:40:59","slug":"infinigate-technologien","status":"publish","type":"page","link":"https:\/\/www.infinigate.com\/at\/infinigate-technologien\/","title":{"rendered":"Infinigate-Technologien"},"content":{"rendered":"\n<figure class=\"wp-block-image alignfull size-full is-style-corner-overlay\"><img loading=\"lazy\" decoding=\"async\" width=\"1440\" height=\"510\" src=\"https:\/\/www.infinigate.com\/at\/wp-content\/uploads\/sites\/29\/2023\/04\/Hero-image-technology.jpg\" alt=\"\" class=\"wp-image-3181\" srcset=\"https:\/\/www.infinigate.com\/at\/wp-content\/uploads\/sites\/29\/2023\/04\/Hero-image-technology.jpg 1440w, https:\/\/www.infinigate.com\/at\/wp-content\/uploads\/sites\/29\/2023\/04\/Hero-image-technology-300x106.jpg 300w, https:\/\/www.infinigate.com\/at\/wp-content\/uploads\/sites\/29\/2023\/04\/Hero-image-technology-1024x363.jpg 1024w, https:\/\/www.infinigate.com\/at\/wp-content\/uploads\/sites\/29\/2023\/04\/Hero-image-technology-768x272.jpg 768w\" sizes=\"auto, (max-width: 1440px) 100vw, 1440px\" \/><\/figure>\n\n\n\n<div class=\"wp-block-columns is-layout-flex wp-container-core-columns-is-layout-9d6595d7 wp-block-columns-is-layout-flex\">\n<div class=\"wp-block-column is-vertically-aligned-top is-layout-flow wp-block-column-is-layout-flow\">\n<h2 class=\"wp-block-heading has-text-align-center wp-block-heading\" id=\"h-moderne-it-sicherheitslosungen\">Moderne IT Sicherheitsl\u00f6sungen<\/h2>\n\n\n\n<p class=\"has-text-align-center\">Wir haben unser Portfolio in Solution Bereiche der IT- Security untergliedert, um Ihnen die Suche nach L\u00f6sungen f\u00fcr bestimmte Bereiche zu vereinfachen.<\/p>\n<\/div>\n<\/div>\n\n\n    <section class=\"cards wp-block animate cards--columns-3 cards--type--default alignwide\">\n        <div class=\"cards__inner\">\n            \n            <div class=\"cards__items\">\n                \n                \n                <article class=\"g-card animate-element has-white-background-color has-background has-image has-link g-card--type--custom\">\r\n        <div class=\"g-card__inner\">\r\n                \r\n\r\n                                        <div class=\"g-card__header\">\r\n                    \r\n\r\n                        <h2 class=\"g-card__heading\">    <a href=\"https:\/\/www.infinigate.com\/at\/technologien\/cybersecurity\/\">\r\n                Cybersecurity            <\/a>\r\n<\/h2>\r\n                    \r\n                                            <div class=\"g-card__content\">\r\n                            <p>Geben Sie Ihren Kunden die Gewissheit, dass ihre gesch\u00e4ftskritischen Systeme und Daten gesch\u00fctzt sind &#8211; 24x7x365 mit unseren Cybersicherheitsl\u00f6sungen. Unser Ziel ist totale Sicherheit.<\/p>\n<p>&nbsp;<\/p>\n                        <\/div>\r\n                    \r\n                    \r\n                                    <\/div>\r\n            \r\n            \r\n            \r\n            \r\n\r\n\r\n\r\n            \r\n                <a  href=\"https:\/\/www.infinigate.com\/at\/technologien\/cybersecurity\/\" target=\"\" class=\"g-button--arrow g-card__read-more\">\r\n                Entdecken Sie Cybersecurity            <\/a>\r\n\r\n                <\/div>\r\n    \r\n            <div class=\"g-card__image\">\r\n                        <div class=\"g-card__image-inner img-fit\">\r\n                <img loading=\"lazy\" decoding=\"async\" width=\"500\" height=\"333\" src=\"https:\/\/www.infinigate.com\/at\/wp-content\/uploads\/sites\/29\/2024\/06\/Cybersecurity.jpg?ver=1719272652\" class=\"attachment-medium_large size-medium_large\" alt=\"\" srcset=\"https:\/\/www.infinigate.com\/at\/wp-content\/uploads\/sites\/29\/2024\/06\/Cybersecurity.jpg 500w, https:\/\/www.infinigate.com\/at\/wp-content\/uploads\/sites\/29\/2024\/06\/Cybersecurity-300x200.jpg 300w\" sizes=\"auto, (max-width: 500px) 100vw, 500px\" \/>            <\/div>\r\n            \r\n                    <\/div>\r\n    \r\n    <\/article>\r\n<article class=\"g-card animate-element has-white-background-color has-background has-image has-link g-card--type--custom\">\r\n        <div class=\"g-card__inner\">\r\n                \r\n\r\n                                        <div class=\"g-card__header\">\r\n                    \r\n\r\n                        <h2 class=\"g-card__heading\">    <a href=\"https:\/\/www.infinigate.com\/at\/technologien\/secure-networks\/\">\r\n                Secure networks            <\/a>\r\n<\/h2>\r\n                    \r\n                                            <div class=\"g-card__content\">\r\n                            <p>Helfen Sie Ihren Kunden, ihre gesch\u00e4ftskritischen Anwendungen und Daten miteinander zu verbinden und den Endbenutzern ein hervorragendes Erlebnis zu bieten &#8211; mit intelligenten, sicheren und leistungsstarken Netzwerken.<\/p>\n                        <\/div>\r\n                    \r\n                    \r\n                                    <\/div>\r\n            \r\n            \r\n            \r\n            \r\n\r\n\r\n\r\n            \r\n                <a  href=\"https:\/\/www.infinigate.com\/at\/technologien\/secure-networks\/\" target=\"\" class=\"g-button--arrow g-card__read-more\">\r\n                Entdecken Sie secure networks            <\/a>\r\n\r\n                <\/div>\r\n    \r\n            <div class=\"g-card__image\">\r\n                        <div class=\"g-card__image-inner img-fit\">\r\n                <img loading=\"lazy\" decoding=\"async\" width=\"500\" height=\"333\" src=\"https:\/\/www.infinigate.com\/at\/wp-content\/uploads\/sites\/29\/2024\/06\/Cloud-Sicherheit.jpg?ver=1719273568\" class=\"attachment-medium_large size-medium_large\" alt=\"\" srcset=\"https:\/\/www.infinigate.com\/at\/wp-content\/uploads\/sites\/29\/2024\/06\/Cloud-Sicherheit.jpg 500w, https:\/\/www.infinigate.com\/at\/wp-content\/uploads\/sites\/29\/2024\/06\/Cloud-Sicherheit-300x200.jpg 300w\" sizes=\"auto, (max-width: 500px) 100vw, 500px\" \/>            <\/div>\r\n            \r\n                    <\/div>\r\n    \r\n    <\/article>\r\n<article class=\"g-card animate-element has-white-background-color has-background has-image has-link g-card--type--custom\">\r\n        <div class=\"g-card__inner\">\r\n                \r\n\r\n                                        <div class=\"g-card__header\">\r\n                    \r\n\r\n                        <h2 class=\"g-card__heading\">    <a href=\"https:\/\/www.infinigate.com\/at\/technologien\/secure-cloud\/\">\r\n                Secure cloud            <\/a>\r\n<\/h2>\r\n                    \r\n                                            <div class=\"g-card__content\">\r\n                            <p>Nutzen Sie unsere Cloud-Experten, um Ihre Kunden bei der Einf\u00fchrung der Cloud zu unterst\u00fctzen und ihnen eine einfache Bereitstellung, Sicherheit, Zugriff und ein As-a-Service-Modell zu bieten.<\/p>\n                        <\/div>\r\n                    \r\n                    \r\n                                    <\/div>\r\n            \r\n            \r\n            \r\n            \r\n\r\n\r\n\r\n            \r\n                <a  href=\"https:\/\/www.infinigate.com\/at\/technologien\/secure-cloud\/\" target=\"\" class=\"g-button--arrow g-card__read-more\">\r\n                Entdecken Sie secure cloud            <\/a>\r\n\r\n                <\/div>\r\n    \r\n            <div class=\"g-card__image\">\r\n                        <div class=\"g-card__image-inner img-fit\">\r\n                <img loading=\"lazy\" decoding=\"async\" width=\"585\" height=\"585\" src=\"https:\/\/www.infinigate.com\/at\/wp-content\/uploads\/sites\/29\/2024\/07\/Die-Basis-fur-AUtomatisierung_585x585.jpg\" class=\"attachment-medium_large size-medium_large\" alt=\"\" srcset=\"https:\/\/www.infinigate.com\/at\/wp-content\/uploads\/sites\/29\/2024\/07\/Die-Basis-fur-AUtomatisierung_585x585.jpg 585w, https:\/\/www.infinigate.com\/at\/wp-content\/uploads\/sites\/29\/2024\/07\/Die-Basis-fur-AUtomatisierung_585x585-300x300.jpg 300w, https:\/\/www.infinigate.com\/at\/wp-content\/uploads\/sites\/29\/2024\/07\/Die-Basis-fur-AUtomatisierung_585x585-150x150.jpg 150w\" sizes=\"auto, (max-width: 585px) 100vw, 585px\" \/>            <\/div>\r\n            \r\n                    <\/div>\r\n    \r\n    <\/article>\r\n            <\/div>\n\n            \n                <\/section>\n\n\n    <section style=\"--content-grid--columns: 3;\" class=\"content-grid wp-block animate content-grid--3-columns alignwide\">\r\n        <div class=\"content-grid__inner\">\r\n            \r\n\r\n            \r\n\r\n            \r\n                    \r\n                                                    \r\n                    \r\n                                                                        <div class=\"content-grid__items\">\r\n                                                                            <div class=\"content-grid__item has-background has-gray-200-background-color\">\r\n                                            \r\n                                                \r\n                                        \r\n                                                                                        <h3 class=\"content-grid__item__heading\">Cybersecurity<\/h3>\r\n                                        \r\n                                                                        <div class=\" content-grid__item__subheading\">\r\n                                            <ul>\n<li>Identity &amp; Privileged Access Management<\/li>\n<li>Web &amp; Email security<\/li>\n<li>Data Security<\/li>\n<li>Cloud Security<\/li>\n<li>OT Security<\/li>\n<li>IoT Security<\/li>\n<li>Vulnerability &amp; Analytics<\/li>\n<li>Endpoint Security<\/li>\n<li>Network Security<\/li>\n<li>Security Operations<\/li>\n<\/ul>\n                                <\/div>\r\n                                        \r\n                                                                        <div class=\"content-grid__item__link\">\r\n                                                <a  href=\"https:\/\/www.infinigate.com\/at\/technologien\/cybersecurity\/\" target=\"\" class=\"g-button--arrow\">\r\n                Entdecken Sie Cybersecurity            <\/a>\r\n                                <\/div>\r\n                                        \r\n                        <\/div>\r\n                                                                            <div class=\"content-grid__item has-background has-gray-300-background-color\">\r\n                                            \r\n                                                \r\n                                        \r\n                                                                                        <h3 class=\"content-grid__item__heading\">Secure networks<\/h3>\r\n                                        \r\n                                                                        <div class=\" content-grid__item__subheading\">\r\n                                            <ul>\n<li>AI Driven Networks<\/li>\n<li>Intelligent WIFI<\/li>\n<li>Network Access Control<\/li>\n<li>Network Security<\/li>\n<li>Network Infrastructure<\/li>\n<li>Network Management<\/li>\n<li>Performance visibility<\/li>\n<\/ul>\n                                <\/div>\r\n                                        \r\n                                                                        <div class=\"content-grid__item__link\">\r\n                                                <a  href=\"https:\/\/www.infinigate.com\/at\/technologien\/secure-networks\/\" target=\"\" class=\"g-button--arrow\">\r\n                Entdecken Sie secure networks            <\/a>\r\n                                <\/div>\r\n                                        \r\n                        <\/div>\r\n                                                                            <div class=\"content-grid__item has-background has-gray-400-background-color\">\r\n                                            \r\n                                                \r\n                                        \r\n                                                                                        <h3 class=\"content-grid__item__heading\">Secure cloud<\/h3>\r\n                                        \r\n                                                                        <div class=\" content-grid__item__subheading\">\r\n                                            <ul>\n<li>Cloud Security<\/li>\n<li>Secure Productivity<\/li>\n<li>MSP Platforms<\/li>\n<li>Process automation<\/li>\n<li>Marketplaces<\/li>\n<li>Content delivery<\/li>\n<li>Backup &amp; storage<\/li>\n<li>Cloud infrastructure<\/li>\n<li>MDR as a Service<\/li>\n<li>SoC as a Service<\/li>\n<\/ul>\n                                <\/div>\r\n                                        \r\n                                                                        <div class=\"content-grid__item__link\">\r\n                                                <a  href=\"https:\/\/www.infinigate.com\/at\/technologien\/secure-cloud\/\" target=\"\" class=\"g-button--arrow\">\r\n                Entdecken Sie secure cloud            <\/a>\r\n                                <\/div>\r\n                                        \r\n                        <\/div>\r\n                                                    <\/div>\r\n                                    <\/div>\r\n    <\/section>\r\n\n\n    <section class=\"cards wp-block animate cards--columns-3 cards--type--default alignwide\">\n        <div class=\"cards__inner\">\n            \n            <div class=\"cards__items\">\n                \n                \n                <article class=\"g-card animate-element has-white-background-color has-background has-image has-link g-card--type--custom\">\r\n        <div class=\"g-card__inner\">\r\n                \r\n\r\n                                        <div class=\"g-card__header\">\r\n                    \r\n\r\n                        <h2 class=\"g-card__heading\">    <a href=\"https:\/\/www.infinigate.com\/at\/fokusthemen\/\">\r\n                Fokusthemen            <\/a>\r\n<\/h2>\r\n                    \r\n                                            <div class=\"g-card__content\">\r\n                            <ul>\n<li>E-Mail Security<\/li>\n<li>MSP<\/li>\n<li>SOC \/ MDR<\/li>\n<li>OT Security<\/li>\n<li>NIS2<\/li>\n<li>DORA<\/li>\n<li>SASE<\/li>\n<\/ul>\n                        <\/div>\r\n                    \r\n                    \r\n                                    <\/div>\r\n            \r\n            \r\n            \r\n            \r\n\r\n\r\n\r\n            \r\n                <a  href=\"https:\/\/www.infinigate.com\/at\/fokusthemen\/\" target=\"\" class=\"g-button--arrow g-card__read-more\">\r\n                Entdecken Sie unsere Fokusthemen            <\/a>\r\n\r\n                <\/div>\r\n    \r\n            <div class=\"g-card__image\">\r\n                        <div class=\"g-card__image-inner img-fit\">\r\n                <img loading=\"lazy\" decoding=\"async\" width=\"625\" height=\"625\" src=\"https:\/\/www.infinigate.com\/at\/wp-content\/uploads\/sites\/29\/2024\/06\/girl-in-cybersecurity625x625.jpg\" class=\"attachment-medium_large size-medium_large\" alt=\"\" srcset=\"https:\/\/www.infinigate.com\/at\/wp-content\/uploads\/sites\/29\/2024\/06\/girl-in-cybersecurity625x625.jpg 625w, https:\/\/www.infinigate.com\/at\/wp-content\/uploads\/sites\/29\/2024\/06\/girl-in-cybersecurity625x625-300x300.jpg 300w, https:\/\/www.infinigate.com\/at\/wp-content\/uploads\/sites\/29\/2024\/06\/girl-in-cybersecurity625x625-150x150.jpg 150w\" sizes=\"auto, (max-width: 625px) 100vw, 625px\" \/>            <\/div>\r\n            \r\n                    <\/div>\r\n    \r\n    <\/article>\r\n            <\/div>\n\n            \n                <\/section>\n","protected":false},"excerpt":{"rendered":"<p>Moderne IT Sicherheitsl\u00f6sungen Wir haben unser Portfolio in Solution Bereiche der IT- Security untergliedert, um Ihnen die Suche nach L\u00f6sungen&hellip;<\/p>\n","protected":false},"author":36,"featured_media":0,"parent":0,"menu_order":0,"comment_status":"closed","ping_status":"closed","template":"","meta":{"_acf_changed":false,"footnotes":""},"folder":[452],"class_list":["post-7488","page","type-page","status-publish","hentry"],"acf":[],"distributor_meta":false,"distributor_terms":false,"distributor_media":false,"distributor_original_site_name":"Infinigate | Austria","distributor_original_site_url":"https:\/\/www.infinigate.com\/at","push-errors":false,"_links":{"self":[{"href":"https:\/\/www.infinigate.com\/at\/wp-json\/wp\/v2\/pages\/7488","targetHints":{"allow":["GET"]}}],"collection":[{"href":"https:\/\/www.infinigate.com\/at\/wp-json\/wp\/v2\/pages"}],"about":[{"href":"https:\/\/www.infinigate.com\/at\/wp-json\/wp\/v2\/types\/page"}],"author":[{"embeddable":true,"href":"https:\/\/www.infinigate.com\/at\/wp-json\/wp\/v2\/users\/36"}],"replies":[{"embeddable":true,"href":"https:\/\/www.infinigate.com\/at\/wp-json\/wp\/v2\/comments?post=7488"}],"version-history":[{"count":0,"href":"https:\/\/www.infinigate.com\/at\/wp-json\/wp\/v2\/pages\/7488\/revisions"}],"wp:attachment":[{"href":"https:\/\/www.infinigate.com\/at\/wp-json\/wp\/v2\/media?parent=7488"}],"wp:term":[{"taxonomy":"folder","embeddable":true,"href":"https:\/\/www.infinigate.com\/at\/wp-json\/wp\/v2\/folder?post=7488"}],"curies":[{"name":"wp","href":"https:\/\/api.w.org\/{rel}","templated":true}]}}