{"id":7876,"date":"2024-06-26T11:13:41","date_gmt":"2024-06-26T10:13:41","guid":{"rendered":"https:\/\/www.infinigate.com\/at\/?page_id=7876"},"modified":"2025-09-18T22:13:17","modified_gmt":"2025-09-18T20:13:17","slug":"technischer-presales","status":"publish","type":"page","link":"https:\/\/www.infinigate.com\/at\/services\/techservices\/technischer-presales\/","title":{"rendered":"Technischer Presales"},"content":{"rendered":"\n<figure class=\"wp-block-image alignfull size-large is-style-no-rounded-corners-no-drop-shadow\"><img decoding=\"async\" src=\"https:\/\/www.infinigate.com\/at\/wp-content\/uploads\/sites\/29\/2024\/06\/Header_Presales.jpg\" alt=\"\"\/><\/figure>\n\n\n\n<div class=\"wp-block-columns is-layout-flex wp-container-core-columns-is-layout-9d6595d7 wp-block-columns-is-layout-flex\">\n<div class=\"wp-block-column is-vertically-aligned-top is-layout-flow wp-block-column-is-layout-flow\">\n<h2 class=\"wp-block-heading has-text-align-left is-style-border-left wp-block-heading\" id=\"h-unser-portfolio\">Unser Portfolio<\/h2>\n\n\n\n<p class=\"has-text-align-left\">Unser Hauptanliegen ist es, f\u00fcr jedes Projekt die bestm\u00f6gliche L\u00f6sung aus unserem Herstellerportfolio zu finden. <\/p>\n<\/div>\n<\/div>\n\n\n<section class=\"media-content wp-block media-content--left media-content--media-type--image has-grey-background-color has-background alignfull\">\r\n    <div class=\"media-content__inner\">\r\n        <div class=\"media-content__content\">\r\n                                <h2 class=\"media-content__heading\">Live-Demos &amp; Webinare<\/h2>\r\n            \r\n            \r\n            <p>Entdecken Sie unsere Produkte und L\u00f6sungen hautnah! Wir organisieren regelm\u00e4\u00dfig Webinare, um Ihnen die neuesten Features und Anwendungen vorzustellen. Auf Ihren Wunsch hin f\u00fchren wir diese Pr\u00e4sentationen auch direkt f\u00fcr Sie und Ihre Kunden durch und stehen im Anschluss f\u00fcr alle Fragen bereit.<\/p>\n<p>&nbsp;<\/p>\n\r\n                            <div class=\"flex-list\">\r\n                        <a rel=\"noopener\" href=\"https:\/\/idconnect.infinigate.de\/akademie\/\" target=\"_blank\" class=\"g-button\">\r\n                Webinare            <\/a>\r\n                <\/div>\r\n                    <\/div>\r\n\r\n                    <div class=\"media-content__media\">\r\n                <img loading=\"lazy\" decoding=\"async\" width=\"625\" height=\"625\" src=\"https:\/\/www.infinigate.com\/at\/wp-content\/uploads\/sites\/29\/2024\/07\/Vorstellung_Produkte.jpg\" class=\"attachment-super size-super\" alt=\"Vorstellung Produkte Presales\" sizes=\"auto, (max-width: 768px) 100vw, 50vw\" srcset=\"https:\/\/www.infinigate.com\/at\/wp-content\/uploads\/sites\/29\/2024\/07\/Vorstellung_Produkte.jpg 625w, https:\/\/www.infinigate.com\/at\/wp-content\/uploads\/sites\/29\/2024\/07\/Vorstellung_Produkte-300x300.jpg 300w, https:\/\/www.infinigate.com\/at\/wp-content\/uploads\/sites\/29\/2024\/07\/Vorstellung_Produkte-150x150.jpg 150w\" \/>            <\/div>\r\n            <\/div>\r\n<\/section>\r\n\n\n\n<div class=\"wp-block-columns is-layout-flex wp-container-core-columns-is-layout-9d6595d7 wp-block-columns-is-layout-flex\">\n<div class=\"wp-block-column is-layout-flow wp-block-column-is-layout-flow\">\n<h2 class=\"wp-block-heading wp-block-heading\" id=\"h-konzepterstellung-amp-architekturdesign\">Konzepterstellung &amp; Architekturdesign<\/h2>\n\n\n\n<p>Lassen Sie sich von unseren Experten bei technischen und architektonischen Fragestellungen beraten oder nutzen Sie unsere Unterst\u00fctzung direkt vor Ort bei Ihrem Kunden.<\/p>\n<\/div>\n\n\n\n<div class=\"wp-block-column is-layout-flow wp-block-column-is-layout-flow\">\n<h2 class=\"wp-block-heading wp-block-heading\" id=\"h-individuelle-produktberatung-anforderungsanalyse-amp-losungsdesign\">Individuelle Produktberatung, Anforderungsanalyse &amp; L\u00f6sungsdesign<\/h2>\n\n\n\n<p>Mehr als nur eine Produktberatung: Wir analysieren gezielt die Anforderungen Ihrer Kunden und entwickeln ma\u00dfgeschneiderte L\u00f6sungskonzepte. So gew\u00e4hrleisten wir, dass anspruchsvolle IT-Projekte die Erwartungen Ihrer Kunden vollends erf\u00fcllen.<\/p>\n<\/div>\n<\/div>\n\n\n\n<div class=\"wp-block-columns is-layout-flex wp-container-core-columns-is-layout-9d6595d7 wp-block-columns-is-layout-flex\">\n<div class=\"wp-block-column is-layout-flow wp-block-column-is-layout-flow\">\n<h2 class=\"wp-block-heading wp-block-heading\" id=\"h-review-von-konzepten\">Review von Konzepten<\/h2>\n\n\n\n<p>Falls Sie sich nicht ganz sicher sind, ob die von Ihnen vorgesehene L\u00f6sung alle Anforderungen des Kunden abdecken kann, pr\u00fcfen unsere Produktspezialisten gerne das erarbeitete Konzept.<\/p>\n<\/div>\n\n\n\n<div class=\"wp-block-column is-layout-flow wp-block-column-is-layout-flow\">\n<h2 class=\"wp-block-heading wp-block-heading\" id=\"h-bestandsaufnahme-amp-dokumentation\">Bestandsaufnahme &amp; Dokumentation<\/h2>\n\n\n\n<p>Um die Netzwerk- und IT-Infrastruktur fachgerecht zu planen, m\u00fcssen viele Schnittstellen miteinander kommunizieren. Die Integration neuer L\u00f6sungen in bestehende, oft undokumentierte IT-Landschaften, kann jedoch sehr herausfordernd sein. Hierbei stehen wir Ihnen mit einer gr\u00fcndlichen Bestandsaufnahme zur Seite, um eine reibungslose Implementierung zu sichern, angefangen von einfachen Netzwerkdiagrammen bis hin zu detaillierten Dokumentationen einzelner Ger\u00e4te.<\/p>\n<\/div>\n<\/div>\n\n\n<section class=\"media-content wp-block media-content--right media-content--media-type--image has-grey-background-color has-background alignfull\">\r\n    <div class=\"media-content__inner\">\r\n        <div class=\"media-content__content\">\r\n            \r\n            \r\n            <h2>Teststellung, Probelauf &amp; Evaluierung<\/h2>\n<p>M\u00f6chten Sie oder Ihr Kunde eine L\u00f6sung vorab in der Praxis erleben? F\u00fcr viele unserer Hersteller bieten wir Testger\u00e4te und &#8211; lizenzen f\u00fcr Demonstrationen und Evaluierungen an. Wir arrangieren eine Teststellung f\u00fcr Sie. So k\u00f6nnen Sie sicherstellen, dass die L\u00f6sung perfekt passt. Bei Fragen zu Funktionen oder Konfigurationen sind wir jederzeit f\u00fcr Sie da.<\/p>\n<p>&nbsp;<\/p>\n\r\n                    <\/div>\r\n\r\n                    <div class=\"media-content__media\">\r\n                <img loading=\"lazy\" decoding=\"async\" width=\"625\" height=\"625\" src=\"https:\/\/www.infinigate.com\/at\/wp-content\/uploads\/sites\/29\/2024\/06\/Bild2_Presales.jpg\" class=\"attachment-super size-super\" alt=\"\" sizes=\"auto, (max-width: 768px) 100vw, 50vw\" srcset=\"https:\/\/www.infinigate.com\/at\/wp-content\/uploads\/sites\/29\/2024\/06\/Bild2_Presales.jpg 625w, https:\/\/www.infinigate.com\/at\/wp-content\/uploads\/sites\/29\/2024\/06\/Bild2_Presales-300x300.jpg 300w, https:\/\/www.infinigate.com\/at\/wp-content\/uploads\/sites\/29\/2024\/06\/Bild2_Presales-150x150.jpg 150w\" \/>            <\/div>\r\n            <\/div>\r\n<\/section>\r\n\n\n\n<div class=\"wp-block-columns is-layout-flex wp-container-core-columns-is-layout-9d6595d7 wp-block-columns-is-layout-flex\">\n<div class=\"wp-block-column is-layout-flow wp-block-column-is-layout-flow\">\n<h2 class=\"wp-block-heading wp-block-heading\" id=\"h-leihstellungen\">Leihstellungen<\/h2>\n\n\n\n<p>Viele unserer Hersteller bieten Ihnen die M\u00f6glichkeit, Systeme vor dem Einsatz in Projekten als Leihstellung zu testen. N\u00e4here Informationen unter:<\/p>\n\n\n\n<div class=\"wp-block-buttons is-layout-flex wp-block-buttons-is-layout-flex\">\n<div class=\"wp-block-button\"><a class=\"wp-block-button__link wp-element-button\" href=\"\/at\/services\/formulare\/leihstellungen\/\">Leihstellung beantragen<\/a><\/div>\n<\/div>\n<\/div>\n\n\n\n<div class=\"wp-block-column is-layout-flow wp-block-column-is-layout-flow\">\n<h2 class=\"wp-block-heading wp-block-heading\" id=\"h-begleitung-beim-proof-of-concept-poc\">Begleitung beim Proof of Concept (PoC)<\/h2>\n\n\n\n<p>Ein PoC ist mehr als nur ein Testlauf. Wenn Sie es w\u00fcnschen, stehen wir Ihnen w\u00e4hrend des gesamten Proof of Concept zur Seite. Von der Erstqualifizierung \u00fcber die Installation und Konfiguration bis hin zum abschlie\u00dfenden Gespr\u00e4ch &#8211; wir begleiten Sie und Ihren Kunden Schritt f\u00fcr Schritt, um sicherzustellen, dass alles reibungslos verl\u00e4uft.&nbsp;<\/p>\n\n\n\n<p>Lassen Sie sich von unseren Experten bei technischen und architektonischen Fragestellungen beraten oder nutzen Sie unsere Unterst\u00fctzung direkt vor Ort bei Ihrem Kunden.<\/p>\n<\/div>\n<\/div>\n\n\n\n<div class=\"wp-block-group alignfull has-blue-background-color has-background is-nowrap is-layout-flex wp-container-core-group-is-layout-ad2f72ca wp-block-group-is-layout-flex\">\n<h2 class=\"wp-block-heading is-style-default wp-block-heading\" id=\"h-unsere-presales-unterstutzung-ihr-wettbewerbsvorteil\">Unsere Presales Unterst\u00fctzung = <strong>Ihr Wettbewerbsvorteil<\/strong><\/h2>\n\n\n\n<div class=\"wp-block-columns is-layout-flex wp-container-core-columns-is-layout-9d6595d7 wp-block-columns-is-layout-flex\">\n<div class=\"wp-block-column is-layout-flow wp-block-column-is-layout-flow\">\n<ul class=\"wp-block-list\">\n<li>Sie arbeiten mit uns als neutralem und erfahrenen Trustet Advisor.<\/li>\n<\/ul>\n\n\n\n<ul class=\"wp-block-list\">\n<li>Wir vermitteln best Practice (Pre-) Sales Pitches inklusiver m\u00f6glicher USPs und zeigen Ihnen, wie Sie die richtige Message an Ihre Kunden adressieren k\u00f6nnen.<\/li>\n<\/ul>\n<\/div>\n\n\n\n<div class=\"wp-block-column is-layout-flow wp-block-column-is-layout-flow\">\n<ul class=\"wp-block-list\">\n<li>Sie erhalten Unterst\u00fctzung bei Events und Seminaren, um Ihre Kunden f\u00fcr unsere Produkte begeistern zu k\u00f6nnen.<\/li>\n<\/ul>\n\n\n\n<ul class=\"wp-block-list\">\n<li>Wir zeigen Ihnen Upsell- und Cross-sell Produktempfehlungen auf.<\/li>\n<\/ul>\n<\/div>\n<\/div>\n<\/div>\n\n\n    <section class=\"content-slider wp-block animate type--testimonials content-slider--type--testimonials content-slider--single-item alignfull\">\r\n        <div class=\"content-slider__inner\">\r\n            <div class=\"content-slider__slider slider\" id=\"slider-1\">\n    \n            <div class=\"slider__header\">\n            \n                                <h2 class=\"slider__heading has--heading-border\"><p>Kundenzitate<\/p>\n<\/h2>\r\n            \n            \n        <\/div>\n    \n    \n    <div class=\"slider__items\">\n                    <div class=\"slider__item \" id=\"slider-1-item-0\" tabindex=\"-1\">\n                                                    \n                                            <article class=\"testimonial testimonial--testimonials has-white-background-color has-background\">\r\n    \r\n            <div class=\"testimonial__inner\">\r\n                                    <svg xmlns=\"http:\/\/www.w3.org\/2000\/svg\" viewBox=\"0 0 43 33\" fill=\"none\" id=\"svg-2\" role=\"img\" aria-hidden=\"true\" width=\"43\" height=\"33\" class=\"testimonial__icon\"><path d=\"M42.201 2.82c0 1.32-.955 2.5-2.293 2.735-2.008.377-3.968 1.226-5.88 2.593-2.629 1.84-3.967 4.103-3.967 6.79 0 2.453 2.342 2.359 4.206 2.17 6.596-.707 10.994 6.271 7.505 11.883-3.346 5.376-11.759 5.14-15.583.519-5.497-6.649-3.584-18.721 2.534-24.38C31.638 2.444 35.032.793 38.952.086c1.672-.33 3.25 1.038 3.25 2.735Zm-22.942 0c0 1.32-.956 2.5-2.295 2.735-2.007.377-3.967 1.226-5.879 2.593-2.629 1.84-3.968 4.103-3.968 6.79 0 2.453 2.342 2.359 4.207 2.17 6.596-.707 10.994 6.271 7.504 11.883-3.345 5.376-11.758 5.14-15.582.519-5.497-6.697-3.585-18.768 2.533-24.426C8.695 2.395 12.09.744 16.01.037c1.672-.283 3.25 1.085 3.25 2.783Z\" fill=\"currentColor\"\/><\/svg>                                                    <div class=\"testimonial__header\">\r\n                                                        <h2 class=\"testimonial__heading\">Vielen Dank f\u00fcr die Unterst\u00fctzung bei unserer technischen Evaluierung, die ich nur in den h\u00f6chsten T\u00f6nen loben kann. So eine hervorragende Leistung habe ich noch von keinem anderen Distributor erlebt. \r\n<\/h2>\r\n                                            <\/div>\r\n                \r\n                                    <div class=\"testimonial__footer\">\r\n                                                <div class=\"testimonial__footer-content\">\r\n                                                            <div class=\"testimonial__content\">\r\n                                    Stefan Kie\u00dfing                                <\/div>\r\n                                                                                        <div class=\"testimonial__meta\">\r\n                                    Schweikert GmbH                                <\/div>\r\n                                                    <\/div>\r\n                    <\/div>\r\n                            <\/div>\r\n            <\/article>\r\n                    \n                            <\/div>\n            <\/div>\n\n\n<\/div>\n        <\/div>\r\n    <\/section>\r\n\n\n\n\n\n\n\n\n\n<div class=\"wp-block-columns is-layout-flex wp-container-core-columns-is-layout-9d6595d7 wp-block-columns-is-layout-flex\">\n<div class=\"wp-block-column is-layout-flow wp-block-column-is-layout-flow\">\n<h2 class=\"wp-block-heading is-style-border-left wp-block-heading\" id=\"h-broschuren-download\">Brosch\u00fcren Download<\/h2>\n\n\n\n<p>Aktuelle Brosch\u00fcren und Datenbl\u00e4tter k\u00f6nnen Sie hier herunterladen. <\/p>\n\n\n    <section class=\"cards wp-block animate cards--columns-3 cards--type--default alignwide\">\n        <div class=\"cards__inner\">\n            \n            <div class=\"cards__items\">\n                \n                \n                <article class=\"g-card animate-element has-white-background-color has-background has-link g-card--type--custom\">\r\n        <div class=\"g-card__inner\">\r\n                \r\n\r\n                                        <div class=\"g-card__header\">\r\n                    \r\n\r\n                        <h2 class=\"g-card__heading\">    <a rel=\"noopener\" href=\"\/at\/techservices\/portfolio\/\" target=\"_blank\">\r\n                TechServices Portfolio            <\/a>\r\n<\/h2>\r\n                    \r\n                    \r\n                    \r\n                                    <\/div>\r\n            \r\n            \r\n            \r\n            \r\n\r\n\r\n\r\n            \r\n                <a rel=\"noopener\" href=\"\/at\/techservices\/portfolio\/\" target=\"_blank\" class=\"g-button--arrow g-card__read-more\">\r\n                Download            <\/a>\r\n\r\n                <\/div>\r\n    \r\n    \r\n    <\/article>\r\n<article class=\"g-card animate-element has-white-background-color has-background has-link g-card--type--custom\">\r\n        <div class=\"g-card__inner\">\r\n                \r\n\r\n                                        <div class=\"g-card__header\">\r\n                    \r\n\r\n                        <h2 class=\"g-card__heading\">    <a rel=\"noopener\" href=\"https:\/\/www.infinigate.com\/at\/wp-content\/uploads\/sites\/29\/2024\/08\/TechServices-WLAN-Planung.pdf\" target=\"_blank\">\r\n                WLAN Planung            <\/a>\r\n<\/h2>\r\n                    \r\n                    \r\n                    \r\n                                    <\/div>\r\n            \r\n            \r\n            \r\n            \r\n\r\n\r\n\r\n            \r\n                <a rel=\"noopener\" href=\"https:\/\/www.infinigate.com\/at\/wp-content\/uploads\/sites\/29\/2024\/08\/TechServices-WLAN-Planung.pdf\" target=\"_blank\" class=\"g-button--arrow g-card__read-more\">\r\n                Download            <\/a>\r\n\r\n                <\/div>\r\n    \r\n    \r\n    <\/article>\r\n            <\/div>\n\n            \n                <\/section>\n<\/div>\n<\/div>\n\n\n\n<div class=\"wp-block-cover alignwide\" id=\"kontakt\"><img loading=\"lazy\" decoding=\"async\" width=\"1920\" height=\"1080\" class=\"wp-block-cover__image-background wp-image-4092\" alt=\"\" src=\"https:\/\/www.infinigate.com\/at\/wp-content\/uploads\/sites\/32\/2024\/03\/Digital_Textures_V2.jpg\" data-object-fit=\"cover\" srcset=\"https:\/\/www.infinigate.com\/at\/wp-content\/uploads\/sites\/29\/2024\/03\/Digital_Textures_V2.jpg 1920w, https:\/\/www.infinigate.com\/at\/wp-content\/uploads\/sites\/29\/2024\/03\/Digital_Textures_V2-300x169.jpg 300w, https:\/\/www.infinigate.com\/at\/wp-content\/uploads\/sites\/29\/2024\/03\/Digital_Textures_V2-1024x576.jpg 1024w, https:\/\/www.infinigate.com\/at\/wp-content\/uploads\/sites\/29\/2024\/03\/Digital_Textures_V2-768x432.jpg 768w, https:\/\/www.infinigate.com\/at\/wp-content\/uploads\/sites\/29\/2024\/03\/Digital_Textures_V2-1536x864.jpg 1536w\" sizes=\"auto, (max-width: 1920px) 100vw, 1920px\" \/><span aria-hidden=\"true\" class=\"wp-block-cover__background has-blue-background-color has-background-dim-0 has-background-dim\"><\/span><div class=\"wp-block-cover__inner-container is-layout-constrained wp-block-cover-is-layout-constrained\">\n<div class=\"wp-block-columns is-layout-flex wp-container-core-columns-is-layout-9d6595d7 wp-block-columns-is-layout-flex\">\n<div class=\"wp-block-column is-layout-flow wp-block-column-is-layout-flow\" style=\"flex-basis:66.66%\">\n<h3 class=\"wp-block-heading has-text-align-left is-style-border-left has-white-color has-text-color has-link-color wp-elements-b3fa77ccb524d1998badd074c37fa3f6\" id=\"h-kontakt-zum-techservices-team\">Kontakt zum TechServices Team<\/h3>\n\n\n\n<p>Entscheiden Sie sich f\u00fcr Infinigate TechServices und erweitern Sie Ihre M\u00f6glichkeiten, ohne Kompromisse eingehen zu m\u00fcssen. Wir sind hier, um Sie zu unterst\u00fctzen und gemeinsam mit Ihnen zu wachsen.<\/p>\n<\/div>\n\n\n\n<div class=\"wp-block-column is-vertically-aligned-center is-layout-flow wp-block-column-is-layout-flow\" style=\"flex-basis:33.33%\">\n<p class=\"has-text-align-center has-white-color has-text-color has-link-color wp-elements-3753d164230a9b06878014423c79fe0d\"><a href=\"mailto:techservices@infinigate.de\">techservices@infinigate.de<\/a><br><a href=\"tel:00498989048403\">+49 89 89048403<\/a><\/p>\n\n\n\n<div class=\"wp-block-buttons is-content-justification-center is-layout-flex wp-container-core-buttons-is-layout-16018d1d wp-block-buttons-is-layout-flex\">\n<div class=\"wp-block-button\"><a class=\"wp-block-button__link wp-element-button\" href=\"mailto:techservices@infinigate.de\" target=\"_blank\" rel=\"noreferrer noopener\">Kontakt aufnehmen<\/a><\/div>\n<\/div>\n<\/div>\n<\/div>\n<\/div><\/div>\n\n\n<section class=\"image-grid wp-block alignwide\">\r\n    <div class=\"image-grid__inner\">\r\n            <\/div>\r\n<\/section>\r\n","protected":false},"excerpt":{"rendered":"<p>Unser Portfolio Unser Hauptanliegen ist es, f\u00fcr jedes Projekt die bestm\u00f6gliche L\u00f6sung aus unserem Herstellerportfolio zu finden. Konzepterstellung &amp; Architekturdesign&hellip;<\/p>\n","protected":false},"author":57,"featured_media":0,"parent":7273,"menu_order":35,"comment_status":"closed","ping_status":"closed","template":"","meta":{"_acf_changed":false,"footnotes":""},"folder":[420],"class_list":["post-7876","page","type-page","status-publish","hentry"],"acf":[],"distributor_meta":false,"distributor_terms":false,"distributor_media":false,"distributor_original_site_name":"Infinigate | Austria","distributor_original_site_url":"https:\/\/www.infinigate.com\/at","push-errors":false,"_links":{"self":[{"href":"https:\/\/www.infinigate.com\/at\/wp-json\/wp\/v2\/pages\/7876","targetHints":{"allow":["GET"]}}],"collection":[{"href":"https:\/\/www.infinigate.com\/at\/wp-json\/wp\/v2\/pages"}],"about":[{"href":"https:\/\/www.infinigate.com\/at\/wp-json\/wp\/v2\/types\/page"}],"author":[{"embeddable":true,"href":"https:\/\/www.infinigate.com\/at\/wp-json\/wp\/v2\/users\/57"}],"replies":[{"embeddable":true,"href":"https:\/\/www.infinigate.com\/at\/wp-json\/wp\/v2\/comments?post=7876"}],"version-history":[{"count":0,"href":"https:\/\/www.infinigate.com\/at\/wp-json\/wp\/v2\/pages\/7876\/revisions"}],"up":[{"embeddable":true,"href":"https:\/\/www.infinigate.com\/at\/wp-json\/wp\/v2\/pages\/7273"}],"wp:attachment":[{"href":"https:\/\/www.infinigate.com\/at\/wp-json\/wp\/v2\/media?parent=7876"}],"wp:term":[{"taxonomy":"folder","embeddable":true,"href":"https:\/\/www.infinigate.com\/at\/wp-json\/wp\/v2\/folder?post=7876"}],"curies":[{"name":"wp","href":"https:\/\/api.w.org\/{rel}","templated":true}]}}