{"id":9727,"date":"2024-07-04T02:38:49","date_gmt":"2024-07-04T01:38:49","guid":{"rendered":"https:\/\/www.infinigate.com\/at\/?page_id=9727"},"modified":"2024-10-10T07:03:16","modified_gmt":"2024-10-10T05:03:16","slug":"hpe-aruba-networking-trainings","status":"publish","type":"page","link":"https:\/\/www.infinigate.com\/at\/akademie\/herstellerspezifische-trainings\/hpe-aruba-networking-trainings\/","title":{"rendered":"HPE aruba Networking Trainings"},"content":{"rendered":"\n<figure class=\"wp-block-image alignfull size-large is-style-corner-overlay\"><img decoding=\"async\" src=\"https:\/\/www.infinigate.com\/at\/wp-content\/uploads\/sites\/29\/2024\/07\/HerstellerspezifischeTrainings_Header.jpg\" alt=\"Aruba Trainings\"\/><\/figure>\n\n\n\n<div class=\"wp-block-columns is-layout-flex wp-container-core-columns-is-layout-9d6595d7 wp-block-columns-is-layout-flex\">\n<div class=\"wp-block-column is-layout-flow wp-block-column-is-layout-flow\" style=\"flex-basis:66.66%\">\n<p>In Kooperation mit Fast Lane Institute for Knowledge Transfer GmbH bieten wir umfassende Trainings- und Zertifizierungsprogramme von grundlegenden bis hin zu fortgeschrittenen Niveaus f\u00fcr die gesamte Aruba-Produktlinie an. Diese Trainings bereiten Sie optimal auf die Associate-, Professional- und Expert-Level-Zertifizierungspr\u00fcfungen vor.<\/p>\n<\/div>\n\n\n\n<div class=\"wp-block-column is-layout-flow wp-block-column-is-layout-flow\" style=\"flex-basis:33.33%\">\n<figure class=\"wp-block-image size-large\"><img decoding=\"async\" src=\"https:\/\/www.infinigate.com\/at\/wp-content\/uploads\/sites\/29\/2024\/07\/FastLane_Aruba_HerstellerspezifischeLogos-2.jpg\" alt=\"\"\/><\/figure>\n<\/div>\n<\/div>\n\n\n\n<h2 class=\"wp-block-heading is-style-border-left wp-block-heading\">Aruba Trainings\u00fcbersicht<\/h2>\n\n\n\n<p class=\"alignwide has-text-align-wide\">Weitere Details zu den Inhalten der Trainings sowie eine \u00dcbersicht \u00fcber die angebotenen Termine k\u00f6nnen Sie hier entnehmen.<\/p>\n\n\n    <section class=\"cards wp-block animate cards--columns-2 cards--type--default alignwide\">\n        <div class=\"cards__inner\">\n            \n            <div class=\"cards__items\">\n                \n                \n                <article class=\"g-card animate-element has-white-background-color has-background has-link g-card--type--custom\">\r\n        <div class=\"g-card__inner\">\r\n                \r\n\r\n                                        <div class=\"g-card__header\">\r\n                    \r\n\r\n                        <h2 class=\"g-card__heading\">    <a rel=\"noopener\" href=\"https:\/\/idconnect.infinigate.de\/akademie?d=standard&#038;manufacturer=41058ff6375ad3212accc37634f68e0d&#038;p=1\" target=\"_blank\">\r\n                Aruba OS-CX Switching Fundamentals            <\/a>\r\n<\/h2>\r\n                    \r\n                                            <div class=\"g-card__content\">\r\n                            <p>Dieses Training vermittelt die grundlegenden F\u00e4higkeiten zur Konfiguration und Verwaltung von Netzwerkl\u00f6sungen mit Aruba OS-CX, einschlie\u00dflich VLANs, dynamischer Segmentierung, MSTP, LACP und VSF sowie IP-Routing mit OSPF. Es besteht aus etwa 60 % Vorlesungen und 40 % praktischen Labor\u00fcbungen und bereitet auf die Pr\u00fcfung zum Aruba Certified Switching Associate (ACSA) vor.<\/p>\n                        <\/div>\r\n                    \r\n                    \r\n                                    <\/div>\r\n            \r\n            \r\n            \r\n            \r\n\r\n\r\n\r\n            \r\n                <a rel=\"noopener\" href=\"https:\/\/idconnect.infinigate.de\/akademie?d=standard&#038;manufacturer=41058ff6375ad3212accc37634f68e0d&#038;p=1\" target=\"_blank\" class=\"g-button--arrow g-card__read-more\">\r\n                Termine            <\/a>\r\n\r\n                <\/div>\r\n    \r\n    \r\n    <\/article>\r\n<article class=\"g-card animate-element has-white-background-color has-background has-link g-card--type--custom\">\r\n        <div class=\"g-card__inner\">\r\n                \r\n\r\n                                        <div class=\"g-card__header\">\r\n                    \r\n\r\n                        <h2 class=\"g-card__heading\">    <a rel=\"noopener\" href=\"https:\/\/idconnect.infinigate.de\/akademie?d=standard&#038;manufacturer=41058ff6375ad3212accc37634f68e0d&#038;p=1\" target=\"_blank\">\r\n                Implementing Aruba OS-CX Switching            <\/a>\r\n<\/h2>\r\n                    \r\n                                            <div class=\"g-card__content\">\r\n                            <p>In diesem Training erwerben Sie fortgeschrittene F\u00e4higkeiten zur Implementierung und Verwaltung von Unternehmensebene-Vermittlungsl\u00f6sungen auf dem Aruba-Campus, basierend auf den Associate-Kenntnissen. Es bereitet Sie auf die Pr\u00fcfung zum Aruba Certified Switching Professional (ACSP) vor und deckt Technologien wie dynamische Segmentierung, MSTP, LACP, VSX und VSF ab. Der Kurs kombiniert zu etwa 50 % Vorlesungen mit 50 % praktischen Labor\u00fcbungen.<\/p>\n                        <\/div>\r\n                    \r\n                    \r\n                                    <\/div>\r\n            \r\n            \r\n            \r\n            \r\n\r\n\r\n\r\n            \r\n                <a rel=\"noopener\" href=\"https:\/\/idconnect.infinigate.de\/akademie?d=standard&#038;manufacturer=41058ff6375ad3212accc37634f68e0d&#038;p=1\" target=\"_blank\" class=\"g-button--arrow g-card__read-more\">\r\n                Termine            <\/a>\r\n\r\n                <\/div>\r\n    \r\n    \r\n    <\/article>\r\n<article class=\"g-card animate-element has-white-background-color has-background has-link g-card--type--custom\">\r\n        <div class=\"g-card__inner\">\r\n                \r\n\r\n                                        <div class=\"g-card__header\">\r\n                    \r\n\r\n                        <h2 class=\"g-card__heading\">    <a rel=\"noopener\" href=\"https:\/\/idconnect.infinigate.de\/akademie?d=standard&#038;manufacturer=41058ff6375ad3212accc37634f68e0d&#038;p=1\" target=\"_blank\">\r\n                Configuration HPE Aruba Networking ClearPass            <\/a>\r\n<\/h2>\r\n                    \r\n                                            <div class=\"g-card__content\">\r\n                            <p>Dieses Training bietet umfassende Einblicke in die Netzwerkzugriffskontrolle mit dem ClearPass-Portfolio. Es kombiniert Lehrmodule mit praktischen Labor\u00fcbungen zur Einrichtung von ClearPass als AAA-Server und zur Konfiguration der Funktionen Policy Manager, Guest, OnGuard und Onboard. Dar\u00fcber hinaus werden Integration mit Active Directory-Servern, \u00dcberwachung, Berichterstattung und Best Practices f\u00fcr die Bereitstellung behandelt.<\/p>\n                        <\/div>\r\n                    \r\n                    \r\n                                    <\/div>\r\n            \r\n            \r\n            \r\n            \r\n\r\n\r\n\r\n            \r\n                <a rel=\"noopener\" href=\"https:\/\/idconnect.infinigate.de\/akademie?d=standard&#038;manufacturer=41058ff6375ad3212accc37634f68e0d&#038;p=1\" target=\"_blank\" class=\"g-button--arrow g-card__read-more\">\r\n                Termine            <\/a>\r\n\r\n                <\/div>\r\n    \r\n    \r\n    <\/article>\r\n<article class=\"g-card animate-element has-white-background-color has-background has-link g-card--type--custom\">\r\n        <div class=\"g-card__inner\">\r\n                \r\n\r\n                                        <div class=\"g-card__header\">\r\n                    \r\n\r\n                        <h2 class=\"g-card__heading\">    <a rel=\"noopener\" href=\"https:\/\/idconnect.infinigate.de\/akademie?d=standard&#038;manufacturer=41058ff6375ad3212accc37634f68e0d&#038;p=1\" target=\"_blank\">\r\n                Configuration Aruba Mobility Level 1            <\/a>\r\n<\/h2>\r\n                    \r\n                                            <div class=\"g-card__content\">\r\n                            <p>In diesem Training erwerben Sie umfassende Kenntnisse und praktische F\u00e4higkeiten zur Konfiguration eines Aruba-WLANs mit der OS 8.X Architektur. Sie lernen durch Vorlesungen und Labor\u00fcbungen, wie Sie einen Mobility Master, Controller und Access Points einrichten sowie ein sicheres Netzwerk mit mehreren SSIDs aufbauen. Dieses Training bereitet Sie gezielt auf die Zertifizierungspr\u00fcfung Aruba Certified Mobility Associate (ACMA) V8 vor.<\/p>\n                        <\/div>\r\n                    \r\n                    \r\n                                    <\/div>\r\n            \r\n            \r\n            \r\n            \r\n\r\n\r\n\r\n            \r\n                <a rel=\"noopener\" href=\"https:\/\/idconnect.infinigate.de\/akademie?d=standard&#038;manufacturer=41058ff6375ad3212accc37634f68e0d&#038;p=1\" target=\"_blank\" class=\"g-button--arrow g-card__read-more\">\r\n                Termine            <\/a>\r\n\r\n                <\/div>\r\n    \r\n    \r\n    <\/article>\r\n<article class=\"g-card animate-element has-white-background-color has-background has-link g-card--type--custom\">\r\n        <div class=\"g-card__inner\">\r\n                \r\n\r\n                                        <div class=\"g-card__header\">\r\n                    \r\n\r\n                        <h2 class=\"g-card__heading\">    <a rel=\"noopener\" href=\"https:\/\/idconnect.infinigate.de\/akademie?d=standard&#038;manufacturer=41058ff6375ad3212accc37634f68e0d&#038;p=1\" target=\"_blank\">\r\n                Configuration Aruba Mobility Level 2            <\/a>\r\n<\/h2>\r\n                    \r\n                                            <div class=\"g-card__content\">\r\n                            <p>Dieses Training vermittelt fortgeschrittene Kenntnisse und praktische F\u00e4higkeiten zur Einrichtung und Konfiguration von Aruba WLAN mit der AOS 8.X Architektur. Sie lernen durch Vorlesungen und Labore, wie man ein redundantes WLAN-Netzwerk mit Clustering, Multizone, Sprachoptimierung und getunnelten Knoten einrichtet.<\/p>\n                        <\/div>\r\n                    \r\n                    \r\n                                    <\/div>\r\n            \r\n            \r\n            \r\n            \r\n\r\n\r\n\r\n            \r\n                <a rel=\"noopener\" href=\"https:\/\/idconnect.infinigate.de\/akademie?d=standard&#038;manufacturer=41058ff6375ad3212accc37634f68e0d&#038;p=1\" target=\"_blank\" class=\"g-button--arrow g-card__read-more\">\r\n                Termine            <\/a>\r\n\r\n                <\/div>\r\n    \r\n    \r\n    <\/article>\r\n            <\/div>\n\n            \n                <\/section>\n\n\n\n<div class=\"wp-block-columns is-layout-flex wp-container-core-columns-is-layout-9d6595d7 wp-block-columns-is-layout-flex\">\n<div class=\"wp-block-column is-layout-flow wp-block-column-is-layout-flow\">\n<h2 class=\"wp-block-heading is-style-border-left wp-block-heading\">Partnerstatus<\/h2>\n\n\n\n<p>F\u00fcr das Erreichen bestimmter Partnerstatus sind unter anderem erfolgreich abgeschlossene Zertifizierungen erforderlich.<\/p>\n\n\n\n<p><strong>Bei Aruba ist dies wie folgt geregelt<\/strong>:<\/p>\n\n\n\n<ul class=\"wp-block-list\">\n<li><strong>Business Partner:<\/strong> keine Zertifizierung erforderlich.<\/li>\n<\/ul>\n\n\n\n<ul class=\"wp-block-list\">\n<li><strong>Silver Partner:<\/strong> mindestens zwei technische Zertifizierungen.<\/li>\n<\/ul>\n\n\n\n<ul class=\"wp-block-list\">\n<li><strong>Gold Partner:<\/strong> mindestens drei technische Zertifizierungen.<\/li>\n<\/ul>\n\n\n\n<ul class=\"wp-block-list\">\n<li><strong>Platinum Partner:<\/strong> mindestens vier technische Zertifizierungen.<\/li>\n<\/ul>\n<\/div>\n<\/div>\n\n\n\n&nbsp;\n\n\n\n<div class=\"wp-block-cover alignwide\"><span aria-hidden=\"true\" class=\"wp-block-cover__background has-blue-background-color has-background-dim-0 has-background-dim\"><\/span><img loading=\"lazy\" decoding=\"async\" width=\"1920\" height=\"1080\" class=\"wp-block-cover__image-background wp-image-4092\" alt=\"\" src=\"https:\/\/www.infinigate.com\/at\/wp-content\/uploads\/sites\/32\/2024\/03\/Digital_Textures_V2.jpg\" data-object-fit=\"cover\" srcset=\"https:\/\/www.infinigate.com\/at\/wp-content\/uploads\/sites\/29\/2024\/03\/Digital_Textures_V2.jpg 1920w, https:\/\/www.infinigate.com\/at\/wp-content\/uploads\/sites\/29\/2024\/03\/Digital_Textures_V2-300x169.jpg 300w, https:\/\/www.infinigate.com\/at\/wp-content\/uploads\/sites\/29\/2024\/03\/Digital_Textures_V2-1024x576.jpg 1024w, https:\/\/www.infinigate.com\/at\/wp-content\/uploads\/sites\/29\/2024\/03\/Digital_Textures_V2-768x432.jpg 768w, https:\/\/www.infinigate.com\/at\/wp-content\/uploads\/sites\/29\/2024\/03\/Digital_Textures_V2-1536x864.jpg 1536w\" sizes=\"auto, (max-width: 1920px) 100vw, 1920px\" \/><div class=\"wp-block-cover__inner-container is-layout-constrained wp-block-cover-is-layout-constrained\">\n<div class=\"wp-block-columns is-layout-flex wp-container-core-columns-is-layout-9d6595d7 wp-block-columns-is-layout-flex\" id=\"Kontakt\">\n<div class=\"wp-block-column is-layout-flow wp-block-column-is-layout-flow\" style=\"flex-basis:66.66%\">\n<h3 class=\"wp-block-heading has-text-align-left is-style-border-left has-white-color has-text-color has-link-color wp-elements-d487bc1b4571f39145b11c5a55357182\" id=\"h-kontakt-zum-akademie-team\">Kontakt zum Akademie Team<\/h3>\n\n\n\n<p>Sie haben Fragen? Unsere Akademie ist gerne f\u00fcr Sie da.<\/p>\n<\/div>\n\n\n\n<div class=\"wp-block-column is-vertically-aligned-center is-layout-flow wp-block-column-is-layout-flow\" style=\"flex-basis:33.33%\">\n<p class=\"has-text-align-center has-white-color has-text-color has-link-color wp-elements-c54ec4f8f6ced1f2b01cf0599b964d19\"><a href=\"mailto:akademie@infinigate.de\">akademie@infinigate.de<\/a><br><a href=\"tel:+498989048401\">+49 89 89048401<\/a><\/p>\n\n\n\n<div class=\"wp-block-buttons is-content-justification-center is-layout-flex wp-container-core-buttons-is-layout-16018d1d wp-block-buttons-is-layout-flex\">\n<div class=\"wp-block-button\"><a class=\"wp-block-button__link wp-element-button\" href=\"mailto:akademie@infinigate.de\" target=\"_blank\" rel=\"noreferrer noopener\">Kontakt aufnehmen<\/a><\/div>\n<\/div>\n<\/div>\n<\/div>\n<\/div><\/div>\n","protected":false},"excerpt":{"rendered":"<p>In Kooperation mit Fast Lane Institute for Knowledge Transfer GmbH bieten wir umfassende Trainings- und Zertifizierungsprogramme von grundlegenden bis hin&hellip;<\/p>\n","protected":false},"author":36,"featured_media":0,"parent":9664,"menu_order":35,"comment_status":"closed","ping_status":"closed","template":"","meta":{"_acf_changed":false,"footnotes":""},"folder":[390],"class_list":["post-9727","page","type-page","status-publish","hentry"],"acf":[],"distributor_meta":false,"distributor_terms":false,"distributor_media":false,"distributor_original_site_name":"Infinigate | Austria","distributor_original_site_url":"https:\/\/www.infinigate.com\/at","push-errors":false,"_links":{"self":[{"href":"https:\/\/www.infinigate.com\/at\/wp-json\/wp\/v2\/pages\/9727","targetHints":{"allow":["GET"]}}],"collection":[{"href":"https:\/\/www.infinigate.com\/at\/wp-json\/wp\/v2\/pages"}],"about":[{"href":"https:\/\/www.infinigate.com\/at\/wp-json\/wp\/v2\/types\/page"}],"author":[{"embeddable":true,"href":"https:\/\/www.infinigate.com\/at\/wp-json\/wp\/v2\/users\/36"}],"replies":[{"embeddable":true,"href":"https:\/\/www.infinigate.com\/at\/wp-json\/wp\/v2\/comments?post=9727"}],"version-history":[{"count":0,"href":"https:\/\/www.infinigate.com\/at\/wp-json\/wp\/v2\/pages\/9727\/revisions"}],"up":[{"embeddable":true,"href":"https:\/\/www.infinigate.com\/at\/wp-json\/wp\/v2\/pages\/9664"}],"wp:attachment":[{"href":"https:\/\/www.infinigate.com\/at\/wp-json\/wp\/v2\/media?parent=9727"}],"wp:term":[{"taxonomy":"folder","embeddable":true,"href":"https:\/\/www.infinigate.com\/at\/wp-json\/wp\/v2\/folder?post=9727"}],"curies":[{"name":"wp","href":"https:\/\/api.w.org\/{rel}","templated":true}]}}