{"id":9768,"date":"2024-07-04T03:22:07","date_gmt":"2024-07-04T02:22:07","guid":{"rendered":"https:\/\/www.infinigate.com\/at\/?page_id=9768"},"modified":"2024-10-10T07:11:25","modified_gmt":"2024-10-10T05:11:25","slug":"check-point-trainings","status":"publish","type":"page","link":"https:\/\/www.infinigate.com\/at\/akademie\/herstellerspezifische-trainings\/check-point-trainings\/","title":{"rendered":"Check Point Trainings"},"content":{"rendered":"\n<figure class=\"wp-block-image alignfull size-large is-style-corner-overlay\"><img decoding=\"async\" src=\"https:\/\/www.infinigate.com\/at\/wp-content\/uploads\/sites\/29\/2024\/07\/HerstellerspezifischeTrainings_Header.jpg\" alt=\"Check Point Trainings\"\/><\/figure>\n\n\n\n<div class=\"wp-block-columns is-layout-flex wp-container-core-columns-is-layout-9d6595d7 wp-block-columns-is-layout-flex\">\n<div class=\"wp-block-column is-layout-flow wp-block-column-is-layout-flow\" style=\"flex-basis:66.66%\">\n<p>F\u00fcr Check Point bieten wir zwei produktspezifische, technische Trainings an, die sowohl f\u00fcr Reseller als auch f\u00fcr Endkunden zug\u00e4nglich sind und jeweils alle Themen von Installation \u00fcber den allt\u00e4glichen Betrieb bis hin zur Fehleranalyse umfassen.<\/p>\n<\/div>\n\n\n\n<div class=\"wp-block-column is-layout-flow wp-block-column-is-layout-flow\" style=\"flex-basis:33.33%\">\n<figure class=\"wp-block-image size-large\"><img decoding=\"async\" src=\"https:\/\/www.infinigate.com\/at\/wp-content\/uploads\/sites\/29\/2024\/05\/CheckPoint.png\" alt=\"\"\/><\/figure>\n<\/div>\n<\/div>\n\n\n\n<h2 class=\"wp-block-heading is-style-border-left wp-block-heading\">Check Point Trainings\u00fcbersicht<\/h2>\n\n\n\n<p class=\"alignwide has-text-align-wide\">Weitere Details zu den Inhalten der Trainings sowie eine \u00dcbersicht \u00fcber die angebotenen Termine k\u00f6nnen Sie hier entnehmen.<\/p>\n\n\n    <section class=\"cards wp-block animate cards--columns-2 cards--type--default alignwide\">\n        <div class=\"cards__inner\">\n            \n            <div class=\"cards__items\">\n                \n                \n                <article class=\"g-card animate-element has-white-background-color has-background has-link g-card--type--custom\">\r\n        <div class=\"g-card__inner\">\r\n                \r\n\r\n                                        <div class=\"g-card__header\">\r\n                    \r\n\r\n                        <h2 class=\"g-card__heading\">    <a rel=\"noopener\" href=\"https:\/\/idconnect.infinigate.de\/akademie\/?searchTerm=inf-tr-cp-ccsa\" target=\"_blank\">\r\n                Check Point Certified Security Administrator            <\/a>\r\n<\/h2>\r\n                    \r\n                                            <div class=\"g-card__content\">\r\n                            <p>Dieses Training vermittelt das notwendige Wissen zur Inbetriebnahme, Konfiguration und Verwaltung des Check Point Security Gateway und der Software Blade Architektur. Es erkl\u00e4rt die Bedienung der Softwareelemente und die Schritte zum Aufbau einer angepassten Firewall. Der Kurs nutzt das Betriebssystem GAiA und das Release R81.20.<\/p>\n<p>Au\u00dferdem ist dieses Training die Vorbereitung auf das Pearson VUE Examen 156-215.81.20.<\/p>\n                        <\/div>\r\n                    \r\n                    \r\n                                    <\/div>\r\n            \r\n            \r\n            \r\n            \r\n\r\n\r\n\r\n            \r\n                <a rel=\"noopener\" href=\"https:\/\/idconnect.infinigate.de\/akademie\/?searchTerm=inf-tr-cp-ccsa\" target=\"_blank\" class=\"g-button--arrow g-card__read-more\">\r\n                Termine            <\/a>\r\n\r\n                <\/div>\r\n    \r\n    \r\n    <\/article>\r\n<article class=\"g-card animate-element has-white-background-color has-background has-link g-card--type--custom\">\r\n        <div class=\"g-card__inner\">\r\n                \r\n\r\n                                        <div class=\"g-card__header\">\r\n                    \r\n\r\n                        <h2 class=\"g-card__heading\">    <a rel=\"noopener\" href=\"https:\/\/idconnect.infinigate.de\/akademie\/?searchTerm=inf-tr-cp-ccse\" target=\"_blank\">\r\n                Check Point Certified Expert            <\/a>\r\n<\/h2>\r\n                    \r\n                                            <div class=\"g-card__content\">\r\n                            <p>Dieses Training richtet sich an diejenigen, die ihr Wissen \u00fcber die Check Point Firewall mit Release R81.20 vertiefen m\u00f6chten. Es behandelt das Erstellen, Modifizieren, Einsetzen und Beheben von Fehlern in Check Point Security Systems auf dem GAiA-Betriebssystem. Praktische Labor\u00fcbungen umfassen das Debuggen von Firewall-Prozessen, Optimieren der VPN-Leistung und Aktualisieren von Management-Servern.<\/p>\n<p>Dieses Training dient der Vorbereitung auf das Pearson VUE Examen 156-315.81.20.<\/p>\n                        <\/div>\r\n                    \r\n                    \r\n                                    <\/div>\r\n            \r\n            \r\n            \r\n            \r\n\r\n\r\n\r\n            \r\n                <a rel=\"noopener\" href=\"https:\/\/idconnect.infinigate.de\/akademie\/?searchTerm=inf-tr-cp-ccse\" target=\"_blank\" class=\"g-button--arrow g-card__read-more\">\r\n                Termine            <\/a>\r\n\r\n                <\/div>\r\n    \r\n    \r\n    <\/article>\r\n            <\/div>\n\n            \n                <\/section>\n\n\n\n\n\n&nbsp;\n\n\n\n<div class=\"wp-block-cover alignwide\" id=\"kontakt\"><span aria-hidden=\"true\" class=\"wp-block-cover__background has-blue-background-color has-background-dim-0 has-background-dim\"><\/span><img loading=\"lazy\" decoding=\"async\" width=\"1920\" height=\"1080\" class=\"wp-block-cover__image-background wp-image-4092\" alt=\"\" src=\"https:\/\/www.infinigate.com\/at\/wp-content\/uploads\/sites\/32\/2024\/03\/Digital_Textures_V2.jpg\" data-object-fit=\"cover\" srcset=\"https:\/\/www.infinigate.com\/at\/wp-content\/uploads\/sites\/29\/2024\/03\/Digital_Textures_V2.jpg 1920w, https:\/\/www.infinigate.com\/at\/wp-content\/uploads\/sites\/29\/2024\/03\/Digital_Textures_V2-300x169.jpg 300w, https:\/\/www.infinigate.com\/at\/wp-content\/uploads\/sites\/29\/2024\/03\/Digital_Textures_V2-1024x576.jpg 1024w, https:\/\/www.infinigate.com\/at\/wp-content\/uploads\/sites\/29\/2024\/03\/Digital_Textures_V2-768x432.jpg 768w, https:\/\/www.infinigate.com\/at\/wp-content\/uploads\/sites\/29\/2024\/03\/Digital_Textures_V2-1536x864.jpg 1536w\" sizes=\"auto, (max-width: 1920px) 100vw, 1920px\" \/><div class=\"wp-block-cover__inner-container is-layout-constrained wp-block-cover-is-layout-constrained\">\n<div class=\"wp-block-columns is-layout-flex wp-container-core-columns-is-layout-9d6595d7 wp-block-columns-is-layout-flex\">\n<div class=\"wp-block-column is-layout-flow wp-block-column-is-layout-flow\" style=\"flex-basis:66.66%\">\n<h3 class=\"wp-block-heading has-text-align-left is-style-border-left has-white-color has-text-color has-link-color wp-elements-d487bc1b4571f39145b11c5a55357182\" id=\"h-kontakt-zum-akademie-team\">Kontakt zum Akademie Team<\/h3>\n\n\n\n<p>Sie haben Fragen? Unsere Akademie ist gerne f\u00fcr Sie da.<\/p>\n<\/div>\n\n\n\n<div class=\"wp-block-column is-vertically-aligned-center is-layout-flow wp-block-column-is-layout-flow\" style=\"flex-basis:33.33%\">\n<p class=\"has-text-align-center has-white-color has-text-color has-link-color wp-elements-0cef73cb21863fbb40aba5e8ab98353d\"><a href=\"mailto:akademie@infinigate.de\">akademie@infinigate.de<\/a><br><a href=\"tel:00498989048401\">+49 89 89048401<\/a><\/p>\n\n\n\n<div class=\"wp-block-buttons is-content-justification-center is-layout-flex wp-container-core-buttons-is-layout-16018d1d wp-block-buttons-is-layout-flex\">\n<div class=\"wp-block-button\"><a class=\"wp-block-button__link wp-element-button\" href=\"mailto:akademie@infinigate.de\" target=\"_blank\" rel=\"noreferrer noopener\">Kontakt aufnehmen<\/a><\/div>\n<\/div>\n<\/div>\n<\/div>\n<\/div><\/div>\n","protected":false},"excerpt":{"rendered":"<p>F\u00fcr Check Point bieten wir zwei produktspezifische, technische Trainings an, die sowohl f\u00fcr Reseller als auch f\u00fcr Endkunden zug\u00e4nglich sind&hellip;<\/p>\n","protected":false},"author":36,"featured_media":0,"parent":9664,"menu_order":35,"comment_status":"closed","ping_status":"closed","template":"","meta":{"_acf_changed":false,"footnotes":""},"folder":[390],"class_list":["post-9768","page","type-page","status-publish","hentry"],"acf":[],"distributor_meta":false,"distributor_terms":false,"distributor_media":false,"distributor_original_site_name":"Infinigate | Austria","distributor_original_site_url":"https:\/\/www.infinigate.com\/at","push-errors":false,"_links":{"self":[{"href":"https:\/\/www.infinigate.com\/at\/wp-json\/wp\/v2\/pages\/9768","targetHints":{"allow":["GET"]}}],"collection":[{"href":"https:\/\/www.infinigate.com\/at\/wp-json\/wp\/v2\/pages"}],"about":[{"href":"https:\/\/www.infinigate.com\/at\/wp-json\/wp\/v2\/types\/page"}],"author":[{"embeddable":true,"href":"https:\/\/www.infinigate.com\/at\/wp-json\/wp\/v2\/users\/36"}],"replies":[{"embeddable":true,"href":"https:\/\/www.infinigate.com\/at\/wp-json\/wp\/v2\/comments?post=9768"}],"version-history":[{"count":0,"href":"https:\/\/www.infinigate.com\/at\/wp-json\/wp\/v2\/pages\/9768\/revisions"}],"up":[{"embeddable":true,"href":"https:\/\/www.infinigate.com\/at\/wp-json\/wp\/v2\/pages\/9664"}],"wp:attachment":[{"href":"https:\/\/www.infinigate.com\/at\/wp-json\/wp\/v2\/media?parent=9768"}],"wp:term":[{"taxonomy":"folder","embeddable":true,"href":"https:\/\/www.infinigate.com\/at\/wp-json\/wp\/v2\/folder?post=9768"}],"curies":[{"name":"wp","href":"https:\/\/api.w.org\/{rel}","templated":true}]}}