{"id":9790,"date":"2024-07-04T03:41:57","date_gmt":"2024-07-04T02:41:57","guid":{"rendered":"https:\/\/www.infinigate.com\/at\/?page_id=9790"},"modified":"2024-10-10T07:04:24","modified_gmt":"2024-10-10T05:04:24","slug":"extreme-networks-trainings","status":"publish","type":"page","link":"https:\/\/www.infinigate.com\/at\/akademie\/herstellerspezifische-trainings\/extreme-networks-trainings\/","title":{"rendered":"Extreme Networks Trainings"},"content":{"rendered":"\n<figure class=\"wp-block-image alignfull size-large is-style-corner-overlay\"><img decoding=\"async\" src=\"https:\/\/www.infinigate.com\/at\/wp-content\/uploads\/sites\/29\/2024\/07\/HerstellerspezifischeTrainings_Header.jpg\" alt=\"Extreme Networks Trainings\"\/><\/figure>\n\n\n\n<div class=\"wp-block-columns is-layout-flex wp-container-core-columns-is-layout-9d6595d7 wp-block-columns-is-layout-flex\">\n<div class=\"wp-block-column is-layout-flow wp-block-column-is-layout-flow\" style=\"flex-basis:66.66%\">\n<p>Als autorisierter Trainings Partner von Extreme Networks bieten wir Ihnen die offiziellen Zertifizierungsschulungen aus den Bereichen Switching und Wireless an. Die Trainings sind sowohl f\u00fcr Reseller als auch f\u00fcr Endkunden zug\u00e4nglich und umfassen Themen von Installation und Konfiguration bis hin zur Fehleranalyse.<\/p>\n\n\n\n<p>Detaillierte Informationen zum Extreme Networks Zertifizierungsprogramm finden Sie unterhalb der <a href=\"#Extremezertifizierung\">Trainings\u00fcbersicht.<\/a><\/p>\n<\/div>\n\n\n\n<div class=\"wp-block-column is-layout-flow wp-block-column-is-layout-flow\" style=\"flex-basis:33.33%\">\n<figure class=\"wp-block-image size-large\"><img decoding=\"async\" src=\"https:\/\/www.infinigate.com\/at\/wp-content\/uploads\/sites\/29\/2024\/05\/Extreme-Networks.png\" alt=\"\" style=\"object-fit:cover\"\/><\/figure>\n<\/div>\n<\/div>\n\n\n\n<h2 class=\"wp-block-heading is-style-border-left wp-block-heading\">Extreme Networks Trainings\u00fcbersicht<\/h2>\n\n\n\n<p class=\"alignwide has-text-align-wide\">Weitere Details zu den Inhalten der Trainings sowie eine \u00dcbersicht \u00fcber die angebotenen Termine k\u00f6nnen Sie hier entnehmen.<\/p>\n\n\n    <section class=\"cards wp-block animate cards--columns-2 cards--type--default alignwide\">\n        <div class=\"cards__inner\">\n            \n            <div class=\"cards__items\">\n                \n                \n                <article class=\"g-card animate-element has-white-background-color has-background has-link g-card--type--custom\">\r\n        <div class=\"g-card__inner\">\r\n                \r\n\r\n                                        <div class=\"g-card__header\">\r\n                    \r\n\r\n                        <h2 class=\"g-card__heading\">    <a href=\"https:\/\/idconnect.infinigate.de\/akademie\/?d=standard&#038;p=1&#038;searchTerm=Extreme%20Wireless%20Cloud\">\r\n                Extreme Wireless Cloud &#8211; Installation and Configuration            <\/a>\r\n<\/h2>\r\n                    \r\n                                            <div class=\"g-card__content\">\r\n                            <p>In diesem zweit\u00e4gigen Training lernen Sie die Besonderheiten, Konfigurationswege und das Monitoring von XiQ kennen. Ziel ist es, grundlegende Konfigurationen f\u00fcr den Endkunden vorzunehmen und einfaches Troubleshooting durchzuf\u00fchren.<\/p>\n                        <\/div>\r\n                    \r\n                    \r\n                                    <\/div>\r\n            \r\n            \r\n            \r\n            \r\n\r\n\r\n\r\n            \r\n                <a  href=\"https:\/\/idconnect.infinigate.de\/akademie\/?d=standard&#038;p=1&#038;searchTerm=Extreme%20Wireless%20Cloud\" target=\"\" class=\"g-button--arrow g-card__read-more\">\r\n                Termine            <\/a>\r\n\r\n                <\/div>\r\n    \r\n    \r\n    <\/article>\r\n<article class=\"g-card animate-element has-white-background-color has-background has-link g-card--type--custom\">\r\n        <div class=\"g-card__inner\">\r\n                \r\n\r\n                                        <div class=\"g-card__header\">\r\n                    \r\n\r\n                        <h2 class=\"g-card__heading\">    <a href=\"https:\/\/idconnect.infinigate.de\/akademie\/?d=standard&#038;p=1&#038;searchTerm=Extreme%20Wireless%20Cloud\">\r\n                Extreme Wireless Cloud &#8211; Troubleshooting            <\/a>\r\n<\/h2>\r\n                    \r\n                                            <div class=\"g-card__content\">\r\n                            <p>Das Training vermittelt, welche Informationen im Supportfall ben\u00f6tigt werden, und st\u00e4rkt Ihre Troubleshooting-Skills durch realistische Problemdarstellungen. Es umfasst auch Best Practices zu Projektplanung und Netzwerkdesign.<\/p>\n                        <\/div>\r\n                    \r\n                    \r\n                                    <\/div>\r\n            \r\n            \r\n            \r\n            \r\n\r\n\r\n\r\n            \r\n                <a  href=\"https:\/\/idconnect.infinigate.de\/akademie\/?d=standard&#038;p=1&#038;searchTerm=Extreme%20Wireless%20Cloud\" target=\"\" class=\"g-button--arrow g-card__read-more\">\r\n                Termine            <\/a>\r\n\r\n                <\/div>\r\n    \r\n    \r\n    <\/article>\r\n            <\/div>\n\n            \n                <\/section>\n\n\n    <section class=\"cards wp-block animate cards--columns-2 cards--type--default alignwide\">\n        <div class=\"cards__inner\">\n            \n            <div class=\"cards__items\">\n                \n                \n                <article class=\"g-card animate-element has-white-background-color has-background has-link g-card--type--custom\">\r\n        <div class=\"g-card__inner\">\r\n                \r\n\r\n                                        <div class=\"g-card__header\">\r\n                    \r\n\r\n                        <h2 class=\"g-card__heading\">    <a rel=\"noopener\" href=\"https:\/\/idconnect.infinigate.de\/akademie\/?d=standard&#038;p=1&#038;searchTerm=Extreme%20Wireless%20Cloud\" target=\"_blank\">\r\n                Extreme Switching &#8211; Installation and Configuration            <\/a>\r\n<\/h2>\r\n                    \r\n                                            <div class=\"g-card__content\">\r\n                            <p>In diesem dreit\u00e4gigen Training erwerben Sie umfassende Kenntnisse und Fertigkeiten f\u00fcr die pr\u00e4zise Konfiguration, das effiziente Deployment, die effektive Administration und das gezielte Troubleshooting von Extreme Switching.<\/p>\n                        <\/div>\r\n                    \r\n                    \r\n                                    <\/div>\r\n            \r\n            \r\n            \r\n            \r\n\r\n\r\n\r\n            \r\n                <a rel=\"noopener\" href=\"https:\/\/idconnect.infinigate.de\/akademie\/?d=standard&#038;p=1&#038;searchTerm=Extreme%20Wireless%20Cloud\" target=\"_blank\" class=\"g-button--arrow g-card__read-more\">\r\n                Termine            <\/a>\r\n\r\n                <\/div>\r\n    \r\n    \r\n    <\/article>\r\n<article class=\"g-card animate-element has-white-background-color has-background has-link g-card--type--custom\">\r\n        <div class=\"g-card__inner\">\r\n                \r\n\r\n                                        <div class=\"g-card__header\">\r\n                    \r\n\r\n                        <h2 class=\"g-card__heading\">    <a href=\"https:\/\/idconnect.infinigate.de\/akademie\/?d=standard&#038;p=1&#038;searchTerm=Extreme%20Wireless%20Cloud\">\r\n                Extreme Switching &#8211; Management            <\/a>\r\n<\/h2>\r\n                    \r\n                                            <div class=\"g-card__content\">\r\n                            <p>In diesem Training erwerben Sie fundierte Kenntnisse in den EXOS-Grundlagen zur effizienten Verwaltung sowie im Onboarding und der Verwaltung mit ExtremeCloud\u2122 IQ.<\/p>\n                        <\/div>\r\n                    \r\n                    \r\n                                    <\/div>\r\n            \r\n            \r\n            \r\n            \r\n\r\n\r\n\r\n            \r\n                <a  href=\"https:\/\/idconnect.infinigate.de\/akademie\/?d=standard&#038;p=1&#038;searchTerm=Extreme%20Wireless%20Cloud\" target=\"\" class=\"g-button--arrow g-card__read-more\">\r\n                Termine            <\/a>\r\n\r\n                <\/div>\r\n    \r\n    \r\n    <\/article>\r\n            <\/div>\n\n            \n                <\/section>\n\n\n\n<div class=\"wp-block-columns is-layout-flex wp-container-core-columns-is-layout-9d6595d7 wp-block-columns-is-layout-flex\" id=\"Extremezertifizierung\">\n<div class=\"wp-block-column is-layout-flow wp-block-column-is-layout-flow\">\n<figure class=\"wp-block-embed is-type-video is-provider-youtube wp-block-embed-youtube wp-embed-aspect-16-9 wp-has-aspect-ratio\"><div class=\"wp-block-embed__wrapper\">\n<iframe loading=\"lazy\" title=\"Extreme Wireless Cloud \u2013 Installation and Configuration\" width=\"500\" height=\"281\" src=\"https:\/\/www.youtube.com\/embed\/fLMn6DzXXB4?feature=oembed\" frameborder=\"0\" allow=\"accelerometer; autoplay; clipboard-write; encrypted-media; gyroscope; picture-in-picture; web-share\" referrerpolicy=\"strict-origin-when-cross-origin\" allowfullscreen><\/iframe>\n<\/div><figcaption class=\"wp-element-caption\">Extreme Wireless Cloud &#8211; Installation and Configuration<\/figcaption><\/figure>\n<\/div>\n\n\n\n<div class=\"wp-block-column is-layout-flow wp-block-column-is-layout-flow\">\n<figure class=\"wp-block-embed is-type-video is-provider-youtube wp-block-embed-youtube wp-embed-aspect-16-9 wp-has-aspect-ratio\"><div class=\"wp-block-embed__wrapper\">\n<iframe loading=\"lazy\" title=\"Extreme Wireless Cloud \u2013 Troubleshooting\" width=\"500\" height=\"281\" src=\"https:\/\/www.youtube.com\/embed\/FeuCncZZfeU?feature=oembed\" frameborder=\"0\" allow=\"accelerometer; autoplay; clipboard-write; encrypted-media; gyroscope; picture-in-picture; web-share\" referrerpolicy=\"strict-origin-when-cross-origin\" allowfullscreen><\/iframe>\n<\/div><figcaption class=\"wp-element-caption\">Extreme Wireless Cloud &#8211; Troubleshooting<\/figcaption><\/figure>\n<\/div>\n<\/div>\n\n\n\n<div class=\"wp-block-columns is-layout-flex wp-container-core-columns-is-layout-9d6595d7 wp-block-columns-is-layout-flex\">\n<div class=\"wp-block-column is-layout-flow wp-block-column-is-layout-flow\">\n<figure class=\"wp-block-embed is-type-video is-provider-youtube wp-block-embed-youtube wp-embed-aspect-16-9 wp-has-aspect-ratio\"><div class=\"wp-block-embed__wrapper\">\n<iframe loading=\"lazy\" title=\"Extreme Switching \u2013\u00a0Installation and Configuration\" width=\"500\" height=\"281\" src=\"https:\/\/www.youtube.com\/embed\/X3jYOVUsaH4?feature=oembed\" frameborder=\"0\" allow=\"accelerometer; autoplay; clipboard-write; encrypted-media; gyroscope; picture-in-picture; web-share\" referrerpolicy=\"strict-origin-when-cross-origin\" allowfullscreen><\/iframe>\n<\/div><figcaption class=\"wp-element-caption\">Extreme Switching &#8211; Installation and Configuration<\/figcaption><\/figure>\n<\/div>\n\n\n\n<div class=\"wp-block-column is-layout-flow wp-block-column-is-layout-flow\">\n<figure class=\"wp-block-embed is-type-video is-provider-youtube wp-block-embed-youtube wp-embed-aspect-16-9 wp-has-aspect-ratio\"><div class=\"wp-block-embed__wrapper\">\n<iframe loading=\"lazy\" title=\"Extreme Switching \u2013 Management\" width=\"500\" height=\"281\" src=\"https:\/\/www.youtube.com\/embed\/zvp9JjvWns8?feature=oembed\" frameborder=\"0\" allow=\"accelerometer; autoplay; clipboard-write; encrypted-media; gyroscope; picture-in-picture; web-share\" referrerpolicy=\"strict-origin-when-cross-origin\" allowfullscreen><\/iframe>\n<\/div><figcaption class=\"wp-element-caption\">Extreme Switching &#8211; Management<\/figcaption><\/figure>\n<\/div>\n<\/div>\n\n\n\n<h2 class=\"wp-block-heading alignwide is-style-border-left wp-block-heading\">Extreme Networks Zertifizierungsprogramm<\/h2>\n\n\n\n<figure class=\"wp-block-image alignwide size-large wp-duotone-unset-1\"><img decoding=\"async\" src=\"https:\/\/www.infinigate.com\/at\/wp-content\/uploads\/sites\/29\/2024\/07\/Extreme_Professional_Program.jpg\" alt=\"\"\/><\/figure>\n\n\n<section class=\"cta-banner wp-block alignfull\">\r\n    <div class=\"cta-banner__inner\">\r\n        <div class=\"cta-banner__content\">\r\n\r\n            \r\n                            <div class=\"cta-banner__subheading\">\r\n                    <p>Hier finden Sie die aktuellen Anforderungen und eine \u00dcbersicht zu den verschiedenen Zertifizierungslevel.<\/p>\n                <\/div>\r\n                    <\/div>\r\n\r\n                    <div class=\"cta-banner__button\">\r\n                    <a  href=\"https:\/\/www.extremenetworks.com\/support\/training\" target=\"\" class=\"g-button g-button--arrow\">\r\n                weitere Informationen            <\/a>\r\n            <\/div>\r\n            <\/div>\r\n\r\n    \r\n\r\n<\/section>\r\n\n\n\n&nbsp;\n\n\n\n<div class=\"wp-block-columns is-layout-flex wp-container-core-columns-is-layout-9d6595d7 wp-block-columns-is-layout-flex\">\n<div class=\"wp-block-column is-layout-flow wp-block-column-is-layout-flow\">\n<div class=\"wp-block-cover alignwide\" id=\"kontakt\"><span aria-hidden=\"true\" class=\"wp-block-cover__background has-blue-background-color has-background-dim-0 has-background-dim\"><\/span><img loading=\"lazy\" decoding=\"async\" width=\"1920\" height=\"1080\" class=\"wp-block-cover__image-background wp-image-4092\" alt=\"\" src=\"https:\/\/www.infinigate.com\/at\/wp-content\/uploads\/sites\/32\/2024\/03\/Digital_Textures_V2.jpg\" data-object-fit=\"cover\" srcset=\"https:\/\/www.infinigate.com\/at\/wp-content\/uploads\/sites\/29\/2024\/03\/Digital_Textures_V2.jpg 1920w, https:\/\/www.infinigate.com\/at\/wp-content\/uploads\/sites\/29\/2024\/03\/Digital_Textures_V2-300x169.jpg 300w, https:\/\/www.infinigate.com\/at\/wp-content\/uploads\/sites\/29\/2024\/03\/Digital_Textures_V2-1024x576.jpg 1024w, https:\/\/www.infinigate.com\/at\/wp-content\/uploads\/sites\/29\/2024\/03\/Digital_Textures_V2-768x432.jpg 768w, https:\/\/www.infinigate.com\/at\/wp-content\/uploads\/sites\/29\/2024\/03\/Digital_Textures_V2-1536x864.jpg 1536w\" sizes=\"auto, (max-width: 1920px) 100vw, 1920px\" \/><div class=\"wp-block-cover__inner-container is-layout-constrained wp-block-cover-is-layout-constrained\">\n<div class=\"wp-block-columns is-layout-flex wp-container-core-columns-is-layout-9d6595d7 wp-block-columns-is-layout-flex\">\n<div class=\"wp-block-column is-layout-flow wp-block-column-is-layout-flow\" style=\"flex-basis:66.66%\">\n<h3 class=\"wp-block-heading has-text-align-left is-style-border-left has-white-color has-text-color has-link-color wp-elements-d487bc1b4571f39145b11c5a55357182\" id=\"h-kontakt-zum-akademie-team\">Kontakt zum Akademie Team<\/h3>\n\n\n\n<p>Sie haben Fragen? Unsere Akademie ist gerne f\u00fcr Sie da.<\/p>\n<\/div>\n\n\n\n<div class=\"wp-block-column is-vertically-aligned-center is-layout-flow wp-block-column-is-layout-flow\" style=\"flex-basis:33.33%\">\n<p class=\"has-text-align-center has-white-color has-text-color has-link-color wp-elements-0cef73cb21863fbb40aba5e8ab98353d\"><a href=\"mailto:akademie@infinigate.de\">akademie@infinigate.de<\/a><br><a href=\"tel:00498989048401\">+49 89 89048401<\/a><\/p>\n\n\n\n<div class=\"wp-block-buttons is-content-justification-center is-layout-flex wp-container-core-buttons-is-layout-16018d1d wp-block-buttons-is-layout-flex\">\n<div class=\"wp-block-button\"><a class=\"wp-block-button__link wp-element-button\" href=\"mailto:akademie@infinigate.de\" target=\"_blank\" rel=\"noreferrer noopener\">Kontakt aufnehmen<\/a><\/div>\n<\/div>\n<\/div>\n<\/div>\n<\/div><\/div>\n<\/div>\n<\/div>\n","protected":false},"excerpt":{"rendered":"<p>Als autorisierter Trainings Partner von Extreme Networks bieten wir Ihnen die offiziellen Zertifizierungsschulungen aus den Bereichen Switching und Wireless an.&hellip;<\/p>\n","protected":false},"author":36,"featured_media":0,"parent":9664,"menu_order":35,"comment_status":"closed","ping_status":"closed","template":"","meta":{"_acf_changed":false,"footnotes":""},"folder":[390],"class_list":["post-9790","page","type-page","status-publish","hentry"],"acf":[],"distributor_meta":false,"distributor_terms":false,"distributor_media":false,"distributor_original_site_name":"Infinigate | Austria","distributor_original_site_url":"https:\/\/www.infinigate.com\/at","push-errors":false,"_links":{"self":[{"href":"https:\/\/www.infinigate.com\/at\/wp-json\/wp\/v2\/pages\/9790","targetHints":{"allow":["GET"]}}],"collection":[{"href":"https:\/\/www.infinigate.com\/at\/wp-json\/wp\/v2\/pages"}],"about":[{"href":"https:\/\/www.infinigate.com\/at\/wp-json\/wp\/v2\/types\/page"}],"author":[{"embeddable":true,"href":"https:\/\/www.infinigate.com\/at\/wp-json\/wp\/v2\/users\/36"}],"replies":[{"embeddable":true,"href":"https:\/\/www.infinigate.com\/at\/wp-json\/wp\/v2\/comments?post=9790"}],"version-history":[{"count":0,"href":"https:\/\/www.infinigate.com\/at\/wp-json\/wp\/v2\/pages\/9790\/revisions"}],"up":[{"embeddable":true,"href":"https:\/\/www.infinigate.com\/at\/wp-json\/wp\/v2\/pages\/9664"}],"wp:attachment":[{"href":"https:\/\/www.infinigate.com\/at\/wp-json\/wp\/v2\/media?parent=9790"}],"wp:term":[{"taxonomy":"folder","embeddable":true,"href":"https:\/\/www.infinigate.com\/at\/wp-json\/wp\/v2\/folder?post=9790"}],"curies":[{"name":"wp","href":"https:\/\/api.w.org\/{rel}","templated":true}]}}