{"id":9976,"date":"2024-07-04T14:09:23","date_gmt":"2024-07-04T13:09:23","guid":{"rendered":"https:\/\/www.infinigate.com\/at\/?page_id=9976"},"modified":"2025-07-01T01:47:00","modified_gmt":"2025-06-30T23:47:00","slug":"meet-your-experts","status":"publish","type":"page","link":"https:\/\/www.infinigate.com\/at\/akademie\/herstellerneutrale-trainings\/meet-your-experts\/","title":{"rendered":"Meet (y)our Experts"},"content":{"rendered":"\n<figure class=\"wp-block-image alignfull size-full is-style-corner-overlay\"><img loading=\"lazy\" decoding=\"async\" width=\"1920\" height=\"673\" src=\"\/at\/wp-content\/uploads\/sites\/29\/2024\/07\/HerstellerspezifischeTrainings_Header.jpg\" alt=\"Herstellerspezifische Trainngs\" class=\"wp-image-9676\" srcset=\"https:\/\/www.infinigate.com\/at\/wp-content\/uploads\/sites\/29\/2024\/07\/HerstellerspezifischeTrainings_Header.jpg 1920w, https:\/\/www.infinigate.com\/at\/wp-content\/uploads\/sites\/29\/2024\/07\/HerstellerspezifischeTrainings_Header-300x105.jpg 300w, https:\/\/www.infinigate.com\/at\/wp-content\/uploads\/sites\/29\/2024\/07\/HerstellerspezifischeTrainings_Header-1024x359.jpg 1024w, https:\/\/www.infinigate.com\/at\/wp-content\/uploads\/sites\/29\/2024\/07\/HerstellerspezifischeTrainings_Header-768x269.jpg 768w, https:\/\/www.infinigate.com\/at\/wp-content\/uploads\/sites\/29\/2024\/07\/HerstellerspezifischeTrainings_Header-1536x538.jpg 1536w\" sizes=\"auto, (max-width: 1920px) 100vw, 1920px\" \/><\/figure>\n\n\n\n&nbsp;\n\n\n\n<div class=\"wp-block-columns is-layout-flex wp-container-core-columns-is-layout-9d6595d7 wp-block-columns-is-layout-flex\">\n<div class=\"wp-block-column is-layout-flow wp-block-column-is-layout-flow\"><section class=\"media-content wp-block media-content--right media-content--media-type--image has-grey-light-background-color has-background alignfull\">\r\n    <div class=\"media-content__inner\">\r\n        <div class=\"media-content__content\">\r\n                                <h2 class=\"media-content__heading\">Meet (y)our <strong>Experts<\/strong><\/h2>\r\n            \r\n            \r\n            <p>In regelm\u00e4\u00dfigen Abst\u00e4nden tauschen sich unsere technischen Spezialisten mit Ihren Technikern aus. Dabei informieren sie nicht nur \u00fcber Entwicklungen im Portfolio des jeweiligen Herstellers, sondern auch \u00fcber Best Practices f\u00fcr Installationen und Betrieb. Dar\u00fcber hinaus besteht auch die M\u00f6glichkeit, im Rahmen des interaktiven Austausch eigene Fragen und Themen mitzubringen und mit den Spezialisten ausf\u00fchrlich zu diskutieren.<\/p>\n<p>Werden Sie noch heute Mitglied unserer kostenfreien Community f\u00fcr technische Spezialisten unserer Partner!<\/p>\n<p>Alle Informationen und Termine zu Meet (y)our Experts unter folgendem Link:<\/p>\n\r\n                            <div class=\"flex-list\">\r\n                        <a rel=\"noopener\" href=\"https:\/\/idconnect.infinigate.de\/akademie\/?searchTerm=experts\" target=\"_blank\" class=\"g-button\">\r\n                \u00dcbersicht aller Termine            <\/a>\r\n                <\/div>\r\n                    <\/div>\r\n\r\n                    <div class=\"media-content__media\">\r\n                <img loading=\"lazy\" decoding=\"async\" width=\"625\" height=\"625\" src=\"https:\/\/www.infinigate.com\/at\/wp-content\/uploads\/sites\/29\/2024\/07\/MeetyourExpers.jpg\" class=\"attachment-super size-super\" alt=\"Meet your Experts\" sizes=\"auto, (max-width: 768px) 100vw, 50vw\" srcset=\"https:\/\/www.infinigate.com\/at\/wp-content\/uploads\/sites\/29\/2024\/07\/MeetyourExpers.jpg 625w, https:\/\/www.infinigate.com\/at\/wp-content\/uploads\/sites\/29\/2024\/07\/MeetyourExpers-300x300.jpg 300w, https:\/\/www.infinigate.com\/at\/wp-content\/uploads\/sites\/29\/2024\/07\/MeetyourExpers-150x150.jpg 150w\" \/>            <\/div>\r\n            <\/div>\r\n<\/section>\r\n<\/div>\n<\/div>\n\n\n\n&nbsp;\n\n\n\n<div class=\"wp-block-cover alignwide\"><span aria-hidden=\"true\" class=\"wp-block-cover__background has-blue-background-color has-background-dim-0 has-background-dim\"><\/span><img loading=\"lazy\" decoding=\"async\" width=\"1920\" height=\"1080\" class=\"wp-block-cover__image-background wp-image-4092\" alt=\"\" src=\"https:\/\/www.infinigate.com\/at\/wp-content\/uploads\/sites\/32\/2024\/03\/Digital_Textures_V2.jpg\" data-object-fit=\"cover\" srcset=\"https:\/\/www.infinigate.com\/at\/wp-content\/uploads\/sites\/29\/2024\/03\/Digital_Textures_V2.jpg 1920w, https:\/\/www.infinigate.com\/at\/wp-content\/uploads\/sites\/29\/2024\/03\/Digital_Textures_V2-300x169.jpg 300w, https:\/\/www.infinigate.com\/at\/wp-content\/uploads\/sites\/29\/2024\/03\/Digital_Textures_V2-1024x576.jpg 1024w, https:\/\/www.infinigate.com\/at\/wp-content\/uploads\/sites\/29\/2024\/03\/Digital_Textures_V2-768x432.jpg 768w, https:\/\/www.infinigate.com\/at\/wp-content\/uploads\/sites\/29\/2024\/03\/Digital_Textures_V2-1536x864.jpg 1536w\" sizes=\"auto, (max-width: 1920px) 100vw, 1920px\" \/><div class=\"wp-block-cover__inner-container is-layout-constrained wp-block-cover-is-layout-constrained\">\n<div class=\"wp-block-columns is-layout-flex wp-container-core-columns-is-layout-9d6595d7 wp-block-columns-is-layout-flex\" id=\"Kontakt\">\n<div class=\"wp-block-column is-layout-flow wp-block-column-is-layout-flow\" style=\"flex-basis:66.66%\">\n<h3 class=\"wp-block-heading has-text-align-left is-style-border-left has-white-color has-text-color has-link-color wp-elements-d487bc1b4571f39145b11c5a55357182\" id=\"h-kontakt-zum-akademie-team\">Kontakt zum Akademie Team<\/h3>\n\n\n\n<p>Sie haben Fragen? Unsere Akademie ist gerne f\u00fcr Sie da.<\/p>\n<\/div>\n\n\n\n<div class=\"wp-block-column is-vertically-aligned-center is-layout-flow wp-block-column-is-layout-flow\" style=\"flex-basis:33.33%\">\n<p class=\"has-text-align-center has-white-color has-text-color has-link-color wp-elements-c54ec4f8f6ced1f2b01cf0599b964d19\"><a href=\"mailto:akademie@infinigate.de\">akademie@infinigate.de<\/a><br><a href=\"tel:+498989048401\">+49 89 89048401<\/a><\/p>\n\n\n\n<div class=\"wp-block-buttons is-content-justification-center is-layout-flex wp-container-core-buttons-is-layout-16018d1d wp-block-buttons-is-layout-flex\">\n<div class=\"wp-block-button\"><a class=\"wp-block-button__link wp-element-button\" href=\"mailto:akademie@infinigate.de\" target=\"_blank\" rel=\"noreferrer noopener\">Kontakt aufnehmen<\/a><\/div>\n<\/div>\n<\/div>\n<\/div>\n<\/div><\/div>\n","protected":false},"excerpt":{"rendered":"<p>&nbsp; &nbsp;<\/p>\n","protected":false},"author":57,"featured_media":0,"parent":9992,"menu_order":35,"comment_status":"closed","ping_status":"closed","template":"","meta":{"_acf_changed":false,"footnotes":""},"folder":[390],"class_list":["post-9976","page","type-page","status-publish","hentry"],"acf":[],"distributor_meta":false,"distributor_terms":false,"distributor_media":false,"distributor_original_site_name":"Infinigate | Austria","distributor_original_site_url":"https:\/\/www.infinigate.com\/at","push-errors":false,"_links":{"self":[{"href":"https:\/\/www.infinigate.com\/at\/wp-json\/wp\/v2\/pages\/9976","targetHints":{"allow":["GET"]}}],"collection":[{"href":"https:\/\/www.infinigate.com\/at\/wp-json\/wp\/v2\/pages"}],"about":[{"href":"https:\/\/www.infinigate.com\/at\/wp-json\/wp\/v2\/types\/page"}],"author":[{"embeddable":true,"href":"https:\/\/www.infinigate.com\/at\/wp-json\/wp\/v2\/users\/57"}],"replies":[{"embeddable":true,"href":"https:\/\/www.infinigate.com\/at\/wp-json\/wp\/v2\/comments?post=9976"}],"version-history":[{"count":0,"href":"https:\/\/www.infinigate.com\/at\/wp-json\/wp\/v2\/pages\/9976\/revisions"}],"up":[{"embeddable":true,"href":"https:\/\/www.infinigate.com\/at\/wp-json\/wp\/v2\/pages\/9992"}],"wp:attachment":[{"href":"https:\/\/www.infinigate.com\/at\/wp-json\/wp\/v2\/media?parent=9976"}],"wp:term":[{"taxonomy":"folder","embeddable":true,"href":"https:\/\/www.infinigate.com\/at\/wp-json\/wp\/v2\/folder?post=9976"}],"curies":[{"name":"wp","href":"https:\/\/api.w.org\/{rel}","templated":true}]}}