{"id":9992,"date":"2024-07-04T14:38:15","date_gmt":"2024-07-04T13:38:15","guid":{"rendered":"https:\/\/www.infinigate.com\/at\/?page_id=9992"},"modified":"2025-04-02T02:54:30","modified_gmt":"2025-04-02T00:54:30","slug":"herstellerneutrale-trainings","status":"publish","type":"page","link":"https:\/\/www.infinigate.com\/at\/akademie\/herstellerneutrale-trainings\/","title":{"rendered":"Herstellerneutrale Trainings"},"content":{"rendered":"\n<figure class=\"wp-block-image alignfull size-large is-style-corner-overlay\"><img decoding=\"async\" src=\"https:\/\/www.infinigate.com\/at\/wp-content\/uploads\/sites\/29\/2024\/07\/HerstellerspezifischeTrainings_Header.jpg\" alt=\"Herstellerspezifische Trainngs\"\/><\/figure>\n\n\n\n&nbsp;\n\n\n\n<h2 class=\"wp-block-heading is-style-border-left wp-block-heading\">Trainings\u00fcbersicht<\/h2>\n\n\n\n<p class=\"alignwide has-text-align-wide\"><\/p>\n\n\n    <section class=\"cards wp-block animate cards--columns-3 cards--type--default alignwide\">\n        <div class=\"cards__inner\">\n            \n            <div class=\"cards__items\">\n                \n                \n                <article class=\"g-card animate-element has-white-background-color has-background has-link g-card--type--custom\">\r\n        <div class=\"g-card__inner\">\r\n                \r\n\r\n                                        <div class=\"g-card__header\">\r\n                    \r\n\r\n                        <h2 class=\"g-card__heading\">    <a href=\"\/at\/akademie\/herstellerneutrale-trainings\/security-awareness\/\">\r\n                Security Awareness            <\/a>\r\n<\/h2>\r\n                    \r\n                                            <div class=\"g-card__content\">\r\n                            <p>Bei einem Gro\u00dfteil der Cyberangriffe auf Unternehmen sind es die Mitarbeiter, die unwissentlich zum Eintrittspunkt f\u00fcr Bedrohungen werden. Aber mit dem richtigen Konzept k\u00f6nnen diese Mitarbeiter auch zu Ihrer st\u00e4rksten Verteidigungslinie werden.<\/p>\n                        <\/div>\r\n                    \r\n                    \r\n                                    <\/div>\r\n            \r\n            \r\n            \r\n            \r\n\r\n\r\n\r\n            \r\n                <a  href=\"\/at\/akademie\/herstellerneutrale-trainings\/security-awareness\/\" target=\"\" class=\"g-button--arrow g-card__read-more\">\r\n                Weitere Informationen            <\/a>\r\n\r\n                <\/div>\r\n    \r\n    \r\n    <\/article>\r\n<article class=\"g-card animate-element has-white-background-color has-background has-link g-card--type--custom\">\r\n        <div class=\"g-card__inner\">\r\n                \r\n\r\n                                        <div class=\"g-card__header\">\r\n                    \r\n\r\n                        <h2 class=\"g-card__heading\">    <a href=\"\/at\/akademie\/herstellerneutrale-trainings\/grundlagen-trainings\/\">\r\n                Grundlagen Trainings            <\/a>\r\n<\/h2>\r\n                    \r\n                                            <div class=\"g-card__content\">\r\n                            <p>Unser Angebot umfasst Trainings zu Netzwerken, WLAN Basics oder Einf\u00fchrung in die IT-Security.<\/p>\n                        <\/div>\r\n                    \r\n                    \r\n                                    <\/div>\r\n            \r\n            \r\n            \r\n            \r\n\r\n\r\n\r\n            \r\n                <a  href=\"\/at\/akademie\/herstellerneutrale-trainings\/grundlagen-trainings\/\" target=\"\" class=\"g-button--arrow g-card__read-more\">\r\n                Weitere Informationen            <\/a>\r\n\r\n                <\/div>\r\n    \r\n    \r\n    <\/article>\r\n<article class=\"g-card animate-element has-white-background-color has-background has-link g-card--type--custom\">\r\n        <div class=\"g-card__inner\">\r\n                \r\n\r\n                                        <div class=\"g-card__header\">\r\n                    \r\n\r\n                        <h2 class=\"g-card__heading\">    <a href=\"https:\/\/www.infinigate.com\/at\/akademie\/herstellerneutrale-trainings\/meet-your-experts\/\">\r\n                Meet (y)our Experts            <\/a>\r\n<\/h2>\r\n                    \r\n                                            <div class=\"g-card__content\">\r\n                            <p>In regelm\u00e4\u00dfigen Abst\u00e4nden tauschen sich unsere technischen Spezialisten mit Ihren Technikern aus.<\/p>\n                        <\/div>\r\n                    \r\n                    \r\n                                    <\/div>\r\n            \r\n            \r\n            \r\n            \r\n\r\n\r\n\r\n            \r\n                <a  href=\"https:\/\/www.infinigate.com\/at\/akademie\/herstellerneutrale-trainings\/meet-your-experts\/\" target=\"\" class=\"g-button--arrow g-card__read-more\">\r\n                Weitere Informationen            <\/a>\r\n\r\n                <\/div>\r\n    \r\n    \r\n    <\/article>\r\n            <\/div>\n\n            \n                <\/section>\n\n\n\n&nbsp;\n\n\n\n<div class=\"wp-block-cover alignwide\" id=\"kontakt\"><span aria-hidden=\"true\" class=\"wp-block-cover__background has-blue-background-color has-background-dim-0 has-background-dim\"><\/span><img loading=\"lazy\" decoding=\"async\" width=\"1920\" height=\"1080\" class=\"wp-block-cover__image-background wp-image-4092\" alt=\"\" src=\"https:\/\/www.infinigate.com\/at\/wp-content\/uploads\/sites\/32\/2024\/03\/Digital_Textures_V2.jpg\" data-object-fit=\"cover\" srcset=\"https:\/\/www.infinigate.com\/at\/wp-content\/uploads\/sites\/29\/2024\/03\/Digital_Textures_V2.jpg 1920w, https:\/\/www.infinigate.com\/at\/wp-content\/uploads\/sites\/29\/2024\/03\/Digital_Textures_V2-300x169.jpg 300w, https:\/\/www.infinigate.com\/at\/wp-content\/uploads\/sites\/29\/2024\/03\/Digital_Textures_V2-1024x576.jpg 1024w, https:\/\/www.infinigate.com\/at\/wp-content\/uploads\/sites\/29\/2024\/03\/Digital_Textures_V2-768x432.jpg 768w, https:\/\/www.infinigate.com\/at\/wp-content\/uploads\/sites\/29\/2024\/03\/Digital_Textures_V2-1536x864.jpg 1536w\" sizes=\"auto, (max-width: 1920px) 100vw, 1920px\" \/><div class=\"wp-block-cover__inner-container is-layout-constrained wp-block-cover-is-layout-constrained\">\n<div class=\"wp-block-columns is-layout-flex wp-container-core-columns-is-layout-9d6595d7 wp-block-columns-is-layout-flex\">\n<div class=\"wp-block-column is-layout-flow wp-block-column-is-layout-flow\" style=\"flex-basis:66.66%\">\n<h3 class=\"wp-block-heading has-text-align-left is-style-border-left has-white-color has-text-color has-link-color wp-elements-d487bc1b4571f39145b11c5a55357182\" id=\"h-kontakt-zum-akademie-team\">Kontakt zum Akademie Team<\/h3>\n\n\n\n<p>Sie haben Fragen? Unsere Akademie  ist gerne f\u00fcr Sie da.<\/p>\n<\/div>\n\n\n\n<div class=\"wp-block-column is-vertically-aligned-center is-layout-flow wp-block-column-is-layout-flow\" style=\"flex-basis:33.33%\">\n<p class=\"has-text-align-center has-white-color has-text-color has-link-color wp-elements-0cef73cb21863fbb40aba5e8ab98353d\"><a href=\"mailto:akademie@infinigate.de\">akademie@infinigate.de<\/a><br><a href=\"tel:00498989048401\">+49 89 89048401<\/a><\/p>\n\n\n\n<div class=\"wp-block-buttons is-content-justification-center is-layout-flex wp-container-core-buttons-is-layout-16018d1d wp-block-buttons-is-layout-flex\">\n<div class=\"wp-block-button\"><a class=\"wp-block-button__link wp-element-button\" href=\"mailto:akademie@infinigate.de\" target=\"_blank\" rel=\"noreferrer noopener\">Kontakt aufnehmen<\/a><\/div>\n<\/div>\n<\/div>\n<\/div>\n<\/div><\/div>\n","protected":false},"excerpt":{"rendered":"<p>&nbsp; Trainings\u00fcbersicht &nbsp;<\/p>\n","protected":false},"author":57,"featured_media":0,"parent":10901,"menu_order":35,"comment_status":"closed","ping_status":"closed","template":"","meta":{"_acf_changed":false,"footnotes":""},"folder":[390],"class_list":["post-9992","page","type-page","status-publish","hentry"],"acf":[],"distributor_meta":false,"distributor_terms":false,"distributor_media":false,"distributor_original_site_name":"Infinigate | Austria","distributor_original_site_url":"https:\/\/www.infinigate.com\/at","push-errors":false,"_links":{"self":[{"href":"https:\/\/www.infinigate.com\/at\/wp-json\/wp\/v2\/pages\/9992","targetHints":{"allow":["GET"]}}],"collection":[{"href":"https:\/\/www.infinigate.com\/at\/wp-json\/wp\/v2\/pages"}],"about":[{"href":"https:\/\/www.infinigate.com\/at\/wp-json\/wp\/v2\/types\/page"}],"author":[{"embeddable":true,"href":"https:\/\/www.infinigate.com\/at\/wp-json\/wp\/v2\/users\/57"}],"replies":[{"embeddable":true,"href":"https:\/\/www.infinigate.com\/at\/wp-json\/wp\/v2\/comments?post=9992"}],"version-history":[{"count":0,"href":"https:\/\/www.infinigate.com\/at\/wp-json\/wp\/v2\/pages\/9992\/revisions"}],"up":[{"embeddable":true,"href":"https:\/\/www.infinigate.com\/at\/wp-json\/wp\/v2\/pages\/10901"}],"wp:attachment":[{"href":"https:\/\/www.infinigate.com\/at\/wp-json\/wp\/v2\/media?parent=9992"}],"wp:term":[{"taxonomy":"folder","embeddable":true,"href":"https:\/\/www.infinigate.com\/at\/wp-json\/wp\/v2\/folder?post=9992"}],"curies":[{"name":"wp","href":"https:\/\/api.w.org\/{rel}","templated":true}]}}