{"id":10772,"date":"2025-03-14T14:54:36","date_gmt":"2025-03-14T13:54:36","guid":{"rendered":"https:\/\/www.infinigate.com\/ch\/?page_id=10772"},"modified":"2025-10-31T11:04:10","modified_gmt":"2025-10-31T10:04:10","slug":"unified-sase","status":"publish","type":"page","link":"https:\/\/www.infinigate.com\/ch\/unified-sase\/","title":{"rendered":"Unified SASE\u00a0"},"content":{"rendered":"\n<figure class=\"wp-block-image alignfull size-full\"><img loading=\"lazy\" decoding=\"async\" width=\"1800\" height=\"550\" src=\"https:\/\/www.infinigate.com\/ch\/wp-content\/uploads\/sites\/21\/2025\/03\/aruba_SASE_webbanner_1.jpg\" alt=\"\" class=\"wp-image-10773\" srcset=\"https:\/\/www.infinigate.com\/ch\/wp-content\/uploads\/sites\/21\/2025\/03\/aruba_SASE_webbanner_1.jpg 1800w, https:\/\/www.infinigate.com\/ch\/wp-content\/uploads\/sites\/21\/2025\/03\/aruba_SASE_webbanner_1-300x92.jpg 300w, https:\/\/www.infinigate.com\/ch\/wp-content\/uploads\/sites\/21\/2025\/03\/aruba_SASE_webbanner_1-1024x313.jpg 1024w, https:\/\/www.infinigate.com\/ch\/wp-content\/uploads\/sites\/21\/2025\/03\/aruba_SASE_webbanner_1-768x235.jpg 768w, https:\/\/www.infinigate.com\/ch\/wp-content\/uploads\/sites\/21\/2025\/03\/aruba_SASE_webbanner_1-1536x469.jpg 1536w\" sizes=\"auto, (max-width: 1800px) 100vw, 1800px\" \/><\/figure>\n\n\n\n<div class=\"wp-block-columns is-layout-flex wp-container-core-columns-is-layout-9d6595d7 wp-block-columns-is-layout-flex\">\n<div class=\"wp-block-column is-vertically-aligned-center is-layout-flow wp-block-column-is-layout-flow\" style=\"flex-basis:60%\">\n<p>Sicherheitsexperten haben den Secure Access Service Edge (SASE) unter die Lupe genommen. Sie wissen, dass in den Unternehmen von heute eine \u201eneue Normalit\u00e4t\u201c herrscht und Sicherheitspraktiken, die einst effektiv waren, heute nicht mehr effektiv sind. Netzwerke, die fr\u00fcher \u00fcberschaubar waren, sind es nun nicht mehr. L\u00f6sungen, die einmal funktioniert haben, funktionieren heute nicht mehr so gut.&nbsp;<\/p>\n\n\n\n<p>Angesichts dieser unbequemen Situation wird es Zeit f\u00fcr einen neuen Ansatz f\u00fcr sicheren Zugriff, bei dem Sicherheit und Konnektivit\u00e4t im Gleichgewicht sind. SASE kombiniert SD-WAN und Security Services Edge (SSE) und bringt damit Sicherheit und Konnektivit\u00e4t zusammen. So entsteht ein \u00fcberall verf\u00fcgbarer, sicherer Zugriff f\u00fcr alles und jeden \u2013 mit einer einzigen, in der Cloud verwalteten Konsole.&nbsp;<\/p>\n\n\n\n<p>Unified SASE verwirklicht die Versprechen von SASE und noch vieles mehr. Durch die umfangreiche Integration von SSE und SD-WAN werden Netzwerkarchitekturen vereinfacht, ohne die Sicherheit oder Leistung zu beeintr\u00e4chtigen. So k\u00f6nnen Unternehmen ihre Bereitstellungen beschleunigen, ihren Betrieb optimieren und gleichzeitig Risiken f\u00fcr die Cybersicherheit senken&nbsp;<\/p>\n\n\n\n<div class=\"wp-block-buttons is-layout-flex wp-block-buttons-is-layout-flex\">\n<div class=\"wp-block-button\"><a class=\"wp-block-button__link wp-element-button\" href=\"https:\/\/www.infinigate.com\/ch\/wp-content\/uploads\/sites\/21\/2025\/03\/Aruba_Unified_SASE_DE.pdf\" target=\"_blank\" rel=\"noreferrer noopener\">Download<\/a><\/div>\n<\/div>\n<\/div>\n\n\n\n<div class=\"wp-block-column is-layout-flow wp-block-column-is-layout-flow\" style=\"flex-basis:40%\">\n<figure class=\"wp-block-image size-large\"><img loading=\"lazy\" decoding=\"async\" width=\"574\" height=\"1024\" src=\"https:\/\/www.infinigate.com\/ch\/wp-content\/uploads\/sites\/21\/2025\/03\/aruba_SASE_webbanner_2-574x1024.jpg\" alt=\"\" class=\"wp-image-10778\" srcset=\"https:\/\/www.infinigate.com\/ch\/wp-content\/uploads\/sites\/21\/2025\/03\/aruba_SASE_webbanner_2-574x1024.jpg 574w, https:\/\/www.infinigate.com\/ch\/wp-content\/uploads\/sites\/21\/2025\/03\/aruba_SASE_webbanner_2-168x300.jpg 168w, https:\/\/www.infinigate.com\/ch\/wp-content\/uploads\/sites\/21\/2025\/03\/aruba_SASE_webbanner_2-768x1370.jpg 768w, https:\/\/www.infinigate.com\/ch\/wp-content\/uploads\/sites\/21\/2025\/03\/aruba_SASE_webbanner_2-861x1536.jpg 861w, https:\/\/www.infinigate.com\/ch\/wp-content\/uploads\/sites\/21\/2025\/03\/aruba_SASE_webbanner_2.jpg 1121w\" sizes=\"auto, (max-width: 574px) 100vw, 574px\" \/><\/figure>\n<\/div>\n<\/div>\n\n\n\n<h2 class=\"wp-block-heading is-style-border-left wp-block-heading\" id=\"h-die-vorteile-von-integrierter-sicherheit-und-konnektivitat-nbsp\">Die Vorteile von integrierter <strong>Sicherheit und Konnektivit\u00e4t<\/strong>&nbsp;<\/h2>\n\n\n\n<div class=\"wp-block-columns is-layout-flex wp-container-core-columns-is-layout-9d6595d7 wp-block-columns-is-layout-flex\">\n<div class=\"wp-block-column is-layout-flow wp-block-column-is-layout-flow\" style=\"flex-basis:40%\">\n<figure class=\"wp-block-image size-large\"><img loading=\"lazy\" decoding=\"async\" width=\"574\" height=\"1024\" src=\"https:\/\/www.infinigate.com\/ch\/wp-content\/uploads\/sites\/21\/2025\/03\/aruba_SASE_webbanner_3-574x1024.jpg\" alt=\"\" class=\"wp-image-10779\" srcset=\"https:\/\/www.infinigate.com\/ch\/wp-content\/uploads\/sites\/21\/2025\/03\/aruba_SASE_webbanner_3-574x1024.jpg 574w, https:\/\/www.infinigate.com\/ch\/wp-content\/uploads\/sites\/21\/2025\/03\/aruba_SASE_webbanner_3-168x300.jpg 168w, https:\/\/www.infinigate.com\/ch\/wp-content\/uploads\/sites\/21\/2025\/03\/aruba_SASE_webbanner_3-768x1370.jpg 768w, https:\/\/www.infinigate.com\/ch\/wp-content\/uploads\/sites\/21\/2025\/03\/aruba_SASE_webbanner_3-861x1536.jpg 861w, https:\/\/www.infinigate.com\/ch\/wp-content\/uploads\/sites\/21\/2025\/03\/aruba_SASE_webbanner_3.jpg 1121w\" sizes=\"auto, (max-width: 574px) 100vw, 574px\" \/><\/figure>\n<\/div>\n\n\n\n<div class=\"wp-block-column is-vertically-aligned-center is-layout-flow wp-block-column-is-layout-flow\" style=\"flex-basis:60%\">\n<h3 class=\"wp-block-heading wp-block-heading\" id=\"h-hohe-leistung-und-unterbrechungsfreier-zugriff-bei-geringeren-risiken-nbsp\">Hohe Leistung und unterbrechungsfreier Zugriff bei geringeren Risiken&nbsp;<\/h3>\n\n\n\n<p>Die Implementierung von SASE verlangt nach strategischen Entscheidungen.&nbsp;<\/p>\n\n\n\n<p>F\u00fcr den Einstieg k\u00f6nnen Sie entweder alle Elemente gleichzeitig bereitstellen oder auch kleiner anfangen. Beginnen Sie beispielsweise mit der Bereitstellung eines Zero Trust-Netzwerkzugriffs (Zero Trust Network Access, ZTNA), um einen sicheren Zugriff von jedem Ort zu gew\u00e4hrleisten. Damit ersetzen Sie \u00e4ltere und unsichere VPN f\u00fcr den Remote-Zugriff. Eine weitere gute Option f\u00fcr den Einstieg ist die Vernetzung aller Ihrer Standorte mithilfe eines sicheren SD-WAN.&nbsp;<\/p>\n\n\n\n<p>Ganz gleich, f\u00fcr welche Option Sie sich entscheiden, kann eine Integration von Sicherheit und Konnektivit\u00e4t in einer einzigen L\u00f6sung den Betrieb einfacher machen. Mit Unified SASE k\u00f6nnen Unternehmen globale digitale Innovationen auf der Grundlage von sicheren Netzwerken effizient und souver\u00e4n implementieren.&nbsp;<\/p>\n\n\n\n<p>In Kombination mit dieser sicheren Konnektivit\u00e4t unterst\u00fctzt SASE die dringend ben\u00f6tigte Netzwerkleistung. Eine zentrale Plattform liefert Netzwerk- und Sicherheitsteams netzwerkweite Einblicke in Ereignisse, Sicherheitsvorf\u00e4lle und Leistungskennzahlen.&nbsp;<\/p>\n<\/div>\n<\/div>\n\n\n\n<h2 class=\"wp-block-heading is-style-border-left wp-block-heading\" id=\"h-hohe-leistung-und-unterbrechungsfreier-zugriff-bei-geringeren-risiken-nbsp-0\">Hohe Leistung und unterbrechungsfreier Zugriff bei <strong>geringeren Risiken<\/strong>&nbsp;<\/h2>\n\n\n\n<div class=\"wp-block-columns is-layout-flex wp-container-core-columns-is-layout-9d6595d7 wp-block-columns-is-layout-flex\">\n<div class=\"wp-block-column is-vertically-aligned-center is-layout-flow wp-block-column-is-layout-flow\" style=\"flex-basis:60%\">\n<p>Ohne Unified SASE kann es schwierig sein, Sicherheits- und Konnektivit\u00e4tsziele gleichzeitig zu erreichen. Hybride Arbeitsmodelle, zunehmende Digitalisierung und das Wachstum des IoT k\u00f6nnen die Erreichung von Konnektivit\u00e4ts-und Sicherheitszielen zum Drahtseilakt machen. Doch Sie k\u00f6nnen es sich auch einfacher machen.&nbsp;<\/p>\n\n\n\n<p>Oftmals erkennt man die Signale, dass es an der Zeit f\u00fcr Unified SASE ist, damit man hohe Leistung, robuste Sicherheit und einen unterbrechungsfreien Zugriff im Einklang mit den gesch\u00e4ftlichen Anforderungen erzielen kann. Achten Sie auf die folgenden Anzeichen:&nbsp;<\/p>\n\n\n\n<ul class=\"wp-block-list\">\n<li>Es f\u00e4llt Ihnen selbst mit einer vollst\u00e4ndigen Auswahl von Sicherheitstools und -Appliances schwer, sichere Anwendungen in Web, Hybrid Cloud und Software as a Service (SaaS) zu unterst\u00fctzen.&nbsp;<\/li>\n<\/ul>\n\n\n\n<ul class=\"wp-block-list\">\n<li>Um der sich stetig weiterentwickelnden Bedrohungslandschaft einen Schritt voraus zu bleiben, m\u00fcssen Zero Trust-Prinzipien im gesamten Unternehmen eingef\u00fchrt werden.&nbsp;<\/li>\n<\/ul>\n\n\n\n<ul class=\"wp-block-list\">\n<li>Remote-Benutzer sind wegen Leistungsproblemen unzufrieden, und ihre VPN-Verbindungen stellen ein Sicherheitsrisiko dar.&nbsp;<\/li>\n<\/ul>\n\n\n\n<ul class=\"wp-block-list\">\n<li>Das Benutzererlebnis mit Cloud- und Rechenzentrumsanwendungen ist inkonsistent.&nbsp;<\/li>\n<\/ul>\n\n\n\n<ul class=\"wp-block-list\">\n<li>Konnektivit\u00e4t und Sicherheit sind so komplex, dass es schwierig ist, Bereitstellungen zu beschleunigen und Ergebnisse zu erzielen.&nbsp;<\/li>\n<\/ul>\n\n\n\n<ul class=\"wp-block-list\">\n<li>Sicherheits- und Netzwerkteams wenden zu viel Arbeitszeit f\u00fcr Fehlerbehebungen auf.&nbsp;<\/li>\n<\/ul>\n\n\n\n<ul class=\"wp-block-list\">\n<li>Die Anwendungsleistung in der Cloud ist so inkonsistent, dass die Benutzer frustriert sind.&nbsp;<\/li>\n<\/ul>\n\n\n\n<ul class=\"wp-block-list\">\n<li>Ein Mangel an Ressourcen und Know-how verhindert bzw. verlangsamt die SASE-Einf\u00fchrung.<\/li>\n<\/ul>\n<\/div>\n\n\n\n<div class=\"wp-block-column is-layout-flow wp-block-column-is-layout-flow\" style=\"flex-basis:40%\">\n<figure class=\"wp-block-image size-large\"><img loading=\"lazy\" decoding=\"async\" width=\"574\" height=\"1024\" src=\"https:\/\/www.infinigate.com\/ch\/wp-content\/uploads\/sites\/21\/2025\/03\/aruba_SASE_webbanner_4-574x1024.jpg\" alt=\"\" class=\"wp-image-10784\" srcset=\"https:\/\/www.infinigate.com\/ch\/wp-content\/uploads\/sites\/21\/2025\/03\/aruba_SASE_webbanner_4-574x1024.jpg 574w, https:\/\/www.infinigate.com\/ch\/wp-content\/uploads\/sites\/21\/2025\/03\/aruba_SASE_webbanner_4-168x300.jpg 168w, https:\/\/www.infinigate.com\/ch\/wp-content\/uploads\/sites\/21\/2025\/03\/aruba_SASE_webbanner_4-768x1370.jpg 768w, https:\/\/www.infinigate.com\/ch\/wp-content\/uploads\/sites\/21\/2025\/03\/aruba_SASE_webbanner_4-861x1536.jpg 861w, https:\/\/www.infinigate.com\/ch\/wp-content\/uploads\/sites\/21\/2025\/03\/aruba_SASE_webbanner_4.jpg 1121w\" sizes=\"auto, (max-width: 574px) 100vw, 574px\" \/><\/figure>\n<\/div>\n<\/div>\n\n\n\n<h2 class=\"wp-block-heading is-style-border-left wp-block-heading\" id=\"h-mit-unified-sase-zu-kombinierter-konnektivitat-und-sicherheit\">Mit Unified SASE zu kombinierter Konnektivit\u00e4t <strong>und Sicherheit<\/strong><\/h2>\n\n\n\n<div class=\"wp-block-columns is-layout-flex wp-container-core-columns-is-layout-9d6595d7 wp-block-columns-is-layout-flex\">\n<div class=\"wp-block-column is-layout-flow wp-block-column-is-layout-flow\" style=\"flex-basis:40%\">\n<figure class=\"wp-block-image size-large\"><img loading=\"lazy\" decoding=\"async\" width=\"574\" height=\"1024\" src=\"https:\/\/www.infinigate.com\/ch\/wp-content\/uploads\/sites\/21\/2025\/03\/aruba_SASE_webbanner_6-574x1024.jpg\" alt=\"\" class=\"wp-image-10788\" srcset=\"https:\/\/www.infinigate.com\/ch\/wp-content\/uploads\/sites\/21\/2025\/03\/aruba_SASE_webbanner_6-574x1024.jpg 574w, https:\/\/www.infinigate.com\/ch\/wp-content\/uploads\/sites\/21\/2025\/03\/aruba_SASE_webbanner_6-168x300.jpg 168w, https:\/\/www.infinigate.com\/ch\/wp-content\/uploads\/sites\/21\/2025\/03\/aruba_SASE_webbanner_6-768x1370.jpg 768w, https:\/\/www.infinigate.com\/ch\/wp-content\/uploads\/sites\/21\/2025\/03\/aruba_SASE_webbanner_6-861x1536.jpg 861w, https:\/\/www.infinigate.com\/ch\/wp-content\/uploads\/sites\/21\/2025\/03\/aruba_SASE_webbanner_6.jpg 1121w\" sizes=\"auto, (max-width: 574px) 100vw, 574px\" \/><\/figure>\n<\/div>\n\n\n\n<div class=\"wp-block-column is-vertically-aligned-center is-layout-flow wp-block-column-is-layout-flow\" style=\"flex-basis:60%\">\n<p>Wenn Ihr Unternehmen w\u00e4chst und Innovationen einf\u00fchrt, kann Unified SASE Ihnen dabei helfen, \u00fcberall konsistente Konnektivit\u00e4t und Sicherheit bereitzustellen \u2013 und zwar ohne Kompromisse bei der Leistung oder beim Management mehrerer Plattformen, Tools und Steuerungselemente. Halten Sie sich beim Einstieg an die folgende SASE-Checkliste:<\/p>\n\n\n\n<p><strong>Grundlage f\u00fcr Ihre SASE-Reise<\/strong>: K\u00f6nnen Sie mithilfe von Richtlinien und Management \u00fcber dieselbe Konsole SASE vereinheitlichen und Ihr gesamtes Unternehmen vernetzen? Verhindert die L\u00f6sung die Abh\u00e4ngigkeit von einem Anbieter und erm\u00f6glicht es Ihnen, Unified SASE in Ihrem eigenen Tempo einzuf\u00fchren?<\/p>\n\n\n\n<ul class=\"wp-block-list\">\n<li><strong>Schnellere Bereitstellungen<\/strong>: Konsolidiert die SASE-L\u00f6sung Ihren gesamten Bestand vom Edge \u00fcber das Rechenzentrum bis hin zur Cloud?<\/li>\n<\/ul>\n\n\n\n<ul class=\"wp-block-list\">\n<li><strong>Zusammenarbeit zwischen Netzwerk und Sicherheit<\/strong>: K\u00f6nnen Netzwerk- und Sicherheitsteams mithilfe derselben Tools Ihre Ziele erreichen und die Komplexit\u00e4t verringern?<\/li>\n<\/ul>\n\n\n\n<ul class=\"wp-block-list\">\n<li><strong>Hervorragendes Benutzererlebnis<\/strong>: Sind Benutzer vernetzt, gesch\u00fctzt und produktiv?<\/li>\n<\/ul>\n\n\n\n<ul class=\"wp-block-list\">\n<li><strong>Erstklassiges IT-Erlebnis<\/strong>: Stehen der IT intuitive Kontrollen zur Verf\u00fcgung, die ihr bei der Konfiguration, dem Management und dem Betrieb im gro\u00dfen Massstab helfen, um an jedem Ort sichere Netzwerkverbindungen zu erm\u00f6glichen?<\/li>\n<\/ul>\n<\/div>\n<\/div>\n\n\n\n<h2 class=\"wp-block-heading is-style-border-left wp-block-heading\" id=\"h-warum-hpe-aruba-networking-am-edge-nbsp\">Warum HPE Aruba Networking <strong>am Edge?<\/strong>&nbsp;<\/h2>\n\n\n\n<div class=\"wp-block-columns is-layout-flex wp-container-core-columns-is-layout-9d6595d7 wp-block-columns-is-layout-flex\">\n<div class=\"wp-block-column is-vertically-aligned-center is-layout-flow wp-block-column-is-layout-flow\" style=\"flex-basis:60%\">\n<p>Arbeiten Sie auf Ihrem Weg zur digitalen Transformation effizienter, nicht h\u00e4rter. Ein modernes, KI-basiertes Netzwerk, bei dem Sicherheit im Mittelpunkt steht, kann eine solide Grundlage f\u00fcr Ihre Zukunft schaffen. Das moderne Netzwerk kann die Einf\u00fchrung neuer Technologien beschleunigen, das Endbenutzererlebnis verbessern und Cyberrisiken reduzieren.&nbsp;<\/p>\n\n\n\n<p>Ein gemeinsames Netzwerk- und Sicherheitsfundament von HPE Aruba Networking auf der Grundlage von Zero Trust-Prinzipien, das f\u00fcr eine flexible As a Service-Nutzung zur Verf\u00fcgung steht, kann Ihnen dabei helfen, das Benutzererlebnis zu optimieren, eine h\u00f6here Leistung zu erzielen und mit der sich stetig weiterentwickelnden Bedrohungslandschaft Schritt zu halten.<\/p>\n\n\n\n<div class=\"wp-block-buttons is-layout-flex wp-block-buttons-is-layout-flex\">\n<div class=\"wp-block-button\"><a class=\"wp-block-button__link wp-element-button\" href=\"https:\/\/www.infinigate.com\/ch\/wp-content\/uploads\/sites\/21\/2024\/12\/What_is_SASE_-_ENG.pdf\" target=\"_blank\" rel=\"noreferrer noopener\">Mehr Infos<\/a><\/div>\n\n\n\n<div class=\"wp-block-button\"><a class=\"wp-block-button__link wp-element-button\" href=\"mailto:hpe@infinigate.ch\">Beratungstermin<\/a><\/div>\n<\/div>\n<\/div>\n\n\n\n<div class=\"wp-block-column is-layout-flow wp-block-column-is-layout-flow\" style=\"flex-basis:40%\">\n<figure class=\"wp-block-image size-large\"><img loading=\"lazy\" decoding=\"async\" width=\"574\" height=\"1024\" src=\"https:\/\/www.infinigate.com\/ch\/wp-content\/uploads\/sites\/21\/2025\/03\/aruba_SASE_webbanner_7-574x1024.jpg\" alt=\"\" class=\"wp-image-10789\" srcset=\"https:\/\/www.infinigate.com\/ch\/wp-content\/uploads\/sites\/21\/2025\/03\/aruba_SASE_webbanner_7-574x1024.jpg 574w, https:\/\/www.infinigate.com\/ch\/wp-content\/uploads\/sites\/21\/2025\/03\/aruba_SASE_webbanner_7-168x300.jpg 168w, https:\/\/www.infinigate.com\/ch\/wp-content\/uploads\/sites\/21\/2025\/03\/aruba_SASE_webbanner_7-768x1370.jpg 768w, https:\/\/www.infinigate.com\/ch\/wp-content\/uploads\/sites\/21\/2025\/03\/aruba_SASE_webbanner_7-861x1536.jpg 861w, https:\/\/www.infinigate.com\/ch\/wp-content\/uploads\/sites\/21\/2025\/03\/aruba_SASE_webbanner_7.jpg 1121w\" sizes=\"auto, (max-width: 574px) 100vw, 574px\" \/><\/figure>\n<\/div>\n<\/div>\n\n\n\n<div class=\"wp-block-cover alignwide has-parallax is-repeated\" id=\"kontaktieren\"><div class=\"wp-block-cover__image-background wp-image-1065 has-parallax is-repeated\" style=\"background-position:50% 50%;background-image:url(https:\/\/infinigatecdev.wpengine.com\/wp-content\/uploads\/2023\/02\/background-texture-2.jpg)\"><\/div><span aria-hidden=\"true\" class=\"wp-block-cover__background has-blue-background-color has-background-dim-0 has-background-dim\"><\/span><div class=\"wp-block-cover__inner-container is-layout-constrained wp-block-cover-is-layout-constrained\">\n<div class=\"wp-block-columns is-layout-flex wp-container-core-columns-is-layout-9d6595d7 wp-block-columns-is-layout-flex\">\n<div class=\"wp-block-column is-layout-flow wp-block-column-is-layout-flow\" style=\"flex-basis:66.66%\">\n<h3 class=\"wp-block-heading has-text-align-left has-white-color has-text-color has-link-color wp-elements-0279af94ff6f1539edb098ca82ac0b30\" id=\"h-kontakt-zum-hpe-aruba-team\">Kontakt zum HPE Aruba-Team<\/h3>\n\n\n\n<p>Unser HPE Aruba-Team unterst\u00fctzt Sie gerne bei Ihren Anfragen zu SASE. <\/p>\n<\/div>\n\n\n\n<div class=\"wp-block-column is-vertically-aligned-center is-layout-flow wp-block-column-is-layout-flow\" style=\"flex-basis:33.33%\">\n<p class=\"has-text-align-center has-white-color has-text-color has-link-color wp-elements-bc0be8a3e6b3d103d93cfc4ce2332883\">E-Mail: <a href=\"mailto:hpe@infinigate.ch\"><a href=\"mailto:hpe@infinigate.ch\" target=\"_blank\" rel=\"noreferrer noopener\">hpe@infinigate.ch<\/a><\/a><br>Tel: <a href=\"tel:0041417990104\">+41 41 799 01 04<\/a><\/p>\n\n\n\n<div class=\"wp-block-buttons is-content-justification-center is-layout-flex wp-container-core-buttons-is-layout-16018d1d wp-block-buttons-is-layout-flex\">\n<div class=\"wp-block-button\"><a class=\"wp-block-button__link wp-element-button\" href=\"mailto:hpe@infinigate.ch\">Jetzt kontaktieren<\/a><\/div>\n<\/div>\n<\/div>\n<\/div>\n<\/div><\/div>\n\n\n\n<div class=\"wp-block-columns is-layout-flex wp-container-core-columns-is-layout-9d6595d7 wp-block-columns-is-layout-flex\">\n<div class=\"wp-block-column is-layout-flow wp-block-column-is-layout-flow\">\n<h2 class=\"wp-block-heading is-style-border-left wp-block-heading\" id=\"h-ihre-personlichen-ansprechpartner\">Ihre pers\u00f6nlichen Ansprechpartner<\/h2>\n\n\n\n<p>Gerne sind wir rund um das&nbsp; Portfolio von HPE Aruba f\u00fcr Sie da. Wir freuen uns auf Ihre Kontaktaufnahme.<\/p>\n<\/div>\n<\/div>\n\n\n\n<div class=\"wp-block-columns is-layout-flex wp-container-core-columns-is-layout-9d6595d7 wp-block-columns-is-layout-flex\">\n<div class=\"wp-block-column is-content-justification-left is-layout-constrained wp-container-core-column-is-layout-8c890d92 wp-block-column-is-layout-constrained\">    <article class=\"team-member\">\r\n        <div class=\"team-member__inner\">\r\n            <div class=\"team-member__header\">\r\n                <h2 class=\"team-member__heading\">Roman Heimgartner<\/h2>\r\n                <div class=\"team-member__content\">\r\n                    <div class=\"team-member__job-title\">Inside Sales<\/div>\r\n                                        <div class=\"team-member__email-address\"><a href=\"mailto:&#104;&#112;&#101;&#064;inf&#105;&#110;&#105;ga&#116;e&#046;&#099;&#104;\">hpe@infinigate.ch<\/a><\/div>\r\n                                                            <div class=\"team-member__phone-number\"><a href=\"tel:+41 41 799 01 04\">+41 41 799 01 04<\/a><\/div>\r\n                                    <\/div>\r\n            <\/div>\r\n       <\/div>\r\n       <div class=\"team-member__image\">\r\n            <div class=\"team-member__image-inner\">\r\n                                    <img loading=\"lazy\" decoding=\"async\" width=\"768\" height=\"960\" src=\"https:\/\/www.infinigate.com\/ch\/wp-content\/uploads\/sites\/21\/2023\/04\/Roman-Heimgartner-768x960.jpg\" class=\"attachment-medium_large size-medium_large\" alt=\"\" srcset=\"https:\/\/www.infinigate.com\/ch\/wp-content\/uploads\/sites\/21\/2023\/04\/Roman-Heimgartner-768x960.jpg 768w, https:\/\/www.infinigate.com\/ch\/wp-content\/uploads\/sites\/21\/2023\/04\/Roman-Heimgartner-240x300.jpg 240w, https:\/\/www.infinigate.com\/ch\/wp-content\/uploads\/sites\/21\/2023\/04\/Roman-Heimgartner-819x1024.jpg 819w, https:\/\/www.infinigate.com\/ch\/wp-content\/uploads\/sites\/21\/2023\/04\/Roman-Heimgartner.jpg 1000w\" sizes=\"auto, (max-width: 768px) 100vw, 768px\" \/>                            <\/div>\r\n        <\/div>\r\n    <\/article>\r\n<\/div>\n\n\n\n<div class=\"wp-block-column is-layout-flow wp-block-column-is-layout-flow\"><\/div>\n\n\n\n<div class=\"wp-block-column is-layout-flow wp-block-column-is-layout-flow\"><\/div>\n\n\n\n<div class=\"wp-block-column is-layout-flow wp-block-column-is-layout-flow\"><\/div>\n<\/div>\n","protected":false},"excerpt":{"rendered":"<p>Sicherheitsexperten haben den Secure Access Service Edge (SASE) unter die Lupe genommen. Sie wissen, dass in den Unternehmen von heute&hellip;<\/p>\n","protected":false},"author":43,"featured_media":10774,"parent":0,"menu_order":0,"comment_status":"closed","ping_status":"closed","template":"","meta":{"_acf_changed":false,"footnotes":""},"folder":[1085],"class_list":["post-10772","page","type-page","status-publish","has-post-thumbnail","hentry"],"acf":[],"lang":"de","translations":{"de":10772},"distributor_meta":false,"distributor_terms":false,"distributor_media":false,"distributor_original_site_name":"Infinigate | Switzerland","distributor_original_site_url":"https:\/\/www.infinigate.com\/ch","push-errors":false,"pll_sync_post":[],"_links":{"self":[{"href":"https:\/\/www.infinigate.com\/ch\/wp-json\/wp\/v2\/pages\/10772","targetHints":{"allow":["GET"]}}],"collection":[{"href":"https:\/\/www.infinigate.com\/ch\/wp-json\/wp\/v2\/pages"}],"about":[{"href":"https:\/\/www.infinigate.com\/ch\/wp-json\/wp\/v2\/types\/page"}],"author":[{"embeddable":true,"href":"https:\/\/www.infinigate.com\/ch\/wp-json\/wp\/v2\/users\/43"}],"replies":[{"embeddable":true,"href":"https:\/\/www.infinigate.com\/ch\/wp-json\/wp\/v2\/comments?post=10772"}],"version-history":[{"count":0,"href":"https:\/\/www.infinigate.com\/ch\/wp-json\/wp\/v2\/pages\/10772\/revisions"}],"wp:featuredmedia":[{"embeddable":true,"href":"https:\/\/www.infinigate.com\/ch\/wp-json\/wp\/v2\/media\/10774"}],"wp:attachment":[{"href":"https:\/\/www.infinigate.com\/ch\/wp-json\/wp\/v2\/media?parent=10772"}],"wp:term":[{"taxonomy":"folder","embeddable":true,"href":"https:\/\/www.infinigate.com\/ch\/wp-json\/wp\/v2\/folder?post=10772"}],"curies":[{"name":"wp","href":"https:\/\/api.w.org\/{rel}","templated":true}]}}