{"id":11401,"date":"2025-04-25T08:37:40","date_gmt":"2025-04-25T06:37:40","guid":{"rendered":"https:\/\/www.infinigate.com\/ch\/?page_id=11401"},"modified":"2026-04-26T16:36:51","modified_gmt":"2026-04-26T14:36:51","slug":"thales-data-security","status":"publish","type":"page","link":"https:\/\/www.infinigate.com\/ch\/thales-data-security\/","title":{"rendered":"Thales Data Security"},"content":{"rendered":"\n<figure class=\"wp-block-image alignfull size-large\"><img loading=\"lazy\" decoding=\"async\" width=\"1024\" height=\"313\" src=\"https:\/\/www.infinigate.com\/ch\/wp-content\/uploads\/sites\/21\/2025\/04\/Thales_videos_webbanner-1024x313.jpg\" alt=\"\" class=\"wp-image-11490\" srcset=\"https:\/\/www.infinigate.com\/ch\/wp-content\/uploads\/sites\/21\/2025\/04\/Thales_videos_webbanner-1024x313.jpg 1024w, https:\/\/www.infinigate.com\/ch\/wp-content\/uploads\/sites\/21\/2025\/04\/Thales_videos_webbanner-300x92.jpg 300w, https:\/\/www.infinigate.com\/ch\/wp-content\/uploads\/sites\/21\/2025\/04\/Thales_videos_webbanner-768x235.jpg 768w, https:\/\/www.infinigate.com\/ch\/wp-content\/uploads\/sites\/21\/2025\/04\/Thales_videos_webbanner-1536x469.jpg 1536w, https:\/\/www.infinigate.com\/ch\/wp-content\/uploads\/sites\/21\/2025\/04\/Thales_videos_webbanner.jpg 1800w\" sizes=\"auto, (max-width: 1024px) 100vw, 1024px\" \/><\/figure>\n\n\n\n<h2 class=\"wp-block-heading is-style-border-left wp-block-heading\" id=\"h-sicherheit-neu-gedacht-thales-schutzt-anwendungen-daten-und-identitaten\">Sicherheit neu gedacht: <strong>Thales sch\u00fctzt<\/strong> Anwendungen, Daten und Identit\u00e4ten<\/h2>\n\n\n\n<p>In einer vernetzten Welt sind diese drei Bereiche das Herzst\u00fcck jeder digitalen Infrastruktur \u2013 und zugleich die Hauptangriffsziele von Cyberkriminellen.<\/p>\n\n\n\n<p>Thales bietet Ihnen ganzheitliche Sicherheitsl\u00f6sungen, die genau hier ansetzen:<br>Sie sch\u00fctzen Ihre Webanwendungen vor Angriffen, sichern sensible Daten \u00fcber alle Umgebungen hinweg und sorgen f\u00fcr vertrauensw\u00fcrdige digitale Identit\u00e4ten mit intelligentem Zugriff.<\/p>\n\n\n\n<div class=\"wp-block-columns is-layout-flex wp-container-core-columns-is-layout-9d6595d7 wp-block-columns-is-layout-flex\" id=\"Lehrraum\">\n<div class=\"wp-block-column is-layout-flow wp-block-column-is-layout-flow\"><\/div>\n<\/div>\n\n\n\n<div class=\"wp-block-group alignfull has-grey-background-color has-background is-layout-constrained wp-block-group-is-layout-constrained\" id=\"waap\">\n<div class=\"wp-block-columns are-vertically-aligned-center is-layout-flex wp-container-core-columns-is-layout-9d6595d7 wp-block-columns-is-layout-flex\">\n<div class=\"wp-block-column is-vertically-aligned-center is-layout-flow wp-block-column-is-layout-flow\" style=\"flex-basis:33.33%\">\n<h2 class=\"wp-block-heading wp-block-heading\" id=\"h-sicherheit-beginnt-in-der-anwendung\"><br>Sicherheit beginnt in der Anwendung<\/h2>\n\n\n\n<p>Sch\u00fctzen Sie Webanwendungen, APIs und Ihre digitale Oberfl\u00e4che vor den h\u00e4ufigsten Angriffsvektoren wie DDoS, Bots, Injection- und Client-Side-Angriffen.<\/p>\n\n\n\n<p>Mit Thales erhalten Sie eine zentrale Plattform mit Web Application Firewall, Bot-Management und API-Schutz, die alle Bedrohungen intelligent erkennt und blockiert \u2013 ganz ohne Performance-Verlust.<\/p>\n\n\n\n<p><strong>Vorteile:<\/strong><\/p>\n\n\n\n<ul class=\"wp-block-list\">\n<li>DDoS- und Bot-Abwehr mit minimaler Latenz<\/li>\n\n\n\n<li>Virtuelles Patching &amp; OWASP-Top-10-Abdeckung<\/li>\n\n\n\n<li>Sicherheits-Analyse und Angriffserkennung in Echtzeit<\/li>\n<\/ul>\n<\/div>\n\n\n\n<div class=\"wp-block-column is-vertically-aligned-center is-layout-flow wp-block-column-is-layout-flow\" style=\"flex-basis:66.66%\">\n<figure class=\"wp-block-embed is-type-video is-provider-youtube wp-block-embed-youtube wp-embed-aspect-16-9 wp-has-aspect-ratio\"><div class=\"wp-block-embed__wrapper\">\n<iframe loading=\"lazy\" title=\"Web-Application &amp; API Protection \u2013 WAAP\" width=\"500\" height=\"281\" src=\"https:\/\/www.youtube.com\/embed\/hS8euKYB8A8?feature=oembed\" frameborder=\"0\" allow=\"accelerometer; autoplay; clipboard-write; encrypted-media; gyroscope; picture-in-picture; web-share\" referrerpolicy=\"strict-origin-when-cross-origin\" allowfullscreen><\/iframe>\n<\/div><\/figure>\n<\/div>\n<\/div>\n<\/div>\n\n\n\n<div class=\"wp-block-group alignfull has-blue-background-color has-background is-layout-constrained wp-block-group-is-layout-constrained\" id=\"data\">\n<div class=\"wp-block-columns are-vertically-aligned-center is-layout-flex wp-container-core-columns-is-layout-9d6595d7 wp-block-columns-is-layout-flex\">\n<div class=\"wp-block-column is-vertically-aligned-center is-layout-flow wp-block-column-is-layout-flow\" style=\"flex-basis:66.66%\">\n<figure class=\"wp-block-embed is-type-video is-provider-youtube wp-block-embed-youtube wp-embed-aspect-16-9 wp-has-aspect-ratio\"><div class=\"wp-block-embed__wrapper\">\n<iframe loading=\"lazy\" title=\"Data Security\" width=\"500\" height=\"281\" src=\"https:\/\/www.youtube.com\/embed\/hQSI5iTzapc?feature=oembed\" frameborder=\"0\" allow=\"accelerometer; autoplay; clipboard-write; encrypted-media; gyroscope; picture-in-picture; web-share\" referrerpolicy=\"strict-origin-when-cross-origin\" allowfullscreen><\/iframe>\n<\/div><\/figure>\n<\/div>\n\n\n\n<div class=\"wp-block-column is-vertically-aligned-center is-layout-flow wp-block-column-is-layout-flow\" style=\"flex-basis:33.33%\">\n<h2 class=\"wp-block-heading wp-block-heading\" id=\"h-sensible-daten-erkennen-schutzen-und-kontrollieren\"><br>Sensible Daten erkennen, sch\u00fctzen und kontrollieren<\/h2>\n\n\n\n<p>Die&nbsp;<strong>CipherTrust Data Security Platform<\/strong>&nbsp;bietet vollst\u00e4ndige Transparenz \u00fcber Ihre Datenlandschaft.<\/p>\n\n\n\n<p>Mit Discovery, Klassifizierung, Verschl\u00fcsselung, Tokenisierung und zentralem Key-Management sichern Sie sowohl strukturierte als auch unstrukturierte Daten \u2013 on-prem, in der Cloud oder hybrid.<\/p>\n\n\n\n<p><strong>Vorteile:<\/strong><\/p>\n\n\n\n<ul class=\"wp-block-list\">\n<li>Schnelle Identifikation sensibler Daten mit Risikoanalyse<\/li>\n\n\n\n<li>Verschl\u00fcsselung, Maskierung und Zugriffskontrollen \u00fcber alle Umgebungen<\/li>\n\n\n\n<li>Zentrales Management f\u00fcr Keys, Secrets und Compliance<\/li>\n<\/ul>\n<\/div>\n<\/div>\n<\/div>\n\n\n\n<div class=\"wp-block-group alignfull has-grey-background-color has-background is-layout-constrained wp-block-group-is-layout-constrained\" id=\"pass\">\n<div class=\"wp-block-columns are-vertically-aligned-center is-layout-flex wp-container-core-columns-is-layout-9d6595d7 wp-block-columns-is-layout-flex\">\n<div class=\"wp-block-column is-vertically-aligned-center is-layout-flow wp-block-column-is-layout-flow\" style=\"flex-basis:33.33%\">\n<h2 class=\"wp-block-heading wp-block-heading\" id=\"h-identitaten-intelligent-verwalten\">Identit\u00e4ten intelligent verwalten<\/h2>\n\n\n\n<p>Starke Identit\u00e4tsl\u00f6sungen erm\u00f6glichen eine sichere digitale Interaktion zwischen Nutzern, Systemen und Daten.<\/p>\n\n\n\n<p>Mit Thales sch\u00fctzen Sie digitale Identit\u00e4ten mit modernen MFA-Methoden, rollenbasierten Zugriffen und nahtloser Integration in Ihre bestehenden Systeme.<\/p>\n\n\n\n<p><strong>Vorteile:<\/strong><\/p>\n\n\n\n<ul class=\"wp-block-list\">\n<li>Kunden- und Partner-Identit\u00e4ten absichern<\/li>\n\n\n\n<li>Feingranulare Zugriffskontrolle f\u00fcr Benutzer und Administratoren<\/li>\n\n\n\n<li>Skalierbare Multi-Faktor-Authentifizierun<\/li>\n<\/ul>\n<\/div>\n\n\n\n<div class=\"wp-block-column is-vertically-aligned-center is-layout-flow wp-block-column-is-layout-flow\" style=\"flex-basis:66.66%\">\n<figure class=\"wp-block-embed is-type-video is-provider-youtube wp-block-embed-youtube wp-embed-aspect-16-9 wp-has-aspect-ratio\"><div class=\"wp-block-embed__wrapper\">\n<iframe loading=\"lazy\" title=\"Passwo\u0308rter sind Geschichte\" width=\"500\" height=\"281\" src=\"https:\/\/www.youtube.com\/embed\/OUNEh7rlbqo?feature=oembed\" frameborder=\"0\" allow=\"accelerometer; autoplay; clipboard-write; encrypted-media; gyroscope; picture-in-picture; web-share\" referrerpolicy=\"strict-origin-when-cross-origin\" allowfullscreen><\/iframe>\n<\/div><\/figure>\n<\/div>\n<\/div>\n<\/div>\n\n\n\n<div class=\"wp-block-cover alignwide\" id=\"kontaktieren\"><img loading=\"lazy\" decoding=\"async\" width=\"1024\" height=\"319\" class=\"wp-block-cover__image-background wp-image-20882 size-large\" alt=\"\" src=\"https:\/\/www.infinigate.com\/ch\/wp-content\/uploads\/sites\/21\/2026\/04\/SASE_s4-1024x319.jpg\" data-object-fit=\"cover\" srcset=\"https:\/\/www.infinigate.com\/ch\/wp-content\/uploads\/sites\/21\/2026\/04\/SASE_s4-1024x319.jpg 1024w, https:\/\/www.infinigate.com\/ch\/wp-content\/uploads\/sites\/21\/2026\/04\/SASE_s4-300x94.jpg 300w, https:\/\/www.infinigate.com\/ch\/wp-content\/uploads\/sites\/21\/2026\/04\/SASE_s4-768x240.jpg 768w, https:\/\/www.infinigate.com\/ch\/wp-content\/uploads\/sites\/21\/2026\/04\/SASE_s4-1536x479.jpg 1536w, https:\/\/www.infinigate.com\/ch\/wp-content\/uploads\/sites\/21\/2026\/04\/SASE_s4.jpg 1920w\" sizes=\"auto, (max-width: 1024px) 100vw, 1024px\" \/><span aria-hidden=\"true\" class=\"wp-block-cover__background has-blue-background-color has-background-dim-80 has-background-dim\"><\/span><div class=\"wp-block-cover__inner-container is-layout-constrained wp-block-cover-is-layout-constrained\">\n<div class=\"wp-block-columns is-layout-flex wp-container-core-columns-is-layout-9d6595d7 wp-block-columns-is-layout-flex\">\n<div class=\"wp-block-column is-layout-flow wp-block-column-is-layout-flow\" style=\"flex-basis:66.66%\">\n<h3 class=\"wp-block-heading has-text-align-left has-white-color has-text-color has-link-color wp-elements-4f2718cf8edec26428dc2782b35a7bf3\" id=\"h-kontakt-zum-thales-team\">Kontakt zum Thales-Team<\/h3>\n\n\n\n<p>Unser Thales-Team unterst\u00fctzt dich gerne bei vertrieblichen Anfragen, bei Pre-Sales-Themen oder bei geplanten Marketingaktivit\u00e4ten.<\/p>\n<\/div>\n\n\n\n<div class=\"wp-block-column is-vertically-aligned-center is-layout-flow wp-block-column-is-layout-flow\" style=\"flex-basis:33.33%\">\n<p class=\"has-text-align-center has-white-color has-text-color has-link-color wp-elements-df6c67af6460f8b6d80dbc81a8283b07\">Email: <a href=\"mailto:thales@infinigate.ch\">thales@infinigate.ch<\/a><br>Tel: <a href=\"tel:+41417990104\">+41 41 799 01 04<\/a><\/p>\n\n\n\n<div class=\"wp-block-buttons is-content-justification-center is-layout-flex wp-container-core-buttons-is-layout-16018d1d wp-block-buttons-is-layout-flex\">\n<div class=\"wp-block-button\"><a class=\"wp-block-button__link wp-element-button\" href=\"mailto:thales@infinigate.ch\">Jetzt kontaktieren<\/a><\/div>\n<\/div>\n<\/div>\n<\/div>\n<\/div><\/div>\n\n\n\n<div class=\"wp-block-group alignfull is-layout-constrained wp-block-group-is-layout-constrained\">\n<h2 class=\"wp-block-heading is-style-border-left wp-block-heading\" id=\"h-deine-personlichen-ansprechpartner\">Deine pers\u00f6nlichen <strong>Ansprechpartner<\/strong><\/h2>\n\n\n\n<p>Gerne sind wir rund um das <strong>Thales-Portfolio<\/strong> f\u00fcr dich da. <br>Wir freuen uns auf deine Kontaktaufnahme.<\/p>\n\n\n\n<div class=\"wp-block-columns is-layout-flex wp-container-core-columns-is-layout-9d6595d7 wp-block-columns-is-layout-flex\">\n<div class=\"wp-block-column is-content-justification-left is-layout-constrained wp-container-core-column-is-layout-8c890d92 wp-block-column-is-layout-constrained\">    <article class=\"team-member\">\r\n        <div class=\"team-member__inner\">\r\n            <div class=\"team-member__header\">\r\n                <h2 class=\"team-member__heading\">Ren\u00e9 Schmidig<\/h2>\r\n                <div class=\"team-member__content\">\r\n                    <div class=\"team-member__job-title\">Inside Sales<\/div>\r\n                                        <div class=\"team-member__email-address\"><a href=\"mailto:t&#104;a&#108;&#101;&#115;&#064;&#105;&#110;f&#105;ni&#103;&#097;te.&#099;&#104;\">thales@infinigate.ch<\/a><\/div>\r\n                                                            <div class=\"team-member__phone-number\"><a href=\"tel:+41 41 799 01 04\">+41 41 799 01 04<\/a><\/div>\r\n                                    <\/div>\r\n            <\/div>\r\n       <\/div>\r\n       <div class=\"team-member__image\">\r\n            <div class=\"team-member__image-inner\">\r\n                                    <img loading=\"lazy\" decoding=\"async\" width=\"768\" height=\"960\" src=\"https:\/\/www.infinigate.com\/ch\/wp-content\/uploads\/sites\/21\/2023\/04\/Rene-Schmidig_3-768x960.jpg\" class=\"attachment-medium_large size-medium_large\" alt=\"\" srcset=\"https:\/\/www.infinigate.com\/ch\/wp-content\/uploads\/sites\/21\/2023\/04\/Rene-Schmidig_3-768x960.jpg 768w, https:\/\/www.infinigate.com\/ch\/wp-content\/uploads\/sites\/21\/2023\/04\/Rene-Schmidig_3-240x300.jpg 240w, https:\/\/www.infinigate.com\/ch\/wp-content\/uploads\/sites\/21\/2023\/04\/Rene-Schmidig_3-819x1024.jpg 819w, https:\/\/www.infinigate.com\/ch\/wp-content\/uploads\/sites\/21\/2023\/04\/Rene-Schmidig_3.jpg 1000w\" sizes=\"auto, (max-width: 768px) 100vw, 768px\" \/>                            <\/div>\r\n        <\/div>\r\n    <\/article>\r\n<\/div>\n\n\n\n<div class=\"wp-block-column is-content-justification-left is-layout-constrained wp-container-core-column-is-layout-8c890d92 wp-block-column-is-layout-constrained\">    <article class=\"team-member\">\r\n        <div class=\"team-member__inner\">\r\n            <div class=\"team-member__header\">\r\n                <h2 class=\"team-member__heading\">Sonia Palomino<\/h2>\r\n                <div class=\"team-member__content\">\r\n                    <div class=\"team-member__job-title\">Inside Sales<\/div>\r\n                                        <div class=\"team-member__email-address\"><a href=\"mailto:&#116;&#104;a&#108;&#101;&#115;&#064;&#105;n&#102;i&#110;i&#103;&#097;&#116;e.ch\">thales@infinigate.ch<\/a><\/div>\r\n                                                            <div class=\"team-member__phone-number\"><a href=\"tel:+41 41 799 01 04\">+41 41 799 01 04<\/a><\/div>\r\n                                    <\/div>\r\n            <\/div>\r\n       <\/div>\r\n       <div class=\"team-member__image\">\r\n            <div class=\"team-member__image-inner\">\r\n                                    <img loading=\"lazy\" decoding=\"async\" width=\"768\" height=\"961\" src=\"https:\/\/www.infinigate.com\/ch\/wp-content\/uploads\/sites\/21\/2024\/04\/Sonia-Palomino_1-768x961.jpg\" class=\"attachment-medium_large size-medium_large\" alt=\"\" srcset=\"https:\/\/www.infinigate.com\/ch\/wp-content\/uploads\/sites\/21\/2024\/04\/Sonia-Palomino_1-768x961.jpg 768w, https:\/\/www.infinigate.com\/ch\/wp-content\/uploads\/sites\/21\/2024\/04\/Sonia-Palomino_1-240x300.jpg 240w, https:\/\/www.infinigate.com\/ch\/wp-content\/uploads\/sites\/21\/2024\/04\/Sonia-Palomino_1-819x1024.jpg 819w, https:\/\/www.infinigate.com\/ch\/wp-content\/uploads\/sites\/21\/2024\/04\/Sonia-Palomino_1-1228x1536.jpg 1228w, https:\/\/www.infinigate.com\/ch\/wp-content\/uploads\/sites\/21\/2024\/04\/Sonia-Palomino_1.jpg 1599w\" sizes=\"auto, (max-width: 768px) 100vw, 768px\" \/>                            <\/div>\r\n        <\/div>\r\n    <\/article>\r\n<\/div>\n\n\n\n<div class=\"wp-block-column is-content-justification-left is-layout-constrained wp-container-core-column-is-layout-8c890d92 wp-block-column-is-layout-constrained\">    <article class=\"team-member\">\r\n        <div class=\"team-member__inner\">\r\n            <div class=\"team-member__header\">\r\n                <h2 class=\"team-member__heading\">Mirjana Nikolic<\/h2>\r\n                <div class=\"team-member__content\">\r\n                    <div class=\"team-member__job-title\">Inside Sales<\/div>\r\n                                        <div class=\"team-member__email-address\"><a href=\"mailto:t&#104;&#097;&#108;&#101;s&#064;&#105;nf&#105;&#110;&#105;g&#097;&#116;&#101;.ch\">thales@infinigate.ch<\/a><\/div>\r\n                                                            <div class=\"team-member__phone-number\"><a href=\"tel:+41 41 799 01 04\">+41 41 799 01 04<\/a><\/div>\r\n                                    <\/div>\r\n            <\/div>\r\n       <\/div>\r\n       <div class=\"team-member__image\">\r\n            <div class=\"team-member__image-inner\">\r\n                                    <img loading=\"lazy\" decoding=\"async\" width=\"768\" height=\"960\" src=\"https:\/\/www.infinigate.com\/ch\/wp-content\/uploads\/sites\/21\/2023\/04\/Mirjana-Nikolic-768x960.jpg\" class=\"attachment-medium_large size-medium_large\" alt=\"\" srcset=\"https:\/\/www.infinigate.com\/ch\/wp-content\/uploads\/sites\/21\/2023\/04\/Mirjana-Nikolic-768x960.jpg 768w, https:\/\/www.infinigate.com\/ch\/wp-content\/uploads\/sites\/21\/2023\/04\/Mirjana-Nikolic-240x300.jpg 240w, https:\/\/www.infinigate.com\/ch\/wp-content\/uploads\/sites\/21\/2023\/04\/Mirjana-Nikolic-819x1024.jpg 819w, https:\/\/www.infinigate.com\/ch\/wp-content\/uploads\/sites\/21\/2023\/04\/Mirjana-Nikolic.jpg 1000w\" sizes=\"auto, (max-width: 768px) 100vw, 768px\" \/>                            <\/div>\r\n        <\/div>\r\n    <\/article>\r\n<\/div>\n\n\n\n<div class=\"wp-block-column is-layout-constrained wp-block-column-is-layout-constrained\">    <article class=\"team-member\">\r\n        <div class=\"team-member__inner\">\r\n            <div class=\"team-member__header\">\r\n                <h2 class=\"team-member__heading\">Stefanie Elmiger<\/h2>\r\n                <div class=\"team-member__content\">\r\n                    <div class=\"team-member__job-title\">Inside Sales<\/div>\r\n                                        <div class=\"team-member__email-address\"><a href=\"mailto:&#116;&#104;&#097;&#108;e&#115;&#064;i&#110;fi&#110;ig&#097;te&#046;c&#104;\">thales@infinigate.ch<\/a><\/div>\r\n                                                            <div class=\"team-member__phone-number\"><a href=\"tel:+41 41 799 01 04\">+41 41 799 01 04<\/a><\/div>\r\n                                    <\/div>\r\n            <\/div>\r\n       <\/div>\r\n       <div class=\"team-member__image\">\r\n            <div class=\"team-member__image-inner\">\r\n                                    <img loading=\"lazy\" decoding=\"async\" width=\"768\" height=\"961\" src=\"https:\/\/www.infinigate.com\/ch\/wp-content\/uploads\/sites\/21\/2023\/04\/Stefanie-Elmiger_1-768x961.jpg\" class=\"attachment-medium_large size-medium_large\" alt=\"\" srcset=\"https:\/\/www.infinigate.com\/ch\/wp-content\/uploads\/sites\/21\/2023\/04\/Stefanie-Elmiger_1-768x961.jpg 768w, https:\/\/www.infinigate.com\/ch\/wp-content\/uploads\/sites\/21\/2023\/04\/Stefanie-Elmiger_1-240x300.jpg 240w, https:\/\/www.infinigate.com\/ch\/wp-content\/uploads\/sites\/21\/2023\/04\/Stefanie-Elmiger_1-819x1024.jpg 819w, https:\/\/www.infinigate.com\/ch\/wp-content\/uploads\/sites\/21\/2023\/04\/Stefanie-Elmiger_1.jpg 1000w\" sizes=\"auto, (max-width: 768px) 100vw, 768px\" \/>                            <\/div>\r\n        <\/div>\r\n    <\/article>\r\n<\/div>\n<\/div>\n<\/div>\n","protected":false},"excerpt":{"rendered":"<p>Sicherheit neu gedacht: Thales sch\u00fctzt Anwendungen, Daten und Identit\u00e4ten In einer vernetzten Welt sind diese drei Bereiche das Herzst\u00fcck jeder&hellip;<\/p>\n","protected":false},"author":43,"featured_media":0,"parent":0,"menu_order":0,"comment_status":"closed","ping_status":"closed","template":"","meta":{"_acf_changed":false,"footnotes":""},"folder":[1104],"class_list":["post-11401","page","type-page","status-publish","hentry"],"acf":[],"lang":"de","translations":{"de":11401},"distributor_meta":false,"distributor_terms":false,"distributor_media":false,"distributor_original_site_name":"Infinigate | Switzerland","distributor_original_site_url":"https:\/\/www.infinigate.com\/ch","push-errors":false,"pll_sync_post":[],"_links":{"self":[{"href":"https:\/\/www.infinigate.com\/ch\/wp-json\/wp\/v2\/pages\/11401","targetHints":{"allow":["GET"]}}],"collection":[{"href":"https:\/\/www.infinigate.com\/ch\/wp-json\/wp\/v2\/pages"}],"about":[{"href":"https:\/\/www.infinigate.com\/ch\/wp-json\/wp\/v2\/types\/page"}],"author":[{"embeddable":true,"href":"https:\/\/www.infinigate.com\/ch\/wp-json\/wp\/v2\/users\/43"}],"replies":[{"embeddable":true,"href":"https:\/\/www.infinigate.com\/ch\/wp-json\/wp\/v2\/comments?post=11401"}],"version-history":[{"count":1,"href":"https:\/\/www.infinigate.com\/ch\/wp-json\/wp\/v2\/pages\/11401\/revisions"}],"predecessor-version":[{"id":21033,"href":"https:\/\/www.infinigate.com\/ch\/wp-json\/wp\/v2\/pages\/11401\/revisions\/21033"}],"wp:attachment":[{"href":"https:\/\/www.infinigate.com\/ch\/wp-json\/wp\/v2\/media?parent=11401"}],"wp:term":[{"taxonomy":"folder","embeddable":true,"href":"https:\/\/www.infinigate.com\/ch\/wp-json\/wp\/v2\/folder?post=11401"}],"curies":[{"name":"wp","href":"https:\/\/api.w.org\/{rel}","templated":true}]}}