{"id":11412,"date":"2025-04-23T10:22:49","date_gmt":"2025-04-23T08:22:49","guid":{"rendered":"https:\/\/www.infinigate.com\/ch\/?page_id=11412"},"modified":"2025-04-23T11:55:02","modified_gmt":"2025-04-23T09:55:02","slug":"fast-lane-tech-track","status":"publish","type":"page","link":"https:\/\/www.infinigate.com\/ch\/fast-lane-tech-track\/","title":{"rendered":"Fast Lane Tech Track"},"content":{"rendered":"\n<p><strong>Dienstag, 20.05.2025<\/strong><\/p>\n\n\n\n<figure class=\"wp-block-image alignfull size-full\"><img loading=\"lazy\" decoding=\"async\" width=\"1800\" height=\"550\" src=\"https:\/\/www.infinigate.com\/ch\/wp-content\/uploads\/sites\/21\/2025\/04\/sw_schulung_web.jpg\" alt=\"\" class=\"wp-image-11415\" srcset=\"https:\/\/www.infinigate.com\/ch\/wp-content\/uploads\/sites\/21\/2025\/04\/sw_schulung_web.jpg 1800w, https:\/\/www.infinigate.com\/ch\/wp-content\/uploads\/sites\/21\/2025\/04\/sw_schulung_web-300x92.jpg 300w, https:\/\/www.infinigate.com\/ch\/wp-content\/uploads\/sites\/21\/2025\/04\/sw_schulung_web-1024x313.jpg 1024w, https:\/\/www.infinigate.com\/ch\/wp-content\/uploads\/sites\/21\/2025\/04\/sw_schulung_web-768x235.jpg 768w, https:\/\/www.infinigate.com\/ch\/wp-content\/uploads\/sites\/21\/2025\/04\/sw_schulung_web-1536x469.jpg 1536w\" sizes=\"auto, (max-width: 1800px) 100vw, 1800px\" \/><\/figure>\n\n\n\n<h2 class=\"wp-block-heading is-style-border-left wp-block-heading\" id=\"h-technische-schulung\">Technische <strong>Schulung<\/strong><\/h2>\n\n\n\n<p>Nehmen Sie an einer exklusiven, praxisnahen technischen Schulung teil, die vom Solutions Engineering Team von SonicWall durchgef\u00fchrt wird. Diese Veranstaltung richtet sich speziell an technische Berater und Entscheidungstr\u00e4ger in unserer Partner-Community, die ihre Kompetenzen erweitern und erfahren m\u00f6chten, wie die neuesten L\u00f6sungen von SonicWall ihre Organisation st\u00e4rken und ihre Kunden sch\u00fctzen k\u00f6nnen.<\/p>\n\n\n\n<p><strong>Nutzen Sie die Gelegenheit, direkt mit unseren technischen Experten zu interagieren, Live-Demonstrationen zu erleben und praktische Einblicke zu gewinnen.<\/strong><\/p>\n\n\n\n<div class=\"wp-block-columns is-layout-flex wp-container-core-columns-is-layout-9d6595d7 wp-block-columns-is-layout-flex\" id=\"Lehrraum\">\n<div class=\"wp-block-column is-layout-flow wp-block-column-is-layout-flow\"><\/div>\n<\/div>\n\n\n<section class=\"media-content wp-block media-content--right media-content--media-type--image has-gray-25-background-color has-background alignfull\">\r\n    <div class=\"media-content__inner\">\r\n        <div class=\"media-content__content\">\r\n                                <h2 class=\"media-content__heading\">Warum sollten Sie sich anmelden?<\/h2>\r\n            \r\n            \r\n            <p>Live-Technische Demonstrationen: Erleben Sie live, wie Cloud Secure Edge (CSE) den sicheren Zugriff f\u00fcr hybride und remote Teams vereinfacht.<\/p>\n<ul>\n<li>Fachkundige Beratung: Tauchen Sie tief in unsere SonicSentry MXDR-L\u00f6sungen ein und lernen Sie, wie Sie diese erfolgreich einsetzen k\u00f6nnen, um Ihr Gesch\u00e4ft auszubauen.<\/li>\n<li>Neueste Erkenntnisse: Entdecken Sie die neuesten Funktionen von SonicWall NSM, SonicOS und SonicPlatform, um Ihr Sicherheitswissen und Ihre F\u00e4higkeiten weiter auszubauen.<\/li>\n<li>Interaktive Fragerunde: Lassen Sie Ihre Fragen direkt von den technischen Experten von SonicWall beantworten.<\/li>\n<\/ul>\n<p><strong>Die Pl\u00e4tze sind begrenzt \u2013 sichern Sie sich Ihren Platz, indem Sie sich jetzt anmelden!<\/strong><\/p>\n\r\n                    <\/div>\r\n\r\n                    <div class=\"media-content__media\">\r\n                <img loading=\"lazy\" decoding=\"async\" width=\"1632\" height=\"2912\" src=\"https:\/\/www.infinigate.com\/ch\/wp-content\/uploads\/sites\/21\/2025\/04\/sw_schulung_web_1.jpg\" class=\"attachment-super size-super\" alt=\"\" sizes=\"auto, (max-width: 768px) 100vw, 50vw\" srcset=\"https:\/\/www.infinigate.com\/ch\/wp-content\/uploads\/sites\/21\/2025\/04\/sw_schulung_web_1.jpg 1632w, https:\/\/www.infinigate.com\/ch\/wp-content\/uploads\/sites\/21\/2025\/04\/sw_schulung_web_1-168x300.jpg 168w, https:\/\/www.infinigate.com\/ch\/wp-content\/uploads\/sites\/21\/2025\/04\/sw_schulung_web_1-574x1024.jpg 574w, https:\/\/www.infinigate.com\/ch\/wp-content\/uploads\/sites\/21\/2025\/04\/sw_schulung_web_1-768x1370.jpg 768w, https:\/\/www.infinigate.com\/ch\/wp-content\/uploads\/sites\/21\/2025\/04\/sw_schulung_web_1-861x1536.jpg 861w, https:\/\/www.infinigate.com\/ch\/wp-content\/uploads\/sites\/21\/2025\/04\/sw_schulung_web_1-1148x2048.jpg 1148w, https:\/\/www.infinigate.com\/ch\/wp-content\/uploads\/sites\/21\/2025\/04\/sw_schulung_web_1-1401x2500.jpg 1401w\" \/>            <\/div>\r\n            <\/div>\r\n<\/section>\r\n\n\n\n<div class=\"wp-block-columns is-layout-flex wp-container-core-columns-is-layout-9d6595d7 wp-block-columns-is-layout-flex\" id=\"Lehrraum\">\n<div class=\"wp-block-column is-layout-flow wp-block-column-is-layout-flow\"><\/div>\n<\/div>\n\n\n\n<div class=\"wp-block-columns has-blue-background-color has-background is-layout-flex wp-container-core-columns-is-layout-9d6595d7 wp-block-columns-is-layout-flex\">\n<div class=\"wp-block-column is-layout-flow wp-block-column-is-layout-flow\"><script>\nvar gform;gform||(document.addEventListener(\"gform_main_scripts_loaded\",function(){gform.scriptsLoaded=!0}),document.addEventListener(\"gform\/theme\/scripts_loaded\",function(){gform.themeScriptsLoaded=!0}),window.addEventListener(\"DOMContentLoaded\",function(){gform.domLoaded=!0}),gform={domLoaded:!1,scriptsLoaded:!1,themeScriptsLoaded:!1,isFormEditor:()=>\"function\"==typeof InitializeEditor,callIfLoaded:function(o){return!(!gform.domLoaded||!gform.scriptsLoaded||!gform.themeScriptsLoaded&&!gform.isFormEditor()||(gform.isFormEditor()&&console.warn(\"The use of gform.initializeOnLoaded() is deprecated in the form editor context and will be removed in Gravity Forms 3.1.\"),o(),0))},initializeOnLoaded:function(o){gform.callIfLoaded(o)||(document.addEventListener(\"gform_main_scripts_loaded\",()=>{gform.scriptsLoaded=!0,gform.callIfLoaded(o)}),document.addEventListener(\"gform\/theme\/scripts_loaded\",()=>{gform.themeScriptsLoaded=!0,gform.callIfLoaded(o)}),window.addEventListener(\"DOMContentLoaded\",()=>{gform.domLoaded=!0,gform.callIfLoaded(o)}))},hooks:{action:{},filter:{}},addAction:function(o,r,e,t){gform.addHook(\"action\",o,r,e,t)},addFilter:function(o,r,e,t){gform.addHook(\"filter\",o,r,e,t)},doAction:function(o){gform.doHook(\"action\",o,arguments)},applyFilters:function(o){return gform.doHook(\"filter\",o,arguments)},removeAction:function(o,r){gform.removeHook(\"action\",o,r)},removeFilter:function(o,r,e){gform.removeHook(\"filter\",o,r,e)},addHook:function(o,r,e,t,n){null==gform.hooks[o][r]&&(gform.hooks[o][r]=[]);var d=gform.hooks[o][r];null==n&&(n=r+\"_\"+d.length),gform.hooks[o][r].push({tag:n,callable:e,priority:t=null==t?10:t})},doHook:function(r,o,e){var t;if(e=Array.prototype.slice.call(e,1),null!=gform.hooks[r][o]&&((o=gform.hooks[r][o]).sort(function(o,r){return o.priority-r.priority}),o.forEach(function(o){\"function\"!=typeof(t=o.callable)&&(t=window[t]),\"action\"==r?t.apply(null,e):e[0]=t.apply(null,e)})),\"filter\"==r)return e[0]},removeHook:function(o,r,t,n){var e;null!=gform.hooks[o][r]&&(e=(e=gform.hooks[o][r]).filter(function(o,r,e){return!!(null!=n&&n!=o.tag||null!=t&&t!=o.priority)}),gform.hooks[o][r]=e)}});\n<\/script>\n\n                <div class='gf_browser_gecko gform_wrapper gravity-theme gform-theme--no-framework' data-form-theme='gravity-theme' data-form-index='0' id='gform_wrapper_181' ><div id='gf_181' class='gform_anchor' tabindex='-1'><\/div>\n                        <div class='gform_heading'>\n                            <h2 class=\"gform_title\">SonicWall Fast Lane Tech Track<\/h2>\n                            <p class='gform_description'><\/p>\n\t\t\t\t\t\t\t<p class='gform_required_legend'>\u201e<span class=\"gfield_required gfield_required_asterisk\">*<\/span>\u201c zeigt erforderliche Felder an<\/p>\n                        <\/div><form method='post' enctype='multipart\/form-data'  id='gform_181'  action='\/ch\/wp-json\/wp\/v2\/pages\/11412#gf_181' data-formid='181' novalidate>\n                        <div class='gform-body gform_body'><div id='gform_fields_181' class='gform_fields top_label form_sublabel_above description_above validation_below'><div id=\"field_181_45\" class=\"gfield gfield--type-honeypot gform_validation_container field_sublabel_above gfield--has-description field_description_above field_validation_below gfield_visibility_visible\"  ><label class='gfield_label gform-field-label' for='input_181_45'>Facebook<\/label><div class='gfield_description' id='gfield_description_181_45'>Dieses Feld dient zur Validierung und sollte nicht ver\u00e4ndert werden.<\/div><div class='ginput_container'><input name='input_45' id='input_181_45' type='text' value='' autocomplete='new-password'\/><\/div><\/div><div id=\"field_181_35\" class=\"gfield gfield--type-html gfield--input-type-html gfield--width-full gfield_html gfield_html_formatted gfield_no_follows_desc field_sublabel_above gfield--no-description field_description_above field_validation_below gfield_visibility_visible\"  ><div style=\"text-align: center;margin: 20px 0\">\n  <img decoding=\"async\" src=\"https:\/\/www.infinigate.com\/ch\/wp-content\/uploads\/sites\/21\/2025\/04\/sw_schulung_web_2.jpg\" alt=\"SonicWall Fast Lane Tech Trackl\" style=\"max-width: 100%;height: auto;border-radius: 8px\">\n<\/div><\/div><div id=\"field_181_44\" class=\"gfield gfield--type-section gfield--input-type-section gsection field_sublabel_above gfield--no-description field_description_above field_validation_below gfield_visibility_visible\"  ><h3 class=\"gsection_title\"><\/h3><\/div><div id=\"field_181_13\" class=\"gfield gfield--type-text gfield--input-type-text gfield--width-full gfield_contains_required field_sublabel_above gfield--no-description field_description_above field_validation_below gfield_visibility_visible\"  ><label class='gfield_label gform-field-label' for='input_181_13'>Firma<span class=\"gfield_required\"><span class=\"gfield_required gfield_required_asterisk\">*<\/span><\/span><\/label><div class='ginput_container ginput_container_text'><input name='input_13' id='input_181_13' type='text' value='' class='large'     aria-required=\"true\" aria-invalid=\"false\"   \/><\/div><\/div><fieldset id=\"field_181_9\" class=\"gfield gfield--type-name gfield--input-type-name gfield--width-full gfield_contains_required field_sublabel_above gfield--no-description field_description_above field_validation_below gfield_visibility_visible\"  ><legend class='gfield_label gform-field-label gfield_label_before_complex' >Name<span class=\"gfield_required\"><span class=\"gfield_required gfield_required_asterisk\">*<\/span><\/span><\/legend><div class='ginput_complex ginput_container ginput_container--name no_prefix has_first_name no_middle_name has_last_name no_suffix gf_name_has_2 ginput_container_name gform-grid-row' id='input_181_9'>\n                            \n                            <span id='input_181_9_3_container' class='name_first gform-grid-col gform-grid-col--size-auto' >\n                                                    <label for='input_181_9_3' class='gform-field-label gform-field-label--type-sub '>Vorname<\/label>\n                                                    <input type='text' name='input_9.3' id='input_181_9_3' value=''   aria-required='true'     \/>\n                                                <\/span>\n                            \n                            <span id='input_181_9_6_container' class='name_last gform-grid-col gform-grid-col--size-auto' >\n                                                            <label for='input_181_9_6' class='gform-field-label gform-field-label--type-sub '>Nachname<\/label>\n                                                            <input type='text' name='input_9.6' id='input_181_9_6' value=''   aria-required='true'     \/>\n                                                        <\/span>\n                            \n                        <\/div><\/fieldset><div id=\"field_181_3\" class=\"gfield gfield--type-email gfield--input-type-email gfield--width-full gfield_contains_required field_sublabel_above gfield--no-description field_description_above field_validation_below gfield_visibility_visible\"  ><label class='gfield_label gform-field-label' for='input_181_3'>E-Mail Adresse<span class=\"gfield_required\"><span class=\"gfield_required gfield_required_asterisk\">*<\/span><\/span><\/label><div class='ginput_container ginput_container_email'>\n                            <input name='input_3' id='input_181_3' type='email' value='' class='large'    aria-required=\"true\" aria-invalid=\"false\"  \/>\n                        <\/div><\/div><div id=\"field_181_39\" class=\"gfield gfield--type-html gfield--input-type-html gfield--width-half gfield_html gfield_html_formatted gfield_no_follows_desc field_sublabel_above gfield--no-description field_description_above field_validation_below gfield_visibility_visible\"  ><div style=\"text-align: center;margin: 20px 0\">\n  <img decoding=\"async\" src=\"https:\/\/www.infinigate.com\/ch\/wp-content\/uploads\/sites\/21\/2025\/04\/sw_schulung_web_3.jpg\" alt=\"Vegetarier\" style=\"max-width: 100%;height: auto;border-radius: 8px\">\n<\/div><\/div><fieldset id=\"field_181_29\" class=\"gfield gfield--type-radio gfield--type-choice gfield--input-type-radio gfield--width-half gfield_contains_required field_sublabel_above gfield--no-description field_description_above field_validation_below gfield_visibility_visible\"  ><legend class='gfield_label gform-field-label' >Vegetarier<span class=\"gfield_required\"><span class=\"gfield_required gfield_required_asterisk\">*<\/span><\/span><\/legend><div class='ginput_container ginput_container_radio'><div class='gfield_radio' id='input_181_29'>\n\t\t\t<div class='gchoice gchoice_181_29_0'>\n\t\t\t\t\t<input class='gfield-choice-input' name='input_29' type='radio' value='Falsch'  id='choice_181_29_0' onchange='gformToggleRadioOther( this )'    \/>\n\t\t\t\t\t<label for='choice_181_29_0' id='label_181_29_0' class='gform-field-label gform-field-label--type-inline'>Ja<\/label>\n\t\t\t<\/div>\n\t\t\t<div class='gchoice gchoice_181_29_1'>\n\t\t\t\t\t<input class='gfield-choice-input' name='input_29' type='radio' value='Richtig'  id='choice_181_29_1' onchange='gformToggleRadioOther( this )'    \/>\n\t\t\t\t\t<label for='choice_181_29_1' id='label_181_29_1' class='gform-field-label gform-field-label--type-inline'>Nein<\/label>\n\t\t\t<\/div><\/div><\/div><\/fieldset><fieldset id=\"field_181_6\" class=\"gfield gfield--type-consent gfield--type-choice gfield--input-type-consent gfield--width-full gfield_contains_required field_sublabel_above gfield--has-description field_description_above field_validation_below gfield_visibility_visible\"  ><legend class='gfield_label gform-field-label gfield_label_before_complex' >Einwilligung<span class=\"gfield_required\"><span class=\"gfield_required gfield_required_asterisk\">*<\/span><\/span><\/legend><div class='gfield_description gfield_consent_description' id='gfield_consent_description_181_6' tabindex='0'>Mit der Angabe Ihrer Daten und dem Absenden dieses Formulars erkl\u00e4ren Sie sich einverstanden, dass wir Ihre personenbezogenen Daten f\u00fcr den angegebenen Zweck verarbeiten und Ihnen alle Informationen zusenden, die mit diesem Zweck zusammenh\u00e4ngen und um Ihnen gegebenenfalls kostenfreie Dienstleistungen anbieten zu k\u00f6nnen. Sofern Sie dem Tracking zugestimmt haben, erkl\u00e4ren Sie sich ferner damit einverstanden, dass wir Ihr Newsletter-Nutzerverhalten (bspw. Klickverhalten) personenbezogen in Form eines Nutzerprofils zu Zwecken der Optimierung unseres Newsletters und Angebots auswerten d\u00fcrfen. Sie stimmen zu, dass im Rahmen unserer Veranstaltungen Bilder und\/oder Videos von den Anwesenden gemacht werden. Wir erstellen diese Bilder\/Videos zu Berichterstattungs- und Marketingzwecken und zur Ver\u00f6ffentlichung auf unseren Social Media-Kan\u00e4len. Sie k\u00f6nnen dies jederzeit mit Wirkung f\u00fcr die Zukunft widerrufen, indem Sie den gesonderten Link, der in jeder E-Mail bereitgestellt wird, anklicken oder uns per E-Mail an marketing@infinigate.ch informieren. Nach einer Abmeldung speichern wir die Daten rein statistisch und anonym. Weitere Informationen zum Widerruf und zur Verarbeitung Ihrer personenbezogenen Daten entnehmen Sie bitte unserer Datenschutzunterrichtung im Footerbereich.<\/div><div class='ginput_container ginput_container_consent'><input name='input_6.1' id='input_181_6_1' type='checkbox' value='1'  aria-describedby=\"gfield_consent_description_181_6\" aria-required=\"true\" aria-invalid=\"false\"   \/> <label class=\"gform-field-label gform-field-label--type-inline gfield_consent_label\" for='input_181_6_1' >Ich stimme der Datenschutzerkl\u00e4rung zu.<\/label><input type='hidden' name='input_6.2' value='Ich stimme der Datenschutzerkl\u00e4rung zu.' class='gform_hidden' \/><input type='hidden' name='input_6.3' value='37' class='gform_hidden' \/><\/div><\/fieldset><\/div><\/div>\n        <div class='gform-footer gform_footer top_label'> <input type='submit' id='gform_submit_button_181' class='gform_button button' onclick='gform.submission.handleButtonClick(this);' data-submission-type='submit' value='Absenden'  \/> \n            <input type='hidden' class='gform_hidden' name='gform_submission_method' data-js='gform_submission_method_181' value='postback' \/>\n            <input type='hidden' class='gform_hidden' name='gform_theme' data-js='gform_theme_181' id='gform_theme_181' value='gravity-theme' \/>\n            <input type='hidden' class='gform_hidden' name='gform_style_settings' data-js='gform_style_settings_181' id='gform_style_settings_181' value='{&quot;inputPrimaryColor&quot;:&quot;#204ce5&quot;}' \/>\n            <input type='hidden' class='gform_hidden' name='is_submit_181' value='1' \/>\n            <input type='hidden' class='gform_hidden' name='gform_submit' value='181' \/>\n            \n            <input type='hidden' class='gform_hidden' name='gform_currency' data-currency='CHF' value='u5DxURdnMgjNj\/Yw8AZyiZcSkEUTJZQn\/zrb14aJEddh+G4Nh8K6Y\/BvMDYvdZUNTwZsoldYAPaEZT5ymtc95QRAW0yba4TEBmAhqV\/u40z8lLA=' \/>\n            <input type='hidden' class='gform_hidden' name='gform_unique_id' value='' \/>\n            <input type='hidden' class='gform_hidden' name='state_181' value='WyJ7XCIyOVwiOltcIjdjZDM0NjA3NmFlM2U0OGMzMzZiZjM4ZjdhMWI2MzRjXCIsXCI5Zjg3MTcwYTNlZGIyZGFhZTI1ZGIzYmEyZDY4Zjg2OVwiXSxcIjYuMVwiOlwiNTBjNTJjNjBhZGUxOGNhNDU1NDM3Y2M3MDk2MDZjNWVcIixcIjYuMlwiOlwiZmYxMzlmNzUwODM3YjFkYzJjYTEyMmQ4YTIwZTYyNTRcIixcIjYuM1wiOlwiZjMyMjU0ZjFkMmY3ZjMxZTM1MGRjZTM1NjZiZjcxZTJcIn0iLCJhYWY0Y2U0MDgyOTlhN2JmZTQ5ZjM3ZjVkYjBlNWE1MCJd' \/>\n            <input type='hidden' autocomplete='off' class='gform_hidden' name='gform_target_page_number_181' id='gform_target_page_number_181' value='0' \/>\n            <input type='hidden' autocomplete='off' class='gform_hidden' name='gform_source_page_number_181' id='gform_source_page_number_181' value='1' \/>\n            <input type='hidden' name='gform_field_values' value='' \/>\n            \n        <\/div>\n                        <\/form>\n                        <\/div><script>\ngform.initializeOnLoaded( function() {gformInitSpinner( 181, 'https:\/\/www.infinigate.com\/ch\/wp-content\/plugins\/gravityforms\/images\/spinner.svg', true );jQuery('#gform_ajax_frame_181').on('load',function(){var contents = jQuery(this).contents().find('*').html();var is_postback = contents.indexOf('GF_AJAX_POSTBACK') >= 0;if(!is_postback){return;}var form_content = jQuery(this).contents().find('#gform_wrapper_181');var is_confirmation = jQuery(this).contents().find('#gform_confirmation_wrapper_181').length > 0;var is_redirect = contents.indexOf('gformRedirect(){') >= 0;var is_form = form_content.length > 0 && ! is_redirect && ! is_confirmation;var mt = parseInt(jQuery('html').css('margin-top'), 10) + parseInt(jQuery('body').css('margin-top'), 10) + 100;if(is_form){jQuery('#gform_wrapper_181').html(form_content.html());if(form_content.hasClass('gform_validation_error')){jQuery('#gform_wrapper_181').addClass('gform_validation_error');} else {jQuery('#gform_wrapper_181').removeClass('gform_validation_error');}setTimeout( function() { \/* delay the scroll by 50 milliseconds to fix a bug in chrome *\/ jQuery(document).scrollTop(jQuery('#gform_wrapper_181').offset().top - mt); }, 50 );if(window['gformInitDatepicker']) {gformInitDatepicker();}if(window['gformInitPriceFields']) {gformInitPriceFields();}var current_page = jQuery('#gform_source_page_number_181').val();gformInitSpinner( 181, 'https:\/\/www.infinigate.com\/ch\/wp-content\/plugins\/gravityforms\/images\/spinner.svg', true );jQuery(document).trigger('gform_page_loaded', [181, current_page]);window['gf_submitting_181'] = false;}else if(!is_redirect){var confirmation_content = jQuery(this).contents().find('.GF_AJAX_POSTBACK').html();if(!confirmation_content){confirmation_content = contents;}jQuery('#gform_wrapper_181').replaceWith(confirmation_content);jQuery(document).scrollTop(jQuery('#gf_181').offset().top - mt);jQuery(document).trigger('gform_confirmation_loaded', [181]);window['gf_submitting_181'] = false;wp.a11y.speak(jQuery('#gform_confirmation_message_181').text());}else{jQuery('#gform_181').append(contents);if(window['gformRedirect']) {gformRedirect();}}jQuery(document).trigger(\"gform_pre_post_render\", [{ formId: \"181\", currentPage: \"current_page\", abort: function() { this.preventDefault(); } }]);        if (event && event.defaultPrevented) {                return;        }        const gformWrapperDiv = document.getElementById( \"gform_wrapper_181\" );        if ( gformWrapperDiv ) {            const visibilitySpan = document.createElement( \"span\" );            visibilitySpan.id = \"gform_visibility_test_181\";            gformWrapperDiv.insertAdjacentElement( \"afterend\", visibilitySpan );        }        const visibilityTestDiv = document.getElementById( \"gform_visibility_test_181\" );        let postRenderFired = false;        function triggerPostRender() {            if ( postRenderFired ) {                return;            }            postRenderFired = true;            gform.core.triggerPostRenderEvents( 181, current_page );            if ( visibilityTestDiv ) {                visibilityTestDiv.parentNode.removeChild( visibilityTestDiv );            }        }        function debounce( func, wait, immediate ) {            var timeout;            return function() {                var context = this, args = arguments;                var later = function() {                    timeout = null;                    if ( !immediate ) func.apply( context, args );                };                var callNow = immediate && !timeout;                clearTimeout( timeout );                timeout = setTimeout( later, wait );                if ( callNow ) func.apply( context, args );            };        }        const debouncedTriggerPostRender = debounce( function() {            triggerPostRender();        }, 200 );        if ( visibilityTestDiv && visibilityTestDiv.offsetParent === null ) {            const observer = new MutationObserver( ( mutations ) => {                mutations.forEach( ( mutation ) => {                    if ( mutation.type === 'attributes' && visibilityTestDiv.offsetParent !== null ) {                        debouncedTriggerPostRender();                        observer.disconnect();                    }                });            });            observer.observe( document.body, {                attributes: true,                childList: false,                subtree: true,                attributeFilter: [ 'style', 'class' ],            });        } else {            triggerPostRender();        }    } );} );\n<\/script>\n<\/div>\n<\/div>\n","protected":false},"excerpt":{"rendered":"<p>Dienstag, 20.05.2025 Technische Schulung Nehmen Sie an einer exklusiven, praxisnahen technischen Schulung teil, die vom Solutions Engineering Team von SonicWall&hellip;<\/p>\n","protected":false},"author":43,"featured_media":0,"parent":0,"menu_order":0,"comment_status":"closed","ping_status":"closed","template":"","meta":{"_acf_changed":false,"footnotes":""},"folder":[1105],"class_list":["post-11412","page","type-page","status-publish","hentry"],"acf":[],"lang":"de","translations":{"de":11412},"distributor_meta":false,"distributor_terms":false,"distributor_media":false,"distributor_original_site_name":"Infinigate | Switzerland","distributor_original_site_url":"https:\/\/www.infinigate.com\/ch","push-errors":false,"pll_sync_post":[],"_links":{"self":[{"href":"https:\/\/www.infinigate.com\/ch\/wp-json\/wp\/v2\/pages\/11412","targetHints":{"allow":["GET"]}}],"collection":[{"href":"https:\/\/www.infinigate.com\/ch\/wp-json\/wp\/v2\/pages"}],"about":[{"href":"https:\/\/www.infinigate.com\/ch\/wp-json\/wp\/v2\/types\/page"}],"author":[{"embeddable":true,"href":"https:\/\/www.infinigate.com\/ch\/wp-json\/wp\/v2\/users\/43"}],"replies":[{"embeddable":true,"href":"https:\/\/www.infinigate.com\/ch\/wp-json\/wp\/v2\/comments?post=11412"}],"version-history":[{"count":0,"href":"https:\/\/www.infinigate.com\/ch\/wp-json\/wp\/v2\/pages\/11412\/revisions"}],"wp:attachment":[{"href":"https:\/\/www.infinigate.com\/ch\/wp-json\/wp\/v2\/media?parent=11412"}],"wp:term":[{"taxonomy":"folder","embeddable":true,"href":"https:\/\/www.infinigate.com\/ch\/wp-json\/wp\/v2\/folder?post=11412"}],"curies":[{"name":"wp","href":"https:\/\/api.w.org\/{rel}","templated":true}]}}