{"id":11543,"date":"2025-04-28T09:39:39","date_gmt":"2025-04-28T07:39:39","guid":{"rendered":"https:\/\/www.infinigate.com\/ch\/?page_id=11543"},"modified":"2025-05-09T14:13:49","modified_gmt":"2025-05-09T12:13:49","slug":"sicherheitsloesungen-im-vergleich","status":"publish","type":"page","link":"https:\/\/www.infinigate.com\/ch\/sicherheitsloesungen-im-vergleich\/","title":{"rendered":"Sicherheitsl\u00f6sungen im Vergleich"},"content":{"rendered":"\n<figure class=\"wp-block-image alignfull size-full\"><img decoding=\"async\" src=\"https:\/\/www.infinigate.com\/de\/wp-content\/uploads\/sites\/25\/2025\/04\/N-able_EDR.webp\" alt=\"\" class=\"wp-image-24225\" \/><\/figure>\n\n\n\n<h2 class=\"wp-block-heading alignwide is-style-border-left wp-block-heading\" id=\"h-av-edr-mdr-amp-mdr-advanced-was-verbirgt-sich-hinter-den-losungen\">AV, EDR, MDR &amp; MDR Advanced \u2013 was verbirgt sich <strong>hinter den L\u00f6sungen?<\/strong><\/h2>\n\n\n\n<p>Ob Sie ein kleines Unternehmen ohne eigene IT-Abteilung oder ein mittelst\u00e4ndischer Betrieb mit begrenzten Ressourcen sind \u2013 wir zeigen Ihnen, welche Sicherheitsl\u00f6sung zu Ihrem Bedarf passt.<\/p>\n\n\n\n<div class=\"wp-block-columns is-layout-flex wp-container-core-columns-is-layout-9d6595d7 wp-block-columns-is-layout-flex\">\n<div class=\"wp-block-column is-layout-flow wp-block-column-is-layout-flow\">\n<figure class=\"wp-block-image size-full\"><img decoding=\"async\" src=\"https:\/\/www.infinigate.com\/de\/wp-content\/uploads\/sites\/25\/2025\/04\/N-able_Antivirus-AV-1.webp\" alt=\"\" class=\"wp-image-24233\" \/><\/figure>\n<\/div>\n\n\n\n<div class=\"wp-block-column is-layout-flow wp-block-column-is-layout-flow\">\n<h2 class=\"wp-block-heading wp-block-heading\" id=\"h-antivirus-av\">Antivirus (AV)<\/h2>\n\n\n\n<p>Ein Antivirus sch\u00fctzt Ihr Ger\u00e4t vor bekannten Viren und schadhafter Software. Es erkennt und blockiert die meisten einfachen Bedrohungen. Aber in einer zunehmend komplexen Cyberwelt ist dieser Schutz allein nicht mehr genug, um alle Gefahren abzuwehren.\u00a0AV bietet Ihnen Basisschutz mit verz\u00f6gerter Reaktionszeit und interner Verwaltung. <\/p>\n<\/div>\n<\/div>\n\n\n\n<div class=\"wp-block-columns is-layout-flex wp-container-core-columns-is-layout-9d6595d7 wp-block-columns-is-layout-flex\">\n<div class=\"wp-block-column is-layout-flow wp-block-column-is-layout-flow\">\n<h2 class=\"wp-block-heading wp-block-heading\" id=\"h-endpoint-detection-and-response-edr\">Endpoint Detection and Response (EDR)<\/h2>\n\n\n\n<p>EDR geht einen Schritt weiter. Es \u00fcberwacht Ihr System rund um die Uhr und reagiert sofort, wenn etwas Verd\u00e4chtiges passiert. EDR erkennt nicht nur bekannte Viren, sondern auch ungew\u00f6hnliches Verhalten, das auf fortgeschrittene Angriffe hindeutet. So sind Sie auch vor neuen und unbekannten Bedrohungen sicher. Mit EDR geniessen Sie fortgeschrittenen Schutz in Echtzeit mit interner Verwaltung. EDR empfiehlt sich daher f\u00fcr Unternehmen mit eigener IT-Abteilung. <\/p>\n<\/div>\n\n\n\n<div class=\"wp-block-column is-layout-flow wp-block-column-is-layout-flow\">\n<figure class=\"wp-block-image size-full\"><img decoding=\"async\" src=\"https:\/\/www.infinigate.com\/de\/wp-content\/uploads\/sites\/25\/2025\/04\/N-able_EDR_2.webp\" alt=\"\" class=\"wp-image-24235\" \/><\/figure>\n<\/div>\n<\/div>\n\n\n\n<div class=\"wp-block-columns is-layout-flex wp-container-core-columns-is-layout-9d6595d7 wp-block-columns-is-layout-flex\">\n<div class=\"wp-block-column is-layout-flow wp-block-column-is-layout-flow\">\n<figure class=\"wp-block-image size-full\"><img decoding=\"async\" src=\"https:\/\/www.infinigate.com\/de\/wp-content\/uploads\/sites\/25\/2025\/04\/N-able_MDR.webp\" alt=\"\" class=\"wp-image-24237\" \/><\/figure>\n<\/div>\n\n\n\n<div class=\"wp-block-column is-layout-flow wp-block-column-is-layout-flow\">\n<h2 class=\"wp-block-heading wp-block-heading\" id=\"h-managed-detection-and-response-mdr\">Managed Detection and Response (MDR)<\/h2>\n\n\n\n<p>MDR bietet einen noch umfassenderen Schutz, bei dem Experten Ihr System permanent \u00fcberwachen. Diese Experten reagieren sofort auf Bedrohungen und k\u00fcmmern sich darum, dass alles schnell und sicher behoben wird. Es ist eine Mischung aus automatisierten Schutzmechanismen und menschlichem Fachwissen, das Ihr Unternehmen rund um die Uhr sch\u00fctzt. Sie geniessen mit MDR nicht nur einen exzellenten umfassenden Schutz in Echtzeit, sondern m\u00fcssen sich auch nicht um die Verwaltung k\u00fcmmern, da diese von einem externen Dienstleister wie N-able als Managed Service angeboten wird. <\/p>\n<\/div>\n<\/div>\n\n\n\n<div class=\"wp-block-columns is-layout-flex wp-container-core-columns-is-layout-9d6595d7 wp-block-columns-is-layout-flex\">\n<div class=\"wp-block-column is-layout-flow wp-block-column-is-layout-flow\">\n<h2 class=\"wp-block-heading wp-block-heading\" id=\"h-mdr-advanced\">MDR Advanced<\/h2>\n\n\n\n<p>MDR Advanced bietet den h\u00f6chsten Schutz, den es heute gibt. Es geht nicht nur darum, Bedrohungen zu erkennen und darauf zu reagieren, sondern auch darum, zuk\u00fcnftige Angriffe vorherzusehen und bereits im Vorfeld abzuwehren. Mit tiefgehenden Analysen und massgeschneiderter Sicherheit ist es die ideale L\u00f6sung f\u00fcr Unternehmen, die h\u00f6chste Sicherheitsstandards ben\u00f6tigen.\u00a0Mit dieser L\u00f6sung geniessen Sie proaktiven und massgeschneiderten Schutz in Echtzeit und m\u00fcssen sich um nichts k\u00fcmmern, da dies von einem externen Dienstleister gemanaged wird. MDR Advanced empfiehlt sich f\u00fcr Unternehmen mit h\u00f6chsten Sicherheitsanforderungen. <\/p>\n<\/div>\n\n\n\n<div class=\"wp-block-column is-layout-flow wp-block-column-is-layout-flow\">\n<figure class=\"wp-block-image size-full\"><img decoding=\"async\" src=\"https:\/\/www.infinigate.com\/de\/wp-content\/uploads\/sites\/25\/2025\/04\/N-able_MDR_Advanced.webp\" alt=\"\" class=\"wp-image-24239\" \/><\/figure>\n<\/div>\n<\/div>\n\n\n\n<div class=\"wp-block-columns is-layout-flex wp-container-core-columns-is-layout-9d6595d7 wp-block-columns-is-layout-flex\">\n<div class=\"wp-block-column is-layout-flow wp-block-column-is-layout-flow\">\n<figure class=\"wp-block-image size-full\"><img decoding=\"async\" src=\"https:\/\/www.infinigate.com\/de\/wp-content\/uploads\/sites\/25\/2025\/04\/N-able_EDR-MDR.webp\" alt=\"\" class=\"wp-image-24733\" style=\"aspect-ratio:16\/9;object-fit:cover\" \/><\/figure>\n<\/div>\n\n\n\n<div class=\"wp-block-column is-layout-flow wp-block-column-is-layout-flow\">\n<h2 class=\"wp-block-heading wp-block-heading\" id=\"h-mehr-als-nur-antivirus-der-moderne-schutz-fur-ihr-unternehmen\">Mehr als nur Antivirus: Der moderne Schutz f\u00fcr Ihr Unternehmen<\/h2>\n\n\n\n<p>In einer Welt, in der Cyberangriffe immer raffinierter werden, reicht ein einfaches Antivirus nicht mehr aus. Die fortschrittlicheren L\u00f6sungen \u2013 von EDR \u00fcber MDR bis hin zu MDR Advanced \u2013 bieten Ihnen den Schutz, den Sie brauchen, um Ihr Unternehmen sicher zu halten.<\/p>\n\n\n\n<p>In den drei kurzweiligen Videos erkl\u00e4ren wir Ihnen die Gemeinsamkeiten, aber auch Unterschiede der L\u00f6sungen. Zudem helfen wir Ihnen, sich f\u00fcr die passende L\u00f6sung zu entscheiden. <\/p>\n\n\n\n<p>Noch unsicher, welche L\u00f6sung zu Ihnen passt? Vereinbaren Sie jetzt ein kostenloses Beratungsgespr\u00e4ch mit unseren Experten.<\/p>\n<\/div>\n<\/div>\n\n\n\n<h2 class=\"wp-block-heading wp-block-heading\" id=\"h-alle-wichtigen-infos-auf-die-ohren\">Alle wichtigen Infos auf die Ohren<\/h2>\n\n\n\n<div class=\"wp-block-columns has-grey-background-color has-background is-layout-flex wp-container-core-columns-is-layout-9d6595d7 wp-block-columns-is-layout-flex\">\n<div class=\"wp-block-column is-layout-flow wp-block-column-is-layout-flow\">\n<figure class=\"wp-block-embed is-type-video is-provider-youtube wp-block-embed-youtube wp-embed-aspect-16-9 wp-has-aspect-ratio\"><div class=\"wp-block-embed__wrapper\">\n<iframe loading=\"lazy\" title=\"Einf\u00fchrung \u2013 Die Gemeinsamkeiten von AV, EDR, MDR und MDR Advanced\" width=\"500\" height=\"281\" src=\"https:\/\/www.youtube.com\/embed\/RjhlhvKR65o?feature=oembed\" frameborder=\"0\" allow=\"accelerometer; autoplay; clipboard-write; encrypted-media; gyroscope; picture-in-picture; web-share\" referrerpolicy=\"strict-origin-when-cross-origin\" allowfullscreen><\/iframe>\n<\/div><\/figure>\n\n\n\n<h5 class=\"wp-block-heading wp-block-heading\" id=\"h-die-gemeinsamkeiten-von-av-edr-mdr-und-mdr-advanced\">Die Gemeinsamkeiten von AV, EDR, MDR und MDR Advanced.<\/h5>\n<\/div>\n\n\n\n<div class=\"wp-block-column is-layout-flow wp-block-column-is-layout-flow\">\n<figure class=\"wp-block-embed is-type-video is-provider-youtube wp-block-embed-youtube wp-embed-aspect-16-9 wp-has-aspect-ratio\"><div class=\"wp-block-embed__wrapper\">\n<iframe loading=\"lazy\" title=\"Unterschiede \u2013 Was macht AV, EDR, MDR und MDR Advanced besonders?\" width=\"500\" height=\"281\" src=\"https:\/\/www.youtube.com\/embed\/rO6X5-ggPXg?feature=oembed\" frameborder=\"0\" allow=\"accelerometer; autoplay; clipboard-write; encrypted-media; gyroscope; picture-in-picture; web-share\" referrerpolicy=\"strict-origin-when-cross-origin\" allowfullscreen><\/iframe>\n<\/div><\/figure>\n\n\n\n<h5 class=\"wp-block-heading wp-block-heading\" id=\"h-was-macht-av-edr-mdr-und-mdr-advanced-besonders\">Was macht AV, EDR, MDR und MDR Advanced besonders?<\/h5>\n<\/div>\n\n\n\n<div class=\"wp-block-column is-layout-flow wp-block-column-is-layout-flow\">\n<figure class=\"wp-block-embed is-type-video is-provider-youtube wp-block-embed-youtube wp-embed-aspect-16-9 wp-has-aspect-ratio\"><div class=\"wp-block-embed__wrapper\">\n<iframe loading=\"lazy\" title=\"Welche L\u00f6sung passt zu Ihrem Unternehmen?\" width=\"500\" height=\"281\" src=\"https:\/\/www.youtube.com\/embed\/5eOpKnoSMxk?feature=oembed\" frameborder=\"0\" allow=\"accelerometer; autoplay; clipboard-write; encrypted-media; gyroscope; picture-in-picture; web-share\" referrerpolicy=\"strict-origin-when-cross-origin\" allowfullscreen><\/iframe>\n<\/div><\/figure>\n\n\n\n<h5 class=\"wp-block-heading wp-block-heading\" id=\"h-entscheidungsfindung-welche-losung-passt-zu-ihrem-unternehmen\">Entscheidungsfindung \u2013 Welche L\u00f6sung passt zu Ihrem Unternehmen?<\/h5>\n<\/div>\n<\/div>\n\n\n    <section class=\"cards wp-block animate cards--columns-3 cards--type--default alignwide\">\n        <div class=\"cards__inner\">\n            \n            <div class=\"cards__items\">\n                \n                \n                <article class=\"g-card animate-element has-white-background-color has-background has-link g-card--type--custom\">\r\n        <div class=\"g-card__inner\">\r\n                \r\n\r\n                                        <div class=\"g-card__header\">\r\n                    \r\n\r\n                        <h2 class=\"g-card__heading\">    <a href=\"https:\/\/www.infinigate.com\/de\/wp-content\/uploads\/sites\/25\/2025\/04\/EDR.pdf\">\r\n                EDR Datenblatt            <\/a>\r\n<\/h2>\r\n                    \r\n                    \r\n                    \r\n                                    <\/div>\r\n            \r\n            \r\n            \r\n            \r\n\r\n\r\n\r\n            \r\n                <a  href=\"https:\/\/www.infinigate.com\/de\/wp-content\/uploads\/sites\/25\/2025\/04\/EDR.pdf\" target=\"\" class=\"g-button--arrow g-card__read-more\">\r\n                Download            <\/a>\r\n\r\n                <\/div>\r\n    \r\n    \r\n    <\/article>\r\n<article class=\"g-card animate-element has-white-background-color has-background has-link g-card--type--custom\">\r\n        <div class=\"g-card__inner\">\r\n                \r\n\r\n                                        <div class=\"g-card__header\">\r\n                    \r\n\r\n                        <h2 class=\"g-card__heading\">    <a href=\"https:\/\/www.infinigate.com\/de\/wp-content\/uploads\/sites\/25\/2025\/04\/MDR.pdf\">\r\n                MDR Funktions\u00fcbersicht            <\/a>\r\n<\/h2>\r\n                    \r\n                    \r\n                    \r\n                                    <\/div>\r\n            \r\n            \r\n            \r\n            \r\n\r\n\r\n\r\n            \r\n                <a  href=\"https:\/\/www.infinigate.com\/de\/wp-content\/uploads\/sites\/25\/2025\/04\/MDR.pdf\" target=\"\" class=\"g-button--arrow g-card__read-more\">\r\n                Download            <\/a>\r\n\r\n                <\/div>\r\n    \r\n    \r\n    <\/article>\r\n<article class=\"g-card animate-element has-white-background-color has-background has-link g-card--type--custom\">\r\n        <div class=\"g-card__inner\">\r\n                \r\n\r\n                                        <div class=\"g-card__header\">\r\n                    \r\n\r\n                        <h2 class=\"g-card__heading\">    <a href=\"https:\/\/www.infinigate.com\/de\/wp-content\/uploads\/sites\/25\/2025\/04\/EB_MEDR_ROIGuide_DE.pdf\">\r\n                eGuide: MDR verstehen, ROI sichern            <\/a>\r\n<\/h2>\r\n                    \r\n                    \r\n                    \r\n                                    <\/div>\r\n            \r\n            \r\n            \r\n            \r\n\r\n\r\n\r\n            \r\n                <a  href=\"https:\/\/www.infinigate.com\/de\/wp-content\/uploads\/sites\/25\/2025\/04\/EB_MEDR_ROIGuide_DE.pdf\" target=\"\" class=\"g-button--arrow g-card__read-more\">\r\n                Download            <\/a>\r\n\r\n                <\/div>\r\n    \r\n    \r\n    <\/article>\r\n            <\/div>\n\n            \n                <\/section>\n\n\n\n<div class=\"wp-block-cover alignwide has-parallax is-repeated\" id=\"kontaktieren\"><span aria-hidden=\"true\" class=\"wp-block-cover__background has-blue-background-color has-background-dim-0 has-background-dim\"><\/span><div class=\"wp-block-cover__image-background wp-image-1065 has-parallax is-repeated\" style=\"background-position:50% 50%;background-image:url(https:\/\/infinigatecdev.wpengine.com\/wp-content\/uploads\/2023\/02\/background-texture-2.jpg)\"><\/div><div class=\"wp-block-cover__inner-container is-layout-constrained wp-block-cover-is-layout-constrained\">\n<div class=\"wp-block-columns is-layout-flex wp-container-core-columns-is-layout-9d6595d7 wp-block-columns-is-layout-flex\">\n<div class=\"wp-block-column is-layout-flow wp-block-column-is-layout-flow\" style=\"flex-basis:66.66%\">\n<h3 class=\"wp-block-heading has-text-align-left has-white-color has-text-color has-link-color wp-elements-d12dde7f54655438371c6320f593dc81\" id=\"h-kontakt-zum-n-able-team\">Kontakt zum N-able-Team<\/h3>\n\n\n\n<p>Bei Fragen rund um diese drei L\u00f6sungsans\u00e4tze sind wir gerne f\u00fcr Sie da! <\/p>\n<\/div>\n\n\n\n<div class=\"wp-block-column is-vertically-aligned-center is-layout-flow wp-block-column-is-layout-flow\" style=\"flex-basis:33.33%\">\n<p class=\"has-text-align-center has-white-color has-text-color has-link-color wp-elements-7ce9aef10e9a6b6465425c583fc79d7e\">Email: <a href=\"mailto:n-able@infinigate.ch\">n-able@infinigate.ch<\/a><br>Tel: <a href=\"tel:0041417990104\">+41 41 799 01 04<\/a><\/p>\n\n\n\n<div class=\"wp-block-buttons is-content-justification-center is-layout-flex wp-container-core-buttons-is-layout-16018d1d wp-block-buttons-is-layout-flex\">\n<div class=\"wp-block-button\"><a class=\"wp-block-button__link wp-element-button\" href=\"mailto:n-able@infinigate.ch\">Jetzt kontaktieren<\/a><\/div>\n<\/div>\n<\/div>\n<\/div>\n<\/div><\/div>\n\n\n\n<div class=\"wp-block-columns is-layout-flex wp-container-core-columns-is-layout-9d6595d7 wp-block-columns-is-layout-flex\">\n<div class=\"wp-block-column is-layout-flow wp-block-column-is-layout-flow\">\n<h2 class=\"wp-block-heading is-style-border-left wp-block-heading\" id=\"h-ihr-personlicher-ansprechpartner\">Ihr pers\u00f6nlicher Ansprechpartner<\/h2>\n\n\n\n<p>Gerne sind wir rund um das&nbsp; Portfolio von N-able f\u00fcr Sie da. Wir freuen uns auf Ihre Kontaktaufnahme.<\/p>\n<\/div>\n<\/div>\n\n\n\n<div class=\"wp-block-columns is-layout-flex wp-container-core-columns-is-layout-9d6595d7 wp-block-columns-is-layout-flex\">\n<div class=\"wp-block-column is-content-justification-left is-layout-constrained wp-container-core-column-is-layout-8c890d92 wp-block-column-is-layout-constrained\">    <article class=\"team-member\">\r\n        <div class=\"team-member__inner\">\r\n            <div class=\"team-member__header\">\r\n                <h2 class=\"team-member__heading\">Arsim Huruglica<\/h2>\r\n                <div class=\"team-member__content\">\r\n                    <div class=\"team-member__job-title\">BDM<\/div>\r\n                                        <div class=\"team-member__email-address\"><a href=\"mailto:&#110;-&#097;&#098;l&#101;&#064;infi&#110;ig&#097;&#116;&#101;.ch\">n-able@infinigate.ch<\/a><\/div>\r\n                                                            <div class=\"team-member__phone-number\"><a href=\"tel:+41 41 799 01 04\">+41 41 799 01 04<\/a><\/div>\r\n                                    <\/div>\r\n            <\/div>\r\n       <\/div>\r\n       <div class=\"team-member__image\">\r\n            <div class=\"team-member__image-inner\">\r\n                                    <img loading=\"lazy\" decoding=\"async\" width=\"768\" height=\"1024\" src=\"https:\/\/www.infinigate.com\/ch\/wp-content\/uploads\/sites\/21\/2024\/04\/Arsim_Huruglica_2000_2-768x1024.jpg\" class=\"attachment-medium_large size-medium_large\" alt=\"\" srcset=\"https:\/\/www.infinigate.com\/ch\/wp-content\/uploads\/sites\/21\/2024\/04\/Arsim_Huruglica_2000_2-768x1024.jpg 768w, https:\/\/www.infinigate.com\/ch\/wp-content\/uploads\/sites\/21\/2024\/04\/Arsim_Huruglica_2000_2-225x300.jpg 225w, https:\/\/www.infinigate.com\/ch\/wp-content\/uploads\/sites\/21\/2024\/04\/Arsim_Huruglica_2000_2-1152x1536.jpg 1152w, https:\/\/www.infinigate.com\/ch\/wp-content\/uploads\/sites\/21\/2024\/04\/Arsim_Huruglica_2000_2.jpg 1500w\" sizes=\"auto, (max-width: 768px) 100vw, 768px\" \/>                            <\/div>\r\n        <\/div>\r\n    <\/article>\r\n<\/div>\n\n\n\n<div class=\"wp-block-column is-layout-constrained wp-block-column-is-layout-constrained\"><\/div>\n<\/div>\n","protected":false},"excerpt":{"rendered":"<p>AV, EDR, MDR &amp; MDR Advanced \u2013 was verbirgt sich hinter den L\u00f6sungen? Ob Sie ein kleines Unternehmen ohne eigene&hellip;<\/p>\n","protected":false},"author":43,"featured_media":0,"parent":0,"menu_order":0,"comment_status":"closed","ping_status":"closed","template":"","meta":{"_acf_changed":false,"footnotes":""},"folder":[1051],"class_list":["post-11543","page","type-page","status-publish","hentry"],"acf":[],"lang":"de","translations":{"de":11543},"distributor_meta":false,"distributor_terms":false,"distributor_media":false,"distributor_original_site_name":"Infinigate | Switzerland","distributor_original_site_url":"https:\/\/www.infinigate.com\/ch","push-errors":false,"pll_sync_post":[],"_links":{"self":[{"href":"https:\/\/www.infinigate.com\/ch\/wp-json\/wp\/v2\/pages\/11543","targetHints":{"allow":["GET"]}}],"collection":[{"href":"https:\/\/www.infinigate.com\/ch\/wp-json\/wp\/v2\/pages"}],"about":[{"href":"https:\/\/www.infinigate.com\/ch\/wp-json\/wp\/v2\/types\/page"}],"author":[{"embeddable":true,"href":"https:\/\/www.infinigate.com\/ch\/wp-json\/wp\/v2\/users\/43"}],"replies":[{"embeddable":true,"href":"https:\/\/www.infinigate.com\/ch\/wp-json\/wp\/v2\/comments?post=11543"}],"version-history":[{"count":0,"href":"https:\/\/www.infinigate.com\/ch\/wp-json\/wp\/v2\/pages\/11543\/revisions"}],"wp:attachment":[{"href":"https:\/\/www.infinigate.com\/ch\/wp-json\/wp\/v2\/media?parent=11543"}],"wp:term":[{"taxonomy":"folder","embeddable":true,"href":"https:\/\/www.infinigate.com\/ch\/wp-json\/wp\/v2\/folder?post=11543"}],"curies":[{"name":"wp","href":"https:\/\/api.w.org\/{rel}","templated":true}]}}