{"id":11670,"date":"2025-05-14T11:50:14","date_gmt":"2025-05-14T09:50:14","guid":{"rendered":"https:\/\/www.infinigate.com\/ch\/?page_id=11670"},"modified":"2025-05-14T11:50:15","modified_gmt":"2025-05-14T09:50:15","slug":"agb-sophos-msp-endpoint","status":"publish","type":"page","link":"https:\/\/www.infinigate.com\/ch\/agb-sophos-msp-endpoint\/","title":{"rendered":"AGB-Sophos MSP Endpoint"},"content":{"rendered":"\n<h2 class=\"wp-block-heading wp-block-heading\" id=\"h-teilnahmebedingungen-gewinnspiel\">Teilnahmebedingungen Gewinnspiel<\/h2>\n\n\n\n<p>Diese Bedingungen umfassen die Regeln und Vorschriften f\u00fcr das Gewinnspiel \u00abSophos Memory Match\u00bb.&nbsp;<\/p>\n\n\n\n<p>Wenn Sie auf diese Website zugreifen, gehen wir davon aus, dass Sie die Bestimmungen und Bedingungen der Infinigate (Schweiz) AG akzeptieren. Fahren Sie nicht fort, wenn Sie nicht mit allen auf dieser Seite genannten Bedingungen einverstanden sind.<\/p>\n\n\n\n<p><strong>Cookies<\/strong><\/p>\n\n\n\n<p>Wir verwenden Cookies. Durch den Zugriff auf das Spiel \u00abSophos Memory Match\u00bb erkl\u00e4ren Sie sich mit der Verwendung von Cookies in \u00dcbereinstimmung mit der Datenschutzrichtlinie der Infinigate (Schweiz) AG einverstanden.<\/p>\n\n\n\n<p>Die meisten interaktiven Websites verwenden Cookies, damit wir die Daten des Benutzers bei jedem Besuch wiederfinden. Unsere Website verwendet Cookies, um die Funktionalit\u00e4t bestimmter Bereiche zu erm\u00f6glichen und den Besuchern unserer Website den Zugang zu erleichtern.<\/p>\n\n\n\n<p><strong>Kontakt<\/strong><\/p>\n\n\n\n<p>Infinigate (Schweiz) AG<br>Grundstrasse 14<br>6343 Rotkreuz<br>Schweiz<\/p>\n\n\n\n<p>&nbsp;<a href=\"mailto:info@infinigate.ch\" target=\"_blank\" rel=\"noreferrer noopener\">info@infinigate.ch<\/a><br>+41 41 799 01 01<br>&nbsp;<\/p>\n\n\n\n<p><strong>Copyright-Bestimmungen<\/strong><\/p>\n\n\n\n<p>Infinigate (Schweiz) AG hat das Recht, das eingereichte Material, z. B. Texte und Bilder, zu verwenden, zu zitieren oder zu ver\u00f6ffentlichen.<\/p>\n\n\n\n<p><strong>Bedingungen f\u00fcr Gewinnspiele<\/strong><\/p>\n\n\n\n<p>Maximal 1 gesch\u00e4ftliche E-Mail-Adresse pro Unternehmen kann das Spiel gewinnen und damit einen Preis der Infinigate (Schweiz) AG erhalten.&nbsp;<\/p>\n\n\n\n<p>Wenn die Infinigate (Schweiz) AG den Verdacht hat, dass ein Betrug vorliegt, wie z. B. die Verwendung ung\u00fcltiger E-Mail-Adressen, usw., kann der Anspruch des Gewinners auf den Preis annulliert werden und\/oder die Infinigate (Schweiz) AG kann einen anderen Gewinner ermitteln.<\/p>\n\n\n\n<p><strong>Kontakt<\/strong><\/p>\n\n\n\n<p>Der Gewinner wird per E-Mail benachrichtigt, die der Teilnehmer bei der Teilnahme am Gewinnspiel angegeben hat. Von dort aus hat der Gewinner 7 Tage Zeit, um zu antworten und die Lieferadresse anzugeben.<\/p>\n\n\n\n<p>Ohne eine Antwort kann der Anspruch des Gewinners auf den Preis annulliert werden und\/oder die Infinigate (Schweiz) AG kann einen anderen Gewinner ermitteln.<\/p>\n\n\n\n<p><strong>Teilnahme<\/strong><\/p>\n\n\n\n<p>Nur Einwohner aus der Schweiz und Lichtenstein d\u00fcrfen teilnehmen. Es sind ausschliesslich Partner der Infinigate (Schweiz) AG teilnahmeberechtigt.<\/p>\n\n\n\n<p><strong>Preis(e)<\/strong><\/p>\n\n\n\n<p>Falls der Gewinner nicht kontaktiert werden kann oder aus irgendeinem Grund disqualifiziert wird, beh\u00e4lt sich die Infinigate (Schweiz) AG das Recht vor, nach eigenem Ermessen einen anderen Gewinner zu bestimmen oder den Preis nicht zu vergeben.<\/p>\n\n\n\n<p><strong>Lieferung<\/strong><\/p>\n\n\n\n<p>Der Preis wird dem Gewinner so schnell wie m\u00f6glich pers\u00f6nlich \u00fcbergeben oder alternativ per Post zugestellt.<\/p>\n\n\n\n<p><strong>R\u00fcckgabe und R\u00fcckerstattung<\/strong><\/p>\n\n\n\n<p>Der\/die Preis(e) kann\/k\u00f6nnen nicht in andere Artikel, Bargeld oder Geschenkkarten umgetauscht werden.<\/p>\n\n\n\n<p><strong>Die \u00c4nderung der Spielbedingungen<\/strong><\/p>\n\n\n\n<p>Infinigate (Schweiz) AG beh\u00e4lt sich das Recht vor, das Gewinnspiel (inkl. aller Preise) jederzeit anzupassen, zu \u00e4ndern oder zu verschieben, wenn ein erhebliches Interesse besteht, das Gewinnspiel nicht durchzuf\u00fchren oder anzupassen.<\/p>\n\n\n\n<p><strong>Mitarbeiter der Infinigate (Schweiz) AG<\/strong><\/p>\n\n\n\n<p>Die Mitarbeiter der Infinigate (Schweiz) AG&nbsp; k\u00f6nnen nicht an diesen Gewinnspielen teilnehmen.<\/p>\n","protected":false},"excerpt":{"rendered":"<p>Teilnahmebedingungen Gewinnspiel Diese Bedingungen umfassen die Regeln und Vorschriften f\u00fcr das Gewinnspiel \u00abSophos Memory Match\u00bb.&nbsp; Wenn Sie auf diese Website&hellip;<\/p>\n","protected":false},"author":43,"featured_media":0,"parent":0,"menu_order":0,"comment_status":"closed","ping_status":"closed","template":"","meta":{"_acf_changed":false,"footnotes":""},"folder":[1065],"class_list":["post-11670","page","type-page","status-publish","hentry"],"acf":[],"lang":"de","translations":{"de":11670},"distributor_meta":false,"distributor_terms":false,"distributor_media":false,"distributor_original_site_name":"Infinigate | Switzerland","distributor_original_site_url":"https:\/\/www.infinigate.com\/ch","push-errors":false,"pll_sync_post":[],"_links":{"self":[{"href":"https:\/\/www.infinigate.com\/ch\/wp-json\/wp\/v2\/pages\/11670","targetHints":{"allow":["GET"]}}],"collection":[{"href":"https:\/\/www.infinigate.com\/ch\/wp-json\/wp\/v2\/pages"}],"about":[{"href":"https:\/\/www.infinigate.com\/ch\/wp-json\/wp\/v2\/types\/page"}],"author":[{"embeddable":true,"href":"https:\/\/www.infinigate.com\/ch\/wp-json\/wp\/v2\/users\/43"}],"replies":[{"embeddable":true,"href":"https:\/\/www.infinigate.com\/ch\/wp-json\/wp\/v2\/comments?post=11670"}],"version-history":[{"count":0,"href":"https:\/\/www.infinigate.com\/ch\/wp-json\/wp\/v2\/pages\/11670\/revisions"}],"wp:attachment":[{"href":"https:\/\/www.infinigate.com\/ch\/wp-json\/wp\/v2\/media?parent=11670"}],"wp:term":[{"taxonomy":"folder","embeddable":true,"href":"https:\/\/www.infinigate.com\/ch\/wp-json\/wp\/v2\/folder?post=11670"}],"curies":[{"name":"wp","href":"https:\/\/api.w.org\/{rel}","templated":true}]}}