{"id":14367,"date":"2025-08-10T13:02:18","date_gmt":"2025-08-10T11:02:18","guid":{"rendered":"https:\/\/www.infinigate.com\/ch\/?page_id=14367"},"modified":"2025-08-10T13:04:29","modified_gmt":"2025-08-10T11:04:29","slug":"ruckus-zonedirector","status":"publish","type":"page","link":"https:\/\/www.infinigate.com\/ch\/ruckus-zonedirector\/","title":{"rendered":"RUCKUS ZoneDirector"},"content":{"rendered":"<section class=\"media-content wp-block media-content--left media-content--media-type--image has-gray-25-background-color has-background alignfull\">\r\n    <div class=\"media-content__inner\">\r\n        <div class=\"media-content__content\">\r\n                                <h2 class=\"media-content__heading\">Warum jetzt handeln?<\/h2>\r\n            \r\n            \r\n            <p class=\"p1\">Viele RUCKUS-Kunden setzen ihre WLAN-Infrastruktur noch mit einer ZoneDirector-L\u00f6sung ein. Doch diese Plattform ist inzwischen End of Sale \u2013 und damit weder zukunftssicher noch optimal f\u00fcr die heutigen Anforderungen.<\/p>\n<p class=\"p1\">Mit unserer exklusiven <span class=\"s1\"><b>RUCKUS ZoneDirector\u2122 Migration Promotion<\/b><\/span> bieten wir Ihnen jetzt die Chance, Ihre Kunden kosteneffizient auf die neuesten RUCKUS-Managementl\u00f6sungen umzustellen \u2013 inklusive attraktiver Rabatte und Sonderkonditionen.<\/p>\n\r\n                    <\/div>\r\n\r\n                    <div class=\"media-content__media\">\r\n                <img loading=\"lazy\" decoding=\"async\" width=\"1232\" height=\"1569\" src=\"https:\/\/www.infinigate.com\/ch\/wp-content\/uploads\/sites\/21\/2025\/08\/RUCKUS-ZoneDirector_web_3.jpg\" class=\"attachment-super size-super\" alt=\"\" sizes=\"auto, (max-width: 768px) 100vw, 50vw\" srcset=\"https:\/\/www.infinigate.com\/ch\/wp-content\/uploads\/sites\/21\/2025\/08\/RUCKUS-ZoneDirector_web_3.jpg 1232w, https:\/\/www.infinigate.com\/ch\/wp-content\/uploads\/sites\/21\/2025\/08\/RUCKUS-ZoneDirector_web_3-236x300.jpg 236w, https:\/\/www.infinigate.com\/ch\/wp-content\/uploads\/sites\/21\/2025\/08\/RUCKUS-ZoneDirector_web_3-804x1024.jpg 804w, https:\/\/www.infinigate.com\/ch\/wp-content\/uploads\/sites\/21\/2025\/08\/RUCKUS-ZoneDirector_web_3-768x978.jpg 768w, https:\/\/www.infinigate.com\/ch\/wp-content\/uploads\/sites\/21\/2025\/08\/RUCKUS-ZoneDirector_web_3-1206x1536.jpg 1206w\" \/>            <\/div>\r\n            <\/div>\r\n<\/section>\r\n\n\n\n<div class=\"wp-block-group alignfull has-grey-background-color has-background is-layout-constrained wp-block-group-is-layout-constrained\">\n<div class=\"wp-block-columns is-layout-flex wp-container-core-columns-is-layout-9d6595d7 wp-block-columns-is-layout-flex\">\n<div class=\"wp-block-column is-layout-flow wp-block-column-is-layout-flow\">\n<h2 class=\"wp-block-heading is-style-border-left wp-block-heading\" id=\"h-die-migration-im-uberblick\">Die Migration im <strong>\u00dcberblick<\/strong>\u00a0<\/h2>\n\n\n\n<p>Vom&nbsp;<strong>1. April 2025 bis 31. Oktober 2025<\/strong>&nbsp;profitieren berechtigte Kunden von speziellen Migrationspreisen auf die neuesten RUCKUS-L\u00f6sungen:<\/p>\n\n\n\n<ul class=\"wp-block-list\">\n<li><strong>Migration zu RUCKUS SmartZone\u2122<\/strong>\u00a0\u2013 AP-Management mit erweiterten Funktionen und mehr Kontrolle.<\/li>\n\n\n\n<li><strong>Migration zu RUCKUS One\u00ae<\/strong>\u00a0\u2013 Cloudbasierte Verwaltung f\u00fcr maximale Flexibilit\u00e4t und einfache Skalierung.<\/li>\n\n\n\n<li><strong>Migration zu RUCKUS Unleashed\u2122<\/strong>\u00a0\u2013 Lizenzfreie Verwaltung f\u00fcr bis zu 150 APs und 4\u2019000 Clients, inklusive Remote-Zugang.<\/li>\n<\/ul>\n\n\n\n<p>Die Aktion gilt nur f\u00fcr Endkunden, die einen ZoneDirector-Controller besitzen und die Seriennummer angeben k\u00f6nnen.<\/p>\n\n\n<section class=\"cta-banner wp-block alignfull\">\r\n    <div class=\"cta-banner__inner\">\r\n        <div class=\"cta-banner__content\">\r\n\r\n                                <h2 class=\"cta-banner__heading\"><p><strong>Promo-Code:<\/strong>\u00a0RKS-0434<\/p>\n<\/h2>\r\n            \r\n                    <\/div>\r\n\r\n            <\/div>\r\n\r\n    \r\n\r\n<\/section>\r\n<\/div>\n\n\n\n<div class=\"wp-block-column is-layout-flow wp-block-column-is-layout-flow\">\n<figure class=\"wp-block-image size-full\"><img loading=\"lazy\" decoding=\"async\" width=\"1232\" height=\"1569\" src=\"https:\/\/www.infinigate.com\/ch\/wp-content\/uploads\/sites\/21\/2025\/08\/RUCKUS-ZoneDirector_web_2.jpg\" alt=\"\" class=\"wp-image-14369\" srcset=\"https:\/\/www.infinigate.com\/ch\/wp-content\/uploads\/sites\/21\/2025\/08\/RUCKUS-ZoneDirector_web_2.jpg 1232w, https:\/\/www.infinigate.com\/ch\/wp-content\/uploads\/sites\/21\/2025\/08\/RUCKUS-ZoneDirector_web_2-236x300.jpg 236w, https:\/\/www.infinigate.com\/ch\/wp-content\/uploads\/sites\/21\/2025\/08\/RUCKUS-ZoneDirector_web_2-804x1024.jpg 804w, https:\/\/www.infinigate.com\/ch\/wp-content\/uploads\/sites\/21\/2025\/08\/RUCKUS-ZoneDirector_web_2-768x978.jpg 768w, https:\/\/www.infinigate.com\/ch\/wp-content\/uploads\/sites\/21\/2025\/08\/RUCKUS-ZoneDirector_web_2-1206x1536.jpg 1206w\" sizes=\"auto, (max-width: 1232px) 100vw, 1232px\" \/><\/figure>\n<\/div>\n<\/div>\n<\/div>\n\n\n\n<div class=\"wp-block-group alignfull is-layout-constrained wp-block-group-is-layout-constrained\">\n<div class=\"wp-block-columns is-layout-flex wp-container-core-columns-is-layout-9d6595d7 wp-block-columns-is-layout-flex\">\n<div class=\"wp-block-column is-layout-flow wp-block-column-is-layout-flow\">\n<h2 class=\"wp-block-heading is-style-border-left wp-block-heading\" id=\"h-das-ruckus-accelerated-certified-partner-programm\">Das RUCKUS Accelerated Certified <strong>Partner Programm<\/strong><\/h2>\n\n\n\n<p>Mit dieser Aktion kannst du deinen Kunden nicht nur eine moderne, sichere und zukunftsf\u00e4hige WLAN-L\u00f6sung bieten, sondern auch deine eigene Kundenbindung st\u00e4rken:<\/p>\n\n\n\n<ul class=\"wp-block-list\">\n<li><strong>Einfache Abwicklung<\/strong>\u00a0\u2013 Deal-Registration und Seriennummer reichen zur Teilnahme.<\/li>\n\n\n\n<li><strong>Konkurrenzvorteil<\/strong>\u00a0\u2013 Exklusive Sonderkonditionen sichern und vom Wettbewerb abheben.<\/li>\n\n\n\n<li><strong>Zufriedene Kunden<\/strong>\u00a0\u2013 H\u00f6here Performance, Sicherheit und Komfort f\u00fcr bestehende Installationen.<\/li>\n\n\n\n<li><strong>Mehr Umsatzpotenzial<\/strong>\u00a0\u2013 Zusatzverk\u00e4ufe durch neue APs, Support- und Servicepakete.<\/li>\n<\/ul>\n\n\n\n<div class=\"wp-block-buttons is-vertical is-layout-flex wp-container-core-buttons-is-layout-8cf370e7 wp-block-buttons-is-layout-flex\">\n<div class=\"wp-block-button\"><a class=\"wp-block-button__link wp-element-button\" href=\"https:\/\/www.infinigate.com\/ch\/wp-content\/uploads\/sites\/21\/2025\/08\/RKS-0434-ZD-Migration-NAR-EMEA-Promo-Flyer-Partner-1-1.pdf\" target=\"_blank\" rel=\"noreferrer noopener\">Zur Promo (PDF)<\/a><\/div>\n<\/div>\n<\/div>\n\n\n\n<div class=\"wp-block-column is-layout-flow wp-block-column-is-layout-flow\">\n<figure class=\"wp-block-image size-large\"><img loading=\"lazy\" decoding=\"async\" width=\"804\" height=\"1024\" src=\"https:\/\/www.infinigate.com\/ch\/wp-content\/uploads\/sites\/21\/2025\/08\/RUCKUS-ZoneDirector_web_1-804x1024.jpg\" alt=\"\" class=\"wp-image-14368\" srcset=\"https:\/\/www.infinigate.com\/ch\/wp-content\/uploads\/sites\/21\/2025\/08\/RUCKUS-ZoneDirector_web_1-804x1024.jpg 804w, https:\/\/www.infinigate.com\/ch\/wp-content\/uploads\/sites\/21\/2025\/08\/RUCKUS-ZoneDirector_web_1-236x300.jpg 236w, https:\/\/www.infinigate.com\/ch\/wp-content\/uploads\/sites\/21\/2025\/08\/RUCKUS-ZoneDirector_web_1-768x978.jpg 768w, https:\/\/www.infinigate.com\/ch\/wp-content\/uploads\/sites\/21\/2025\/08\/RUCKUS-ZoneDirector_web_1-1206x1536.jpg 1206w, https:\/\/www.infinigate.com\/ch\/wp-content\/uploads\/sites\/21\/2025\/08\/RUCKUS-ZoneDirector_web_1.jpg 1232w\" sizes=\"auto, (max-width: 804px) 100vw, 804px\" \/><\/figure>\n<\/div>\n<\/div>\n<\/div>\n\n\n\n<div class=\"wp-block-cover alignwide has-parallax is-repeated\" id=\"kontaktieren\"><div class=\"wp-block-cover__image-background wp-image-1065 has-parallax is-repeated\" style=\"background-position:50% 50%;background-image:url(https:\/\/infinigatecdev.wpengine.com\/wp-content\/uploads\/2023\/02\/background-texture-2.jpg)\"><\/div><span aria-hidden=\"true\" class=\"wp-block-cover__background has-blue-background-color has-background-dim-0 has-background-dim\"><\/span><div class=\"wp-block-cover__inner-container is-layout-constrained wp-block-cover-is-layout-constrained\">\n<div class=\"wp-block-columns is-layout-flex wp-container-core-columns-is-layout-9d6595d7 wp-block-columns-is-layout-flex\">\n<div class=\"wp-block-column is-layout-flow wp-block-column-is-layout-flow\" style=\"flex-basis:66.66%\">\n<h3 class=\"wp-block-heading has-text-align-left is-style-border-left has-white-color has-text-color has-link-color wp-elements-ac1c9ff9a110f63b82552d84721dc470\" id=\"h-sicheren-sie-sich-jetzt-die-besten-konditionen-fur-ihree-kunden-bevor-die-aktion-endet\">Sicheren Sie sich  jetzt die besten Konditionen f\u00fcr Ihree Kunden \u2013 <strong>bevor die Aktion endet.<\/strong><\/h3>\n\n\n\n<p>Unser Team unterst\u00fctzt Sie bei der Auswahl der passenden L\u00f6sung, der Angebotserstellung und allen Schritten der Migration.<\/p>\n\n\n\n<div class=\"wp-block-buttons is-content-justification-left is-layout-flex wp-container-core-buttons-is-layout-fdcfc74e wp-block-buttons-is-layout-flex\">\n<div class=\"wp-block-button\"><a class=\"wp-block-button__link wp-element-button\" href=\"commscope@infinigate.ch\">Jetzt kontaktieren<\/a><\/div>\n<\/div>\n\n\n\n<p class=\"has-text-align-left has-white-color has-text-color has-link-color wp-elements-635aae90f30ecf2fc89d3fd0f45be989\">E-Mail: <a href=\"mailto:commscope@infinigate.ch\">commscope@infinigate.ch<\/a><br><a href=\"tel:+41 41 799 01 04\">Tel: +41 41 799 01 04<\/a><\/p>\n<\/div>\n\n\n\n<div class=\"wp-block-column is-vertically-aligned-top is-layout-flow wp-block-column-is-layout-flow\" style=\"flex-basis:33.33%\">\n<h2 class=\"wp-block-heading wp-block-heading\" id=\"h-gemeinsam-machen-wir-dein-nachstes-wlan-projekt-zum-erfolg\"><strong>Gemeinsam <\/strong>machen wir dein n\u00e4chstes WLAN-Projekt zum Erfolg.<\/h2>\n<\/div>\n<\/div>\n<\/div><\/div>\n\n\n\n<div class=\"wp-block-columns is-layout-flex wp-container-core-columns-is-layout-9d6595d7 wp-block-columns-is-layout-flex\">\n<div class=\"wp-block-column is-layout-flow wp-block-column-is-layout-flow\">\n<h2 class=\"wp-block-heading is-style-border-left wp-block-heading\" id=\"h-ihre-personlichen-ansprechpartner\">Ihre pers\u00f6nlichen Ansprechpartner<\/h2>\n\n\n\n<p>Gerne sind wir rund um das&nbsp; Portfolio von RUCKUS f\u00fcr Sie da. Wir freuen uns auf Ihre Kontaktaufnahme.<\/p>\n<\/div>\n<\/div>\n\n\n\n<div class=\"wp-block-columns is-layout-flex wp-container-core-columns-is-layout-9d6595d7 wp-block-columns-is-layout-flex\">\n<div class=\"wp-block-column is-content-justification-left is-layout-constrained wp-container-core-column-is-layout-8c890d92 wp-block-column-is-layout-constrained\">    <article class=\"team-member\">\r\n        <div class=\"team-member__inner\">\r\n            <div class=\"team-member__header\">\r\n                <h2 class=\"team-member__heading\">Iris Stamm<\/h2>\r\n                <div class=\"team-member__content\">\r\n                    <div class=\"team-member__job-title\">Inside Sales<\/div>\r\n                                        <div class=\"team-member__email-address\"><a href=\"mailto:co&#109;&#109;s&#099;&#111;&#112;&#101;&#064;i&#110;f&#105;nig&#097;t&#101;.ch\">commscope@infinigate.ch<\/a><\/div>\r\n                                                            <div class=\"team-member__phone-number\"><a href=\"tel:Tel: +41 41 799 01 04\">Tel: +41 41 799 01 04<\/a><\/div>\r\n                                    <\/div>\r\n            <\/div>\r\n       <\/div>\r\n       <div class=\"team-member__image\">\r\n            <div class=\"team-member__image-inner\">\r\n                                    <img loading=\"lazy\" decoding=\"async\" width=\"768\" height=\"960\" src=\"https:\/\/www.infinigate.com\/ch\/wp-content\/uploads\/sites\/21\/2023\/04\/Iris-Stamm_2-768x960.jpg\" class=\"attachment-medium_large size-medium_large\" alt=\"\" srcset=\"https:\/\/www.infinigate.com\/ch\/wp-content\/uploads\/sites\/21\/2023\/04\/Iris-Stamm_2-768x960.jpg 768w, https:\/\/www.infinigate.com\/ch\/wp-content\/uploads\/sites\/21\/2023\/04\/Iris-Stamm_2-240x300.jpg 240w, https:\/\/www.infinigate.com\/ch\/wp-content\/uploads\/sites\/21\/2023\/04\/Iris-Stamm_2-819x1024.jpg 819w, https:\/\/www.infinigate.com\/ch\/wp-content\/uploads\/sites\/21\/2023\/04\/Iris-Stamm_2.jpg 1000w\" sizes=\"auto, (max-width: 768px) 100vw, 768px\" \/>                            <\/div>\r\n        <\/div>\r\n    <\/article>\r\n<\/div>\n\n\n\n<div class=\"wp-block-column is-content-justification-left is-layout-constrained wp-container-core-column-is-layout-8c890d92 wp-block-column-is-layout-constrained\">    <article class=\"team-member\">\r\n        <div class=\"team-member__inner\">\r\n            <div class=\"team-member__header\">\r\n                <h2 class=\"team-member__heading\">Claudia Lanz<\/h2>\r\n                <div class=\"team-member__content\">\r\n                    <div class=\"team-member__job-title\">Inside Sales<\/div>\r\n                                        <div class=\"team-member__email-address\"><a href=\"mailto:&#099;&#111;m&#109;s&#099;ope&#064;&#105;nf&#105;&#110;&#105;gat&#101;&#046;&#099;h\">commscope@infinigate.ch<\/a><\/div>\r\n                                                            <div class=\"team-member__phone-number\"><a href=\"tel:Tel: +41 41 799 01 04\">Tel: +41 41 799 01 04<\/a><\/div>\r\n                                    <\/div>\r\n            <\/div>\r\n       <\/div>\r\n       <div class=\"team-member__image\">\r\n            <div class=\"team-member__image-inner\">\r\n                                    <img loading=\"lazy\" decoding=\"async\" width=\"768\" height=\"960\" src=\"https:\/\/www.infinigate.com\/ch\/wp-content\/uploads\/sites\/21\/2023\/04\/Claudia-Lanz_15-768x960.jpg?ver=1743514225\" class=\"attachment-medium_large size-medium_large\" alt=\"\" srcset=\"https:\/\/www.infinigate.com\/ch\/wp-content\/uploads\/sites\/21\/2023\/04\/Claudia-Lanz_15-768x960.jpg 768w, https:\/\/www.infinigate.com\/ch\/wp-content\/uploads\/sites\/21\/2023\/04\/Claudia-Lanz_15-240x300.jpg 240w, https:\/\/www.infinigate.com\/ch\/wp-content\/uploads\/sites\/21\/2023\/04\/Claudia-Lanz_15-819x1024.jpg 819w, https:\/\/www.infinigate.com\/ch\/wp-content\/uploads\/sites\/21\/2023\/04\/Claudia-Lanz_15.jpg 1000w\" sizes=\"auto, (max-width: 768px) 100vw, 768px\" \/>                            <\/div>\r\n        <\/div>\r\n    <\/article>\r\n<\/div>\n\n\n\n<div class=\"wp-block-column is-content-justification-left is-layout-constrained wp-container-core-column-is-layout-8c890d92 wp-block-column-is-layout-constrained\"><\/div>\n\n\n\n<div class=\"wp-block-column is-layout-constrained wp-block-column-is-layout-constrained\"><\/div>\n<\/div>\n","protected":false},"excerpt":{"rendered":"<p>Die Migration im \u00dcberblick\u00a0 Vom&nbsp;1. April 2025 bis 31. Oktober 2025&nbsp;profitieren berechtigte Kunden von speziellen Migrationspreisen auf die neuesten RUCKUS-L\u00f6sungen:&hellip;<\/p>\n","protected":false},"author":43,"featured_media":0,"parent":0,"menu_order":0,"comment_status":"closed","ping_status":"closed","template":"","meta":{"_acf_changed":false,"footnotes":""},"folder":[1075],"class_list":["post-14367","page","type-page","status-publish","hentry"],"acf":[],"lang":"de","translations":{"de":14367},"distributor_meta":false,"distributor_terms":false,"distributor_media":false,"distributor_original_site_name":"Infinigate | Switzerland","distributor_original_site_url":"https:\/\/www.infinigate.com\/ch","push-errors":false,"pll_sync_post":[],"_links":{"self":[{"href":"https:\/\/www.infinigate.com\/ch\/wp-json\/wp\/v2\/pages\/14367","targetHints":{"allow":["GET"]}}],"collection":[{"href":"https:\/\/www.infinigate.com\/ch\/wp-json\/wp\/v2\/pages"}],"about":[{"href":"https:\/\/www.infinigate.com\/ch\/wp-json\/wp\/v2\/types\/page"}],"author":[{"embeddable":true,"href":"https:\/\/www.infinigate.com\/ch\/wp-json\/wp\/v2\/users\/43"}],"replies":[{"embeddable":true,"href":"https:\/\/www.infinigate.com\/ch\/wp-json\/wp\/v2\/comments?post=14367"}],"version-history":[{"count":0,"href":"https:\/\/www.infinigate.com\/ch\/wp-json\/wp\/v2\/pages\/14367\/revisions"}],"wp:attachment":[{"href":"https:\/\/www.infinigate.com\/ch\/wp-json\/wp\/v2\/media?parent=14367"}],"wp:term":[{"taxonomy":"folder","embeddable":true,"href":"https:\/\/www.infinigate.com\/ch\/wp-json\/wp\/v2\/folder?post=14367"}],"curies":[{"name":"wp","href":"https:\/\/api.w.org\/{rel}","templated":true}]}}