{"id":1613,"date":"2024-04-16T09:57:17","date_gmt":"2024-04-16T07:57:17","guid":{"rendered":"https:\/\/infinigate.wpengine.com\/?page_id=1613"},"modified":"2024-10-09T00:49:00","modified_gmt":"2024-10-08T22:49:00","slug":"technologien","status":"publish","type":"page","link":"https:\/\/www.infinigate.com\/ch\/technologien\/","title":{"rendered":"Infinigate-Technologien"},"content":{"rendered":"\n<figure class=\"wp-block-image alignfull size-full is-style-corner-overlay\"><img loading=\"lazy\" decoding=\"async\" width=\"2000\" height=\"708\" src=\"https:\/\/www.infinigate.com\/ch\/wp-content\/uploads\/sites\/21\/2024\/03\/server_3.jpg\" alt=\"\" class=\"wp-image-5461\" srcset=\"https:\/\/www.infinigate.com\/ch\/wp-content\/uploads\/sites\/21\/2024\/03\/server_3.jpg 2000w, https:\/\/www.infinigate.com\/ch\/wp-content\/uploads\/sites\/21\/2024\/03\/server_3-300x106.jpg 300w, https:\/\/www.infinigate.com\/ch\/wp-content\/uploads\/sites\/21\/2024\/03\/server_3-1024x362.jpg 1024w, https:\/\/www.infinigate.com\/ch\/wp-content\/uploads\/sites\/21\/2024\/03\/server_3-768x272.jpg 768w, https:\/\/www.infinigate.com\/ch\/wp-content\/uploads\/sites\/21\/2024\/03\/server_3-1536x544.jpg 1536w\" sizes=\"auto, (max-width: 2000px) 100vw, 2000px\" \/><\/figure>\n\n\n\n<div class=\"wp-block-columns is-layout-flex wp-container-core-columns-is-layout-9d6595d7 wp-block-columns-is-layout-flex\">\n<div class=\"wp-block-column is-vertically-aligned-top is-layout-flow wp-block-column-is-layout-flow\">\n<h2 class=\"wp-block-heading has-text-align-center wp-block-heading\" id=\"h-moderne-it-sicherheitslosungen\">Moderne IT Sicherheitsl\u00f6sungen<\/h2>\n\n\n\n<p class=\"has-text-align-center\">Wir haben unser Portfolio in Solution Bereiche der IT- Security untergliedert, um Ihnen die Suche nach L\u00f6sungen f\u00fcr bestimmte Bereiche zu vereinfachen.<\/p>\n<\/div>\n<\/div>\n\n\n    <section class=\"cards wp-block animate cards--columns-3 cards--type--default alignwide\">\n        <div class=\"cards__inner\">\n            \n            <div class=\"cards__items\">\n                \n                \n                <article class=\"g-card animate-element has-white-background-color has-background has-image has-link g-card--type--custom\">\r\n        <div class=\"g-card__inner\">\r\n                \r\n\r\n                                        <div class=\"g-card__header\">\r\n                    \r\n\r\n                        <h2 class=\"g-card__heading\">    <a href=\"https:\/\/www.infinigate.com\/ch\/technologies\/cybersecurity\/\">\r\n                Cybersecurity            <\/a>\r\n<\/h2>\r\n                    \r\n                                            <div class=\"g-card__content\">\r\n                            <p>Geben Sie Ihren Kunden die Gewissheit, dass ihre gesch\u00e4ftskritischen Systeme und Daten gesch\u00fctzt sind &#8211; 24x7x365 mit unseren Cybersicherheitsl\u00f6sungen. Unser Ziel ist totale Sicherheit.<\/p>\n<p>&nbsp;<\/p>\n                        <\/div>\r\n                    \r\n                    \r\n                                    <\/div>\r\n            \r\n            \r\n            \r\n            \r\n\r\n\r\n\r\n            \r\n                <a  href=\"https:\/\/www.infinigate.com\/ch\/technologies\/cybersecurity\/\" target=\"\" class=\"g-button--arrow g-card__read-more\">\r\n                Entdecken Sie Cybersicherheit            <\/a>\r\n\r\n                <\/div>\r\n    \r\n            <div class=\"g-card__image\">\r\n                        <div class=\"g-card__image-inner img-fit\">\r\n                <img loading=\"lazy\" decoding=\"async\" width=\"768\" height=\"512\" src=\"https:\/\/www.infinigate.com\/ch\/wp-content\/uploads\/sites\/21\/2024\/03\/Cybersecurity_1-768x512.jpg\" class=\"attachment-medium_large size-medium_large\" alt=\"\" srcset=\"https:\/\/www.infinigate.com\/ch\/wp-content\/uploads\/sites\/21\/2024\/03\/Cybersecurity_1-768x512.jpg 768w, https:\/\/www.infinigate.com\/ch\/wp-content\/uploads\/sites\/21\/2024\/03\/Cybersecurity_1-300x200.jpg 300w, https:\/\/www.infinigate.com\/ch\/wp-content\/uploads\/sites\/21\/2024\/03\/Cybersecurity_1-1024x683.jpg 1024w, https:\/\/www.infinigate.com\/ch\/wp-content\/uploads\/sites\/21\/2024\/03\/Cybersecurity_1.jpg 1344w\" sizes=\"auto, (max-width: 768px) 100vw, 768px\" \/>            <\/div>\r\n            \r\n                    <\/div>\r\n    \r\n    <\/article>\r\n<article class=\"g-card animate-element has-white-background-color has-background has-image has-link g-card--type--custom\">\r\n        <div class=\"g-card__inner\">\r\n                \r\n\r\n                                        <div class=\"g-card__header\">\r\n                    \r\n\r\n                        <h2 class=\"g-card__heading\">    <a href=\"https:\/\/www.infinigate.com\/ch\/technologies\/secure-networks\/\">\r\n                Netzwerk Sicherheit            <\/a>\r\n<\/h2>\r\n                    \r\n                                            <div class=\"g-card__content\">\r\n                            <p>Helfen Sie Ihren Kunden, ihre gesch\u00e4ftskritischen Anwendungen und Daten miteinander zu verbinden und den Endbenutzern ein hervorragendes Erlebnis zu bieten &#8211; mit intelligenten, sicheren und leistungsstarken Netzwerken.<\/p>\n                        <\/div>\r\n                    \r\n                    \r\n                                    <\/div>\r\n            \r\n            \r\n            \r\n            \r\n\r\n\r\n\r\n            \r\n                <a  href=\"https:\/\/www.infinigate.com\/ch\/technologies\/secure-networks\/\" target=\"\" class=\"g-button--arrow g-card__read-more\">\r\n                Entdecken Sie Netzwerk Sicherheit            <\/a>\r\n\r\n                <\/div>\r\n    \r\n            <div class=\"g-card__image\">\r\n                        <div class=\"g-card__image-inner img-fit\">\r\n                <img loading=\"lazy\" decoding=\"async\" width=\"768\" height=\"512\" src=\"https:\/\/www.infinigate.com\/ch\/wp-content\/uploads\/sites\/21\/2024\/03\/Netzwerk-Sicherheit_1-768x512.jpg\" class=\"attachment-medium_large size-medium_large\" alt=\"\" srcset=\"https:\/\/www.infinigate.com\/ch\/wp-content\/uploads\/sites\/21\/2024\/03\/Netzwerk-Sicherheit_1-768x512.jpg 768w, https:\/\/www.infinigate.com\/ch\/wp-content\/uploads\/sites\/21\/2024\/03\/Netzwerk-Sicherheit_1-300x200.jpg 300w, https:\/\/www.infinigate.com\/ch\/wp-content\/uploads\/sites\/21\/2024\/03\/Netzwerk-Sicherheit_1-1024x683.jpg 1024w, https:\/\/www.infinigate.com\/ch\/wp-content\/uploads\/sites\/21\/2024\/03\/Netzwerk-Sicherheit_1.jpg 1344w\" sizes=\"auto, (max-width: 768px) 100vw, 768px\" \/>            <\/div>\r\n            \r\n                    <\/div>\r\n    \r\n    <\/article>\r\n<article class=\"g-card animate-element has-white-background-color has-background has-image has-link g-card--type--custom\">\r\n        <div class=\"g-card__inner\">\r\n                \r\n\r\n                                        <div class=\"g-card__header\">\r\n                    \r\n\r\n                        <h2 class=\"g-card__heading\">    <a href=\"https:\/\/www.infinigate.com\/ch\/Technologien\/secure-cloud\/\">\r\n                Cloud Sicherheit            <\/a>\r\n<\/h2>\r\n                    \r\n                                            <div class=\"g-card__content\">\r\n                            <p>Nutzen Sie unsere Cloud-Experten, um Ihre Kunden bei der Einf\u00fchrung der Cloud zu unterst\u00fctzen und ihnen eine einfache Bereitstellung, Sicherheit, Zugriff und ein As-a-Service-Modell zu bieten.<\/p>\n                        <\/div>\r\n                    \r\n                    \r\n                                    <\/div>\r\n            \r\n            \r\n            \r\n            \r\n\r\n\r\n\r\n            \r\n                <a  href=\"https:\/\/www.infinigate.com\/ch\/Technologien\/secure-cloud\/\" target=\"\" class=\"g-button--arrow g-card__read-more\">\r\n                Entdecken Sie Cloud Sicherheit            <\/a>\r\n\r\n                <\/div>\r\n    \r\n            <div class=\"g-card__image\">\r\n                        <div class=\"g-card__image-inner img-fit\">\r\n                <img loading=\"lazy\" decoding=\"async\" width=\"768\" height=\"512\" src=\"https:\/\/www.infinigate.com\/ch\/wp-content\/uploads\/sites\/21\/2024\/03\/Cloud-Sicherheit_1-768x512.jpg\" class=\"attachment-medium_large size-medium_large\" alt=\"\" srcset=\"https:\/\/www.infinigate.com\/ch\/wp-content\/uploads\/sites\/21\/2024\/03\/Cloud-Sicherheit_1-768x512.jpg 768w, https:\/\/www.infinigate.com\/ch\/wp-content\/uploads\/sites\/21\/2024\/03\/Cloud-Sicherheit_1-300x200.jpg 300w, https:\/\/www.infinigate.com\/ch\/wp-content\/uploads\/sites\/21\/2024\/03\/Cloud-Sicherheit_1-1024x683.jpg 1024w, https:\/\/www.infinigate.com\/ch\/wp-content\/uploads\/sites\/21\/2024\/03\/Cloud-Sicherheit_1.jpg 1344w\" sizes=\"auto, (max-width: 768px) 100vw, 768px\" \/>            <\/div>\r\n            \r\n                    <\/div>\r\n    \r\n    <\/article>\r\n            <\/div>\n\n            \n                <\/section>\n\n\n    <section style=\"--content-grid--columns: 3;\" class=\"content-grid wp-block animate content-grid--3-columns alignwide\">\r\n        <div class=\"content-grid__inner\">\r\n            \r\n\r\n            \r\n\r\n            \r\n                    \r\n                                                    \r\n                    \r\n                                                                        <div class=\"content-grid__items\">\r\n                                                                            <div class=\"content-grid__item has-background has-gray-200-background-color\">\r\n                                                                                            <div class=\"content-grid__item__icon has-background\">\r\n                                                    <div class=\"content-grid__item__icon-inner\">\r\n                                                        <img loading=\"lazy\" decoding=\"async\" width=\"48\" height=\"48\" src=\"https:\/\/www.infinigate.com\/ch\/wp-content\/uploads\/sites\/21\/2024\/03\/upskill-icon.svg\" class=\"attachment-medium_large size-medium_large\" alt=\"\" \/>                                                    <\/div>\r\n                                                <\/div>\r\n                                            \r\n                                                \r\n                                        \r\n                                                                                        <h3 class=\"content-grid__item__heading\">Cybersecurity<\/h3>\r\n                                        \r\n                                                                        <div class=\" content-grid__item__subheading\">\r\n                                            <ul>\n<li>Identity &amp; Privileged Access Management<\/li>\n<li>Web &amp; Email security<\/li>\n<li>Data Security<\/li>\n<li>Cloud Security<\/li>\n<li>OT Security<\/li>\n<li>IoT Security<\/li>\n<li>Vulnerability &amp; Analytics<\/li>\n<li>Endpoint Security<\/li>\n<li>Network Security<\/li>\n<li>Security Operations<\/li>\n<\/ul>\n                                <\/div>\r\n                                        \r\n                                                                        <div class=\"content-grid__item__link\">\r\n                                                <a  href=\"https:\/\/www.infinigate.com\/ch\/technologies\/cybersecurity\/\" target=\"\" class=\"g-button--arrow\">\r\n                Entdecken Sie Cybersicherheit            <\/a>\r\n                                <\/div>\r\n                                        \r\n                        <\/div>\r\n                                                                            <div class=\"content-grid__item has-background has-gray-300-background-color\">\r\n                                                                                            <div class=\"content-grid__item__icon has-background\">\r\n                                                    <div class=\"content-grid__item__icon-inner\">\r\n                                                        <img loading=\"lazy\" decoding=\"async\" width=\"48\" height=\"48\" src=\"https:\/\/www.infinigate.com\/ch\/wp-content\/uploads\/sites\/21\/2024\/03\/transactions-icon.svg\" class=\"attachment-medium_large size-medium_large\" alt=\"\" \/>                                                    <\/div>\r\n                                                <\/div>\r\n                                            \r\n                                                \r\n                                        \r\n                                                                                        <h3 class=\"content-grid__item__heading\">Netzwerk Sicherheit<\/h3>\r\n                                        \r\n                                                                        <div class=\" content-grid__item__subheading\">\r\n                                            <ul>\n<li>AI Driven Networks<\/li>\n<li>Intelligent WIFI<\/li>\n<li>Network Access Control<\/li>\n<li>Network Security<\/li>\n<li>Network Infrastructure<\/li>\n<li>Network Management<\/li>\n<li>Performance visibility<\/li>\n<\/ul>\n                                <\/div>\r\n                                        \r\n                                                                        <div class=\"content-grid__item__link\">\r\n                                                <a  href=\"https:\/\/www.infinigate.com\/ch\/technologies\/secure-networks\/\" target=\"\" class=\"g-button--arrow\">\r\n                Entdecken Sie Netzwerk Sicherheit            <\/a>\r\n                                <\/div>\r\n                                        \r\n                        <\/div>\r\n                                                                            <div class=\"content-grid__item has-background has-gray-400-background-color\">\r\n                                                                                            <div class=\"content-grid__item__icon has-background\">\r\n                                                    <div class=\"content-grid__item__icon-inner\">\r\n                                                        <img loading=\"lazy\" decoding=\"async\" width=\"48\" height=\"48\" src=\"https:\/\/www.infinigate.com\/ch\/wp-content\/uploads\/sites\/21\/2024\/03\/cloud-service-icon.svg\" class=\"attachment-medium_large size-medium_large\" alt=\"\" \/>                                                    <\/div>\r\n                                                <\/div>\r\n                                            \r\n                                                \r\n                                        \r\n                                                                                        <h3 class=\"content-grid__item__heading\">Cloud Sicherheit<\/h3>\r\n                                        \r\n                                                                        <div class=\" content-grid__item__subheading\">\r\n                                            <ul>\n<li>Cloud Security<\/li>\n<li>Secure Productivity<\/li>\n<li>MSP Platforms<\/li>\n<li>Process automation<\/li>\n<li>Marketplaces<\/li>\n<li>Content delivery<\/li>\n<li>Backup &amp; storage<\/li>\n<li>Cloud infrastructure<\/li>\n<li>MDR as a Service<\/li>\n<li>SoC as a Service<\/li>\n<\/ul>\n                                <\/div>\r\n                                        \r\n                                                                        <div class=\"content-grid__item__link\">\r\n                                                <a  href=\"https:\/\/www.infinigate.com\/ch\/Technologien\/secure-cloud\/\" target=\"\" class=\"g-button--arrow\">\r\n                Entdecken Sie Cloud Sicherheit            <\/a>\r\n                                <\/div>\r\n                                        \r\n                        <\/div>\r\n                                                    <\/div>\r\n                                    <\/div>\r\n    <\/section>\r\n","protected":false},"excerpt":{"rendered":"<p>Moderne IT Sicherheitsl\u00f6sungen Wir haben unser Portfolio in Solution Bereiche der IT- Security untergliedert, um Ihnen die Suche nach L\u00f6sungen&hellip;<\/p>\n","protected":false},"author":43,"featured_media":0,"parent":0,"menu_order":10,"comment_status":"closed","ping_status":"closed","template":"","meta":{"_acf_changed":false,"footnotes":""},"folder":[638],"class_list":["post-1613","page","type-page","status-publish","hentry"],"acf":[],"lang":"de","translations":{"de":1613,"en":6379},"distributor_meta":false,"distributor_terms":false,"distributor_media":false,"distributor_original_site_name":"Infinigate | Switzerland","distributor_original_site_url":"https:\/\/www.infinigate.com\/ch","push-errors":false,"pll_sync_post":[],"_links":{"self":[{"href":"https:\/\/www.infinigate.com\/ch\/wp-json\/wp\/v2\/pages\/1613","targetHints":{"allow":["GET"]}}],"collection":[{"href":"https:\/\/www.infinigate.com\/ch\/wp-json\/wp\/v2\/pages"}],"about":[{"href":"https:\/\/www.infinigate.com\/ch\/wp-json\/wp\/v2\/types\/page"}],"author":[{"embeddable":true,"href":"https:\/\/www.infinigate.com\/ch\/wp-json\/wp\/v2\/users\/43"}],"replies":[{"embeddable":true,"href":"https:\/\/www.infinigate.com\/ch\/wp-json\/wp\/v2\/comments?post=1613"}],"version-history":[{"count":0,"href":"https:\/\/www.infinigate.com\/ch\/wp-json\/wp\/v2\/pages\/1613\/revisions"}],"wp:attachment":[{"href":"https:\/\/www.infinigate.com\/ch\/wp-json\/wp\/v2\/media?parent=1613"}],"wp:term":[{"taxonomy":"folder","embeddable":true,"href":"https:\/\/www.infinigate.com\/ch\/wp-json\/wp\/v2\/folder?post=1613"}],"curies":[{"name":"wp","href":"https:\/\/api.w.org\/{rel}","templated":true}]}}