{"id":6154,"date":"2024-04-13T19:23:40","date_gmt":"2024-04-13T17:23:40","guid":{"rendered":"https:\/\/www.infinigate.com\/ch\/?page_id=6154"},"modified":"2026-03-14T20:24:49","modified_gmt":"2026-03-14T19:24:49","slug":"podcast","status":"publish","type":"page","link":"https:\/\/www.infinigate.com\/ch\/podcast\/","title":{"rendered":"Podcast"},"content":{"rendered":"\n<figure class=\"wp-block-image alignfull size-full is-style-default\"><img loading=\"lazy\" decoding=\"async\" width=\"1990\" height=\"600\" src=\"https:\/\/www.infinigate.com\/ch\/wp-content\/uploads\/sites\/21\/2025\/10\/Webseite_had.jpg\" alt=\"\" class=\"wp-image-16024\" srcset=\"https:\/\/www.infinigate.com\/ch\/wp-content\/uploads\/sites\/21\/2025\/10\/Webseite_had.jpg 1990w, https:\/\/www.infinigate.com\/ch\/wp-content\/uploads\/sites\/21\/2025\/10\/Webseite_had-300x90.jpg 300w, https:\/\/www.infinigate.com\/ch\/wp-content\/uploads\/sites\/21\/2025\/10\/Webseite_had-1024x309.jpg 1024w, https:\/\/www.infinigate.com\/ch\/wp-content\/uploads\/sites\/21\/2025\/10\/Webseite_had-768x232.jpg 768w, https:\/\/www.infinigate.com\/ch\/wp-content\/uploads\/sites\/21\/2025\/10\/Webseite_had-1536x463.jpg 1536w\" sizes=\"auto, (max-width: 1990px) 100vw, 1990px\" \/><\/figure>\n\n\n\n<div class=\"wp-block-columns is-layout-flex wp-container-core-columns-is-layout-9d6595d7 wp-block-columns-is-layout-flex\">\n<div class=\"wp-block-column is-layout-flow wp-block-column-is-layout-flow\">\n<h2 class=\"wp-block-heading is-style-border-left wp-block-heading\" id=\"h-cyber-heroes-dein-security-talk-ohne-bla-bla\">Cyber Heroes \u2013 Dein <strong>Security Talk<\/strong> ohne Bla Bla<\/h2>\n\n\n\n<p>In Gespr\u00e4chen mit unabh\u00e4ngigen Experten aus allen Bereichen der Cybersecurity kl\u00e4rt unsere Host Milena alle Fragen \u2013 von Cyberangriffen und Ethical Hacking \u00fcber K\u00fcnstliche Intelligenz bis hin zu rechtlichen Grundlagen &amp; Tipps von erfolgreichen IT-Unternehmen.<\/p>\n<\/div>\n\n\n\n<div class=\"wp-block-column is-layout-flow wp-block-column-is-layout-flow\">    <section class=\"cards wp-block animate cards--columns-3 cards--type--only-logo alignwide\">\n        <div class=\"cards__inner\">\n                            <div class=\"cards__header\">\n                                                <h2 class=\"cards__heading has--heading-border\"><h2>Jetzt<span style=\"color: #ed5740\"> reinh\u00f6ren:<\/span><\/h2>\n<\/h2>\r\n                    \n                    \n                                    <\/div>\n            \n            <div class=\"cards__items\">\n                \n                \n                <article style=\"--g-card--image--object-fit: contain;\" class=\"g-card animate-element has-white-background-color has-background has-image has-link g-card--type--custom\">\r\n    \r\n            <div class=\"g-card__image\">\r\n                                <a href=\"https:\/\/podcasts.apple.com\/us\/podcast\/cyber-heroes\/id1740395097\" class=\"g-card__image__link--only-logo\">\r\n                                <div class=\"g-card__image-inner img-fit\">\r\n                <img loading=\"lazy\" decoding=\"async\" width=\"600\" height=\"175\" src=\"https:\/\/www.infinigate.com\/ch\/wp-content\/uploads\/sites\/21\/2024\/08\/allpe_logo.png\" class=\"attachment-medium_large size-medium_large\" alt=\"\" srcset=\"https:\/\/www.infinigate.com\/ch\/wp-content\/uploads\/sites\/21\/2024\/08\/allpe_logo.png 600w, https:\/\/www.infinigate.com\/ch\/wp-content\/uploads\/sites\/21\/2024\/08\/allpe_logo-300x88.png 300w\" sizes=\"auto, (max-width: 600px) 100vw, 600px\" \/>            <\/div>\r\n                                <\/a>\r\n            \r\n                    <\/div>\r\n    \r\n    <\/article>\r\n<article style=\"--g-card--image--object-fit: contain;\" class=\"g-card animate-element has-white-background-color has-background has-image has-link g-card--type--custom\">\r\n    \r\n            <div class=\"g-card__image\">\r\n                                <a href=\"https:\/\/open.spotify.com\/show\/2CQ9j9bHdCIu8uwVsIB7EM?si=1c6761b044ef4805\" class=\"g-card__image__link--only-logo\">\r\n                                <div class=\"g-card__image-inner img-fit\">\r\n                <img loading=\"lazy\" decoding=\"async\" width=\"600\" height=\"175\" src=\"https:\/\/www.infinigate.com\/ch\/wp-content\/uploads\/sites\/21\/2024\/08\/spoty_logo.png\" class=\"attachment-medium_large size-medium_large\" alt=\"\" srcset=\"https:\/\/www.infinigate.com\/ch\/wp-content\/uploads\/sites\/21\/2024\/08\/spoty_logo.png 600w, https:\/\/www.infinigate.com\/ch\/wp-content\/uploads\/sites\/21\/2024\/08\/spoty_logo-300x88.png 300w\" sizes=\"auto, (max-width: 600px) 100vw, 600px\" \/>            <\/div>\r\n                                <\/a>\r\n            \r\n                    <\/div>\r\n    \r\n    <\/article>\r\n<article style=\"--g-card--image--object-fit: contain;\" class=\"g-card animate-element has-white-background-color has-background has-image has-link g-card--type--custom\">\r\n    \r\n            <div class=\"g-card__image\">\r\n                                <a href=\"https:\/\/music.amazon.de\/podcasts\/657c0fd7-9244-4cc3-b67d-7e3fa360e8f6\/cyber-heroes\" class=\"g-card__image__link--only-logo\">\r\n                                <div class=\"g-card__image-inner img-fit\">\r\n                <img loading=\"lazy\" decoding=\"async\" width=\"600\" height=\"175\" src=\"https:\/\/www.infinigate.com\/ch\/wp-content\/uploads\/sites\/21\/2024\/08\/amazon_logo.png\" class=\"attachment-medium_large size-medium_large\" alt=\"\" srcset=\"https:\/\/www.infinigate.com\/ch\/wp-content\/uploads\/sites\/21\/2024\/08\/amazon_logo.png 600w, https:\/\/www.infinigate.com\/ch\/wp-content\/uploads\/sites\/21\/2024\/08\/amazon_logo-300x88.png 300w\" sizes=\"auto, (max-width: 600px) 100vw, 600px\" \/>            <\/div>\r\n                                <\/a>\r\n            \r\n                    <\/div>\r\n    \r\n    <\/article>\r\n            <\/div>\n\n            \n                <\/section>\n<\/div>\n<\/div>\n\n\n\n<div class=\"wp-block-columns is-layout-flex wp-container-core-columns-is-layout-9d6595d7 wp-block-columns-is-layout-flex\">\n<div class=\"wp-block-column is-layout-flow wp-block-column-is-layout-flow\">\n<iframe loading=\"lazy\" width=\"100%\" height=\"700\" src=\"https:\/\/player.captivate.fm\/show\/85f73289-dfd5-4cd0-8110-8ca3b6d99042\"><\/iframe>\n<\/div>\n<\/div>\n\n\n\n<div class=\"wp-block-columns is-layout-flex wp-container-core-columns-is-layout-9d6595d7 wp-block-columns-is-layout-flex\">\n<div class=\"wp-block-column is-layout-flow wp-block-column-is-layout-flow\">\n<div class=\"wp-block-cover\" style=\"min-height:168px;aspect-ratio:unset;\"><img loading=\"lazy\" decoding=\"async\" width=\"1024\" height=\"512\" class=\"wp-block-cover__image-background wp-image-16026 size-large\" alt=\"\" src=\"https:\/\/www.infinigate.com\/ch\/wp-content\/uploads\/sites\/21\/2025\/10\/podcas_hg-kontakt-1024x512.jpg\" data-object-fit=\"cover\" srcset=\"https:\/\/www.infinigate.com\/ch\/wp-content\/uploads\/sites\/21\/2025\/10\/podcas_hg-kontakt-1024x512.jpg 1024w, https:\/\/www.infinigate.com\/ch\/wp-content\/uploads\/sites\/21\/2025\/10\/podcas_hg-kontakt-300x150.jpg 300w, https:\/\/www.infinigate.com\/ch\/wp-content\/uploads\/sites\/21\/2025\/10\/podcas_hg-kontakt-768x384.jpg 768w, https:\/\/www.infinigate.com\/ch\/wp-content\/uploads\/sites\/21\/2025\/10\/podcas_hg-kontakt.jpg 1536w\" sizes=\"auto, (max-width: 1024px) 100vw, 1024px\" \/><span aria-hidden=\"true\" class=\"wp-block-cover__background has-background-dim\" style=\"background-color:#4b3461\"><\/span><div class=\"wp-block-cover__inner-container is-layout-constrained wp-block-cover-is-layout-constrained\">\n<div class=\"wp-block-columns is-layout-flex wp-container-core-columns-is-layout-9d6595d7 wp-block-columns-is-layout-flex\">\n<div class=\"wp-block-column is-layout-flow wp-block-column-is-layout-flow\" style=\"flex-basis:66.66%\"><\/div>\n\n\n\n<div class=\"wp-block-column is-vertically-aligned-bottom is-layout-flow wp-block-column-is-layout-flow\" style=\"flex-basis:33.33%\"><\/div>\n<\/div>\n\n\n\n<div class=\"wp-block-columns is-layout-flex wp-container-core-columns-is-layout-9d6595d7 wp-block-columns-is-layout-flex\">\n<div class=\"wp-block-column is-layout-flow wp-block-column-is-layout-flow\" style=\"flex-basis:66.66%\">\n<h3 class=\"wp-block-heading has-text-align-left has-white-color has-text-color has-link-color wp-elements-f2cbba49f2335408c85e9dd6beadc546\" id=\"h-hast-du-feedback-zu-einer-folge-oder-wunschst-dir-von-uns-unterstutzung-zu-einem-besprochenen-thema\">Hast du Feedback zu einer Folge oder w\u00fcnschst dir<br>von uns Unterst\u00fctzung zu einem besprochenen Thema?<\/h3>\n\n\n\n<p class=\"has-text-align-left has-white-color has-text-color has-link-color wp-elements-12aafab15b90e267ccaab3a7caf7f586\">Wir sind gerne f\u00fcr dich da! Kontaktiere uns \u00fcber<br>&nbsp;<a href=\"mailto:cyberheroes@infinigate.ch\">cyberheroes@infinigate.ch<\/a>. Wir freuen uns auch \u00fcber <br>deine Themenw\u00fcnsche f\u00fcr zuk\u00fcnftige Folgen. <br>Schreib uns einfach eine Mail.<\/p>\n<\/div>\n\n\n\n<div class=\"wp-block-column is-vertically-aligned-center is-layout-flow wp-block-column-is-layout-flow\" style=\"flex-basis:33.33%\">\n<div class=\"wp-block-buttons is-content-justification-center is-layout-flex wp-container-core-buttons-is-layout-28206b41 wp-block-buttons-is-layout-flex\">\n<div class=\"wp-block-button is-style-default\"><a class=\"wp-block-button__link wp-element-button\" href=\"mailto:cyberheroes@infinigate.ch\">Kontakt<\/a><\/div>\n<\/div>\n<\/div>\n<\/div>\n<\/div><\/div>\n<\/div>\n<\/div>\n","protected":false},"excerpt":{"rendered":"<p>Cyber Heroes \u2013 Dein Security Talk ohne Bla Bla In Gespr\u00e4chen mit unabh\u00e4ngigen Experten aus allen Bereichen der Cybersecurity kl\u00e4rt&hellip;<\/p>\n","protected":false},"author":43,"featured_media":6175,"parent":0,"menu_order":0,"comment_status":"closed","ping_status":"closed","template":"","meta":{"_acf_changed":false,"footnotes":""},"folder":[850],"class_list":["post-6154","page","type-page","status-publish","has-post-thumbnail","hentry"],"acf":[],"lang":"de","translations":{"de":6154,"en":6162},"distributor_meta":false,"distributor_terms":false,"distributor_media":false,"distributor_original_site_name":"Infinigate | Switzerland","distributor_original_site_url":"https:\/\/www.infinigate.com\/ch","push-errors":false,"pll_sync_post":[],"_links":{"self":[{"href":"https:\/\/www.infinigate.com\/ch\/wp-json\/wp\/v2\/pages\/6154","targetHints":{"allow":["GET"]}}],"collection":[{"href":"https:\/\/www.infinigate.com\/ch\/wp-json\/wp\/v2\/pages"}],"about":[{"href":"https:\/\/www.infinigate.com\/ch\/wp-json\/wp\/v2\/types\/page"}],"author":[{"embeddable":true,"href":"https:\/\/www.infinigate.com\/ch\/wp-json\/wp\/v2\/users\/43"}],"replies":[{"embeddable":true,"href":"https:\/\/www.infinigate.com\/ch\/wp-json\/wp\/v2\/comments?post=6154"}],"version-history":[{"count":1,"href":"https:\/\/www.infinigate.com\/ch\/wp-json\/wp\/v2\/pages\/6154\/revisions"}],"predecessor-version":[{"id":19318,"href":"https:\/\/www.infinigate.com\/ch\/wp-json\/wp\/v2\/pages\/6154\/revisions\/19318"}],"wp:featuredmedia":[{"embeddable":true,"href":"https:\/\/www.infinigate.com\/ch\/wp-json\/wp\/v2\/media\/6175"}],"wp:attachment":[{"href":"https:\/\/www.infinigate.com\/ch\/wp-json\/wp\/v2\/media?parent=6154"}],"wp:term":[{"taxonomy":"folder","embeddable":true,"href":"https:\/\/www.infinigate.com\/ch\/wp-json\/wp\/v2\/folder?post=6154"}],"curies":[{"name":"wp","href":"https:\/\/api.w.org\/{rel}","templated":true}]}}