{"id":6283,"date":"2024-04-13T23:28:08","date_gmt":"2024-04-13T21:28:08","guid":{"rendered":"https:\/\/www.infinigate.com\/ch\/?page_id=6283"},"modified":"2024-04-16T19:12:26","modified_gmt":"2024-04-16T17:12:26","slug":"ebusiness-vereinbarung","status":"publish","type":"page","link":"https:\/\/www.infinigate.com\/ch\/ebusiness-vereinbarung\/","title":{"rendered":"eBusiness Vereinbarung"},"content":{"rendered":"\n<h5 class=\"wp-block-heading wp-block-heading\" id=\"h-vereinbarung-uber-den-elektronischen-datenabruf\">Vereinbarung \u00fcber den elektronischen Datenabruf<\/h5>\n\n\n\n<p>Mit dieser Vereinbarung beabsichtigen die Parteien, die technische Kommunikation f\u00fcr den elektronischen Austausch von Gesch\u00e4ftsdokumenten zwischen Infinigate dem hierf\u00fcr autorisierten Partner auf m\u00f6glichst einfache Weise zu regeln. Infinigate stellt dem autorisierten Partner \u00fcber das eBusiness Portal verschiedene Dienstleistungen zur Verf\u00fcgung, mit der Produktinformationen, Preislisten, Informationen zu Kunden- und Projektdaten, Bestellungen, Rechnungen und andere Dokumenttypen elektronisch ausgetauscht werden k\u00f6nnen.<br><br>Um die Dienste auf der eBusiness Plattform nutzen zu k\u00f6nnen, muss jeder Partner vorab diese Nutzervereinbarung anerkennen. Ohne die Anerkennung dieser Nutzervereinbarung kann der Partner nicht autorisiert werden. Der Zugang zum eBusiness Portal erfolgt durch Angabe eines individuell erteilten Benutzernamens und eines Kennwortes, das vom Partner selbst definiert werden kann.<br><br>Mit Nutzung der eBusiness Plattform und der darin zur Verf\u00fcgung gestellten Informationen \/ Daten erkl\u00e4rt der Partner ausdr\u00fccklich die Anerkennung der Bedingungen dieser eBusiness Vereinbarung. Der Partner erkennt an, dass die Leistung von Infinigate ausschliesslich in der jederzeit widerruflichen Bereitstellung der Daten und Informationen \u00fcber das Internet liegt, und diese Daten und Informationen, insbesondere Produktdaten \/ -informationen, urheberrechtlich gesch\u00fctzt sind. Infinigate \u00fcbernimmt keinerlei Gew\u00e4hr und\/oder Haftung f\u00fcr die bereitgestellten Daten, sei es f\u00fcr inhaltliche Richtigkeit, Aktualit\u00e4t, Freiheit von Rechten Dritter, Vollst\u00e4ndigkeit oder die Berechtigung des Kunden zur weitergehenden Nutzung der Daten und Informationen. Infinigate ist weder dazu verpflichtet, die Daten \/ Informationen auf ihre Richtigkeit und Vollst\u00e4ndigkeit hin zu \u00fcberpr\u00fcfen, noch diese dauerhaft und ohne Unterbrechung bereit zu stellen.<br><br>Dem Vertragspartner wird jederzeit widerruflich einger\u00e4umt, dass er die auf der Infinigate Plattform zur Verf\u00fcgung gestellten Informationen ausschliesslich im Rahmen und f\u00fcr Zwecke der Datenpflege der eigenen Warenwirtschaftsdatenbank nutzen kann. Eine Nutzung der Daten au\u00dferhalb dieser Zweckbestimmung ist dem Vertragspartner untersagt. Der Vertragspartner wird seine Mitarbeiter entsprechend verpflichten.<br><br>Der Zugang der Vertragspartner besteht ausschliesslich online nach Freischaltung des Partners durch Infinigate und Zuteilung der Zugangsberechtigung mit Username und Passwort.<br><br>Elektronisch \u00fcbermittelte Bestellungen und empfangene Auftragsbest\u00e4tigungen gelten als schriftlich \u00fcbermittelt und unterschrieben, die enthaltene Benutzerkennung (Username und Passwort) gilt als Nachweis f\u00fcr die Identit\u00e4t des Absenders. Dies bedeutet, dass der anhand der Benutzerkennung individualisierte Vertriebspartner an jede Bestellung in seinem Namen gebunden ist. Der Vertriebspartner hat seine Bestellangaben sorgf\u00e4ltig zu pr\u00fcfen.<\/p>\n\n\n\n<p>Elektronische Angebote und Preisangaben auf der Infinigate eBusiness Plattform sind freibleibend und unverbindlich und verstehen sich vorbehaltlich der Zustimmung und Lieferung durch den jeweiligen Hersteller. Erst mit Erhalt der Auftragsbest\u00e4tigung seitens Infinigate kommt der Kaufvertrag zustande. F\u00fcr die Vertraulichkeit der elektronisch \u00fcbermittelten Daten gelten die gleichen Grunds\u00e4tze, wie f\u00fcr auf andere Weise \u00fcbermittelte Daten. Im \u00dcbrigen sind die Grunds\u00e4tze ordnungsgem\u00e4sser Datenverarbeitung, Datensicherung und Datenspeicherung einzuhalten. \u00dcber die Zugangsdaten erkl\u00e4rt der Vertragspartner absolute Geheimhaltungspflicht und wird diese niemanden unberechtigt zur Verf\u00fcgung stellen. Der Vertragspartner ist f\u00fcr die Geheimhaltung der Zugangsdaten zust\u00e4ndig. Sollte ein Mitarbeiter des Vertragspartners, der diese Zugangsdaten kennt, das Unternehmen verlassen oder diese einer unberechtigten Person (z.B. Mitbewerber) mitteilen, muss der Vertragspartner unverz\u00fcglich um die Sperrung der alten Zugangsdaten bei Infinigate bem\u00fcht sein und dort neue Zugangsdaten anfordern. Die Verantwortung hierf\u00fcr liegt beim Vertragspartner. In bestimmten F\u00e4llen werden von Infinigate ausschliesslich personalisierte Zug\u00e4nge erteilt, z.B. f\u00fcr den Online Shop unter www.infinigate.ch. Wird ein solcher personalisierter Zugang erteilt, handelt es sich hierbei um ein Nutzerkonto, das ausschliesslich f\u00fcr die personalisierte Nutzung erstellt wird. Sofern ein personalisierter Zugang erstellt wird, ist dieser ausschliesslich f\u00fcr diese Person bestimmt und darf nicht mit anderen Personen geteilt werden, unabh\u00e4ngig davon, ob die anderen Personen ebenfalls beim Partner besch\u00e4ftigt sind. Der Vertragspartner hat daher Sorge zu tragen, dass seine Zugangsdaten sicher und f\u00fcr andere nicht zugreifbar bleiben. Der Vertragspartner beachtet s\u00e4mtliche Schutzrechte von Infinigate.<\/p>\n\n\n\n<p>Erh\u00e4lt eine nicht berechtigte Person dennoch Kenntnis der Zugangsdaten und kann sich Daten (z.B. eine Preisliste) unberechtigt herunterladen, haftet der jeweilige Vertragspartner, dem diese Zugangsdaten ausgestellt worden waren f\u00fcr Sch\u00e4den, Verluste, Aufwendungen etc. die daraus entstehen. Infinigate verweist auf den Haftungsausschluss in ihren AGB und schliesst hiermit nochmals jegliche Haftung f\u00fcr falsche Daten, Datenverlust, Datenvernichtung und \u00dcbermittlung, versp\u00e4tete Sperrung der Zugangsdaten etc. aus.<\/p>\n\n\n\n<p>Infinigate haftet nicht f\u00fcr den Verlust von Daten auf dem \u00dcbertragungsweg etc., da bei internetbasierten Leistungen immer mit Ausfallrisiken gerechnet werden muss und daher f\u00fcr eine ununterbrochene Funktionsf\u00e4higkeit keinerlei Gew\u00e4hr \u00fcbernommen wird. Der Vertragspartner \u00fcbernimmt die Bereitstellung der notwendigen Zugangsmittel und alle Zugangs- und \u00dcbertragungskosten. Er sorgt f\u00fcr ausreichende Schutzmassnahmen zur Datensicherung.<\/p>\n\n\n\n<p>Der Zugang ist jederzeit widerrufbar. Bei Beendigung der Vertragspartnerschaft, Verstoss gegen diese Nutzungsbedingungen, missbr\u00e4uchlicher Nutzung oder aus sonstigen berechtigten Gr\u00fcnden beh\u00e4lt sich Infinigate das Recht vor, ohne Einhaltung einer Frist den Zugang sofort zu sperren und zu l\u00f6schen.<\/p>\n\n\n\n<p>Erg\u00e4nzend zu diesen Bedingungen gelten die <a href=\"https:\/\/www.infinigate.com\/ch\/en\/agb\/\">AGB<\/a><\/p>\n\n\n\n<p><\/p>\n","protected":false},"excerpt":{"rendered":"<p>Vereinbarung \u00fcber den elektronischen Datenabruf Mit dieser Vereinbarung beabsichtigen die Parteien, die technische Kommunikation f\u00fcr den elektronischen Austausch von Gesch\u00e4ftsdokumenten&hellip;<\/p>\n","protected":false},"author":43,"featured_media":0,"parent":0,"menu_order":0,"comment_status":"closed","ping_status":"closed","template":"","meta":{"_acf_changed":false,"footnotes":""},"folder":[],"class_list":["post-6283","page","type-page","status-publish","hentry"],"acf":[],"lang":"de","translations":{"de":6283,"en":6186},"distributor_meta":false,"distributor_terms":false,"distributor_media":false,"distributor_original_site_name":"Infinigate | Switzerland","distributor_original_site_url":"https:\/\/www.infinigate.com\/ch","push-errors":false,"pll_sync_post":[],"_links":{"self":[{"href":"https:\/\/www.infinigate.com\/ch\/wp-json\/wp\/v2\/pages\/6283","targetHints":{"allow":["GET"]}}],"collection":[{"href":"https:\/\/www.infinigate.com\/ch\/wp-json\/wp\/v2\/pages"}],"about":[{"href":"https:\/\/www.infinigate.com\/ch\/wp-json\/wp\/v2\/types\/page"}],"author":[{"embeddable":true,"href":"https:\/\/www.infinigate.com\/ch\/wp-json\/wp\/v2\/users\/43"}],"replies":[{"embeddable":true,"href":"https:\/\/www.infinigate.com\/ch\/wp-json\/wp\/v2\/comments?post=6283"}],"version-history":[{"count":0,"href":"https:\/\/www.infinigate.com\/ch\/wp-json\/wp\/v2\/pages\/6283\/revisions"}],"wp:attachment":[{"href":"https:\/\/www.infinigate.com\/ch\/wp-json\/wp\/v2\/media?parent=6283"}],"wp:term":[{"taxonomy":"folder","embeddable":true,"href":"https:\/\/www.infinigate.com\/ch\/wp-json\/wp\/v2\/folder?post=6283"}],"curies":[{"name":"wp","href":"https:\/\/api.w.org\/{rel}","templated":true}]}}