{"id":12801,"date":"2024-07-22T13:54:54","date_gmt":"2024-07-22T12:54:54","guid":{"rendered":"https:\/\/www.infinigate.com\/de\/?page_id=12801"},"modified":"2025-06-29T22:36:54","modified_gmt":"2025-06-29T20:36:54","slug":"globale-logistik","status":"publish","type":"page","link":"https:\/\/www.infinigate.com\/de\/services\/globale-logistik\/","title":{"rendered":"Globale Logistik"},"content":{"rendered":"\n<figure class=\"wp-block-image alignfull size-full is-style-corner-overlay\"><img decoding=\"async\" src=\"https:\/\/www.infinigate.com\/ch\/wp-content\/uploads\/sites\/21\/2024\/03\/logistik_banner_1.jpg\" alt=\"\" class=\"wp-image-5568\"\/><\/figure>\n\n\n<section class=\"media-content wp-block media-content--right media-content--media-type--image has-white-background-color has-background alignfull\">\r\n    <div class=\"media-content__inner\">\r\n        <div class=\"media-content__content\">\r\n            \r\n            \r\n            <p>Unsere globalen Logistikdienste erm\u00f6glichen eine schnelle Lieferung der Kundenausr\u00fcstung.<\/p>\n<p>Getrennte Infinigate-Lager in der EU und im Vereinigten K\u00f6nigreich stellen sicher, dass Ihre Kunden ihre Projekttermine einhalten k\u00f6nnen, ohne dass es zu Verz\u00f6gerungen oder Unterbrechungen kommt.<\/p>\n<p>Ausserhalb in der EU arbeiten wir mit erstklassigen Partnern zusammen, um den Import von IT- und Netzwerkinfrastruktur zu erleichtern.<\/p>\n\r\n                            <div class=\"flex-list\">\r\n                        <a  href=\"\/de\/kontakt\/\" target=\"\" class=\"g-button\">\r\n                Kontaktieren Sie uns            <\/a>\r\n                <\/div>\r\n                    <\/div>\r\n\r\n                    <div class=\"media-content__media\">\r\n                <img loading=\"lazy\" decoding=\"async\" width=\"900\" height=\"656\" src=\"https:\/\/www.infinigate.com\/de\/wp-content\/uploads\/sites\/25\/2024\/07\/global-logistics-1.jpg\" class=\"attachment-super size-super\" alt=\"\" sizes=\"auto, (max-width: 768px) 100vw, 50vw\" srcset=\"https:\/\/www.infinigate.com\/de\/wp-content\/uploads\/sites\/25\/2024\/07\/global-logistics-1.jpg 900w, https:\/\/www.infinigate.com\/de\/wp-content\/uploads\/sites\/25\/2024\/07\/global-logistics-1-300x219.jpg 300w, https:\/\/www.infinigate.com\/de\/wp-content\/uploads\/sites\/25\/2024\/07\/global-logistics-1-768x560.jpg 768w\" \/>            <\/div>\r\n            <\/div>\r\n<\/section>\r\n\n\n\n<div class=\"wp-block-columns is-layout-flex wp-container-core-columns-is-layout-9d6595d7 wp-block-columns-is-layout-flex\">\n<div class=\"wp-block-column is-layout-flow wp-block-column-is-layout-flow\">\n<p>Unser Logistik Team ber\u00e4t und unterst\u00fctzt Sie in allen Alltagsfragen sowie bei besonderen Anforderungen, z.B. bei komplexen Abwicklungen oder Lieferungen ins Ausland. Wir sorgen daf\u00fcr, dass Sie stets einen aktuellen Informationsstand haben und von der Bestellung bis zur Auslieferung Ihren Kunden einen exzellenten Workflow bieten k\u00f6nnen. Mit unseren Spezialisten f\u00fcr die digitale Anbindung und Abwicklung realisieren wir Ihre Anforderungen an die Verkn\u00fcpfung Ihrer und unserer Systeme.<\/p>\n<\/div>\n\n\n\n<div class=\"wp-block-column is-layout-flow wp-block-column-is-layout-flow\">\n<p class=\"is-style-large-body\">Wir bieten Ihnen folgende logistische Services an:&nbsp;<\/p>\n\n\n\n<ul class=\"wp-block-list\">\n<li>Terminierte Lieferungen<\/li>\n\n\n\n<li>Order-Tracking (\u00fcber das Partner Portal)<\/li>\n\n\n\n<li>Teil- oder Komplettlieferungen<\/li>\n\n\n\n<li>Preislistenexport in verschiedenen Formaten (PriceFeed) Software-Lieferungen per E-Mail<\/li>\n\n\n\n<li>Private Labeling: Wir liefern an Ihre Kunden, Lieferscheine mit Ihrem Logo und Absender<\/li>\n<\/ul>\n<\/div>\n<\/div>\n\n\n\n<div class=\"wp-block-columns is-layout-flex wp-container-core-columns-is-layout-9d6595d7 wp-block-columns-is-layout-flex\">\n<div class=\"wp-block-column is-layout-flow wp-block-column-is-layout-flow\">\n<h2 class=\"wp-block-heading is-style-border-left wp-block-heading\" id=\"h-private-labeling\">Private Labeling<\/h2>\n<\/div>\n<\/div>\n\n\n\n<div class=\"wp-block-columns is-layout-flex wp-container-core-columns-is-layout-9d6595d7 wp-block-columns-is-layout-flex\">\n<div class=\"wp-block-column is-layout-flow wp-block-column-is-layout-flow\">\n<p>Wollen Sie als unser Kunde, dass wir Ihre bestellte Ware von unserem Infinigate Lager direkt an Ihren Endkunden schicken und nur Ihr Logo auf dem Lieferschein erscheint, so spricht man von Private Labeling!<\/p>\n\n\n\n<p>Normalerweise w\u00fcrde der Sendung ein Lieferschein mit Infinigate Logo beiliegen. Mit dem Private Labeling Service bekommt Ihr Endkunde die Ware direkt von uns geschickt, ABER mit einem &#8222;IHREM&#8220; Lieferschein, d.h. inklusive Ihrem Firmen-Logo und Anschrift.<\/p>\n\n\n\n<p><strong>Was ben\u00f6tigen wir um den Private Labeling Service f\u00fcr Sie umzusetzen?<\/strong><\/p>\n\n\n\n<p>1. Ihr Firmen-Logo &#8211;  300 x 150 Pixel\/96 dpi.<\/p>\n\n\n\n<p>2. Zudem besteht die M\u00f6glichkeit 2 Zeilen mit jeweils 80 Zeichen frei zu definieren. Diese Zeilen werden im unteren Bereich des Lieferscheins angedruckt.<\/p>\n\n\n\n<p>Hier k\u00f6nnen Sie direkt den Private Labeling Service f\u00fcr sich beantragen:&nbsp;<\/p>\n<\/div>\n\n\n\n<div class=\"wp-block-column is-layout-flow wp-block-column-is-layout-flow\">\n<figure class=\"wp-block-image size-large\"><img decoding=\"async\" src=\"https:\/\/www.infinigate.com\/ch\/wp-content\/uploads\/sites\/21\/2024\/04\/privat_labeling-768x768.jpg\" alt=\"\" class=\"wp-image-5683\"\/><\/figure>\n<\/div>\n<\/div>\n\n\n\n<div class=\"wp-block-cover alignwide has-parallax is-repeated\" id=\"kontaktieren\"><span aria-hidden=\"true\" class=\"wp-block-cover__background has-blue-background-color has-background-dim-0 has-background-dim\"><\/span><div class=\"wp-block-cover__image-background wp-image-1065 has-parallax is-repeated\" style=\"background-position:50% 50%;background-image:url(https:\/\/infinigatecdev.wpengine.com\/wp-content\/uploads\/2023\/02\/background-texture-2.jpg)\"><\/div><div class=\"wp-block-cover__inner-container is-layout-constrained wp-block-cover-is-layout-constrained\">\n<div class=\"wp-block-columns is-layout-flex wp-container-core-columns-is-layout-9d6595d7 wp-block-columns-is-layout-flex\">\n<div class=\"wp-block-column is-layout-flow wp-block-column-is-layout-flow\" style=\"flex-basis:66.66%\">\n<h3 class=\"wp-block-heading has-text-align-left has-white-color has-text-color has-link-color wp-elements-82e8d301b4fd1019c4e9eb3926564de8\" id=\"h-private-labeling-0\">Private Labeling<\/h3>\n\n\n\n<p>Wir liefern an Ihre Kunden, Lieferscheine mit Ihrem Logo und Absender<\/p>\n<\/div>\n\n\n\n<div class=\"wp-block-column is-vertically-aligned-center is-layout-flow wp-block-column-is-layout-flow\" style=\"flex-basis:33.33%\">\n<p class=\"has-text-align-center has-white-color has-text-color has-link-color wp-elements-b5b846164d20384fe52a5617fe3cc144\">Email: <a href=\"mailto:info@infinigate.de\">info@infiniga<\/a><a href=\"mailto:n-able@infinigate.ch\">te.de<\/a><br>Tel: <a href=\"tel:+4989890480\">+49 89 89048-0<\/a><\/p>\n\n\n\n<div class=\"wp-block-buttons is-content-justification-center is-layout-flex wp-container-core-buttons-is-layout-16018d1d wp-block-buttons-is-layout-flex\">\n<div class=\"wp-block-button\"><a class=\"wp-block-button__link wp-element-button\" href=\"mailto:info@infinigate.de\">Jetzt anmelden<\/a><\/div>\n<\/div>\n<\/div>\n<\/div>\n<\/div><\/div>\n","protected":false},"excerpt":{"rendered":"<p>Unser Logistik Team ber\u00e4t und unterst\u00fctzt Sie in allen Alltagsfragen sowie bei besonderen Anforderungen, z.B. bei komplexen Abwicklungen oder Lieferungen&hellip;<\/p>\n","protected":false},"author":36,"featured_media":12802,"parent":851,"menu_order":0,"comment_status":"closed","ping_status":"closed","template":"","meta":{"_acf_changed":false,"footnotes":""},"folder":[431],"class_list":["post-12801","page","type-page","status-publish","has-post-thumbnail","hentry"],"acf":[],"distributor_meta":false,"distributor_terms":false,"distributor_media":false,"distributor_original_site_name":"Infinigate | Deutschland","distributor_original_site_url":"https:\/\/www.infinigate.com\/de","push-errors":false,"_links":{"self":[{"href":"https:\/\/www.infinigate.com\/de\/wp-json\/wp\/v2\/pages\/12801","targetHints":{"allow":["GET"]}}],"collection":[{"href":"https:\/\/www.infinigate.com\/de\/wp-json\/wp\/v2\/pages"}],"about":[{"href":"https:\/\/www.infinigate.com\/de\/wp-json\/wp\/v2\/types\/page"}],"author":[{"embeddable":true,"href":"https:\/\/www.infinigate.com\/de\/wp-json\/wp\/v2\/users\/36"}],"replies":[{"embeddable":true,"href":"https:\/\/www.infinigate.com\/de\/wp-json\/wp\/v2\/comments?post=12801"}],"version-history":[{"count":0,"href":"https:\/\/www.infinigate.com\/de\/wp-json\/wp\/v2\/pages\/12801\/revisions"}],"up":[{"embeddable":true,"href":"https:\/\/www.infinigate.com\/de\/wp-json\/wp\/v2\/pages\/851"}],"wp:featuredmedia":[{"embeddable":true,"href":"https:\/\/www.infinigate.com\/de\/wp-json\/wp\/v2\/media\/12802"}],"wp:attachment":[{"href":"https:\/\/www.infinigate.com\/de\/wp-json\/wp\/v2\/media?parent=12801"}],"wp:term":[{"taxonomy":"folder","embeddable":true,"href":"https:\/\/www.infinigate.com\/de\/wp-json\/wp\/v2\/folder?post=12801"}],"curies":[{"name":"wp","href":"https:\/\/api.w.org\/{rel}","templated":true}]}}