{"id":12819,"date":"2024-07-22T15:46:58","date_gmt":"2024-07-22T14:46:58","guid":{"rendered":"https:\/\/www.infinigate.com\/de\/?page_id=12819"},"modified":"2025-06-29T22:11:43","modified_gmt":"2025-06-29T20:11:43","slug":"managed-services","status":"publish","type":"page","link":"https:\/\/www.infinigate.com\/de\/services\/managed-services\/","title":{"rendered":"Managed Services"},"content":{"rendered":"\n<figure class=\"wp-block-image alignfull size-full is-style-corner-overlay\"><img loading=\"lazy\" decoding=\"async\" width=\"1440\" height=\"510\" src=\"https:\/\/www.infinigate.com\/de\/wp-content\/uploads\/sites\/25\/2024\/07\/managet_services_1.jpg\" alt=\"Managed Services\" class=\"wp-image-12820\" srcset=\"https:\/\/www.infinigate.com\/de\/wp-content\/uploads\/sites\/25\/2024\/07\/managet_services_1.jpg 1440w, https:\/\/www.infinigate.com\/de\/wp-content\/uploads\/sites\/25\/2024\/07\/managet_services_1-300x106.jpg 300w, https:\/\/www.infinigate.com\/de\/wp-content\/uploads\/sites\/25\/2024\/07\/managet_services_1-1024x363.jpg 1024w, https:\/\/www.infinigate.com\/de\/wp-content\/uploads\/sites\/25\/2024\/07\/managet_services_1-768x272.jpg 768w\" sizes=\"auto, (max-width: 1440px) 100vw, 1440px\" \/><\/figure>\n\n\n\n<h2 class=\"wp-block-heading is-style-border-left wp-block-heading\" id=\"h-unser-managed-services-portfolio-umfasst\">Unser <strong>Managed Services-Portfolio<\/strong> umfasst:<\/h2>\n\n\n<section class=\"media-content wp-block media-content--left media-content--media-type--image has-gray-25-background-color has-background alignfull\">\r\n    <div class=\"media-content__inner\">\r\n        <div class=\"media-content__content\">\r\n                                <h2 class=\"media-content__heading\">Cybersecurity services<\/h2>\r\n            \r\n            \r\n            <p>Die immer komplexer werdende Cybersicherheitslandschaft und der wachsende Sicherheitsbedarf der Kunden er\u00f6ffnen Ihrem Unternehmen gro\u00dfe wirtschaftliche Chancen.<\/p>\n<p>Mit vielen Jahren erfolgreicher Erfahrung in der Bereitstellung und Akkreditierung f\u00fcr viele der branchenf\u00fchrenden Cybersecurity-Technologien sind wir Ihr idealer Partner f\u00fcr Managed Security Services.<\/p>\n<p>Dank unserer Partnerschaften mit Anbietern und sofort einsatzbereiten Diensten k\u00f6nnen Ihre Kunden die Cloud- und Abonnement-basierten Sicherheitsl\u00f6sungen sowie die physische Infrastruktur ausw\u00e4hlen, die sie ben\u00f6tigen, um ihre kritischen Systeme und Daten durchg\u00e4ngig und an jedem Netzwerkkontaktpunkt zu sch\u00fctzen.<\/p>\n\r\n                    <\/div>\r\n\r\n                    <div class=\"media-content__media\">\r\n                <img loading=\"lazy\" decoding=\"async\" width=\"625\" height=\"781\" src=\"https:\/\/www.infinigate.com\/de\/wp-content\/uploads\/sites\/25\/2024\/07\/ceyber-security_12.jpg\" class=\"attachment-super size-super\" alt=\"\" sizes=\"auto, (max-width: 768px) 100vw, 50vw\" srcset=\"https:\/\/www.infinigate.com\/de\/wp-content\/uploads\/sites\/25\/2024\/07\/ceyber-security_12.jpg 625w, https:\/\/www.infinigate.com\/de\/wp-content\/uploads\/sites\/25\/2024\/07\/ceyber-security_12-240x300.jpg 240w\" \/>            <\/div>\r\n            <\/div>\r\n<\/section>\r\n\n\n<section class=\"media-content wp-block media-content--right media-content--media-type--image has-gray-25-background-color has-background alignfull\">\r\n    <div class=\"media-content__inner\">\r\n        <div class=\"media-content__content\">\r\n                                <h2 class=\"media-content__heading\">Sichere Netzwerkdienstleistungen<\/h2>\r\n            \r\n            \r\n            <p>Viele Unternehmen setzen auf Managed Network Services, um sicherzustellen, dass ihre gesch\u00e4ftskritischen Anwendungen und Dienste stets verf\u00fcgbar sind, und um die Vorteile von Abrechnungsmodellen auf Abonnementbasis zu nutzen.<\/p>\n<p>Wir k\u00f6nnen Ihnen mit unseren Managed Network Services helfen, diese M\u00f6glichkeiten zu maximieren.<\/p>\n<p>Mit unserer jahrzehntelangen Erfahrung, unseren vom Hersteller akkreditierten Technikern und unseren spezialisierten Diagnose- und Verwaltungsplattformen k\u00f6nnen wir Ihre Endkunden dabei unterst\u00fctzen, ihre Vorstellungen von einem &#8222;Always-on&#8220;-Betrieb zu verwirklichen &#8211; und so den Wert der von Ihnen angebotenen Dienste noch weiter zu steigern und Ihren ROI pro Kunde zu maximieren.<\/p>\n\r\n                    <\/div>\r\n\r\n                    <div class=\"media-content__media\">\r\n                <img loading=\"lazy\" decoding=\"async\" width=\"625\" height=\"625\" src=\"https:\/\/www.infinigate.com\/de\/wp-content\/uploads\/sites\/25\/2024\/07\/netzwerk2.jpg\" class=\"attachment-super size-super\" alt=\"MSP Managed Security\" sizes=\"auto, (max-width: 768px) 100vw, 50vw\" srcset=\"https:\/\/www.infinigate.com\/de\/wp-content\/uploads\/sites\/25\/2024\/07\/netzwerk2.jpg 625w, https:\/\/www.infinigate.com\/de\/wp-content\/uploads\/sites\/25\/2024\/07\/netzwerk2-300x300.jpg 300w, https:\/\/www.infinigate.com\/de\/wp-content\/uploads\/sites\/25\/2024\/07\/netzwerk2-150x150.jpg 150w\" \/>            <\/div>\r\n            <\/div>\r\n<\/section>\r\n\n\n<section class=\"media-content wp-block media-content--left media-content--media-type--image has-gray-25-background-color has-background alignfull\">\r\n    <div class=\"media-content__inner\">\r\n        <div class=\"media-content__content\">\r\n                                <h2 class=\"media-content__heading\">Sichere Cloud-Services<\/h2>\r\n            \r\n            \r\n            <p>Wenn Ihre Endkunden kritische Anwendungen und Workloads in die Cloud migrieren, steht die Sicherheit nicht immer an erster Stelle. Es kann auch Verwirrung dar\u00fcber herrschen, wo die Verantwortung f\u00fcr die Sicherheit in der Cloud liegt und wie sie am besten erreicht werden kann.<\/p>\n<p>Infinigate bietet eine Reihe von Managed Cloud Security Services an, um Systeme und Daten zu sch\u00fctzen, wenn sie zwischen Cloud-Anbietern oder zu und von den Unternehmensstandorten Ihrer Endkunden verschoben werden.<\/p>\n<p>Wir verf\u00fcgen \u00fcber bew\u00e4hrte Plattformen und Technologien zur Sicherheitsdiagnose sowie \u00fcber Beziehungen zu den besten Anbietern von Cloud-Sicherheitstechnologien, um Ihren Endkunden Sicherheit zu bieten und Ihre Cloud-Umsatzchancen zu steigern.<\/p>\n\r\n                    <\/div>\r\n\r\n                    <div class=\"media-content__media\">\r\n                <img loading=\"lazy\" decoding=\"async\" width=\"625\" height=\"510\" src=\"https:\/\/www.infinigate.com\/de\/wp-content\/uploads\/sites\/25\/2024\/07\/cloud-loesungen-1.jpg\" class=\"attachment-super size-super\" alt=\"\" sizes=\"auto, (max-width: 768px) 100vw, 50vw\" srcset=\"https:\/\/www.infinigate.com\/de\/wp-content\/uploads\/sites\/25\/2024\/07\/cloud-loesungen-1.jpg 625w, https:\/\/www.infinigate.com\/de\/wp-content\/uploads\/sites\/25\/2024\/07\/cloud-loesungen-1-300x245.jpg 300w\" \/>            <\/div>\r\n            <\/div>\r\n<\/section>\r\n\n\n    <section style=\"--content-grid--columns: 3;\" class=\"content-grid wp-block animate content-grid--3-columns alignfull\">\r\n        <div class=\"content-grid__inner\">\r\n            \r\n\r\n                                <h2 class=\"content-grid__heading has--heading-border\">Partner Enablement<\/h2>\r\n            \r\n\r\n            \r\n                                            <div class=\"content-grid__subheading\">\r\n                            <p>Unsere St\u00e4rke liegt darin, Ihre Kunden gemeinsam mit Ihnen, mit neuen Produkten und zukunftsweisenden Technologien zu inspirieren.<\/p>\n                        <\/div>\r\n                    \r\n                                                    \r\n                    \r\n                                                                        <div class=\"content-grid__items\">\r\n                                                                            <div class=\"content-grid__item has-background has-gray-200-background-color\">\r\n                                            \r\n                                                \r\n                                        \r\n                                                                                        <h3 class=\"content-grid__item__heading\">Business Development<\/h3>\r\n                                        \r\n                                                                        <div class=\" content-grid__item__subheading\">\r\n                                            <p>Unsere erfahrenen Mitarbeiter beraten Sie gern zum erfolgreichen Ausbau Ihres Portfolios sowie neuer Gesch\u00e4ftsfelder. Gemeinsam mit Ihnen erarbeiten wir die n\u00f6tigen Pl\u00e4ne f\u00fcr die Akkreditierung beim Hersteller und unterst\u00fctzen Sie bei Ihrem Businessplan.<\/p>\n                                <\/div>\r\n                                        \r\n                                                                        <div class=\"content-grid__item__link\">\r\n                                                <a  href=\"\/de\/services\/partner-foerderung-services\/\" target=\"\" class=\"g-button--arrow\">\r\n                Mehr erfahren            <\/a>\r\n                                <\/div>\r\n                                        \r\n                        <\/div>\r\n                                                                            <div class=\"content-grid__item has-background has-gray-200-background-color\">\r\n                                            \r\n                                                \r\n                                        \r\n                                                                                        <h3 class=\"content-grid__item__heading\">Pr\u00e4sentationen<\/h3>\r\n                                        \r\n                                                                        <div class=\" content-grid__item__subheading\">\r\n                                            <p>Wir beantworten Fragen, inspirieren und \u00fcberzeugen Ihre Kunden zu L\u00f6sungen, die ihren Bed\u00fcrfnissen entspricht &#8211; online oder vor Ort.<\/p>\n                                <\/div>\r\n                                        \r\n                                                                        <div class=\"content-grid__item__link\">\r\n                                                <a  href=\"\/de\/services\/techservices\/\" target=\"\" class=\"g-button--arrow\">\r\n                Mehr erfahren            <\/a>\r\n                                <\/div>\r\n                                        \r\n                        <\/div>\r\n                                                                            <div class=\"content-grid__item has-background has-gray-200-background-color\">\r\n                                            \r\n                                                \r\n                                        \r\n                                                                                        <h3 class=\"content-grid__item__heading\">Partnerevents &amp; Messen<\/h3>\r\n                                        \r\n                                                                        <div class=\" content-grid__item__subheading\">\r\n                                            <p>Zus\u00e4tzlich unterst\u00fctzen wir Sie mit unserem Know-How auf bei Kunden-, Fachveranstaltungen und Messen. Unser TechServices-Team tritt hierbei neutral als Mitarbeiter Ihres Unternehmens auf, schafft Vertrauen bei Ihren Kunden schafft und unterstreicht Ihre Kompetenz.<\/p>\n                                <\/div>\r\n                                        \r\n                                                                        <div class=\"content-grid__item__link\">\r\n                                                <a  href=\"\/de\/events\/\" target=\"\" class=\"g-button--arrow\">\r\n                Mehr erfahren            <\/a>\r\n                                <\/div>\r\n                                        \r\n                        <\/div>\r\n                                                    <\/div>\r\n                                    <\/div>\r\n    <\/section>\r\n\n\n\n\n\n\n<section class=\"cta-banner wp-block alignfull\">\r\n    <div class=\"cta-banner__inner\">\r\n        <div class=\"cta-banner__content\">\r\n\r\n                                <h2 class=\"cta-banner__heading\"><p>Ben\u00f6tigen Sie weitere Unterst\u00fctzung bei unseren Dienstleistungen?<\/p>\n<\/h2>\r\n            \r\n                            <div class=\"cta-banner__subheading\">\r\n                    <p>Einer unserer Mitarbeiter hilft Ihnen gerne bei Ihrer Anfrage<\/p>\n                <\/div>\r\n                    <\/div>\r\n\r\n                    <div class=\"cta-banner__button\">\r\n                    <a  href=\"\/de\/kontakt\/\" target=\"\" class=\"g-button g-button--arrow\">\r\n                Kontakt aufnehmen            <\/a>\r\n            <\/div>\r\n            <\/div>\r\n\r\n    \r\n\r\n<\/section>\r\n","protected":false},"excerpt":{"rendered":"<p>Unser Managed Services-Portfolio umfasst: Infinigate SOC as a Service Infinigate EDR as a Service Infinigate Firewall as a Service Infinigate&hellip;<\/p>\n","protected":false},"author":36,"featured_media":12820,"parent":851,"menu_order":0,"comment_status":"closed","ping_status":"closed","template":"","meta":{"_acf_changed":false,"footnotes":""},"folder":[431],"class_list":["post-12819","page","type-page","status-publish","has-post-thumbnail","hentry"],"acf":[],"distributor_meta":false,"distributor_terms":false,"distributor_media":false,"distributor_original_site_name":"Infinigate | Deutschland","distributor_original_site_url":"https:\/\/www.infinigate.com\/de","push-errors":false,"_links":{"self":[{"href":"https:\/\/www.infinigate.com\/de\/wp-json\/wp\/v2\/pages\/12819","targetHints":{"allow":["GET"]}}],"collection":[{"href":"https:\/\/www.infinigate.com\/de\/wp-json\/wp\/v2\/pages"}],"about":[{"href":"https:\/\/www.infinigate.com\/de\/wp-json\/wp\/v2\/types\/page"}],"author":[{"embeddable":true,"href":"https:\/\/www.infinigate.com\/de\/wp-json\/wp\/v2\/users\/36"}],"replies":[{"embeddable":true,"href":"https:\/\/www.infinigate.com\/de\/wp-json\/wp\/v2\/comments?post=12819"}],"version-history":[{"count":0,"href":"https:\/\/www.infinigate.com\/de\/wp-json\/wp\/v2\/pages\/12819\/revisions"}],"up":[{"embeddable":true,"href":"https:\/\/www.infinigate.com\/de\/wp-json\/wp\/v2\/pages\/851"}],"wp:featuredmedia":[{"embeddable":true,"href":"https:\/\/www.infinigate.com\/de\/wp-json\/wp\/v2\/media\/12820"}],"wp:attachment":[{"href":"https:\/\/www.infinigate.com\/de\/wp-json\/wp\/v2\/media?parent=12819"}],"wp:term":[{"taxonomy":"folder","embeddable":true,"href":"https:\/\/www.infinigate.com\/de\/wp-json\/wp\/v2\/folder?post=12819"}],"curies":[{"name":"wp","href":"https:\/\/api.w.org\/{rel}","templated":true}]}}