{"id":15379,"date":"2024-08-09T17:27:30","date_gmt":"2024-08-09T15:27:30","guid":{"rendered":"https:\/\/www.infinigate.com\/de\/?page_id=15379"},"modified":"2026-02-13T09:03:59","modified_gmt":"2026-02-13T08:03:59","slug":"radware-und-microsoft-azure","status":"publish","type":"page","link":"https:\/\/www.infinigate.com\/de\/lp\/h\/radware\/radware-und-microsoft-azure\/","title":{"rendered":"Radware und Microsoft Azure"},"content":{"rendered":"\n<figure class=\"wp-block-image alignwide size-large\"><img loading=\"lazy\" decoding=\"async\" width=\"1024\" height=\"331\" src=\"https:\/\/www.infinigate.com\/de\/wp-content\/uploads\/sites\/25\/2024\/08\/banner_radware-2-1024x331.jpg\" alt=\"\" class=\"wp-image-15394\" srcset=\"https:\/\/www.infinigate.com\/de\/wp-content\/uploads\/sites\/25\/2024\/08\/banner_radware-2-1024x331.jpg 1024w, https:\/\/www.infinigate.com\/de\/wp-content\/uploads\/sites\/25\/2024\/08\/banner_radware-2-300x97.jpg 300w, https:\/\/www.infinigate.com\/de\/wp-content\/uploads\/sites\/25\/2024\/08\/banner_radware-2-768x248.jpg 768w, https:\/\/www.infinigate.com\/de\/wp-content\/uploads\/sites\/25\/2024\/08\/banner_radware-2-1536x496.jpg 1536w, https:\/\/www.infinigate.com\/de\/wp-content\/uploads\/sites\/25\/2024\/08\/banner_radware-2.jpg 1538w\" sizes=\"auto, (max-width: 1024px) 100vw, 1024px\" \/><\/figure>\n\n\n\n<div class=\"wp-block-columns is-layout-flex wp-container-core-columns-is-layout-9d6595d7 wp-block-columns-is-layout-flex\">\n<div class=\"wp-block-column is-layout-flow wp-block-column-is-layout-flow\">\n<p class=\"alignwide has-text-align-wide\">Radware hat sich im Februar 2020 der Microsoft Intelligent Security Association angeschlossen, einem \u00d6kosystem unabh\u00e4ngiger Softwareanbieter, die ihre L\u00f6sungen integriert haben, um sich besser gegen eine Welt zunehmender Bedrohungen zu verteidigen.<\/p>\n\n\n\n<p class=\"alignwide has-text-align-wide\">Informieren Sie sich hier \u00fcber die Integration der Radware-L\u00f6sung mit Microsoft Azure.<\/p>\n<\/div>\n<\/div>\n\n\n\n<div class=\"wp-block-columns has-grey-background-color has-background is-layout-flex wp-container-core-columns-is-layout-9d6595d7 wp-block-columns-is-layout-flex\">\n<div class=\"wp-block-column is-layout-flow wp-block-column-is-layout-flow\">\n<figure class=\"wp-block-embed is-type-video is-provider-youtube wp-block-embed-youtube wp-embed-aspect-16-9 wp-has-aspect-ratio\"><div class=\"wp-block-embed__wrapper\">\n<iframe loading=\"lazy\" title=\"Radware Security for Azure integrates with Azure DDoS Protection\" width=\"500\" height=\"281\" src=\"https:\/\/www.youtube.com\/embed\/u_20nvAIT20?feature=oembed\" frameborder=\"0\" allow=\"accelerometer; autoplay; clipboard-write; encrypted-media; gyroscope; picture-in-picture; web-share\" referrerpolicy=\"strict-origin-when-cross-origin\" allowfullscreen><\/iframe>\n<\/div><\/figure>\n<\/div>\n\n\n\n<div class=\"wp-block-column is-layout-flow wp-block-column-is-layout-flow\">\n<h2 class=\"wp-block-heading wp-block-heading\" id=\"h-video\"><br>Video<\/h2>\n\n\n\n<p>Radware Security for Azure integrates with Azure DDoS Protection.<\/p>\n\n\n\n<div class=\"wp-block-buttons is-layout-flex wp-block-buttons-is-layout-flex\"><\/div>\n<\/div>\n<\/div>\n\n\n\n<div class=\"wp-block-columns has-grey-background-color has-background is-layout-flex wp-container-core-columns-is-layout-9d6595d7 wp-block-columns-is-layout-flex\">\n<div class=\"wp-block-column is-layout-flow wp-block-column-is-layout-flow\">\n<h2 class=\"wp-block-heading wp-block-heading\" id=\"h-ebook\"><br>eBook<\/h2>\n\n\n\n<p><strong>Titel: <\/strong>Web Application Security in a Digitally Connected World. <\/p>\n\n\n\n<p><strong>Inhalt: <\/strong>Sicherung moderner Anwendungen.<\/p>\n\n\n\n<div class=\"wp-block-buttons is-layout-flex wp-block-buttons-is-layout-flex\">\n<div class=\"wp-block-button\"><a class=\"wp-block-button__link wp-element-button\" href=\"https:\/\/www.infinigate.com\/de\/wp-content\/uploads\/sites\/25\/2024\/08\/Radware-and-Microsoft-Application-Security-eBook.pdf\" target=\"_blank\" rel=\"noreferrer noopener\">Zum Download<\/a><\/div>\n<\/div>\n<\/div>\n\n\n\n<div class=\"wp-block-column is-layout-flow wp-block-column-is-layout-flow\">\n<figure class=\"wp-block-image size-full\"><img loading=\"lazy\" decoding=\"async\" width=\"524\" height=\"442\" src=\"https:\/\/www.infinigate.com\/de\/wp-content\/uploads\/sites\/25\/2024\/08\/ebook_radware.png\" alt=\"\" class=\"wp-image-15419\" srcset=\"https:\/\/www.infinigate.com\/de\/wp-content\/uploads\/sites\/25\/2024\/08\/ebook_radware.png 524w, https:\/\/www.infinigate.com\/de\/wp-content\/uploads\/sites\/25\/2024\/08\/ebook_radware-300x253.png 300w\" sizes=\"auto, (max-width: 524px) 100vw, 524px\" \/><\/figure>\n<\/div>\n<\/div>\n\n\n<section class=\"cta-banner wp-block is-align-centre alignfull\">\r\n    <div class=\"cta-banner__inner\">\r\n        <div class=\"cta-banner__content\">\r\n\r\n            \r\n                            <div class=\"cta-banner__subheading\">\r\n                    <p>Weitere Informationen zu Radware<\/p>\n                <\/div>\r\n                    <\/div>\r\n\r\n                    <div class=\"cta-banner__button\">\r\n                    <a rel=\"noopener\" href=\"https:\/\/www.radware.com\/\" target=\"_blank\" class=\"g-button g-button--arrow\">\r\n                Zur Radware Website            <\/a>\r\n            <\/div>\r\n            <\/div>\r\n\r\n    \r\n\r\n<\/section>\r\n\n\n\n<h2 class=\"wp-block-heading alignwide is-style-border-left wp-block-heading\" id=\"h-broschuren-nbsp-download\">Brosch\u00fcren&nbsp;Download<\/h2>\n\n\n\n<p class=\"alignwide has-text-align-wide\">Aktuelle Brosch\u00fcren und Datenbl\u00e4tter zu Radware k\u00f6nnen Sie hier herunterladen.<\/p>\n\n\n    <section class=\"cards wp-block animate cards--columns-3 cards--type--default alignwide\">\n        <div class=\"cards__inner\">\n            \n            <div class=\"cards__items\">\n                \n                \n                <article class=\"g-card animate-element has-white-background-color has-background has-link g-card--type--custom\">\r\n        <div class=\"g-card__inner\">\r\n                \r\n\r\n                                        <div class=\"g-card__header\">\r\n                    \r\n\r\n                        <h2 class=\"g-card__heading\">    <a rel=\"noopener\" href=\"https:\/\/www.infinigate.com\/de\/wp-content\/uploads\/sites\/25\/2026\/02\/rad2006_MicrosoftAzure_Partner_DS_0218_FIN2.pdf\" target=\"_blank\">\r\n                Radware Security for Azure            <\/a>\r\n<\/h2>\r\n                    \r\n                                            <div class=\"g-card__content\">\r\n                            <p>Datenblatt<\/p>\n                        <\/div>\r\n                    \r\n                    \r\n                                    <\/div>\r\n            \r\n            \r\n            \r\n            \r\n\r\n\r\n\r\n            \r\n                <a rel=\"noopener\" href=\"https:\/\/www.infinigate.com\/de\/wp-content\/uploads\/sites\/25\/2026\/02\/rad2006_MicrosoftAzure_Partner_DS_0218_FIN2.pdf\" target=\"_blank\" class=\"g-button--arrow g-card__read-more\">\r\n                Download            <\/a>\r\n\r\n                <\/div>\r\n    \r\n    \r\n    <\/article>\r\n            <\/div>\n\n            \n                <\/section>\n\n\n\n<div class=\"wp-block-cover alignwide\" id=\"kontakt\"><img loading=\"lazy\" decoding=\"async\" width=\"1920\" height=\"1080\" class=\"wp-block-cover__image-background wp-image-4092\" alt=\"\" src=\"https:\/\/www.infinigate.com\/de\/wp-content\/uploads\/sites\/25\/2024\/03\/Digital_Textures_V2.jpg\" data-object-fit=\"cover\" srcset=\"https:\/\/www.infinigate.com\/de\/wp-content\/uploads\/sites\/25\/2024\/03\/Digital_Textures_V2.jpg 1920w, https:\/\/www.infinigate.com\/de\/wp-content\/uploads\/sites\/25\/2024\/03\/Digital_Textures_V2-300x169.jpg 300w, https:\/\/www.infinigate.com\/de\/wp-content\/uploads\/sites\/25\/2024\/03\/Digital_Textures_V2-1024x576.jpg 1024w, https:\/\/www.infinigate.com\/de\/wp-content\/uploads\/sites\/25\/2024\/03\/Digital_Textures_V2-768x432.jpg 768w, https:\/\/www.infinigate.com\/de\/wp-content\/uploads\/sites\/25\/2024\/03\/Digital_Textures_V2-1536x864.jpg 1536w\" sizes=\"auto, (max-width: 1920px) 100vw, 1920px\" \/><span aria-hidden=\"true\" class=\"wp-block-cover__background has-blue-background-color has-background-dim-0 has-background-dim\"><\/span><div class=\"wp-block-cover__inner-container is-layout-constrained wp-block-cover-is-layout-constrained\">\n<div class=\"wp-block-columns is-layout-flex wp-container-core-columns-is-layout-9d6595d7 wp-block-columns-is-layout-flex\">\n<div class=\"wp-block-column is-layout-flow wp-block-column-is-layout-flow\" style=\"flex-basis:66.66%\">\n<h3 class=\"wp-block-heading has-text-align-left is-style-border-left has-white-color has-text-color has-link-color wp-elements-69e68629c5f84b93a9ee09afd7f3f3cc\" id=\"h-kontakt-zum-radware-team\">Kontakt zum Radware Team<\/h3>\n\n\n\n<p>Unser Radware Team unterst\u00fctzt Sie gerne bei Ihren vertrieblichen Anfragen, bei Pre-Sales Themen oder bei geplanten Marketing-Aktivit\u00e4ten.<\/p>\n<\/div>\n\n\n\n<div class=\"wp-block-column is-vertically-aligned-center is-layout-flow wp-block-column-is-layout-flow\" style=\"flex-basis:33.33%\">\n<p class=\"has-text-align-center has-white-color has-text-color has-link-color wp-elements-8f6bc6842c5c4a0ecf815fb4086eb159\"><a href=\"mailto:radware@infinigate.de\" target=\"_blank\" rel=\"noreferrer noopener\">radware@infinigate.de<\/a><br><a href=\"tel:+498989048395\">+49 89 89048395<\/a><\/p>\n\n\n\n<div class=\"wp-block-buttons is-content-justification-center is-layout-flex wp-container-core-buttons-is-layout-16018d1d wp-block-buttons-is-layout-flex\">\n<div class=\"wp-block-button\"><a class=\"wp-block-button__link wp-element-button\" href=\"mailto:radware@infinigate.de\" target=\"_blank\" rel=\"noreferrer noopener\">Kontakt aufnehmen<\/a><\/div>\n<\/div>\n<\/div>\n<\/div>\n<\/div><\/div>\n","protected":false},"excerpt":{"rendered":"<p>Radware hat sich im Februar 2020 der Microsoft Intelligent Security Association angeschlossen, einem \u00d6kosystem unabh\u00e4ngiger Softwareanbieter, die ihre L\u00f6sungen integriert&hellip;<\/p>\n","protected":false},"author":47,"featured_media":0,"parent":15337,"menu_order":0,"comment_status":"closed","ping_status":"closed","template":"","meta":{"_acf_changed":false,"footnotes":""},"folder":[457],"class_list":["post-15379","page","type-page","status-publish","hentry"],"acf":[],"distributor_meta":false,"distributor_terms":false,"distributor_media":false,"distributor_original_site_name":"Infinigate | Deutschland","distributor_original_site_url":"https:\/\/www.infinigate.com\/de","push-errors":false,"_links":{"self":[{"href":"https:\/\/www.infinigate.com\/de\/wp-json\/wp\/v2\/pages\/15379","targetHints":{"allow":["GET"]}}],"collection":[{"href":"https:\/\/www.infinigate.com\/de\/wp-json\/wp\/v2\/pages"}],"about":[{"href":"https:\/\/www.infinigate.com\/de\/wp-json\/wp\/v2\/types\/page"}],"author":[{"embeddable":true,"href":"https:\/\/www.infinigate.com\/de\/wp-json\/wp\/v2\/users\/47"}],"replies":[{"embeddable":true,"href":"https:\/\/www.infinigate.com\/de\/wp-json\/wp\/v2\/comments?post=15379"}],"version-history":[{"count":0,"href":"https:\/\/www.infinigate.com\/de\/wp-json\/wp\/v2\/pages\/15379\/revisions"}],"up":[{"embeddable":true,"href":"https:\/\/www.infinigate.com\/de\/wp-json\/wp\/v2\/pages\/15337"}],"wp:attachment":[{"href":"https:\/\/www.infinigate.com\/de\/wp-json\/wp\/v2\/media?parent=15379"}],"wp:term":[{"taxonomy":"folder","embeddable":true,"href":"https:\/\/www.infinigate.com\/de\/wp-json\/wp\/v2\/folder?post=15379"}],"curies":[{"name":"wp","href":"https:\/\/api.w.org\/{rel}","templated":true}]}}