{"id":17988,"date":"2024-11-15T15:11:10","date_gmt":"2024-11-15T14:11:10","guid":{"rendered":"https:\/\/www.infinigate.com\/de\/?page_id=17988"},"modified":"2025-02-06T15:52:40","modified_gmt":"2025-02-06T14:52:40","slug":"n-able-ki-whitepaper","status":"publish","type":"page","link":"https:\/\/www.infinigate.com\/de\/lp\/h\/n-able\/n-able-ki-whitepaper\/","title":{"rendered":"N-able Whitepaper:"},"content":{"rendered":"\n<h2 class=\"wp-block-heading alignwide wp-block-heading\" id=\"h-ki-fur-msp-transformation-durch-kunstliche-intelligenz\">KI f\u00fcr MSP<br>Transformation durch k\u00fcnstliche Intelligenz<\/h2>\n\n\n\n<figure class=\"wp-block-image alignwide size-full\"><img loading=\"lazy\" decoding=\"async\" width=\"1498\" height=\"390\" src=\"https:\/\/www.infinigate.com\/de\/wp-content\/uploads\/sites\/25\/2025\/01\/N-able_AI_for_MSP_thumbnail-1.webp\" alt=\"\" class=\"wp-image-20026\" srcset=\"https:\/\/www.infinigate.com\/de\/wp-content\/uploads\/sites\/25\/2025\/01\/N-able_AI_for_MSP_thumbnail-1.webp 1498w, https:\/\/www.infinigate.com\/de\/wp-content\/uploads\/sites\/25\/2025\/01\/N-able_AI_for_MSP_thumbnail-1-300x78.webp 300w, https:\/\/www.infinigate.com\/de\/wp-content\/uploads\/sites\/25\/2025\/01\/N-able_AI_for_MSP_thumbnail-1-1024x267.webp 1024w, https:\/\/www.infinigate.com\/de\/wp-content\/uploads\/sites\/25\/2025\/01\/N-able_AI_for_MSP_thumbnail-1-768x200.webp 768w\" sizes=\"auto, (max-width: 1498px) 100vw, 1498px\" \/><\/figure>\n\n\n\n<div class=\"wp-block-columns is-layout-flex wp-container-core-columns-is-layout-9d6595d7 wp-block-columns-is-layout-flex\">\n<div class=\"wp-block-column is-layout-flow wp-block-column-is-layout-flow\">\n<h2 class=\"wp-block-heading is-style-border-left wp-block-heading\" id=\"h-haben-sie-zweifel-an-der-einfuhrung-von-kunstlicher-intelligenz-nbsp\">Haben Sie Zweifel an der Einf\u00fchrung von K\u00fcnstlicher Intelligenz?&nbsp;<\/h2>\n\n\n\n<p>Viele Managed Service Provider (MSP) stehen vor der Entscheidung: Ist der Einstieg in KI zu komplex, die Kosten zu hoch oder das Risiko zu gro\u00df? Doch wer diesen Schritt nicht wagt, verpasst die Chance auf effizientere Prozesse, geringere Kosten und eine revolutionierte Kundenbetreuung.<\/p>\n\n\n\n<p>Die Wahrheit ist: K\u00fcnstliche Intelligenz ist l\u00e4ngst nicht mehr nur gro\u00dfen Unternehmen vorbehalten. Dank L\u00f6sungen wie denen von N-able k\u00f6nnen auch MSP auf KI setzen \u2013 ohne hohe Einstiegsh\u00fcrden und mit echtem Mehrwert.<\/p>\n\n\n\n<p>R\u00e4umen Sie in unserem Whitepaper die h\u00e4ufigsten Vorurteile \u00fcber KI aus dem Weg und erfahren Sie, wie Sie als MSP Wettbewerbsvorteile erzielen k\u00f6nnen.<\/p>\n\n\n\n<p>Entdecken Sie die Chancen von KI mit N-able: <strong>Mehr Effizienz, weniger Stress \u2013 und ein klarer Fokus auf das, was z\u00e4hlt: Ihre Kunden.<\/strong><\/p>\n<\/div>\n\n\n\n<div class=\"wp-block-column is-layout-flow wp-block-column-is-layout-flow\">\n<p>Hier kostenlos Whitepaper herunterladen<\/p>\n\n\n\n<iframe loading=\"lazy\" src=\"https:\/\/scnem2.com\/art_resource.php?sid=86jp3.pal3mj\" frameborder=\"0\" width=\"700\" height=\"610\">Ihr Browser unterst\u00fctzt leider keine eingebetteten Frames (iframes) <a href=\"https:\/\/scnem2.com\/art_resource.php?sid=86jp3.pal3mj\" target=\"_blank\" rel=\"noopener\">weiter<\/a><\/iframe>\n<\/div>\n<\/div>\n\n\n\n<p class=\"alignwide has-text-align-wide\">Mit Angabe Ihrer Daten und Absenden dieses Formulars erkl\u00e4ren Sie sich einverstanden, dass wir Ihre personenbezogenen Daten f\u00fcr den angegebenen Zweck verarbeiten und Ihnen alle Informationen zusenden, die mit diesem Zweck zusammenh\u00e4ngen und um Ihnen gegebenenfalls kostenfreie Dienstleistungen anbieten zu k\u00f6nnen. Das umfasst gegebenenfalls auch eine Weitergabe Ihrer personenbezogenen Daten an den Hersteller Extreme Networks bzw. der von vertriebenen IT-Security L\u00f6sungen, sofern der angegebene Zweck dies erfordert. Sie k\u00f6nnen Ihre Einwilligung zum Erhalt dieser Informationen und der damit verbundenen Verarbeitung Ihrer personenbezogenen Daten jederzeit mit Wirkung f\u00fcr die Zukunft widerrufen. (<a href=\"https:\/\/www.infinigate.com\/de\/datenschutz\/\">https:\/\/infinigate.com\/de\/Datenschutz<\/a>)<br>Mit Angabe Ihrer Daten und Absenden dieses Formulars best\u00e4tigen Sie die Teilnahmebedingungen sowie die Einverst\u00e4ndniserkl\u00e4rung zur Anfertigung und Speicherung von Video- und Lichtbildaufnahmen auf der Veranstaltung sowie deren Ver\u00f6ffentlichung. Genaue Bedingungen finden Sie <a href=\"https:\/\/www.infinigate.com\/de\/lp\/events\/teilnahmebedingungen-events\/\">hier<\/a>.<\/p>\n\n\n    <section style=\"--content-grid--columns: 2;\" class=\"content-grid wp-block animate content-grid--2-columns alignfull\">\r\n        <div class=\"content-grid__inner\">\r\n            \r\n\r\n                                <h2 class=\"content-grid__heading has--heading-border\">KI-gest\u00fctzte Innovation: Automatisierung, Sicherheit und exzellenter Support f\u00fcr die Zukunft der IT<\/h2>\r\n            \r\n\r\n            \r\n                    \r\n                                                    \r\n                    \r\n                                                                        <div class=\"content-grid__items\">\r\n                                                                            <div class=\"content-grid__item has-background has-gray-200-background-color\">\r\n                                            \r\n                                                \r\n                                        \r\n                                                                                        <h3 class=\"content-grid__item__heading\">Automatisierung durch KI-gest\u00fctzte Workflows<\/h3>\r\n                                        \r\n                                                                        <div class=\" content-grid__item__subheading\">\r\n                                            <p>N-able nutzt KI, um IT-Workflows zu automatisieren und so die Effizienz zu steigern. Durch maschinelles Lernen k\u00f6nnen Routineaufgaben und wiederkehrende Prozesse automatisch ausgef\u00fchrt werden, was den Verwaltungsaufwand f\u00fcr MSP reduziert und Fehler minimiert. Dies f\u00fchrt zu einer schnelleren Probleml\u00f6sung und optimiert den Betrieb.<\/p>\n                                <\/div>\r\n                                        \r\n                                        \r\n                        <\/div>\r\n                                                                            <div class=\"content-grid__item has-background has-gray-200-background-color\">\r\n                                            \r\n                                                \r\n                                        \r\n                                                                                        <h3 class=\"content-grid__item__heading\">Proaktive Bedrohungserkennung mit KI<\/h3>\r\n                                        \r\n                                                                        <div class=\" content-grid__item__subheading\">\r\n                                            <p>KI wird eingesetzt, um Bedrohungen in Echtzeit zu erkennen und darauf zu reagieren. Das System kann verd\u00e4chtige Aktivit\u00e4ten analysieren und automatisch Warnungen ausgeben oder Gegenma\u00dfnahmen ergreifen, bevor ein ernsthafter Vorfall eintritt. Dies verbessert die Sicherheitslage erheblich, indem potenzielle Risiken fr\u00fchzeitig identifiziert werden.<\/p>\n                                <\/div>\r\n                                        \r\n                                        \r\n                        <\/div>\r\n                                                                            <div class=\"content-grid__item has-background has-gray-200-background-color\">\r\n                                            \r\n                                                \r\n                                        \r\n                                                                                        <h3 class=\"content-grid__item__heading\">Datenanalyse und Optimierung<\/h3>\r\n                                        \r\n                                                                        <div class=\" content-grid__item__subheading\">\r\n                                            <p>N-able nutzt KI, um gro\u00dfe Mengen an Systemdaten zu analysieren und Muster zu erkennen, die eine proaktive Optimierung der Infrastruktur erm\u00f6glichen. MSP erhalten Einblicke in die Leistung ihrer Systeme und k\u00f6nnen darauf basierend gezielte Ma\u00dfnahmen ergreifen, um die Effizienz zu steigern und Ausfallzeiten zu minimieren.<\/p>\n                                <\/div>\r\n                                        \r\n                                        \r\n                        <\/div>\r\n                                                                            <div class=\"content-grid__item has-background has-gray-200-background-color\">\r\n                                            \r\n                                                \r\n                                        \r\n                                                                                        <h3 class=\"content-grid__item__heading\">Verbesserte Support- und Kundenerfahrungen<\/h3>\r\n                                        \r\n                                                                        <div class=\" content-grid__item__subheading\">\r\n                                            <p>KI-gesteuerte Tools von N-able, wie virtuelle Assistenten oder Chatbots, unterst\u00fctzen den Support-Prozess, indem sie Kundenanfragen automatisch beantworten und einfache Probleme ohne menschliches Eingreifen l\u00f6sen. Dadurch wird der Support schneller und effizienter, was zu einer verbesserten Kundenzufriedenheit f\u00fchrt.<\/p>\n                                <\/div>\r\n                                        \r\n                                        \r\n                        <\/div>\r\n                                                    <\/div>\r\n                                    <\/div>\r\n    <\/section>\r\n\n\n<section class=\"media-content wp-block media-content--right media-content--media-type--image has-gray-25-background-color has-background alignfull\">\r\n    <div class=\"media-content__inner\">\r\n        <div class=\"media-content__content\">\r\n                                <h2 class=\"media-content__heading\">Zukunftssichere IT-L\u00f6sungen f\u00fcr MSP: Mit N-able effizient \u00fcberwachen, verwalten und sch\u00fctzen<\/h2>\r\n            \r\n            \r\n            <p>N-able bietet MSP und IT-Serviceanbietern leistungsstarke Software zur \u00dcberwachung, Verwaltung und Absicherung von IT-Infrastrukturen und Netzwerken. Das Angebot umfasst eine skalierbare Plattform, eine sichere Infrastruktur, Tools f\u00fcr die einfachere Verwaltung komplexer IT-Umgebungen und Ressourcen f\u00fcr die digitale Transformation. Wir unterst\u00fctzen unsere Partner in jeder Wachstumsphase beim Schutz ihrer Kunden sowie beim Ausbau ihres Angebots \u2013 durch das st\u00e4ndig wachsende flexible Portfolio an Integrationen f\u00fchrender Anbieter.<\/p>\n\r\n                    <\/div>\r\n\r\n                    <div class=\"media-content__media\">\r\n                <img loading=\"lazy\" decoding=\"async\" width=\"625\" height=\"625\" src=\"https:\/\/www.infinigate.com\/de\/wp-content\/uploads\/sites\/25\/2024\/11\/KI-N-able_625x625.webp\" class=\"attachment-super size-super\" alt=\"\" sizes=\"auto, (max-width: 768px) 100vw, 50vw\" srcset=\"https:\/\/www.infinigate.com\/de\/wp-content\/uploads\/sites\/25\/2024\/11\/KI-N-able_625x625.webp 625w, https:\/\/www.infinigate.com\/de\/wp-content\/uploads\/sites\/25\/2024\/11\/KI-N-able_625x625-300x300.webp 300w, https:\/\/www.infinigate.com\/de\/wp-content\/uploads\/sites\/25\/2024\/11\/KI-N-able_625x625-150x150.webp 150w\" \/>            <\/div>\r\n            <\/div>\r\n<\/section>\r\n\n\n\n<h2 class=\"wp-block-heading alignwide is-style-border-left wp-block-heading\" id=\"h-ki-chancen-vorurteile-und-angste-einfach-erklart\">KI: Chancen, Vorurteile und \u00c4ngste einfach erkl\u00e4rt!<\/h2>\n\n\n\n<div class=\"wp-block-columns is-layout-flex wp-container-core-columns-is-layout-9d6595d7 wp-block-columns-is-layout-flex\">\n<div class=\"wp-block-column is-layout-flow wp-block-column-is-layout-flow\">\n<h3 class=\"wp-block-heading is-style-default wp-block-heading\" id=\"h-angst-vor-ki\">Angst vor KI?<\/h3>\n\n\n\n<iframe loading=\"lazy\" title=\"Angst vor KI?\" width=\"500\" height=\"281\" src=\"https:\/\/www.youtube.com\/embed\/Lf6UaRJSPbc?feature=oembed\" frameborder=\"0\" allow=\"accelerometer; autoplay; clipboard-write; encrypted-media; gyroscope; picture-in-picture; web-share\" referrerpolicy=\"strict-origin-when-cross-origin\" allowfullscreen><\/iframe>\n<\/div>\n\n\n\n<div class=\"wp-block-column is-layout-flow wp-block-column-is-layout-flow\">\n<h3 class=\"wp-block-heading wp-block-heading\" id=\"h-vorurteile-gegenuber-ki\">Vorurteile gegen\u00fcber KI?<\/h3>\n\n\n\n<iframe loading=\"lazy\" title=\"Vorurteile gegen\u00fcber KI?\" width=\"500\" height=\"281\" src=\"https:\/\/www.youtube.com\/embed\/LxRe0olslrE?feature=oembed\" frameborder=\"0\" allow=\"accelerometer; autoplay; clipboard-write; encrypted-media; gyroscope; picture-in-picture; web-share\" referrerpolicy=\"strict-origin-when-cross-origin\" allowfullscreen><\/iframe>\n<\/div>\n\n\n\n<div class=\"wp-block-column is-layout-flow wp-block-column-is-layout-flow\">\n<h3 class=\"wp-block-heading wp-block-heading\" id=\"h-vorteile-der-ki-einfach-erklart\">Vorteile der KI einfach erkl\u00e4rt!<\/h3>\n\n\n\n<iframe loading=\"lazy\" title=\"Vorteile der KI einfach erkl\u00e4rt!\" width=\"500\" height=\"281\" src=\"https:\/\/www.youtube.com\/embed\/AGiz6J8d2a8?feature=oembed\" frameborder=\"0\" allow=\"accelerometer; autoplay; clipboard-write; encrypted-media; gyroscope; picture-in-picture; web-share\" referrerpolicy=\"strict-origin-when-cross-origin\" allowfullscreen><\/iframe>\n<\/div>\n<\/div>\n\n\n\n<div class=\"wp-block-buttons alignwide is-content-justification-center is-layout-flex wp-container-core-buttons-is-layout-16018d1d wp-block-buttons-is-layout-flex\">\n<div class=\"wp-block-button\"><a class=\"wp-block-button__link wp-element-button\" href=\"https:\/\/www.infinigate.com\/de\/hersteller\/n-able-msp\/n-able-kontakt\/?docs=alle-kontakt&amp;utm_medium=partner&amp;utm_source=infinigatedeutschgmbh&amp;utm_campaign=multi-dach-lt-dgf-infinigate-deutschland-website-2021-11-01\">Jetzt kostenfrei testen<\/a><\/div>\n\n\n\n<div class=\"wp-block-button\"><a class=\"wp-block-button__link wp-element-button\" href=\"https:\/\/outlook.office365.com\/book\/VereinbarenSieIhrenGesprchsterminmitSebastianHbner1@Infinigate.onmicrosoft.com\/\" target=\"_blank\" rel=\"noreferrer noopener\">Beratungstermin vereinbaren <\/a><\/div>\n<\/div>\n\n\n\n<div class=\"wp-block-cover alignwide\" id=\"kontakt\"><span aria-hidden=\"true\" class=\"wp-block-cover__background has-blue-background-color has-background-dim-0 has-background-dim\"><\/span><img loading=\"lazy\" decoding=\"async\" width=\"1920\" height=\"1080\" class=\"wp-block-cover__image-background wp-image-4092\" alt=\"\" src=\"https:\/\/www.infinigate.com\/de\/wp-content\/uploads\/sites\/25\/2024\/03\/Digital_Textures_V2.jpg\" data-object-fit=\"cover\" srcset=\"https:\/\/www.infinigate.com\/de\/wp-content\/uploads\/sites\/25\/2024\/03\/Digital_Textures_V2.jpg 1920w, https:\/\/www.infinigate.com\/de\/wp-content\/uploads\/sites\/25\/2024\/03\/Digital_Textures_V2-300x169.jpg 300w, https:\/\/www.infinigate.com\/de\/wp-content\/uploads\/sites\/25\/2024\/03\/Digital_Textures_V2-1024x576.jpg 1024w, https:\/\/www.infinigate.com\/de\/wp-content\/uploads\/sites\/25\/2024\/03\/Digital_Textures_V2-768x432.jpg 768w, https:\/\/www.infinigate.com\/de\/wp-content\/uploads\/sites\/25\/2024\/03\/Digital_Textures_V2-1536x864.jpg 1536w\" sizes=\"auto, (max-width: 1920px) 100vw, 1920px\" \/><div class=\"wp-block-cover__inner-container is-layout-constrained wp-block-cover-is-layout-constrained\">\n<div class=\"wp-block-columns is-layout-flex wp-container-core-columns-is-layout-9d6595d7 wp-block-columns-is-layout-flex\">\n<div class=\"wp-block-column is-layout-flow wp-block-column-is-layout-flow\" style=\"flex-basis:66.66%\">\n<h3 class=\"wp-block-heading has-text-align-left is-style-border-left has-white-color has-text-color has-link-color wp-elements-f3c928e9554ca0d0c3f961a28d4519db\" id=\"h-kontakt-zum-n-able-team\">Kontakt zum N-able Team<\/h3>\n\n\n\n<p>Unser N-able Team unterst\u00fctzt Sie gerne bei Ihren vertrieblichen Anfragen, bei Pre-Sales Themen oder bei geplanten Marketing-Aktivit\u00e4ten.<\/p>\n<\/div>\n\n\n\n<div class=\"wp-block-column is-vertically-aligned-center is-layout-flow wp-block-column-is-layout-flow\" style=\"flex-basis:33.33%\">\n<p class=\"has-text-align-center has-white-color has-text-color has-link-color wp-elements-82910ee26ff0db14f78237ffa879edc7\"><a href=\"mailto:n-able-msp@infinigate.de\">n-able-msp@infinigate.de<br><\/a><a href=\"tel:+4951151515196\">+49 511 515151-96<\/a><\/p>\n\n\n\n<div class=\"wp-block-buttons is-content-justification-center is-layout-flex wp-container-core-buttons-is-layout-16018d1d wp-block-buttons-is-layout-flex\">\n<div class=\"wp-block-button\"><a class=\"wp-block-button__link wp-element-button\" href=\"mailto:n-able-msp@infinigate.de\">Kontakt aufnehmen<\/a><\/div>\n<\/div>\n<\/div>\n<\/div>\n<\/div><\/div>\n","protected":false},"excerpt":{"rendered":"<p>KI f\u00fcr MSPTransformation durch k\u00fcnstliche Intelligenz Haben Sie Zweifel an der Einf\u00fchrung von K\u00fcnstlicher Intelligenz?&nbsp; Viele Managed Service Provider (MSP)&hellip;<\/p>\n","protected":false},"author":48,"featured_media":0,"parent":17985,"menu_order":0,"comment_status":"closed","ping_status":"closed","template":"","meta":{"_acf_changed":false,"footnotes":""},"folder":[484],"class_list":["post-17988","page","type-page","status-publish","hentry"],"acf":[],"distributor_meta":false,"distributor_terms":false,"distributor_media":false,"distributor_original_site_name":"Infinigate | Deutschland","distributor_original_site_url":"https:\/\/www.infinigate.com\/de","push-errors":false,"_links":{"self":[{"href":"https:\/\/www.infinigate.com\/de\/wp-json\/wp\/v2\/pages\/17988","targetHints":{"allow":["GET"]}}],"collection":[{"href":"https:\/\/www.infinigate.com\/de\/wp-json\/wp\/v2\/pages"}],"about":[{"href":"https:\/\/www.infinigate.com\/de\/wp-json\/wp\/v2\/types\/page"}],"author":[{"embeddable":true,"href":"https:\/\/www.infinigate.com\/de\/wp-json\/wp\/v2\/users\/48"}],"replies":[{"embeddable":true,"href":"https:\/\/www.infinigate.com\/de\/wp-json\/wp\/v2\/comments?post=17988"}],"version-history":[{"count":0,"href":"https:\/\/www.infinigate.com\/de\/wp-json\/wp\/v2\/pages\/17988\/revisions"}],"up":[{"embeddable":true,"href":"https:\/\/www.infinigate.com\/de\/wp-json\/wp\/v2\/pages\/17985"}],"wp:attachment":[{"href":"https:\/\/www.infinigate.com\/de\/wp-json\/wp\/v2\/media?parent=17988"}],"wp:term":[{"taxonomy":"folder","embeddable":true,"href":"https:\/\/www.infinigate.com\/de\/wp-json\/wp\/v2\/folder?post=17988"}],"curies":[{"name":"wp","href":"https:\/\/api.w.org\/{rel}","templated":true}]}}