{"id":19025,"date":"2026-04-16T14:54:52","date_gmt":"2026-04-16T12:54:52","guid":{"rendered":"https:\/\/www.infinigate.com\/de\/?page_id=19025"},"modified":"2026-04-21T11:17:55","modified_gmt":"2026-04-21T09:17:55","slug":"nis-2-services","status":"publish","type":"page","link":"https:\/\/www.infinigate.com\/de\/services\/nis-2-services\/","title":{"rendered":"NIS-2 Services"},"content":{"rendered":"\n<figure class=\"wp-block-image alignfull size-full is-style-corner-overlay\"><img loading=\"lazy\" decoding=\"async\" width=\"1920\" height=\"690\" src=\"https:\/\/www.infinigate.com\/de\/wp-content\/uploads\/sites\/25\/2026\/04\/NIS2-Headerbanner-Infinigate.jpg\" alt=\"NIS2 Headerbanner Infinigate\" class=\"wp-image-43495\" srcset=\"https:\/\/www.infinigate.com\/de\/wp-content\/uploads\/sites\/25\/2026\/04\/NIS2-Headerbanner-Infinigate.jpg 1920w, https:\/\/www.infinigate.com\/de\/wp-content\/uploads\/sites\/25\/2026\/04\/NIS2-Headerbanner-Infinigate-300x108.jpg 300w, https:\/\/www.infinigate.com\/de\/wp-content\/uploads\/sites\/25\/2026\/04\/NIS2-Headerbanner-Infinigate-1024x368.jpg 1024w, https:\/\/www.infinigate.com\/de\/wp-content\/uploads\/sites\/25\/2026\/04\/NIS2-Headerbanner-Infinigate-768x276.jpg 768w, https:\/\/www.infinigate.com\/de\/wp-content\/uploads\/sites\/25\/2026\/04\/NIS2-Headerbanner-Infinigate-1536x552.jpg 1536w\" sizes=\"auto, (max-width: 1920px) 100vw, 1920px\" \/><\/figure>\n\n\n\n<br>\n\n\n\n<h2 class=\"wp-block-heading alignwide has-text-align-left is-style-border-left wp-block-heading\" id=\"h-nis-2-ist-in-kraft-warum-sie-jetzt-handeln-sollten\">NIS-2 ist in Kraft &#8211; <strong>warum Sie jetzt handeln sollten<\/strong><\/h2>\n\n\n\n<p class=\"alignwide has-text-align-wide\">NIS-2 \u2013 die Richtlinie zur Netz- und Informationssicherheit \u2013 ist eine \u00dcberarbeitung der NIS-Richtlinie, die bereits 2016 in Kraft gesetzt wurde, mit dem Ziel, die EU-weite Cybersicherheitsresilienz zu st\u00e4rken.<\/p>\n\n\n\n<p><\/p>\n\n\n\n<br>\n\n\n    <section style=\"--content-grid--columns: 3;\" class=\"content-grid wp-block animate content-grid--3-columns alignfull\">\r\n        <div class=\"content-grid__inner\">\r\n            \r\n\r\n                                <h2 class=\"content-grid__heading has--heading-border\">Anforderungen der NIS-2-Richtlinie f\u00fcr Unternehmen<\/h2>\r\n            \r\n\r\n            \r\n                    \r\n                                                    \r\n                    \r\n                                                                        <div class=\"content-grid__items\">\r\n                                                                            <div class=\"content-grid__item has-background has-blue-background-color\">\r\n                                            \r\n                                                \r\n                                        \r\n                                                                                        <h3 class=\"content-grid__item__heading\">Erweiterter Anwendungsbereich<\/h3>\r\n                                        \r\n                                                                        <div class=\" content-grid__item__subheading\">\r\n                                            <ul>\n<li>7 wesentliche Sektoren<\/li>\n<li>11 wichtige Sektoren<\/li>\n<li>Schwellenwert: \u00fcber 50 Besch\u00e4ftigte &amp; Jahresumsatz von \u00fcber 10 Mio. EU<\/li>\n<\/ul>\n                                <\/div>\r\n                                        \r\n                                        \r\n                        <\/div>\r\n                                                                            <div class=\"content-grid__item has-background has-blue-background-color\">\r\n                                            \r\n                                                \r\n                                        \r\n                                                                                        <h3 class=\"content-grid__item__heading\">Risikomanagementma\u00dfnahmen<\/h3>\r\n                                        \r\n                                                                        <div class=\" content-grid__item__subheading\">\r\n                                            <ul>\n<li>Risikoanalyse- und Sicherheitskonzepte<\/li>\n<li>Bew\u00e4ltigung von Sicherheitsvorf\u00e4llen<\/li>\n<li>Backup- und Krisenmanagement<\/li>\n<li>Gew\u00e4hrleistung der Sicherheit in der Lieferkette<\/li>\n<\/ul>\n<p>&nbsp;<\/p>\n                                <\/div>\r\n                                        \r\n                                        \r\n                        <\/div>\r\n                                                                            <div class=\"content-grid__item has-background has-blue-background-color\">\r\n                                            \r\n                                                \r\n                                        \r\n                                                                                        <h3 class=\"content-grid__item__heading\">Pflichten f\u00fcr Leitungsorgane<\/h3>\r\n                                        \r\n                                                                        <div class=\" content-grid__item__subheading\">\r\n                                            <ul>\n<li>Genehmigung &amp; \u00dcberwachung der Risikomanagement-ma\u00dfnahmen<\/li>\n<li>Teilnahme an Cybersicherheits-Schulungen<\/li>\n<\/ul>\n                                <\/div>\r\n                                        \r\n                                        \r\n                        <\/div>\r\n                                                                            <div class=\"content-grid__item has-background has-blue-background-color\">\r\n                                            \r\n                                                \r\n                                        \r\n                                                                                        <h3 class=\"content-grid__item__heading\">Meldepflichten<\/h3>\r\n                                        \r\n                                                                        <div class=\" content-grid__item__subheading\">\r\n                                            <ul>\n<li>Fr\u00fchwarnung 24 Stunden nach Bekanntwerden eines Vorfalls<\/li>\n<li>Abschlu\u00dfbericht sp\u00e4testens nach einem Monat<\/li>\n<\/ul>\n                                <\/div>\r\n                                        \r\n                                        \r\n                        <\/div>\r\n                                                                            <div class=\"content-grid__item has-background has-blue-background-color\">\r\n                                            \r\n                                                \r\n                                        \r\n                                                                                        <h3 class=\"content-grid__item__heading\">Strengere Kontrollen durch Beh\u00f6rden<\/h3>\r\n                                        \r\n                                                                        <div class=\" content-grid__item__subheading\">\r\n                                            <ul>\n<li>Genehmigung &amp; \u00dcberwachung der Risikomanagement-ma\u00dfnahmen<\/li>\n<li>Teilnahme an Cybersicherheits-Schulungen<\/li>\n<\/ul>\n                                <\/div>\r\n                                        \r\n                                        \r\n                        <\/div>\r\n                                                                            <div class=\"content-grid__item has-background has-blue-background-color\">\r\n                                            \r\n                                                \r\n                                        \r\n                                                                                        <h3 class=\"content-grid__item__heading\">Weitere gesetzliche Vorgaben<\/h3>\r\n                                        \r\n                                                                        <div class=\" content-grid__item__subheading\">\r\n                                            <ul>\n<li>Cyber Resilience Act<\/li>\n<li>Delegierte Verordnung zur Funkanlagenrichtlinie (RED)<\/li>\n<\/ul>\n                                <\/div>\r\n                                        \r\n                                        \r\n                        <\/div>\r\n                                                    <\/div>\r\n                                    <\/div>\r\n    <\/section>\r\n\n\n\n<p><\/p>\n\n\n\n\n\n\n\n\n\n\n\n\n\n<h2 class=\"wp-block-heading is-style-border-left wp-block-heading\" id=\"h-unsere-losungsbausteine-0\">Unsere L\u00f6sungsbausteine<\/h2>\n\n\n<section class=\"top-tabs-with-content wp-block alignwide\">\r\n\r\n    <div role=\"tablist\" aria-label=\"Tabs\" class=\"top-tabs-with-content__container\">\r\n\r\n        <div class=\"top-tabs-with-content__buttons\">\r\n                                        <button\r\n                class=\"top-tabs-with-content__tab g-button\"\r\n                role=\"tab\"\r\n                                aria-selected=\"true\"\r\n                \r\n                aria-controls=\"panel-1\"\r\n                id=\"tab-1\"\r\n\r\n                                tabindex=\"0\"\r\n                            >\r\n                Quick Check            <\/button>\r\n                                <button\r\n                class=\"top-tabs-with-content__tab g-button\"\r\n                role=\"tab\"\r\n                                aria-selected=\"false\"\r\n                \r\n                aria-controls=\"panel-2\"\r\n                id=\"tab-2\"\r\n\r\n                                tabindex=\"-1\"\r\n                            >\r\n                Status Check            <\/button>\r\n                                <button\r\n                class=\"top-tabs-with-content__tab g-button\"\r\n                role=\"tab\"\r\n                                aria-selected=\"false\"\r\n                \r\n                aria-controls=\"panel-3\"\r\n                id=\"tab-3\"\r\n\r\n                                tabindex=\"-1\"\r\n                            >\r\n                Folgeberatung            <\/button>\r\n                <\/div>\r\n\r\n        <div class=\"top-tabs-with-content__inner\">\r\n\r\n                            \r\n            <div id=\"panel-1\"\r\n                class=\"top-tabs-with-content__panel has-image\"\r\n                role=\"tabpanel\"\r\n                tabindex=\"0\"\r\n                aria-labelledby=\"tab-1\"\r\n                            >\r\n                <div class=\"top-tabs-with-content__content\">\r\n                                                <h2 class=\"top-tabs-with-content__heading\">Kostenfreier NIS-2 Quick Check<\/h2>\r\n                    \r\n                                        <div class=\"top-tabs-with-content__subheading\">\r\n                        <p>Die Anforderungen der NIS-2-Richtlinie betreffen deutlich mehr Unternehmen als gedacht und sorgen f\u00fcr neuen und teilweise auch akuten Handlungsbedarf.<\/p>\n<p><strong>Sind Sie betroffen?<br \/>\nUnd was bedeutet das konkret f\u00fcr Sie?<br \/>\n<\/strong><\/p>\n                    <\/div>\r\n                    \r\n                                            <div class=\"top-tabs-with-content__button\">\r\n                                <a rel=\"noopener\" href=\"https:\/\/wiw.wissenswerft.cloud\/IUPInfinigate\/iddat-customer\/redirect\" target=\"_blank\" class=\"g-button g-button--arrow\">\r\n                Quick Check direkt starten            <\/a>\r\n                        <\/div>\r\n                    \r\n                <\/div>\r\n\r\n                                    <div class=\"top-tabs-with-content__image img-fit\">\r\n                    <img loading=\"lazy\" decoding=\"async\" width=\"650\" height=\"420\" src=\"https:\/\/www.infinigate.com\/de\/wp-content\/uploads\/sites\/25\/2026\/04\/infinigate-nis-2-quickcheck.jpg?ver=1776700003\" class=\"attachment-medium_large size-medium_large\" alt=\"Infinigate NIS-2 Quick Check\" srcset=\"https:\/\/www.infinigate.com\/de\/wp-content\/uploads\/sites\/25\/2026\/04\/infinigate-nis-2-quickcheck.jpg 650w, https:\/\/www.infinigate.com\/de\/wp-content\/uploads\/sites\/25\/2026\/04\/infinigate-nis-2-quickcheck-300x194.jpg 300w\" sizes=\"auto, (max-width: 650px) 100vw, 650px\" \/>                    <\/div>\r\n                \r\n            <\/div>\r\n\r\n                    \r\n            <div id=\"panel-2\"\r\n                class=\"top-tabs-with-content__panel has-image\"\r\n                role=\"tabpanel\"\r\n                tabindex=\"0\"\r\n                aria-labelledby=\"tab-2\"\r\n                                hidden\r\n                            >\r\n                <div class=\"top-tabs-with-content__content\">\r\n                                                <h2 class=\"top-tabs-with-content__heading\">NIS-2 Statusfeststellung<\/h2>\r\n                    \r\n                                        <div class=\"top-tabs-with-content__subheading\">\r\n                        <p>Ihr individuell gestalteter Workshop zur Analyse des aktuellen Reifegrads der Organisation im Hinblick auf die Anforderungen der NIS-2-Richtlinie.<\/p>\n<p><strong>Das Ergebnis:<br \/>\n<\/strong>Eine fundierte und belastbare Entscheidungsgrundlage.<\/p>\n                    <\/div>\r\n                    \r\n                    \r\n                <\/div>\r\n\r\n                                    <div class=\"top-tabs-with-content__image img-fit\">\r\n                    <img loading=\"lazy\" decoding=\"async\" width=\"625\" height=\"625\" src=\"https:\/\/www.infinigate.com\/de\/wp-content\/uploads\/sites\/25\/2026\/03\/innovation-summit-aktionsangebot2026.jpg\" class=\"attachment-medium_large size-medium_large\" alt=\"innovation summit aktionsangebot2026\" srcset=\"https:\/\/www.infinigate.com\/de\/wp-content\/uploads\/sites\/25\/2026\/03\/innovation-summit-aktionsangebot2026.jpg 625w, https:\/\/www.infinigate.com\/de\/wp-content\/uploads\/sites\/25\/2026\/03\/innovation-summit-aktionsangebot2026-300x300.jpg 300w, https:\/\/www.infinigate.com\/de\/wp-content\/uploads\/sites\/25\/2026\/03\/innovation-summit-aktionsangebot2026-150x150.jpg 150w\" sizes=\"auto, (max-width: 625px) 100vw, 625px\" \/>                    <\/div>\r\n                \r\n            <\/div>\r\n\r\n                    \r\n            <div id=\"panel-3\"\r\n                class=\"top-tabs-with-content__panel has-image\"\r\n                role=\"tabpanel\"\r\n                tabindex=\"0\"\r\n                aria-labelledby=\"tab-3\"\r\n                                hidden\r\n                            >\r\n                <div class=\"top-tabs-with-content__content\">\r\n                                                <h2 class=\"top-tabs-with-content__heading\">Individuelle Folge-NIS-2-Consulting-Angebote<\/h2>\r\n                    \r\n                                        <div class=\"top-tabs-with-content__subheading\">\r\n                        <p>Je nach Ergebnis der Analyse bieten wir Ihnen ma\u00dfgeschneiderte, individuelle NIS-2-Consulting-Leistungen zur gezielten Weiterentwicklung Ihrer Organisation. Aufbauend auf den identifizierten Handlungsfeldern unterst\u00fctzen wir Sie entweder im Rahmen eines umfassenden NIS-2-Consultings oder eine spezialisierte Begleitung durch unser Center of Excellence (CoE) f\u00fcr OT-Security, das einen fokussierten Ansatz f\u00fcr industrielle und OT-spezifische Anforderungen bietet.<\/p>\n<p><strong>Angebot A:<br \/>\nNIS-2 Consulting<\/strong><\/p>\n<p>Wir begleiten die strukturierte Umsetzung der identifizierten NIS-2-Ma\u00dfnahmen mit klarer Priorisierung und transparenter Steuerung. Der konkrete Umfang wird in einem individuellen Beratungsgespr\u00e4ch festgelegt, aus dem sich Aufwand und Vorgehen ableiten.<\/p>\n<p>Ziel ist eine pragmatische, nachvollziehbare Umsetzung mit klaren Verantwortlichkeiten und kontrollierbarem Fortschritt.<\/p>\n<p><strong>Angebot B:<br \/>\nCoE f\u00fcr OT-Security<\/strong><\/p>\n<p>Unser Center of Excellence (CoE) f\u00fcr OT-Security begleitet die strukturierte Umsetzung der identifizierten NIS-2-Ma\u00dfnahmen in industriellen und operativen Umgebungen \u2013 mit klarer Priorisierung und transparenter Steuerung. Der konkrete Umfang wird in einem individuellen Beratungsgespr\u00e4ch festgelegt, aus dem sich Aufwand und Vorgehen ableiten.<\/p>\n<p>Ziel ist eine pragmatische, nachvollziehbare Umsetzung mit Fokus auf OT-spezifische Anforderungen, klaren Verantwortlichkeiten und kontrollierbarem Fortschritt.<\/p>\n                    <\/div>\r\n                    \r\n                    \r\n                <\/div>\r\n\r\n                                    <div class=\"top-tabs-with-content__image img-fit\">\r\n                    <img loading=\"lazy\" decoding=\"async\" width=\"650\" height=\"1130\" src=\"https:\/\/www.infinigate.com\/de\/wp-content\/uploads\/sites\/25\/2026\/04\/infinigate-folgeberatung-NIS-2.jpg\" class=\"attachment-medium_large size-medium_large\" alt=\"Infinigate-Folgeberatung-NIS-2\" srcset=\"https:\/\/www.infinigate.com\/de\/wp-content\/uploads\/sites\/25\/2026\/04\/infinigate-folgeberatung-NIS-2.jpg 650w, https:\/\/www.infinigate.com\/de\/wp-content\/uploads\/sites\/25\/2026\/04\/infinigate-folgeberatung-NIS-2-173x300.jpg 173w, https:\/\/www.infinigate.com\/de\/wp-content\/uploads\/sites\/25\/2026\/04\/infinigate-folgeberatung-NIS-2-589x1024.jpg 589w\" sizes=\"auto, (max-width: 650px) 100vw, 650px\" \/>                    <\/div>\r\n                \r\n            <\/div>\r\n\r\n                <\/div>\r\n    <\/div>\r\n\r\n<\/section>\r\n\r\n\n\n\n<div class=\"wp-block-columns is-layout-flex wp-container-core-columns-is-layout-9d6595d7 wp-block-columns-is-layout-flex\">\n<div class=\"wp-block-column is-layout-flow wp-block-column-is-layout-flow\">\n<h2 class=\"wp-block-heading is-style-border-left wp-block-heading\" id=\"h-broschuren-download\">Brosch\u00fcren Download<\/h2>\n\n\n\n<p>Aktuelle Brosch\u00fcren und Datenbl\u00e4tter k\u00f6nnen Sie hier herunterladen. <\/p>\n\n\n    <section class=\"cards wp-block animate cards--columns-3 cards--type--default alignwide\">\n        <div class=\"cards__inner\">\n            \n            <div class=\"cards__items\">\n                \n                \n                <article class=\"g-card animate-element has-white-background-color has-background has-link g-card--type--custom\">\r\n        <div class=\"g-card__inner\">\r\n                \r\n\r\n                                        <div class=\"g-card__header\">\r\n                    \r\n\r\n                        <h2 class=\"g-card__heading\">    <a rel=\"noopener\" href=\"https:\/\/www.infinigate.com\/de\/wp-content\/uploads\/sites\/25\/2026\/04\/techservices-nis2_leistungsportfolio.pdf\" target=\"_blank\">\r\n                NIS-2 Leistungsportfolio            <\/a>\r\n<\/h2>\r\n                    \r\n                    \r\n                    \r\n                                    <\/div>\r\n            \r\n            \r\n            \r\n            \r\n\r\n\r\n\r\n            \r\n                <a rel=\"noopener\" href=\"https:\/\/www.infinigate.com\/de\/wp-content\/uploads\/sites\/25\/2026\/04\/techservices-nis2_leistungsportfolio.pdf\" target=\"_blank\" class=\"g-button--arrow g-card__read-more\">\r\n                Download            <\/a>\r\n\r\n                <\/div>\r\n    \r\n    \r\n    <\/article>\r\n            <\/div>\n\n            \n                <\/section>\n<\/div>\n<\/div>\n\n\n\n<div class=\"wp-block-cover alignwide\" id=\"kontakt\"><img loading=\"lazy\" decoding=\"async\" width=\"1920\" height=\"1080\" class=\"wp-block-cover__image-background wp-image-4092\" alt=\"\" src=\"https:\/\/www.infinigate.com\/de\/wp-content\/uploads\/sites\/25\/2024\/03\/Digital_Textures_V2.jpg\" data-object-fit=\"cover\" srcset=\"https:\/\/www.infinigate.com\/de\/wp-content\/uploads\/sites\/25\/2024\/03\/Digital_Textures_V2.jpg 1920w, https:\/\/www.infinigate.com\/de\/wp-content\/uploads\/sites\/25\/2024\/03\/Digital_Textures_V2-300x169.jpg 300w, https:\/\/www.infinigate.com\/de\/wp-content\/uploads\/sites\/25\/2024\/03\/Digital_Textures_V2-1024x576.jpg 1024w, https:\/\/www.infinigate.com\/de\/wp-content\/uploads\/sites\/25\/2024\/03\/Digital_Textures_V2-768x432.jpg 768w, https:\/\/www.infinigate.com\/de\/wp-content\/uploads\/sites\/25\/2024\/03\/Digital_Textures_V2-1536x864.jpg 1536w\" sizes=\"auto, (max-width: 1920px) 100vw, 1920px\" \/><span aria-hidden=\"true\" class=\"wp-block-cover__background has-blue-background-color has-background-dim-0 has-background-dim\"><\/span><div class=\"wp-block-cover__inner-container is-layout-constrained wp-block-cover-is-layout-constrained\">\n<div class=\"wp-block-columns is-layout-flex wp-container-core-columns-is-layout-9d6595d7 wp-block-columns-is-layout-flex\">\n<div class=\"wp-block-column is-layout-flow wp-block-column-is-layout-flow\" style=\"flex-basis:66.66%\">\n<h3 class=\"wp-block-heading has-text-align-left is-style-border-left has-white-color has-text-color has-link-color wp-elements-4265fc68b144ca8ee42bd8b3da292468\" id=\"h-kontakt-zum-techservices-team\">Kontakt zum TechServices-Team<\/h3>\n\n\n\n<p>Entscheiden Sie sich f\u00fcr Infinigate TechServices und erweitern Sie Ihre M\u00f6glichkeiten, ohne Kompromisse eingehen zu m\u00fcssen. Wir sind hier, um Sie zu unterst\u00fctzen und gemeinsam mit Ihnen zu wachsen.<\/p>\n<\/div>\n\n\n\n<div class=\"wp-block-column is-vertically-aligned-center is-layout-flow wp-block-column-is-layout-flow\" style=\"flex-basis:33.33%\">\n<p class=\"has-text-align-center has-white-color has-text-color has-link-color wp-elements-bd81390830d49e7f4d822f6cb5f74cde\"><a href=\"mailto:techservices@infinigate.de\">techservices@infinigate.de<\/a><br><a href=\"tel:00498989048403\">+49 89 89048-403<\/a><\/p>\n\n\n\n<div class=\"wp-block-buttons is-content-justification-center is-layout-flex wp-container-core-buttons-is-layout-16018d1d wp-block-buttons-is-layout-flex\">\n<div class=\"wp-block-button\"><a class=\"wp-block-button__link wp-element-button\" href=\"mailto:techservices@infinigate.de\" target=\"_blank\" rel=\"noreferrer noopener\">Kontakt aufnehmen<\/a><\/div>\n<\/div>\n<\/div>\n<\/div>\n<\/div><\/div>\n\n\n\n<p><\/p>\n","protected":false},"excerpt":{"rendered":"<p>NIS-2 ist in Kraft &#8211; warum Sie jetzt handeln sollten NIS-2 \u2013 die Richtlinie zur Netz- und Informationssicherheit \u2013 ist&hellip;<\/p>\n","protected":false},"author":47,"featured_media":43516,"parent":851,"menu_order":0,"comment_status":"closed","ping_status":"closed","template":"","meta":{"_acf_changed":false,"footnotes":""},"folder":[431],"class_list":["post-19025","page","type-page","status-publish","has-post-thumbnail","hentry"],"acf":[],"distributor_meta":false,"distributor_terms":false,"distributor_media":false,"distributor_original_site_name":"Infinigate | Deutschland","distributor_original_site_url":"https:\/\/www.infinigate.com\/de","push-errors":false,"_links":{"self":[{"href":"https:\/\/www.infinigate.com\/de\/wp-json\/wp\/v2\/pages\/19025","targetHints":{"allow":["GET"]}}],"collection":[{"href":"https:\/\/www.infinigate.com\/de\/wp-json\/wp\/v2\/pages"}],"about":[{"href":"https:\/\/www.infinigate.com\/de\/wp-json\/wp\/v2\/types\/page"}],"author":[{"embeddable":true,"href":"https:\/\/www.infinigate.com\/de\/wp-json\/wp\/v2\/users\/47"}],"replies":[{"embeddable":true,"href":"https:\/\/www.infinigate.com\/de\/wp-json\/wp\/v2\/comments?post=19025"}],"version-history":[{"count":5,"href":"https:\/\/www.infinigate.com\/de\/wp-json\/wp\/v2\/pages\/19025\/revisions"}],"predecessor-version":[{"id":43614,"href":"https:\/\/www.infinigate.com\/de\/wp-json\/wp\/v2\/pages\/19025\/revisions\/43614"}],"up":[{"embeddable":true,"href":"https:\/\/www.infinigate.com\/de\/wp-json\/wp\/v2\/pages\/851"}],"wp:featuredmedia":[{"embeddable":true,"href":"https:\/\/www.infinigate.com\/de\/wp-json\/wp\/v2\/media\/43516"}],"wp:attachment":[{"href":"https:\/\/www.infinigate.com\/de\/wp-json\/wp\/v2\/media?parent=19025"}],"wp:term":[{"taxonomy":"folder","embeddable":true,"href":"https:\/\/www.infinigate.com\/de\/wp-json\/wp\/v2\/folder?post=19025"}],"curies":[{"name":"wp","href":"https:\/\/api.w.org\/{rel}","templated":true}]}}