{"id":19461,"date":"2025-01-03T09:52:30","date_gmt":"2025-01-03T08:52:30","guid":{"rendered":"https:\/\/www.infinigate.com\/de\/?page_id=19461"},"modified":"2025-01-03T09:52:31","modified_gmt":"2025-01-03T08:52:31","slug":"anmeldebestaetigung-nis-2-mdr-round-tables-2025","status":"publish","type":"page","link":"https:\/\/www.infinigate.com\/de\/lp\/h\/sophos\/anmeldebestaetigung-nis-2-mdr-round-tables-2025\/","title":{"rendered":"Anmeldebest\u00e4tigung NIS-2 MDR Round Tables 2025"},"content":{"rendered":"\n<figure class=\"wp-block-image alignfull size-large\"><img loading=\"lazy\" decoding=\"async\" width=\"1024\" height=\"320\" src=\"https:\/\/www.infinigate.com\/de\/wp-content\/uploads\/sites\/25\/2025\/01\/NIS-2_MDR_Roundtable_Infinigate-Sophos-1024x320.webp\" alt=\"\" class=\"wp-image-19377\" srcset=\"https:\/\/www.infinigate.com\/de\/wp-content\/uploads\/sites\/25\/2025\/01\/NIS-2_MDR_Roundtable_Infinigate-Sophos-1024x320.webp 1024w, https:\/\/www.infinigate.com\/de\/wp-content\/uploads\/sites\/25\/2025\/01\/NIS-2_MDR_Roundtable_Infinigate-Sophos-300x94.webp 300w, https:\/\/www.infinigate.com\/de\/wp-content\/uploads\/sites\/25\/2025\/01\/NIS-2_MDR_Roundtable_Infinigate-Sophos-768x240.webp 768w, https:\/\/www.infinigate.com\/de\/wp-content\/uploads\/sites\/25\/2025\/01\/NIS-2_MDR_Roundtable_Infinigate-Sophos-1536x480.webp 1536w, https:\/\/www.infinigate.com\/de\/wp-content\/uploads\/sites\/25\/2025\/01\/NIS-2_MDR_Roundtable_Infinigate-Sophos.webp 1600w\" sizes=\"auto, (max-width: 1024px) 100vw, 1024px\" \/><\/figure>\n\n\n\n<h2 class=\"wp-block-heading has-text-align-center wp-block-heading\" id=\"h-vielen-dank-fur-ihre-anmeldung\">Vielen Dank f\u00fcr Ihre Anmeldung!<\/h2>\n\n\n\n<p class=\"alignwide has-text-align-wide\">Wir freuen uns, Sie bei unserem Infinigate und Sophos \u201eNIS-2 &amp; MDR Regional Round Table\u201c begr\u00fc\u00dfen zu d\u00fcrfen.<br>Weitere Details erhalten Sie in Ihrer Best\u00e4tigung per E-Mail.<br><br>Herzliche Gr\u00fc\u00dfe<br>Ihr Sophos &amp; Infinigate Team<\/p>\n","protected":false},"excerpt":{"rendered":"<p>Vielen Dank f\u00fcr Ihre Anmeldung! Wir freuen uns, Sie bei unserem Infinigate und Sophos \u201eNIS-2 &amp; MDR Regional Round Table\u201c&hellip;<\/p>\n","protected":false},"author":48,"featured_media":19377,"parent":11208,"menu_order":0,"comment_status":"closed","ping_status":"closed","template":"","meta":{"_acf_changed":false,"footnotes":""},"folder":[429],"class_list":["post-19461","page","type-page","status-publish","has-post-thumbnail","hentry"],"acf":[],"distributor_meta":false,"distributor_terms":false,"distributor_media":false,"distributor_original_site_name":"Infinigate | Deutschland","distributor_original_site_url":"https:\/\/www.infinigate.com\/de","push-errors":false,"_links":{"self":[{"href":"https:\/\/www.infinigate.com\/de\/wp-json\/wp\/v2\/pages\/19461","targetHints":{"allow":["GET"]}}],"collection":[{"href":"https:\/\/www.infinigate.com\/de\/wp-json\/wp\/v2\/pages"}],"about":[{"href":"https:\/\/www.infinigate.com\/de\/wp-json\/wp\/v2\/types\/page"}],"author":[{"embeddable":true,"href":"https:\/\/www.infinigate.com\/de\/wp-json\/wp\/v2\/users\/48"}],"replies":[{"embeddable":true,"href":"https:\/\/www.infinigate.com\/de\/wp-json\/wp\/v2\/comments?post=19461"}],"version-history":[{"count":0,"href":"https:\/\/www.infinigate.com\/de\/wp-json\/wp\/v2\/pages\/19461\/revisions"}],"up":[{"embeddable":true,"href":"https:\/\/www.infinigate.com\/de\/wp-json\/wp\/v2\/pages\/11208"}],"wp:featuredmedia":[{"embeddable":true,"href":"https:\/\/www.infinigate.com\/de\/wp-json\/wp\/v2\/media\/19377"}],"wp:attachment":[{"href":"https:\/\/www.infinigate.com\/de\/wp-json\/wp\/v2\/media?parent=19461"}],"wp:term":[{"taxonomy":"folder","embeddable":true,"href":"https:\/\/www.infinigate.com\/de\/wp-json\/wp\/v2\/folder?post=19461"}],"curies":[{"name":"wp","href":"https:\/\/api.w.org\/{rel}","templated":true}]}}