{"id":22006,"date":"2025-02-28T13:56:16","date_gmt":"2025-02-28T12:56:16","guid":{"rendered":"https:\/\/www.infinigate.com\/de\/?page_id=22006"},"modified":"2025-10-13T10:19:48","modified_gmt":"2025-10-13T08:19:48","slug":"microsoft-preisanpassungen","status":"publish","type":"page","link":"https:\/\/www.infinigate.com\/de\/lp\/h\/microsoft\/microsoft-preisanpassungen\/","title":{"rendered":"Microsoft Preisanpassungen"},"content":{"rendered":"\n<figure class=\"wp-block-image alignwide size-full\"><img loading=\"lazy\" decoding=\"async\" width=\"1280\" height=\"500\" src=\"https:\/\/www.infinigate.com\/de\/wp-content\/uploads\/sites\/25\/2025\/02\/Microsoft_Preisaenderungen.webp\" alt=\"\" class=\"wp-image-22011\" srcset=\"https:\/\/www.infinigate.com\/de\/wp-content\/uploads\/sites\/25\/2025\/02\/Microsoft_Preisaenderungen.webp 1280w, https:\/\/www.infinigate.com\/de\/wp-content\/uploads\/sites\/25\/2025\/02\/Microsoft_Preisaenderungen-300x117.webp 300w, https:\/\/www.infinigate.com\/de\/wp-content\/uploads\/sites\/25\/2025\/02\/Microsoft_Preisaenderungen-1024x400.webp 1024w, https:\/\/www.infinigate.com\/de\/wp-content\/uploads\/sites\/25\/2025\/02\/Microsoft_Preisaenderungen-768x300.webp 768w\" sizes=\"auto, (max-width: 1280px) 100vw, 1280px\" \/><\/figure>\n\n\n\n<p class=\"alignwide has-text-align-wide\">Am 12. November 2024 k\u00fcndigte Microsoft an, dass ab dem 1. April 2025 Preis\u00e4nderungen f\u00fcr j\u00e4hrliche Abonnements mit monatlicher Zahlung wirksam werden. Diese Anpassungen betreffen auch Microsoft Teams Phone und Power BI, da Microsoft die Abrechnungsmodelle f\u00fcr Jahresabonnements \u00fcber die Kan\u00e4le Buy Online, CSP und MCA-E sowie f\u00fcr alle Kundensegmente vereinheitlicht.&nbsp;<\/p>\n\n\n\n<h2 class=\"wp-block-heading is-style-border-left wp-block-heading\" id=\"h-was-andert-sich-am-1-april-2025-nbsp\">Was \u00e4ndert sich am 1. April 2025?&nbsp;<\/h2>\n\n\n\n<p class=\"alignwide has-text-align-wide\">Alle neuen und verl\u00e4ngerten monatlichen Zahlungspl\u00e4ne f\u00fcr Jahresabonnements werden um 5 % teurer sein als die j\u00e4hrliche Vorauszahlung f\u00fcr dasselbe Abonnement.&nbsp;<br>Kunden mit bestehenden Jahresabonnements, die monatlich bezahlt werden, sehen die Preis\u00e4nderung erst bei ihrer n\u00e4chsten Verl\u00e4ngerung nach dem 1. April 2025.&nbsp;<\/p>\n\n\n    <section style=\"--content-grid--columns: 5;\" class=\"content-grid wp-block animate content-grid--5-columns alignfull\">\r\n        <div class=\"content-grid__inner\">\r\n            \r\n\r\n            \r\n\r\n            \r\n                                            <div class=\"content-grid__subheading\">\r\n                            <p><strong><span class=\"TextRun SCXW241227071 BCX8\" lang=\"DE-DE\" xml:lang=\"DE-DE\" data-contrast=\"auto\"><span class=\"NormalTextRun SCXW241227071 BCX8\">Betroffene Produkte:<\/span><\/span><span class=\"EOP SCXW241227071 BCX8\" data-ccp-props=\"{}\">\u00a0<\/span><\/strong><\/p>\n                        <\/div>\r\n                    \r\n                                                    \r\n                    \r\n                                                                        <div class=\"content-grid__items\">\r\n                                                                            <div class=\"content-grid__item has-background has-gray-400-background-color\">\r\n                                            \r\n                                                \r\n                                        \r\n                                        \r\n                                                                        <div class=\" content-grid__item__subheading\">\r\n                                            <p><span class=\"TextRun SCXW132956364 BCX8\" lang=\"DE-DE\" xml:lang=\"DE-DE\" data-contrast=\"auto\"><span class=\"NormalTextRun SCXW132956364 BCX8\">Microsoft 365<\/span><\/span><span class=\"EOP SCXW132956364 BCX8\" data-ccp-props=\"{}\">\u00a0<\/span><\/p>\n                                <\/div>\r\n                                        \r\n                                        \r\n                        <\/div>\r\n                                                                            <div class=\"content-grid__item has-background has-gray-400-background-color\">\r\n                                            \r\n                                                \r\n                                        \r\n                                        \r\n                                                                        <div class=\" content-grid__item__subheading\">\r\n                                            <p><span class=\"TextRun SCXW206925985 BCX8\" lang=\"DE-DE\" xml:lang=\"DE-DE\" data-contrast=\"auto\"><span class=\"NormalTextRun SCXW206925985 BCX8\">Office 365<\/span><\/span><span class=\"EOP SCXW206925985 BCX8\" data-ccp-props=\"{}\">\u00a0<\/span><\/p>\n                                <\/div>\r\n                                        \r\n                                        \r\n                        <\/div>\r\n                                                                            <div class=\"content-grid__item has-background has-gray-400-background-color\">\r\n                                            \r\n                                                \r\n                                        \r\n                                        \r\n                                                                        <div class=\" content-grid__item__subheading\">\r\n                                            <p><span class=\"TextRun SCXW147032110 BCX8\" lang=\"DE-DE\" xml:lang=\"DE-DE\" data-contrast=\"auto\"><span class=\"NormalTextRun SCXW147032110 BCX8\">Enterprise Mobility + Security<\/span><\/span><span class=\"EOP SCXW147032110 BCX8\" data-ccp-props=\"{}\">\u00a0<\/span><\/p>\n                                <\/div>\r\n                                        \r\n                                        \r\n                        <\/div>\r\n                                                                            <div class=\"content-grid__item has-background has-gray-400-background-color\">\r\n                                            \r\n                                                \r\n                                        \r\n                                        \r\n                                                                        <div class=\" content-grid__item__subheading\">\r\n                                            <p><span class=\"TextRun SCXW99559577 BCX8\" lang=\"DE-DE\" xml:lang=\"DE-DE\" data-contrast=\"auto\"><span class=\"NormalTextRun SCXW99559577 BCX8\">Windows 365<\/span><\/span><span class=\"EOP SCXW99559577 BCX8\" data-ccp-props=\"{}\">\u00a0<\/span><\/p>\n                                <\/div>\r\n                                        \r\n                                        \r\n                        <\/div>\r\n                                                                            <div class=\"content-grid__item has-background has-gray-400-background-color\">\r\n                                            \r\n                                                \r\n                                        \r\n                                        \r\n                                                                        <div class=\" content-grid__item__subheading\">\r\n                                            <p><span class=\"TextRun SCXW109925747 BCX8\" lang=\"DE-DE\" xml:lang=\"DE-DE\" data-contrast=\"auto\"><span class=\"NormalTextRun SCXW109925747 BCX8\">Microsoft Dynamics 365 Services<\/span><\/span><span class=\"EOP SCXW109925747 BCX8\" data-ccp-props=\"{}\">\u00a0<\/span><\/p>\n                                <\/div>\r\n                                        \r\n                                        \r\n                        <\/div>\r\n                                                                            <div class=\"content-grid__item has-background has-gray-400-background-color\">\r\n                                            \r\n                                                \r\n                                        \r\n                                        \r\n                                                                        <div class=\" content-grid__item__subheading\">\r\n                                            <p><span class=\"TextRun SCXW66727023 BCX8\" lang=\"DE-DE\" xml:lang=\"DE-DE\" data-contrast=\"auto\"><span class=\"NormalTextRun SCXW66727023 BCX8\">Microsoft Power <\/span><span class=\"NormalTextRun SpellingErrorV2Themed SCXW66727023 BCX8\">Platform<\/span><\/span><span class=\"EOP SCXW66727023 BCX8\" data-ccp-props=\"{}\">\u00a0<\/span><\/p>\n                                <\/div>\r\n                                        \r\n                                        \r\n                        <\/div>\r\n                                                                            <div class=\"content-grid__item has-background has-gray-400-background-color\">\r\n                                            \r\n                                                \r\n                                        \r\n                                        \r\n                                                                        <div class=\" content-grid__item__subheading\">\r\n                                            <p><span class=\"TextRun SCXW260956645 BCX8\" lang=\"DE-DE\" xml:lang=\"DE-DE\" data-contrast=\"auto\"><span class=\"NormalTextRun SCXW260956645 BCX8\">Weitere Online-Dienste<\/span><\/span><span class=\"EOP SCXW260956645 BCX8\" data-ccp-props=\"{}\">\u00a0<\/span><\/p>\n                                <\/div>\r\n                                        \r\n                                        \r\n                        <\/div>\r\n                                                    <\/div>\r\n                                    <\/div>\r\n    <\/section>\r\n\n\n    <section style=\"--content-grid--columns: 5;\" class=\"content-grid wp-block animate content-grid--5-columns alignfull\">\r\n        <div class=\"content-grid__inner\">\r\n            \r\n\r\n            \r\n\r\n            \r\n                                            <div class=\"content-grid__subheading\">\r\n                            <p><strong><span class=\"TextRun SCXW241227071 BCX8\" lang=\"DE-DE\" xml:lang=\"DE-DE\" data-contrast=\"auto\"><span class=\"NormalTextRun SCXW241227071 BCX8\">Nicht Betroffene Produkte:<\/span><\/span><span class=\"EOP SCXW241227071 BCX8\" data-ccp-props=\"{}\">\u00a0<\/span><\/strong><\/p>\n                        <\/div>\r\n                    \r\n                                                    \r\n                    \r\n                                                                        <div class=\"content-grid__items\">\r\n                                                                            <div class=\"content-grid__item has-background has-gray-400-background-color\">\r\n                                            \r\n                                                \r\n                                        \r\n                                        \r\n                                                                        <div class=\" content-grid__item__subheading\">\r\n                                            <p><span class=\"TextRun SCXW7538644 BCX8\" lang=\"DE-DE\" xml:lang=\"DE-DE\" data-contrast=\"auto\"><span class=\"NormalTextRun SCXW7538644 BCX8\">Azure Reserved <\/span><span class=\"NormalTextRun SpellingErrorV2Themed SCXW7538644 BCX8\">Instances<\/span><\/span><span class=\"EOP SCXW7538644 BCX8\" data-ccp-props=\"{}\">\u00a0<\/span><\/p>\n                                <\/div>\r\n                                        \r\n                                        \r\n                        <\/div>\r\n                                                                            <div class=\"content-grid__item has-background has-gray-400-background-color\">\r\n                                            \r\n                                                \r\n                                        \r\n                                        \r\n                                                                        <div class=\" content-grid__item__subheading\">\r\n                                            <p><span class=\"TextRun SCXW171858247 BCX8\" lang=\"DE-DE\" xml:lang=\"DE-DE\" data-contrast=\"auto\"><span class=\"NormalTextRun SCXW171858247 BCX8\">Azure <\/span><span class=\"NormalTextRun SpellingErrorV2Themed SCXW171858247 BCX8\">Savings<\/span><span class=\"NormalTextRun SCXW171858247 BCX8\"> Plan<\/span><\/span><span class=\"EOP SCXW171858247 BCX8\" data-ccp-props=\"{}\">\u00a0<\/span><\/p>\n                                <\/div>\r\n                                        \r\n                                        \r\n                        <\/div>\r\n                                                                            <div class=\"content-grid__item has-background has-gray-400-background-color\">\r\n                                            \r\n                                                \r\n                                        \r\n                                        \r\n                                                                        <div class=\" content-grid__item__subheading\">\r\n                                            <p><span class=\"TextRun SCXW8086033 BCX8\" lang=\"DE-DE\" xml:lang=\"DE-DE\" data-contrast=\"auto\"><span class=\"NormalTextRun SCXW8086033 BCX8\">Azure Marketplace<\/span><\/span><span class=\"EOP SCXW8086033 BCX8\" data-ccp-props=\"{}\">\u00a0<\/span><\/p>\n                                <\/div>\r\n                                        \r\n                                        \r\n                        <\/div>\r\n                                                                            <div class=\"content-grid__item has-background has-gray-400-background-color\">\r\n                                            \r\n                                                \r\n                                        \r\n                                        \r\n                                                                        <div class=\" content-grid__item__subheading\">\r\n                                            <p><span class=\"TextRun SCXW226021622 BCX8\" lang=\"DE-DE\" xml:lang=\"DE-DE\" data-contrast=\"auto\"><span class=\"NormalTextRun SCXW226021622 BCX8\">GitHub<\/span><\/span><span class=\"EOP SCXW226021622 BCX8\" data-ccp-props=\"{}\">\u00a0<\/span><\/p>\n                                <\/div>\r\n                                        \r\n                                        \r\n                        <\/div>\r\n                                                                            <div class=\"content-grid__item has-background has-gray-400-background-color\">\r\n                                            \r\n                                                \r\n                                        \r\n                                        \r\n                                                                        <div class=\" content-grid__item__subheading\">\r\n                                            <p><span class=\"TextRun SCXW53497345 BCX8\" lang=\"DE-DE\" xml:lang=\"DE-DE\" data-contrast=\"auto\"><span class=\"NormalTextRun SCXW53497345 BCX8\">On-<\/span><span class=\"NormalTextRun SpellingErrorV2Themed SCXW53497345 BCX8\">Premises<\/span><span class=\"NormalTextRun SCXW53497345 BCX8\">-Software<\/span><\/span><span class=\"EOP SCXW53497345 BCX8\" data-ccp-props=\"{}\">\u00a0<\/span><\/p>\n                                <\/div>\r\n                                        \r\n                                        \r\n                        <\/div>\r\n                                                    <\/div>\r\n                                    <\/div>\r\n    <\/section>\r\n\n\n\n<p class=\"alignwide has-text-align-wide\">Alle Kundensegmente (Regierung, Bildung, Non-Profit) sowie die Kan\u00e4le MCA-E, CSP und Buy Online unterliegen der 5-prozentigen Preisanpassung.&nbsp;<\/p>\n\n\n\n<h2 class=\"wp-block-heading is-style-border-left wp-block-heading\" id=\"h-preisanpassungen-fur-microsoft-teams-phone-nbsp\">Preisanpassungen f\u00fcr Microsoft Teams Phone&nbsp;<\/h2>\n\n\n\n<p class=\"alignwide has-text-align-wide\">Ab dem 1. April 2025 wird Microsoft Teams Phone als eigenst\u00e4ndige Lizenz erstmals seit der Einf\u00fchrung im Jahr 2017 eine Preiserh\u00f6hung erfahren. Neben der neuen Jahrespreisstruktur wird zus\u00e4tzlich eine 5-prozentige Anpassung vorgenommen. Diese \u00c4nderung dient der einheitlichen und transparenten Preisgestaltung \u00fcber alle Plattformen hinweg.&nbsp;<\/p>\n\n\n\n<p class=\"alignwide has-text-align-wide\"><strong>Hinweis:&nbsp;<\/strong><br>Microsoft 365 E5 und Office 365 E5, die bereits Teams Phone Standard enthalten, sind von dieser Preiserh\u00f6hung nicht betroffen.&nbsp;<\/p>\n\n\n\n<h2 class=\"wp-block-heading is-style-border-left wp-block-heading\" id=\"h-preisanpassungen-fur-power-bi-nbsp\">Preisanpassungen f\u00fcr Power BI&nbsp;<\/h2>\n\n\n\n<p class=\"alignwide has-text-align-wide\">Auch die Power BI-Lizenzierung wird erstmals seit der Einf\u00fchrung im Jahr 2015 eine Preiserh\u00f6hung erfahren. Diese tritt am 1. April 2025 in Kraft. Zus\u00e4tzlich zur neuen Jahrespreisstruktur erfolgt eine 5-prozentige Preisanpassung. Ziel dieser \u00c4nderung ist eine konsistente und transparente Preisgestaltung \u00fcber alle Plattformen hinweg.&nbsp;<\/p>\n\n\n    <section style=\"--content-grid--columns: 3;\" class=\"content-grid wp-block animate content-grid--3-columns alignfull\">\r\n        <div class=\"content-grid__inner\">\r\n            \r\n\r\n                                <h2 class=\"content-grid__heading has--heading-border\">N\u00e4chste Schritte <\/h2>\r\n            \r\n\r\n            \r\n                                            <div class=\"content-grid__subheading\">\r\n                            <p><span class=\"TextRun SCXW67957013 BCX8\" lang=\"DE-DE\" xml:lang=\"DE-DE\" data-contrast=\"auto\"><span class=\"NormalTextRun SCXW67957013 BCX8\">Bitte informieren Sie sich in den folgenden offiziellen Microsoft-Ank\u00fcndigungen und FAQs, um die anstehenden \u00c4nderungen besser zu verstehen:<\/span><\/span><span class=\"EOP SCXW67957013 BCX8\" data-ccp-props=\"{}\">\u00a0<\/span><\/p>\n                        <\/div>\r\n                    \r\n                                                    \r\n                    \r\n                                                                        <div class=\"content-grid__items\">\r\n                                                                            <div class=\"content-grid__item has-background has-gray-400-background-color\">\r\n                                            \r\n                                                \r\n                                        \r\n                                                                                        <h3 class=\"content-grid__item__heading\">Microsoft \u00f6ffentliche Ank\u00fcndigung <\/h3>\r\n                                        \r\n                                        \r\n                                                                        <div class=\"content-grid__item__link\">\r\n                                                <a rel=\"noopener\" href=\"https:\/\/techcommunity.microsoft.com\/blog\/microsoft_365blog\/flexible-billing-for-microsoft-365-copilot-pricing-updates-for-annual-subscripti\/4288536\" target=\"_blank\" class=\"g-button--arrow\">\r\n                Mehr erfahren            <\/a>\r\n                                <\/div>\r\n                                        \r\n                        <\/div>\r\n                                                                            <div class=\"content-grid__item has-background has-gray-400-background-color\">\r\n                                            \r\n                                                \r\n                                        \r\n                                                                                        <h3 class=\"content-grid__item__heading\">Microsoft Power BI Ank\u00fcndigung <\/h3>\r\n                                        \r\n                                        \r\n                                                                        <div class=\"content-grid__item__link\">\r\n                                                <a rel=\"noopener\" href=\"https:\/\/powerbi.microsoft.com\/en-us\/blog\/important-update-to-microsoft-power-bi-pricing\/\" target=\"_blank\" class=\"g-button--arrow\">\r\n                Mehr erfahren            <\/a>\r\n                                <\/div>\r\n                                        \r\n                        <\/div>\r\n                                                                            <div class=\"content-grid__item has-background has-gray-400-background-color\">\r\n                                            \r\n                                                \r\n                                        \r\n                                                                                        <h3 class=\"content-grid__item__heading\">FAQ zu Preisanpassungen <\/h3>\r\n                                        \r\n                                        \r\n                                                                        <div class=\"content-grid__item__link\">\r\n                                                <a rel=\"noopener\" href=\"https:\/\/aka.ms\/AMBillingChangePartnerFAQ\" target=\"_blank\" class=\"g-button--arrow\">\r\n                Mehr erfahren            <\/a>\r\n                                <\/div>\r\n                                        \r\n                        <\/div>\r\n                                                    <\/div>\r\n                                    <\/div>\r\n    <\/section>\r\n\n\n\n<h2 class=\"wp-block-heading is-style-border-left wp-block-heading\" id=\"h-weitere-informationen-nbsp\">Weitere Informationen&nbsp;<\/h2>\n\n\n\n<p class=\"alignwide has-text-align-wide\">Wir helfen Ihnen gerne weiter, falls Sie Fragen zu den genannten \u00c4nderungen haben, wenden Sie sich bitte an Ihren Business Development Manager, rufen Sie uns an oder schreiben Sie uns.<\/p>\n\n\n\n<div class=\"wp-block-buttons is-layout-flex wp-block-buttons-is-layout-flex\">\n<div class=\"wp-block-button\"><a class=\"wp-block-button__link wp-element-button\" href=\"https:\/\/www.infinigate.com\/de\/lp\/h\/microsoft\/microsoft-news\/\">Zur\u00fcck zur Microsoft News \u00dcbersicht<\/a><\/div>\n<\/div>\n\n\n\n<div class=\"wp-block-cover alignwide\" id=\"kontakt\"><img loading=\"lazy\" decoding=\"async\" width=\"1920\" height=\"1080\" class=\"wp-block-cover__image-background wp-image-4092\" alt=\"\" src=\"https:\/\/www.infinigate.com\/de\/wp-content\/uploads\/sites\/25\/2024\/03\/Digital_Textures_V2.jpg\" data-object-fit=\"cover\" srcset=\"https:\/\/www.infinigate.com\/de\/wp-content\/uploads\/sites\/25\/2024\/03\/Digital_Textures_V2.jpg 1920w, https:\/\/www.infinigate.com\/de\/wp-content\/uploads\/sites\/25\/2024\/03\/Digital_Textures_V2-300x169.jpg 300w, https:\/\/www.infinigate.com\/de\/wp-content\/uploads\/sites\/25\/2024\/03\/Digital_Textures_V2-1024x576.jpg 1024w, https:\/\/www.infinigate.com\/de\/wp-content\/uploads\/sites\/25\/2024\/03\/Digital_Textures_V2-768x432.jpg 768w, https:\/\/www.infinigate.com\/de\/wp-content\/uploads\/sites\/25\/2024\/03\/Digital_Textures_V2-1536x864.jpg 1536w\" sizes=\"auto, (max-width: 1920px) 100vw, 1920px\" \/><span aria-hidden=\"true\" class=\"wp-block-cover__background has-blue-background-color has-background-dim-0 has-background-dim\"><\/span><div class=\"wp-block-cover__inner-container is-layout-constrained wp-block-cover-is-layout-constrained\">\n<div class=\"wp-block-columns is-layout-flex wp-container-core-columns-is-layout-9d6595d7 wp-block-columns-is-layout-flex\">\n<div class=\"wp-block-column is-layout-flow wp-block-column-is-layout-flow\" style=\"flex-basis:66.66%\">\n<h3 class=\"wp-block-heading has-text-align-left is-style-border-left has-white-color has-text-color has-link-color wp-elements-5a5930c6e925070bb2b4fb024ddee0df\" id=\"h-kontakt-zum-microsoft-team\">Kontakt zum Microsoft Team<\/h3>\n\n\n\n<p>Unser Microsoft Team unterst\u00fctzt Sie gerne bei Ihren vertrieblichen Anfragen, bei Pre-Sales Themen oder bei geplanten Marketing-Aktivit\u00e4ten.<\/p>\n<\/div>\n\n\n\n<div class=\"wp-block-column is-vertically-aligned-center is-layout-flow wp-block-column-is-layout-flow\" style=\"flex-basis:33.33%\">\n<p class=\"has-text-align-center has-white-color has-text-color has-link-color wp-elements-ff45b21d7ce4dc63fd349a753acab66b\"><a href=\"mailto:microsoft@infinigate.de\">microsoft@infinigate.de<br><\/a><a href=\"tel:+498989048580\">+49 89 89048-580<\/a><\/p>\n\n\n\n<div class=\"wp-block-buttons is-content-justification-center is-layout-flex wp-container-core-buttons-is-layout-16018d1d wp-block-buttons-is-layout-flex\">\n<div class=\"wp-block-button\"><a class=\"wp-block-button__link wp-element-button\" href=\"mailto:microsoft-de@infinigate.de\">Kontakt aufnehmen<\/a><\/div>\n<\/div>\n<\/div>\n<\/div>\n<\/div><\/div>\n","protected":false},"excerpt":{"rendered":"<p>Am 12. November 2024 k\u00fcndigte Microsoft an, dass ab dem 1. April 2025 Preis\u00e4nderungen f\u00fcr j\u00e4hrliche Abonnements mit monatlicher Zahlung&hellip;<\/p>\n","protected":false},"author":48,"featured_media":0,"parent":17789,"menu_order":0,"comment_status":"closed","ping_status":"closed","template":"","meta":{"_acf_changed":false,"footnotes":""},"folder":[488],"class_list":["post-22006","page","type-page","status-publish","hentry"],"acf":[],"distributor_meta":false,"distributor_terms":false,"distributor_media":false,"distributor_original_site_name":"Infinigate | Deutschland","distributor_original_site_url":"https:\/\/www.infinigate.com\/de","push-errors":false,"_links":{"self":[{"href":"https:\/\/www.infinigate.com\/de\/wp-json\/wp\/v2\/pages\/22006","targetHints":{"allow":["GET"]}}],"collection":[{"href":"https:\/\/www.infinigate.com\/de\/wp-json\/wp\/v2\/pages"}],"about":[{"href":"https:\/\/www.infinigate.com\/de\/wp-json\/wp\/v2\/types\/page"}],"author":[{"embeddable":true,"href":"https:\/\/www.infinigate.com\/de\/wp-json\/wp\/v2\/users\/48"}],"replies":[{"embeddable":true,"href":"https:\/\/www.infinigate.com\/de\/wp-json\/wp\/v2\/comments?post=22006"}],"version-history":[{"count":0,"href":"https:\/\/www.infinigate.com\/de\/wp-json\/wp\/v2\/pages\/22006\/revisions"}],"up":[{"embeddable":true,"href":"https:\/\/www.infinigate.com\/de\/wp-json\/wp\/v2\/pages\/17789"}],"wp:attachment":[{"href":"https:\/\/www.infinigate.com\/de\/wp-json\/wp\/v2\/media?parent=22006"}],"wp:term":[{"taxonomy":"folder","embeddable":true,"href":"https:\/\/www.infinigate.com\/de\/wp-json\/wp\/v2\/folder?post=22006"}],"curies":[{"name":"wp","href":"https:\/\/api.w.org\/{rel}","templated":true}]}}