{"id":22352,"date":"2025-03-06T16:50:32","date_gmt":"2025-03-06T15:50:32","guid":{"rendered":"https:\/\/www.infinigate.com\/de\/?page_id=22352"},"modified":"2025-03-06T16:59:20","modified_gmt":"2025-03-06T15:59:20","slug":"forcepoint-trainings","status":"publish","type":"page","link":"https:\/\/www.infinigate.com\/de\/akademie\/herstellerspezifische-trainings\/forcepoint-trainings\/","title":{"rendered":"Forcepoint Trainings"},"content":{"rendered":"\n<figure class=\"wp-block-image alignfull size-full is-style-corner-overlay\"><img loading=\"lazy\" decoding=\"async\" width=\"1920\" height=\"673\" src=\"https:\/\/www.infinigate.com\/de\/wp-content\/uploads\/sites\/25\/2024\/07\/HerstellerspezifischeTrainings_Header.jpg\" alt=\"Check Point Trainings\" class=\"wp-image-9676\" srcset=\"https:\/\/www.infinigate.com\/de\/wp-content\/uploads\/sites\/25\/2024\/07\/HerstellerspezifischeTrainings_Header.jpg 1920w, https:\/\/www.infinigate.com\/de\/wp-content\/uploads\/sites\/25\/2024\/07\/HerstellerspezifischeTrainings_Header-300x105.jpg 300w, https:\/\/www.infinigate.com\/de\/wp-content\/uploads\/sites\/25\/2024\/07\/HerstellerspezifischeTrainings_Header-1024x359.jpg 1024w, https:\/\/www.infinigate.com\/de\/wp-content\/uploads\/sites\/25\/2024\/07\/HerstellerspezifischeTrainings_Header-768x269.jpg 768w, https:\/\/www.infinigate.com\/de\/wp-content\/uploads\/sites\/25\/2024\/07\/HerstellerspezifischeTrainings_Header-1536x538.jpg 1536w\" sizes=\"auto, (max-width: 1920px) 100vw, 1920px\" \/><\/figure>\n\n\n\n<div class=\"wp-block-columns is-layout-flex wp-container-core-columns-is-layout-9d6595d7 wp-block-columns-is-layout-flex\">\n<div class=\"wp-block-column is-layout-flow wp-block-column-is-layout-flow\" style=\"flex-basis:66.66%\">\n<p>Als autorisierter Trainingspartner von Forcepoint bieten wir die offiziellen Zertifizierungstrainings an, welche sowohl f\u00fcr Reseller als auch f\u00fcr Endkunden zug\u00e4nglich sind<\/p>\n<\/div>\n\n\n\n<div class=\"wp-block-column is-layout-flow wp-block-column-is-layout-flow\" style=\"flex-basis:33.33%\">\n<figure class=\"wp-block-image size-full\"><img loading=\"lazy\" decoding=\"async\" width=\"213\" height=\"52\" src=\"https:\/\/www.infinigate.com\/de\/wp-content\/uploads\/sites\/25\/2025\/03\/forcepoint-training.webp\" alt=\"\" class=\"wp-image-22361\" \/><\/figure>\n<\/div>\n<\/div>\n\n\n\n<h2 class=\"wp-block-heading is-style-border-left wp-block-heading\" id=\"h-forcepoint-trainingsubersicht\">Forcepoint Trainings\u00fcbersicht<\/h2>\n\n\n\n<p class=\"alignwide has-text-align-wide\">Weitere Details zu den Inhalten des Trainings sowie eine \u00dcbersicht \u00fcber die angebotenen Termine k\u00f6nnen Sie hier entnehmen.<\/p>\n\n\n    <section class=\"cards wp-block animate cards--columns-2 cards--type--default alignwide\">\n        <div class=\"cards__inner\">\n            \n            <div class=\"cards__items\">\n                \n                \n                <article class=\"g-card animate-element has-white-background-color has-background has-link g-card--type--custom\">\r\n        <div class=\"g-card__inner\">\r\n                \r\n\r\n                                        <div class=\"g-card__header\">\r\n                    \r\n\r\n                        <h2 class=\"g-card__heading\">    <a rel=\"noopener\" href=\"https:\/\/idconnect.infinigate.com\/academy\/de\/de?d=standard&#038;manufacturer=a49512191f4efbc749eb873a9476c320&#038;p=1&#038;searchTerm=INF-TR-FP-NGFW\" target=\"_blank\">\r\n                Forcepoint NGFW Administrator            <\/a>\r\n<\/h2>\r\n                    \r\n                                            <div class=\"g-card__content\">\r\n                            <p>In diesem praxisorientierten Training erlernen Sie die wesentlichen F\u00e4higkeiten f\u00fcr die Installation, Konfiguration und Verwaltung von Forcepoint NGFW. Durch \u00dcbungen im Lab erfahren Sie, wie Sie Forcepoint NGFW in verschiedenen Netzwerkumgebungen erfolgreich bereitstellen, Sicherheitsregeln erstellen, Benutzer verwalten, VPNs konfigurieren und den Datenverkehr pr\u00fcfen.<\/p>\n<p>Zudem lernen Sie grundlegende Verwaltungsaufgaben wie Status\u00fcberwachung und Reporting.<\/p>\n                        <\/div>\r\n                    \r\n                    \r\n                                    <\/div>\r\n            \r\n            \r\n            \r\n            \r\n\r\n\r\n\r\n            \r\n                <a rel=\"noopener\" href=\"https:\/\/idconnect.infinigate.com\/academy\/de\/de?d=standard&#038;manufacturer=a49512191f4efbc749eb873a9476c320&#038;p=1&#038;searchTerm=INF-TR-FP-NGFW\" target=\"_blank\" class=\"g-button--arrow g-card__read-more\">\r\n                Termine            <\/a>\r\n\r\n                <\/div>\r\n    \r\n    \r\n    <\/article>\r\n<article class=\"g-card animate-element has-white-background-color has-background has-link g-card--type--custom\">\r\n        <div class=\"g-card__inner\">\r\n                \r\n\r\n                                        <div class=\"g-card__header\">\r\n                    \r\n\r\n                        <h2 class=\"g-card__heading\">    <a rel=\"noopener\" href=\"https:\/\/idconnect.infinigate.com\/academy\/de\/de?d=standard&#038;manufacturer=a49512191f4efbc749eb873a9476c320&#038;p=1&#038;searchTerm=INF-TR-FP-DLP\" target=\"_blank\">\r\n                Forcepoint DLP Administrator            <\/a>\r\n<\/h2>\r\n                    \r\n                                            <div class=\"g-card__content\">\r\n                            <p>Das Training vermittelt Ihnen den Umgang mit dem Forcepoint DLP-System. Sie lernen, wie man Umgebungen testet, Richtlinien und Berichte verwaltet, Incidents und Endpoints behandelt sowie das System aktualisiert.<\/p>\n<p>Nach Abschluss k\u00f6nnen Sie Datenrichtlinien erstellen, benutzerdefinierte Klassifikatoren entwickeln und vordefinierte Richtlinien anwenden.<\/p>\n                        <\/div>\r\n                    \r\n                    \r\n                                    <\/div>\r\n            \r\n            \r\n            \r\n            \r\n\r\n\r\n\r\n            \r\n                <a rel=\"noopener\" href=\"https:\/\/idconnect.infinigate.com\/academy\/de\/de?d=standard&#038;manufacturer=a49512191f4efbc749eb873a9476c320&#038;p=1&#038;searchTerm=INF-TR-FP-DLP\" target=\"_blank\" class=\"g-button--arrow g-card__read-more\">\r\n                Termine            <\/a>\r\n\r\n                <\/div>\r\n    \r\n    \r\n    <\/article>\r\n            <\/div>\n\n            \n                <\/section>\n\n\n\n&nbsp;\n\n\n\n<div class=\"wp-block-cover alignwide\" id=\"kontakt\"><span aria-hidden=\"true\" class=\"wp-block-cover__background has-blue-background-color has-background-dim-0 has-background-dim\"><\/span><img loading=\"lazy\" decoding=\"async\" width=\"1920\" height=\"1080\" class=\"wp-block-cover__image-background wp-image-4092\" alt=\"\" src=\"https:\/\/www.infinigate.com\/de\/wp-content\/uploads\/sites\/25\/2024\/03\/Digital_Textures_V2.jpg\" data-object-fit=\"cover\" srcset=\"https:\/\/www.infinigate.com\/de\/wp-content\/uploads\/sites\/25\/2024\/03\/Digital_Textures_V2.jpg 1920w, https:\/\/www.infinigate.com\/de\/wp-content\/uploads\/sites\/25\/2024\/03\/Digital_Textures_V2-300x169.jpg 300w, https:\/\/www.infinigate.com\/de\/wp-content\/uploads\/sites\/25\/2024\/03\/Digital_Textures_V2-1024x576.jpg 1024w, https:\/\/www.infinigate.com\/de\/wp-content\/uploads\/sites\/25\/2024\/03\/Digital_Textures_V2-768x432.jpg 768w, https:\/\/www.infinigate.com\/de\/wp-content\/uploads\/sites\/25\/2024\/03\/Digital_Textures_V2-1536x864.jpg 1536w\" sizes=\"auto, (max-width: 1920px) 100vw, 1920px\" \/><div class=\"wp-block-cover__inner-container is-layout-constrained wp-block-cover-is-layout-constrained\">\n<div class=\"wp-block-columns is-layout-flex wp-container-core-columns-is-layout-9d6595d7 wp-block-columns-is-layout-flex\">\n<div class=\"wp-block-column is-layout-flow wp-block-column-is-layout-flow\" style=\"flex-basis:66.66%\">\n<h3 class=\"wp-block-heading has-text-align-left is-style-border-left has-white-color has-text-color has-link-color wp-elements-d487bc1b4571f39145b11c5a55357182\" id=\"h-kontakt-zum-akademie-team\">Kontakt zum Akademie Team<\/h3>\n\n\n\n<p>Sie haben Fragen? Unsere Akademie ist gerne f\u00fcr Sie da.<\/p>\n<\/div>\n\n\n\n<div class=\"wp-block-column is-vertically-aligned-center is-layout-flow wp-block-column-is-layout-flow\" style=\"flex-basis:33.33%\">\n<p class=\"has-text-align-center has-white-color has-text-color has-link-color wp-elements-0cef73cb21863fbb40aba5e8ab98353d\"><a href=\"mailto:akademie@infinigate.de\">akademie@infinigate.de<\/a><br><a href=\"tel:00498989048401\">+49 89 89048401<\/a><\/p>\n\n\n\n<div class=\"wp-block-buttons is-content-justification-center is-layout-flex wp-container-core-buttons-is-layout-16018d1d wp-block-buttons-is-layout-flex\">\n<div class=\"wp-block-button\"><a class=\"wp-block-button__link wp-element-button\" href=\"mailto:akademie@infinigate.de\" target=\"_blank\" rel=\"noreferrer noopener\">Kontakt aufnehmen<\/a><\/div>\n<\/div>\n<\/div>\n<\/div>\n<\/div><\/div>\n\n\n\n<p><\/p>\n","protected":false},"excerpt":{"rendered":"<p>Als autorisierter Trainingspartner von Forcepoint bieten wir die offiziellen Zertifizierungstrainings an, welche sowohl f\u00fcr Reseller als auch f\u00fcr Endkunden zug\u00e4nglich&hellip;<\/p>\n","protected":false},"author":47,"featured_media":0,"parent":9664,"menu_order":35,"comment_status":"closed","ping_status":"closed","template":"","meta":{"_acf_changed":false,"footnotes":""},"folder":[390],"class_list":["post-22352","page","type-page","status-publish","hentry"],"acf":[],"distributor_meta":false,"distributor_terms":false,"distributor_media":false,"distributor_original_site_name":"Infinigate | Deutschland","distributor_original_site_url":"https:\/\/www.infinigate.com\/de","push-errors":false,"_links":{"self":[{"href":"https:\/\/www.infinigate.com\/de\/wp-json\/wp\/v2\/pages\/22352","targetHints":{"allow":["GET"]}}],"collection":[{"href":"https:\/\/www.infinigate.com\/de\/wp-json\/wp\/v2\/pages"}],"about":[{"href":"https:\/\/www.infinigate.com\/de\/wp-json\/wp\/v2\/types\/page"}],"author":[{"embeddable":true,"href":"https:\/\/www.infinigate.com\/de\/wp-json\/wp\/v2\/users\/47"}],"replies":[{"embeddable":true,"href":"https:\/\/www.infinigate.com\/de\/wp-json\/wp\/v2\/comments?post=22352"}],"version-history":[{"count":0,"href":"https:\/\/www.infinigate.com\/de\/wp-json\/wp\/v2\/pages\/22352\/revisions"}],"up":[{"embeddable":true,"href":"https:\/\/www.infinigate.com\/de\/wp-json\/wp\/v2\/pages\/9664"}],"wp:attachment":[{"href":"https:\/\/www.infinigate.com\/de\/wp-json\/wp\/v2\/media?parent=22352"}],"wp:term":[{"taxonomy":"folder","embeddable":true,"href":"https:\/\/www.infinigate.com\/de\/wp-json\/wp\/v2\/folder?post=22352"}],"curies":[{"name":"wp","href":"https:\/\/api.w.org\/{rel}","templated":true}]}}