{"id":22940,"date":"2025-03-18T13:29:34","date_gmt":"2025-03-18T12:29:34","guid":{"rendered":"https:\/\/www.infinigate.com\/de\/?page_id=22940"},"modified":"2025-03-18T13:38:02","modified_gmt":"2025-03-18T12:38:02","slug":"social-engineering-awareness-schulungen","status":"publish","type":"page","link":"https:\/\/www.infinigate.com\/de\/lp\/h\/hornetsecurity\/social-engineering-awareness-schulungen\/","title":{"rendered":"Social Engineering Awareness Schulungen"},"content":{"rendered":"\n<p>Social Engineering Angriffe: Die gr\u00f6\u00dfte Gefahr ist immer der Mensch.<\/p>\n\n\n\n<div class=\"wp-block-columns is-layout-flex wp-container-core-columns-is-layout-9d6595d7 wp-block-columns-is-layout-flex\">\n<div class=\"wp-block-column is-layout-flow wp-block-column-is-layout-flow\">\n<p><strong>Social Engineering<\/strong> <strong>Angriffe<\/strong><br>Die gr\u00f6\u00dfte Gefahr ist immer der Mensch. Mit Ihrer Hilfe Social Engineering Attacken erkennen und verhindern bildet die wichtigste Verteidigungslinie zwischen Ihren Kunden und Cyberbedrohungen<\/p>\n\n\n\n<div class=\"wp-block-buttons is-layout-flex wp-block-buttons-is-layout-flex\">\n<div class=\"wp-block-button\"><a class=\"wp-block-button__link wp-element-button\">So nutzen Kriminelle Social Engineering <\/a><\/div>\n<\/div>\n<\/div>\n\n\n\n<div class=\"wp-block-column is-layout-flow wp-block-column-is-layout-flow\">\n<p><strong>Social Engineering Awareness Schulungen<\/strong><br>Unser Komplettpaket erzeigt beim Endkunden pr\u00e4ventiv eine Sicherheitskultur sowie j\u00e4hrlich anfallende Pentests und Update-Trainings beim Ihnen als IT-Dienstleiter.<\/p>\n\n\n\n<div class=\"wp-block-buttons is-layout-flex wp-block-buttons-is-layout-flex\">\n<div class=\"wp-block-button\"><a class=\"wp-block-button__link wp-element-button\">Security Awareness Schulungen anbieten<\/a><\/div>\n<\/div>\n<\/div>\n\n\n\n<div class=\"wp-block-column is-layout-flow wp-block-column-is-layout-flow\">\n<p><strong>Videos, Downloads &amp; Ihre Fragen<\/strong><br>Das BSI bewertet die Cyber-Sicherheitslage kritisch wie nie zuvor. Hier finden Sie kompakt alles was wichtig ist wie Preislisten, ein Angebot und Antworten auf Ihre Fragen.<\/p>\n\n\n\n<div class=\"wp-block-buttons is-layout-flex wp-block-buttons-is-layout-flex\">\n<div class=\"wp-block-button\"><a class=\"wp-block-button__link wp-element-button\">Videos, Downloads &amp; Mehr<\/a><\/div>\n<\/div>\n<\/div>\n<\/div>\n\n\n\n<p><\/p>\n","protected":false},"excerpt":{"rendered":"<p>Social Engineering Angriffe: Die gr\u00f6\u00dfte Gefahr ist immer der Mensch. Social Engineering AngriffeDie gr\u00f6\u00dfte Gefahr ist immer der Mensch. Mit&hellip;<\/p>\n","protected":false},"author":36,"featured_media":0,"parent":13212,"menu_order":0,"comment_status":"closed","ping_status":"closed","template":"","meta":{"_acf_changed":false,"footnotes":""},"folder":[441],"class_list":["post-22940","page","type-page","status-publish","hentry"],"acf":[],"distributor_meta":false,"distributor_terms":false,"distributor_media":false,"distributor_original_site_name":"Infinigate | Deutschland","distributor_original_site_url":"https:\/\/www.infinigate.com\/de","push-errors":false,"_links":{"self":[{"href":"https:\/\/www.infinigate.com\/de\/wp-json\/wp\/v2\/pages\/22940","targetHints":{"allow":["GET"]}}],"collection":[{"href":"https:\/\/www.infinigate.com\/de\/wp-json\/wp\/v2\/pages"}],"about":[{"href":"https:\/\/www.infinigate.com\/de\/wp-json\/wp\/v2\/types\/page"}],"author":[{"embeddable":true,"href":"https:\/\/www.infinigate.com\/de\/wp-json\/wp\/v2\/users\/36"}],"replies":[{"embeddable":true,"href":"https:\/\/www.infinigate.com\/de\/wp-json\/wp\/v2\/comments?post=22940"}],"version-history":[{"count":0,"href":"https:\/\/www.infinigate.com\/de\/wp-json\/wp\/v2\/pages\/22940\/revisions"}],"up":[{"embeddable":true,"href":"https:\/\/www.infinigate.com\/de\/wp-json\/wp\/v2\/pages\/13212"}],"wp:attachment":[{"href":"https:\/\/www.infinigate.com\/de\/wp-json\/wp\/v2\/media?parent=22940"}],"wp:term":[{"taxonomy":"folder","embeddable":true,"href":"https:\/\/www.infinigate.com\/de\/wp-json\/wp\/v2\/folder?post=22940"}],"curies":[{"name":"wp","href":"https:\/\/api.w.org\/{rel}","templated":true}]}}