{"id":25358,"date":"2025-05-09T13:06:05","date_gmt":"2025-05-09T11:06:05","guid":{"rendered":"https:\/\/www.infinigate.com\/de\/?page_id=25358"},"modified":"2025-08-01T09:08:22","modified_gmt":"2025-08-01T07:08:22","slug":"erweiterungen-des-csp-programms","status":"publish","type":"page","link":"https:\/\/www.infinigate.com\/de\/lp\/h\/microsoft\/erweiterungen-des-csp-programms\/","title":{"rendered":"Erweiterungen des CSP-Programms"},"content":{"rendered":"\n<figure class=\"wp-block-image alignwide size-full\"><img loading=\"lazy\" decoding=\"async\" width=\"1280\" height=\"400\" src=\"https:\/\/www.infinigate.com\/de\/wp-content\/uploads\/sites\/25\/2025\/05\/Microsoft_Erweiterungen-des-CSP-Programms-.webp\" alt=\"Microsoft k\u00fcndigt neue Erweiterungen des CSP-Programms an\" class=\"wp-image-25360\" srcset=\"https:\/\/www.infinigate.com\/de\/wp-content\/uploads\/sites\/25\/2025\/05\/Microsoft_Erweiterungen-des-CSP-Programms-.webp 1280w, https:\/\/www.infinigate.com\/de\/wp-content\/uploads\/sites\/25\/2025\/05\/Microsoft_Erweiterungen-des-CSP-Programms--300x94.webp 300w, https:\/\/www.infinigate.com\/de\/wp-content\/uploads\/sites\/25\/2025\/05\/Microsoft_Erweiterungen-des-CSP-Programms--1024x320.webp 1024w, https:\/\/www.infinigate.com\/de\/wp-content\/uploads\/sites\/25\/2025\/05\/Microsoft_Erweiterungen-des-CSP-Programms--768x240.webp 768w\" sizes=\"auto, (max-width: 1280px) 100vw, 1280px\" \/><\/figure>\n\n\n\n<p class=\"alignwide has-text-align-wide\">Microsoft hat mehrere bevorstehende Aktualisierungen des Microsoft CSP-Programms angek\u00fcndigt, welches darauf abzielt, das Wachstum bei kleinen, mittleren und Unternehmenskunden zu f\u00f6rdern und Wachstumsfonds f\u00fcr Partner bereitzustellen, die in Microsoft investieren.<\/p>\n\n\n\n<p>Kieran Robinson, Microsoft Commercial Lead UK&amp;I, 02\/05\/2025<\/p>\n\n\n\n<h2 class=\"wp-block-heading is-style-border-left wp-block-heading\" id=\"h-investitionsbereiche\">Investitionsbereiche<\/h2>\n\n\n\n<p class=\"alignwide has-text-align-wide\">Vier wichtige Investitionsbereiche sind f\u00fcr GJ26 geplant, die f\u00fcr Wachstum und Erfolg der CSP-Partner extrem wichtig sind.<\/p>\n\n\n    <section class=\"cards wp-block animate cards--columns-4 cards--type--default alignwide\">\n        <div class=\"cards__inner\">\n            \n            <div class=\"cards__items\">\n                \n                \n                <article class=\"g-card animate-element has-white-background-color has-background g-card--type--custom\">\r\n        <div class=\"g-card__inner\">\r\n                \r\n\r\n                                        <div class=\"g-card__header\">\r\n                    \r\n\r\n                        <h2 class=\"g-card__heading\">Partner-Incentives: <\/h2>\r\n                    \r\n                                            <div class=\"g-card__content\">\r\n                            <p>Ausrichtung der Incentives auf die strategischen Priorit\u00e4ten von Microsoft, wobei die Bedeutung der vollst\u00e4ndigen Nutzung und Maximierung dieser Anreize zur F\u00f6rderung des Wachstums hervorgehoben wurde.<\/p>\n                        <\/div>\r\n                    \r\n                    \r\n                                    <\/div>\r\n            \r\n            \r\n            \r\n            \r\n\r\n\r\n\r\n            \r\n            \r\n                <\/div>\r\n    \r\n    \r\n    <\/article>\r\n<article class=\"g-card animate-element has-white-background-color has-background g-card--type--custom\">\r\n        <div class=\"g-card__inner\">\r\n                \r\n\r\n                                        <div class=\"g-card__header\">\r\n                    \r\n\r\n                        <h2 class=\"g-card__heading\">Promotions: <\/h2>\r\n                    \r\n                                            <div class=\"g-card__content\">\r\n                            <p>Eine Reihe von Promotions sind geplant, einschlie\u00dflich des neuen M365 E5-Angebots und Anreize f\u00fcr Partner, diese Aktionen zu nutzen, um Upselling zu betreiben und neue Kunden f\u00fcr die Microsoft 365-Suite zu gewinnen.<\/p>\n                        <\/div>\r\n                    \r\n                    \r\n                                    <\/div>\r\n            \r\n            \r\n            \r\n            \r\n\r\n\r\n\r\n            \r\n            \r\n                <\/div>\r\n    \r\n    \r\n    <\/article>\r\n<article class=\"g-card animate-element has-white-background-color has-background g-card--type--custom\">\r\n        <div class=\"g-card__inner\">\r\n                \r\n\r\n                                        <div class=\"g-card__header\">\r\n                    \r\n\r\n                        <h2 class=\"g-card__heading\">Neue Funktionen: <\/h2>\r\n                    \r\n                                            <div class=\"g-card__content\">\r\n                            <p>Es wurden neue Funktionen eingef\u00fchrt, die den Partnern helfen sollen, ihre Gesch\u00e4ftsm\u00f6glichkeiten zu nutzen und zu maximieren, darunter Systeme, Tools und Berichtsfunktionen.<\/p>\n                        <\/div>\r\n                    \r\n                    \r\n                                    <\/div>\r\n            \r\n            \r\n            \r\n            \r\n\r\n\r\n\r\n            \r\n            \r\n                <\/div>\r\n    \r\n    \r\n    <\/article>\r\n<article class=\"g-card animate-element has-white-background-color has-background g-card--type--custom\">\r\n        <div class=\"g-card__inner\">\r\n                \r\n\r\n                                        <div class=\"g-card__header\">\r\n                    \r\n\r\n                        <h2 class=\"g-card__heading\">Marktdynamik: <\/h2>\r\n                    \r\n                                            <div class=\"g-card__content\">\r\n                            <p>Die Incentives wurden an die Marktdynamik angepasst, um sicherzustellen, dass die Partner den gesamten adressierbaren Markt maximieren und einen gemeinsamen Erfolg erzielen k\u00f6nnen.<\/p>\n                        <\/div>\r\n                    \r\n                    \r\n                                    <\/div>\r\n            \r\n            \r\n            \r\n            \r\n\r\n\r\n\r\n            \r\n            \r\n                <\/div>\r\n    \r\n    \r\n    <\/article>\r\n            <\/div>\n\n            \n                <\/section>\n\n\n\n<h2 class=\"wp-block-heading is-style-border-left wp-block-heading\" id=\"h-freigabe-von-drei-jahres-csp-skus\">Freigabe von Drei-Jahres-CSP-SKUs<\/h2>\n\n\n\n<p class=\"alignwide has-text-align-wide\">Eine der gr\u00f6\u00dften \u00c4nderungen ist die Einf\u00fchrung von dreij\u00e4hrigen Modern Workplace-Lizenzen innerhalb des CSP-Modells. Dabei geht es darum, l\u00e4ngerfristige Beziehungen zu festigen, den Kunden Kostenvorhersehbarkeit zu bieten und den Partnern zus\u00e4tzliche Stabilit\u00e4t zu geben.<\/p>\n\n\n\n<h2 class=\"wp-block-heading is-style-border-left wp-block-heading\" id=\"h-und-so-funktioniert-s\">Und so funktioniert&#8217;s:<\/h2>\n\n\n\n<div class=\"wp-block-columns is-layout-flex wp-container-core-columns-is-layout-9d6595d7 wp-block-columns-is-layout-flex\">\n<div class=\"wp-block-column is-layout-flow wp-block-column-is-layout-flow\">\n<figure class=\"wp-block-image size-full\"><img loading=\"lazy\" decoding=\"async\" width=\"630\" height=\"390\" src=\"https:\/\/www.infinigate.com\/de\/wp-content\/uploads\/sites\/25\/2025\/05\/Erweiterungen-des-CSP-Programms_wie-funktioniert-es-1.webp\" alt=\"Die verf\u00fcgbaren dreij\u00e4hrigen CSP-SKUs\" class=\"wp-image-25381\" srcset=\"https:\/\/www.infinigate.com\/de\/wp-content\/uploads\/sites\/25\/2025\/05\/Erweiterungen-des-CSP-Programms_wie-funktioniert-es-1.webp 630w, https:\/\/www.infinigate.com\/de\/wp-content\/uploads\/sites\/25\/2025\/05\/Erweiterungen-des-CSP-Programms_wie-funktioniert-es-1-300x186.webp 300w\" sizes=\"auto, (max-width: 630px) 100vw, 630px\" \/><\/figure>\n<\/div>\n\n\n\n<div class=\"wp-block-column is-layout-flow wp-block-column-is-layout-flow\">\n<p><br>Die verf\u00fcgbaren dreij\u00e4hrigen CSP-SKUs:<\/p>\n\n\n\n<ul class=\"wp-block-list\">\n<li>Microsoft 365 E3 (mit und ohne Teams)<\/li>\n<\/ul>\n\n\n\n<ul class=\"wp-block-list\">\n<li>Microsoft 365 E5 (mit und ohne Teams)<\/li>\n<\/ul>\n\n\n\n<ul class=\"wp-block-list\">\n<li>Teams Enterprise Einzelplatzversion<\/li>\n<\/ul>\n\n\n\n<ul class=\"wp-block-list\">\n<li>M365 E5 Sicherheits-Add-on<\/li>\n<\/ul>\n\n\n\n<ul class=\"wp-block-list\">\n<li>M365 E5 Compliance-Zusatzmodul<\/li>\n<\/ul>\n<\/div>\n<\/div>\n\n\n\n<h2 class=\"wp-block-heading is-style-border-left wp-block-heading\" id=\"h-hauptvorteile-fur-partner\">Hauptvorteile f\u00fcr Partner<\/h2>\n\n\n\n<div class=\"wp-block-columns is-layout-flex wp-container-core-columns-is-layout-9d6595d7 wp-block-columns-is-layout-flex\">\n<div class=\"wp-block-column is-layout-flow wp-block-column-is-layout-flow\" style=\"flex-basis:66.66%\">\n<ul class=\"wp-block-list\">\n<li>Gleicher Preis wie bei j\u00e4hrlichen SKUs, aber die Preise Ihrer Kunden sind f\u00fcr drei Jahre gesch\u00fctzt.<\/li>\n\n\n\n<li>J\u00e4hrliche Abrechnung oder Abrechnung im Voraus m\u00f6glich.<\/li>\n\n\n\n<li>Mindestabnahmemenge von 100 Pl\u00e4tzen, was ein st\u00e4rkeres strategisches Engagement beg\u00fcnstigt.<\/li>\n\n\n\n<li>Exklusive, zeitlich begrenzte Werbeaktion.<\/li>\n<\/ul>\n<\/div>\n\n\n\n<div class=\"wp-block-column is-layout-flow wp-block-column-is-layout-flow\" style=\"flex-basis:33.33%\">\n<figure class=\"wp-block-image size-full\"><img loading=\"lazy\" decoding=\"async\" width=\"394\" height=\"260\" src=\"https:\/\/www.infinigate.com\/de\/wp-content\/uploads\/sites\/25\/2025\/05\/Microsoft_Erweiterungen-des-CSP-Programms_Vorteile.webp\" alt=\"\" class=\"wp-image-25390\" srcset=\"https:\/\/www.infinigate.com\/de\/wp-content\/uploads\/sites\/25\/2025\/05\/Microsoft_Erweiterungen-des-CSP-Programms_Vorteile.webp 394w, https:\/\/www.infinigate.com\/de\/wp-content\/uploads\/sites\/25\/2025\/05\/Microsoft_Erweiterungen-des-CSP-Programms_Vorteile-300x198.webp 300w\" sizes=\"auto, (max-width: 394px) 100vw, 394px\" \/><\/figure>\n<\/div>\n<\/div>\n\n\n\n<h2 class=\"wp-block-heading alignwide is-style-border-left wp-block-heading\" id=\"h-windows-sonderangebot-fur-neukunden\">Windows Sonderangebot f\u00fcr Neukunden:<\/h2>\n\n\n\n<p class=\"alignwide has-text-align-wide\">Microsoft bietet 10 % Rabatt auf die unten aufgef\u00fchrten SKUs  f\u00fcr Neukunden. Dies ist Ihre Chance, eine langfristige Kundenbindung zu erzielen und gleichzeitig garantierte Einnahmen zu schaffen!<\/p>\n\n\n\n<ul class=\"wp-block-list\">\n<li>M365 E3\/E5: 9. Juni 2025 &#8211; 31. Dezember 2025 (100-2.400 seats)<\/li>\n\n\n\n<li>E5 Sicherheits-\/Compliance-Erweiterungen:&nbsp;1. Juli 2025 &#8211; 31. Dezember 2025 (100-1.000.000 seats)<\/li>\n<\/ul>\n\n\n    <section style=\"--content-grid--columns: 3;\" class=\"content-grid wp-block animate content-grid--3-columns alignfull\">\r\n        <div class=\"content-grid__inner\">\r\n            \r\n\r\n                                <h2 class=\"content-grid__heading has--heading-border\">Verbesserung des Partner Centers<\/h2>\r\n            \r\n\r\n            \r\n                                            <div class=\"content-grid__subheading\">\r\n                            <p>Die Verwaltung Ihres Microsoft-Gesch\u00e4fts sollte sich weniger wie ein Labyrinth und mehr wie ein Bedienfeld anf\u00fchlen. Aus diesem Grund verbessert Microsoft das Partner Center auf sinnvolle Weise:<\/p>\n                        <\/div>\r\n                    \r\n                                                    \r\n                    \r\n                                                                        <div class=\"content-grid__items\">\r\n                                                                            <div class=\"content-grid__item has-background has-gray-200-background-color\">\r\n                                            \r\n                                                \r\n                                        \r\n                                                                                        <h3 class=\"content-grid__item__heading\">EA Subscription Transitions: <\/h3>\r\n                                        \r\n                                                                        <div class=\" content-grid__item__subheading\">\r\n                                            <p>Das Partner Center wird um neue Funktionen erweitert, die einen nahtloseren \u00dcbergang von EA-Abonnements erm\u00f6glichen, sodass diese im Partner Center angezeigt werden, wenn Kunden von EA zu CSP wechseln.<\/p>\n                                <\/div>\r\n                                        \r\n                                        \r\n                        <\/div>\r\n                                                                            <div class=\"content-grid__item has-background has-gray-200-background-color\">\r\n                                            \r\n                                                \r\n                                        \r\n                                                                                        <h3 class=\"content-grid__item__heading\">KI-unterst\u00fctzte Upgrades: <\/h3>\r\n                                        \r\n                                                                        <div class=\" content-grid__item__subheading\">\r\n                                            <p>Ein neuer KI-Assistent im Partner Center automatisiert den Prozess des Upgrades von mehreren Abonnements auf eine einzige h\u00f6herwertige Suite und verk\u00fcrzt die Support-L\u00f6sungszeiten erheblich.<\/p>\n                                <\/div>\r\n                                        \r\n                                        \r\n                        <\/div>\r\n                                                                            <div class=\"content-grid__item has-background has-gray-200-background-color\">\r\n                                            \r\n                                                \r\n                                        \r\n                                                                                        <h3 class=\"content-grid__item__heading\">Berichterstattung \u00fcber bezahlte Nettozug\u00e4nge: <\/h3>\r\n                                        \r\n                                                                        <div class=\" content-grid__item__subheading\">\r\n                                            <p>Das Partner Center wird um ein neues Berichtswesen f\u00fcr bezahlte Nettozug\u00e4nge erweitert, das eine bessere Transparenz und ein genaueres Berichtswesen bietet, damit die Partner ihr Gesch\u00e4ft effektiver verwalten k\u00f6nnen.<\/p>\n                                <\/div>\r\n                                        \r\n                                        \r\n                        <\/div>\r\n                                                    <\/div>\r\n                                    <\/div>\r\n    <\/section>\r\n\n\n    <section style=\"--content-grid--columns: 3;\" class=\"content-grid wp-block animate content-grid--3-columns alignfull\">\r\n        <div class=\"content-grid__inner\">\r\n            \r\n\r\n                                <h2 class=\"content-grid__heading has--heading-border\">\u00c4nderungen bei der CSP-Autorisierung und -Eignung<\/h2>\r\n            \r\n\r\n            \r\n                    \r\n                                                    \r\n                    \r\n                                                                        <div class=\"content-grid__items\">\r\n                                                                            <div class=\"content-grid__item has-background has-gray-200-background-color\">\r\n                                            \r\n                                                \r\n                                        \r\n                                                                                        <h3 class=\"content-grid__item__heading\">Mindestumsatz: <\/h3>\r\n                                        \r\n                                                                        <div class=\" content-grid__item__subheading\">\r\n                                            <p>Microsoft hat angek\u00fcndigt, dass der Mindestumsatz f\u00fcr Partner mit direkter Rechnungsstellung ab Oktober 2025 von 300.000 US-Dollar auf 1 Million US-Dollar pro Jahr steigen wird. Indirekte Wiederverk\u00e4ufer bleiben bei 1.000 Dollar pro Jahr.<\/p>\n                                <\/div>\r\n                                        \r\n                                        \r\n                        <\/div>\r\n                                                                            <div class=\"content-grid__item has-background has-gray-200-background-color\">\r\n                                            \r\n                                                \r\n                                        \r\n                                                                                        <h3 class=\"content-grid__item__heading\">Security Score: <\/h3>\r\n                                        \r\n                                                                        <div class=\" content-grid__item__subheading\">\r\n                                            <p>Alle Microsoft-Partner m\u00fcssen ab Oktober 2025 eine <a href=\"https:\/\/learn.microsoft.com\/de-de\/partner-center\/security\/security-requirements\" target=\"_blank\" rel=\"noopener\">Mindest-Sicherheitsbewertung<\/a> bestehen, um ihren Microsoft-Partnerstatus zu behalten.<\/p>\n                                <\/div>\r\n                                        \r\n                                        \r\n                        <\/div>\r\n                                                                            <div class=\"content-grid__item has-background has-gray-200-background-color\">\r\n                                            \r\n                                                \r\n                                        \r\n                                                                                        <h3 class=\"content-grid__item__heading\">Solution Partner Designations: <\/h3>\r\n                                        \r\n                                                                        <div class=\" content-grid__item__subheading\">\r\n                                            <p>Alle direkten Partner m\u00fcssen eine Solution Partner-Bezeichnung erreichen, um ihren direkten Status zu behalten. Indirekte Wiederverk\u00e4ufer m\u00fcssen keinen Partnerstatus erreichen, um ihren Partnerstatus zu behalten.<\/p>\n                                <\/div>\r\n                                        \r\n                                        \r\n                        <\/div>\r\n                                                    <\/div>\r\n                                    <\/div>\r\n    <\/section>\r\n\n\n    <section style=\"--content-grid--columns: 2;\" class=\"content-grid wp-block animate content-grid--2-columns alignfull\">\r\n        <div class=\"content-grid__inner\">\r\n            \r\n\r\n                                <h2 class=\"content-grid__heading has--heading-border\">Anforderungen f\u00fcr die Incentive-Berechtigung<\/h2>\r\n            \r\n\r\n            \r\n                                            <div class=\"content-grid__subheading\">\r\n                            <p>Microsoft k\u00fcndigte \u00c4nderungen an den Anforderungen f\u00fcr die Incentive-Berechtigung an, wobei die Notwendigkeit relevanter Erfahrungen in den einzelnen L\u00f6sungsbereichen betont und die Mindestanforderungen f\u00fcr den Erhalt von Incentives gestrafft wurden.<\/p>\n                        <\/div>\r\n                    \r\n                                                    \r\n                    \r\n                                                                        <div class=\"content-grid__items\">\r\n                                                                            <div class=\"content-grid__item has-background has-gray-200-background-color\">\r\n                                            \r\n                                                \r\n                                        \r\n                                                                                        <h3 class=\"content-grid__item__heading\">Solution Partner Designations: <\/h3>\r\n                                        \r\n                                                                        <div class=\" content-grid__item__subheading\">\r\n                                            <p>Alle indirekten Wiederverk\u00e4ufer m\u00fcssen eine Partner Solution Designation und\/oder mindestens 25 Partner Capability Scores auf ihrem Weg zur Partner Solutions Designation erreichen, um Rabatte und Incentives f\u00fcr bestimmte L\u00f6sungsbereiche zu erhalten.<\/p>\n                                <\/div>\r\n                                        \r\n                                        \r\n                        <\/div>\r\n                                                                            <div class=\"content-grid__item has-background has-gray-200-background-color\">\r\n                                            \r\n                                                \r\n                                        \r\n                                                                                        <h3 class=\"content-grid__item__heading\">Ums\u00e4tze: <\/h3>\r\n                                        \r\n                                                                        <div class=\" content-grid__item__subheading\">\r\n                                            <p>Partner m\u00fcssen in einem zur\u00fcckliegenden 12-Monats-Zeitraum mehr als 25.000 US-Dollar an einem Partnerstandort verdienen, um Incentives zu erhalten.<\/p>\n                                <\/div>\r\n                                        \r\n                                        \r\n                        <\/div>\r\n                                                    <\/div>\r\n                                    <\/div>\r\n    <\/section>\r\n\n\n\n\n\n<h2 class=\"wp-block-heading is-style-border-left wp-block-heading\" id=\"h-was-bedeutet-das-fur-sie\">Was bedeutet das f\u00fcr Sie?<\/h2>\n\n\n\n<p class=\"alignwide has-text-align-wide\">Grunds\u00e4tzlich hat Microsoft es f\u00fcr alle Partner einfacher gemacht, mehr Geld zu verdienen und mehr Kunden zu bedienen. Wir bei Infinigate sind bereit, Ihnen dabei zu helfen, das Beste aus diesem n\u00e4chsten Kapitel des Microsoft CSP zu machen, indem wir Ihnen aufzeigen, was es f\u00fcr Ihr Unternehmen, Ihre Kunden und Ihre Incentives bedeutet.<\/p>\n\n\n\n<div class=\"wp-block-cover alignwide\" id=\"kontakt\"><img loading=\"lazy\" decoding=\"async\" width=\"1920\" height=\"1080\" class=\"wp-block-cover__image-background wp-image-4092\" alt=\"\" src=\"https:\/\/www.infinigate.com\/de\/wp-content\/uploads\/sites\/25\/2024\/03\/Digital_Textures_V2.jpg\" data-object-fit=\"cover\" srcset=\"https:\/\/www.infinigate.com\/de\/wp-content\/uploads\/sites\/25\/2024\/03\/Digital_Textures_V2.jpg 1920w, https:\/\/www.infinigate.com\/de\/wp-content\/uploads\/sites\/25\/2024\/03\/Digital_Textures_V2-300x169.jpg 300w, https:\/\/www.infinigate.com\/de\/wp-content\/uploads\/sites\/25\/2024\/03\/Digital_Textures_V2-1024x576.jpg 1024w, https:\/\/www.infinigate.com\/de\/wp-content\/uploads\/sites\/25\/2024\/03\/Digital_Textures_V2-768x432.jpg 768w, https:\/\/www.infinigate.com\/de\/wp-content\/uploads\/sites\/25\/2024\/03\/Digital_Textures_V2-1536x864.jpg 1536w\" sizes=\"auto, (max-width: 1920px) 100vw, 1920px\" \/><span aria-hidden=\"true\" class=\"wp-block-cover__background has-blue-background-color has-background-dim-0 has-background-dim\"><\/span><div class=\"wp-block-cover__inner-container is-layout-constrained wp-block-cover-is-layout-constrained\">\n<div class=\"wp-block-columns is-layout-flex wp-container-core-columns-is-layout-9d6595d7 wp-block-columns-is-layout-flex\">\n<div class=\"wp-block-column is-layout-flow wp-block-column-is-layout-flow\" style=\"flex-basis:66.66%\">\n<h3 class=\"wp-block-heading has-text-align-left is-style-border-left has-white-color has-text-color has-link-color wp-elements-0dd5f09854b9772d09af6d2edb662ead\" id=\"h-weitere-informationen\">Weitere Informationen<\/h3>\n\n\n\n<p>Wenn Sie vor der Fragerunde mit uns \u00fcber eine der Ank\u00fcndigungen sprechen m\u00f6chten, wenden Sie sich bitte an Ihren Business Developer Manager, rufen Sie uns an oder schreiben Sie uns! Wir freuen uns darauf, alle Ihre Fragen zu besprechen.<br><\/p>\n<\/div>\n\n\n\n<div class=\"wp-block-column is-vertically-aligned-center is-layout-flow wp-block-column-is-layout-flow\" style=\"flex-basis:33.33%\">\n<p class=\"has-text-align-center has-white-color has-text-color has-link-color wp-elements-ff45b21d7ce4dc63fd349a753acab66b\"><a href=\"mailto:microsoft@infinigate.de\">microsoft@infinigate.de<br><\/a><a href=\"tel:+498989048580\">+49 89 89048-580<\/a><\/p>\n\n\n\n<div class=\"wp-block-buttons is-content-justification-center is-layout-flex wp-container-core-buttons-is-layout-16018d1d wp-block-buttons-is-layout-flex\">\n<div class=\"wp-block-button\"><a class=\"wp-block-button__link wp-element-button\" href=\"mailto:microsoft-de@infinigate.de\">Kontakt aufnehmen<\/a><\/div>\n<\/div>\n<\/div>\n<\/div>\n<\/div><\/div>\n","protected":false},"excerpt":{"rendered":"<p>Microsoft hat mehrere bevorstehende Aktualisierungen des Microsoft CSP-Programms angek\u00fcndigt, welches darauf abzielt, das Wachstum bei kleinen, mittleren und Unternehmenskunden zu&hellip;<\/p>\n","protected":false},"author":48,"featured_media":25360,"parent":17789,"menu_order":0,"comment_status":"closed","ping_status":"closed","template":"","meta":{"_acf_changed":false,"footnotes":""},"folder":[488],"class_list":["post-25358","page","type-page","status-publish","has-post-thumbnail","hentry"],"acf":[],"distributor_meta":false,"distributor_terms":false,"distributor_media":false,"distributor_original_site_name":"Infinigate | Deutschland","distributor_original_site_url":"https:\/\/www.infinigate.com\/de","push-errors":false,"_links":{"self":[{"href":"https:\/\/www.infinigate.com\/de\/wp-json\/wp\/v2\/pages\/25358","targetHints":{"allow":["GET"]}}],"collection":[{"href":"https:\/\/www.infinigate.com\/de\/wp-json\/wp\/v2\/pages"}],"about":[{"href":"https:\/\/www.infinigate.com\/de\/wp-json\/wp\/v2\/types\/page"}],"author":[{"embeddable":true,"href":"https:\/\/www.infinigate.com\/de\/wp-json\/wp\/v2\/users\/48"}],"replies":[{"embeddable":true,"href":"https:\/\/www.infinigate.com\/de\/wp-json\/wp\/v2\/comments?post=25358"}],"version-history":[{"count":0,"href":"https:\/\/www.infinigate.com\/de\/wp-json\/wp\/v2\/pages\/25358\/revisions"}],"up":[{"embeddable":true,"href":"https:\/\/www.infinigate.com\/de\/wp-json\/wp\/v2\/pages\/17789"}],"wp:featuredmedia":[{"embeddable":true,"href":"https:\/\/www.infinigate.com\/de\/wp-json\/wp\/v2\/media\/25360"}],"wp:attachment":[{"href":"https:\/\/www.infinigate.com\/de\/wp-json\/wp\/v2\/media?parent=25358"}],"wp:term":[{"taxonomy":"folder","embeddable":true,"href":"https:\/\/www.infinigate.com\/de\/wp-json\/wp\/v2\/folder?post=25358"}],"curies":[{"name":"wp","href":"https:\/\/api.w.org\/{rel}","templated":true}]}}