{"id":26692,"date":"2025-06-03T15:13:48","date_gmt":"2025-06-03T13:13:48","guid":{"rendered":"https:\/\/www.infinigate.com\/de\/?page_id=26692"},"modified":"2025-11-05T08:30:29","modified_gmt":"2025-11-05T07:30:29","slug":"die-infinigate-id-buzz-foto-challenge","status":"publish","type":"page","link":"https:\/\/www.infinigate.com\/de\/lp\/h\/juniper\/die-infinigate-id-buzz-foto-challenge\/","title":{"rendered":"Die Infinigate ID.Buzz Foto Challenge"},"content":{"rendered":"\n<figure class=\"wp-block-image alignfull size-full\"><img loading=\"lazy\" decoding=\"async\" width=\"1600\" height=\"350\" src=\"https:\/\/www.infinigate.com\/de\/wp-content\/uploads\/sites\/25\/2025\/11\/HPE-juniper-networking-id.buzz-foto-challenge.jpg\" alt=\"HPE Juniper Networking - ID.Buzz Foto Challenge\" class=\"wp-image-34139\" srcset=\"https:\/\/www.infinigate.com\/de\/wp-content\/uploads\/sites\/25\/2025\/11\/HPE-juniper-networking-id.buzz-foto-challenge.jpg 1600w, https:\/\/www.infinigate.com\/de\/wp-content\/uploads\/sites\/25\/2025\/11\/HPE-juniper-networking-id.buzz-foto-challenge-300x66.jpg 300w, https:\/\/www.infinigate.com\/de\/wp-content\/uploads\/sites\/25\/2025\/11\/HPE-juniper-networking-id.buzz-foto-challenge-1024x224.jpg 1024w, https:\/\/www.infinigate.com\/de\/wp-content\/uploads\/sites\/25\/2025\/11\/HPE-juniper-networking-id.buzz-foto-challenge-768x168.jpg 768w, https:\/\/www.infinigate.com\/de\/wp-content\/uploads\/sites\/25\/2025\/11\/HPE-juniper-networking-id.buzz-foto-challenge-1536x336.jpg 1536w\" sizes=\"auto, (max-width: 1600px) 100vw, 1600px\" \/><\/figure>\n\n\n\n<br>\n\n\n\n<h2 class=\"wp-block-heading alignwide is-style-border-left wp-block-heading\" id=\"h-die-infinigate-id-buzz-foto-challenge-gewinnen-sie-mit-ihrem-selfie\">Die Infinigate ID.Buzz Foto Challenge: Gewinnen Sie mit Ihrem Selfie!<\/h2>\n\n\n\n<p class=\"alignwide has-text-align-wide\">Machen Sie mit bei unserer<strong> #IDBuzzHunt auf LinkedIn<\/strong>. Der ID.Buzz ist unterwegs \u2013 und Sie k\u00f6nnen mit dabei sein!<\/p>\n\n\n\n<div class=\"wp-block-buttons is-layout-flex wp-block-buttons-is-layout-flex\">\n<div class=\"wp-block-button\"><a class=\"wp-block-button__link wp-element-button\" href=\"https:\/\/www.infinigate.com\/de\/wp-content\/uploads\/sites\/25\/2025\/09\/roadtrip-id.buzz-netzwerkexperten-bestellen.pdf\" target=\"_blank\" rel=\"noreferrer noopener\">Weitere Infos zu unserem Roadtrip<\/a><\/div>\n<\/div>\n\n\n\n<h2 class=\"wp-block-heading is-style-border-left wp-block-heading\" id=\"h-bestellt-unsere-netzwerk-experten\">Bestellt unsere Netzwerk Experten: <\/h2>\n\n\n\n<div class=\"wp-block-buttons is-layout-flex wp-block-buttons-is-layout-flex\">\n<div class=\"wp-block-button\"><a class=\"wp-block-button__link wp-element-button\" href=\"https:\/\/forms.office.com\/e\/ry4QxnHRPg\" target=\"_blank\" rel=\"noreferrer noopener\">Direkt Slot anfragen<\/a><\/div>\n<\/div>\n\n\n\n<p class=\"alignwide has-text-align-wide\">Machen Sie ein Selfie oder Foto mit unserem ID.Buzz, posten Sie es auf LinkedIn mit den Hashtags <strong>#IDBuzzHunt<\/strong> und <strong>#Infinigate<\/strong> \u2013 und schon sichern Sie sich die Chance auf einen unserer attraktiven Gewinne!<\/p>\n\n\n\n<div class=\"wp-block-columns is-layout-flex wp-container-core-columns-is-layout-9d6595d7 wp-block-columns-is-layout-flex\">\n<div class=\"wp-block-column is-layout-flow wp-block-column-is-layout-flow\">\n<figure class=\"wp-block-image size-full\"><img loading=\"lazy\" decoding=\"async\" width=\"635\" height=\"400\" src=\"https:\/\/www.infinigate.com\/de\/wp-content\/uploads\/sites\/25\/2025\/08\/idbuzz.jpg\" alt=\"\" class=\"wp-image-30777\" srcset=\"https:\/\/www.infinigate.com\/de\/wp-content\/uploads\/sites\/25\/2025\/08\/idbuzz.jpg 635w, https:\/\/www.infinigate.com\/de\/wp-content\/uploads\/sites\/25\/2025\/08\/idbuzz-300x189.jpg 300w\" sizes=\"auto, (max-width: 635px) 100vw, 635px\" \/><\/figure>\n<\/div>\n\n\n\n<div class=\"wp-block-column is-layout-flow wp-block-column-is-layout-flow\">\n<h2 class=\"wp-block-heading wp-block-heading\" id=\"h-so-einfach-geht-s\">So einfach geht\u00b4s<\/h2>\n\n\n\n<ol class=\"wp-block-list alignwide\">\n<li>Finden Sie unseren ID.Buzz auf einem Event oder unterwegs.<\/li>\n\n\n\n<li>Machen Sie ein Selfie oder ein cooles Foto mit dem Fahrzeug.<\/li>\n\n\n\n<li>Posten Sie das Bild auf LinkedIn mit den Hashtags <strong>#IDBuzzHunt und #Infinigate<\/strong>.<\/li>\n\n\n\n<li>Mit etwas Gl\u00fcck gewinnen Sie einen unserer tollen Preise!<\/li>\n<\/ol>\n<\/div>\n<\/div>\n\n\n\n<h2 class=\"wp-block-heading alignwide has-text-align-left is-style-border-left wp-block-heading\" id=\"h-freuen-sie-sich-auf-diese-exklusiven-preise\">Freuen Sie sich auf diese exklusiven Preise:<\/h2>\n\n\n\n<p>Verlost werden jeweils 1x:<\/p>\n\n\n\n<figure class=\"wp-block-image alignfull size-full\"><img loading=\"lazy\" decoding=\"async\" width=\"1600\" height=\"500\" src=\"https:\/\/www.infinigate.com\/de\/wp-content\/uploads\/sites\/25\/2025\/06\/Gewinne_Infinigate-Juniper-ID.Buzz_-1.webp\" alt=\"\" class=\"wp-image-26750\" srcset=\"https:\/\/www.infinigate.com\/de\/wp-content\/uploads\/sites\/25\/2025\/06\/Gewinne_Infinigate-Juniper-ID.Buzz_-1.webp 1600w, https:\/\/www.infinigate.com\/de\/wp-content\/uploads\/sites\/25\/2025\/06\/Gewinne_Infinigate-Juniper-ID.Buzz_-1-300x94.webp 300w, https:\/\/www.infinigate.com\/de\/wp-content\/uploads\/sites\/25\/2025\/06\/Gewinne_Infinigate-Juniper-ID.Buzz_-1-1024x320.webp 1024w, https:\/\/www.infinigate.com\/de\/wp-content\/uploads\/sites\/25\/2025\/06\/Gewinne_Infinigate-Juniper-ID.Buzz_-1-768x240.webp 768w, https:\/\/www.infinigate.com\/de\/wp-content\/uploads\/sites\/25\/2025\/06\/Gewinne_Infinigate-Juniper-ID.Buzz_-1-1536x480.webp 1536w\" sizes=\"auto, (max-width: 1600px) 100vw, 1600px\" \/><\/figure>\n\n\n\n<div class=\"wp-block-columns is-layout-flex wp-container-core-columns-is-layout-9d6595d7 wp-block-columns-is-layout-flex\">\n<div class=\"wp-block-column is-layout-flow wp-block-column-is-layout-flow\">\n<h3 class=\"wp-block-heading has-text-align-center wp-block-heading\" id=\"h-demokoffer-inklusive-equipment\">Demokoffer <br>(inklusive Equipment)<\/h3>\n<\/div>\n\n\n\n<div class=\"wp-block-column is-layout-flow wp-block-column-is-layout-flow\">\n<h3 class=\"wp-block-heading has-text-align-center wp-block-heading\" id=\"h-airpods\">AirPods<\/h3>\n<\/div>\n\n\n\n<div class=\"wp-block-column is-layout-flow wp-block-column-is-layout-flow\">\n<h3 class=\"wp-block-heading has-text-align-center wp-block-heading\" id=\"h-iphone16\">iPhone16<\/h3>\n<\/div>\n<\/div>\n\n\n\n<h2 class=\"wp-block-heading alignfull has-text-align-center has-blue-background-color has-background wp-block-heading\" id=\"h-jetzt-mitmachen-wir-freuen-uns-auf-ihre-kreativitat\">Jetzt mitmachen \u2013 wir freuen uns auf Ihre Kreativit\u00e4t!<\/h2>\n\n\n\n<h4 class=\"wp-block-heading wp-block-heading\" id=\"h-teilnahmebedingungen\">Teilnahmebedingungen<\/h4>\n\n\n\n<p>Allgemein<\/p>\n\n\n\n<ul class=\"wp-block-list\">\n<li>Die aufgef\u00fchrten Teilnahmebedingungen regeln die Bedingungen zur Teilnahme an der ID.Buzz Foto Challenge. Die Beschreibung und der Ablauf des jeweiligen Gewinnspiels erfolgen im Rahmen der jeweiligen Gewinnspielaktion der Infinigate Deutschland GmbH.<\/li>\n\n\n\n<li>Das Gewinnspiel wird von der Infinigate Deutschland GmbH mit Sitz in der Richard-Reitzner-Allee 8, 85540 Haar\/M\u00fcnchen, durchgef\u00fchrt. Mit Teilnahme an diesem Gewinnspiel best\u00e4tigen Sie Ihr Einverst\u00e4ndnis mit diesen Teilnahmebedingungen.<\/li>\n\n\n\n<li>Sollten einzelne Punkte der Teilnahmebedingungen unwirksam sein, bleibt die G\u00fcltigkeit der \u00fcbrigen Teilnahme- und Durchf\u00fchrungsbedingungen hiervon unber\u00fchrt.<\/li>\n<\/ul>\n\n\n\n<p>Teilnahmebedingungen<\/p>\n\n\n\n<ul class=\"wp-block-list\">\n<li>Teilnahmeberechtigt an diesem Gewinnspiel sind ausschlie\u00dflich Teilnehmende mit einem Mindestalter von 18 Jahren.<\/li>\n\n\n\n<li>Teilnahmeberechtige k\u00f6nnen an dem Gewinnspiel teilnehmen, indem sie ein Bild der Selfie mit unserem Infinigate ID.Buzz auf LinkedIn posten. Die bereitgestellten Informationen werden f\u00fcr die Kontaktierung der Gewinner sowie f\u00fcr die Zustellung und Verwaltung des Gewinns verwendet. Dar\u00fcber hinaus ist es der Infinigate Deutschland GmbH gestattet, die Teilnehmenden per E-Mail zu kontaktieren.<\/li>\n\n\n\n<li>Der Teilnahmeschluss ist der 15. Dezember 2025.<\/li>\n\n\n\n<li>Die Teilnahme am Gewinnspiel ist kostenfrei.<\/li>\n\n\n\n<li>Die Infinigate Deutschland GmbH beh\u00e4lt sich vor, Teilnehmenden, die gegen die Teilnahmebedingungen versto\u00dfen oder durch technische Manipulation versuchen das Gewinnspiel zu beeinflussen, von diesem auszuschlie\u00dfen. Im Falle eines Ausschlusses vom Gewinnspiel k\u00f6nnen Gewinne auch noch nachtr\u00e4glich aberkannt und zur\u00fcckgefordert werden.<\/li>\n<\/ul>\n\n\n\n<p>Gewinnvergabe<\/p>\n\n\n\n<ul class=\"wp-block-list\">\n<li>Der Gewinner wird ausgelost und innerhalb von einem Tag nach Teilnahmeschluss per E-Mail kontaktiert.<\/li>\n\n\n\n<li>Wird der Gewinn innerhalb von f\u00fcnf Tagen weder angenommen noch auf die Verlosung reagiert, beh\u00e4lt sich die Infinigate Deutschland GmbH das Recht vor, den Gewinn anderen Teilnehmenden zur Verf\u00fcgung zu stellen.<\/li>\n\n\n\n<li>Eine Barauszahlung des Gewinns ist nicht m\u00f6glich. Der Preis ist nicht \u00fcbertragbar oder austauschbar. Der Rechtsweg ist ausgeschlossen.<\/li>\n\n\n\n<li>Von der Teilnahme ausgeschlossen sind die gesetzlichen Vertreter der Mitarbeitenden der Infinigate Deutschland GmbH sowie alle an der Durchf\u00fchrung des Gewinnspiels beteiligten Personen.<\/li>\n\n\n\n<li>Die Infinigate Deutschland GmbH haftet nicht f\u00fcr technische oder sonstige Probleme, die au\u00dferhalb ihres Einflussbereichs stehen.<\/li>\n<\/ul>\n\n\n\n<p>Hinweise zum Datenschutz<\/p>\n\n\n\n<ul class=\"wp-block-list\">\n<li>Pers\u00f6nliche Daten der Teilnehmenden, die wir zur Durchf\u00fchrung unseres Gewinnspiels ben\u00f6tigen, werden elektronisch erfasst und den f\u00fcr das Gewinnspiel zust\u00e4ndigen Mitarbeitenden zug\u00e4nglich gemacht.<\/li>\n\n\n\n<li>Die Daten werden gespeichert, um die Gewinner ermitteln zu k\u00f6nnen sowie die Gewinne zu \u00fcbersenden. Die angegebenen Daten werden jedoch ausschlie\u00dflich f\u00fcr die Kontaktaufnahme sowie Zusendung des Gewinns verwendet.<\/li>\n<\/ul>\n","protected":false},"excerpt":{"rendered":"<p>Die Infinigate ID.Buzz Foto Challenge: Gewinnen Sie mit Ihrem Selfie! Machen Sie mit bei unserer #IDBuzzHunt auf LinkedIn. Der ID.Buzz&hellip;<\/p>\n","protected":false},"author":48,"featured_media":26695,"parent":26661,"menu_order":0,"comment_status":"closed","ping_status":"closed","template":"","meta":{"_acf_changed":false,"footnotes":""},"folder":[528],"class_list":["post-26692","page","type-page","status-publish","has-post-thumbnail","hentry"],"acf":[],"distributor_meta":false,"distributor_terms":false,"distributor_media":false,"distributor_original_site_name":"Infinigate | Deutschland","distributor_original_site_url":"https:\/\/www.infinigate.com\/de","push-errors":false,"_links":{"self":[{"href":"https:\/\/www.infinigate.com\/de\/wp-json\/wp\/v2\/pages\/26692","targetHints":{"allow":["GET"]}}],"collection":[{"href":"https:\/\/www.infinigate.com\/de\/wp-json\/wp\/v2\/pages"}],"about":[{"href":"https:\/\/www.infinigate.com\/de\/wp-json\/wp\/v2\/types\/page"}],"author":[{"embeddable":true,"href":"https:\/\/www.infinigate.com\/de\/wp-json\/wp\/v2\/users\/48"}],"replies":[{"embeddable":true,"href":"https:\/\/www.infinigate.com\/de\/wp-json\/wp\/v2\/comments?post=26692"}],"version-history":[{"count":0,"href":"https:\/\/www.infinigate.com\/de\/wp-json\/wp\/v2\/pages\/26692\/revisions"}],"up":[{"embeddable":true,"href":"https:\/\/www.infinigate.com\/de\/wp-json\/wp\/v2\/pages\/26661"}],"wp:featuredmedia":[{"embeddable":true,"href":"https:\/\/www.infinigate.com\/de\/wp-json\/wp\/v2\/media\/26695"}],"wp:attachment":[{"href":"https:\/\/www.infinigate.com\/de\/wp-json\/wp\/v2\/media?parent=26692"}],"wp:term":[{"taxonomy":"folder","embeddable":true,"href":"https:\/\/www.infinigate.com\/de\/wp-json\/wp\/v2\/folder?post=26692"}],"curies":[{"name":"wp","href":"https:\/\/api.w.org\/{rel}","templated":true}]}}