{"id":28689,"date":"2025-07-14T14:30:27","date_gmt":"2025-07-14T12:30:27","guid":{"rendered":"https:\/\/www.infinigate.com\/de\/?page_id=28689"},"modified":"2025-08-18T12:27:31","modified_gmt":"2025-08-18T10:27:31","slug":"sophos-msp-onboarding","status":"publish","type":"page","link":"https:\/\/www.infinigate.com\/de\/lp\/h\/sophos\/sophos-msp-onboarding\/","title":{"rendered":"Sophos MSP Onboarding"},"content":{"rendered":"\n<figure class=\"wp-block-image alignfull size-full\"><img loading=\"lazy\" decoding=\"async\" width=\"1600\" height=\"500\" src=\"https:\/\/www.infinigate.com\/de\/wp-content\/uploads\/sites\/25\/2025\/08\/sophos-msp-onboarding.jpg\" alt=\"Sophos MSP Onboarding\" class=\"wp-image-29949\" srcset=\"https:\/\/www.infinigate.com\/de\/wp-content\/uploads\/sites\/25\/2025\/08\/sophos-msp-onboarding.jpg 1600w, https:\/\/www.infinigate.com\/de\/wp-content\/uploads\/sites\/25\/2025\/08\/sophos-msp-onboarding-300x94.jpg 300w, https:\/\/www.infinigate.com\/de\/wp-content\/uploads\/sites\/25\/2025\/08\/sophos-msp-onboarding-1024x320.jpg 1024w, https:\/\/www.infinigate.com\/de\/wp-content\/uploads\/sites\/25\/2025\/08\/sophos-msp-onboarding-768x240.jpg 768w, https:\/\/www.infinigate.com\/de\/wp-content\/uploads\/sites\/25\/2025\/08\/sophos-msp-onboarding-1536x480.jpg 1536w\" sizes=\"auto, (max-width: 1600px) 100vw, 1600px\" \/><\/figure>\n\n\n\n<p>Sie m\u00f6chten als Managed Service Provider (MSP) mit Sophos durchstarten? Dann sind Sie hier genau richtig! Unsere Onboarding-Plattform ist rund um die Uhr f\u00fcr Sie verf\u00fcgbar und f\u00fchrt Sie Schritt f\u00fcr Schritt durch alle wichtigen Themen. Lernen Sie in Ihrem eigenen Tempo mit kurzen Videos, klaren Inhalten und direktem Mehrwert.<\/p>\n\n\n\n<h2 class=\"wp-block-heading is-style-border-left wp-block-heading\" id=\"h-ihre-lernreise-im-uberblick-alle-inhalte-jederzeit-abrufbar\">Ihre Lernreise im \u00dcberblick &#8211; Alle Inhalte <strong>jederzeit abrufbar<\/strong><\/h2>\n\n\n\n<div class=\"wp-block-columns is-layout-flex wp-container-core-columns-is-layout-9d6595d7 wp-block-columns-is-layout-flex\">\n<div class=\"wp-block-column is-layout-flow wp-block-column-is-layout-flow\">\n<figure class=\"wp-block-embed is-type-video is-provider-youtube wp-block-embed-youtube wp-embed-aspect-16-9 wp-has-aspect-ratio\"><div class=\"wp-block-embed__wrapper\">\n<iframe loading=\"lazy\" title=\"01 Sophos MSP Start\" width=\"500\" height=\"281\" src=\"https:\/\/www.youtube.com\/embed\/FowlgUOyb34?feature=oembed\" frameborder=\"0\" allow=\"accelerometer; autoplay; clipboard-write; encrypted-media; gyroscope; picture-in-picture; web-share\" referrerpolicy=\"strict-origin-when-cross-origin\" allowfullscreen><\/iframe>\n<\/div><\/figure>\n\n\n\n<h5 class=\"wp-block-heading wp-block-heading\" id=\"h-starten-mit-sophos-msp\">Starten mit Sophos MSP<\/h5>\n\n\n\n<p>Wie Sie Teil des MSP-Programms werden \u2013 Anmeldung, Voraussetzungen und n\u00e4chste Schritte<\/p>\n<\/div>\n\n\n\n<div class=\"wp-block-column is-layout-flow wp-block-column-is-layout-flow\">\n<figure class=\"wp-block-embed is-type-video is-provider-youtube wp-block-embed-youtube wp-embed-aspect-16-9 wp-has-aspect-ratio\"><div class=\"wp-block-embed__wrapper\">\n<iframe loading=\"lazy\" title=\"02 Lizenzierung &amp;  Abrechnung\" width=\"500\" height=\"281\" src=\"https:\/\/www.youtube.com\/embed\/xU-m0TVBqf0?feature=oembed\" frameborder=\"0\" allow=\"accelerometer; autoplay; clipboard-write; encrypted-media; gyroscope; picture-in-picture; web-share\" referrerpolicy=\"strict-origin-when-cross-origin\" allowfullscreen><\/iframe>\n<\/div><\/figure>\n\n\n\n<h5 class=\"wp-block-heading wp-block-heading\" id=\"h-lizenzierung-amp-abrechnung\">Lizenzierung &amp; Abrechnung<\/h5>\n\n\n\n<p>So funktioniert die monatliche, nutzungsbasierte Abrechnung mit voller Flexibilit\u00e4t<\/p>\n<\/div>\n\n\n\n<div class=\"wp-block-column is-layout-flow wp-block-column-is-layout-flow\">\n<figure class=\"wp-block-embed is-type-video is-provider-youtube wp-block-embed-youtube wp-embed-aspect-16-9 wp-has-aspect-ratio\"><div class=\"wp-block-embed__wrapper\">\n<iframe loading=\"lazy\" title=\"03 Preisgestaltung\" width=\"500\" height=\"281\" src=\"https:\/\/www.youtube.com\/embed\/zei-5j-gd5o?feature=oembed\" frameborder=\"0\" allow=\"accelerometer; autoplay; clipboard-write; encrypted-media; gyroscope; picture-in-picture; web-share\" referrerpolicy=\"strict-origin-when-cross-origin\" allowfullscreen><\/iframe>\n<\/div><\/figure>\n\n\n\n<h5 class=\"wp-block-heading wp-block-heading\" id=\"h-preisgestaltung\">Preisgestaltung<\/h5>\n\n\n\n<p>Einkaufspreise, Margen und wie Sie wettbewerbsf\u00e4hige Endkundenpreise festlegen<\/p>\n<\/div>\n<\/div>\n\n\n\n<div class=\"wp-block-columns is-layout-flex wp-container-core-columns-is-layout-9d6595d7 wp-block-columns-is-layout-flex\">\n<div class=\"wp-block-column is-layout-flow wp-block-column-is-layout-flow\">\n<figure class=\"wp-block-embed is-type-video is-provider-youtube wp-block-embed-youtube wp-embed-aspect-16-9 wp-has-aspect-ratio\"><div class=\"wp-block-embed__wrapper\">\n<iframe loading=\"lazy\" title=\"04 Servicepakete\" width=\"500\" height=\"281\" src=\"https:\/\/www.youtube.com\/embed\/Wv4rDZaO9NA?feature=oembed\" frameborder=\"0\" allow=\"accelerometer; autoplay; clipboard-write; encrypted-media; gyroscope; picture-in-picture; web-share\" referrerpolicy=\"strict-origin-when-cross-origin\" allowfullscreen><\/iframe>\n<\/div><\/figure>\n\n\n\n<h5 class=\"wp-block-heading wp-block-heading\" id=\"h-servicepakete-fur-ihre-kunden\">Servicepakete f\u00fcr Ihre Kunden<\/h5>\n\n\n\n<p>Servicepakete richtig strukturieren mit individuell w\u00e4hlbaren Paketen: Basis- Standard- Advanced<\/p>\n<\/div>\n\n\n\n<div class=\"wp-block-column is-layout-flow wp-block-column-is-layout-flow\">\n<figure class=\"wp-block-embed is-type-video is-provider-youtube wp-block-embed-youtube wp-embed-aspect-16-9 wp-has-aspect-ratio\"><div class=\"wp-block-embed__wrapper\">\n<iframe loading=\"lazy\" title=\"05 Was ist ein MSP\" width=\"500\" height=\"281\" src=\"https:\/\/www.youtube.com\/embed\/_V8xGkRj3jY?feature=oembed\" frameborder=\"0\" allow=\"accelerometer; autoplay; clipboard-write; encrypted-media; gyroscope; picture-in-picture; web-share\" referrerpolicy=\"strict-origin-when-cross-origin\" allowfullscreen><\/iframe>\n<\/div><\/figure>\n\n\n\n<h5 class=\"wp-block-heading wp-block-heading\" id=\"h-was-ist-ein-msp\">Was ist ein MSP<\/h5>\n\n\n\n<p>Alles, was Sie \u00fcber den Begriff und die Rolle des MSP wissen m\u00fcssen<\/p>\n<\/div>\n\n\n\n<div class=\"wp-block-column is-layout-flow wp-block-column-is-layout-flow\">\n<figure class=\"wp-block-embed is-type-video is-provider-youtube wp-block-embed-youtube wp-embed-aspect-16-9 wp-has-aspect-ratio\"><div class=\"wp-block-embed__wrapper\">\n<iframe loading=\"lazy\" title=\"06 Vorteile fu\u0308r MSP &amp;  Systemha\u0308user\" width=\"500\" height=\"281\" src=\"https:\/\/www.youtube.com\/embed\/NiIbvtC16Z8?feature=oembed\" frameborder=\"0\" allow=\"accelerometer; autoplay; clipboard-write; encrypted-media; gyroscope; picture-in-picture; web-share\" referrerpolicy=\"strict-origin-when-cross-origin\" allowfullscreen><\/iframe>\n<\/div><\/figure>\n\n\n\n<h5 class=\"wp-block-heading wp-block-heading\" id=\"h-vorteile-fur-msp-amp-systemhauser\">Vorteile f\u00fcr MSP &amp; Systemh\u00e4user<\/h5>\n\n\n\n<p>Gute Gr\u00fcnde mit wiederkehrenden Ums\u00e4tzen, geringem Risiko, hoher Flexibilit\u00e4t und mehr Kundenbindung<\/p>\n<\/div>\n<\/div>\n\n\n\n<div class=\"wp-block-columns is-layout-flex wp-container-core-columns-is-layout-9d6595d7 wp-block-columns-is-layout-flex\">\n<div class=\"wp-block-column is-layout-flow wp-block-column-is-layout-flow\">\n<figure class=\"wp-block-embed is-type-video is-provider-youtube wp-block-embed-youtube wp-embed-aspect-16-9 wp-has-aspect-ratio\"><div class=\"wp-block-embed__wrapper\">\n<iframe loading=\"lazy\" title=\"07 Sophos MSP Vorteile fu\u0308r  Endkunden\" width=\"500\" height=\"281\" src=\"https:\/\/www.youtube.com\/embed\/IPDqOWryk-A?feature=oembed\" frameborder=\"0\" allow=\"accelerometer; autoplay; clipboard-write; encrypted-media; gyroscope; picture-in-picture; web-share\" referrerpolicy=\"strict-origin-when-cross-origin\" allowfullscreen><\/iframe>\n<\/div><\/figure>\n\n\n\n<h5 class=\"wp-block-heading wp-block-heading\" id=\"h-vorteile-fur-msp-endkunden\">Vorteile f\u00fcr MSP Endkunden<\/h5>\n\n\n\n<p>Warum Endkunden auf MSP-Modelle setzen mit planbaren Kosten, proaktiver Wartung und verbesserter Skalierung<\/p>\n<\/div>\n\n\n\n<div class=\"wp-block-column is-layout-flow wp-block-column-is-layout-flow\">\n<figure class=\"wp-block-embed is-type-video is-provider-youtube wp-block-embed-youtube wp-embed-aspect-16-9 wp-has-aspect-ratio\"><div class=\"wp-block-embed__wrapper\">\n<iframe loading=\"lazy\" title=\"08 Partner Dashboard\" width=\"500\" height=\"281\" src=\"https:\/\/www.youtube.com\/embed\/n7QavPGX84Y?feature=oembed\" frameborder=\"0\" allow=\"accelerometer; autoplay; clipboard-write; encrypted-media; gyroscope; picture-in-picture; web-share\" referrerpolicy=\"strict-origin-when-cross-origin\" allowfullscreen><\/iframe>\n<\/div><\/figure>\n\n\n\n<h5 class=\"wp-block-heading wp-block-heading\" id=\"h-partner-dashboard-erstellen\">Partner Dashboard erstellen<\/h5>\n\n\n\n<p>So erstellen und nutzen Sie das Sophos Central Partner Dashboard mit Kunden anlegen, Produkte verwalten und Benutzerrechte steuern<\/p>\n<\/div>\n\n\n\n<div class=\"wp-block-column is-layout-flow wp-block-column-is-layout-flow\">\n<figure class=\"wp-block-embed is-type-video is-provider-youtube wp-block-embed-youtube wp-embed-aspect-16-9 wp-has-aspect-ratio\"><div class=\"wp-block-embed__wrapper\">\n<iframe loading=\"lazy\" title=\"09 MSP Portal\" width=\"500\" height=\"281\" src=\"https:\/\/www.youtube.com\/embed\/eubRKJBuW6c?feature=oembed\" frameborder=\"0\" allow=\"accelerometer; autoplay; clipboard-write; encrypted-media; gyroscope; picture-in-picture; web-share\" referrerpolicy=\"strict-origin-when-cross-origin\" allowfullscreen><\/iframe>\n<\/div><\/figure>\n\n\n\n<h5 class=\"wp-block-heading wp-block-heading\" id=\"h-msp-portal\">MSP Portal<\/h5>\n\n\n\n<p>Das Sophos MSP-Portal \u2013 Ihre Kommandozentrale mit Verwaltung, Monitoring, Abrechnung und Reports \u2013 alles auf einen Blick<\/p>\n<\/div>\n<\/div>\n\n\n\n<div class=\"wp-block-columns is-layout-flex wp-container-core-columns-is-layout-9d6595d7 wp-block-columns-is-layout-flex\">\n<div class=\"wp-block-column is-layout-flow wp-block-column-is-layout-flow\">\n<h2 class=\"wp-block-heading is-style-border-left wp-block-heading\" id=\"h-ihre-personlichen-ansprechpartner\">Ihre pers\u00f6nlichen Ansprechpartner<\/h2>\n\n\n\n<p>Gerne sind wir rund um das&nbsp; Portfolio von Sophos f\u00fcr Sie da. Wir freuen uns auf Ihre Kontaktaufnahme.<\/p>\n<\/div>\n<\/div>\n\n\n\n<div class=\"wp-block-columns is-layout-flex wp-container-core-columns-is-layout-9d6595d7 wp-block-columns-is-layout-flex\">\n<div class=\"wp-block-column is-content-justification-left is-layout-constrained wp-container-core-column-is-layout-8c890d92 wp-block-column-is-layout-constrained\">    <article class=\"team-member\">\r\n        <div class=\"team-member__inner\">\r\n            <div class=\"team-member__header\">\r\n                <h2 class=\"team-member__heading\">Thomas Sperschneider<\/h2>\r\n                <div class=\"team-member__content\">\r\n                    <div class=\"team-member__job-title\">Sales Specialist Managed Security Services<\/div>\r\n                                        <div class=\"team-member__email-address\"><a href=\"mailto:&#115;&#111;&#112;&#104;os&#064;in&#102;&#105;nigate.&#100;&#101;\">sophos@infinigate.de<\/a><\/div>\r\n                                                            <div class=\"team-member__phone-number\"><a href=\"tel:+49 89 89048-388\">+49 89 89048-388<\/a><\/div>\r\n                                    <\/div>\r\n            <\/div>\r\n       <\/div>\r\n       <div class=\"team-member__image\">\r\n            <div class=\"team-member__image-inner\">\r\n                                    <img loading=\"lazy\" decoding=\"async\" width=\"302\" height=\"363\" src=\"https:\/\/www.infinigate.com\/de\/wp-content\/uploads\/sites\/25\/2025\/08\/Thomas-Sperschneider_302x363.jpg\" class=\"attachment-medium_large size-medium_large\" alt=\"\" srcset=\"https:\/\/www.infinigate.com\/de\/wp-content\/uploads\/sites\/25\/2025\/08\/Thomas-Sperschneider_302x363.jpg 302w, https:\/\/www.infinigate.com\/de\/wp-content\/uploads\/sites\/25\/2025\/08\/Thomas-Sperschneider_302x363-250x300.jpg 250w\" sizes=\"auto, (max-width: 302px) 100vw, 302px\" \/>                            <\/div>\r\n        <\/div>\r\n    <\/article>\r\n<\/div>\n\n\n\n<div class=\"wp-block-column is-layout-flow wp-block-column-is-layout-flow\">    <article class=\"team-member\">\r\n        <div class=\"team-member__inner\">\r\n            <div class=\"team-member__header\">\r\n                <h2 class=\"team-member__heading\">Thomas Walter<\/h2>\r\n                <div class=\"team-member__content\">\r\n                    <div class=\"team-member__job-title\">Senior Sales Specialist Managed Security Services<\/div>\r\n                                        <div class=\"team-member__email-address\"><a href=\"mailto:&#115;&#111;p&#104;o&#115;&#064;&#105;&#110;&#102;&#105;nig&#097;te&#046;&#100;e\">sophos@infinigate.de<\/a><\/div>\r\n                                                            <div class=\"team-member__phone-number\"><a href=\"tel:+49 89 89048-388\">+49 89 89048-388<\/a><\/div>\r\n                                    <\/div>\r\n            <\/div>\r\n       <\/div>\r\n       <div class=\"team-member__image\">\r\n            <div class=\"team-member__image-inner\">\r\n                                    <img loading=\"lazy\" decoding=\"async\" width=\"302\" height=\"363\" src=\"https:\/\/www.infinigate.com\/de\/wp-content\/uploads\/sites\/25\/2025\/08\/Thomas-Walter_302x363.jpg\" class=\"attachment-medium_large size-medium_large\" alt=\"\" srcset=\"https:\/\/www.infinigate.com\/de\/wp-content\/uploads\/sites\/25\/2025\/08\/Thomas-Walter_302x363.jpg 302w, https:\/\/www.infinigate.com\/de\/wp-content\/uploads\/sites\/25\/2025\/08\/Thomas-Walter_302x363-250x300.jpg 250w\" sizes=\"auto, (max-width: 302px) 100vw, 302px\" \/>                            <\/div>\r\n        <\/div>\r\n    <\/article>\r\n<\/div>\n\n\n\n<div class=\"wp-block-column is-layout-flow wp-block-column-is-layout-flow\">    <article class=\"team-member\">\r\n        <div class=\"team-member__inner\">\r\n            <div class=\"team-member__header\">\r\n                <h2 class=\"team-member__heading\">Enrico Mahl<\/h2>\r\n                <div class=\"team-member__content\">\r\n                    <div class=\"team-member__job-title\">Business Development Manager<\/div>\r\n                                        <div class=\"team-member__email-address\"><a href=\"mailto:&#115;ophos&#064;inf&#105;n&#105;gat&#101;&#046;&#100;&#101;\">sophos@infinigate.de<\/a><\/div>\r\n                                                            <div class=\"team-member__phone-number\"><a href=\"tel:+49 89 89048-388\">+49 89 89048-388<\/a><\/div>\r\n                                    <\/div>\r\n            <\/div>\r\n       <\/div>\r\n       <div class=\"team-member__image\">\r\n            <div class=\"team-member__image-inner\">\r\n                                    <img loading=\"lazy\" decoding=\"async\" width=\"302\" height=\"363\" src=\"https:\/\/www.infinigate.com\/de\/wp-content\/uploads\/sites\/25\/2025\/08\/Enrico-Mahl_302x363.jpg\" class=\"attachment-medium_large size-medium_large\" alt=\"\" srcset=\"https:\/\/www.infinigate.com\/de\/wp-content\/uploads\/sites\/25\/2025\/08\/Enrico-Mahl_302x363.jpg 302w, https:\/\/www.infinigate.com\/de\/wp-content\/uploads\/sites\/25\/2025\/08\/Enrico-Mahl_302x363-250x300.jpg 250w\" sizes=\"auto, (max-width: 302px) 100vw, 302px\" \/>                            <\/div>\r\n        <\/div>\r\n    <\/article>\r\n<\/div>\n\n\n\n<div class=\"wp-block-column is-layout-constrained wp-block-column-is-layout-constrained\">    <article class=\"team-member\">\r\n        <div class=\"team-member__inner\">\r\n            <div class=\"team-member__header\">\r\n                <h2 class=\"team-member__heading\">Tim Jakobi<\/h2>\r\n                <div class=\"team-member__content\">\r\n                    <div class=\"team-member__job-title\">Business Development Manager<\/div>\r\n                                        <div class=\"team-member__email-address\"><a href=\"mailto:sophos&#064;inf&#105;n&#105;ga&#116;e.&#100;e\">sophos@infinigate.de<\/a><\/div>\r\n                                                            <div class=\"team-member__phone-number\"><a href=\"tel:+49 89 89048-388\">+49 89 89048-388<\/a><\/div>\r\n                                    <\/div>\r\n            <\/div>\r\n       <\/div>\r\n       <div class=\"team-member__image\">\r\n            <div class=\"team-member__image-inner\">\r\n                                    <img loading=\"lazy\" decoding=\"async\" width=\"302\" height=\"363\" src=\"https:\/\/www.infinigate.com\/de\/wp-content\/uploads\/sites\/25\/2025\/08\/Tim-Jacobi_302x363.jpg\" class=\"attachment-medium_large size-medium_large\" alt=\"\" srcset=\"https:\/\/www.infinigate.com\/de\/wp-content\/uploads\/sites\/25\/2025\/08\/Tim-Jacobi_302x363.jpg 302w, https:\/\/www.infinigate.com\/de\/wp-content\/uploads\/sites\/25\/2025\/08\/Tim-Jacobi_302x363-250x300.jpg 250w\" sizes=\"auto, (max-width: 302px) 100vw, 302px\" \/>                            <\/div>\r\n        <\/div>\r\n    <\/article>\r\n<\/div>\n<\/div>\n\n\n\n<div class=\"wp-block-cover alignwide has-parallax is-repeated\" id=\"kontaktieren\"><div class=\"wp-block-cover__image-background wp-image-1065 has-parallax is-repeated\" style=\"background-position:50% 50%;background-image:url(https:\/\/infinigatecdev.wpengine.com\/wp-content\/uploads\/2023\/02\/background-texture-2.jpg)\"><\/div><span aria-hidden=\"true\" class=\"wp-block-cover__background has-blue-background-color has-background-dim-0 has-background-dim\"><\/span><div class=\"wp-block-cover__inner-container is-layout-constrained wp-block-cover-is-layout-constrained\">\n<div class=\"wp-block-columns is-layout-flex wp-container-core-columns-is-layout-9d6595d7 wp-block-columns-is-layout-flex\">\n<div class=\"wp-block-column is-layout-flow wp-block-column-is-layout-flow\" style=\"flex-basis:66.66%\">\n<h3 class=\"wp-block-heading has-text-align-left has-white-color has-text-color has-link-color wp-elements-e0f952a95accb1f90fa4ba08965f8fbd\" id=\"h-kontakt-zum-sophos-team-0\">Kontakt zum Sophos Team<\/h3>\n\n\n\n<p>Unser Sophos Team unterst\u00fctzt Sie gerne bei Ihren vertrieblichen Anfragen, bei Pre-Sales Themen oder bei geplanten Marketingaktivit\u00e4ten.<\/p>\n<\/div>\n\n\n\n<div class=\"wp-block-column is-vertically-aligned-center is-layout-flow wp-block-column-is-layout-flow\" style=\"flex-basis:33.33%\">\n<p class=\"has-text-align-center has-white-color has-text-color has-link-color wp-elements-477f506c59c7088bb5ee652d5281837f\">E-Mail: <a href=\"mailto:sophos@infinigate.de\">sophos@infiniga<\/a><a a=\"\">te<\/a><a href=\"mailto:sophos@infinigate.de\"><br>Tel: <\/a><a href=\"tel:00498989048388\">+49 89 89048-388<\/a><\/p>\n\n\n\n<div class=\"wp-block-buttons is-content-justification-center is-layout-flex wp-container-core-buttons-is-layout-16018d1d wp-block-buttons-is-layout-flex\">\n<div class=\"wp-block-button\"><a class=\"wp-block-button__link wp-element-button\" href=\"mailto:sophos@infinigate.de\">Jetzt kontaktieren<\/a><\/div>\n<\/div>\n<\/div>\n<\/div>\n<\/div><\/div>\n","protected":false},"excerpt":{"rendered":"<p>Sie m\u00f6chten als Managed Service Provider (MSP) mit Sophos durchstarten? Dann sind Sie hier genau richtig! Unsere Onboarding-Plattform ist rund&hellip;<\/p>\n","protected":false},"author":43,"featured_media":0,"parent":11208,"menu_order":0,"comment_status":"closed","ping_status":"closed","template":"","meta":{"_acf_changed":false,"footnotes":""},"folder":[421,429],"class_list":["post-28689","page","type-page","status-publish","hentry"],"acf":[],"distributor_meta":false,"distributor_terms":false,"distributor_media":false,"distributor_original_site_name":"Infinigate | Deutschland","distributor_original_site_url":"https:\/\/www.infinigate.com\/de","push-errors":false,"_links":{"self":[{"href":"https:\/\/www.infinigate.com\/de\/wp-json\/wp\/v2\/pages\/28689","targetHints":{"allow":["GET"]}}],"collection":[{"href":"https:\/\/www.infinigate.com\/de\/wp-json\/wp\/v2\/pages"}],"about":[{"href":"https:\/\/www.infinigate.com\/de\/wp-json\/wp\/v2\/types\/page"}],"author":[{"embeddable":true,"href":"https:\/\/www.infinigate.com\/de\/wp-json\/wp\/v2\/users\/43"}],"replies":[{"embeddable":true,"href":"https:\/\/www.infinigate.com\/de\/wp-json\/wp\/v2\/comments?post=28689"}],"version-history":[{"count":0,"href":"https:\/\/www.infinigate.com\/de\/wp-json\/wp\/v2\/pages\/28689\/revisions"}],"up":[{"embeddable":true,"href":"https:\/\/www.infinigate.com\/de\/wp-json\/wp\/v2\/pages\/11208"}],"wp:attachment":[{"href":"https:\/\/www.infinigate.com\/de\/wp-json\/wp\/v2\/media?parent=28689"}],"wp:term":[{"taxonomy":"folder","embeddable":true,"href":"https:\/\/www.infinigate.com\/de\/wp-json\/wp\/v2\/folder?post=28689"}],"curies":[{"name":"wp","href":"https:\/\/api.w.org\/{rel}","templated":true}]}}