{"id":32860,"date":"2025-10-09T14:01:24","date_gmt":"2025-10-09T12:01:24","guid":{"rendered":"https:\/\/www.infinigate.com\/de\/?page_id=32860"},"modified":"2025-10-13T02:23:50","modified_gmt":"2025-10-13T00:23:50","slug":"microsoft-partner-updates-okt-2025","status":"publish","type":"page","link":"https:\/\/www.infinigate.com\/de\/lp\/h\/microsoft\/microsoft-partner-updates-okt-2025\/","title":{"rendered":"Microsoft Partner Updates \u2013 Oktober 2025"},"content":{"rendered":"\n<figure class=\"wp-block-image alignwide size-full\"><img loading=\"lazy\" decoding=\"async\" width=\"1280\" height=\"400\" src=\"https:\/\/www.infinigate.com\/de\/wp-content\/uploads\/sites\/25\/2025\/10\/microsoft-partner-news-okt-25.jpg\" alt=\"Microsoft Partner News Oktober 2025\" class=\"wp-image-32973\" srcset=\"https:\/\/www.infinigate.com\/de\/wp-content\/uploads\/sites\/25\/2025\/10\/microsoft-partner-news-okt-25.jpg 1280w, https:\/\/www.infinigate.com\/de\/wp-content\/uploads\/sites\/25\/2025\/10\/microsoft-partner-news-okt-25-300x94.jpg 300w, https:\/\/www.infinigate.com\/de\/wp-content\/uploads\/sites\/25\/2025\/10\/microsoft-partner-news-okt-25-1024x320.jpg 1024w, https:\/\/www.infinigate.com\/de\/wp-content\/uploads\/sites\/25\/2025\/10\/microsoft-partner-news-okt-25-768x240.jpg 768w\" sizes=\"auto, (max-width: 1280px) 100vw, 1280px\" \/><\/figure>\n\n\n\n<p>Microsoft hat eine Reihe von Aktualisierungen im September 2025 angek\u00fcndigt. Dieser Blogbeitrag behandelt \u00c4nderungen an Produkten, L\u00f6sungen, Diensten, Partnerprogrammen und anderen wichtigen Informationen:<\/p>\n\n\n\n<h5 class=\"wp-block-heading is-style-border-left wp-block-heading\" id=\"ressourcen\"><a href=\"https:\/\/techcommunity.microsoft.com\/blog\/microsoft-security-blog\/introducing-new-security-and-compliance-add-ons-for-microsoft-365-business-premi\/4449297\" target=\"_blank\" rel=\"noreferrer noopener\">Neue Sicherheits- und Compliance-Add-ons f\u00fcr Microsoft 365 Business Premium verf\u00fcgbar<\/a><\/h5>\n\n\n\n<p>Die folgenden neuen SMB-Sicherheitssuiten wurden im September 2025 verf\u00fcgbar gemacht:<\/p>\n\n\n\n<ul class=\"wp-block-list\">\n<li>Microsoft Defender Suite f\u00fcr Business Premium<\/li>\n\n\n\n<li>Purview Suite f\u00fcr Business Premium<\/li>\n\n\n\n<li>Defender und Purview Suite f\u00fcr Business Premium<\/li>\n<\/ul>\n\n\n\n<h5 class=\"wp-block-heading alignwide is-style-border-left wp-block-heading\" id=\"incentive\"><a href=\"https:\/\/www.microsoft.com\/en-us\/microsoft-365\/blog\/2025\/09\/12\/evolving-our-productivity-offerings-to-resolve-european-competition-concerns-about-teams\/\" target=\"_blank\" rel=\"noreferrer noopener\">\u00c4nderungen an den Lizenzen f\u00fcr Microsoft 365, Office 365 und Teams<\/a><\/h5>\n\n\n\n<ul class=\"wp-block-list\">\n<li>Mit Wirkung zum 1. November 2025 wird Microsoft den Verkaufsstopp f\u00fcr alle Microsoft 365- und Office 365 Enterprise-Suiten mit Teams aufheben.<\/li>\n\n\n\n<li>Die Microsoft Partner FAQ enth\u00e4lt <a href=\"https:\/\/aka.ms\/Teams-Settlement-Partner-Resources\" target=\"_blank\" rel=\"noreferrer noopener\">detaillierte Informationen<\/a> zu den bevorstehenden Preisanpassungen. Diese beziehen sich auf die neuen Verpflichtungen von Microsoft gegen\u00fcber der Europ\u00e4ischen Kommission.<\/li>\n<\/ul>\n\n\n\n<h5 class=\"wp-block-heading alignwide is-style-border-left wp-block-heading\" id=\"incentive\"><a href=\"https:\/\/infinigate.cloud\/news\/what-microsofts-2025-pricing-change-means-for-enterprise-agreement-vs-csp\">Was die Preis\u00e4nderung von Microsoft f\u00fcr 2025 f\u00fcr Enterprise Agreement vs. CSP bedeutet<\/a><\/h5>\n\n\n\n<p>Lesen Sie unseren Artikel, um alle Informationen \u00fcber die bevorstehenden \u00c4nderungen der Preisgestaltung von Microsoft f\u00fcr Online-Dienste, die \u00fcber Volumenlizenzprogramme erworben werden, <a href=\"https:\/\/infinigate.cloud\/news\/what-microsofts-2025-pricing-change-means-for-enterprise-agreement-vs-csp\" target=\"_blank\" rel=\"noreferrer noopener\">hier<\/a> zu erfahren.<\/p>\n\n\n\n<h5 class=\"wp-block-heading alignwide is-style-border-left wp-block-heading\" id=\"incentive\"><a href=\"https:\/\/learn.microsoft.com\/de-de\/partner-center\/announcements\/2025-september#11\">Microsoft 365 E5 15 % Rabattaktion verl\u00e4ngert<\/a><\/h5>\n\n\n\n<p>Die Microsoft 365 E5 15 % Rabattaktion wurde bis zum 31. Dezember 2025 verl\u00e4ngert.<\/p>\n\n\n\n<h5 class=\"wp-block-heading alignwide is-style-border-left wp-block-heading\" id=\"incentive\"><a href=\"https:\/\/learn.microsoft.com\/de-de\/partner-center\/announcements\/2025-september#13\">Zwei neue CSP-Aktionen f\u00fcr Microsoft 365 Copilot angek\u00fcndigt<\/a><\/h5>\n\n\n\n<ul class=\"wp-block-list\">\n<li>Ab dem 1. Oktober 2025 werden zwei neue CSP-Aktionen gestartet: Eine Aktion f\u00fcr Erstnutzer und eine f\u00fcr Kunden, die den Einsatz von KI ausweiten m\u00f6chten.<\/li>\n\n\n\n<li>Microsoft 365 Copilot \u2013 CSP-Aktionsangebot f\u00fcr Einsteiger (15 % Rabatt)<\/li>\n\n\n\n<li>Microsoft 365 Copilot \u2013 CSP-Angebot f\u00fcr Scale-Up (20 % Rabatt)<\/li>\n<\/ul>\n\n\n\n<h5 class=\"wp-block-heading is-style-border-left wp-block-heading\" id=\"h-monatliche-updates-fur-cloud-solution-provider-csp-im-september\"><a href=\"https:\/\/learn.microsoft.com\/de-de\/partner-center\/announcements\/2025-september#1\">Monatliche Updates f\u00fcr Cloud Solution Provider (CSP) im September<\/a><\/h5>\n\n\n\n<ul class=\"wp-block-list\">\n<li>Der <a href=\"https:\/\/partner.microsoft.com\/resources\/collection\/partner-launch-calendar#\/\" target=\"_blank\" rel=\"noreferrer noopener\">Partner-Einf\u00fchrungskalender<\/a>, die <a href=\"https:\/\/partner.microsoft.com\/resources\/collection\/microsoft-transformational-changes#\/\" target=\"_blank\" rel=\"noreferrer noopener\">Partner-Journey-Karten<\/a> und der <a href=\"https:\/\/partner.microsoft.com\/resources\/collection\/csp-monthly-update#\/\" target=\"_blank\" rel=\"noreferrer noopener\">zweimonatliche CSP-Newsletter<\/a> wurden aktualisiert.<\/li>\n\n\n\n<li>Den Link zur Anmeldung f\u00fcr die monatlichen CSP-Community-Frage-und-Antwort-Runden finden Sie <a href=\"https:\/\/globalpbocomm.eventbuilder.com\/GlobalCSP?source=PCA\" target=\"_blank\" rel=\"noreferrer noopener\">hier<\/a>.<\/li>\n<\/ul>\n\n\n\n<h5 class=\"wp-block-heading is-style-border-left wp-block-heading\" id=\"updates\"><a href=\"https:\/\/learn.microsoft.com\/de-de\/partner-center\/announcements\/2025-september#12\" target=\"_blank\" rel=\"noreferrer noopener\">Erinnerung: Wichtige Ma\u00dfnahmen, die Partner ergreifen m\u00fcssen, um das Partner-\u00d6kosystem zu sichern<\/a><\/h5>\n\n\n\n<ul class=\"wp-block-list\">\n<li>Microsoft setzt MFA f\u00fcr das Microsoft 365 Admin Center durch.<\/li>\n\n\n\n<li>Microsoft setzt MFA f\u00fcr das Partner Center-Portal seit dem 8. September 2025 durch.<\/li>\n\n\n\n<li>Die Sicherheitsanforderungen wurden neu gestaltet, um obligatorische und empfohlene Kontrollen klar voneinander zu trennen.<\/li>\n<\/ul>\n\n\n\n<h5 class=\"wp-block-heading is-style-border-left wp-block-heading\" id=\"solution\"><a href=\"https:\/\/learn.microsoft.com\/de-de\/partner-center\/announcements\/2025-september#6\" target=\"_blank\" rel=\"noreferrer noopener\">\u00c4nderung des Datums f\u00fcr die Preisanpassung von Dynamics 365 Business Central<\/a><\/h5>\n\n\n\n<p>Die Preisanpassung f\u00fcr Dynamics 365 Business Central wurde vom 1. Oktober 2025 auf den 1. November 2025 verschoben.<br>Lesen Sie den <a href=\"https:\/\/dynamicspartners.transform.microsoft.com\/download?assetname=assets%2FMay%202025%20Partner%20Alert%20-%20Business%20Central%20Pricing%20Update.pdf&amp;protected=0\" target=\"_blank\" rel=\"noreferrer noopener\">Microsoft Partner Alert<\/a> mit detaillierten Informationen zur Preisanpassung.<\/p>\n\n\n\n<h5 class=\"wp-block-heading is-style-border-left wp-block-heading\" id=\"sicherheitsmassnahmen\"><a href=\"https:\/\/techcommunity.microsoft.com\/blog\/plannerblog\/microsoft-project-online-is-retiring-what-you-need-to-know\/4450558\" target=\"_blank\" rel=\"noreferrer noopener\">Microsoft Project Online wird eingestellt: Was Sie wissen m\u00fcssen<\/a><\/h5>\n\n\n\n<ul class=\"wp-block-list\">\n<li>Project Online wird am 30. September 2026 eingestellt.<\/li>\n\n\n\n<li>Der Verkauf von Project Online-SKUs f\u00fcr Neukunden wird am 1. Oktober 2025 eingestellt.<\/li>\n\n\n\n<li>Project Desktop ist davon nicht betroffen.<\/li>\n\n\n\n<li>Alle Informationen finden Sie in <a href=\"https:\/\/techcommunity.microsoft.com\/blog\/plannerblog\/microsoft-project-online-is-retiring-what-you-need-to-know\/4450558\" target=\"_blank\" rel=\"noreferrer noopener\">diesem<\/a> Microsoft-Artikel.<\/li>\n<\/ul>\n\n\n\n<h5 class=\"wp-block-heading is-style-border-left wp-block-heading\" id=\"sicherheitsmassnahmen\">Agentic AI Playbook f\u00fcr Partner jetzt verf\u00fcgbar<\/h5>\n\n\n\n<ul class=\"wp-block-list\">\n<li>Microsoft hat das Agentic AI Playbook ver\u00f6ffentlicht, einen strategischen Leitfaden, der Partnern helfen soll, die M\u00f6glichkeiten von Agentic AI zu verstehen und zu nutzen.<\/li>\n\n\n\n<li>Lesen Sie das Playbook <a href=\"https:\/\/partner.microsoft.com\/en-us\/explore\/artificial-intelligence\" target=\"_blank\" rel=\"noreferrer noopener\">hier<\/a>.<\/li>\n<\/ul>\n\n\n\n<h5 class=\"wp-block-heading is-style-border-left wp-block-heading\" id=\"sicherheitsmassnahmen\">Geplante und aktuelle Veranstaltungen:<\/h5>\n\n\n\n<ul class=\"wp-block-list\">\n<li>8. bis 10. Oktober \u2013 <a href=\"https:\/\/www.skilling-hub.com\/en-US\/listing\/o::fy26_aibssfs_09::bt\" target=\"_blank\" rel=\"noreferrer noopener\">FY26 AI Business Solutions Sales Fast Start<\/a><\/li>\n\n\n\n<li>15. bis 17. Oktober \u2013 <a href=\"https:\/\/www.skilling-hub.com\/en-US\/listing\/o::fy26_plpccs_09::bt\" target=\"_blank\" rel=\"noreferrer noopener\">Becoming Frontier: Pitch and Land the AI Transformation Story<\/a><\/li>\n\n\n\n<li>18. bis 21. November \u2013 <a href=\"https:\/\/ignite.microsoft.com\/home?wt.mc_ID=Ignite2025_esc_corp_soc_oo_MSPartner_All_RegLaunch\" target=\"_blank\" rel=\"noreferrer noopener\">Microsoft Ignite 2025<\/a><\/li>\n\n\n\n<li>Auf Abruf \u2013 <a href=\"https:\/\/gtmfy26.msftevents.io\/home\" target=\"_blank\" rel=\"noreferrer noopener\">Microsoft Partner FY26 GTM Kickoff Event<\/a><\/li>\n\n\n\n<li>Auf Abruf \u2013 <a href=\"https:\/\/vshow.on24.com\/vshow\/FY24_SDepth\/#exhibits\/FY26_IGSDSMP_08\" target=\"_blank\" rel=\"noreferrer noopener\">Implementieren, verwalten und skalieren Sie Datensicherheit mit Microsoft Purview im Zeitalter der KI<\/a><\/li>\n\n\n\n<li>Auf Abruf \u2013 <a href=\"https:\/\/www.skilling-hub.com\/en-US\/listing\/o::fy26_iw365_07\" target=\"_blank\" rel=\"noreferrer noopener\">Implementieren von Windows 365 Cloud PC<\/a><\/li>\n\n\n\n<li>Auf Abruf \u2013 <a href=\"https:\/\/readiness.transform.microsoft.com\/learning-path\/ed08079d-0859-43a3-a126-31c1651862ba\" target=\"_blank\" rel=\"noreferrer noopener\">Cloud Endpoints Partner Sales Bootcamp<\/a><\/li>\n\n\n\n<li>Auf Abruf \u2013 <a href=\"https:\/\/aka.ms\/ConvergedCommsLearningPath\" target=\"_blank\" rel=\"noreferrer noopener\">Converged Communications Partner Technical Bootcamp<\/a><\/li>\n\n\n\n<li>Auf Abruf \u2013 <a href=\"https:\/\/levelupcspmwba.eventbuilder.com\/Bootcamp\" target=\"_blank\" rel=\"noreferrer noopener\">Level UP Sales &amp; Technical CSP Bootcamps<\/a><\/li>\n\n\n\n<li>Auf Abruf \u2013 <a href=\"https:\/\/www.skilling-hub.com\/en-US\/listing\/o::levelup::1719955\" target=\"_blank\" rel=\"noreferrer noopener\">CSP Practice aufbauen auf Threat Protection &amp; Data Security mit ME5<\/a><\/li>\n\n\n\n<li>Auf Abruf \u2013 <a href=\"https:\/\/www.skilling-hub.com\/en-US\/listing\/o::FY24_Sdepth-FY25_SGCM365_03\" target=\"_blank\" rel=\"noreferrer noopener\">Sichern und verwalten Sie Microsoft 365 Copilot mit Microsoft Purview<\/a><\/li>\n<\/ul>\n\n\n\n<div class=\"wp-block-buttons is-layout-flex wp-block-buttons-is-layout-flex\">\n<div class=\"wp-block-button\"><a class=\"wp-block-button__link wp-element-button\" href=\"https:\/\/www.infinigate.com\/de\/lp\/h\/microsoft\/microsoft-news\/\">Zur\u00fcck zur Microsoft News \u00dcbersicht<\/a><\/div>\n<\/div>\n\n\n\n<div class=\"wp-block-cover alignwide\" id=\"kontakt\"><img loading=\"lazy\" decoding=\"async\" width=\"1920\" height=\"1080\" class=\"wp-block-cover__image-background wp-image-4092\" alt=\"\" src=\"https:\/\/www.infinigate.com\/de\/wp-content\/uploads\/sites\/25\/2024\/03\/Digital_Textures_V2.jpg\" data-object-fit=\"cover\" srcset=\"https:\/\/www.infinigate.com\/de\/wp-content\/uploads\/sites\/25\/2024\/03\/Digital_Textures_V2.jpg 1920w, https:\/\/www.infinigate.com\/de\/wp-content\/uploads\/sites\/25\/2024\/03\/Digital_Textures_V2-300x169.jpg 300w, https:\/\/www.infinigate.com\/de\/wp-content\/uploads\/sites\/25\/2024\/03\/Digital_Textures_V2-1024x576.jpg 1024w, https:\/\/www.infinigate.com\/de\/wp-content\/uploads\/sites\/25\/2024\/03\/Digital_Textures_V2-768x432.jpg 768w, https:\/\/www.infinigate.com\/de\/wp-content\/uploads\/sites\/25\/2024\/03\/Digital_Textures_V2-1536x864.jpg 1536w\" sizes=\"auto, (max-width: 1920px) 100vw, 1920px\" \/><span aria-hidden=\"true\" class=\"wp-block-cover__background has-blue-background-color has-background-dim-0 has-background-dim\"><\/span><div class=\"wp-block-cover__inner-container is-layout-constrained wp-block-cover-is-layout-constrained\">\n<div class=\"wp-block-columns is-layout-flex wp-container-core-columns-is-layout-9d6595d7 wp-block-columns-is-layout-flex\">\n<div class=\"wp-block-column is-layout-flow wp-block-column-is-layout-flow\" style=\"flex-basis:66.66%\">\n<h3 class=\"wp-block-heading has-text-align-left is-style-border-left has-white-color has-text-color has-link-color wp-elements-5a5930c6e925070bb2b4fb024ddee0df\" id=\"h-kontakt-zum-microsoft-team\">Kontakt zum Microsoft Team<\/h3>\n\n\n\n<p>Haben Sie Fragen zu einem der genannten Punkte? Dann wenden Sie sich bitte an Ihren <strong>Business Development Manager<\/strong>, rufen Sie uns an oder schreiben Sie uns:<\/p>\n<\/div>\n\n\n\n<div class=\"wp-block-column is-vertically-aligned-center is-layout-flow wp-block-column-is-layout-flow\" style=\"flex-basis:33.33%\">\n<p class=\"has-text-align-center has-white-color has-text-color has-link-color wp-elements-ff45b21d7ce4dc63fd349a753acab66b\"><a href=\"mailto:microsoft@infinigate.de\">microsoft@infinigate.de<br><\/a><a href=\"tel:+498989048580\">+49 89 89048-580<\/a><\/p>\n\n\n\n<div class=\"wp-block-buttons is-content-justification-center is-layout-flex wp-container-core-buttons-is-layout-16018d1d wp-block-buttons-is-layout-flex\">\n<div class=\"wp-block-button\"><a class=\"wp-block-button__link wp-element-button\" href=\"mailto:microsoft@infinigate.de\">Kontakt aufnehmen<\/a><\/div>\n<\/div>\n<\/div>\n<\/div>\n<\/div><\/div>\n","protected":false},"excerpt":{"rendered":"<p>Microsoft hat eine Reihe von Aktualisierungen im September 2025 angek\u00fcndigt. Dieser Blogbeitrag behandelt \u00c4nderungen an Produkten, L\u00f6sungen, Diensten, Partnerprogrammen und&hellip;<\/p>\n","protected":false},"author":36,"featured_media":32973,"parent":17789,"menu_order":0,"comment_status":"closed","ping_status":"closed","template":"","meta":{"_acf_changed":false,"footnotes":""},"folder":[488],"class_list":["post-32860","page","type-page","status-publish","has-post-thumbnail","hentry"],"acf":[],"distributor_meta":false,"distributor_terms":false,"distributor_media":false,"distributor_original_site_name":"Infinigate | Deutschland","distributor_original_site_url":"https:\/\/www.infinigate.com\/de","push-errors":false,"_links":{"self":[{"href":"https:\/\/www.infinigate.com\/de\/wp-json\/wp\/v2\/pages\/32860","targetHints":{"allow":["GET"]}}],"collection":[{"href":"https:\/\/www.infinigate.com\/de\/wp-json\/wp\/v2\/pages"}],"about":[{"href":"https:\/\/www.infinigate.com\/de\/wp-json\/wp\/v2\/types\/page"}],"author":[{"embeddable":true,"href":"https:\/\/www.infinigate.com\/de\/wp-json\/wp\/v2\/users\/36"}],"replies":[{"embeddable":true,"href":"https:\/\/www.infinigate.com\/de\/wp-json\/wp\/v2\/comments?post=32860"}],"version-history":[{"count":0,"href":"https:\/\/www.infinigate.com\/de\/wp-json\/wp\/v2\/pages\/32860\/revisions"}],"up":[{"embeddable":true,"href":"https:\/\/www.infinigate.com\/de\/wp-json\/wp\/v2\/pages\/17789"}],"wp:featuredmedia":[{"embeddable":true,"href":"https:\/\/www.infinigate.com\/de\/wp-json\/wp\/v2\/media\/32973"}],"wp:attachment":[{"href":"https:\/\/www.infinigate.com\/de\/wp-json\/wp\/v2\/media?parent=32860"}],"wp:term":[{"taxonomy":"folder","embeddable":true,"href":"https:\/\/www.infinigate.com\/de\/wp-json\/wp\/v2\/folder?post=32860"}],"curies":[{"name":"wp","href":"https:\/\/api.w.org\/{rel}","templated":true}]}}