{"id":32923,"date":"2025-10-13T09:06:59","date_gmt":"2025-10-13T07:06:59","guid":{"rendered":"https:\/\/www.infinigate.com\/de\/?page_id=32923"},"modified":"2026-02-24T10:05:36","modified_gmt":"2026-02-24T09:05:36","slug":"fortinet-accelerate-2026","status":"publish","type":"page","link":"https:\/\/www.infinigate.com\/de\/lp\/h\/fortinet\/fortinet-accelerate-2026\/","title":{"rendered":"Fortinet ACCELERATE 2026"},"content":{"rendered":"\n<figure class=\"wp-block-image alignfull size-full\"><img loading=\"lazy\" decoding=\"async\" width=\"1900\" height=\"429\" src=\"https:\/\/www.infinigate.com\/de\/wp-content\/uploads\/sites\/25\/2025\/10\/fortinet-accelerate-header-2026.jpg\" alt=\"\" class=\"wp-image-32946\" srcset=\"https:\/\/www.infinigate.com\/de\/wp-content\/uploads\/sites\/25\/2025\/10\/fortinet-accelerate-header-2026.jpg 1900w, https:\/\/www.infinigate.com\/de\/wp-content\/uploads\/sites\/25\/2025\/10\/fortinet-accelerate-header-2026-300x68.jpg 300w, https:\/\/www.infinigate.com\/de\/wp-content\/uploads\/sites\/25\/2025\/10\/fortinet-accelerate-header-2026-1024x231.jpg 1024w, https:\/\/www.infinigate.com\/de\/wp-content\/uploads\/sites\/25\/2025\/10\/fortinet-accelerate-header-2026-768x173.jpg 768w, https:\/\/www.infinigate.com\/de\/wp-content\/uploads\/sites\/25\/2025\/10\/fortinet-accelerate-header-2026-1536x347.jpg 1536w\" sizes=\"auto, (max-width: 1900px) 100vw, 1900px\" \/><\/figure>\n\n\n<section class=\"media-content wp-block media-content--right media-content--media-type--image has-gray-25-background-color has-background alignfull\">\r\n    <div class=\"media-content__inner\">\r\n        <div class=\"media-content__content\">\r\n                                <h2 class=\"media-content__heading\">Lieber Fortinet Partner<\/h2>\r\n            \r\n            \r\n            <p>In 2026 kehrt die Fortinet ACCELERATE nach Las Vegas zur\u00fcck. Wir laden Sie herzlich ein, Teil eines ganz besonderen Business-Events in Las Vegas zu werden \u2013 mit einem Rahmenprogramm, das Networking, Inspiration und exklusive Erlebnisse perfekt verbindet.<br \/>\nFreuen Sie sich vom <strong>09. M\u00e4rz 2026 bis zum 12. M\u00e4rz 2026<\/strong> auf ein vielseitiges Programm, bei dem nicht nur der gesch\u00e4ftliche Austausch, sondern auch au\u00dfergew\u00f6hnliche Show-Highlights und kulinarische Gen\u00fcsse im Mittelpunkt stehen.<\/p>\n\r\n                    <\/div>\r\n\r\n                    <div class=\"media-content__media\">\r\n                <img loading=\"lazy\" decoding=\"async\" width=\"625\" height=\"625\" src=\"https:\/\/www.infinigate.com\/de\/wp-content\/uploads\/sites\/25\/2025\/10\/fortinet-accelerate-2026.jpg?ver=1761301767\" class=\"attachment-super size-super\" alt=\"Fortinet ACCELERATE 2026\" sizes=\"auto, (max-width: 768px) 100vw, 50vw\" srcset=\"https:\/\/www.infinigate.com\/de\/wp-content\/uploads\/sites\/25\/2025\/10\/fortinet-accelerate-2026.jpg 625w, https:\/\/www.infinigate.com\/de\/wp-content\/uploads\/sites\/25\/2025\/10\/fortinet-accelerate-2026-300x300.jpg 300w, https:\/\/www.infinigate.com\/de\/wp-content\/uploads\/sites\/25\/2025\/10\/fortinet-accelerate-2026-150x150.jpg 150w\" \/>            <\/div>\r\n            <\/div>\r\n<\/section>\r\n\n\n    <section class=\"cards wp-block animate cards--columns-2 cards--type--default alignwide\">\n        <div class=\"cards__inner\">\n                            <div class=\"cards__header\">\n                                                <h2 class=\"cards__heading has--heading-border\"><p>Was Sie <strong style=\"font-weight: 400\">erwartet<\/strong><\/p>\n<\/h2>\r\n                    \n                    \n                                    <\/div>\n            \n            <div class=\"cards__items\">\n                \n                \n                <article class=\"g-card animate-element has-white-background-color has-background has-image g-card--type--custom\">\r\n        <div class=\"g-card__inner\">\r\n                \r\n\r\n                                        <div class=\"g-card__header\">\r\n                    \r\n\r\n                        <h2 class=\"g-card__heading\">Weltbekannte Shows<\/h2>\r\n                    \r\n                                            <div class=\"g-card__content\">\r\n                            <p>Abende in weltbekannten Shows auf dem Las Vegas Strip<\/p>\n                        <\/div>\r\n                    \r\n                    \r\n                                    <\/div>\r\n            \r\n            \r\n            \r\n            \r\n\r\n\r\n\r\n            \r\n            \r\n                <\/div>\r\n    \r\n            <div class=\"g-card__image\">\r\n                        <div class=\"g-card__image-inner img-fit\">\r\n                <img loading=\"lazy\" decoding=\"async\" width=\"500\" height=\"333\" src=\"https:\/\/www.infinigate.com\/de\/wp-content\/uploads\/sites\/25\/2025\/10\/fortinet-accelerate-las-vegas-2026.jpg?ver=1761302276\" class=\"attachment-medium_large size-medium_large\" alt=\"Fortinet ACCELERATE Las Vegas 2026\" srcset=\"https:\/\/www.infinigate.com\/de\/wp-content\/uploads\/sites\/25\/2025\/10\/fortinet-accelerate-las-vegas-2026.jpg 500w, https:\/\/www.infinigate.com\/de\/wp-content\/uploads\/sites\/25\/2025\/10\/fortinet-accelerate-las-vegas-2026-300x200.jpg 300w\" sizes=\"auto, (max-width: 500px) 100vw, 500px\" \/>            <\/div>\r\n            \r\n                    <\/div>\r\n    \r\n    <\/article>\r\n<article class=\"g-card animate-element has-white-background-color has-background has-image g-card--type--custom\">\r\n        <div class=\"g-card__inner\">\r\n                \r\n\r\n                                        <div class=\"g-card__header\">\r\n                    \r\n\r\n                        <h2 class=\"g-card__heading\">Dinner-Erlebnisse<\/h2>\r\n                    \r\n                                            <div class=\"g-card__content\">\r\n                            <p>Gemeinsame Dinner-Erlebnisse in erstklassigen Restaurants<\/p>\n                        <\/div>\r\n                    \r\n                    \r\n                                    <\/div>\r\n            \r\n            \r\n            \r\n            \r\n\r\n\r\n\r\n            \r\n            \r\n                <\/div>\r\n    \r\n            <div class=\"g-card__image\">\r\n                        <div class=\"g-card__image-inner img-fit\">\r\n                <img loading=\"lazy\" decoding=\"async\" width=\"500\" height=\"333\" src=\"https:\/\/www.infinigate.com\/de\/wp-content\/uploads\/sites\/25\/2025\/10\/fortinet-accelerate-partner-dinner.jpg?ver=1761302576\" class=\"attachment-medium_large size-medium_large\" alt=\"Fortinet ACCELERATE Partner Dinner 2026\" srcset=\"https:\/\/www.infinigate.com\/de\/wp-content\/uploads\/sites\/25\/2025\/10\/fortinet-accelerate-partner-dinner.jpg 500w, https:\/\/www.infinigate.com\/de\/wp-content\/uploads\/sites\/25\/2025\/10\/fortinet-accelerate-partner-dinner-300x200.jpg 300w\" sizes=\"auto, (max-width: 500px) 100vw, 500px\" \/>            <\/div>\r\n            \r\n                    <\/div>\r\n    \r\n    <\/article>\r\n<article class=\"g-card animate-element has-white-background-color has-background has-image g-card--type--custom\">\r\n        <div class=\"g-card__inner\">\r\n                \r\n\r\n                                        <div class=\"g-card__header\">\r\n                    \r\n\r\n                        <h2 class=\"g-card__heading\">Networking<\/h2>\r\n                    \r\n                                            <div class=\"g-card__content\">\r\n                            <p>Gelegenheit zum entspannten Networking in exklusivem Ambiente<\/p>\n                        <\/div>\r\n                    \r\n                    \r\n                                    <\/div>\r\n            \r\n            \r\n            \r\n            \r\n\r\n\r\n\r\n            \r\n            \r\n                <\/div>\r\n    \r\n            <div class=\"g-card__image\">\r\n                        <div class=\"g-card__image-inner img-fit\">\r\n                <img loading=\"lazy\" decoding=\"async\" width=\"500\" height=\"333\" src=\"https:\/\/www.infinigate.com\/de\/wp-content\/uploads\/sites\/25\/2025\/10\/fortinet-accelerate-networking.jpg?ver=1761303418\" class=\"attachment-medium_large size-medium_large\" alt=\"Fortinet ACCELERATE 2026 Networking\" srcset=\"https:\/\/www.infinigate.com\/de\/wp-content\/uploads\/sites\/25\/2025\/10\/fortinet-accelerate-networking.jpg 500w, https:\/\/www.infinigate.com\/de\/wp-content\/uploads\/sites\/25\/2025\/10\/fortinet-accelerate-networking-300x200.jpg 300w\" sizes=\"auto, (max-width: 500px) 100vw, 500px\" \/>            <\/div>\r\n            \r\n                    <\/div>\r\n    \r\n    <\/article>\r\n<article class=\"g-card animate-element has-white-background-color has-background has-image g-card--type--custom\">\r\n        <div class=\"g-card__inner\">\r\n                \r\n\r\n                                        <div class=\"g-card__header\">\r\n                    \r\n\r\n                        <h2 class=\"g-card__heading\">Freizeitaktivit\u00e4ten<\/h2>\r\n                    \r\n                                            <div class=\"g-card__content\">\r\n                            <p>Geplante Freizeitaktivit\u00e4ten mit Wow-Faktor<\/p>\n                        <\/div>\r\n                    \r\n                    \r\n                                    <\/div>\r\n            \r\n            \r\n            \r\n            \r\n\r\n\r\n\r\n            \r\n            \r\n                <\/div>\r\n    \r\n            <div class=\"g-card__image\">\r\n                        <div class=\"g-card__image-inner img-fit\">\r\n                <img loading=\"lazy\" decoding=\"async\" width=\"500\" height=\"333\" src=\"https:\/\/www.infinigate.com\/de\/wp-content\/uploads\/sites\/25\/2025\/10\/fortinet-accelerate-aktivitaeten.jpg?ver=1761303741\" class=\"attachment-medium_large size-medium_large\" alt=\"Fortinet ACCELERATE 2026 Aktivit\u00e4ten\" srcset=\"https:\/\/www.infinigate.com\/de\/wp-content\/uploads\/sites\/25\/2025\/10\/fortinet-accelerate-aktivitaeten.jpg 500w, https:\/\/www.infinigate.com\/de\/wp-content\/uploads\/sites\/25\/2025\/10\/fortinet-accelerate-aktivitaeten-300x200.jpg 300w\" sizes=\"auto, (max-width: 500px) 100vw, 500px\" \/>            <\/div>\r\n            \r\n                    <\/div>\r\n    \r\n    <\/article>\r\n            <\/div>\n\n            \n                <\/section>\n\n\n\n<style>\nbody .gform_wrapper label,\nbody .gform_wrapper .gfield_description,\nbody .gform_wrapper .gsection_title,\nbody .gform_wrapper .gform_title,\nbody .gform_wrapper .gform_heading,\nbody .gform_wrapper span,\nbody .gform_wrapper p,\nbody .gform_wrapper .gfield_label,\nbody .gform_wrapper .gfield_label span,\nbody .gform_wrapper .gfield_required {\n    color: #ffffff !important;\n}\nbody .gform_wrapper input[type=\"text\"],\nbody .gform_wrapper input[type=\"email\"],\nbody .gform_wrapper input[type=\"tel\"],\nbody .gform_wrapper input[type=\"number\"],\nbody .gform_wrapper input[type=\"url\"],\nbody .gform_wrapper input[type=\"password\"],\nbody .gform_wrapper textarea,\nbody .gform_wrapper select {\n    color: #000000 !important;\n    background-color: #ffffff !important;\n}\nbody .gform_wrapper input::placeholder,\nbody .gform_wrapper textarea::placeholder {\n    color: #555555 !important;\n}\n<\/style>\n\n\n\n<p><\/p>\n\n\n\n<div class=\"wp-block-group alignfull has-blue-background-color has-background is-layout-constrained wp-block-group-is-layout-constrained\">\n<div class=\"wp-block-columns is-layout-flex wp-container-core-columns-is-layout-9d6595d7 wp-block-columns-is-layout-flex\">\n<div class=\"wp-block-column is-layout-flow wp-block-column-is-layout-flow\">\n<h2 class=\"wp-block-heading is-style-border-left wp-block-heading\" id=\"h-veranstaltungsort\">Veranstaltungsort<\/h2>\n\n\n\n<p><strong>Las Vegas<\/strong>, Nevada | 09. &#8211; 12. M\u00e4rz 2026<\/p>\n\n\n\n<p>Genie\u00dfen Sie inspirierende Gespr\u00e4che, neue Kontakte und bleibende Eindr\u00fccke \u2013 in der Stadt, die niemals schl\u00e4ft.<\/p>\n\n\n\n<p>Wir freuen uns darauf, gemeinsam mit Ihnen unvergessliche Tage in Las Vegas zu verbringen!<\/p>\n\n\n\n<p><strong>Unser Rahmenprogramm f\u00fcr die Fortinet ACCELERATE 2026 ist ausgebucht.<\/strong><\/p>\n\n\n\n<p><strong>Mit den besten Gr\u00fc\u00dfen<\/strong><br>Ihr Infinigate Team<\/p>\n\n\n\n<figure class=\"wp-block-image size-full\"><img decoding=\"async\" src=\"https:\/\/www.infinigate.com\/de\/wp-content\/uploads\/sites\/25\/2025\/10\/Fortinet-ACCELERATE_form_2.jpg\" alt=\"\" class=\"wp-image-33003\"\/><\/figure>\n<\/div>\n<\/div>\n<\/div>\n\n\n\n\n    <section style=\"--content-grid--columns: 2;\" class=\"content-grid wp-block animate content-grid--2-columns alignfull\">\r\n        <div class=\"content-grid__inner\">\r\n            \r\n\r\n                                <h2 class=\"content-grid__heading has--heading-border\">Agenda<\/h2>\r\n            \r\n\r\n            \r\n                    \r\n                                                    \r\n                    \r\n                                                                        <div class=\"content-grid__items\">\r\n                                                                            <div class=\"content-grid__item has-background has-gray-25-background-color\">\r\n                                            \r\n                                                \r\n                                        \r\n                                                                                        <h3 class=\"content-grid__item__heading\">Montag, 09. M\u00e4rz<\/h3>\r\n                                        \r\n                                                                        <div class=\" content-grid__item__subheading\">\r\n                                            <p><strong>Ab 17:00 Uhr<\/strong><\/p>\n<ul>\n<li>Besuch der SPHERE &amp; Show<\/li>\n<li>Anschlie\u00dfend Dinner (italienisch)<\/li>\n<li>Abendausklang in einer Bar<\/li>\n<\/ul>\n                                <\/div>\r\n                                        \r\n                                        \r\n                        <\/div>\r\n                                                                            <div class=\"content-grid__item has-background has-gray-25-background-color\">\r\n                                            \r\n                                                \r\n                                        \r\n                                                                                        <h3 class=\"content-grid__item__heading\">Dienstag, 10. M\u00e4rz<\/h3>\r\n                                        \r\n                                                                        <div class=\" content-grid__item__subheading\">\r\n                                            <ul>\n<li>Fortinets <em>German Night<\/em> f\u00fcr alle deutschen Partner<\/li>\n<li>Weitere Infos erhalten Sie <a href=\"https:\/\/events.fortinet.com\/accelerate_2026_GN?i=Pz5UfdxP8Y7FzjAq-rQM1BtJFFYeDeAz\" target=\"_blank\" rel=\"noopener\">hier<\/a><\/li>\n<\/ul>\n<p>&nbsp;<\/p>\n                                <\/div>\r\n                                        \r\n                                                                        <div class=\"content-grid__item__link\">\r\n                                                <a rel=\"noopener\" href=\"https:\/\/events.fortinet.com\/accelerate_2026_GN?i=Pz5UfdxP8Y7FzjAq-rQM1BtJFFYeDeAz\" target=\"_blank\" class=\"g-button--arrow\">\r\n                Zur Anmeldung            <\/a>\r\n                                <\/div>\r\n                                        \r\n                        <\/div>\r\n                                                                            <div class=\"content-grid__item has-background has-gray-25-background-color\">\r\n                                            \r\n                                                \r\n                                        \r\n                                                                                        <h3 class=\"content-grid__item__heading\">Mittwoch, 11. M\u00e4rz<\/h3>\r\n                                        \r\n                                                                        <div class=\" content-grid__item__subheading\">\r\n                                            <p><strong>Ab 17:30 Uhr<\/strong><\/p>\n<ul>\n<li>Gemeinsames Dinner (Burger)<\/li>\n<li>Zwei Shows zur Auswahl<\/li>\n<\/ul>\n                                <\/div>\r\n                                        \r\n                                        \r\n                        <\/div>\r\n                                                                            <div class=\"content-grid__item has-background has-gray-25-background-color\">\r\n                                            \r\n                                                \r\n                                        \r\n                                                                                        <h3 class=\"content-grid__item__heading\">Donnerstag, 12. M\u00e4rz<\/h3>\r\n                                        \r\n                                                                        <div class=\" content-grid__item__subheading\">\r\n                                            <ul>\n<li>Fortinets offizielle <em>Accelerate Closing Party<\/em><\/li>\n<li>Weitere Infos folgen von Fortinet<\/li>\n<\/ul>\n                                <\/div>\r\n                                        \r\n                                        \r\n                        <\/div>\r\n                                                    <\/div>\r\n                                    <\/div>\r\n    <\/section>\r\n\n\n\n<div class=\"wp-block-cover alignwide is-light has-parallax is-repeated\" id=\"kontaktieren\"><div class=\"wp-block-cover__image-background wp-image-1065 has-parallax is-repeated\" style=\"background-position:50% 50%;background-image:url(https:\/\/infinigatecdev.wpengine.com\/wp-content\/uploads\/2023\/02\/background-texture-2.jpg)\"><\/div><span aria-hidden=\"true\" class=\"wp-block-cover__background has-blue-background-color has-background-dim-0 has-background-dim\"><\/span><div class=\"wp-block-cover__inner-container is-layout-constrained wp-block-cover-is-layout-constrained\">\n<div class=\"wp-block-columns has-blue-background-color has-background is-layout-flex wp-container-core-columns-is-layout-9d6595d7 wp-block-columns-is-layout-flex\">\n<div class=\"wp-block-column is-layout-flow wp-block-column-is-layout-flow\" style=\"flex-basis:66.66%\">\n<h3 class=\"wp-block-heading has-text-align-left has-white-color has-text-color has-link-color wp-elements-b90588a707c44853b84905742e2e2e62\" id=\"h-sie-haben-vorab-fragen-zur-fortinet-accelerate-2026\">Sie haben vorab Fragen zur Fortinet <strong>ACCELERATE 2026?<\/strong><\/h3>\n\n\n\n<p>Unser Fortinet Team ist gerne f\u00fcr Sie da.<\/p>\n<\/div>\n\n\n\n<div class=\"wp-block-column is-vertically-aligned-center is-layout-flow wp-block-column-is-layout-flow\" style=\"flex-basis:33.33%\">\n<p class=\"has-text-align-center has-white-color has-text-color has-link-color wp-elements-3bff0a85ee5e907d55a7d0ec47382806\">E-Mail: <a href=\"mailto:Rieke.Bredehoeft@infinigate.de\">Rieke.Bredehoeft@infinigate.de<\/a><br>Tel: <a href=\"tel:+4940237301526\">+49 40 237 301 526<\/a><\/p>\n\n\n\n<div class=\"wp-block-buttons is-content-justification-center is-layout-flex wp-container-core-buttons-is-layout-16018d1d wp-block-buttons-is-layout-flex\">\n<div class=\"wp-block-button\"><a class=\"wp-block-button__link wp-element-button\" href=\"mailto:rieke.bredehoeft@infinigate.de\">Jetzt kontaktieren<\/a><\/div>\n<\/div>\n<\/div>\n<\/div>\n<\/div><\/div>\n","protected":false},"excerpt":{"rendered":"<p>Veranstaltungsort Las Vegas, Nevada | 09. &#8211; 12. M\u00e4rz 2026 Genie\u00dfen Sie inspirierende Gespr\u00e4che, neue Kontakte und bleibende Eindr\u00fccke \u2013&hellip;<\/p>\n","protected":false},"author":43,"featured_media":0,"parent":17392,"menu_order":0,"comment_status":"closed","ping_status":"closed","template":"","meta":{"_acf_changed":false,"footnotes":""},"folder":[476],"class_list":["post-32923","page","type-page","status-publish","hentry"],"acf":[],"distributor_meta":false,"distributor_terms":false,"distributor_media":false,"distributor_original_site_name":"Infinigate | Deutschland","distributor_original_site_url":"https:\/\/www.infinigate.com\/de","push-errors":false,"_links":{"self":[{"href":"https:\/\/www.infinigate.com\/de\/wp-json\/wp\/v2\/pages\/32923","targetHints":{"allow":["GET"]}}],"collection":[{"href":"https:\/\/www.infinigate.com\/de\/wp-json\/wp\/v2\/pages"}],"about":[{"href":"https:\/\/www.infinigate.com\/de\/wp-json\/wp\/v2\/types\/page"}],"author":[{"embeddable":true,"href":"https:\/\/www.infinigate.com\/de\/wp-json\/wp\/v2\/users\/43"}],"replies":[{"embeddable":true,"href":"https:\/\/www.infinigate.com\/de\/wp-json\/wp\/v2\/comments?post=32923"}],"version-history":[{"count":0,"href":"https:\/\/www.infinigate.com\/de\/wp-json\/wp\/v2\/pages\/32923\/revisions"}],"up":[{"embeddable":true,"href":"https:\/\/www.infinigate.com\/de\/wp-json\/wp\/v2\/pages\/17392"}],"wp:attachment":[{"href":"https:\/\/www.infinigate.com\/de\/wp-json\/wp\/v2\/media?parent=32923"}],"wp:term":[{"taxonomy":"folder","embeddable":true,"href":"https:\/\/www.infinigate.com\/de\/wp-json\/wp\/v2\/folder?post=32923"}],"curies":[{"name":"wp","href":"https:\/\/api.w.org\/{rel}","templated":true}]}}