{"id":33089,"date":"2025-10-16T12:33:13","date_gmt":"2025-10-16T10:33:13","guid":{"rendered":"https:\/\/www.infinigate.com\/de\/?page_id=33089"},"modified":"2025-11-18T12:31:03","modified_gmt":"2025-11-18T11:31:03","slug":"infinigate-sophos-msp-roadshow-2025","status":"publish","type":"page","link":"https:\/\/www.infinigate.com\/de\/lp\/h\/sophos\/infinigate-sophos-msp-roadshow-2025\/","title":{"rendered":"Infinigate &#038; Sophos MSP Roadshow 2025"},"content":{"rendered":"\n<figure class=\"wp-block-image alignwide size-full\"><img loading=\"lazy\" decoding=\"async\" width=\"1024\" height=\"400\" src=\"https:\/\/www.infinigate.com\/de\/wp-content\/uploads\/sites\/25\/2025\/11\/sophos-msp-roadshow-2025.jpg\" alt=\"sophos msp roadshow\" class=\"wp-image-34549\" srcset=\"https:\/\/www.infinigate.com\/de\/wp-content\/uploads\/sites\/25\/2025\/11\/sophos-msp-roadshow-2025.jpg 1024w, https:\/\/www.infinigate.com\/de\/wp-content\/uploads\/sites\/25\/2025\/11\/sophos-msp-roadshow-2025-300x117.jpg 300w, https:\/\/www.infinigate.com\/de\/wp-content\/uploads\/sites\/25\/2025\/11\/sophos-msp-roadshow-2025-768x300.jpg 768w\" sizes=\"auto, (max-width: 1024px) 100vw, 1024px\" \/><\/figure>\n\n\n\n<br>\n\n\n\n<h2 class=\"wp-block-heading alignwide is-style-border-left wp-block-heading\" id=\"h-skalierbare-it-services-strategien-amp-losungsansatze-fur-ihren-weg-zum-msp-level-2-0\">Skalierbare IT-Services, Strategien &amp; L\u00f6sungsans\u00e4tze<br>f\u00fcr Ihren Weg zum MSP-Level 2.0.<\/h2>\n\n\n\n<div class=\"wp-block-columns is-layout-flex wp-container-core-columns-is-layout-9d6595d7 wp-block-columns-is-layout-flex\">\n<div class=\"wp-block-column is-layout-flow wp-block-column-is-layout-flow\">\n<p>Entdecken Sie neue Potenziale f\u00fcr Ihr MSP-Business \u2013 kompakt, praxisnah und mit klarem Fokus auf Ihren Vertriebserfolg! <br><br>Im Rahmen unserer regionalen MSP Roadshow mit Workshop-Charakter zeigen wir Ihnen, wie Sie mit den richtigen Tools, Services und Strategien Ihr<strong> Tagesgesch\u00e4ft effizienter gestalten<\/strong>, Ihre <strong>Kundenbindung st\u00e4rken<\/strong> und gezielt <strong>Cross-Selling-Chancen nutzen<\/strong> k\u00f6nnen.&nbsp;<\/p>\n\n\n\n<p>Als <strong>Sophos Authorized und Silver Partner<\/strong> erwarten Sie exklusive Einblicke in <strong>erfolgreiche MSP-Modelle<\/strong>, technologische <strong>Best Practices<\/strong>, <strong>Strategie-Impulse<\/strong> und <strong>erprobte Vertriebskonzepte<\/strong>. In einem Mix aus Business- und Technik-Track geben wir Ihnen praxisrelevantes Wissen an die Hand \u2013 direkt anwendbar und abgestimmt auf Ihre Anforderungen. Mit uns erfahren Sie, wie Sie Ihr MSP-Business strategisch weiterentwickeln und sich Schritt f\u00fcr Schritt <strong>zum Gold Partner qualifizieren k\u00f6nnen<\/strong>!&nbsp;<br><br>Nutzen Sie au\u00dferdem die Gelegenheit zum pers\u00f6nlichen Austausch mit unseren Expert*innen, dem Sophos-Team sowie anderen MSPs aus der Region.&nbsp;<\/p>\n<\/div>\n\n\n\n<div class=\"wp-block-column is-layout-flow wp-block-column-is-layout-flow\">\n<figure class=\"wp-block-image size-full\"><img loading=\"lazy\" decoding=\"async\" width=\"625\" height=\"625\" src=\"https:\/\/www.infinigate.com\/de\/wp-content\/uploads\/sites\/25\/2025\/11\/deutschlandkarte-msp-roadshow.jpg\" alt=\"Deutschlandkarte MSP Roadshow\" class=\"wp-image-34552\" srcset=\"https:\/\/www.infinigate.com\/de\/wp-content\/uploads\/sites\/25\/2025\/11\/deutschlandkarte-msp-roadshow.jpg 625w, https:\/\/www.infinigate.com\/de\/wp-content\/uploads\/sites\/25\/2025\/11\/deutschlandkarte-msp-roadshow-300x300.jpg 300w, https:\/\/www.infinigate.com\/de\/wp-content\/uploads\/sites\/25\/2025\/11\/deutschlandkarte-msp-roadshow-150x150.jpg 150w\" sizes=\"auto, (max-width: 625px) 100vw, 625px\" \/><\/figure>\n<\/div>\n<\/div>\n\n\n\n<div class=\"wp-block-columns alignwide has-blue-background-color has-background is-layout-flex wp-container-core-columns-is-layout-9d6595d7 wp-block-columns-is-layout-flex\">\n<div class=\"wp-block-column is-layout-flow wp-block-column-is-layout-flow\">\n<h2 class=\"wp-block-heading is-style-border-left wp-block-heading\" id=\"h-agenda-des-tages\">Agenda des Tages<\/h2>\n<\/div>\n<\/div>\n\n\n\n\n\n<div class=\"wp-block-columns has-grey-background-color has-background is-layout-flex wp-container-core-columns-is-layout-9d6595d7 wp-block-columns-is-layout-flex\">\n<div class=\"wp-block-column is-layout-flow wp-block-column-is-layout-flow\" style=\"flex-basis:100%\">\n<figure class=\"wp-block-table alignwide\"><table><tbody><tr><td><strong>10.00 \u2013 10.30 Uhr&nbsp;<\/strong><\/td><td><strong>Welcome Breakfast &amp; Talk&nbsp;<\/strong><\/td><\/tr><tr><td><strong>ab 10.30 Uhr<\/strong><\/td><td><strong>1. Erfolgsmodell MSP \u2013 Die Blaupause f\u00fcr Ihren Einstieg<\/strong>&nbsp;<br>\u2022&nbsp;Warum jetzt der richtige Zeitpunkt f\u00fcr den MSP-Weg ist&nbsp;<br>\u2022&nbsp;Vom Reseller zum erfolgreichen MSP \u2013 Erfolgsstorys aus der Praxis&nbsp;<br>\u2022&nbsp;Technische Basis: RMM, PSA, ERP und CRM im Zusammenspiel&nbsp;<br>\u2022&nbsp;Ihr Wachstums-Booster: Zielgruppen, Herstellerfokus &amp; API-Integration richtig nutzen&nbsp;<br><strong>2. IT-Security as a Service \u2013 Ihr Portfolio mit Mehrwert<\/strong>&nbsp;<br>\u2022&nbsp;Security-as-a-Service: Firewall, Endpoint, XDR, MDR, Mail &amp; WiFi&nbsp;<br>\u2022&nbsp;Skalierbar, monatlich abrechenbar, kundenorientiert&nbsp;<br><strong>3. Vertrieb neu denken \u2013 IT-Services smart vermarkten<\/strong>&nbsp;<br>\u2022&nbsp;Neukunden &amp; Bestandskunden gezielt ansprechen&nbsp;<br>\u2022&nbsp;CRM, Cross-Selling, Upselling &amp; Empfehlungsmarketing clever nutzen&nbsp;<\/td><\/tr><tr><td><strong>12.00 \u2013 13.30 Uhr<\/strong><\/td><td><strong>Lunch-Break &amp; Networking<\/strong><\/td><\/tr><tr><td><strong>ab 13.30 Uhr<\/strong><\/td><td><strong>4. Technik &amp; Partnerschaften richtig einsetzen<\/strong>&nbsp;<br>\u2022&nbsp;Vom Alert zur L\u00f6sung: Automatisierung, Ticketsysteme &amp; Alarmhandling &nbsp;mit Sophos Central&nbsp;<br>\u2022&nbsp;Infinigate Partner-Services&nbsp;<br><strong>5. Abrechnung &amp; Vertragsmanagement automatisieren<\/strong>&nbsp;<br>\u2022&nbsp;ERP &amp; Vertragsmanagement als Schl\u00fcssel zum Erfolg&nbsp;<br>\u2022&nbsp;MSP-Vertr\u00e4ge korrekt und effizient abrechnen&nbsp;<br>\u2022&nbsp;API &amp; Tools f\u00fcr maximale Prozessautomatisierung&nbsp;<br><strong>6. Clevere Herstellerwahl f\u00fcr Ihr MSP-\u00d6kosystem<\/strong>&nbsp;<\/td><\/tr><tr><td><strong>15.30 \u2013 16.00 Uhr<\/strong><\/td><td><strong>Fragen, Insights und Visionen<\/strong><\/td><\/tr><\/tbody><\/table><\/figure>\n<\/div>\n<\/div>\n\n\n\n<h2 class=\"wp-block-heading alignwide is-style-border-left wp-block-heading\" id=\"h-ihre-chancen-das-business-voranzubringen-seien-sie-dabei\">Ihre Chancen, das Business voranzubringen. Seien Sie dabei.<\/h2>\n\n\n    <section class=\"cards wp-block animate cards--columns-2 cards--type--default alignfull\">\n        <div class=\"cards__inner\">\n            \n            <div class=\"cards__items\">\n                \n                \n                <article class=\"g-card animate-element has-white-background-color has-background has-image g-card--type--custom\">\r\n        <div class=\"g-card__inner\">\r\n                \r\n\r\n                                        <div class=\"g-card__header\">\r\n                    \r\n\r\n                    \r\n                                            <div class=\"g-card__content\">\r\n                            <h2><strong>N\u00fcrnberg<br \/>\n25. <\/strong><strong>11. <\/strong><strong>2025<\/strong><\/h2>\n<p><a href=\"https:\/\/www.scherauerhof.de\/kontakt\/\" target=\"_blank\" rel=\"noopener\"><strong>Scherauer Hof<\/strong><\/a><\/p>\n<p>Scherau 4<br \/>\n91227 Leinburg<\/p>\n<p>&nbsp;<\/p>\n<p>Ihre Anreise zum Event:<\/p>\n<h6>&gt;\u00a0<a href=\"https:\/\/www.scherauerhof.de\/kontakt\/\" target=\"_blank\" rel=\"noopener\">Anreise planen<\/a><\/h6>\n<h6>&gt;\u00a0<a href=\"https:\/\/www.google.com\/maps\/place\/data=!4m2!3m1!1s0x479f5f9bd7597015:0x2b9108269492afbc?sa=X&amp;ved=1t:8290&amp;ictx=111\" target=\"_blank\" rel=\"noopener\">Google Maps\u00a0<\/a><\/h6>\n<p><em>Details per E-Mail nach Anmeldung<\/em><\/p>\n                        <\/div>\r\n                    \r\n                    \r\n                                    <\/div>\r\n            \r\n            \r\n            \r\n            \r\n\r\n\r\n\r\n            \r\n            \r\n                <\/div>\r\n    \r\n            <div class=\"g-card__image\">\r\n                        <div class=\"g-card__image-inner img-fit\">\r\n                <img loading=\"lazy\" decoding=\"async\" width=\"410\" height=\"273\" src=\"https:\/\/www.infinigate.com\/de\/wp-content\/uploads\/sites\/25\/2025\/10\/sophos-msp-roadshow-2025-nuernberg-1.jpg\" class=\"attachment-medium_large size-medium_large\" alt=\"Sophos MSP Roadshow 2025 N\u00fcrnberg\" srcset=\"https:\/\/www.infinigate.com\/de\/wp-content\/uploads\/sites\/25\/2025\/10\/sophos-msp-roadshow-2025-nuernberg-1.jpg 410w, https:\/\/www.infinigate.com\/de\/wp-content\/uploads\/sites\/25\/2025\/10\/sophos-msp-roadshow-2025-nuernberg-1-300x200.jpg 300w\" sizes=\"auto, (max-width: 410px) 100vw, 410px\" \/>            <\/div>\r\n            \r\n                    <\/div>\r\n    \r\n    <\/article>\r\n<article class=\"g-card animate-element has-white-background-color has-background has-image g-card--type--custom\">\r\n        <div class=\"g-card__inner\">\r\n                \r\n\r\n                                        <div class=\"g-card__header\">\r\n                    \r\n\r\n                    \r\n                                            <div class=\"g-card__content\">\r\n                            <h2><strong>Sinsheim<br \/>\n26. <\/strong><strong>11. <\/strong><strong>2025<\/strong><\/h2>\n<p><a href=\"https:\/\/www.hotel-sinsheim.de\/de\/kontakt\/\" target=\"_blank\" rel=\"noopener\"><strong>Hotel Sinsheim<\/strong><\/a><\/p>\n<p>In der Au 25<br \/>\n74889 Sinsheim<\/p>\n<p>&nbsp;<\/p>\n<p>Ihre Anreise zum Event:<\/p>\n<h6>&gt;\u00a0<a href=\"https:\/\/www.hotel-sinsheim.de\/de\/kontakt\/\" target=\"_blank\" rel=\"noopener\">Anreise planen<\/a><\/h6>\n<h6>&gt;\u00a0<a href=\"https:\/\/maps.app.goo.gl\/WZsQYioVjGyfB9qa9\" target=\"_blank\" rel=\"noopener\">Google Maps\u00a0<\/a><\/h6>\n<p><em>Details per E-Mail nach Anmeldung<\/em><\/p>\n                        <\/div>\r\n                    \r\n                    \r\n                                    <\/div>\r\n            \r\n            \r\n            \r\n            \r\n\r\n\r\n\r\n            \r\n            \r\n                <\/div>\r\n    \r\n            <div class=\"g-card__image\">\r\n                        <div class=\"g-card__image-inner img-fit\">\r\n                <img loading=\"lazy\" decoding=\"async\" width=\"410\" height=\"273\" src=\"https:\/\/www.infinigate.com\/de\/wp-content\/uploads\/sites\/25\/2025\/10\/sophos-msp-roadshow-2025-sinsheim-1.jpg\" class=\"attachment-medium_large size-medium_large\" alt=\"Sophos MSP Roadshow 2025 Sinsheim\" srcset=\"https:\/\/www.infinigate.com\/de\/wp-content\/uploads\/sites\/25\/2025\/10\/sophos-msp-roadshow-2025-sinsheim-1.jpg 410w, https:\/\/www.infinigate.com\/de\/wp-content\/uploads\/sites\/25\/2025\/10\/sophos-msp-roadshow-2025-sinsheim-1-300x200.jpg 300w\" sizes=\"auto, (max-width: 410px) 100vw, 410px\" \/>            <\/div>\r\n            \r\n                    <\/div>\r\n    \r\n    <\/article>\r\n            <\/div>\n\n            \n                <\/section>\n\n\n\n\n\n\n\n\n\n\n\n\n\n<div class=\"wp-block-columns is-layout-flex wp-container-core-columns-is-layout-9d6595d7 wp-block-columns-is-layout-flex\">\n<div class=\"wp-block-column is-layout-flow wp-block-column-is-layout-flow\">\n<h2 class=\"wp-block-heading is-style-border-left wp-block-heading\" id=\"h-jetzt-anmelden-und-in-die-welt-der-managed-security-services-einsteigen\">Jetzt anmelden und in die Welt der Managed Security Services einsteigen! <\/h2>\n\n\n\n<p>Wir freuen uns auf eine informative halbt\u00e4gigen Infinigate &amp; Sophos MSP Roadshow mit spannenden Fachvortr\u00e4gen und viel Zeit zum Netzwerken.<\/p>\n<\/div>\n<\/div>\n\n\n\n<div\n        data-form-id='06a51668-7caa-f011-bbd2-7c1e52299058'\n        data-form-api-url='https:\/\/public-eur.mkt.dynamics.com\/api\/v1.0\/orgs\/57e681e6-87e4-ef11-b8e4-000d3a3a0446\/landingpageforms'\n        data-cached-form-url='https:\/\/assets1-eur.mkt.dynamics.com\/57e681e6-87e4-ef11-b8e4-000d3a3a0446\/digitalassets\/forms\/06a51668-7caa-f011-bbd2-7c1e52299058' ><\/div>\n        <script src = 'https:\/\/cxppusa1formui01cdnsa01-endpoint.azureedge.net\/eur\/FormLoader\/FormLoader.bundle.js' ><\/script>\n\n\n\n<br>\n\n\n\n<br>\n\n\n\n<div class=\"wp-block-cover alignwide\" id=\"kontakt\"><img loading=\"lazy\" decoding=\"async\" width=\"1920\" height=\"1080\" class=\"wp-block-cover__image-background wp-image-4092\" alt=\"\" src=\"https:\/\/www.infinigate.com\/de\/wp-content\/uploads\/sites\/25\/2024\/03\/Digital_Textures_V2.jpg\" data-object-fit=\"cover\" srcset=\"https:\/\/www.infinigate.com\/de\/wp-content\/uploads\/sites\/25\/2024\/03\/Digital_Textures_V2.jpg 1920w, https:\/\/www.infinigate.com\/de\/wp-content\/uploads\/sites\/25\/2024\/03\/Digital_Textures_V2-300x169.jpg 300w, https:\/\/www.infinigate.com\/de\/wp-content\/uploads\/sites\/25\/2024\/03\/Digital_Textures_V2-1024x576.jpg 1024w, https:\/\/www.infinigate.com\/de\/wp-content\/uploads\/sites\/25\/2024\/03\/Digital_Textures_V2-768x432.jpg 768w, https:\/\/www.infinigate.com\/de\/wp-content\/uploads\/sites\/25\/2024\/03\/Digital_Textures_V2-1536x864.jpg 1536w\" sizes=\"auto, (max-width: 1920px) 100vw, 1920px\" \/><span aria-hidden=\"true\" class=\"wp-block-cover__background has-blue-background-color has-background-dim-0 has-background-dim\"><\/span><div class=\"wp-block-cover__inner-container is-layout-constrained wp-block-cover-is-layout-constrained\">\n<div class=\"wp-block-columns is-layout-flex wp-container-core-columns-is-layout-9d6595d7 wp-block-columns-is-layout-flex\">\n<div class=\"wp-block-column is-layout-flow wp-block-column-is-layout-flow\" style=\"flex-basis:66.66%\">\n<h3 class=\"wp-block-heading has-text-align-left is-style-border-left has-white-color has-text-color has-link-color wp-elements-8d22944842501ed1cc24c71e812e315f\" id=\"h-kontakt-zum-sophosteam\">Kontakt zum SophosTeam<\/h3>\n\n\n\n<p>Unser Sophos Team unterst\u00fctzt Sie gerne bei Ihren vertrieblichen Anfragen, bei Pre-Sales Themen oder bei geplanten Marketing-Aktivit\u00e4ten.<\/p>\n<\/div>\n\n\n\n<div class=\"wp-block-column is-vertically-aligned-center is-layout-flow wp-block-column-is-layout-flow\" style=\"flex-basis:33.33%\">\n<p class=\"has-text-align-center has-white-color has-text-color has-link-color wp-elements-02d126327a5ff8b0a7db17cf00886f2d\" id=\"kontakt\"><a href=\"mailto:sophos@infinigate.de\" target=\"_blank\" rel=\"noreferrer noopener\">sophos@infinigate.de<br><\/a><a href=\"tel:+498989048388\">+49 89 89048-388<\/a><\/p>\n\n\n\n<div class=\"wp-block-buttons is-content-justification-center is-layout-flex wp-container-core-buttons-is-layout-16018d1d wp-block-buttons-is-layout-flex\">\n<div class=\"wp-block-button\"><a class=\"wp-block-button__link wp-element-button\" href=\"mailto:sophos@infinigate.de\" target=\"_blank\" rel=\"noreferrer noopener\">Kontakt aufnehmen<\/a><\/div>\n<\/div>\n<\/div>\n<\/div>\n<\/div><\/div>\n","protected":false},"excerpt":{"rendered":"<p>Skalierbare IT-Services, Strategien &amp; L\u00f6sungsans\u00e4tzef\u00fcr Ihren Weg zum MSP-Level 2.0. Entdecken Sie neue Potenziale f\u00fcr Ihr MSP-Business \u2013 kompakt, praxisnah&hellip;<\/p>\n","protected":false},"author":48,"featured_media":33102,"parent":11208,"menu_order":0,"comment_status":"closed","ping_status":"closed","template":"","meta":{"_acf_changed":false,"footnotes":""},"folder":[429],"class_list":["post-33089","page","type-page","status-publish","has-post-thumbnail","hentry"],"acf":[],"distributor_meta":false,"distributor_terms":false,"distributor_media":false,"distributor_original_site_name":"Infinigate | Deutschland","distributor_original_site_url":"https:\/\/www.infinigate.com\/de","push-errors":false,"_links":{"self":[{"href":"https:\/\/www.infinigate.com\/de\/wp-json\/wp\/v2\/pages\/33089","targetHints":{"allow":["GET"]}}],"collection":[{"href":"https:\/\/www.infinigate.com\/de\/wp-json\/wp\/v2\/pages"}],"about":[{"href":"https:\/\/www.infinigate.com\/de\/wp-json\/wp\/v2\/types\/page"}],"author":[{"embeddable":true,"href":"https:\/\/www.infinigate.com\/de\/wp-json\/wp\/v2\/users\/48"}],"replies":[{"embeddable":true,"href":"https:\/\/www.infinigate.com\/de\/wp-json\/wp\/v2\/comments?post=33089"}],"version-history":[{"count":0,"href":"https:\/\/www.infinigate.com\/de\/wp-json\/wp\/v2\/pages\/33089\/revisions"}],"up":[{"embeddable":true,"href":"https:\/\/www.infinigate.com\/de\/wp-json\/wp\/v2\/pages\/11208"}],"wp:featuredmedia":[{"embeddable":true,"href":"https:\/\/www.infinigate.com\/de\/wp-json\/wp\/v2\/media\/33102"}],"wp:attachment":[{"href":"https:\/\/www.infinigate.com\/de\/wp-json\/wp\/v2\/media?parent=33089"}],"wp:term":[{"taxonomy":"folder","embeddable":true,"href":"https:\/\/www.infinigate.com\/de\/wp-json\/wp\/v2\/folder?post=33089"}],"curies":[{"name":"wp","href":"https:\/\/api.w.org\/{rel}","templated":true}]}}