{"id":33741,"date":"2025-10-24T14:14:17","date_gmt":"2025-10-24T12:14:17","guid":{"rendered":"https:\/\/www.infinigate.com\/de\/?page_id=33741"},"modified":"2025-10-27T15:05:07","modified_gmt":"2025-10-27T14:05:07","slug":"microsoft-partner-updates-september-2025","status":"publish","type":"page","link":"https:\/\/www.infinigate.com\/de\/lp\/h\/microsoft\/microsoft-partner-updates-september-2025\/","title":{"rendered":"Microsoft Partner Updates \u2013 September 2025"},"content":{"rendered":"\n<h3 class=\"wp-block-heading alignwide wp-block-heading\" id=\"h-wichtige-neuerungen-fur-partner-september-2025\">Wichtige Neuerungen f\u00fcr Partner &#8211; September 2025<\/h3>\n\n\n\n<figure class=\"wp-block-image alignwide size-full\"><img loading=\"lazy\" decoding=\"async\" width=\"1280\" height=\"400\" src=\"https:\/\/www.infinigate.com\/de\/wp-content\/uploads\/sites\/25\/2025\/10\/microsoft-news-september.jpg\" alt=\"\" class=\"wp-image-33788\" srcset=\"https:\/\/www.infinigate.com\/de\/wp-content\/uploads\/sites\/25\/2025\/10\/microsoft-news-september.jpg 1280w, https:\/\/www.infinigate.com\/de\/wp-content\/uploads\/sites\/25\/2025\/10\/microsoft-news-september-300x94.jpg 300w, https:\/\/www.infinigate.com\/de\/wp-content\/uploads\/sites\/25\/2025\/10\/microsoft-news-september-1024x320.jpg 1024w, https:\/\/www.infinigate.com\/de\/wp-content\/uploads\/sites\/25\/2025\/10\/microsoft-news-september-768x240.jpg 768w\" sizes=\"auto, (max-width: 1280px) 100vw, 1280px\" \/><\/figure>\n\n\n\n<h2 class=\"wp-block-heading alignwide is-style-border-left wp-block-heading\" id=\"https:\/\/learn.microsoft.com\/en-us\/partner-center\/announcements\/2025-june-14\">Windows 10 Extended Security Updates (ESU) sind jetzt im CSP verf\u00fcgbar.<\/h2>\n\n\n\n<p>Ab dem 1. September 2025 sind die Extended Security Updates (ESU) f\u00fcr Windows 10 im Cloud Solution Provider (CSP)-Programm verf\u00fcgbar.<\/p>\n\n\n\n<p>Der Support f\u00fcr Windows 10 endet am 14. Oktober 2025. Mit dem ESU-Programm erhalten Kunden weiterhin monatliche kritische und wichtige Sicherheitsupdates.<\/p>\n\n\n\n<div class=\"wp-block-buttons is-layout-flex wp-block-buttons-is-layout-flex\">\n<div class=\"wp-block-button\"><a class=\"wp-block-button__link wp-element-button\" href=\"https:\/\/learn.microsoft.com\/de-de\/partner-center\/announcements\/2025-august\" target=\"_blank\" rel=\"noreferrer noopener\">Mehr erfahren<\/a><\/div>\n<\/div>\n\n\n\n<h2 class=\"wp-block-heading alignwide is-style-border-left wp-block-heading\" id=\"h-windows-10-supportende-was-bedeutet-das-fur-ihr-unternehmen\">Windows 10 &#8211; Supportende: Was bedeutet das f\u00fcr Ihr Unternehmen?<\/h2>\n\n\n\n<p>Lesen Sie unseren Artikel, um mehr \u00fcber die Auswirkungen des Support-Endes von Windows 10 zu erfahren, welche Schritte erforderlich sind und wie Infinigate Cloud Sie bei der Umstellung unterst\u00fctzen kann.<\/p>\n\n\n\n<div class=\"wp-block-buttons is-layout-flex wp-block-buttons-is-layout-flex\">\n<div class=\"wp-block-button\"><a class=\"wp-block-button__link wp-element-button\" href=\"https:\/\/www.infinigate.com\/de\/lp\/h\/microsoft\/microsoft-windows-10-end-of-life\/\" target=\"_blank\" rel=\"noreferrer noopener\">Mehr erfahren<\/a><\/div>\n<\/div>\n\n\n\n<h2 class=\"wp-block-heading alignwide is-style-border-left wp-block-heading\" id=\"h-ressourcen-zum-windows-10-esu-programm\">Ressourcen zum Windows 10-ESU-Programm<\/h2>\n\n\n\n<p>Microsoft stellt folgende Ressourcen zur Vorbereitung auf das Support-Ende bereit:<\/p>\n\n\n\n<ul class=\"wp-block-list alignwide\">\n<li><a href=\"https:\/\/aka.ms\/w10esu_PARTNER\" target=\"_blank\" rel=\"noreferrer noopener\">Windows 10 Extended Security Updates (ESU) Programm<\/a><\/li>\n\n\n\n<li><a href=\"https:\/\/learn.microsoft.com\/de-de\/partner-center\/customers\/extended-security-updates\" target=\"_blank\" rel=\"noreferrer noopener\">Erwerb von ESU-Lizenzen \u00fcber das CSP-Programm<\/a><\/li>\n\n\n\n<li><a href=\"https:\/\/learn.microsoft.com\/de-de\/windows\/whats-new\/extended-security-updates\" target=\"_blank\" rel=\"noreferrer noopener\">\u00dcberblick \u00fcber das ESU-Programm f\u00fcr Windows 10<\/a><\/li>\n<\/ul>\n\n\n\n<div class=\"wp-block-buttons is-layout-flex wp-block-buttons-is-layout-flex\">\n<div class=\"wp-block-button\"><a class=\"wp-block-button__link wp-element-button\" href=\"https:\/\/learn.microsoft.com\/de-de\/partner-center\/announcements\/2025-august#windows-10-extended-security-updates-esu-program\" target=\"_blank\" rel=\"noreferrer noopener\">Mehr erfahren<\/a><\/div>\n<\/div>\n\n\n\n<h2 class=\"wp-block-heading alignwide is-style-border-left wp-block-heading\" id=\"h-fy26-gtm-kick-off-inhalte-jetzt-als-on-demand-verfugbar\">FY26 GTM-Kick-off-Inhalte jetzt als On-Demand verf\u00fcgbar<\/h2>\n\n\n\n<ul class=\"wp-block-list alignwide\">\n<li><strong><a href=\"https:\/\/gtmfy26.msftevents.io\/home\" target=\"_blank\" rel=\"noreferrer noopener\">On-Demand-Sitzungen ansehen<\/a><\/strong><\/li>\n\n\n\n<li><strong><a href=\"https:\/\/cloudpartners.transform.microsoft.com\/fy26-gtm-resources\" target=\"_blank\" rel=\"noreferrer noopener\">Wichtige Ressourcen aus den Sessions abrufen<\/a><\/strong><\/li>\n<\/ul>\n\n\n\n<div class=\"wp-block-buttons is-layout-flex wp-block-buttons-is-layout-flex\">\n<div class=\"wp-block-button\"><a class=\"wp-block-button__link wp-element-button\" href=\"https:\/\/learn.microsoft.com\/en-us\/partner-center\/announcements\/2025-june#3\" target=\"_blank\" rel=\"noreferrer noopener\">Mehr erfahren<\/a><\/div>\n<\/div>\n\n\n\n<h2 class=\"wp-block-heading alignwide is-style-border-left wp-block-heading\" id=\"h-highlights-vom-mcaps-start-for-partners-2025\">Highlights vom MCAPS Start for Partners 2025<\/h2>\n\n\n\n<p>Nachfolgend finden Sie die wichtigsten Erkenntnisse vom Microsoft Customer and Partner Solutions (MCAPS) Start for Partners Event:<\/p>\n\n\n\n<div class=\"wp-block-buttons is-layout-flex wp-block-buttons-is-layout-flex\">\n<div class=\"wp-block-button\"><a class=\"wp-block-button__link wp-element-button\" href=\"https:\/\/techcommunity.microsoft.com\/blog\/partnernews\/highlights-from-mcaps-start-for-partners-2025\/4441318\" target=\"_blank\" rel=\"noreferrer noopener\">Mehr erfahren<\/a><\/div>\n<\/div>\n\n\n\n<h2 class=\"wp-block-heading is-style-border-left wp-block-heading\" id=\"h-monatliche-csp-updates-august\">Monatliche CSP-Updates \u2013 August<\/h2>\n\n\n\n<div class=\"wp-block-buttons is-layout-flex wp-block-buttons-is-layout-flex\">\n<div class=\"wp-block-button\"><a class=\"wp-block-button__link wp-element-button\" href=\"https:\/\/learn.microsoft.com\/de-de\/partner-center\/announcements\/2025-august#3\" target=\"_blank\" rel=\"noreferrer noopener\">Mehr erfahren<\/a><\/div>\n<\/div>\n\n\n\n<h2 class=\"wp-block-heading alignwide is-style-border-left wp-block-heading\" id=\"h-reminder-wichtige-sicherheitsmassnahmen-fur-partner\">Reminder: Wichtige Sicherheitsma\u00dfnahmen f\u00fcr Partner<\/h2>\n\n\n\n<ul class=\"wp-block-list\">\n<li>Durchsetzung von Multi-Faktor-Authentifizierung (MFA) im Microsoft 365 Admin Center<\/li>\n\n\n\n<li>Abschaltung von&nbsp;Graph.windows.net&nbsp;API-Tokens am 31. August 2025<\/li>\n\n\n\n<li>MFA-Pflicht f\u00fcr Partner Center Portal ab dem 30. August 2025<\/li>\n\n\n\n<li>Neuer Security Workspace AI Assistant im Partner Center verf\u00fcgbar<\/li>\n<\/ul>\n\n\n\n<div class=\"wp-block-buttons is-layout-flex wp-block-buttons-is-layout-flex\">\n<div class=\"wp-block-button\"><a class=\"wp-block-button__link wp-element-button\" href=\"https:\/\/learn.microsoft.com\/de-de\/partner-center\/announcements\/2025-august#monthly-update-important-actions-partners-need-to-take-to-secure-the-partner-ecosystem\" target=\"_blank\" rel=\"noreferrer noopener\">Mehr erfahren<\/a><\/div>\n<\/div>\n\n\n\n<h2 class=\"wp-block-heading alignwide is-style-border-left wp-block-heading\" id=\"h-microsoft-customer-agreement-mca-erneute-zustimmung-erforderlich\">Microsoft Customer Agreement (MCA) \u2013 Erneute Zustimmung erforderlich<\/h2>\n\n\n\n<p>Ab dem 7. Oktober 2025 werden Partner, die das MCA vor dem 1. April 2023 nur einmalig ohne sp\u00e4tere Erneuerung akzeptiert haben, von bestimmten Aktionen im Partner Center blockiert.<\/p>\n\n\n\n<p>So identifizieren Sie betroffene Kunden:<\/p>\n\n\n\n<ul class=\"wp-block-list\">\n<li>MCA-Bulk-Attestierungstool verwenden<\/li>\n\n\n\n<li>Banner im Kundenbereich des Partner Centers beachten<\/li>\n<\/ul>\n\n\n\n<p><strong>Hinweis:<\/strong><br>Die Aktualisierungsfunktion des Tools wird am 7. Oktober 2025 entfernt. Danach zeigt das Tool nur noch Kunden an, bei denen Handlungsbedarf besteht.<\/p>\n\n\n\n<p>Ab dem 5. Januar 2026 erfolgt die MCA-Attestierung ausschlie\u00dflich \u00fcber API oder \u00fcber die direkte Kundenakzeptanz im Microsoft 365 Admin Center.<\/p>\n\n\n\n<div class=\"wp-block-buttons is-layout-flex wp-block-buttons-is-layout-flex\">\n<div class=\"wp-block-button\"><a class=\"wp-block-button__link wp-element-button\" href=\"https:\/\/learn.microsoft.com\/de-de\/partner-center\/announcements\/2025-august#2\" target=\"_blank\" rel=\"noreferrer noopener\">Mehr erfahren<\/a><\/div>\n<\/div>\n\n\n\n<h2 class=\"wp-block-heading alignwide is-style-border-left wp-block-heading\" id=\"h-durchsetzung-der-por-api-neue-ressourcen-zur-vorbereitung\">Durchsetzung der POR-API \u2013 Neue Ressourcen zur Vorbereitung<\/h2>\n\n\n\n<p class=\"alignwide has-text-align-wide\">Ab dem 1. September 2025 wird die Validierung des Partner of Record (POR) \u00fcber API f\u00fcr alle neuen CSP-Bestellungen verpflichtend.<br>Transaktionen werden blockiert, wenn der zugewiesene indirekte Reseller nicht konform ist.<\/p>\n\n\n\n<p><strong>Voraussetzungen f\u00fcr Konformit\u00e4t:<\/strong><\/p>\n\n\n\n<ul class=\"wp-block-list\">\n<li>Aktiver CSP-Tenant mit zugeordnetem Partner Location Account (PLA ID, ehemals MPN ID)<\/li>\n\n\n\n<li>Akzeptieren der Microsoft Partnervereinbarung (MPA) f\u00fcr indirekte Reseller<\/li>\n\n\n\n<li>Zuordnung zu einem Distributor in der jeweiligen CSP-Region<\/li>\n<\/ul>\n\n\n\n<div class=\"wp-block-buttons is-layout-flex wp-block-buttons-is-layout-flex\">\n<div class=\"wp-block-button\"><a class=\"wp-block-button__link wp-element-button\" href=\"https:\/\/learn.microsoft.com\/de-de\/partner-center\/announcements\/2025-august#upcoming-enforcement-of-por-api-new-resources-to-support-partner-readiness\" target=\"_blank\" rel=\"noreferrer noopener\">Mehr erfahren<\/a><\/div>\n<\/div>\n\n\n\n<h2 class=\"wp-block-heading alignwide is-style-border-left wp-block-heading\" id=\"h-aktualisierung-des-microsoft-ai-cloud-partner-program-agreements\">Aktualisierung des Microsoft AI Cloud Partner Program Agreements<\/h2>\n\n\n\n<p>Die aktualisierte Vereinbarung tritt am 22. September 2025 automatisch f\u00fcr bestehende Partner in Kraft \u2013 es sind keine weiteren Ma\u00dfnahmen erforderlich.<\/p>\n\n\n\n<div class=\"wp-block-buttons is-layout-flex wp-block-buttons-is-layout-flex\">\n<div class=\"wp-block-button\"><a class=\"wp-block-button__link wp-element-button\" href=\"https:\/\/learn.microsoft.com\/de-de\/partner-center\/announcements\/2025-august#the-microsoft-ai-cloud-partner-program-agreement-is-being-updated\" target=\"_blank\" rel=\"noreferrer noopener\">Mehr erfahren<\/a><\/div>\n<\/div>\n\n\n\n<h2 class=\"wp-block-heading alignwide is-style-border-left wp-block-heading\" id=\"h-gpt-5-ist-jetzt-in-microsoft-365-copilot-amp-copilot-studio-verfugbar\">GPT-5 ist jetzt in Microsoft 365 Copilot &amp; Copilot Studio verf\u00fcgbar.<\/h2>\n\n\n\n<p>Ab dem 7. August 2025 erhalten alle Nutzer mit Microsoft 365 Copilot-Lizenz Zugriff auf GPT-5 im Copilot-Chat.<\/p>\n\n\n\n<p>Auch f\u00fcr Nutzer ohne Copilot-Lizenz beginnt am 7. August der gestaffelte Rollout .<\/p>\n\n\n\n<p>Copilot Studio unterst\u00fctzt nun GPT-5 f\u00fcr Agenten-Orchestrierung und benutzerdefinierte Prompt-Tools.<\/p>\n\n\n\n<div class=\"wp-block-buttons is-layout-flex wp-block-buttons-is-layout-flex\">\n<div class=\"wp-block-button\"><a class=\"wp-block-button__link wp-element-button\" href=\"https:\/\/www.microsoft.com\/de-de\/microsoft-365\/blog\/2025\/08\/07\/available-today-gpt-5-in-microsoft-365-copilot\/\" target=\"_blank\" rel=\"noreferrer noopener\">Mehr erfahren<\/a><\/div>\n<\/div>\n\n\n\n<h2 class=\"wp-block-heading is-style-border-left wp-block-heading\" id=\"h-neue-microsoft-copilot-spezialisierung\">Neue Microsoft Copilot Spezialisierung<\/h2>\n\n\n\n<p>Erwerben Sie die neue Spezialisierung, um Ihre Beratungs- und Servicekompetenz in den Bereichen Microsoft 365 Copilot, Copilot Chat, Copilot Studio und Agenten zu demonstrieren.<\/p>\n\n\n\n<div class=\"wp-block-buttons is-layout-flex wp-block-buttons-is-layout-flex\">\n<div class=\"wp-block-button\"><a class=\"wp-block-button__link wp-element-button\" href=\"https:\/\/partner.microsoft.com\/de-de\/partnership\/specialization\/microsoft-copilot\" target=\"_blank\" rel=\"noreferrer noopener\">Mehr erfahren<\/a><\/div>\n<\/div>\n\n\n\n<h2 class=\"wp-block-heading alignwide is-style-border-left wp-block-heading\" id=\"h-copilot-studio-amp-agenten-update-zur-kostenkontrolle\">Copilot Studio &amp; Agenten \u2013 Update zur Kostenkontrolle<\/h2>\n\n\n\n<p>Ab dem 1. September 2025 wird die Nutzungseinheit von \u201eNachrichten\u201c in \u201eCopilot Credits\u201c umbenannt \u2013 es handelt sich um eine reine Namens\u00e4nderung. Details finden Sie im Partner Alert:<\/p>\n\n\n\n<div class=\"wp-block-buttons is-layout-flex wp-block-buttons-is-layout-flex\">\n<div class=\"wp-block-button\"><a class=\"wp-block-button__link wp-element-button\" href=\"https:\/\/dynamicspartners.transform.microsoft.com\/download?assetname=assets%2FJuly%202025%20Partner%20Alert%20-%20Agent%20Cost%20Controls%20and%20Copilot%20Studio%20Update.pdf&amp;protected=0\" target=\"_blank\" rel=\"noreferrer noopener\">Mehr erfahren<\/a><\/div>\n<\/div>\n\n\n\n<h2 class=\"wp-block-heading is-style-border-left wp-block-heading\" id=\"h-neuer-conditional-access-optimization-agent\">Neuer Conditional Access Optimization Agent<\/h2>\n\n\n\n<p>Dieser neue Agent unterst\u00fctzt Microsoft 365 E3 + Security Copilot-Kunden bei der Sicherheitsoptimierung. Er schl\u00e4gt Zero-Trust-Richtlinien vor, erkennt redundante Regeln und erm\u00f6glicht KI-gest\u00fctzte Ein-Klick-Korrekturen \u2013 f\u00fcr mehr Effizienz im Security-Team.<\/p>\n\n\n\n<div class=\"wp-block-buttons is-layout-flex wp-block-buttons-is-layout-flex\">\n<div class=\"wp-block-button\"><a class=\"wp-block-button__link wp-element-button\" href=\"https:\/\/learn.microsoft.com\/de-de\/entra\/identity\/conditional-access\/agent-optimization\" target=\"_blank\" rel=\"noreferrer noopener\">Mehr erfahren<\/a><\/div>\n<\/div>\n\n\n\n<h2 class=\"wp-block-heading alignwide is-style-border-left wp-block-heading\" id=\"h-neue-dynamics-365-demos-fur-sales-service-amp-field-service\">Neue Dynamics 365 Demos f\u00fcr Sales, Service &amp; Field Service<\/h2>\n\n\n\n<ul class=\"wp-block-list\">\n<li><a href=\"https:\/\/app2.getreprise.com\/launch\/9yK8b6q\/\" target=\"_blank\" rel=\"noreferrer noopener\">Sales Transformation mit KI<\/a><\/li>\n\n\n\n<li><a href=\"https:\/\/app2.getreprise.com\/launch\/Ny7Da6w\/\" target=\"_blank\" rel=\"noreferrer noopener\">Service Transformation mit KI<\/a><\/li>\n\n\n\n<li><a href=\"https:\/\/app2.getreprise.com\/launch\/W68Pd6B\/\" target=\"_blank\" rel=\"noreferrer noopener\">Know Your Customer<\/a><\/li>\n\n\n\n<li><a href=\"https:\/\/app2.getreprise.com\/launch\/96m9v68\/\" target=\"_blank\" rel=\"noreferrer noopener\">Engage on Their Terms<\/a><\/li>\n\n\n\n<li>Demo:<a href=\"https:\/\/app2.getreprise.com\/launch\/b6OMkXo\/\" target=\"_blank\" rel=\"noreferrer noopener\">Deals schneller abschlie\u00dfen <\/a><\/li>\n\n\n\n<li><a href=\"https:\/\/app2.getreprise.com\/launch\/0XV2VXB\/\" target=\"_blank\" rel=\"noreferrer noopener\">Erfolgreiche Teams skalieren demo<\/a><\/li>\n<\/ul>\n\n\n\n<h2 class=\"wp-block-heading is-style-border-left wp-block-heading\" id=\"h-on-demand-verfugbar\">On-Demand verf\u00fcgbar:<\/h2>\n\n\n\n<ul class=\"wp-block-list\">\n<li><a href=\"https:\/\/www.skilling-hub.com\/en-US\/listing\/o::fy26_iw365_07\" target=\"_blank\" rel=\"noreferrer noopener\">Windows 365 Cloud PC Implementierung<\/a><\/li>\n\n\n\n<li><a href=\"https:\/\/readiness.transform.microsoft.com\/learning-path\/ed08079d-0859-43a3-a126-31c1651862ba\" target=\"_blank\" rel=\"noreferrer noopener\">Cloud Endpoints Sales Bootcamp<\/a><\/li>\n\n\n\n<li><a href=\"https:\/\/aka.ms\/ConvergedCommsLearningPath\" target=\"_blank\" rel=\"noreferrer noopener\">Converged Communications Technisches Bootcamp<\/a><\/li>\n\n\n\n<li><a href=\"https:\/\/levelupcspmwba.eventbuilder.com\/Bootcamp\" target=\"_blank\" rel=\"noreferrer noopener\">Level Up Q4 CSP Bootcamps<\/a><\/li>\n\n\n\n<li><a href=\"https:\/\/powerplatformpartners.transform.microsoft.com\/resources\/webinars\" target=\"_blank\" rel=\"noreferrer noopener\">Power Platform Community Calls<\/a><\/li>\n\n\n\n<li><a href=\"https:\/\/aka.ms\/PartnerSkilling\" target=\"_blank\" rel=\"noreferrer noopener\">Agents \u2013 Partner Skilling (Sales) &amp; Microsoft AI Agents Day<\/a><\/li>\n\n\n\n<li><a href=\"https:\/\/aka.ms\/PartnerSkilling\" target=\"_blank\" rel=\"noreferrer noopener\">SMB Sales Bootcamp<\/a><\/li>\n\n\n\n<li><a href=\"https:\/\/aka.ms\/PartnerSkilling\" target=\"_blank\" rel=\"noreferrer noopener\">Copilot Bootcamp f\u00fcr Vertriebspartner<\/a><\/li>\n\n\n\n<li><a href=\"https:\/\/www.skilling-hub.com\/en-US\/listing\/o::levelup::1719955\" target=\"_blank\" rel=\"noreferrer noopener\">CSP Practice Build: Threat Protection &amp; Data Security mit ME5<\/a><\/li>\n\n\n\n<li><a href=\"https:\/\/www.skilling-hub.com\/en-US\/listing\/o::FY24_Sdepth-FY25_SGCM365_03\" target=\"_blank\" rel=\"noreferrer noopener\">Microsoft 365 Copilot absichern und verwalten mit Microsoft Purview<\/a><\/li>\n<\/ul>\n\n\n\n<div class=\"wp-block-buttons is-layout-flex wp-block-buttons-is-layout-flex\">\n<div class=\"wp-block-button\"><a class=\"wp-block-button__link wp-element-button\" href=\"https:\/\/www.infinigate.com\/de\/lp\/h\/microsoft\/microsoft-news\/\">Zur\u00fcck zur Microsoft News \u00dcbersicht<\/a><\/div>\n<\/div>\n\n\n\n<div class=\"wp-block-cover alignwide\" id=\"kontakt\"><img loading=\"lazy\" decoding=\"async\" width=\"1920\" height=\"1080\" class=\"wp-block-cover__image-background wp-image-4092\" alt=\"\" src=\"https:\/\/www.infinigate.com\/de\/wp-content\/uploads\/sites\/25\/2024\/03\/Digital_Textures_V2.jpg\" data-object-fit=\"cover\" srcset=\"https:\/\/www.infinigate.com\/de\/wp-content\/uploads\/sites\/25\/2024\/03\/Digital_Textures_V2.jpg 1920w, https:\/\/www.infinigate.com\/de\/wp-content\/uploads\/sites\/25\/2024\/03\/Digital_Textures_V2-300x169.jpg 300w, https:\/\/www.infinigate.com\/de\/wp-content\/uploads\/sites\/25\/2024\/03\/Digital_Textures_V2-1024x576.jpg 1024w, https:\/\/www.infinigate.com\/de\/wp-content\/uploads\/sites\/25\/2024\/03\/Digital_Textures_V2-768x432.jpg 768w, https:\/\/www.infinigate.com\/de\/wp-content\/uploads\/sites\/25\/2024\/03\/Digital_Textures_V2-1536x864.jpg 1536w\" sizes=\"auto, (max-width: 1920px) 100vw, 1920px\" \/><span aria-hidden=\"true\" class=\"wp-block-cover__background has-blue-background-color has-background-dim-0 has-background-dim\"><\/span><div class=\"wp-block-cover__inner-container is-layout-constrained wp-block-cover-is-layout-constrained\">\n<div class=\"wp-block-columns is-layout-flex wp-container-core-columns-is-layout-9d6595d7 wp-block-columns-is-layout-flex\">\n<div class=\"wp-block-column is-layout-flow wp-block-column-is-layout-flow\" style=\"flex-basis:66.66%\">\n<h3 class=\"wp-block-heading has-text-align-left is-style-border-left has-white-color has-text-color has-link-color wp-elements-5a5930c6e925070bb2b4fb024ddee0df\" id=\"h-kontakt-zum-microsoft-team\">Kontakt zum Microsoft Team<\/h3>\n\n\n\n<p>Haben Sie Fragen zu einem der genannten Punkte? Dann wenden Sie sich bitte an Ihren <strong>Business Development Manager<\/strong>, rufen Sie uns an oder schreiben Sie uns:<\/p>\n<\/div>\n\n\n\n<div class=\"wp-block-column is-vertically-aligned-center is-layout-flow wp-block-column-is-layout-flow\" style=\"flex-basis:33.33%\">\n<p class=\"has-text-align-center has-white-color has-text-color has-link-color wp-elements-ff45b21d7ce4dc63fd349a753acab66b\"><a href=\"mailto:microsoft@infinigate.de\">microsoft@infinigate.de<br><\/a><a href=\"tel:+498989048580\">+49 89 89048-580<\/a><\/p>\n\n\n\n<div class=\"wp-block-buttons is-content-justification-center is-layout-flex wp-container-core-buttons-is-layout-16018d1d wp-block-buttons-is-layout-flex\">\n<div class=\"wp-block-button\"><a class=\"wp-block-button__link wp-element-button\" href=\"mailto:microsoft@infinigate.de\">Kontakt aufnehmen<\/a><\/div>\n<\/div>\n<\/div>\n<\/div>\n<\/div><\/div>\n","protected":false},"excerpt":{"rendered":"<p>Wichtige Neuerungen f\u00fcr Partner &#8211; September 2025 Windows 10 Extended Security Updates (ESU) sind jetzt im CSP verf\u00fcgbar. Ab dem&hellip;<\/p>\n","protected":false},"author":48,"featured_media":28735,"parent":17789,"menu_order":0,"comment_status":"closed","ping_status":"closed","template":"","meta":{"_acf_changed":false,"footnotes":""},"folder":[488],"class_list":["post-33741","page","type-page","status-publish","has-post-thumbnail","hentry"],"acf":[],"distributor_meta":false,"distributor_terms":false,"distributor_media":false,"distributor_original_site_name":"Infinigate | Deutschland","distributor_original_site_url":"https:\/\/www.infinigate.com\/de","push-errors":false,"_links":{"self":[{"href":"https:\/\/www.infinigate.com\/de\/wp-json\/wp\/v2\/pages\/33741","targetHints":{"allow":["GET"]}}],"collection":[{"href":"https:\/\/www.infinigate.com\/de\/wp-json\/wp\/v2\/pages"}],"about":[{"href":"https:\/\/www.infinigate.com\/de\/wp-json\/wp\/v2\/types\/page"}],"author":[{"embeddable":true,"href":"https:\/\/www.infinigate.com\/de\/wp-json\/wp\/v2\/users\/48"}],"replies":[{"embeddable":true,"href":"https:\/\/www.infinigate.com\/de\/wp-json\/wp\/v2\/comments?post=33741"}],"version-history":[{"count":0,"href":"https:\/\/www.infinigate.com\/de\/wp-json\/wp\/v2\/pages\/33741\/revisions"}],"up":[{"embeddable":true,"href":"https:\/\/www.infinigate.com\/de\/wp-json\/wp\/v2\/pages\/17789"}],"wp:featuredmedia":[{"embeddable":true,"href":"https:\/\/www.infinigate.com\/de\/wp-json\/wp\/v2\/media\/28735"}],"wp:attachment":[{"href":"https:\/\/www.infinigate.com\/de\/wp-json\/wp\/v2\/media?parent=33741"}],"wp:term":[{"taxonomy":"folder","embeddable":true,"href":"https:\/\/www.infinigate.com\/de\/wp-json\/wp\/v2\/folder?post=33741"}],"curies":[{"name":"wp","href":"https:\/\/api.w.org\/{rel}","templated":true}]}}