{"id":33911,"date":"2025-10-28T12:51:32","date_gmt":"2025-10-28T11:51:32","guid":{"rendered":"https:\/\/www.infinigate.com\/de\/?page_id=33911"},"modified":"2025-10-28T12:51:33","modified_gmt":"2025-10-28T11:51:33","slug":"neue-microsoft-defender-und-purview-add-ons","status":"publish","type":"page","link":"https:\/\/www.infinigate.com\/de\/lp\/h\/microsoft\/neue-microsoft-defender-und-purview-add-ons\/","title":{"rendered":"Neue Microsoft Defender- und Purview-Add-ons"},"content":{"rendered":"\n<figure class=\"wp-block-image alignwide size-full\"><img loading=\"lazy\" decoding=\"async\" width=\"1280\" height=\"400\" src=\"https:\/\/www.infinigate.com\/de\/wp-content\/uploads\/sites\/25\/2025\/10\/neue-microsoft-defender-und-purview-ddd-ons_2.jpg\" alt=\"Neue Microsoft Defender- und Purview-Add-ons\" class=\"wp-image-33917\" srcset=\"https:\/\/www.infinigate.com\/de\/wp-content\/uploads\/sites\/25\/2025\/10\/neue-microsoft-defender-und-purview-ddd-ons_2.jpg 1280w, https:\/\/www.infinigate.com\/de\/wp-content\/uploads\/sites\/25\/2025\/10\/neue-microsoft-defender-und-purview-ddd-ons_2-300x94.jpg 300w, https:\/\/www.infinigate.com\/de\/wp-content\/uploads\/sites\/25\/2025\/10\/neue-microsoft-defender-und-purview-ddd-ons_2-1024x320.jpg 1024w, https:\/\/www.infinigate.com\/de\/wp-content\/uploads\/sites\/25\/2025\/10\/neue-microsoft-defender-und-purview-ddd-ons_2-768x240.jpg 768w\" sizes=\"auto, (max-width: 1280px) 100vw, 1280px\" \/><\/figure>\n\n\n\n<p class=\"alignwide has-text-align-wide\">Viele kleine und mittelst\u00e4ndische Unternehmen (KMU) w\u00fcnschen sich Sicherheits- und Compliance-Funktionen auf Enterprise-Niveau. Doch die Investition in Microsoft 365 E5 war f\u00fcr viele preisbewusste Kunden bisher oft nicht realisierbar.<br><br>Durch die E5 Security und Compliance Add-ons wurden diese Funktionalit\u00e4ten f\u00fcr Business Premium gegen einen g\u00fcnstigeren Aufpreis zug\u00e4nglich gemacht. Microsoft hat nun drei neue Add-on Optionen speziell f\u00fcr Business Premium eingef\u00fchrt, die dieses Angebot f\u00fcr das KMU-Segment noch preislich attraktiver gestaltet.<br><br>Kunden k\u00f6nnen nun zwischen der<strong> Microsoft Defender Suite<\/strong>, der <strong>Microsoft Purview Suite<\/strong> oder einer <strong>Kombination aus beiden<\/strong> w\u00e4hlen. Von erweitertem Bedrohungsschutz und Endpunkterkennung bis hin zu Insider-Risiko-Management und Datenschutz \u2013 diese Add-ons bieten skalierbare Sicherheits- und Compliance-Funktionen, ohne dass ein vollst\u00e4ndiges E5-Abonnement erforderlich ist.<\/p>\n\n\n    <section style=\"--content-grid--columns: 2;\" class=\"content-grid wp-block animate content-grid--2-columns alignfull\">\r\n        <div class=\"content-grid__inner\">\r\n            \r\n\r\n            \r\n\r\n            \r\n                    \r\n                                                    \r\n                    \r\n                                                                        <div class=\"content-grid__items\">\r\n                                                                            <div class=\"content-grid__item has-background has-gray-200-background-color\">\r\n                                            \r\n                                                \r\n                                        \r\n                                                                                        <h3 class=\"content-grid__item__heading\">Microsoft Purview Suite f\u00fcr Business Premium &#8211; ab 9,40 \u20ac pro Benutzer\/Monat* <\/h3>\r\n                                        \r\n                                                                        <div class=\" content-grid__item__subheading\">\r\n                                            <p>Diese Suite fokussiert sich auf Governance und Compliance \u2013 ideal f\u00fcr Organisationen in regulierten Branchen (z. B. Gesundheitswesen, Finanzwesen, Recht, Bildung), die:<\/p>\n<ul>\n<li>mit sensiblen oder vertraulichen Daten arbeiten,<\/li>\n<li>sich auf Audits oder rechtliche Pr\u00fcfungen vorbereiten,<\/li>\n<li>Insider-Risiken managen oder Datenlecks verhindern m\u00f6chten.<\/li>\n<\/ul>\n<p><strong>Enthaltene Tools:<\/strong><\/p>\n<ul>\n<li>E5 Information Protection &amp; Governance \u2013 Klassifizierung und Kennzeichnung sensibler Daten, Vermeidung unbeabsichtigter Datenfreigaben<\/li>\n<li>E5 Insider Risk Management \u2013 Erkennung riskanter Verhaltensweisen und Kommunikations\u00fcberwachung<\/li>\n<\/ul>\n<p>E5 eDiscovery &amp; Audit \u2013 Tools f\u00fcr interne Untersuchungen, rechtliche Aufbewahrungspflichten und Audit-Trails sowie DLP, Nachrichtenverschl\u00fcsselung, Records Management und KI-gest\u00fctzte Daten\u00fcberwachung<\/p>\n                                <\/div>\r\n                                        \r\n                                        \r\n                        <\/div>\r\n                                                                            <div class=\"content-grid__item has-background has-gray-200-background-color\">\r\n                                            \r\n                                                \r\n                                        \r\n                                                                                        <h3 class=\"content-grid__item__heading\">Kombiniertes Paket: Microsoft Defender und Purview Suites for Microsoft 365 Business Premium &#8211; ab 14,00 \u20ac pro Benutzer\/Monat*<\/h3>\r\n                                        \r\n                                                                        <div class=\" content-grid__item__subheading\">\r\n                                            <p>Kunden sparen bis zu 68 %, da der Einzelkauf aller enthaltenen Lizenzen \u00fcber 40 \u20ac pro Nutzer und Monat kosten w\u00fcrde. Ein solches Bundle war bei den vergleichbaren E5 Add-Ons nicht gegeben. Dieses Paket bietet umfassende Sicherheits- und Compliance-Funktionen \u2013 und bleibt dennoch budgetfreundlich.<\/p>\n<p>*Die Preise basieren auf Jahreslizenzen mit j\u00e4hrlicher Zahlung und sind auf Monatswerte umgerechnet (Endkundenpreis).<\/p>\n                                <\/div>\r\n                                        \r\n                                        \r\n                        <\/div>\r\n                                                    <\/div>\r\n                                    <\/div>\r\n    <\/section>\r\n\n\n\n<h2 class=\"wp-block-heading is-style-border-left wp-block-heading\" id=\"h-die-suiten-im-uberblick\">Die Suiten im \u00dcberblick:<\/h2>\n\n\n\n<figure class=\"wp-block-table alignwide\"><table><tbody><tr><td><strong>Produktname<\/strong><\/td><td><strong>Microsoft<br>365 Business<br>Premium<\/strong><\/td><td><strong>Microsoft<br>Purview<br>Add-on<\/strong><\/td><td><strong>Microsoft<br>Defender<br>Add-On<\/strong><\/td><td><strong>Microsoft Defender and<br>Purview Add-Ons<\/strong><\/td><\/tr><tr><td>Exchange Online &#8211; Plan 1<\/td><td><strong>\u2713<\/strong><\/td><td><\/td><td><\/td><td><\/td><\/tr><tr><td>Exchange Online Archiving<\/td><td><strong>\u2713<\/strong><\/td><td><\/td><td><\/td><td><\/td><\/tr><tr><td>SharePoint Online &#8211; Plan 1<\/td><td><strong>\u2713<\/strong><\/td><td><\/td><td><\/td><td><\/td><\/tr><tr><td>OneDrive for Business &#8211; Plan 1<\/td><td><strong>\u2713<\/strong><\/td><td><\/td><td><\/td><td><\/td><\/tr><tr><td>Microsoft 365 Apps for Business<\/td><td><strong>\u2713<\/strong><\/td><td><\/td><td><\/td><td><\/td><\/tr><tr><td>Purview Data Loss Prevention<\/td><td><strong>\u2713<\/strong><\/td><td><\/td><td><\/td><td><\/td><\/tr><tr><td>Microsoft Intune &#8211; Plan 1<\/td><td><strong>\u2713<\/strong><\/td><td><\/td><td><\/td><td><\/td><\/tr><tr><td>Azure Info Protection Premium Plan 1<\/td><td><strong>\u2713<\/strong><\/td><td><\/td><td><\/td><td><\/td><\/tr><tr><td>Azure Info Protection Premium &#8211; Plan 2<\/td><td><\/td><td><\/td><td><strong>\u2713<\/strong><\/td><td><strong>\u2713<\/strong><\/td><\/tr><tr><td>Microsoft Entra ID &#8211; Plan 1<\/td><td><strong>\u2713<\/strong><\/td><td><\/td><td><\/td><td><\/td><\/tr><tr><td>Microsoft Entra ID &#8211; Plan 2<\/td><td><\/td><td><strong>\u2713<\/strong><\/td><td><strong>\u2713<\/strong><\/td><td><strong>\u2713<\/strong><\/td><\/tr><tr><td>Microsoft 365 ES Information Protection and<br>Governance<\/td><td><\/td><td><strong>\u2713<\/strong><\/td><td><\/td><td><strong>\u2713<\/strong><\/td><\/tr><tr><td>Microsoft 365 E5 Insider Risk Management<\/td><td><\/td><td><strong>\u2713<\/strong><\/td><td><\/td><td><strong>\u2713<\/strong><\/td><\/tr><tr><td>Microsoft 365 E5 eDiscovery and Audit<\/td><td><\/td><td><\/td><td><\/td><td><strong>\u2713<\/strong><\/td><\/tr><tr><td>Microsoft Defender for Office 365 &#8211; Plan 1<\/td><td><strong>\u2713<\/strong><\/td><td><\/td><td><\/td><td><\/td><\/tr><tr><td>Microsoft Defender for Office 365 &#8211; Plan 2<\/td><td><\/td><td><\/td><td><strong>\u2713<\/strong><\/td><td><strong>\u2713<\/strong><\/td><\/tr><tr><td>Microsoft Defender for Business<\/td><td><strong>\u2713<\/strong><\/td><td><\/td><td><\/td><td><\/td><\/tr><tr><td>Microsoft Defender for Identity<\/td><td><\/td><td><\/td><td><strong>\u2713<\/strong><\/td><td><strong>\u2713<\/strong><\/td><\/tr><tr><td>Microsoft Defender for Cloud Apps<\/td><td><\/td><td><strong>\u2713<\/strong><\/td><td><strong>\u2713<\/strong><\/td><td><strong>\u2713<\/strong><\/td><\/tr><tr><td>Microsoft Defender for loT<\/td><td><\/td><td><\/td><td><strong>\u2713<\/strong><\/td><td><strong>\u2713<\/strong><\/td><\/tr><\/tbody><\/table><\/figure>\n\n\n\n<div class=\"wp-block-buttons is-layout-flex wp-block-buttons-is-layout-flex\">\n<div class=\"wp-block-button\"><a class=\"wp-block-button__link wp-element-button\" href=\"https:\/\/www.infinigate.com\/de\/lp\/h\/microsoft\/microsoft-news\/\">Zur\u00fcck zur Microsoft News \u00dcbersicht<\/a><\/div>\n<\/div>\n\n\n\n<div class=\"wp-block-cover alignwide\" id=\"kontakt\"><img loading=\"lazy\" decoding=\"async\" width=\"1920\" height=\"1080\" class=\"wp-block-cover__image-background wp-image-4092\" alt=\"\" src=\"https:\/\/www.infinigate.com\/de\/wp-content\/uploads\/sites\/25\/2024\/03\/Digital_Textures_V2.jpg\" data-object-fit=\"cover\" srcset=\"https:\/\/www.infinigate.com\/de\/wp-content\/uploads\/sites\/25\/2024\/03\/Digital_Textures_V2.jpg 1920w, https:\/\/www.infinigate.com\/de\/wp-content\/uploads\/sites\/25\/2024\/03\/Digital_Textures_V2-300x169.jpg 300w, https:\/\/www.infinigate.com\/de\/wp-content\/uploads\/sites\/25\/2024\/03\/Digital_Textures_V2-1024x576.jpg 1024w, https:\/\/www.infinigate.com\/de\/wp-content\/uploads\/sites\/25\/2024\/03\/Digital_Textures_V2-768x432.jpg 768w, https:\/\/www.infinigate.com\/de\/wp-content\/uploads\/sites\/25\/2024\/03\/Digital_Textures_V2-1536x864.jpg 1536w\" sizes=\"auto, (max-width: 1920px) 100vw, 1920px\" \/><span aria-hidden=\"true\" class=\"wp-block-cover__background has-blue-background-color has-background-dim-0 has-background-dim\"><\/span><div class=\"wp-block-cover__inner-container is-layout-constrained wp-block-cover-is-layout-constrained\">\n<div class=\"wp-block-columns is-layout-flex wp-container-core-columns-is-layout-9d6595d7 wp-block-columns-is-layout-flex\">\n<div class=\"wp-block-column is-layout-flow wp-block-column-is-layout-flow\" style=\"flex-basis:66.66%\">\n<h3 class=\"wp-block-heading has-text-align-left is-style-border-left has-white-color has-text-color has-link-color wp-elements-5a5930c6e925070bb2b4fb024ddee0df\" id=\"h-kontakt-zum-microsoft-team\">Kontakt zum Microsoft Team<\/h3>\n\n\n\n<p>W\u00fcnschen Sie sich eine weitere Beratung zu den Funktionen und Lizenzierungen von Business Premium?\u00a0 Wenden Sie sich an unser Microsoft Team:<\/p>\n<\/div>\n\n\n\n<div class=\"wp-block-column is-vertically-aligned-center is-layout-flow wp-block-column-is-layout-flow\" style=\"flex-basis:33.33%\">\n<p class=\"has-text-align-center has-white-color has-text-color has-link-color wp-elements-ff45b21d7ce4dc63fd349a753acab66b\"><a href=\"mailto:microsoft@infinigate.de\">microsoft@infinigate.de<br><\/a><a href=\"tel:+498989048580\">+49 89 89048-580<\/a><\/p>\n\n\n\n<div class=\"wp-block-buttons is-content-justification-center is-layout-flex wp-container-core-buttons-is-layout-16018d1d wp-block-buttons-is-layout-flex\">\n<div class=\"wp-block-button\"><a class=\"wp-block-button__link wp-element-button\" href=\"mailto:microsoft@infinigate.de\">Kontakt aufnehmen<\/a><\/div>\n<\/div>\n<\/div>\n<\/div>\n<\/div><\/div>\n","protected":false},"excerpt":{"rendered":"<p>Viele kleine und mittelst\u00e4ndische Unternehmen (KMU) w\u00fcnschen sich Sicherheits- und Compliance-Funktionen auf Enterprise-Niveau. Doch die Investition in Microsoft 365 E5&hellip;<\/p>\n","protected":false},"author":48,"featured_media":33916,"parent":17789,"menu_order":0,"comment_status":"closed","ping_status":"closed","template":"","meta":{"_acf_changed":false,"footnotes":""},"folder":[488],"class_list":["post-33911","page","type-page","status-publish","has-post-thumbnail","hentry"],"acf":[],"distributor_meta":false,"distributor_terms":false,"distributor_media":false,"distributor_original_site_name":"Infinigate | Deutschland","distributor_original_site_url":"https:\/\/www.infinigate.com\/de","push-errors":false,"_links":{"self":[{"href":"https:\/\/www.infinigate.com\/de\/wp-json\/wp\/v2\/pages\/33911","targetHints":{"allow":["GET"]}}],"collection":[{"href":"https:\/\/www.infinigate.com\/de\/wp-json\/wp\/v2\/pages"}],"about":[{"href":"https:\/\/www.infinigate.com\/de\/wp-json\/wp\/v2\/types\/page"}],"author":[{"embeddable":true,"href":"https:\/\/www.infinigate.com\/de\/wp-json\/wp\/v2\/users\/48"}],"replies":[{"embeddable":true,"href":"https:\/\/www.infinigate.com\/de\/wp-json\/wp\/v2\/comments?post=33911"}],"version-history":[{"count":0,"href":"https:\/\/www.infinigate.com\/de\/wp-json\/wp\/v2\/pages\/33911\/revisions"}],"up":[{"embeddable":true,"href":"https:\/\/www.infinigate.com\/de\/wp-json\/wp\/v2\/pages\/17789"}],"wp:featuredmedia":[{"embeddable":true,"href":"https:\/\/www.infinigate.com\/de\/wp-json\/wp\/v2\/media\/33916"}],"wp:attachment":[{"href":"https:\/\/www.infinigate.com\/de\/wp-json\/wp\/v2\/media?parent=33911"}],"wp:term":[{"taxonomy":"folder","embeddable":true,"href":"https:\/\/www.infinigate.com\/de\/wp-json\/wp\/v2\/folder?post=33911"}],"curies":[{"name":"wp","href":"https:\/\/api.w.org\/{rel}","templated":true}]}}