{"id":34419,"date":"2025-11-07T17:18:57","date_gmt":"2025-11-07T16:18:57","guid":{"rendered":"https:\/\/www.infinigate.com\/de\/?page_id=34419"},"modified":"2025-11-13T17:35:28","modified_gmt":"2025-11-13T16:35:28","slug":"aenderungen-bei-microsoft-365-und-teams-lizenzen","status":"publish","type":"page","link":"https:\/\/www.infinigate.com\/de\/lp\/h\/microsoft\/aenderungen-bei-microsoft-365-und-teams-lizenzen\/","title":{"rendered":"\u00c4nderungen bei Microsoft 365 und Teams-Lizenzen jetzt in Kraft"},"content":{"rendered":"\n<figure class=\"wp-block-image alignwide size-full\"><img loading=\"lazy\" decoding=\"async\" width=\"1280\" height=\"400\" src=\"https:\/\/www.infinigate.com\/de\/wp-content\/uploads\/sites\/25\/2025\/11\/aenderungen-microsoft-365-und-teams-lizenzen.jpg\" alt=\"\u00c4nderungen bei Microsoft 365 und Teams-Lizenzen jetzt in Kraft\" class=\"wp-image-34421\" srcset=\"https:\/\/www.infinigate.com\/de\/wp-content\/uploads\/sites\/25\/2025\/11\/aenderungen-microsoft-365-und-teams-lizenzen.jpg 1280w, https:\/\/www.infinigate.com\/de\/wp-content\/uploads\/sites\/25\/2025\/11\/aenderungen-microsoft-365-und-teams-lizenzen-300x94.jpg 300w, https:\/\/www.infinigate.com\/de\/wp-content\/uploads\/sites\/25\/2025\/11\/aenderungen-microsoft-365-und-teams-lizenzen-1024x320.jpg 1024w, https:\/\/www.infinigate.com\/de\/wp-content\/uploads\/sites\/25\/2025\/11\/aenderungen-microsoft-365-und-teams-lizenzen-768x240.jpg 768w\" sizes=\"auto, (max-width: 1280px) 100vw, 1280px\" \/><\/figure>\n\n\n\n<p class=\"alignwide has-text-align-wide\"><em>Kieran Robinson, Microsoft GTM and Alliances Manager, UK &amp; Irland \u2013 17. Oktober 2025<\/em><\/p>\n\n\n\n<br>\n\n\n\n<p class=\"alignwide has-text-align-wide\">Ab dem <strong>1. November 2025<\/strong> f\u00fchrt Microsoft eine umfassende \u00c4nderung der Lizenzierung f\u00fcr <strong>Microsoft 365<\/strong>, <strong>Office<\/strong> und <strong>Teams<\/strong> in Europa ein. Bereits am 12. September 2025 hatte Microsoft gegen\u00fcber der Europ\u00e4ischen Kommission zugesagt, <strong>Teams aus den Produktivit\u00e4tssuiten herauszul\u00f6sen<\/strong> und k\u00fcnftig <strong>mehr Lizenzflexibilit\u00e4t<\/strong> zu bieten.<\/p>\n\n\n\n<p class=\"alignwide has-text-align-wide\">Unter dem neuen Modell k\u00f6nnen Organisationen im <strong>EWR und in der Schweiz<\/strong> w\u00e4hlen, ob sie Microsoft 365- und Office 365-Pl\u00e4ne <strong>mit oder ohne Teams<\/strong> lizenzieren m\u00f6chten \u2013 Teams kann bei Bedarf auch <strong>separat<\/strong> bezogen werden.<\/p>\n\n\n\n<br>\n\n\n\n<h2 class=\"wp-block-heading is-style-border-left wp-block-heading\" id=\"h-was-hat-sich-geandert\">Was hat sich ge\u00e4ndert?<\/h2>\n\n\n\n<p class=\"alignwide has-text-align-wide\">Microsoft bietet seine Microsoft 365- und Office 365-Suiten nun in zwei Varianten an \u2013 <strong>mit<\/strong> und <strong>ohne Teams<\/strong>.<br>Zus\u00e4tzlich sind <strong>eigenst\u00e4ndige Teams-Lizenzen<\/strong> verf\u00fcgbar \u2013 sowohl f\u00fcr Enterprise-Kunden als auch f\u00fcr kleine und mittelst\u00e4ndische Unternehmen.<br>Dar\u00fcber hinaus arbeitet Microsoft an einer verbesserten <strong>Integration von Teams mit Drittanbieter-Kollaborationstools<\/strong>, um Offenheit und Kundenwahl weiter zu f\u00f6rdern.<\/p>\n\n\n\n<br>\n\n\n\n<h2 class=\"wp-block-heading is-style-border-left wp-block-heading\" id=\"h-preisunterschiede\">Preisunterschiede<\/h2>\n\n\n\n<figure class=\"wp-block-table alignwide\"><table class=\"has-fixed-layout\"><tbody><tr><td><strong>Microsoft 365- und Office 365-Pakete<\/strong><\/td><td><strong>Mindestpreis-Differenz zwischen Optionen mit und ohne Teams<\/strong><\/td><\/tr><tr><td>Microsoft 365 E3\/E5, Office 365 E3\/E5<\/td><td>8,00 \u20ac (8,55 $)<\/td><\/tr><tr><td>Microsoft 365 Business Standard\/Premium, Office 365 E1<\/td><td>3,00 \u20ac (3,21 $)<\/td><\/tr><tr><td>Microsoft 365 Business Basic<\/td><td>1,50 \u20ac (1,60 $)<\/td><\/tr><tr><td>Microsoft 365 F3<\/td><td>1,00 \u20ac (1,07 $)<\/td><\/tr><tr><td><strong>Teams-Einzell\u00f6sungen<\/strong><\/td><td><strong>Mindestpreis<\/strong><\/td><\/tr><tr><td>Microsoft Teams Enterprise \/ Microsoft Teams EEA<\/td><td>8,00 \u20ac (8,55 $)<\/td><\/tr><tr><td>Microsoft Teams Essentials<\/td><td>3,00 \u20ac (3,21 $)<\/td><\/tr><\/tbody><\/table><\/figure>\n\n\n\n<h2 class=\"wp-block-heading alignwide is-style-border-left wp-block-heading\" id=\"h-warum-wurde-diese-anderung-eingefuhrt\">Warum wurde diese \u00c4nderung eingef\u00fchrt?<\/h2>\n\n\n\n<p class=\"alignwide has-text-align-wide\">Bisher war <strong>Teams standardm\u00e4\u00dfig in allen Bundles enthalten<\/strong>, sodass Organisationen keine Wahl hatten \u2013 auch wenn sie bereits in andere Kollaborationsl\u00f6sungen investiert hatten.<br>Diese Praxis f\u00fchrte zu <strong>Bedenken seitens der Regulierungsbeh\u00f6rden<\/strong>, die Microsoft vorwarfen, dadurch einen unfairen Wettbewerbsvorteil zu erlangen. Die Diskussion wurde besonders sichtbar, als <strong>Slack<\/strong> eine offizielle Beschwerde einreichte und Microsoft vorwarf, Unternehmen \u201eTeams aufzuzwingen\u201c.<\/p>\n\n\n\n<p class=\"alignwide has-text-align-wide\">Als Reaktion darauf bietet Microsoft nun <strong>mehr Entscheidungsfreiheit<\/strong>: Unternehmen k\u00f6nnen selbst bestimmen, ob sie Teams als Teil ihrer Produktivit\u00e4tssuite oder separat nutzen m\u00f6chten. Damit wird die Nutzung von <strong>individuellen, bedarfsgerechten Kollaborationsl\u00f6sungen<\/strong> einfacher m\u00f6glich.<\/p>\n\n\n\n<br>\n\n\n\n<h2 class=\"wp-block-heading is-style-border-left wp-block-heading\" id=\"h-bedeutung-fur-microsoft-partner\">Bedeutung f\u00fcr Microsoft-Partner<\/h2>\n\n\n\n<p class=\"alignwide has-text-align-wide\">Die neuen Lizenzmodelle er\u00f6ffnen Partnern <strong>strategische Chancen<\/strong>, um Kundenbeziehungen zu vertiefen und ihre Rolle als <strong>Trusted Advisor<\/strong> zu st\u00e4rken.<\/p>\n\n\n\n<p>Da Teams nun <strong>als eigenst\u00e4ndiges Produkt<\/strong> verf\u00fcgbar ist, k\u00f6nnen Partner:<\/p>\n\n\n\n<ul class=\"wp-block-list\">\n<li><strong>Kunden bei Lizenz\u00fcberg\u00e4ngen beraten<\/strong>: Unterschiede zwischen Bundles und Standalone-Lizenzen erl\u00e4utern und die kosteneffizienteste L\u00f6sung identifizieren.<\/li>\n\n\n\n<li><strong>Teams gezielt positionieren<\/strong>: Teams Enterprise und Teams Essentials als eigenst\u00e4ndige Kollaborationsl\u00f6sungen anbieten \u2013 ideal f\u00fcr Kunden, die bisher auf Bundles verzichtet haben.<\/li>\n\n\n\n<li><strong>Cross- und Upselling-Potenziale nutzen<\/strong>: Die \u00c4nderungen als T\u00fcr\u00f6ffner verwenden, um erg\u00e4nzende Microsoft-Cloud-L\u00f6sungen wie <strong>Microsoft Defender<\/strong> oder <strong>Microsoft Purview<\/strong> einzuf\u00fchren.<\/li>\n\n\n\n<li><strong>Vertragsflexibilit\u00e4t erh\u00f6hen<\/strong>: Kunden beim Wechsel zwischen Bundles w\u00e4hrend laufender Vertr\u00e4ge unterst\u00fctzen und gleichzeitig Rabatte oder Vorteile sichern.<\/li>\n<\/ul>\n\n\n\n<p class=\"alignwide has-text-align-wide\">Diese Anpassungen st\u00e4rken Microsofts Engagement f\u00fcr <strong>Kundenwahlfreiheit<\/strong> und <strong>regulatorische Transparenz<\/strong> \u2013 und erm\u00f6glichen es Partnern, <strong>ma\u00dfgeschneiderte, skalierbare L\u00f6sungen<\/strong> f\u00fcr die moderne Arbeitswelt anzubieten.<\/p>\n\n\n\n<br>\n\n\n\n<h2 class=\"wp-block-heading is-style-border-left wp-block-heading\" id=\"h-unterstutzung-durch-infinigate-cloud\">Unterst\u00fctzung durch Infinigate Cloud<\/h2>\n\n\n\n<p class=\"alignwide has-text-align-wide\">Wenn Sie verstehen m\u00f6chten, wie sich diese \u00c4nderungen auf Ihre Kunden auswirken oder wie Sie davon profitieren k\u00f6nnen, steht Ihnen <strong>Infinigate Cloud<\/strong> zur Seite.<\/p>\n\n\n\n<p class=\"alignwide has-text-align-wide\">Unsere <strong>Professional Services<\/strong> helfen bei der \u00dcberpr\u00fcfung bestehender Lizenzmodelle, wir bieten <strong>Endanwender-Trainings<\/strong> f\u00fcr den optimalen Teams-Einsatz und ein Team aus <strong>Microsoft-Spezialisten<\/strong>, das Sie bei der Weiterentwicklung Ihrer Microsoft-Praxis unterst\u00fctzt.<\/p>\n\n\n\n<p>Weitere Informationen erhalten Sie unter <strong><a href=\"mailto:microsoft@infinigate.cloud\">microsoft@infinigate.cloud<\/a><\/strong>.<\/p>\n\n\n\n<br>\n\n\n\n<div class=\"wp-block-buttons is-layout-flex wp-block-buttons-is-layout-flex\">\n<div class=\"wp-block-button\"><a class=\"wp-block-button__link wp-element-button\" href=\"https:\/\/www.infinigate.com\/de\/lp\/h\/microsoft\/microsoft-news\/\">Zur\u00fcck zur Microsoft News \u00dcbersicht<\/a><\/div>\n<\/div>\n\n\n\n<div class=\"wp-block-cover alignwide\" id=\"kontakt\"><img loading=\"lazy\" decoding=\"async\" width=\"1920\" height=\"1080\" class=\"wp-block-cover__image-background wp-image-4092\" alt=\"\" src=\"https:\/\/www.infinigate.com\/de\/wp-content\/uploads\/sites\/25\/2024\/03\/Digital_Textures_V2.jpg\" data-object-fit=\"cover\" srcset=\"https:\/\/www.infinigate.com\/de\/wp-content\/uploads\/sites\/25\/2024\/03\/Digital_Textures_V2.jpg 1920w, https:\/\/www.infinigate.com\/de\/wp-content\/uploads\/sites\/25\/2024\/03\/Digital_Textures_V2-300x169.jpg 300w, https:\/\/www.infinigate.com\/de\/wp-content\/uploads\/sites\/25\/2024\/03\/Digital_Textures_V2-1024x576.jpg 1024w, https:\/\/www.infinigate.com\/de\/wp-content\/uploads\/sites\/25\/2024\/03\/Digital_Textures_V2-768x432.jpg 768w, https:\/\/www.infinigate.com\/de\/wp-content\/uploads\/sites\/25\/2024\/03\/Digital_Textures_V2-1536x864.jpg 1536w\" sizes=\"auto, (max-width: 1920px) 100vw, 1920px\" \/><span aria-hidden=\"true\" class=\"wp-block-cover__background has-blue-background-color has-background-dim-0 has-background-dim\"><\/span><div class=\"wp-block-cover__inner-container is-layout-constrained wp-block-cover-is-layout-constrained\">\n<div class=\"wp-block-columns is-layout-flex wp-container-core-columns-is-layout-9d6595d7 wp-block-columns-is-layout-flex\">\n<div class=\"wp-block-column is-layout-flow wp-block-column-is-layout-flow\" style=\"flex-basis:66.66%\">\n<h3 class=\"wp-block-heading has-text-align-left is-style-border-left has-white-color has-text-color has-link-color wp-elements-5a5930c6e925070bb2b4fb024ddee0df\" id=\"h-kontakt-zum-microsoft-team\">Kontakt zum Microsoft Team<\/h3>\n\n\n\n<p>W\u00fcnschen Sie sich eine weitere Beratung zu den Funktionen und Lizenzierungen von Business Premium?&nbsp; Wenden Sie sich an unser Microsoft Team:<\/p>\n<\/div>\n\n\n\n<div class=\"wp-block-column is-vertically-aligned-center is-layout-flow wp-block-column-is-layout-flow\" style=\"flex-basis:33.33%\">\n<p class=\"has-text-align-center has-white-color has-text-color has-link-color wp-elements-ff45b21d7ce4dc63fd349a753acab66b\"><a href=\"mailto:microsoft@infinigate.de\">microsoft@infinigate.de<br><\/a><a href=\"tel:+498989048580\">+49 89 89048-580<\/a><\/p>\n\n\n\n<div class=\"wp-block-buttons is-content-justification-center is-layout-flex wp-container-core-buttons-is-layout-16018d1d wp-block-buttons-is-layout-flex\">\n<div class=\"wp-block-button\"><a class=\"wp-block-button__link wp-element-button\" href=\"mailto:microsoft@infinigate.de\">Kontakt aufnehmen<\/a><\/div>\n<\/div>\n<\/div>\n<\/div>\n<\/div><\/div>\n","protected":false},"excerpt":{"rendered":"<p>Kieran Robinson, Microsoft GTM and Alliances Manager, UK &amp; Irland \u2013 17. Oktober 2025 Ab dem 1. November 2025 f\u00fchrt&hellip;<\/p>\n","protected":false},"author":48,"featured_media":34604,"parent":17789,"menu_order":0,"comment_status":"closed","ping_status":"closed","template":"","meta":{"_acf_changed":false,"footnotes":""},"folder":[488],"class_list":["post-34419","page","type-page","status-publish","has-post-thumbnail","hentry"],"acf":[],"distributor_meta":false,"distributor_terms":false,"distributor_media":false,"distributor_original_site_name":"Infinigate | Deutschland","distributor_original_site_url":"https:\/\/www.infinigate.com\/de","push-errors":false,"_links":{"self":[{"href":"https:\/\/www.infinigate.com\/de\/wp-json\/wp\/v2\/pages\/34419","targetHints":{"allow":["GET"]}}],"collection":[{"href":"https:\/\/www.infinigate.com\/de\/wp-json\/wp\/v2\/pages"}],"about":[{"href":"https:\/\/www.infinigate.com\/de\/wp-json\/wp\/v2\/types\/page"}],"author":[{"embeddable":true,"href":"https:\/\/www.infinigate.com\/de\/wp-json\/wp\/v2\/users\/48"}],"replies":[{"embeddable":true,"href":"https:\/\/www.infinigate.com\/de\/wp-json\/wp\/v2\/comments?post=34419"}],"version-history":[{"count":0,"href":"https:\/\/www.infinigate.com\/de\/wp-json\/wp\/v2\/pages\/34419\/revisions"}],"up":[{"embeddable":true,"href":"https:\/\/www.infinigate.com\/de\/wp-json\/wp\/v2\/pages\/17789"}],"wp:featuredmedia":[{"embeddable":true,"href":"https:\/\/www.infinigate.com\/de\/wp-json\/wp\/v2\/media\/34604"}],"wp:attachment":[{"href":"https:\/\/www.infinigate.com\/de\/wp-json\/wp\/v2\/media?parent=34419"}],"wp:term":[{"taxonomy":"folder","embeddable":true,"href":"https:\/\/www.infinigate.com\/de\/wp-json\/wp\/v2\/folder?post=34419"}],"curies":[{"name":"wp","href":"https:\/\/api.w.org\/{rel}","templated":true}]}}