{"id":34722,"date":"2025-11-17T16:24:37","date_gmt":"2025-11-17T15:24:37","guid":{"rendered":"https:\/\/www.infinigate.com\/de\/?page_id=34722"},"modified":"2025-11-20T12:25:42","modified_gmt":"2025-11-20T11:25:42","slug":"genuss-coaching-teilnahmebedinungen","status":"publish","type":"page","link":"https:\/\/www.infinigate.com\/de\/lp\/h\/barracuda\/genuss-coaching-teilnahmebedinungen\/","title":{"rendered":"Barracuda Business Genuss Coaching &#8211; Teilnahmebedingungen"},"content":{"rendered":"\n<div class=\"wp-block-buttons is-layout-flex wp-block-buttons-is-layout-flex\">\n<div class=\"wp-block-button\"><a class=\"wp-block-button__link wp-element-button\" href=\"https:\/\/www.infinigate.com\/de\/lp\/h\/barracuda\/business-genuss-coaching\/\">Zur\u00fcck zur Hauptseite<\/a><\/div>\n<\/div>\n\n\n\n<h3 class=\"wp-block-heading has-text-align-wide wp-block-heading\" id=\"h-anmeldungen\">Anmeldungen<\/h3>\n\n\n\n<p class=\"alignwide has-text-align-wide\">Anmeldungen haben \u00fcber unsere Website (\u00e0 Link auf Landingpage) zu erfolgen. Da die Teilnehmerzahl f\u00fcr unsere Trainings aus didaktischen Gr\u00fcnden begrenzt ist, werden Anmeldungen in der Reihenfolge ihres Eingangs ber\u00fccksichtigt. Der verbindliche Vertragsschluss erfolgt durch Anmeldebest\u00e4tigung der Infinigate Deutschland GmbH in Textform. Sollten Sie bis einer Woche vor Beginn des Trainings keine Benachrichtigung erhalten haben, bitten wir um Kontaktaufnahme per E-Mail unter marketing@infinigate.de. Mit der Anmeldung erkennen Sie diese Teilnahmebedingungen und die&nbsp;<a href=\"https:\/\/www.infinigate.com\/de\/agb\/\" target=\"_blank\" rel=\"noreferrer noopener\">AGB&nbsp;<\/a>der Infinigate Deutschland GmbH an.<\/p>\n\n\n\n<h3 class=\"wp-block-heading wp-block-heading\" id=\"h-gebuhren-rechnungsstellung\">Geb\u00fchren \/ Rechnungsstellung<\/h3>\n\n\n\n<p class=\"alignwide has-text-align-wide\">Die auf der Webseite (\u00e0 Link auf Landingpage) genannten Geb\u00fchren gelten pro Teilnehmer. Alle Preise sind freibleibend und verstehen sich zzgl. der gesetzlichen MwSt. Rechnungen werden vor Trainingsbeginn gestellt und sind ohne Abzug binnen 14 Tagen f\u00e4llig. Die Infinigate beh\u00e4lt sich das Recht vor, Teilnehmer, deren Geb\u00fchr zu Beginn des Trainings nicht bezahlt ist, von der Teilnahme auszuschlie\u00dfen und Schadensersatz in H\u00f6he der Trainingsgeb\u00fchr zu berechnen.<\/p>\n\n\n\n<h3 class=\"wp-block-heading wp-block-heading\" id=\"h-absage-storno\">Absage \/ Storno<\/h3>\n\n\n\n<p class=\"alignwide has-text-align-wide\">Eine Stornierung hat immer in Textform an&nbsp;<a href=\"mailto:marketing@infinigate.de\" target=\"_blank\" rel=\"noreferrer noopener\">marketing@infinigate.de<\/a>&nbsp;zu erfolgen. Bei einer Stornierung ab dem 15. Kalendertag vor Trainingsbeginn behalten wir uns vor, die volle Trainingsgeb\u00fchr als Stornogeb\u00fchr in Rechnung zu stellen.<\/p>\n\n\n\n<p class=\"alignwide has-text-align-wide\">Die Infinigate Deutschland GmbH beh\u00e4lt sich vor, Pr\u00e4senzveranstaltungen kurzfristig in virtual Classrooms zu wandeln oder abzusagen. Im Falle der Wandlung in einen virtual Classroom hat der Teilnehmer das Recht, die Teilnahme am Training kostenfrei zu stornieren oder auf einen Ersatztermin umzubuchen. Im Falle der Absage entf\u00e4llt der Verg\u00fctungsanspruch der Infinigate. Weitergehende Anspr\u00fcche gegen die Infinigate entstehen nicht.<\/p>\n\n\n\n<h3 class=\"wp-block-heading wp-block-heading\" id=\"h-haftung\">Haftung<\/h3>\n\n\n\n<p class=\"alignwide has-text-align-wide\">Erg\u00e4nzend zu Ziff. 11 der AGB der Infinigate Deutschland GmbH wird ausdr\u00fccklich darauf hingewiesen, dass keinerlei Haftung f\u00fcr Garderobe oder sonstige von dem Teilnehmer mitgebrachte Gegenst\u00e4nde \u00fcbernommen wird.<\/p>\n\n\n\n<h3 class=\"wp-block-heading wp-block-heading\" id=\"h-urheberrechte\">Urheberrechte<\/h3>\n\n\n\n<p class=\"alignwide has-text-align-wide\">Sofern dem Teilnehmer Unterlagen \u00fcberlassen werden, steht ihm ein nicht ausschlie\u00dfliches und nicht \u00fcbertragbares Nutzungsrecht daran zu. Jeder Teilnehmer verpflichtet sich, die Urheberrechte von Infinigate und seinen Lieferanten zu beachten. Alle Rechte, auch \u00dcbersetzungen, Vervielf\u00e4ltigungen und Nachdruck von Trainingsunterlagen, auch auszugsweise, sind Infinigate und seinen Lieferanten vorbehalten. Ohne schriftliche Genehmigung von Infinigate d\u00fcrfen keine Reproduktionen vorgenommen werden.<\/p>\n\n\n\n<h3 class=\"wp-block-heading wp-block-heading\" id=\"h-allgemeine-geschaftsbedingungen\">Allgemeine Gesch\u00e4ftsbedingungen<\/h3>\n\n\n\n<p class=\"alignwide has-text-align-wide\">Im \u00dcbrigen gelten die&nbsp;<a href=\"https:\/\/www.infinigate.com\/de\/agb\/\" target=\"_blank\" rel=\"noreferrer noopener\">Allgemeinen Gesch\u00e4ftsbedingungen<\/a>&nbsp;der Infinigate Deutschland GmbH.<\/p>\n\n\n\n<br>\n\n\n\n<p><\/p>\n\n\n\n<br>\n\n\n\n<div class=\"wp-block-cover alignwide\" id=\"kontakt\"><img loading=\"lazy\" decoding=\"async\" width=\"1920\" height=\"1080\" class=\"wp-block-cover__image-background wp-image-4092\" alt=\"\" src=\"https:\/\/www.infinigate.com\/de\/wp-content\/uploads\/sites\/25\/2024\/03\/Digital_Textures_V2.jpg\" data-object-fit=\"cover\" srcset=\"https:\/\/www.infinigate.com\/de\/wp-content\/uploads\/sites\/25\/2024\/03\/Digital_Textures_V2.jpg 1920w, https:\/\/www.infinigate.com\/de\/wp-content\/uploads\/sites\/25\/2024\/03\/Digital_Textures_V2-300x169.jpg 300w, https:\/\/www.infinigate.com\/de\/wp-content\/uploads\/sites\/25\/2024\/03\/Digital_Textures_V2-1024x576.jpg 1024w, https:\/\/www.infinigate.com\/de\/wp-content\/uploads\/sites\/25\/2024\/03\/Digital_Textures_V2-768x432.jpg 768w, https:\/\/www.infinigate.com\/de\/wp-content\/uploads\/sites\/25\/2024\/03\/Digital_Textures_V2-1536x864.jpg 1536w\" sizes=\"auto, (max-width: 1920px) 100vw, 1920px\" \/><span aria-hidden=\"true\" class=\"wp-block-cover__background has-blue-background-color has-background-dim-0 has-background-dim\"><\/span><div class=\"wp-block-cover__inner-container is-layout-constrained wp-block-cover-is-layout-constrained\">\n<div class=\"wp-block-columns is-layout-flex wp-container-core-columns-is-layout-9d6595d7 wp-block-columns-is-layout-flex\">\n<div class=\"wp-block-column is-layout-flow wp-block-column-is-layout-flow\" style=\"flex-basis:66.66%\">\n<h3 class=\"wp-block-heading has-text-align-left is-style-border-left has-white-color has-text-color has-link-color wp-elements-7fec0a7b24aec7cb25ba3d4d3957b931\" id=\"h-kontakt-zum-barracuda-team\">Kontakt zum Barracuda Team<\/h3>\n\n\n\n<p>Unser Barracuda Team unterst\u00fctzt Sie gerne bei Ihren vertrieblichen Anfragen, bei Pre-Sales Themen oder bei geplanten Marketing-Aktivit\u00e4ten.<\/p>\n<\/div>\n\n\n\n<div class=\"wp-block-column is-vertically-aligned-center is-layout-flow wp-block-column-is-layout-flow\" style=\"flex-basis:33.33%\">\n<p class=\"has-text-align-center has-white-color has-text-color has-link-color wp-elements-9d492fcc24b6ac67dfb3010f15d09da0\"><a href=\"mailto:barracuda@infinigate.de\">barracuda@infinigate.de<br><\/a><a href=\"tel:+498989048392\">+49 89 89048-392<\/a><\/p>\n\n\n\n<div class=\"wp-block-buttons is-content-justification-center is-layout-flex wp-container-core-buttons-is-layout-16018d1d wp-block-buttons-is-layout-flex\">\n<div class=\"wp-block-button\"><a class=\"wp-block-button__link wp-element-button\" href=\"mailto:barracuda@infinigate.de\">Kontakt aufnehmen<\/a><\/div>\n<\/div>\n<\/div>\n<\/div>\n<\/div><\/div>\n","protected":false},"excerpt":{"rendered":"<p>Anmeldungen Anmeldungen haben \u00fcber unsere Website (\u00e0 Link auf Landingpage) zu erfolgen. Da die Teilnehmerzahl f\u00fcr unsere Trainings aus didaktischen&hellip;<\/p>\n","protected":false},"author":47,"featured_media":34877,"parent":21216,"menu_order":0,"comment_status":"closed","ping_status":"closed","template":"","meta":{"_acf_changed":false,"footnotes":""},"folder":[509],"class_list":["post-34722","page","type-page","status-publish","has-post-thumbnail","hentry"],"acf":[],"distributor_meta":false,"distributor_terms":false,"distributor_media":false,"distributor_original_site_name":"Infinigate | Deutschland","distributor_original_site_url":"https:\/\/www.infinigate.com\/de","push-errors":false,"_links":{"self":[{"href":"https:\/\/www.infinigate.com\/de\/wp-json\/wp\/v2\/pages\/34722","targetHints":{"allow":["GET"]}}],"collection":[{"href":"https:\/\/www.infinigate.com\/de\/wp-json\/wp\/v2\/pages"}],"about":[{"href":"https:\/\/www.infinigate.com\/de\/wp-json\/wp\/v2\/types\/page"}],"author":[{"embeddable":true,"href":"https:\/\/www.infinigate.com\/de\/wp-json\/wp\/v2\/users\/47"}],"replies":[{"embeddable":true,"href":"https:\/\/www.infinigate.com\/de\/wp-json\/wp\/v2\/comments?post=34722"}],"version-history":[{"count":0,"href":"https:\/\/www.infinigate.com\/de\/wp-json\/wp\/v2\/pages\/34722\/revisions"}],"up":[{"embeddable":true,"href":"https:\/\/www.infinigate.com\/de\/wp-json\/wp\/v2\/pages\/21216"}],"wp:featuredmedia":[{"embeddable":true,"href":"https:\/\/www.infinigate.com\/de\/wp-json\/wp\/v2\/media\/34877"}],"wp:attachment":[{"href":"https:\/\/www.infinigate.com\/de\/wp-json\/wp\/v2\/media?parent=34722"}],"wp:term":[{"taxonomy":"folder","embeddable":true,"href":"https:\/\/www.infinigate.com\/de\/wp-json\/wp\/v2\/folder?post=34722"}],"curies":[{"name":"wp","href":"https:\/\/api.w.org\/{rel}","templated":true}]}}