{"id":35008,"date":"2025-11-21T10:05:02","date_gmt":"2025-11-21T09:05:02","guid":{"rendered":"https:\/\/www.infinigate.com\/de\/?page_id=35008"},"modified":"2026-01-15T13:00:10","modified_gmt":"2026-01-15T12:00:10","slug":"microsoft-partnerprogramm-updates-november-2025","status":"publish","type":"page","link":"https:\/\/www.infinigate.com\/de\/lp\/h\/microsoft\/microsoft-partnerprogramm-updates-november-2025\/","title":{"rendered":"Microsoft Partner Updates \u2013 November 2025"},"content":{"rendered":"\n<figure class=\"wp-block-image alignwide size-full\"><img loading=\"lazy\" decoding=\"async\" width=\"1280\" height=\"400\" src=\"https:\/\/www.infinigate.com\/de\/wp-content\/uploads\/sites\/25\/2025\/12\/microsoft-news-november.jpg\" alt=\"Microsoft Partner Updates - November\" class=\"wp-image-36774\" srcset=\"https:\/\/www.infinigate.com\/de\/wp-content\/uploads\/sites\/25\/2025\/12\/microsoft-news-november.jpg 1280w, https:\/\/www.infinigate.com\/de\/wp-content\/uploads\/sites\/25\/2025\/12\/microsoft-news-november-300x94.jpg 300w, https:\/\/www.infinigate.com\/de\/wp-content\/uploads\/sites\/25\/2025\/12\/microsoft-news-november-1024x320.jpg 1024w, https:\/\/www.infinigate.com\/de\/wp-content\/uploads\/sites\/25\/2025\/12\/microsoft-news-november-768x240.jpg 768w\" sizes=\"auto, (max-width: 1280px) 100vw, 1280px\" \/><\/figure>\n\n\n\n<h3 class=\"wp-block-heading alignwide wp-block-heading\" id=\"h-microsoft-hat-im-oktober-2025-eine-reihe-von-neuerungen-fur-partner-angekundigt-die-folgenden-anderungen-betreffen-produkte-losungen-services-partnerprogramme-und-weitere-relevante-informationen-fur-das-microsoft-okosystem\">Microsoft hat im Oktober 2025 eine Reihe von Neuerungen f\u00fcr Partner angek\u00fcndigt. Die folgenden \u00c4nderungen betreffen Produkte, L\u00f6sungen, Services, Partnerprogramme und weitere relevante Informationen f\u00fcr das Microsoft-\u00d6kosystem.<\/h3>\n\n\n\n<div class=\"wp-block-columns alignwide has-grey-background-color has-background is-layout-flex wp-container-core-columns-is-layout-9d6595d7 wp-block-columns-is-layout-flex\">\n<div class=\"wp-block-column is-layout-flow wp-block-column-is-layout-flow\">\n<p><strong><a href=\"https:\/\/learn.microsoft.com\/de-de\/partner-center\/announcements\/2025-october#new-extended-service-term-for-cloud-solution-provider-csp-subscriptions\" target=\"_blank\" rel=\"noreferrer noopener\">Neuer, &nbsp;verl\u00e4ngerter Servicezeitraum f\u00fcr CSP-Abonnements<\/a><\/strong><\/p>\n\n\n\n<p class=\"alignwide has-text-align-wide\">Ab dem 1. April 2026 entf\u00e4llt die bisherige kostenfreie Kulanzfrist f\u00fcr nicht verl\u00e4ngerte Cloud Solution Provider (CSP)-Abonnements. Partner und Kunden haben k\u00fcnftig drei Optionen nach Ablauf der Laufzeit:<\/p>\n\n\n\n<ul class=\"wp-block-list\">\n<li>Verl\u00e4ngerung des Abonnements<\/li>\n\n\n\n<li>K\u00fcndigung zum Laufzeitende (sofortiger Dienststopp)<\/li>\n\n\n\n<li>Wechsel in den verl\u00e4ngerten Servicezeitraum (Extended Service Term, EST)<\/li>\n<\/ul>\n\n\n\n<p>Weitere Informationen:<\/p>\n\n\n\n<ul class=\"wp-block-list\">\n<li><a href=\"https:\/\/aka.ms\/ExtendedServiceTerms-FAQ\" target=\"_blank\" rel=\"noreferrer noopener\">[FAQ zu den Extended Terms]<\/a><\/li>\n\n\n\n<li><a href=\"https:\/\/aka.ms\/ExtendedServiceTerms-BriefingDeck\" target=\"_blank\" rel=\"noreferrer noopener\">[Partner-Briefing zu den Extended Terms]<\/a><\/li>\n<\/ul>\n<\/div>\n<\/div>\n\n\n    <section style=\"--content-grid--columns: 2;\" class=\"content-grid wp-block animate content-grid--2-columns alignfull\">\r\n        <div class=\"content-grid__inner\">\r\n            \r\n\r\n            \r\n\r\n            \r\n                    \r\n                                                    \r\n                    \r\n                                                                        <div class=\"content-grid__items\">\r\n                                                                            <div class=\"content-grid__item has-background has-gray-25-background-color\">\r\n                                            \r\n                                                \r\n                                        \r\n                                        \r\n                                                                        <div class=\" content-grid__item__subheading\">\r\n                                            <p><strong><a href=\"https:\/\/infinigate.cloud\/news\/more-flexibility-more-choice-microsoft-365-and-teams-licensing-changes-now-in-effect\">\u00c4nderungen bei Microsoft 365 und Teams-Lizenzen<br \/>\ntreten jetzt in Kraft<\/a><\/strong><\/p>\n<p>Microsoft hat neue Lizenzierungsmodelle f\u00fcr Microsoft 365, Office und Teams eingef\u00fchrt. Diese gelten nun EU-weit.<br \/>\nWeitere Informationen finden Sie in folgendem <a href=\"https:\/\/infinigate.cloud\/news\/more-flexibility-more-choice-microsoft-365-and-teams-licensing-changes-now-in-effect\">Artikel<\/a>.<\/p>\n<p>&nbsp;<\/p>\n                                <\/div>\r\n                                        \r\n                                        \r\n                        <\/div>\r\n                                                                            <div class=\"content-grid__item has-background has-gray-25-background-color\">\r\n                                            \r\n                                                \r\n                                        \r\n                                        \r\n                                                                        <div class=\" content-grid__item__subheading\">\r\n                                            <p><a href=\"https:\/\/www.infinigate.com\/de\/lp\/h\/microsoft\/neue-microsoft-defender-und-purview-add-ons\/\"><strong>Neue Microsoft Defender- und Purview Add-ons <\/strong><br \/>\n<strong>f\u00fcr Business Premium<\/strong><\/a><\/p>\n<p>Microsoft stellt neue Add-ons f\u00fcr Microsoft Defender und Purview innerhalb von Microsoft 365 Business Premium vor.<br \/>\nDetails finden Sie im <a href=\"https:\/\/www.infinigate.com\/de\/lp\/h\/microsoft\/neue-microsoft-defender-und-purview-add-ons\/\">Artikel<\/a> zu den neuen Add-ons.<\/p>\n                                <\/div>\r\n                                        \r\n                                        \r\n                        <\/div>\r\n                                                                            <div class=\"content-grid__item has-background has-gray-25-background-color\">\r\n                                            \r\n                                                \r\n                                        \r\n                                        \r\n                                                                        <div class=\" content-grid__item__subheading\">\r\n                                            <p><strong><a href=\"https:\/\/infinigate.cloud\/news\/copilot-made-easy-microsofts-new-offer-helps-businesses-begin-their-ai-journey\">Neue Copilot-Promotion f\u00fcr Unternehmen<\/a><\/strong><\/p>\n<p>Seit dem 1. Oktober 2025 l\u00e4uft eine neue Copilot-Promotion, die Unternehmen den Einstieg in KI erleichtert.<br \/>\nAlle Details finden Sie im <a href=\"https:\/\/infinigate.cloud\/news\/copilot-made-easy-microsofts-new-offer-helps-businesses-begin-their-ai-journey\">Artikel<\/a> zur Copilot-Promotion.<\/p>\n                                <\/div>\r\n                                        \r\n                                        \r\n                        <\/div>\r\n                                                                            <div class=\"content-grid__item has-background has-gray-25-background-color\">\r\n                                            \r\n                                                \r\n                                        \r\n                                        \r\n                                                                        <div class=\" content-grid__item__subheading\">\r\n                                            <p><strong><a href=\"https:\/\/learn.microsoft.com\/de-de\/partner-center\/announcements\/2025-october#microsoft-renaming-its-microsoft-365-e5-mini-suites\">Umbenennung von Microsoft 365 E5 Mini-Suites<\/a><\/strong><\/p>\n<ul>\n<li>Microsoft 365 E5 Security wird zur Microsoft Defender Suite<\/li>\n<li>Microsoft 365 E5 Compliance wird zur Microsoft Purview Suite<\/li>\n<\/ul>\n                                <\/div>\r\n                                        \r\n                                        \r\n                        <\/div>\r\n                                                                            <div class=\"content-grid__item has-background has-gray-25-background-color\">\r\n                                            \r\n                                                \r\n                                        \r\n                                        \r\n                                                                        <div class=\" content-grid__item__subheading\">\r\n                                            <p><strong><a href=\"https:\/\/learn.microsoft.com\/de-de\/partner-center\/announcements\/2025-october#october-cloud-solution-provider-csp-monthly-updates-and-community-reminder\">CSP-Updates Oktober<\/a><\/strong><\/p>\n<ul>\n<li>der <a href=\"https:\/\/partner.microsoft.com\/de-DE\/resources\/collection\/partner-launch-calendar#\/\">Launch-Kalender f\u00fcr Partner<\/a> ist aktualisiert<\/li>\n<li>der <a href=\"https:\/\/partner.microsoft.com\/de-DE\/resources\/collection\/microsoft-transformational-changes#\/\">Journey Maps f\u00fcr Partner<\/a> ist \u00fcberarbeitet<\/li>\n<li>der <a href=\"https:\/\/partner.microsoft.com\/de-DE\/resources\/collection\/csp-monthly-update#\/\">Zweimonatlicher CSP-Newsletter<\/a> ist \u00fcberarbeitet<\/li>\n<li>der <a href=\"https:\/\/globalpbocomm.eventbuilder.com\/GlobalCSP?source=PCA\">Anmeldung zur monatlichen CSP Community Q&amp;A<\/a> verf\u00fcgbar<\/li>\n<\/ul>\n                                <\/div>\r\n                                        \r\n                                        \r\n                        <\/div>\r\n                                                                            <div class=\"content-grid__item has-background has-gray-25-background-color\">\r\n                                            \r\n                                                \r\n                                        \r\n                                        \r\n                                                                        <div class=\" content-grid__item__subheading\">\r\n                                            <p><strong><a href=\"https:\/\/learn.microsoft.com\/de-de\/partner-center\/announcements\/2025-october#monthly-update-important-actions-to-secure-the-partner-ecosystem\" target=\"_blank\" rel=\"noopener\">Wichtige Aktionen zur Sicherung des Partner\u00f6kosystems<\/a><\/strong><\/p>\n<ul>\n<li>MFA f\u00fcr das Microsoft 365 Admin Center ist verpflichtend<\/li>\n<\/ul>\n<ul>\n<li>MFA f\u00fcr das Partner Center Portal ist seit dem 8. September 2025 verpflichtend<\/li>\n<li>Ab dem 1. April 2026 ist MFA auch f\u00fcr API-Zugriffe im Partner Center erforderlich<\/li>\n<\/ul>\n                                <\/div>\r\n                                        \r\n                                        \r\n                        <\/div>\r\n                                                                            <div class=\"content-grid__item has-background has-gray-25-background-color\">\r\n                                            \r\n                                                \r\n                                        \r\n                                        \r\n                                                                        <div class=\" content-grid__item__subheading\">\r\n                                            <p><a href=\"https:\/\/learn.microsoft.com\/de-de\/partner-center\/announcements\/2025-october#microsoft-sentinel-50gb-commitment-tier-in-public-preview\" target=\"_blank\" rel=\"noopener\">Microsoft Sentinel: 50-GB Commitment Tier in Public Preview<\/a><\/p>\n<p>Vom 1. Oktober 2025 bis 31. M\u00e4rz 2026 ist ein neues 50-GB Commitment Tier f\u00fcr Microsoft Sentinel im Public Preview verf\u00fcgbar \u2013 inklusive Aktionspreis.<br \/>\n<a href=\"https:\/\/securitypartners.transform.microsoft.com\/download?assetname=assets%2Fsecurity-partner-portal%2FMicrosoft%20Sentinel%2050GB%20commitment%20tier%20promotion_%20Partner%20FAQ.pdf&amp;download=1\" target=\"_blank\" rel=\"noopener\">FAQ<\/a> zur Berechtigung und Nutzung sind verf\u00fcgbar.<\/p>\n                                <\/div>\r\n                                        \r\n                                        \r\n                        <\/div>\r\n                                                                            <div class=\"content-grid__item has-background has-gray-25-background-color\">\r\n                                            \r\n                                                \r\n                                        \r\n                                        \r\n                                                                        <div class=\" content-grid__item__subheading\">\r\n                                            <p><strong><a href=\"https:\/\/learn.microsoft.com\/de-de\/partner-center\/announcements\/2025-october#four-new-deployment-accelerator-workshops-available-for-security-partners\" target=\"_blank\" rel=\"noopener\">Neue Deployment Accelerator Workshops f\u00fcr Security-Partner<\/a><\/strong><\/p>\n<p>Seit dem 1. Oktober 2025 stehen folgende Workshops zur Verf\u00fcgung:<\/p>\n<ul>\n<li>CSP Deployment Accelerator f\u00fcr Defender und Purview<\/li>\n<li>CSP Deployment Accelerator f\u00fcr ME3\/ME5 und Microsoft Sentinel<\/li>\n<li>Microsoft Defender for Cloud Accelerator<\/li>\n<\/ul>\n<p>Informationen zu Kundenqualifikation und Partnerberechtigung finden Sie im <a href=\"https:\/\/microsoftpartners.microsoft.com\/Microsoft-Security-Partners\/Deployment-Accelerators\/\" target=\"_blank\" rel=\"noopener\">Security Deployment Guide<\/a>.<\/p>\n                                <\/div>\r\n                                        \r\n                                        \r\n                        <\/div>\r\n                                                                            <div class=\"content-grid__item has-background has-gray-25-background-color\">\r\n                                            \r\n                                                \r\n                                        \r\n                                        \r\n                                                                        <div class=\" content-grid__item__subheading\">\r\n                                            <p><strong><a href=\"https:\/\/learn.microsoft.com\/de-de\/partner-center\/announcements\/2025-october#windows-365-promotion-twenty-percent-discount-for-all-new-customers-now-through-april-30-2026\" target=\"_blank\" rel=\"noopener\">Windows 365 Promotion verl\u00e4ngert bis 30. April 2026<\/a><\/strong><\/p>\n<p>Der 20-% Rabatt f\u00fcr neue Windows 365-Kunden gilt nun bis zum 30. April 2026.<br \/>\nDetails zur Aktion im Artikel zu <a href=\"https:\/\/www.microsoft.com\/de-de\/windows-365\/what-is-windows-365\" target=\"_blank\" rel=\"noopener\">Windows 365<\/a><\/p>\n<p>Copilot + Power Engagements: Update vom 1. Oktober<\/p>\n<p>Neue Delivery-Pfade f\u00fcr FY26 Copilot + Power Engagements bieten strukturierte Leitf\u00e4den und flexible Umsetzungsm\u00f6glichkeiten f\u00fcr Partner.<br \/>\nDownloads verf\u00fcgbar:<\/p>\n<ul>\n<li><a href=\"https:\/\/cloudpartners.transform.microsoft.com\/download?assetname=assets\/Copilot-Power-Deployment-Accelerator-Delivery-Guide.pptx&amp;download=1\" target=\"_blank\" rel=\"noopener\">Copilot + Power Deployment Accelerator Guide<\/a><\/li>\n<li><a href=\"https:\/\/cloudpartners.transform.microsoft.com\/download?assetname=assets\/Copilot-Power-Envisioning-POC-Delivery-Guide.pptx&amp;download=1\" target=\"_blank\" rel=\"noopener\">Copilot + Power Envisioning &amp; PoC Guide<\/a><\/li>\n<\/ul>\n                                <\/div>\r\n                                        \r\n                                        \r\n                        <\/div>\r\n                                                                            <div class=\"content-grid__item has-background has-gray-25-background-color\">\r\n                                            \r\n                                                \r\n                                        \r\n                                        \r\n                                                                        <div class=\" content-grid__item__subheading\">\r\n                                            <p><strong>Agent Security Playbook ver\u00f6ffentlicht<\/strong><\/p>\n<p>Das neue Playbook bietet umfassende Strategien zur Absicherung von Agenten in Microsoft 365 \u2013 von der Erstellung bis zur Governance.<br \/>\nSehen Sie sich jetzt das Agent <a href=\"https:\/\/marketingassets.microsoft.com\/gdc\/gdckrurJZ\/original\" target=\"_blank\" rel=\"noopener\">Security Playbook<\/a> an.<\/p>\n                                <\/div>\r\n                                        \r\n                                        \r\n                        <\/div>\r\n                                                    <\/div>\r\n                                    <\/div>\r\n    <\/section>\r\n\n\n\n<div class=\"wp-block-columns is-layout-flex wp-container-core-columns-is-layout-9d6595d7 wp-block-columns-is-layout-flex\">\n<div class=\"wp-block-column has-blue-background-color has-background is-layout-flow wp-block-column-is-layout-flow\">\n<p class=\"has-text-align-center\"><br><strong>Geplante und aktuelle Events<\/strong><\/p>\n\n\n\n<ul class=\"wp-block-list\">\n<li>11. November: <br><a href=\"https:\/\/cspmarketingmoments.eventbuilder.com\/event\/92224?source=PartnerEvents\" target=\"_blank\" rel=\"noreferrer noopener\">Microsoft 365 Renewals \u2013 Upsell mit KI und Security<\/a><\/li>\n\n\n\n<li>18.\u201321. November: <br><a href=\"https:\/\/ignite.microsoft.com\/en-US\/home?wt.mc_ID=Ignite2025_esc_corp_soc_oo_MSPartner_All_RegLaunch\" target=\"_blank\" rel=\"noreferrer noopener\">Microsoft Ignite 2025<\/a><\/li>\n\n\n\n<li>2. Dezember: <br><a href=\"https:\/\/levelupcspmwba.eventbuilder.com\/LabSeries\" target=\"_blank\" rel=\"noreferrer noopener\">Level Up CSP: Hands-on Lab Session on Copilot and Agents<\/a><\/li>\n\n\n\n<li>2. Dezember:<br><a href=\"https:\/\/learning.eventbuilder.com\/FY26CloudEndpointsBootcamp?ref=FY26CloudEndpointsBootcamp\" target=\"_blank\" rel=\"noreferrer noopener\">Scale with Cloud &amp; AI Endpoints Partner Sales Bootcamp<\/a><\/li>\n\n\n\n<li>2.\u20134. Dezember: <br><a href=\"https:\/\/microsoft.github.io\/powercat\/programs\/architecture-bootcamp.html\" target=\"_blank\" rel=\"noreferrer noopener\">Copilot Studio Architecture Bootcamp<\/a><\/li>\n\n\n\n<li>4. Dezember: <br><a href=\"https:\/\/levelupcspmwba.eventbuilder.com\/LabSeries\" target=\"_blank\" rel=\"noreferrer noopener\">Level Up CSP: Praktische \u00dcbung zu Secure and Govern Copilot und Agents<\/a><\/li>\n\n\n\n<li>9. Dezember: <br><a href=\"https:\/\/levelupcspmwba.eventbuilder.com\/Bootcamp\" target=\"_blank\" rel=\"noreferrer noopener\">Level Up CSP: Technisches Bootcamp Q2 f\u00fcr Copilot und Agents<\/a><\/li>\n\n\n\n<li>10.\u201312. Dezember: <br><a href=\"https:\/\/www.skilling-hub.com\/en-US\/listing\/o::FY26ATMCAITACMOct\">Cloud &amp; KI Adoption Bootcamp<\/a><\/li>\n\n\n\n<li>10. Dezember: <br><a href=\"https:\/\/levelupcspmwba.eventbuilder.com\/Bootcamp\">Level Up CSP: Sales Bootcamp Q2 Copilot &amp; Agents<\/a><\/li>\n<\/ul>\n<\/div>\n\n\n\n<div class=\"wp-block-column has-blue-background-color has-background is-layout-flow wp-block-column-is-layout-flow\">\n<p class=\"has-text-align-center\"><br><strong>On-Demand verf\u00fcgbar:<\/strong><\/p>\n\n\n\n<ul class=\"wp-block-list\">\n<li><a href=\"https:\/\/gtmfy26.msftevents.io\/home\" target=\"_blank\" rel=\"noreferrer noopener\">FY26 GTM Kickoff<\/a><\/li>\n\n\n\n<li><a href=\"https:\/\/skilling-hub.com\/on24-auth-bridge?accessurl=https%3A%2F%2Fvshow.on24.com%2Fvshow%2FFY24_SDepth%3Fr%3D23996&amp;showCode=FY24_SDepth#exhibits\/FY26_IGSDSMP_08\" target=\"_blank\" rel=\"noreferrer noopener\">Microsoft Purview &amp; KI<\/a><\/li>\n\n\n\n<li><a href=\"https:\/\/www.skilling-hub.com\/en-US\/listing\/o::fy26_iw365_07\" target=\"_blank\" rel=\"noreferrer noopener\">Windows 365 Cloud PC<\/a><\/li>\n\n\n\n<li><a href=\"https:\/\/www.skilling-hub.com\/en-US\/listing\/o::levelup::1719955\" target=\"_blank\" rel=\"noreferrer noopener\">Bedrohungsschutz mit ME5<\/a><\/li>\n\n\n\n<li><a href=\"https:\/\/www.skilling-hub.com\/en-US\/listing\/o::FY24_Sdepth-FY25_SGCM365_03\" target=\"_blank\" rel=\"noreferrer noopener\">Copilot Governance mit Purview<\/a><\/li>\n\n\n\n<li><a href=\"https:\/\/levelupcspmwba.eventbuilder.com\/Bootcamp\" target=\"_blank\" rel=\"noreferrer noopener\">Weitere CSP Sales &amp; Technical Bootcamps<\/a><\/li>\n<\/ul>\n<\/div>\n<\/div>\n\n\n\n<div class=\"wp-block-buttons is-layout-flex wp-block-buttons-is-layout-flex\">\n<div class=\"wp-block-button\"><a class=\"wp-block-button__link wp-element-button\" href=\"https:\/\/www.infinigate.com\/de\/lp\/h\/microsoft\/microsoft-news\/\">Zur\u00fcck zur Microsoft News \u00dcbersicht<\/a><\/div>\n<\/div>\n\n\n\n<div class=\"wp-block-cover alignwide\" id=\"kontakt\"><img loading=\"lazy\" decoding=\"async\" width=\"1920\" height=\"1080\" class=\"wp-block-cover__image-background wp-image-4092\" alt=\"\" src=\"https:\/\/www.infinigate.com\/de\/wp-content\/uploads\/sites\/25\/2024\/03\/Digital_Textures_V2.jpg\" data-object-fit=\"cover\" srcset=\"https:\/\/www.infinigate.com\/de\/wp-content\/uploads\/sites\/25\/2024\/03\/Digital_Textures_V2.jpg 1920w, https:\/\/www.infinigate.com\/de\/wp-content\/uploads\/sites\/25\/2024\/03\/Digital_Textures_V2-300x169.jpg 300w, https:\/\/www.infinigate.com\/de\/wp-content\/uploads\/sites\/25\/2024\/03\/Digital_Textures_V2-1024x576.jpg 1024w, https:\/\/www.infinigate.com\/de\/wp-content\/uploads\/sites\/25\/2024\/03\/Digital_Textures_V2-768x432.jpg 768w, https:\/\/www.infinigate.com\/de\/wp-content\/uploads\/sites\/25\/2024\/03\/Digital_Textures_V2-1536x864.jpg 1536w\" sizes=\"auto, (max-width: 1920px) 100vw, 1920px\" \/><span aria-hidden=\"true\" class=\"wp-block-cover__background has-blue-background-color has-background-dim-0 has-background-dim\"><\/span><div class=\"wp-block-cover__inner-container is-layout-constrained wp-block-cover-is-layout-constrained\">\n<div class=\"wp-block-columns is-layout-flex wp-container-core-columns-is-layout-9d6595d7 wp-block-columns-is-layout-flex\">\n<div class=\"wp-block-column is-layout-flow wp-block-column-is-layout-flow\" style=\"flex-basis:66.66%\">\n<h3 class=\"wp-block-heading has-text-align-left is-style-border-left has-white-color has-text-color has-link-color wp-elements-2d90f51df548cd7798c6d7e99359cb34\" id=\"h-kontakt\">Kontakt <\/h3>\n\n\n\n<p>Bei Fragen wenden Sie sich bitte an Ihren Business Development Manager, rufen Sie uns oder schreiben Sie uns eine E-Mail \u2013 wir helfen Ihnen gerne weiter.<\/p>\n<\/div>\n\n\n\n<div class=\"wp-block-column is-vertically-aligned-center is-layout-flow wp-block-column-is-layout-flow\" style=\"flex-basis:33.33%\">\n<p class=\"has-text-align-center has-white-color has-text-color has-link-color wp-elements-ff45b21d7ce4dc63fd349a753acab66b\"><a href=\"mailto:microsoft@infinigate.de\">microsoft@infinigate.de<br><\/a><a href=\"tel:+498989048580\">+49 89 89048-580<\/a><\/p>\n\n\n\n<div class=\"wp-block-buttons is-content-justification-center is-layout-flex wp-container-core-buttons-is-layout-16018d1d wp-block-buttons-is-layout-flex\">\n<div class=\"wp-block-button\"><a class=\"wp-block-button__link wp-element-button\" href=\"mailto:microsoft@infinigate.de\">Kontakt aufnehmen<\/a><\/div>\n<\/div>\n<\/div>\n<\/div>\n<\/div><\/div>\n","protected":false},"excerpt":{"rendered":"<p>Microsoft hat im Oktober 2025 eine Reihe von Neuerungen f\u00fcr Partner angek\u00fcndigt. Die folgenden \u00c4nderungen betreffen Produkte, L\u00f6sungen, Services, Partnerprogramme&hellip;<\/p>\n","protected":false},"author":48,"featured_media":27855,"parent":17789,"menu_order":0,"comment_status":"closed","ping_status":"closed","template":"","meta":{"_acf_changed":false,"footnotes":""},"folder":[488],"class_list":["post-35008","page","type-page","status-publish","has-post-thumbnail","hentry"],"acf":[],"distributor_meta":false,"distributor_terms":false,"distributor_media":false,"distributor_original_site_name":"Infinigate | Deutschland","distributor_original_site_url":"https:\/\/www.infinigate.com\/de","push-errors":false,"_links":{"self":[{"href":"https:\/\/www.infinigate.com\/de\/wp-json\/wp\/v2\/pages\/35008","targetHints":{"allow":["GET"]}}],"collection":[{"href":"https:\/\/www.infinigate.com\/de\/wp-json\/wp\/v2\/pages"}],"about":[{"href":"https:\/\/www.infinigate.com\/de\/wp-json\/wp\/v2\/types\/page"}],"author":[{"embeddable":true,"href":"https:\/\/www.infinigate.com\/de\/wp-json\/wp\/v2\/users\/48"}],"replies":[{"embeddable":true,"href":"https:\/\/www.infinigate.com\/de\/wp-json\/wp\/v2\/comments?post=35008"}],"version-history":[{"count":0,"href":"https:\/\/www.infinigate.com\/de\/wp-json\/wp\/v2\/pages\/35008\/revisions"}],"up":[{"embeddable":true,"href":"https:\/\/www.infinigate.com\/de\/wp-json\/wp\/v2\/pages\/17789"}],"wp:featuredmedia":[{"embeddable":true,"href":"https:\/\/www.infinigate.com\/de\/wp-json\/wp\/v2\/media\/27855"}],"wp:attachment":[{"href":"https:\/\/www.infinigate.com\/de\/wp-json\/wp\/v2\/media?parent=35008"}],"wp:term":[{"taxonomy":"folder","embeddable":true,"href":"https:\/\/www.infinigate.com\/de\/wp-json\/wp\/v2\/folder?post=35008"}],"curies":[{"name":"wp","href":"https:\/\/api.w.org\/{rel}","templated":true}]}}