{"id":35526,"date":"2025-12-05T15:16:46","date_gmt":"2025-12-05T14:16:46","guid":{"rendered":"https:\/\/www.infinigate.com\/de\/?page_id=35526"},"modified":"2025-12-08T16:39:36","modified_gmt":"2025-12-08T15:39:36","slug":"microsoft-solution-designation","status":"publish","type":"page","link":"https:\/\/www.infinigate.com\/de\/lp\/h\/microsoft\/microsoft-solution-designation\/","title":{"rendered":"Microsoft Solution Designation"},"content":{"rendered":"\n<figure class=\"wp-block-image alignwide size-full\"><img loading=\"lazy\" decoding=\"async\" width=\"1280\" height=\"400\" src=\"https:\/\/www.infinigate.com\/de\/wp-content\/uploads\/sites\/25\/2025\/12\/microsoft-solution-designation-video.jpg\" alt=\"Microsoft Solution Designation Video\" class=\"wp-image-35529\" srcset=\"https:\/\/www.infinigate.com\/de\/wp-content\/uploads\/sites\/25\/2025\/12\/microsoft-solution-designation-video.jpg 1280w, https:\/\/www.infinigate.com\/de\/wp-content\/uploads\/sites\/25\/2025\/12\/microsoft-solution-designation-video-300x94.jpg 300w, https:\/\/www.infinigate.com\/de\/wp-content\/uploads\/sites\/25\/2025\/12\/microsoft-solution-designation-video-1024x320.jpg 1024w, https:\/\/www.infinigate.com\/de\/wp-content\/uploads\/sites\/25\/2025\/12\/microsoft-solution-designation-video-768x240.jpg 768w\" sizes=\"auto, (max-width: 1280px) 100vw, 1280px\" \/><\/figure>\n\n\n\n<h3 class=\"wp-block-heading is-style-border-left wp-block-heading\" id=\"h-was-ist-die-microsoft-solution-designation\">Was ist die Microsoft Solution Designation?<\/h3>\n\n\n\n<p class=\"alignwide has-text-align-wide\">Die Microsoft Solution Designation ist ein Qualit\u00e4tssiegel f\u00fcr Partnerunternehmen, das die bisherigen Silber- und Goldpartnerschaften ersetzt. Es zeigt nachweisbare Expertise in zentralen Microsoft-L\u00f6sungsbereichen wie Modern Work, Security, Data &amp; AI, Digital &amp; App Innovation, Infrastructure und Business Applications.<br>Mit dieser Auszeichnung demonstrieren Partner ihre technische Kompetenz, Kundenerfolge und Innovationskraft \u2013 und heben sich so klar vom Wettbewerb ab. F\u00fcr Kunden bedeutet dies gepr\u00fcfte Qualit\u00e4t und verl\u00e4ssliche Expertise f\u00fcr erfolgreiche digitale Transformation.<\/p>\n\n\n\n<div class=\"wp-block-columns is-layout-flex wp-container-core-columns-is-layout-9d6595d7 wp-block-columns-is-layout-flex\">\n<div class=\"wp-block-column is-layout-flow wp-block-column-is-layout-flow\">\n<p>Im Videoausschnitt erhalten Sie einen ersten Eindruck, wie SSIG-IT gemeinsam mit Infinigate den Weg zur Microsoft Solution Designation gemeistert hat.<br><strong>Sehen Sie sich jetzt die komplette Aufzeichnung an und erfahren Sie, welche Chancen und Herausforderungen auf dem Weg zur L\u00f6sungspartnerschaft warten.<\/strong><\/p>\n\n\n\n<p>Henrik Heyer, Business Development Manager bei Infinigate, und Philipp K\u00f6nig, Gesch\u00e4ftsf\u00fchrer der SSIG IT GmbH, sprechen \u00fcber den erfolgreichen Weg zur Microsoft Solution Designation. Sie beleuchten, warum diese Auszeichnung f\u00fcr Partner so wichtig ist und wie SSIG IT den Prozess gemeistert hat. Das Gespr\u00e4ch zeigt praxisnahe Tipps und die Vorteile f\u00fcr Kunden und Partner \u2013 ein spannender Einblick in strategische IT-Partnerschaften.<\/p>\n<\/div>\n\n\n\n<div class=\"wp-block-column is-layout-flow wp-block-column-is-layout-flow\">\n<figure class=\"wp-block-embed is-type-video is-provider-youtube wp-block-embed-youtube wp-embed-aspect-16-9 wp-has-aspect-ratio\"><div class=\"wp-block-embed__wrapper\">\n<iframe loading=\"lazy\" title=\"SSIGIT Success Story\" width=\"500\" height=\"281\" src=\"https:\/\/www.youtube.com\/embed\/kxCyJobXy8U?feature=oembed\" frameborder=\"0\" allow=\"accelerometer; autoplay; clipboard-write; encrypted-media; gyroscope; picture-in-picture; web-share\" referrerpolicy=\"strict-origin-when-cross-origin\" allowfullscreen><\/iframe>\n<\/div><\/figure>\n<\/div>\n<\/div>\n\n\n\n<div class=\"wp-block-buttons alignwide is-content-justification-right is-layout-flex wp-container-core-buttons-is-layout-765c4724 wp-block-buttons-is-layout-flex\">\n<div class=\"wp-block-button\"><a class=\"wp-block-button__link wp-element-button\" href=\"https:\/\/attendee.gotowebinar.com\/recording\/470906987709330350\" target=\"_blank\" rel=\"noreferrer noopener\">Gesamte Aufzeichnung anschauen<\/a><\/div>\n<\/div>\n\n\n\n<figure class=\"wp-block-image alignwide size-large\"><img loading=\"lazy\" decoding=\"async\" width=\"1024\" height=\"320\" src=\"https:\/\/www.infinigate.com\/de\/wp-content\/uploads\/sites\/25\/2025\/12\/microsoft-success-story-solution-designatiion-1024x320.jpg\" alt=\"Microsoft Success Story Solution Designation\" class=\"wp-image-35670\" srcset=\"https:\/\/www.infinigate.com\/de\/wp-content\/uploads\/sites\/25\/2025\/12\/microsoft-success-story-solution-designatiion-1024x320.jpg 1024w, https:\/\/www.infinigate.com\/de\/wp-content\/uploads\/sites\/25\/2025\/12\/microsoft-success-story-solution-designatiion-300x94.jpg 300w, https:\/\/www.infinigate.com\/de\/wp-content\/uploads\/sites\/25\/2025\/12\/microsoft-success-story-solution-designatiion-768x240.jpg 768w, https:\/\/www.infinigate.com\/de\/wp-content\/uploads\/sites\/25\/2025\/12\/microsoft-success-story-solution-designatiion-1536x480.jpg 1536w, https:\/\/www.infinigate.com\/de\/wp-content\/uploads\/sites\/25\/2025\/12\/microsoft-success-story-solution-designatiion.jpg 1600w\" sizes=\"auto, (max-width: 1024px) 100vw, 1024px\" \/><\/figure>\n\n\n\n<div class=\"wp-block-columns has-blue-background-color has-background is-layout-flex wp-container-core-columns-is-layout-9d6595d7 wp-block-columns-is-layout-flex\">\n<div class=\"wp-block-column is-layout-flow wp-block-column-is-layout-flow\">\n<h3 class=\"wp-block-heading is-style-border-left wp-block-heading\" id=\"h-microsoft-solution-designation-ihr-nachster-schritt-zur-partnerschaft\">Microsoft Solution Designation \u2013 Ihr n\u00e4chster Schritt zur Partnerschaft<\/h3>\n\n\n\n<p>Die Microsoft Solution Designation ist der Schl\u00fcssel, um Ihre Partnerschaft mit Microsoft auf das n\u00e4chste Level zu bringen. Mit diesem G\u00fctesiegel zeigen Sie Ihre L\u00f6sungskompetenz in zentralen Produktbereichen und heben sich deutlich vom Wettbewerb ab.<\/p>\n\n\n\n<p>Neben der starken Au\u00dfendarstellung profitieren Sie von attraktiven Vorteilen wie internen Lizenzen, Azure Credits, erweitertem Support und finanziellen Incentives. Au\u00dferdem erhalten Sie Zugang zu exklusiven Marketingressourcen und technischer Unterst\u00fctzung direkt von Microsoft.<\/p>\n<\/div>\n\n\n\n<div class=\"wp-block-column is-layout-flow wp-block-column-is-layout-flow\">\n<h3 class=\"wp-block-heading is-style-border-left wp-block-heading\" id=\"h-wer-ist-die-ssig-it\">Wer ist die SSIG IT?<\/h3>\n\n\n\n<p>Die SSIG IT GmbH ist ein erfahrenes IT-Team, das Unternehmen seit 2019 bei der digitalen Transformation unterst\u00fctzt. Mit individuellen L\u00f6sungen, Managed Services und IT-Beratung gestaltet SSIG IT zukunftssichere IT-Umgebungen \u2013 ma\u00dfgeschneidert f\u00fcr die Anforderungen jedes Unternehmens. Das Kerngesch\u00e4ft umfasst die Planung, Umsetzung und Betreuung von IT-Systemen sowie moderne Arbeitsplatzl\u00f6sungen und flexible Services f\u00fcr eine effiziente, sichere IT-Infrastruktur.<\/p>\n<\/div>\n<\/div>\n\n\n\n<div class=\"wp-block-buttons alignwide is-content-justification-right is-layout-flex wp-container-core-buttons-is-layout-765c4724 wp-block-buttons-is-layout-flex\">\n<div class=\"wp-block-button\"><a class=\"wp-block-button__link wp-element-button\" href=\"https:\/\/www.infinigate.com\/de\/hersteller\/microsoft\/\">Zur\u00fcck zur Microsoft Startseite<\/a><\/div>\n<\/div>\n\n\n\n<div class=\"wp-block-cover alignwide\" id=\"kontakt\"><img loading=\"lazy\" decoding=\"async\" width=\"1920\" height=\"1080\" class=\"wp-block-cover__image-background wp-image-4092\" alt=\"\" src=\"https:\/\/www.infinigate.com\/de\/wp-content\/uploads\/sites\/25\/2024\/03\/Digital_Textures_V2.jpg\" data-object-fit=\"cover\" srcset=\"https:\/\/www.infinigate.com\/de\/wp-content\/uploads\/sites\/25\/2024\/03\/Digital_Textures_V2.jpg 1920w, https:\/\/www.infinigate.com\/de\/wp-content\/uploads\/sites\/25\/2024\/03\/Digital_Textures_V2-300x169.jpg 300w, https:\/\/www.infinigate.com\/de\/wp-content\/uploads\/sites\/25\/2024\/03\/Digital_Textures_V2-1024x576.jpg 1024w, https:\/\/www.infinigate.com\/de\/wp-content\/uploads\/sites\/25\/2024\/03\/Digital_Textures_V2-768x432.jpg 768w, https:\/\/www.infinigate.com\/de\/wp-content\/uploads\/sites\/25\/2024\/03\/Digital_Textures_V2-1536x864.jpg 1536w\" sizes=\"auto, (max-width: 1920px) 100vw, 1920px\" \/><span aria-hidden=\"true\" class=\"wp-block-cover__background has-blue-background-color has-background-dim-0 has-background-dim\"><\/span><div class=\"wp-block-cover__inner-container is-layout-constrained wp-block-cover-is-layout-constrained\">\n<div class=\"wp-block-columns is-layout-flex wp-container-core-columns-is-layout-9d6595d7 wp-block-columns-is-layout-flex\">\n<div class=\"wp-block-column is-layout-flow wp-block-column-is-layout-flow\" style=\"flex-basis:66.66%\">\n<h3 class=\"wp-block-heading has-text-align-left is-style-border-left has-white-color has-text-color has-link-color wp-elements-5a5930c6e925070bb2b4fb024ddee0df\" id=\"h-kontakt-zum-microsoft-team\">Kontakt zum Microsoft Team<\/h3>\n\n\n\n<p>M\u00f6chten Sie sich n\u00e4her mit unseren Business Development Managern zum Thema \u201eMicrosoft Solution Designation\u201c austauschen?<\/p>\n\n\n\n<p>Buchen Sie gleich einen Termin:<\/p>\n<\/div>\n\n\n\n<div class=\"wp-block-column is-vertically-aligned-center is-layout-flow wp-block-column-is-layout-flow\" style=\"flex-basis:33.33%\">\n<p class=\"has-text-align-center has-white-color has-text-color has-link-color wp-elements-ff45b21d7ce4dc63fd349a753acab66b\"><a href=\"mailto:microsoft@infinigate.de\">microsoft@infinigate.de<br><\/a><a href=\"tel:+498989048580\">+49 89 89048-580<\/a><\/p>\n\n\n\n<div class=\"wp-block-buttons is-content-justification-center is-layout-flex wp-container-core-buttons-is-layout-16018d1d wp-block-buttons-is-layout-flex\">\n<div class=\"wp-block-button\"><a class=\"wp-block-button__link wp-element-button\" href=\"https:\/\/outlook.office365.com\/book\/BusinessUnitMicrosoftInfinigate@Infinigate.onmicrosoft.com\/\" target=\"_blank\" rel=\"noreferrer noopener\">Termin vereinbaren<\/a><\/div>\n<\/div>\n<\/div>\n<\/div>\n<\/div><\/div>\n","protected":false},"excerpt":{"rendered":"<p>Was ist die Microsoft Solution Designation? Die Microsoft Solution Designation ist ein Qualit\u00e4tssiegel f\u00fcr Partnerunternehmen, das die bisherigen Silber- und&hellip;<\/p>\n","protected":false},"author":48,"featured_media":33874,"parent":17789,"menu_order":0,"comment_status":"closed","ping_status":"closed","template":"","meta":{"_acf_changed":false,"footnotes":""},"folder":[488],"class_list":["post-35526","page","type-page","status-publish","has-post-thumbnail","hentry"],"acf":[],"distributor_meta":false,"distributor_terms":false,"distributor_media":false,"distributor_original_site_name":"Infinigate | Deutschland","distributor_original_site_url":"https:\/\/www.infinigate.com\/de","push-errors":false,"_links":{"self":[{"href":"https:\/\/www.infinigate.com\/de\/wp-json\/wp\/v2\/pages\/35526","targetHints":{"allow":["GET"]}}],"collection":[{"href":"https:\/\/www.infinigate.com\/de\/wp-json\/wp\/v2\/pages"}],"about":[{"href":"https:\/\/www.infinigate.com\/de\/wp-json\/wp\/v2\/types\/page"}],"author":[{"embeddable":true,"href":"https:\/\/www.infinigate.com\/de\/wp-json\/wp\/v2\/users\/48"}],"replies":[{"embeddable":true,"href":"https:\/\/www.infinigate.com\/de\/wp-json\/wp\/v2\/comments?post=35526"}],"version-history":[{"count":0,"href":"https:\/\/www.infinigate.com\/de\/wp-json\/wp\/v2\/pages\/35526\/revisions"}],"up":[{"embeddable":true,"href":"https:\/\/www.infinigate.com\/de\/wp-json\/wp\/v2\/pages\/17789"}],"wp:featuredmedia":[{"embeddable":true,"href":"https:\/\/www.infinigate.com\/de\/wp-json\/wp\/v2\/media\/33874"}],"wp:attachment":[{"href":"https:\/\/www.infinigate.com\/de\/wp-json\/wp\/v2\/media?parent=35526"}],"wp:term":[{"taxonomy":"folder","embeddable":true,"href":"https:\/\/www.infinigate.com\/de\/wp-json\/wp\/v2\/folder?post=35526"}],"curies":[{"name":"wp","href":"https:\/\/api.w.org\/{rel}","templated":true}]}}