{"id":36829,"date":"2025-12-23T11:43:25","date_gmt":"2025-12-23T10:43:25","guid":{"rendered":"https:\/\/www.infinigate.com\/de\/?page_id=36829"},"modified":"2025-12-23T12:01:31","modified_gmt":"2025-12-23T11:01:31","slug":"cloud-preisanpassungen-fuer-emea","status":"publish","type":"page","link":"https:\/\/www.infinigate.com\/de\/lp\/h\/microsoft\/cloud-preisanpassungen-fuer-emea\/","title":{"rendered":"Cloud Preisanpassungen f\u00fcr EMEA"},"content":{"rendered":"\n<figure class=\"wp-block-image alignwide size-full\"><img loading=\"lazy\" decoding=\"async\" width=\"1280\" height=\"400\" src=\"https:\/\/www.infinigate.com\/de\/wp-content\/uploads\/sites\/25\/2025\/12\/microsoft-preisanpassungen-feb.jpg\" alt=\"Microsoft Preisanpassungen ab Februar 2026\" class=\"wp-image-36842\" srcset=\"https:\/\/www.infinigate.com\/de\/wp-content\/uploads\/sites\/25\/2025\/12\/microsoft-preisanpassungen-feb.jpg 1280w, https:\/\/www.infinigate.com\/de\/wp-content\/uploads\/sites\/25\/2025\/12\/microsoft-preisanpassungen-feb-300x94.jpg 300w, https:\/\/www.infinigate.com\/de\/wp-content\/uploads\/sites\/25\/2025\/12\/microsoft-preisanpassungen-feb-1024x320.jpg 1024w, https:\/\/www.infinigate.com\/de\/wp-content\/uploads\/sites\/25\/2025\/12\/microsoft-preisanpassungen-feb-768x240.jpg 768w\" sizes=\"auto, (max-width: 1280px) 100vw, 1280px\" \/><\/figure>\n\n\n\n<h3 class=\"wp-block-heading alignwide wp-block-heading\" id=\"h-ab-februar-2026-passt-microsoft-die-preise-fur-seine-kommerziellen-cloud-dienste-in-der-emea-region-an-hintergrund-ist-eine-umfassende-uberprufung-der-aktuellen-wechselkursentwicklungen-die-microsoft-regelmassig-durchfuhrt-um-die-weltweite-preisstruktur-moglichst-konsistent-und-marktkonform-zu-halten-in-mehreren-europaischen-wahrungen-darunter-euro-eur-schweizer-franken-chf-danische-krone-dkk-norwegische-krone-nok-und-schwedische-krone-sek-fuhrt-microsoft-eine-preisreduzierende-wechselkursanpassung-durch\">Ab Februar 2026 passt Microsoft die Preise f\u00fcr seine kommerziellen Cloud-Dienste in der EMEA-Region an. Hintergrund ist eine umfassende \u00dcberpr\u00fcfung der aktuellen Wechselkursentwicklungen, die Microsoft regelm\u00e4\u00dfig durchf\u00fchrt, um die weltweite Preisstruktur m\u00f6glichst konsistent und marktkonform zu halten. In mehreren europ\u00e4ischen W\u00e4hrungen \u2013 darunter Euro (<strong>EUR<\/strong>), Schweizer Franken (<strong>CHF<\/strong>), D\u00e4nische Krone (<strong>DKK<\/strong>), Norwegische Krone (<strong>NOK<\/strong>) und Schwedische Krone (<strong>SEK<\/strong>) \u2013 f\u00fchrt Microsoft eine preisreduzierende Wechselkursanpassung durch.<\/h3>\n\n\n\n<div class=\"wp-block-columns has-blue-background-color has-background is-layout-flex wp-container-core-columns-is-layout-9d6595d7 wp-block-columns-is-layout-flex\">\n<div class=\"wp-block-column is-layout-flow wp-block-column-is-layout-flow\">\n<h2 class=\"wp-block-heading is-style-border-left wp-block-heading\" id=\"h-warum-passt-microsoft-die-preise-an\">Warum passt Microsoft die Preise an?<\/h2>\n\n\n\n<p>Microsoft verfolgt seit mehreren Jahren eine Strategie, die darauf abzielt, die <strong>Preisgestaltung der Cloud-Produkte weltweit zu harmonisieren<\/strong>.<br>Ein wesentlicher Bestandteil dieser Strategie ist eine regelm\u00e4\u00dfige Bewertung der lokalen W\u00e4hrungen gegen\u00fcber dem US\u2011Dollar.<\/p>\n\n\n\n<p>Ziele dieser Anpassungen sind:<\/p>\n\n\n\n<ul class=\"wp-block-list\">\n<li><strong>Transparenz:<\/strong> Einheitliche Preismodelle erleichtern Kunden die langfristige Budgetplanung.<\/li>\n\n\n\n<li><strong>Fairness:<\/strong> Preisunterschiede zwischen Regionen sollen nicht durch veraltete Wechselkurse entstehen.<\/li>\n\n\n\n<li><strong>Marktausrichtung:<\/strong> Cloud\u2011Preise sollen aktuelle wirtschaftliche Bedingungen widerspiegeln.<\/li>\n\n\n\n<li><strong>Planungssicherheit:<\/strong> Unternehmen k\u00f6nnen sich auf klare, nachvollziehbare Preisbewegungen verlassen.<\/li>\n<\/ul>\n\n\n\n<p>Diese regelm\u00e4\u00dfigen W\u00e4hrungsanpassungen geh\u00f6ren zum globalen Standard vieler internationaler Softwareanbieter und werden jeweils mit Vorlauf kommuniziert, damit Partner und Endkunden die Auswirkungen fr\u00fchzeitig bewerten k\u00f6nnen.<\/p>\n<\/div>\n<\/div>\n\n\n\n<div class=\"wp-block-columns has-grey-background-color has-background is-layout-flex wp-container-core-columns-is-layout-9d6595d7 wp-block-columns-is-layout-flex\">\n<div class=\"wp-block-column is-layout-flow wp-block-column-is-layout-flow\">\n<h2 class=\"wp-block-heading alignwide is-style-border-left wp-block-heading\" id=\"h-was-genau-andert-sich-zum-1-februar-2026\">Was genau \u00e4ndert sich zum 1. Februar 2026?<\/h2>\n\n\n\n<p class=\"alignwide has-text-align-wide\">Microsoft f\u00fchrt in mehreren EMEA M\u00e4rkten <strong>sp\u00fcrbare Preissenkungen<\/strong> durch, die ausschlie\u00dflich die <strong>Cloud Produktpalette<\/strong> betreffen. Dies betrifft sowohl die Commercial- als auch die Education- und Non-Profit-Segmente.<br><strong>On Premises oder Perpetual Lizenzen<\/strong> profitieren nicht von der Preisanpassung. Ihre Preisgestaltung bleibt unver\u00e4ndert.<br>Die Preiswirkung gilt ab dem 1. Februar 2026 f\u00fcr alle <strong>Neuk\u00e4ufe <\/strong>und <strong>Verl\u00e4ngerungen <\/strong>aus. Bestehende Jahresabonnements behalten ihre aktuellen Preise bis zum Ablaufdatum.<br>Die Preissenkungen bewegen sich \u2013 abh\u00e4ngig von der jeweiligen Landesw\u00e4hrung \u2013 im Bereich von <strong>ca. 7,2 % bis 13,5 %<\/strong>. Da die finale Preisberechnung je SKU geringf\u00fcgige Abweichungen enthalten kann (z.\u202fB. durch Rundungen oder l\u00e4nderspezifische Preissegmente), wird die detaillierte Preisstruktur \u00fcber die offiziellen Preislisten bereitgestellt.<\/p>\n<\/div>\n<\/div>\n\n\n\n<figure class=\"wp-block-table alignwide\"><table class=\"has-fixed-layout\"><tbody><tr><td><strong>W\u00e4hrung<\/strong><\/td><td><strong>Cloud % Anpassung<\/strong><\/td><td><strong>OnPrem % Anpassung<\/strong><\/td><\/tr><tr><td>Schweizer Franken (CHF)<\/td><td>-9,5%<\/td><td>keine<\/td><\/tr><tr><td>D\u00e4nische Krone (DKK)<\/td><td>-7,4%<\/td><td>keine<\/td><\/tr><tr><td>Euro (EUR)<\/td><td>-7,4%<\/td><td>keine<\/td><\/tr><tr><td>Norwegische Krone (NOK)<\/td><td>-7,2%<\/td><td>keine<\/td><\/tr><tr><td>Schwedische Krone (SEK)<\/td><td>-13,5%<\/td><td>keine<\/td><\/tr><\/tbody><\/table><\/figure>\n\n\n\n<div class=\"wp-block-columns has-grey-background-color has-background is-layout-flex wp-container-core-columns-is-layout-9d6595d7 wp-block-columns-is-layout-flex\">\n<div class=\"wp-block-column is-layout-flow wp-block-column-is-layout-flow\">\n<p>Die neuen Preislisten stehen ab dem <strong>1. Januar 2026<\/strong> zur Verf\u00fcgung, sodass Unternehmen und Partner einen vollen Monat Zeit haben, die Auswirkungen zu pr\u00fcfen und ihre Planungen anzupassen.<\/p>\n\n\n\n<p>Die Reduktionen treten vor den bereits angek\u00fcndigten <strong>M365\u2011Preis\u00e4nderungen im Juli 2026<\/strong> in Kraft. Das bedeutet: Wer fr\u00fchzeitig agiert, kann sich langfristig g\u00fcnstigere Konditionen sichern.<\/p>\n<\/div>\n<\/div>\n\n\n\n<div class=\"wp-block-columns has-blue-background-color has-background is-layout-flex wp-container-core-columns-is-layout-9d6595d7 wp-block-columns-is-layout-flex\">\n<div class=\"wp-block-column is-layout-flow wp-block-column-is-layout-flow\">\n<h2 class=\"wp-block-heading is-style-border-left wp-block-heading\" id=\"h-was-bedeutet-das-fur-microsoft-partner\">Was bedeutet das f\u00fcr Microsoft Partner?<\/h2>\n\n\n\n<p>F\u00fcr Partner entsteht hier eine ausgezeichnete Gelegenheit, mit Kunden in den Dialog zu gehen. Besonders relevant ist:<\/p>\n\n\n\n<ul class=\"wp-block-list\">\n<li>Viele <strong>NCE\u2011Renewals<\/strong> fallen traditionell in den Zeitraum <strong>Februar\/M\u00e4rz<\/strong>.<\/li>\n\n\n\n<li>Partner k\u00f6nnen Kunden helfen, Einsparpotenziale zu erkennen und sinnvoll reinvestieren.<\/li>\n\n\n\n<li>Gute Chance f\u00fcr <strong>Upsell, Cross\u2011Sell und Lizenzoptimierung<\/strong>.<\/li>\n\n\n\n<li>Wichtige Vorbereitung auf die Preis\u00e4nderungen im <strong>Juli 2026<\/strong>, bei denen Cloud\u2011Preise teilweise steigen.<\/li>\n<\/ul>\n\n\n\n<p>Mit anderen Worten: Jetzt ist der ideale Zeitpunkt, um Kunden auf die neue Preisstruktur vorzubereiten und Mehrwertargumente zu platzieren.<\/p>\n<\/div>\n<\/div>\n\n\n\n<div class=\"wp-block-buttons is-layout-flex wp-block-buttons-is-layout-flex\">\n<div class=\"wp-block-button\"><a class=\"wp-block-button__link wp-element-button\" href=\"https:\/\/www.infinigate.com\/de\/lp\/h\/microsoft\/microsoft-news\/\">Zur\u00fcck zur Microsoft News \u00dcbersicht<\/a><\/div>\n<\/div>\n\n\n\n<div class=\"wp-block-cover alignwide\" id=\"kontakt\"><img loading=\"lazy\" decoding=\"async\" width=\"1920\" height=\"1080\" class=\"wp-block-cover__image-background wp-image-4092\" alt=\"\" src=\"https:\/\/www.infinigate.com\/de\/wp-content\/uploads\/sites\/25\/2024\/03\/Digital_Textures_V2.jpg\" data-object-fit=\"cover\" srcset=\"https:\/\/www.infinigate.com\/de\/wp-content\/uploads\/sites\/25\/2024\/03\/Digital_Textures_V2.jpg 1920w, https:\/\/www.infinigate.com\/de\/wp-content\/uploads\/sites\/25\/2024\/03\/Digital_Textures_V2-300x169.jpg 300w, https:\/\/www.infinigate.com\/de\/wp-content\/uploads\/sites\/25\/2024\/03\/Digital_Textures_V2-1024x576.jpg 1024w, https:\/\/www.infinigate.com\/de\/wp-content\/uploads\/sites\/25\/2024\/03\/Digital_Textures_V2-768x432.jpg 768w, https:\/\/www.infinigate.com\/de\/wp-content\/uploads\/sites\/25\/2024\/03\/Digital_Textures_V2-1536x864.jpg 1536w\" sizes=\"auto, (max-width: 1920px) 100vw, 1920px\" \/><span aria-hidden=\"true\" class=\"wp-block-cover__background has-blue-background-color has-background-dim-0 has-background-dim\"><\/span><div class=\"wp-block-cover__inner-container is-layout-constrained wp-block-cover-is-layout-constrained\">\n<div class=\"wp-block-columns is-layout-flex wp-container-core-columns-is-layout-9d6595d7 wp-block-columns-is-layout-flex\">\n<div class=\"wp-block-column is-layout-flow wp-block-column-is-layout-flow\" style=\"flex-basis:66.66%\">\n<h3 class=\"wp-block-heading has-text-align-left is-style-border-left has-white-color has-text-color has-link-color wp-elements-baa35ad84c43922d2f9f62fea4da85d7\" id=\"h-unterstutzung-durch-infinigate-cloud\">Unterst\u00fctzung durch Infinigate Cloud<\/h3>\n\n\n\n<p>F\u00fcr R\u00fcckfragen, Abstimmungen zu Renewals oder Unterst\u00fctzung bei Preisanalysen steht das Microsoft-Team von <strong>Infinigate <\/strong>bereit. <br>Kontaktieren Sie uns:<br><\/p>\n<\/div>\n\n\n\n<div class=\"wp-block-column is-vertically-aligned-center is-layout-flow wp-block-column-is-layout-flow\" style=\"flex-basis:33.33%\">\n<p class=\"has-text-align-center has-white-color has-text-color has-link-color wp-elements-ff45b21d7ce4dc63fd349a753acab66b\"><a href=\"mailto:microsoft@infinigate.de\">microsoft@infinigate.de<br><\/a><a href=\"tel:+498989048580\">+49 89 89048-580<\/a><\/p>\n\n\n\n<div class=\"wp-block-buttons is-content-justification-center is-layout-flex wp-container-core-buttons-is-layout-16018d1d wp-block-buttons-is-layout-flex\">\n<div class=\"wp-block-button\"><a class=\"wp-block-button__link wp-element-button\" href=\"mailto:microsoft@infinigate.de\">Kontakt aufnehmen<\/a><\/div>\n<\/div>\n<\/div>\n<\/div>\n<\/div><\/div>\n","protected":false},"excerpt":{"rendered":"<p>Ab Februar 2026 passt Microsoft die Preise f\u00fcr seine kommerziellen Cloud-Dienste in der EMEA-Region an. Hintergrund ist eine umfassende \u00dcberpr\u00fcfung&hellip;<\/p>\n","protected":false},"author":48,"featured_media":27855,"parent":17789,"menu_order":0,"comment_status":"closed","ping_status":"closed","template":"","meta":{"_acf_changed":false,"footnotes":""},"folder":[488],"class_list":["post-36829","page","type-page","status-publish","has-post-thumbnail","hentry"],"acf":[],"distributor_meta":false,"distributor_terms":false,"distributor_media":false,"distributor_original_site_name":"Infinigate | Deutschland","distributor_original_site_url":"https:\/\/www.infinigate.com\/de","push-errors":false,"_links":{"self":[{"href":"https:\/\/www.infinigate.com\/de\/wp-json\/wp\/v2\/pages\/36829","targetHints":{"allow":["GET"]}}],"collection":[{"href":"https:\/\/www.infinigate.com\/de\/wp-json\/wp\/v2\/pages"}],"about":[{"href":"https:\/\/www.infinigate.com\/de\/wp-json\/wp\/v2\/types\/page"}],"author":[{"embeddable":true,"href":"https:\/\/www.infinigate.com\/de\/wp-json\/wp\/v2\/users\/48"}],"replies":[{"embeddable":true,"href":"https:\/\/www.infinigate.com\/de\/wp-json\/wp\/v2\/comments?post=36829"}],"version-history":[{"count":0,"href":"https:\/\/www.infinigate.com\/de\/wp-json\/wp\/v2\/pages\/36829\/revisions"}],"up":[{"embeddable":true,"href":"https:\/\/www.infinigate.com\/de\/wp-json\/wp\/v2\/pages\/17789"}],"wp:featuredmedia":[{"embeddable":true,"href":"https:\/\/www.infinigate.com\/de\/wp-json\/wp\/v2\/media\/27855"}],"wp:attachment":[{"href":"https:\/\/www.infinigate.com\/de\/wp-json\/wp\/v2\/media?parent=36829"}],"wp:term":[{"taxonomy":"folder","embeddable":true,"href":"https:\/\/www.infinigate.com\/de\/wp-json\/wp\/v2\/folder?post=36829"}],"curies":[{"name":"wp","href":"https:\/\/api.w.org\/{rel}","templated":true}]}}